{"id":10887,"date":"2025-03-13T16:16:45","date_gmt":"2025-03-13T08:16:45","guid":{"rendered":"https:\/\/www.leili-motor.net\/moteur-bldc-a-reluctance-commutee-68ws1\/"},"modified":"2025-03-13T16:16:45","modified_gmt":"2025-03-13T08:16:45","slug":"moteur-bldc-a-reluctance-commutee-68ws1","status":"publish","type":"product","link":"https:\/\/www.leili-motor.net\/fr\/moteur-bldc-a-reluctance-commutee-68ws1.html","title":{"rendered":"Moteur BLDC \u00e0 R\u00e9luctance Commut\u00e9e 68WS1"},"content":{"rendered":"<h2>Pr\u00e9sentation du produit<\/h2>\n<table>\n<tbody>\n<tr>\n<td>Mod\u00e8le<\/td>\n<td>Tension d&rsquo;entra\u00eenement (V)<\/td>\n<td>Courant (A)<\/td>\n<td>Puissance (W)<\/td>\n<td>Vitesse nominale RPM<\/td>\n<td>Niveau sonore dB(A)<\/td>\n<td>Maximum air volume (l\/min)<\/td>\n<td>Pression d&rsquo;air maximale kpa<\/td>\n<td>Cycle de vie<\/td>\n<\/tr>\n<tr>\n<td>68WS1-1<\/td>\n<td>220AC<\/td>\n<td>2.53<\/td>\n<td>540<\/td>\n<td>26000<\/td>\n<td>\u2264 85<\/td>\n<td>2600<\/td>\n<td>17<\/td>\n<td>6000<\/td>\n<\/tr>\n<tr>\n<td>68WS1-2<\/td>\n<td>220AC<\/td>\n<td>7.1<\/td>\n<td>1400<\/td>\n<td>35000<\/td>\n<td>\u2264 92<\/td>\n<td>3600<\/td>\n<td>30<\/td>\n<td>6000<\/td>\n<\/tr>\n<\/tbody>\n<\/table>\n<h2>Dimensions m\u00e9caniques : mm<\/h2>\n<p><img fetchpriority=\"high\" decoding=\"async\" class=\"alignnone size-full wp-image-2830\" src=\"https:\/\/www.leili-motor.net\/wp-content\/uploads\/2025\/03\/68WS1-Switched-Reluctance-BLDC-Motor-Dimensions.webp\" alt=\"Dimensions du moteur BLDC \u00e0 r\u00e9luctance commut\u00e9e 68WS1\" width=\"1211\" height=\"608\" srcset=\"https:\/\/www.leili-motor.net\/wp-content\/uploads\/2025\/03\/68WS1-Switched-Reluctance-BLDC-Motor-Dimensions.webp 1211w, https:\/\/www.leili-motor.net\/wp-content\/uploads\/2025\/03\/68WS1-Switched-Reluctance-BLDC-Motor-Dimensions-300x151.webp 300w, https:\/\/www.leili-motor.net\/wp-content\/uploads\/2025\/03\/68WS1-Switched-Reluctance-BLDC-Motor-Dimensions-1024x514.webp 1024w, https:\/\/www.leili-motor.net\/wp-content\/uploads\/2025\/03\/68WS1-Switched-Reluctance-BLDC-Motor-Dimensions-768x386.webp 768w, https:\/\/www.leili-motor.net\/wp-content\/uploads\/2025\/03\/68WS1-Switched-Reluctance-BLDC-Motor-Dimensions-600x301.webp 600w\" sizes=\"(max-width: 1211px) 100vw, 1211px\" \/><\/p>\n","protected":false},"excerpt":{"rendered":"<h3>Pr\u00e9sentation du produit<\/h3>\n<ul>\n<li>Fournit jusqu&rsquo;\u00e0 1400 W, un volume d&rsquo;air de 3600 l\/min et une pression d&rsquo;air de 30 kPa.<\/li>\n<li>Prend en charge un cycle de vie de 6 000 heures et fonctionne \u00e0 un niveau de bruit \u2264 92 dB.<\/li>\n<li>Atteint 35 000 tr\/min pour un fonctionnement rapide et des capacit\u00e9s de flux d&rsquo;air sup\u00e9rieures.<\/li>\n<\/ul>\n<h3>Application du produit<\/h3>\n<ul>\n<li>s\u00e8che-mains<\/li>\n<\/ul>\n","protected":false},"featured_media":10888,"comment_status":"open","ping_status":"closed","template":"","meta":{"site-sidebar-layout":"default","site-content-layout":"","ast-site-content-layout":"default","site-content-style":"default","site-sidebar-style":"default","ast-global-header-display":"","ast-banner-title-visibility":"","ast-main-header-display":"","ast-hfb-above-header-display":"","ast-hfb-below-header-display":"","ast-hfb-mobile-header-display":"","site-post-title":"","ast-breadcrumbs-content":"","ast-featured-img":"","footer-sml-layout":"","theme-transparent-header-meta":"default","adv-header-id-meta":"","stick-header-meta":"","header-above-stick-meta":"","header-main-stick-meta":"","header-below-stick-meta":"","astra-migrate-meta-layouts":"default","ast-page-background-enabled":"default","ast-page-background-meta":{"desktop":{"background-color":"var(--ast-global-color-5)","background-image":"","background-repeat":"repeat","background-position":"center center","background-size":"auto","background-attachment":"scroll","background-type":"","background-media":"","overlay-type":"","overlay-color":"","overlay-opacity":"","overlay-gradient":""},"tablet":{"background-color":"","background-image":"","background-repeat":"repeat","background-position":"center center","background-size":"auto","background-attachment":"scroll","background-type":"","background-media":"","overlay-type":"","overlay-color":"","overlay-opacity":"","overlay-gradient":""},"mobile":{"background-color":"","background-image":"","background-repeat":"repeat","background-position":"center center","background-size":"auto","background-attachment":"scroll","background-type":"","background-media":"","overlay-type":"","overlay-color":"","overlay-opacity":"","overlay-gradient":""}},"ast-content-background-meta":{"desktop":{"background-color":"var(--ast-global-color-4)","background-image":"","background-repeat":"repeat","background-position":"center center","background-size":"auto","background-attachment":"scroll","background-type":"","background-media":"","overlay-type":"","overlay-color":"","overlay-opacity":"","overlay-gradient":""},"tablet":{"background-color":"var(--ast-global-color-4)","background-image":"","background-repeat":"repeat","background-position":"center center","background-size":"auto","background-attachment":"scroll","background-type":"","background-media":"","overlay-type":"","overlay-color":"","overlay-opacity":"","overlay-gradient":""},"mobile":{"background-color":"var(--ast-global-color-4)","background-image":"","background-repeat":"repeat","background-position":"center center","background-size":"auto","background-attachment":"scroll","background-type":"","background-media":"","overlay-type":"","overlay-color":"","overlay-opacity":"","overlay-gradient":""}}},"product_brand":[],"product_cat":[1114,1155],"product_tag":[1139,1149],"class_list":{"0":"post-10887","1":"product","2":"type-product","3":"status-publish","4":"has-post-thumbnail","6":"product_cat-moteur-a-courant-continu-sans-balais","7":"product_cat-moteur-a-reluctance-commutee","8":"product_tag-appareils-electromenagers-autres-moteur-cc-sans-balais","9":"product_tag-outils-de-jardinage-moteur-cc-sans-balais","10":"pa_application-appareil-electromenager","11":"pa_application-industrie-fr","12":"desktop-align-left","13":"tablet-align-left","14":"mobile-align-left","16":"first","17":"instock","18":"shipping-taxable","19":"product-type-simple"},"yoast_head":"<!-- This site is optimized with the Yoast SEO plugin v27.2 - https:\/\/yoast.com\/product\/yoast-seo-wordpress\/ -->\n<title>Moteur BLDC \u00e0 R\u00e9luctance Commut\u00e9e 68WS1 &#8211; Leili Motor<\/title>\n<meta name=\"description\" content=\"Notre moteur BLDC \u00e0 r\u00e9luctance commut\u00e9e 68WS1 fournit un volume d&#039;air allant jusqu&#039;\u00e0 3 600 l\/min, une pression de 30 kPa et une dur\u00e9e de vie de 6 000 heures.\" \/>\n<meta name=\"robots\" content=\"index, follow, max-snippet:-1, max-image-preview:large, max-video-preview:-1\" \/>\n<link rel=\"canonical\" href=\"https:\/\/www.leili-motor.net\/fr\/moteur-bldc-a-reluctance-commutee-68ws1.html\" \/>\n<script type=\"application\/ld+json\" class=\"yoast-schema-graph\">{\"@context\":\"https:\/\/schema.org\",\"@graph\":[{\"@type\":\"WebPage\",\"@id\":\"https:\/\/www.leili-motor.net\/fr\/moteur-bldc-a-reluctance-commutee-68ws1.html\",\"url\":\"https:\/\/www.leili-motor.net\/fr\/moteur-bldc-a-reluctance-commutee-68ws1.html\",\"name\":\"Moteur BLDC \u00e0 R\u00e9luctance Commut\u00e9e 68WS1 &#8211; Leili Motor\",\"isPartOf\":{\"@id\":\"https:\/\/www.leili-motor.net\/fr\/#website\"},\"primaryImageOfPage\":{\"@id\":\"https:\/\/www.leili-motor.net\/fr\/moteur-bldc-a-reluctance-commutee-68ws1.html#primaryimage\"},\"image\":{\"@id\":\"https:\/\/www.leili-motor.net\/fr\/moteur-bldc-a-reluctance-commutee-68ws1.html#primaryimage\"},\"thumbnailUrl\":\"https:\/\/www.leili-motor.net\/wp-content\/uploads\/2025\/03\/68WS1-Switched-Reluctance-BLDC-Motor.jpg\",\"datePublished\":\"2025-03-13T08:16:45+00:00\",\"description\":\"Notre moteur BLDC \u00e0 r\u00e9luctance commut\u00e9e 68WS1 fournit un volume d'air allant jusqu'\u00e0 3 600 l\/min, une pression de 30 kPa et une dur\u00e9e de vie de 6 000 heures.\",\"breadcrumb\":{\"@id\":\"https:\/\/www.leili-motor.net\/fr\/moteur-bldc-a-reluctance-commutee-68ws1.html#breadcrumb\"},\"inLanguage\":\"fr-FR\",\"potentialAction\":[{\"@type\":\"ReadAction\",\"target\":[\"https:\/\/www.leili-motor.net\/fr\/moteur-bldc-a-reluctance-commutee-68ws1.html\"]}]},{\"@type\":\"ImageObject\",\"inLanguage\":\"fr-FR\",\"@id\":\"https:\/\/www.leili-motor.net\/fr\/moteur-bldc-a-reluctance-commutee-68ws1.html#primaryimage\",\"url\":\"https:\/\/www.leili-motor.net\/wp-content\/uploads\/2025\/03\/68WS1-Switched-Reluctance-BLDC-Motor.jpg\",\"contentUrl\":\"https:\/\/www.leili-motor.net\/wp-content\/uploads\/2025\/03\/68WS1-Switched-Reluctance-BLDC-Motor.jpg\",\"width\":454,\"height\":310,\"caption\":\"Moteur BLDC \u00e0 r\u00e9luctance commut\u00e9e 68WS1\"},{\"@type\":\"BreadcrumbList\",\"@id\":\"https:\/\/www.leili-motor.net\/fr\/moteur-bldc-a-reluctance-commutee-68ws1.html#breadcrumb\",\"itemListElement\":[{\"@type\":\"ListItem\",\"position\":1,\"name\":\"Home\",\"item\":\"https:\/\/www.leili-motor.net\/fr\/\"},{\"@type\":\"ListItem\",\"position\":2,\"name\":\"Produits\",\"item\":\"https:\/\/www.leili-motor.net\/fr\/produits\/\"},{\"@type\":\"ListItem\",\"position\":3,\"name\":\"Moteur BLDC \u00e0 R\u00e9luctance Commut\u00e9e 68WS1\"}]},{\"@type\":\"WebSite\",\"@id\":\"https:\/\/www.leili-motor.net\/fr\/#website\",\"url\":\"https:\/\/www.leili-motor.net\/fr\/\",\"name\":\"Leili Motor\",\"description\":\"\",\"publisher\":{\"@id\":\"https:\/\/www.leili-motor.net\/fr\/#organization\"},\"potentialAction\":[{\"@type\":\"SearchAction\",\"target\":{\"@type\":\"EntryPoint\",\"urlTemplate\":\"https:\/\/www.leili-motor.net\/fr\/?s={search_term_string}\"},\"query-input\":{\"@type\":\"PropertyValueSpecification\",\"valueRequired\":true,\"valueName\":\"search_term_string\"}}],\"inLanguage\":\"fr-FR\"},{\"@type\":\"Organization\",\"@id\":\"https:\/\/www.leili-motor.net\/fr\/#organization\",\"name\":\"Leili Motor\",\"url\":\"https:\/\/www.leili-motor.net\/fr\/\",\"logo\":{\"@type\":\"ImageObject\",\"inLanguage\":\"fr-FR\",\"@id\":\"https:\/\/www.leili-motor.net\/fr\/#\/schema\/logo\/image\/\",\"url\":\"https:\/\/www.leili-motor.net\/wp-content\/uploads\/2025\/03\/Leili-Motor.png\",\"contentUrl\":\"https:\/\/www.leili-motor.net\/wp-content\/uploads\/2025\/03\/Leili-Motor.png\",\"width\":600,\"height\":156,\"caption\":\"Leili Motor\"},\"image\":{\"@id\":\"https:\/\/www.leili-motor.net\/fr\/#\/schema\/logo\/image\/\"}}]}<\/script>\n<!-- \/ Yoast SEO plugin. -->","yoast_head_json":{"title":"Moteur BLDC \u00e0 R\u00e9luctance Commut\u00e9e 68WS1 &#8211; Leili Motor","description":"Notre moteur BLDC \u00e0 r\u00e9luctance commut\u00e9e 68WS1 fournit un volume d'air allant jusqu'\u00e0 3 600 l\/min, une pression de 30 kPa et une dur\u00e9e de vie de 6 000 heures.","robots":{"index":"index","follow":"follow","max-snippet":"max-snippet:-1","max-image-preview":"max-image-preview:large","max-video-preview":"max-video-preview:-1"},"canonical":"https:\/\/www.leili-motor.net\/fr\/moteur-bldc-a-reluctance-commutee-68ws1.html","schema":{"@context":"https:\/\/schema.org","@graph":[{"@type":"WebPage","@id":"https:\/\/www.leili-motor.net\/fr\/moteur-bldc-a-reluctance-commutee-68ws1.html","url":"https:\/\/www.leili-motor.net\/fr\/moteur-bldc-a-reluctance-commutee-68ws1.html","name":"Moteur BLDC \u00e0 R\u00e9luctance Commut\u00e9e 68WS1 &#8211; Leili Motor","isPartOf":{"@id":"https:\/\/www.leili-motor.net\/fr\/#website"},"primaryImageOfPage":{"@id":"https:\/\/www.leili-motor.net\/fr\/moteur-bldc-a-reluctance-commutee-68ws1.html#primaryimage"},"image":{"@id":"https:\/\/www.leili-motor.net\/fr\/moteur-bldc-a-reluctance-commutee-68ws1.html#primaryimage"},"thumbnailUrl":"https:\/\/www.leili-motor.net\/wp-content\/uploads\/2025\/03\/68WS1-Switched-Reluctance-BLDC-Motor.jpg","datePublished":"2025-03-13T08:16:45+00:00","description":"Notre moteur BLDC \u00e0 r\u00e9luctance commut\u00e9e 68WS1 fournit un volume d'air allant jusqu'\u00e0 3 600 l\/min, une pression de 30 kPa et une dur\u00e9e de vie de 6 000 heures.","breadcrumb":{"@id":"https:\/\/www.leili-motor.net\/fr\/moteur-bldc-a-reluctance-commutee-68ws1.html#breadcrumb"},"inLanguage":"fr-FR","potentialAction":[{"@type":"ReadAction","target":["https:\/\/www.leili-motor.net\/fr\/moteur-bldc-a-reluctance-commutee-68ws1.html"]}]},{"@type":"ImageObject","inLanguage":"fr-FR","@id":"https:\/\/www.leili-motor.net\/fr\/moteur-bldc-a-reluctance-commutee-68ws1.html#primaryimage","url":"https:\/\/www.leili-motor.net\/wp-content\/uploads\/2025\/03\/68WS1-Switched-Reluctance-BLDC-Motor.jpg","contentUrl":"https:\/\/www.leili-motor.net\/wp-content\/uploads\/2025\/03\/68WS1-Switched-Reluctance-BLDC-Motor.jpg","width":454,"height":310,"caption":"Moteur BLDC \u00e0 r\u00e9luctance commut\u00e9e 68WS1"},{"@type":"BreadcrumbList","@id":"https:\/\/www.leili-motor.net\/fr\/moteur-bldc-a-reluctance-commutee-68ws1.html#breadcrumb","itemListElement":[{"@type":"ListItem","position":1,"name":"Home","item":"https:\/\/www.leili-motor.net\/fr\/"},{"@type":"ListItem","position":2,"name":"Produits","item":"https:\/\/www.leili-motor.net\/fr\/produits\/"},{"@type":"ListItem","position":3,"name":"Moteur BLDC \u00e0 R\u00e9luctance Commut\u00e9e 68WS1"}]},{"@type":"WebSite","@id":"https:\/\/www.leili-motor.net\/fr\/#website","url":"https:\/\/www.leili-motor.net\/fr\/","name":"Leili Motor","description":"","publisher":{"@id":"https:\/\/www.leili-motor.net\/fr\/#organization"},"potentialAction":[{"@type":"SearchAction","target":{"@type":"EntryPoint","urlTemplate":"https:\/\/www.leili-motor.net\/fr\/?s={search_term_string}"},"query-input":{"@type":"PropertyValueSpecification","valueRequired":true,"valueName":"search_term_string"}}],"inLanguage":"fr-FR"},{"@type":"Organization","@id":"https:\/\/www.leili-motor.net\/fr\/#organization","name":"Leili Motor","url":"https:\/\/www.leili-motor.net\/fr\/","logo":{"@type":"ImageObject","inLanguage":"fr-FR","@id":"https:\/\/www.leili-motor.net\/fr\/#\/schema\/logo\/image\/","url":"https:\/\/www.leili-motor.net\/wp-content\/uploads\/2025\/03\/Leili-Motor.png","contentUrl":"https:\/\/www.leili-motor.net\/wp-content\/uploads\/2025\/03\/Leili-Motor.png","width":600,"height":156,"caption":"Leili Motor"},"image":{"@id":"https:\/\/www.leili-motor.net\/fr\/#\/schema\/logo\/image\/"}}]}},"_links":{"self":[{"href":"https:\/\/www.leili-motor.net\/fr\/wp-json\/wp\/v2\/product\/10887","targetHints":{"allow":["GET"]}}],"collection":[{"href":"https:\/\/www.leili-motor.net\/fr\/wp-json\/wp\/v2\/product"}],"about":[{"href":"https:\/\/www.leili-motor.net\/fr\/wp-json\/wp\/v2\/types\/product"}],"replies":[{"embeddable":true,"href":"https:\/\/www.leili-motor.net\/fr\/wp-json\/wp\/v2\/comments?post=10887"}],"wp:featuredmedia":[{"embeddable":true,"href":"https:\/\/www.leili-motor.net\/fr\/wp-json\/wp\/v2\/media\/10888"}],"wp:attachment":[{"href":"https:\/\/www.leili-motor.net\/fr\/wp-json\/wp\/v2\/media?parent=10887"}],"wp:term":[{"taxonomy":"product_brand","embeddable":true,"href":"https:\/\/www.leili-motor.net\/fr\/wp-json\/wp\/v2\/product_brand?post=10887"},{"taxonomy":"product_cat","embeddable":true,"href":"https:\/\/www.leili-motor.net\/fr\/wp-json\/wp\/v2\/product_cat?post=10887"},{"taxonomy":"product_tag","embeddable":true,"href":"https:\/\/www.leili-motor.net\/fr\/wp-json\/wp\/v2\/product_tag?post=10887"}],"curies":[{"name":"wp","href":"https:\/\/api.w.org\/{rel}","templated":true}]}}