{"id":10891,"date":"2025-03-13T17:16:16","date_gmt":"2025-03-13T09:16:16","guid":{"rendered":"https:\/\/www.leili-motor.net\/moteur-dactionneur-lineaire-zxj1-1\/"},"modified":"2025-03-13T17:16:16","modified_gmt":"2025-03-13T09:16:16","slug":"moteur-dactionneur-lineaire-zxj1-1","status":"publish","type":"product","link":"https:\/\/www.leili-motor.net\/fr\/moteur-dactionneur-lineaire-zxj1-1.html","title":{"rendered":"Moteur D&rsquo;actionneur Lin\u00e9aire ZXJ1-1"},"content":{"rendered":"<h2>Param\u00e8tres du produit<\/h2>\n<table>\n<tbody>\n<tr>\n<td>Pouss\u00e9e nominale<br \/>\n(N)<\/td>\n<td>Pouss\u00e9e<br \/>\n(N)<\/td>\n<td>Force d&rsquo;autoblocage<br \/>\n(N)<\/td>\n<td>Vitesse de chargement<br \/>\n(mm\/s)<\/td>\n<td>Tension nominale<br \/>\n(VCC)<\/td>\n<td>Fr\u00e9quence de fonctionnement<\/td>\n<td>Puissance maximale<br \/>\n(W)<\/td>\n<td>Le plus petit<br \/>\nTaille de l&rsquo;installation<br \/>\n(mm)<\/td>\n<td>AVC<br \/>\n(mm)<\/td>\n<td>Contr\u00f4le des AVC<br \/>\n(mm)<\/td>\n<td>Classe de protection<\/td>\n<\/tr>\n<tr>\n<td>4000<\/td>\n<td>6000<\/td>\n<td>4000<\/td>\n<td>3 \uff5e 6<\/td>\n<td rowspan=\"3\">29<\/td>\n<td>Jusqu&rsquo;\u00e0 cons\u00e9cutif<\/td>\n<td>75<\/td>\n<td>200 \uff5e 500<\/td>\n<td>30 \uff5e 330<\/td>\n<td rowspan=\"3\">\u00b12<\/td>\n<td rowspan=\"3\">IP51<\/td>\n<\/tr>\n<tr>\n<td>3000<\/td>\n<td>4000<\/td>\n<td>3500<\/td>\n<td>6 \uff5e 18<\/td>\n<td>Travail 2 minutes<\/td>\n<td>60<\/td>\n<td>(personnalisable)<\/td>\n<td>(personnalisable)<\/td>\n<\/tr>\n<tr>\n<td>2000<\/td>\n<td>3000<\/td>\n<td>3000<\/td>\n<td>18 \uff5e 36<\/td>\n<td>18 minutes<\/td>\n<td>55<\/td>\n<td><\/td>\n<td><\/td>\n<\/tr>\n<\/tbody>\n<\/table>\n<h2>Dimensions m\u00e9caniques : mm<\/h2>\n<p><img fetchpriority=\"high\" decoding=\"async\" class=\"size-full wp-image-2859 aligncenter\" src=\"https:\/\/www.leili-motor.net\/wp-content\/uploads\/2025\/03\/Mechanical-Dimensions-for-ZXJ1-1-Linear-Actuator-Motor.webp\" alt=\"Dimensions m\u00e9caniques du moteur d'actionneur lin\u00e9aire ZXJ1-1\" width=\"759\" height=\"459\" srcset=\"https:\/\/www.leili-motor.net\/wp-content\/uploads\/2025\/03\/Mechanical-Dimensions-for-ZXJ1-1-Linear-Actuator-Motor.webp 759w, https:\/\/www.leili-motor.net\/wp-content\/uploads\/2025\/03\/Mechanical-Dimensions-for-ZXJ1-1-Linear-Actuator-Motor-300x181.webp 300w, https:\/\/www.leili-motor.net\/wp-content\/uploads\/2025\/03\/Mechanical-Dimensions-for-ZXJ1-1-Linear-Actuator-Motor-600x363.webp 600w\" sizes=\"(max-width: 759px) 100vw, 759px\" \/><\/p>\n<p>&nbsp;<\/p>\n","protected":false},"excerpt":{"rendered":"<h3>Pr\u00e9sentation du produit<\/h3>\n<ul>\n<li>Moteur d&rsquo;actionneur lin\u00e9aire ZXJ1-1<\/li>\n<li>Classe de protection : IP51, garantissant une protection contre la poussi\u00e8re et la p\u00e9n\u00e9tration d&rsquo;eau.<\/li>\n<li>Contr\u00f4le de course : \u00b12 mm, permettant un contr\u00f4le pr\u00e9cis des r\u00e9glages de course.<\/li>\n<li>Tension nominale : 29 VDC, compatible avec les syst\u00e8mes \u00e9lectriques basse tension.<\/li>\n<\/ul>\n<h3>Application du produit<\/h3>\n<ul>\n<li>Maison intelligente : lit intelligent<\/li>\n<\/ul>\n","protected":false},"featured_media":10892,"comment_status":"open","ping_status":"closed","template":"","meta":{"site-sidebar-layout":"default","site-content-layout":"","ast-site-content-layout":"default","site-content-style":"default","site-sidebar-style":"default","ast-global-header-display":"","ast-banner-title-visibility":"","ast-main-header-display":"","ast-hfb-above-header-display":"","ast-hfb-below-header-display":"","ast-hfb-mobile-header-display":"","site-post-title":"","ast-breadcrumbs-content":"","ast-featured-img":"","footer-sml-layout":"","theme-transparent-header-meta":"default","adv-header-id-meta":"","stick-header-meta":"","header-above-stick-meta":"","header-main-stick-meta":"","header-below-stick-meta":"","astra-migrate-meta-layouts":"default","ast-page-background-enabled":"default","ast-page-background-meta":{"desktop":{"background-color":"var(--ast-global-color-5)","background-image":"","background-repeat":"repeat","background-position":"center center","background-size":"auto","background-attachment":"scroll","background-type":"","background-media":"","overlay-type":"","overlay-color":"","overlay-opacity":"","overlay-gradient":""},"tablet":{"background-color":"","background-image":"","background-repeat":"repeat","background-position":"center center","background-size":"auto","background-attachment":"scroll","background-type":"","background-media":"","overlay-type":"","overlay-color":"","overlay-opacity":"","overlay-gradient":""},"mobile":{"background-color":"","background-image":"","background-repeat":"repeat","background-position":"center center","background-size":"auto","background-attachment":"scroll","background-type":"","background-media":"","overlay-type":"","overlay-color":"","overlay-opacity":"","overlay-gradient":""}},"ast-content-background-meta":{"desktop":{"background-color":"var(--ast-global-color-4)","background-image":"","background-repeat":"repeat","background-position":"center center","background-size":"auto","background-attachment":"scroll","background-type":"","background-media":"","overlay-type":"","overlay-color":"","overlay-opacity":"","overlay-gradient":""},"tablet":{"background-color":"var(--ast-global-color-4)","background-image":"","background-repeat":"repeat","background-position":"center center","background-size":"auto","background-attachment":"scroll","background-type":"","background-media":"","overlay-type":"","overlay-color":"","overlay-opacity":"","overlay-gradient":""},"mobile":{"background-color":"var(--ast-global-color-4)","background-image":"","background-repeat":"repeat","background-position":"center center","background-size":"auto","background-attachment":"scroll","background-type":"","background-media":"","overlay-type":"","overlay-color":"","overlay-opacity":"","overlay-gradient":""}}},"product_brand":[],"product_cat":[1150,1151],"product_tag":[],"class_list":{"0":"post-10891","1":"product","2":"type-product","3":"status-publish","4":"has-post-thumbnail","6":"product_cat-composants","7":"product_cat-composants-de-sport-et-de-fitness","8":"desktop-align-left","9":"tablet-align-left","10":"mobile-align-left","12":"first","13":"instock","14":"shipping-taxable","15":"product-type-simple"},"yoast_head":"<!-- This site is optimized with the Yoast SEO plugin v27.2 - https:\/\/yoast.com\/product\/yoast-seo-wordpress\/ -->\n<title>Moteur D&#039;actionneur Lin\u00e9aire ZXJ1-1 &#8211; Leili Motor<\/title>\n<meta name=\"description\" content=\"Le moteur d&#039;actionneur lin\u00e9aire ZXJ1-1 offre des options de pouss\u00e9e nominale de 2000 N, 3000 N et 4000 N, offrant une force puissante et fiable pour les t\u00e2ches de mouvement lin\u00e9aire.\" \/>\n<meta name=\"robots\" content=\"index, follow, max-snippet:-1, max-image-preview:large, max-video-preview:-1\" \/>\n<link rel=\"canonical\" href=\"https:\/\/www.leili-motor.net\/fr\/moteur-dactionneur-lineaire-zxj1-1.html\" \/>\n<script type=\"application\/ld+json\" class=\"yoast-schema-graph\">{\"@context\":\"https:\/\/schema.org\",\"@graph\":[{\"@type\":\"WebPage\",\"@id\":\"https:\/\/www.leili-motor.net\/fr\/moteur-dactionneur-lineaire-zxj1-1.html\",\"url\":\"https:\/\/www.leili-motor.net\/fr\/moteur-dactionneur-lineaire-zxj1-1.html\",\"name\":\"Moteur D'actionneur Lin\u00e9aire ZXJ1-1 &#8211; Leili Motor\",\"isPartOf\":{\"@id\":\"https:\/\/www.leili-motor.net\/fr\/#website\"},\"primaryImageOfPage\":{\"@id\":\"https:\/\/www.leili-motor.net\/fr\/moteur-dactionneur-lineaire-zxj1-1.html#primaryimage\"},\"image\":{\"@id\":\"https:\/\/www.leili-motor.net\/fr\/moteur-dactionneur-lineaire-zxj1-1.html#primaryimage\"},\"thumbnailUrl\":\"https:\/\/www.leili-motor.net\/wp-content\/uploads\/2025\/03\/ZXJ1-1-Linear-Actuator-Motor.webp\",\"datePublished\":\"2025-03-13T09:16:16+00:00\",\"description\":\"Le moteur d'actionneur lin\u00e9aire ZXJ1-1 offre des options de pouss\u00e9e nominale de 2000 N, 3000 N et 4000 N, offrant une force puissante et fiable pour les t\u00e2ches de mouvement lin\u00e9aire.\",\"breadcrumb\":{\"@id\":\"https:\/\/www.leili-motor.net\/fr\/moteur-dactionneur-lineaire-zxj1-1.html#breadcrumb\"},\"inLanguage\":\"fr-FR\",\"potentialAction\":[{\"@type\":\"ReadAction\",\"target\":[\"https:\/\/www.leili-motor.net\/fr\/moteur-dactionneur-lineaire-zxj1-1.html\"]}]},{\"@type\":\"ImageObject\",\"inLanguage\":\"fr-FR\",\"@id\":\"https:\/\/www.leili-motor.net\/fr\/moteur-dactionneur-lineaire-zxj1-1.html#primaryimage\",\"url\":\"https:\/\/www.leili-motor.net\/wp-content\/uploads\/2025\/03\/ZXJ1-1-Linear-Actuator-Motor.webp\",\"contentUrl\":\"https:\/\/www.leili-motor.net\/wp-content\/uploads\/2025\/03\/ZXJ1-1-Linear-Actuator-Motor.webp\",\"width\":454,\"height\":310,\"caption\":\"Moteur d'actionneur lin\u00e9aire ZXJ1-1\"},{\"@type\":\"BreadcrumbList\",\"@id\":\"https:\/\/www.leili-motor.net\/fr\/moteur-dactionneur-lineaire-zxj1-1.html#breadcrumb\",\"itemListElement\":[{\"@type\":\"ListItem\",\"position\":1,\"name\":\"Home\",\"item\":\"https:\/\/www.leili-motor.net\/fr\/\"},{\"@type\":\"ListItem\",\"position\":2,\"name\":\"Produits\",\"item\":\"https:\/\/www.leili-motor.net\/fr\/produits\/\"},{\"@type\":\"ListItem\",\"position\":3,\"name\":\"Moteur D&rsquo;actionneur Lin\u00e9aire ZXJ1-1\"}]},{\"@type\":\"WebSite\",\"@id\":\"https:\/\/www.leili-motor.net\/fr\/#website\",\"url\":\"https:\/\/www.leili-motor.net\/fr\/\",\"name\":\"Leili Motor\",\"description\":\"\",\"publisher\":{\"@id\":\"https:\/\/www.leili-motor.net\/fr\/#organization\"},\"potentialAction\":[{\"@type\":\"SearchAction\",\"target\":{\"@type\":\"EntryPoint\",\"urlTemplate\":\"https:\/\/www.leili-motor.net\/fr\/?s={search_term_string}\"},\"query-input\":{\"@type\":\"PropertyValueSpecification\",\"valueRequired\":true,\"valueName\":\"search_term_string\"}}],\"inLanguage\":\"fr-FR\"},{\"@type\":\"Organization\",\"@id\":\"https:\/\/www.leili-motor.net\/fr\/#organization\",\"name\":\"Leili Motor\",\"url\":\"https:\/\/www.leili-motor.net\/fr\/\",\"logo\":{\"@type\":\"ImageObject\",\"inLanguage\":\"fr-FR\",\"@id\":\"https:\/\/www.leili-motor.net\/fr\/#\/schema\/logo\/image\/\",\"url\":\"https:\/\/www.leili-motor.net\/wp-content\/uploads\/2025\/03\/Leili-Motor.png\",\"contentUrl\":\"https:\/\/www.leili-motor.net\/wp-content\/uploads\/2025\/03\/Leili-Motor.png\",\"width\":600,\"height\":156,\"caption\":\"Leili Motor\"},\"image\":{\"@id\":\"https:\/\/www.leili-motor.net\/fr\/#\/schema\/logo\/image\/\"}}]}<\/script>\n<!-- \/ Yoast SEO plugin. -->","yoast_head_json":{"title":"Moteur D'actionneur Lin\u00e9aire ZXJ1-1 &#8211; Leili Motor","description":"Le moteur d'actionneur lin\u00e9aire ZXJ1-1 offre des options de pouss\u00e9e nominale de 2000 N, 3000 N et 4000 N, offrant une force puissante et fiable pour les t\u00e2ches de mouvement lin\u00e9aire.","robots":{"index":"index","follow":"follow","max-snippet":"max-snippet:-1","max-image-preview":"max-image-preview:large","max-video-preview":"max-video-preview:-1"},"canonical":"https:\/\/www.leili-motor.net\/fr\/moteur-dactionneur-lineaire-zxj1-1.html","schema":{"@context":"https:\/\/schema.org","@graph":[{"@type":"WebPage","@id":"https:\/\/www.leili-motor.net\/fr\/moteur-dactionneur-lineaire-zxj1-1.html","url":"https:\/\/www.leili-motor.net\/fr\/moteur-dactionneur-lineaire-zxj1-1.html","name":"Moteur D'actionneur Lin\u00e9aire ZXJ1-1 &#8211; Leili Motor","isPartOf":{"@id":"https:\/\/www.leili-motor.net\/fr\/#website"},"primaryImageOfPage":{"@id":"https:\/\/www.leili-motor.net\/fr\/moteur-dactionneur-lineaire-zxj1-1.html#primaryimage"},"image":{"@id":"https:\/\/www.leili-motor.net\/fr\/moteur-dactionneur-lineaire-zxj1-1.html#primaryimage"},"thumbnailUrl":"https:\/\/www.leili-motor.net\/wp-content\/uploads\/2025\/03\/ZXJ1-1-Linear-Actuator-Motor.webp","datePublished":"2025-03-13T09:16:16+00:00","description":"Le moteur d'actionneur lin\u00e9aire ZXJ1-1 offre des options de pouss\u00e9e nominale de 2000 N, 3000 N et 4000 N, offrant une force puissante et fiable pour les t\u00e2ches de mouvement lin\u00e9aire.","breadcrumb":{"@id":"https:\/\/www.leili-motor.net\/fr\/moteur-dactionneur-lineaire-zxj1-1.html#breadcrumb"},"inLanguage":"fr-FR","potentialAction":[{"@type":"ReadAction","target":["https:\/\/www.leili-motor.net\/fr\/moteur-dactionneur-lineaire-zxj1-1.html"]}]},{"@type":"ImageObject","inLanguage":"fr-FR","@id":"https:\/\/www.leili-motor.net\/fr\/moteur-dactionneur-lineaire-zxj1-1.html#primaryimage","url":"https:\/\/www.leili-motor.net\/wp-content\/uploads\/2025\/03\/ZXJ1-1-Linear-Actuator-Motor.webp","contentUrl":"https:\/\/www.leili-motor.net\/wp-content\/uploads\/2025\/03\/ZXJ1-1-Linear-Actuator-Motor.webp","width":454,"height":310,"caption":"Moteur d'actionneur lin\u00e9aire ZXJ1-1"},{"@type":"BreadcrumbList","@id":"https:\/\/www.leili-motor.net\/fr\/moteur-dactionneur-lineaire-zxj1-1.html#breadcrumb","itemListElement":[{"@type":"ListItem","position":1,"name":"Home","item":"https:\/\/www.leili-motor.net\/fr\/"},{"@type":"ListItem","position":2,"name":"Produits","item":"https:\/\/www.leili-motor.net\/fr\/produits\/"},{"@type":"ListItem","position":3,"name":"Moteur D&rsquo;actionneur Lin\u00e9aire ZXJ1-1"}]},{"@type":"WebSite","@id":"https:\/\/www.leili-motor.net\/fr\/#website","url":"https:\/\/www.leili-motor.net\/fr\/","name":"Leili Motor","description":"","publisher":{"@id":"https:\/\/www.leili-motor.net\/fr\/#organization"},"potentialAction":[{"@type":"SearchAction","target":{"@type":"EntryPoint","urlTemplate":"https:\/\/www.leili-motor.net\/fr\/?s={search_term_string}"},"query-input":{"@type":"PropertyValueSpecification","valueRequired":true,"valueName":"search_term_string"}}],"inLanguage":"fr-FR"},{"@type":"Organization","@id":"https:\/\/www.leili-motor.net\/fr\/#organization","name":"Leili Motor","url":"https:\/\/www.leili-motor.net\/fr\/","logo":{"@type":"ImageObject","inLanguage":"fr-FR","@id":"https:\/\/www.leili-motor.net\/fr\/#\/schema\/logo\/image\/","url":"https:\/\/www.leili-motor.net\/wp-content\/uploads\/2025\/03\/Leili-Motor.png","contentUrl":"https:\/\/www.leili-motor.net\/wp-content\/uploads\/2025\/03\/Leili-Motor.png","width":600,"height":156,"caption":"Leili Motor"},"image":{"@id":"https:\/\/www.leili-motor.net\/fr\/#\/schema\/logo\/image\/"}}]}},"_links":{"self":[{"href":"https:\/\/www.leili-motor.net\/fr\/wp-json\/wp\/v2\/product\/10891","targetHints":{"allow":["GET"]}}],"collection":[{"href":"https:\/\/www.leili-motor.net\/fr\/wp-json\/wp\/v2\/product"}],"about":[{"href":"https:\/\/www.leili-motor.net\/fr\/wp-json\/wp\/v2\/types\/product"}],"replies":[{"embeddable":true,"href":"https:\/\/www.leili-motor.net\/fr\/wp-json\/wp\/v2\/comments?post=10891"}],"wp:featuredmedia":[{"embeddable":true,"href":"https:\/\/www.leili-motor.net\/fr\/wp-json\/wp\/v2\/media\/10892"}],"wp:attachment":[{"href":"https:\/\/www.leili-motor.net\/fr\/wp-json\/wp\/v2\/media?parent=10891"}],"wp:term":[{"taxonomy":"product_brand","embeddable":true,"href":"https:\/\/www.leili-motor.net\/fr\/wp-json\/wp\/v2\/product_brand?post=10891"},{"taxonomy":"product_cat","embeddable":true,"href":"https:\/\/www.leili-motor.net\/fr\/wp-json\/wp\/v2\/product_cat?post=10891"},{"taxonomy":"product_tag","embeddable":true,"href":"https:\/\/www.leili-motor.net\/fr\/wp-json\/wp\/v2\/product_tag?post=10891"}],"curies":[{"name":"wp","href":"https:\/\/api.w.org\/{rel}","templated":true}]}}