{"id":10906,"date":"2025-03-17T13:49:48","date_gmt":"2025-03-17T05:49:48","guid":{"rendered":"https:\/\/www.leili-motor.net\/moteur-a-bobine-mobile-de-254-mm-de-diametre\/"},"modified":"2025-03-17T13:49:48","modified_gmt":"2025-03-17T05:49:48","slug":"moteur-a-bobine-mobile-de-254-mm-de-diametre","status":"publish","type":"product","link":"https:\/\/www.leili-motor.net\/fr\/moteur-a-bobine-mobile-de-254-mm-de-diametre.html","title":{"rendered":"Moteur \u00e0 Bobine Mobile de 25,4 mm de Diam\u00e8tre"},"content":{"rendered":"<h2>Param\u00e8tres du produit<\/h2>\n<table>\n<tbody>\n<tr>\n<td>Voyage<br \/>\n (mm)<\/td>\n<td>Constante de force contre-\u00e9lectromotrice (V\/m\/s)<\/td>\n<td>Pouss\u00e9e soutenue<br \/>\n(N)<\/td>\n<td>Courant continu<br \/>\nBobine<br \/>\n(\u00e0 100\u2103)<\/td>\n<td>Pouss\u00e9e maximale (N)<\/td>\n<td>Sensibilit\u00e9 de force<br \/>\nN\/A (position m\u00e9diane)<\/td>\n<td>R\u00e9sistance par phase<br \/>\n(\u03a9)<\/td>\n<td>Inductance par phase<br \/>\n(mH)<\/td>\n<td>D\u00e9gagement de la bobine<br \/>\n(mm)<\/td>\n<td>Temp\u00e9rature maximale de la bobine<br \/>\n(\u2103)<\/td>\n<td>Masse de la bobine<br \/>\n(g)<\/td>\n<td>Masse du fuselage<br \/>\n(g)<\/td>\n<\/tr>\n<tr>\n<td rowspan=\"2\">9.5<\/td>\n<td rowspan=\"2\">9<\/td>\n<td rowspan=\"2\">11<\/td>\n<td rowspan=\"2\">1.25<\/td>\n<td rowspan=\"2\">31<\/td>\n<td rowspan=\"2\">9<\/td>\n<td rowspan=\"2\">6.9<\/td>\n<td rowspan=\"2\">2<\/td>\n<td rowspan=\"2\">0.38<\/td>\n<td rowspan=\"2\">100<\/td>\n<td rowspan=\"2\">33<\/td>\n<td rowspan=\"2\">102<\/td>\n<\/tr>\n<\/tbody>\n<\/table>\n<h2>Dimensions m\u00e9caniques : mm<\/h2>\n<p><img fetchpriority=\"high\" decoding=\"async\" class=\"size-full wp-image-3522 aligncenter\" src=\"https:\/\/www.leili-motor.net\/wp-content\/uploads\/2025\/03\/Frame-Size-25.4mm-Voice-Coil-Motor-Dimensions.webp\" alt=\"Dimensions du moteur \u00e0 bobine mobile de 25,4 mm\" width=\"999\" height=\"423\" srcset=\"https:\/\/www.leili-motor.net\/wp-content\/uploads\/2025\/03\/Frame-Size-25.4mm-Voice-Coil-Motor-Dimensions.webp 999w, https:\/\/www.leili-motor.net\/wp-content\/uploads\/2025\/03\/Frame-Size-25.4mm-Voice-Coil-Motor-Dimensions-300x127.webp 300w, https:\/\/www.leili-motor.net\/wp-content\/uploads\/2025\/03\/Frame-Size-25.4mm-Voice-Coil-Motor-Dimensions-768x325.webp 768w, https:\/\/www.leili-motor.net\/wp-content\/uploads\/2025\/03\/Frame-Size-25.4mm-Voice-Coil-Motor-Dimensions-600x254.webp 600w\" sizes=\"(max-width: 999px) 100vw, 999px\" \/><\/p>\n","protected":false},"excerpt":{"rendered":"<h3>Pr\u00e9sentation du produit<\/h3>\n<ul>\n<li>Pouss\u00e9e soutenue de 11 N avec une pouss\u00e9e maximale atteignant jusqu&rsquo;\u00e0 31 N.<\/li>\n<li>Constante de force contre-\u00e9lectromotrice de 9 V\/m\/s avec une r\u00e9sistance de bobine de 0,38 \u03a9.<\/li>\n<li>Temp\u00e9rature maximale de la bobine de 100\u00b0C et poids du fuselage de 102g pour une long\u00e9vit\u00e9 accrue.<\/li>\n<\/ul>\n","protected":false},"featured_media":10907,"comment_status":"open","ping_status":"closed","template":"","meta":{"site-sidebar-layout":"default","site-content-layout":"","ast-site-content-layout":"default","site-content-style":"default","site-sidebar-style":"default","ast-global-header-display":"","ast-banner-title-visibility":"","ast-main-header-display":"","ast-hfb-above-header-display":"","ast-hfb-below-header-display":"","ast-hfb-mobile-header-display":"","site-post-title":"","ast-breadcrumbs-content":"","ast-featured-img":"","footer-sml-layout":"","theme-transparent-header-meta":"default","adv-header-id-meta":"","stick-header-meta":"","header-above-stick-meta":"","header-main-stick-meta":"","header-below-stick-meta":"","astra-migrate-meta-layouts":"default","ast-page-background-enabled":"default","ast-page-background-meta":{"desktop":{"background-color":"var(--ast-global-color-5)","background-image":"","background-repeat":"repeat","background-position":"center center","background-size":"auto","background-attachment":"scroll","background-type":"","background-media":"","overlay-type":"","overlay-color":"","overlay-opacity":"","overlay-gradient":""},"tablet":{"background-color":"","background-image":"","background-repeat":"repeat","background-position":"center center","background-size":"auto","background-attachment":"scroll","background-type":"","background-media":"","overlay-type":"","overlay-color":"","overlay-opacity":"","overlay-gradient":""},"mobile":{"background-color":"","background-image":"","background-repeat":"repeat","background-position":"center center","background-size":"auto","background-attachment":"scroll","background-type":"","background-media":"","overlay-type":"","overlay-color":"","overlay-opacity":"","overlay-gradient":""}},"ast-content-background-meta":{"desktop":{"background-color":"var(--ast-global-color-4)","background-image":"","background-repeat":"repeat","background-position":"center center","background-size":"auto","background-attachment":"scroll","background-type":"","background-media":"","overlay-type":"","overlay-color":"","overlay-opacity":"","overlay-gradient":""},"tablet":{"background-color":"var(--ast-global-color-4)","background-image":"","background-repeat":"repeat","background-position":"center center","background-size":"auto","background-attachment":"scroll","background-type":"","background-media":"","overlay-type":"","overlay-color":"","overlay-opacity":"","overlay-gradient":""},"mobile":{"background-color":"var(--ast-global-color-4)","background-image":"","background-repeat":"repeat","background-position":"center center","background-size":"auto","background-attachment":"scroll","background-type":"","background-media":"","overlay-type":"","overlay-color":"","overlay-opacity":"","overlay-gradient":""}}},"product_brand":[],"product_cat":[1114,1156],"product_tag":[1157],"class_list":{"0":"post-10906","1":"product","2":"type-product","3":"status-publish","4":"has-post-thumbnail","6":"product_cat-moteur-a-courant-continu-sans-balais","7":"product_cat-moteur-a-bobine-mobile","8":"product_tag-instruments-medicaux-moteur-a-bobine-mobile","9":"pa_application-sante-sportive","10":"desktop-align-left","11":"tablet-align-left","12":"mobile-align-left","14":"first","15":"instock","16":"shipping-taxable","17":"product-type-simple"},"yoast_head":"<!-- This site is optimized with the Yoast SEO plugin v27.2 - https:\/\/yoast.com\/product\/yoast-seo-wordpress\/ -->\n<title>Moteur \u00e0 Bobine Mobile de 25,4 mm de Diam\u00e8tre &#8211; Leili Motor<\/title>\n<meta name=\"description\" content=\"Le cadre du moteur \u00e0 bobine mobile de taille 25,4 mm offre un parcours de 9,5 mm, une pouss\u00e9e maximale de 11 N, une temp\u00e9rature de bobine maximale de 100 \u2103 et un poids de fuselage de 33 g pour des performances efficaces\" \/>\n<meta name=\"robots\" content=\"index, follow, max-snippet:-1, max-image-preview:large, max-video-preview:-1\" \/>\n<link rel=\"canonical\" href=\"https:\/\/www.leili-motor.net\/fr\/moteur-a-bobine-mobile-de-254-mm-de-diametre.html\" \/>\n<script type=\"application\/ld+json\" class=\"yoast-schema-graph\">{\"@context\":\"https:\/\/schema.org\",\"@graph\":[{\"@type\":\"WebPage\",\"@id\":\"https:\/\/www.leili-motor.net\/fr\/moteur-a-bobine-mobile-de-254-mm-de-diametre.html\",\"url\":\"https:\/\/www.leili-motor.net\/fr\/moteur-a-bobine-mobile-de-254-mm-de-diametre.html\",\"name\":\"Moteur \u00e0 Bobine Mobile de 25,4 mm de Diam\u00e8tre &#8211; Leili Motor\",\"isPartOf\":{\"@id\":\"https:\/\/www.leili-motor.net\/fr\/#website\"},\"primaryImageOfPage\":{\"@id\":\"https:\/\/www.leili-motor.net\/fr\/moteur-a-bobine-mobile-de-254-mm-de-diametre.html#primaryimage\"},\"image\":{\"@id\":\"https:\/\/www.leili-motor.net\/fr\/moteur-a-bobine-mobile-de-254-mm-de-diametre.html#primaryimage\"},\"thumbnailUrl\":\"https:\/\/www.leili-motor.net\/wp-content\/uploads\/2025\/03\/Frame-Size-25.4mm-Voice-Coil-Motor.webp\",\"datePublished\":\"2025-03-17T05:49:48+00:00\",\"description\":\"Le cadre du moteur \u00e0 bobine mobile de taille 25,4 mm offre un parcours de 9,5 mm, une pouss\u00e9e maximale de 11 N, une temp\u00e9rature de bobine maximale de 100 \u2103 et un poids de fuselage de 33 g pour des performances efficaces\",\"breadcrumb\":{\"@id\":\"https:\/\/www.leili-motor.net\/fr\/moteur-a-bobine-mobile-de-254-mm-de-diametre.html#breadcrumb\"},\"inLanguage\":\"fr-FR\",\"potentialAction\":[{\"@type\":\"ReadAction\",\"target\":[\"https:\/\/www.leili-motor.net\/fr\/moteur-a-bobine-mobile-de-254-mm-de-diametre.html\"]}]},{\"@type\":\"ImageObject\",\"inLanguage\":\"fr-FR\",\"@id\":\"https:\/\/www.leili-motor.net\/fr\/moteur-a-bobine-mobile-de-254-mm-de-diametre.html#primaryimage\",\"url\":\"https:\/\/www.leili-motor.net\/wp-content\/uploads\/2025\/03\/Frame-Size-25.4mm-Voice-Coil-Motor.webp\",\"contentUrl\":\"https:\/\/www.leili-motor.net\/wp-content\/uploads\/2025\/03\/Frame-Size-25.4mm-Voice-Coil-Motor.webp\",\"width\":454,\"height\":310,\"caption\":\"Moteur \u00e0 bobine mobile de 25,4 mm de diam\u00e8tre\"},{\"@type\":\"BreadcrumbList\",\"@id\":\"https:\/\/www.leili-motor.net\/fr\/moteur-a-bobine-mobile-de-254-mm-de-diametre.html#breadcrumb\",\"itemListElement\":[{\"@type\":\"ListItem\",\"position\":1,\"name\":\"Home\",\"item\":\"https:\/\/www.leili-motor.net\/fr\/\"},{\"@type\":\"ListItem\",\"position\":2,\"name\":\"Produits\",\"item\":\"https:\/\/www.leili-motor.net\/fr\/produits\/\"},{\"@type\":\"ListItem\",\"position\":3,\"name\":\"Moteur \u00e0 Bobine Mobile de 25,4 mm de Diam\u00e8tre\"}]},{\"@type\":\"WebSite\",\"@id\":\"https:\/\/www.leili-motor.net\/fr\/#website\",\"url\":\"https:\/\/www.leili-motor.net\/fr\/\",\"name\":\"Leili Motor\",\"description\":\"\",\"publisher\":{\"@id\":\"https:\/\/www.leili-motor.net\/fr\/#organization\"},\"potentialAction\":[{\"@type\":\"SearchAction\",\"target\":{\"@type\":\"EntryPoint\",\"urlTemplate\":\"https:\/\/www.leili-motor.net\/fr\/?s={search_term_string}\"},\"query-input\":{\"@type\":\"PropertyValueSpecification\",\"valueRequired\":true,\"valueName\":\"search_term_string\"}}],\"inLanguage\":\"fr-FR\"},{\"@type\":\"Organization\",\"@id\":\"https:\/\/www.leili-motor.net\/fr\/#organization\",\"name\":\"Leili Motor\",\"url\":\"https:\/\/www.leili-motor.net\/fr\/\",\"logo\":{\"@type\":\"ImageObject\",\"inLanguage\":\"fr-FR\",\"@id\":\"https:\/\/www.leili-motor.net\/fr\/#\/schema\/logo\/image\/\",\"url\":\"https:\/\/www.leili-motor.net\/wp-content\/uploads\/2025\/03\/Leili-Motor.png\",\"contentUrl\":\"https:\/\/www.leili-motor.net\/wp-content\/uploads\/2025\/03\/Leili-Motor.png\",\"width\":600,\"height\":156,\"caption\":\"Leili Motor\"},\"image\":{\"@id\":\"https:\/\/www.leili-motor.net\/fr\/#\/schema\/logo\/image\/\"}}]}<\/script>\n<!-- \/ Yoast SEO plugin. -->","yoast_head_json":{"title":"Moteur \u00e0 Bobine Mobile de 25,4 mm de Diam\u00e8tre &#8211; Leili Motor","description":"Le cadre du moteur \u00e0 bobine mobile de taille 25,4 mm offre un parcours de 9,5 mm, une pouss\u00e9e maximale de 11 N, une temp\u00e9rature de bobine maximale de 100 \u2103 et un poids de fuselage de 33 g pour des performances efficaces","robots":{"index":"index","follow":"follow","max-snippet":"max-snippet:-1","max-image-preview":"max-image-preview:large","max-video-preview":"max-video-preview:-1"},"canonical":"https:\/\/www.leili-motor.net\/fr\/moteur-a-bobine-mobile-de-254-mm-de-diametre.html","schema":{"@context":"https:\/\/schema.org","@graph":[{"@type":"WebPage","@id":"https:\/\/www.leili-motor.net\/fr\/moteur-a-bobine-mobile-de-254-mm-de-diametre.html","url":"https:\/\/www.leili-motor.net\/fr\/moteur-a-bobine-mobile-de-254-mm-de-diametre.html","name":"Moteur \u00e0 Bobine Mobile de 25,4 mm de Diam\u00e8tre &#8211; Leili Motor","isPartOf":{"@id":"https:\/\/www.leili-motor.net\/fr\/#website"},"primaryImageOfPage":{"@id":"https:\/\/www.leili-motor.net\/fr\/moteur-a-bobine-mobile-de-254-mm-de-diametre.html#primaryimage"},"image":{"@id":"https:\/\/www.leili-motor.net\/fr\/moteur-a-bobine-mobile-de-254-mm-de-diametre.html#primaryimage"},"thumbnailUrl":"https:\/\/www.leili-motor.net\/wp-content\/uploads\/2025\/03\/Frame-Size-25.4mm-Voice-Coil-Motor.webp","datePublished":"2025-03-17T05:49:48+00:00","description":"Le cadre du moteur \u00e0 bobine mobile de taille 25,4 mm offre un parcours de 9,5 mm, une pouss\u00e9e maximale de 11 N, une temp\u00e9rature de bobine maximale de 100 \u2103 et un poids de fuselage de 33 g pour des performances efficaces","breadcrumb":{"@id":"https:\/\/www.leili-motor.net\/fr\/moteur-a-bobine-mobile-de-254-mm-de-diametre.html#breadcrumb"},"inLanguage":"fr-FR","potentialAction":[{"@type":"ReadAction","target":["https:\/\/www.leili-motor.net\/fr\/moteur-a-bobine-mobile-de-254-mm-de-diametre.html"]}]},{"@type":"ImageObject","inLanguage":"fr-FR","@id":"https:\/\/www.leili-motor.net\/fr\/moteur-a-bobine-mobile-de-254-mm-de-diametre.html#primaryimage","url":"https:\/\/www.leili-motor.net\/wp-content\/uploads\/2025\/03\/Frame-Size-25.4mm-Voice-Coil-Motor.webp","contentUrl":"https:\/\/www.leili-motor.net\/wp-content\/uploads\/2025\/03\/Frame-Size-25.4mm-Voice-Coil-Motor.webp","width":454,"height":310,"caption":"Moteur \u00e0 bobine mobile de 25,4 mm de diam\u00e8tre"},{"@type":"BreadcrumbList","@id":"https:\/\/www.leili-motor.net\/fr\/moteur-a-bobine-mobile-de-254-mm-de-diametre.html#breadcrumb","itemListElement":[{"@type":"ListItem","position":1,"name":"Home","item":"https:\/\/www.leili-motor.net\/fr\/"},{"@type":"ListItem","position":2,"name":"Produits","item":"https:\/\/www.leili-motor.net\/fr\/produits\/"},{"@type":"ListItem","position":3,"name":"Moteur \u00e0 Bobine Mobile de 25,4 mm de Diam\u00e8tre"}]},{"@type":"WebSite","@id":"https:\/\/www.leili-motor.net\/fr\/#website","url":"https:\/\/www.leili-motor.net\/fr\/","name":"Leili Motor","description":"","publisher":{"@id":"https:\/\/www.leili-motor.net\/fr\/#organization"},"potentialAction":[{"@type":"SearchAction","target":{"@type":"EntryPoint","urlTemplate":"https:\/\/www.leili-motor.net\/fr\/?s={search_term_string}"},"query-input":{"@type":"PropertyValueSpecification","valueRequired":true,"valueName":"search_term_string"}}],"inLanguage":"fr-FR"},{"@type":"Organization","@id":"https:\/\/www.leili-motor.net\/fr\/#organization","name":"Leili Motor","url":"https:\/\/www.leili-motor.net\/fr\/","logo":{"@type":"ImageObject","inLanguage":"fr-FR","@id":"https:\/\/www.leili-motor.net\/fr\/#\/schema\/logo\/image\/","url":"https:\/\/www.leili-motor.net\/wp-content\/uploads\/2025\/03\/Leili-Motor.png","contentUrl":"https:\/\/www.leili-motor.net\/wp-content\/uploads\/2025\/03\/Leili-Motor.png","width":600,"height":156,"caption":"Leili Motor"},"image":{"@id":"https:\/\/www.leili-motor.net\/fr\/#\/schema\/logo\/image\/"}}]}},"_links":{"self":[{"href":"https:\/\/www.leili-motor.net\/fr\/wp-json\/wp\/v2\/product\/10906","targetHints":{"allow":["GET"]}}],"collection":[{"href":"https:\/\/www.leili-motor.net\/fr\/wp-json\/wp\/v2\/product"}],"about":[{"href":"https:\/\/www.leili-motor.net\/fr\/wp-json\/wp\/v2\/types\/product"}],"replies":[{"embeddable":true,"href":"https:\/\/www.leili-motor.net\/fr\/wp-json\/wp\/v2\/comments?post=10906"}],"wp:featuredmedia":[{"embeddable":true,"href":"https:\/\/www.leili-motor.net\/fr\/wp-json\/wp\/v2\/media\/10907"}],"wp:attachment":[{"href":"https:\/\/www.leili-motor.net\/fr\/wp-json\/wp\/v2\/media?parent=10906"}],"wp:term":[{"taxonomy":"product_brand","embeddable":true,"href":"https:\/\/www.leili-motor.net\/fr\/wp-json\/wp\/v2\/product_brand?post=10906"},{"taxonomy":"product_cat","embeddable":true,"href":"https:\/\/www.leili-motor.net\/fr\/wp-json\/wp\/v2\/product_cat?post=10906"},{"taxonomy":"product_tag","embeddable":true,"href":"https:\/\/www.leili-motor.net\/fr\/wp-json\/wp\/v2\/product_tag?post=10906"}],"curies":[{"name":"wp","href":"https:\/\/api.w.org\/{rel}","templated":true}]}}