{"id":10909,"date":"2025-03-07T11:17:18","date_gmt":"2025-03-07T03:17:18","guid":{"rendered":"https:\/\/www.leili-motor.net\/moteur-a-engrenages-a-balais-cc-75zyj72\/"},"modified":"2025-03-07T11:17:18","modified_gmt":"2025-03-07T03:17:18","slug":"moteur-a-engrenages-a-balais-cc-75zyj72","status":"publish","type":"product","link":"https:\/\/www.leili-motor.net\/fr\/moteur-a-engrenages-a-balais-cc-75zyj72.html","title":{"rendered":"Moteur \u00e0 Engrenages \u00e0 Balais CC 75ZYJ72"},"content":{"rendered":"<h2>Param\u00e8tres du produit<\/h2>\n<table>\n<tbody>\n<tr>\n<td>Type de moteur<\/td>\n<td>Rapport de r\u00e9duction<\/td>\n<td colspan=\"2\">Tension<\/td>\n<td colspan=\"2\">\u00c0 vide<\/td>\n<td colspan=\"5\"> \u00c0 efficacit\u00e9 maximale<\/td>\n<td colspan=\"3\">Rotor bloqu\u00e9<\/td>\n<\/tr>\n<tr>\n<td><\/td>\n<td><\/td>\n<td>Plage de fonctionnement (V)<\/td>\n<td>Nominale (V)<\/td>\n<td>Vitesse<br \/>\n(tr\/min)<\/td>\n<td>Courant \u00e9lectrique (A)<\/td>\n<td>Vitesse<br \/>\n(tr\/min)<\/td>\n<td>Courant \u00e9lectrique (A)<\/td>\n<td>Couple (mN.m)<\/td>\n<td>Couple (g.cm)<\/td>\n<td>Puissance (W)<\/td>\n<td>Couple (mN.m)<\/td>\n<td>Couple (g.cm)<\/td>\n<td>Courant \u00e9lectrique (A)<\/td>\n<\/tr>\n<tr>\n<td>75ZYJ72-1M<\/td>\n<td>1\/51.3<\/td>\n<td>45~150<\/td>\n<td>120<\/td>\n<td>165<\/td>\n<td>0.7<\/td>\n<td>157<\/td>\n<td>5<\/td>\n<td>21.90<\/td>\n<td>223.38<\/td>\n<td>361<\/td>\n<td>213<\/td>\n<td>2172.6<\/td>\n<td>43.60<\/td>\n<\/tr>\n<tr>\n<td>75ZYJ72-2H<\/td>\n<td>1\/51.3<\/td>\n<td>90~280<\/td>\n<td>230<\/td>\n<td>160<\/td>\n<td>0.3<\/td>\n<td>147<\/td>\n<td>2.90<\/td>\n<td>27.00<\/td>\n<td>275.4<\/td>\n<td>417<\/td>\n<td>253<\/td>\n<td>2580.6<\/td>\n<td>24.70<\/td>\n<\/tr>\n<tr>\n<td>75ZYJ72-4L<\/td>\n<td>1\/51.3<\/td>\n<td>45~120<\/td>\n<td>100<\/td>\n<td>137<\/td>\n<td>0.6<\/td>\n<td>130<\/td>\n<td>4.20<\/td>\n<td>18.00<\/td>\n<td>183.6<\/td>\n<td>300<\/td>\n<td>177.5<\/td>\n<td>1810.5<\/td>\n<td>36.33<\/td>\n<\/tr>\n<\/tbody>\n<\/table>\n<h2>Dimension m\u00e9canique : mm<\/h2>\n<p><img fetchpriority=\"high\" decoding=\"async\" class=\"size-full wp-image-1205 aligncenter\" src=\"https:\/\/www.leili-motor.net\/wp-content\/uploads\/2025\/03\/Mechanical-Dimension-for-75ZYJ72-DC-Brushed-Gear-Motor.webp\" alt=\"Dimensions m\u00e9caniques du moteur \u00e0 engrenages \u00e0 balais CC 75ZYJ72\" width=\"795\" height=\"320\" srcset=\"https:\/\/www.leili-motor.net\/wp-content\/uploads\/2025\/03\/Mechanical-Dimension-for-75ZYJ72-DC-Brushed-Gear-Motor.webp 795w, https:\/\/www.leili-motor.net\/wp-content\/uploads\/2025\/03\/Mechanical-Dimension-for-75ZYJ72-DC-Brushed-Gear-Motor-300x121.webp 300w, https:\/\/www.leili-motor.net\/wp-content\/uploads\/2025\/03\/Mechanical-Dimension-for-75ZYJ72-DC-Brushed-Gear-Motor-768x309.webp 768w, https:\/\/www.leili-motor.net\/wp-content\/uploads\/2025\/03\/Mechanical-Dimension-for-75ZYJ72-DC-Brushed-Gear-Motor-600x242.webp 600w\" sizes=\"(max-width: 795px) 100vw, 795px\" \/><\/p>\n<h2>Courbes de performance<\/h2>\n<p><img decoding=\"async\" class=\"size-full wp-image-1206 aligncenter\" src=\"https:\/\/www.leili-motor.net\/wp-content\/uploads\/2025\/03\/Performance-Curves-for-75ZYJ72-DC-Brushed-Gear-Motor.webp\" alt=\"Courbes de performance du moteur \u00e0 engrenages \u00e0 balais CC 75ZYJ72\" width=\"759\" height=\"255\" srcset=\"https:\/\/www.leili-motor.net\/wp-content\/uploads\/2025\/03\/Performance-Curves-for-75ZYJ72-DC-Brushed-Gear-Motor.webp 759w, https:\/\/www.leili-motor.net\/wp-content\/uploads\/2025\/03\/Performance-Curves-for-75ZYJ72-DC-Brushed-Gear-Motor-300x101.webp 300w, https:\/\/www.leili-motor.net\/wp-content\/uploads\/2025\/03\/Performance-Curves-for-75ZYJ72-DC-Brushed-Gear-Motor-600x202.webp 600w\" sizes=\"(max-width: 759px) 100vw, 759px\" \/><\/p>\n","protected":false},"excerpt":{"rendered":"<h3>Pr\u00e9sentation du produit<\/h3>\n<ul>\n<li>Variantes de mod\u00e8les : Comprend 75ZYJ72-1M, 75ZYJ72-2H et 75ZYJ72-4L, tous avec un rapport de r\u00e9duction de 1:51,3.<\/li>\n<li>Performances : Plage de tension 45-280 V, vitesses de 137 \u00e0 165 tr\/min, offrant un fonctionnement stable et efficace.<\/li>\n<li>Capacit\u00e9 de charge : fournit jusqu&rsquo;\u00e0 417 mN\u00b7m de couple, garantissant une sortie puissante et des performances fiables sous de lourdes charges.<\/li>\n<\/ul>\n<h3>Application du produit<\/h3>\n<ul>\n<li>Appareil : Mixeur<\/li>\n<\/ul>\n","protected":false},"featured_media":10910,"comment_status":"open","ping_status":"closed","template":"","meta":{"site-sidebar-layout":"default","site-content-layout":"","ast-site-content-layout":"default","site-content-style":"default","site-sidebar-style":"default","ast-global-header-display":"","ast-banner-title-visibility":"","ast-main-header-display":"","ast-hfb-above-header-display":"","ast-hfb-below-header-display":"","ast-hfb-mobile-header-display":"","site-post-title":"","ast-breadcrumbs-content":"","ast-featured-img":"","footer-sml-layout":"","theme-transparent-header-meta":"default","adv-header-id-meta":"","stick-header-meta":"","header-above-stick-meta":"","header-main-stick-meta":"","header-below-stick-meta":"","astra-migrate-meta-layouts":"default","ast-page-background-enabled":"default","ast-page-background-meta":{"desktop":{"background-color":"var(--ast-global-color-5)","background-image":"","background-repeat":"repeat","background-position":"center center","background-size":"auto","background-attachment":"scroll","background-type":"","background-media":"","overlay-type":"","overlay-color":"","overlay-opacity":"","overlay-gradient":""},"tablet":{"background-color":"","background-image":"","background-repeat":"repeat","background-position":"center center","background-size":"auto","background-attachment":"scroll","background-type":"","background-media":"","overlay-type":"","overlay-color":"","overlay-opacity":"","overlay-gradient":""},"mobile":{"background-color":"","background-image":"","background-repeat":"repeat","background-position":"center center","background-size":"auto","background-attachment":"scroll","background-type":"","background-media":"","overlay-type":"","overlay-color":"","overlay-opacity":"","overlay-gradient":""}},"ast-content-background-meta":{"desktop":{"background-color":"var(--ast-global-color-4)","background-image":"","background-repeat":"repeat","background-position":"center center","background-size":"auto","background-attachment":"scroll","background-type":"","background-media":"","overlay-type":"","overlay-color":"","overlay-opacity":"","overlay-gradient":""},"tablet":{"background-color":"var(--ast-global-color-4)","background-image":"","background-repeat":"repeat","background-position":"center center","background-size":"auto","background-attachment":"scroll","background-type":"","background-media":"","overlay-type":"","overlay-color":"","overlay-opacity":"","overlay-gradient":""},"mobile":{"background-color":"var(--ast-global-color-4)","background-image":"","background-repeat":"repeat","background-position":"center center","background-size":"auto","background-attachment":"scroll","background-type":"","background-media":"","overlay-type":"","overlay-color":"","overlay-opacity":"","overlay-gradient":""}}},"product_brand":[],"product_cat":[1168,1169],"product_tag":[1170],"class_list":{"0":"post-10909","1":"product","2":"type-product","3":"status-publish","4":"has-post-thumbnail","6":"product_cat-moteur-a-balais-a-courant-continu","7":"product_cat-moteur-a-engrenages-a-balais-a-courant-continu","8":"product_tag-appareils-electromenagers-autres-moteur-a-balais-cc","9":"pa_application-appareil-electromenager","10":"pa_dc-brush-no-load-current-0-2-0-3-fr","11":"pa_dc-brush-no-load-current-plus-de-03","12":"pa_dc-brush-no-load-speed-0-1000-fr","13":"desktop-align-left","14":"tablet-align-left","15":"mobile-align-left","17":"first","18":"instock","19":"shipping-taxable","20":"product-type-simple"},"yoast_head":"<!-- This site is optimized with the Yoast SEO plugin v27.2 - https:\/\/yoast.com\/product\/yoast-seo-wordpress\/ -->\n<title>Moteur \u00e0 Engrenages \u00e0 Balais CC 75ZYJ72 &#8211; Leili Motor<\/title>\n<meta name=\"description\" content=\"Le moteur \u00e0 engrenages \u00e0 balais CC 75ZYJ72 pr\u00e9sente plusieurs options de tension, un couple \u00e9lev\u00e9 et des performances stables, ce qui le rend id\u00e9al pour les applications de mixage alimentaire.\" \/>\n<meta name=\"robots\" content=\"index, follow, max-snippet:-1, max-image-preview:large, max-video-preview:-1\" \/>\n<link rel=\"canonical\" href=\"https:\/\/www.leili-motor.net\/fr\/moteur-a-engrenages-a-balais-cc-75zyj72.html\" \/>\n<script type=\"application\/ld+json\" class=\"yoast-schema-graph\">{\"@context\":\"https:\/\/schema.org\",\"@graph\":[{\"@type\":\"WebPage\",\"@id\":\"https:\/\/www.leili-motor.net\/fr\/moteur-a-engrenages-a-balais-cc-75zyj72.html\",\"url\":\"https:\/\/www.leili-motor.net\/fr\/moteur-a-engrenages-a-balais-cc-75zyj72.html\",\"name\":\"Moteur \u00e0 Engrenages \u00e0 Balais CC 75ZYJ72 &#8211; Leili Motor\",\"isPartOf\":{\"@id\":\"https:\/\/www.leili-motor.net\/fr\/#website\"},\"primaryImageOfPage\":{\"@id\":\"https:\/\/www.leili-motor.net\/fr\/moteur-a-engrenages-a-balais-cc-75zyj72.html#primaryimage\"},\"image\":{\"@id\":\"https:\/\/www.leili-motor.net\/fr\/moteur-a-engrenages-a-balais-cc-75zyj72.html#primaryimage\"},\"thumbnailUrl\":\"https:\/\/www.leili-motor.net\/wp-content\/uploads\/2025\/03\/75ZYJ72-DC-Brushed-Gear-Motor.webp\",\"datePublished\":\"2025-03-07T03:17:18+00:00\",\"description\":\"Le moteur \u00e0 engrenages \u00e0 balais CC 75ZYJ72 pr\u00e9sente plusieurs options de tension, un couple \u00e9lev\u00e9 et des performances stables, ce qui le rend id\u00e9al pour les applications de mixage alimentaire.\",\"breadcrumb\":{\"@id\":\"https:\/\/www.leili-motor.net\/fr\/moteur-a-engrenages-a-balais-cc-75zyj72.html#breadcrumb\"},\"inLanguage\":\"fr-FR\",\"potentialAction\":[{\"@type\":\"ReadAction\",\"target\":[\"https:\/\/www.leili-motor.net\/fr\/moteur-a-engrenages-a-balais-cc-75zyj72.html\"]}]},{\"@type\":\"ImageObject\",\"inLanguage\":\"fr-FR\",\"@id\":\"https:\/\/www.leili-motor.net\/fr\/moteur-a-engrenages-a-balais-cc-75zyj72.html#primaryimage\",\"url\":\"https:\/\/www.leili-motor.net\/wp-content\/uploads\/2025\/03\/75ZYJ72-DC-Brushed-Gear-Motor.webp\",\"contentUrl\":\"https:\/\/www.leili-motor.net\/wp-content\/uploads\/2025\/03\/75ZYJ72-DC-Brushed-Gear-Motor.webp\",\"width\":454,\"height\":310,\"caption\":\"Moteur \u00e0 engrenages \u00e0 balais CC 75ZYJ72\"},{\"@type\":\"BreadcrumbList\",\"@id\":\"https:\/\/www.leili-motor.net\/fr\/moteur-a-engrenages-a-balais-cc-75zyj72.html#breadcrumb\",\"itemListElement\":[{\"@type\":\"ListItem\",\"position\":1,\"name\":\"Home\",\"item\":\"https:\/\/www.leili-motor.net\/fr\/\"},{\"@type\":\"ListItem\",\"position\":2,\"name\":\"Produits\",\"item\":\"https:\/\/www.leili-motor.net\/fr\/produits\/\"},{\"@type\":\"ListItem\",\"position\":3,\"name\":\"Moteur \u00e0 Engrenages \u00e0 Balais CC 75ZYJ72\"}]},{\"@type\":\"WebSite\",\"@id\":\"https:\/\/www.leili-motor.net\/fr\/#website\",\"url\":\"https:\/\/www.leili-motor.net\/fr\/\",\"name\":\"Leili Motor\",\"description\":\"\",\"publisher\":{\"@id\":\"https:\/\/www.leili-motor.net\/fr\/#organization\"},\"potentialAction\":[{\"@type\":\"SearchAction\",\"target\":{\"@type\":\"EntryPoint\",\"urlTemplate\":\"https:\/\/www.leili-motor.net\/fr\/?s={search_term_string}\"},\"query-input\":{\"@type\":\"PropertyValueSpecification\",\"valueRequired\":true,\"valueName\":\"search_term_string\"}}],\"inLanguage\":\"fr-FR\"},{\"@type\":\"Organization\",\"@id\":\"https:\/\/www.leili-motor.net\/fr\/#organization\",\"name\":\"Leili Motor\",\"url\":\"https:\/\/www.leili-motor.net\/fr\/\",\"logo\":{\"@type\":\"ImageObject\",\"inLanguage\":\"fr-FR\",\"@id\":\"https:\/\/www.leili-motor.net\/fr\/#\/schema\/logo\/image\/\",\"url\":\"https:\/\/www.leili-motor.net\/wp-content\/uploads\/2025\/03\/Leili-Motor.png\",\"contentUrl\":\"https:\/\/www.leili-motor.net\/wp-content\/uploads\/2025\/03\/Leili-Motor.png\",\"width\":600,\"height\":156,\"caption\":\"Leili Motor\"},\"image\":{\"@id\":\"https:\/\/www.leili-motor.net\/fr\/#\/schema\/logo\/image\/\"}}]}<\/script>\n<!-- \/ Yoast SEO plugin. -->","yoast_head_json":{"title":"Moteur \u00e0 Engrenages \u00e0 Balais CC 75ZYJ72 &#8211; Leili Motor","description":"Le moteur \u00e0 engrenages \u00e0 balais CC 75ZYJ72 pr\u00e9sente plusieurs options de tension, un couple \u00e9lev\u00e9 et des performances stables, ce qui le rend id\u00e9al pour les applications de mixage alimentaire.","robots":{"index":"index","follow":"follow","max-snippet":"max-snippet:-1","max-image-preview":"max-image-preview:large","max-video-preview":"max-video-preview:-1"},"canonical":"https:\/\/www.leili-motor.net\/fr\/moteur-a-engrenages-a-balais-cc-75zyj72.html","schema":{"@context":"https:\/\/schema.org","@graph":[{"@type":"WebPage","@id":"https:\/\/www.leili-motor.net\/fr\/moteur-a-engrenages-a-balais-cc-75zyj72.html","url":"https:\/\/www.leili-motor.net\/fr\/moteur-a-engrenages-a-balais-cc-75zyj72.html","name":"Moteur \u00e0 Engrenages \u00e0 Balais CC 75ZYJ72 &#8211; Leili Motor","isPartOf":{"@id":"https:\/\/www.leili-motor.net\/fr\/#website"},"primaryImageOfPage":{"@id":"https:\/\/www.leili-motor.net\/fr\/moteur-a-engrenages-a-balais-cc-75zyj72.html#primaryimage"},"image":{"@id":"https:\/\/www.leili-motor.net\/fr\/moteur-a-engrenages-a-balais-cc-75zyj72.html#primaryimage"},"thumbnailUrl":"https:\/\/www.leili-motor.net\/wp-content\/uploads\/2025\/03\/75ZYJ72-DC-Brushed-Gear-Motor.webp","datePublished":"2025-03-07T03:17:18+00:00","description":"Le moteur \u00e0 engrenages \u00e0 balais CC 75ZYJ72 pr\u00e9sente plusieurs options de tension, un couple \u00e9lev\u00e9 et des performances stables, ce qui le rend id\u00e9al pour les applications de mixage alimentaire.","breadcrumb":{"@id":"https:\/\/www.leili-motor.net\/fr\/moteur-a-engrenages-a-balais-cc-75zyj72.html#breadcrumb"},"inLanguage":"fr-FR","potentialAction":[{"@type":"ReadAction","target":["https:\/\/www.leili-motor.net\/fr\/moteur-a-engrenages-a-balais-cc-75zyj72.html"]}]},{"@type":"ImageObject","inLanguage":"fr-FR","@id":"https:\/\/www.leili-motor.net\/fr\/moteur-a-engrenages-a-balais-cc-75zyj72.html#primaryimage","url":"https:\/\/www.leili-motor.net\/wp-content\/uploads\/2025\/03\/75ZYJ72-DC-Brushed-Gear-Motor.webp","contentUrl":"https:\/\/www.leili-motor.net\/wp-content\/uploads\/2025\/03\/75ZYJ72-DC-Brushed-Gear-Motor.webp","width":454,"height":310,"caption":"Moteur \u00e0 engrenages \u00e0 balais CC 75ZYJ72"},{"@type":"BreadcrumbList","@id":"https:\/\/www.leili-motor.net\/fr\/moteur-a-engrenages-a-balais-cc-75zyj72.html#breadcrumb","itemListElement":[{"@type":"ListItem","position":1,"name":"Home","item":"https:\/\/www.leili-motor.net\/fr\/"},{"@type":"ListItem","position":2,"name":"Produits","item":"https:\/\/www.leili-motor.net\/fr\/produits\/"},{"@type":"ListItem","position":3,"name":"Moteur \u00e0 Engrenages \u00e0 Balais CC 75ZYJ72"}]},{"@type":"WebSite","@id":"https:\/\/www.leili-motor.net\/fr\/#website","url":"https:\/\/www.leili-motor.net\/fr\/","name":"Leili Motor","description":"","publisher":{"@id":"https:\/\/www.leili-motor.net\/fr\/#organization"},"potentialAction":[{"@type":"SearchAction","target":{"@type":"EntryPoint","urlTemplate":"https:\/\/www.leili-motor.net\/fr\/?s={search_term_string}"},"query-input":{"@type":"PropertyValueSpecification","valueRequired":true,"valueName":"search_term_string"}}],"inLanguage":"fr-FR"},{"@type":"Organization","@id":"https:\/\/www.leili-motor.net\/fr\/#organization","name":"Leili Motor","url":"https:\/\/www.leili-motor.net\/fr\/","logo":{"@type":"ImageObject","inLanguage":"fr-FR","@id":"https:\/\/www.leili-motor.net\/fr\/#\/schema\/logo\/image\/","url":"https:\/\/www.leili-motor.net\/wp-content\/uploads\/2025\/03\/Leili-Motor.png","contentUrl":"https:\/\/www.leili-motor.net\/wp-content\/uploads\/2025\/03\/Leili-Motor.png","width":600,"height":156,"caption":"Leili Motor"},"image":{"@id":"https:\/\/www.leili-motor.net\/fr\/#\/schema\/logo\/image\/"}}]}},"_links":{"self":[{"href":"https:\/\/www.leili-motor.net\/fr\/wp-json\/wp\/v2\/product\/10909","targetHints":{"allow":["GET"]}}],"collection":[{"href":"https:\/\/www.leili-motor.net\/fr\/wp-json\/wp\/v2\/product"}],"about":[{"href":"https:\/\/www.leili-motor.net\/fr\/wp-json\/wp\/v2\/types\/product"}],"replies":[{"embeddable":true,"href":"https:\/\/www.leili-motor.net\/fr\/wp-json\/wp\/v2\/comments?post=10909"}],"wp:featuredmedia":[{"embeddable":true,"href":"https:\/\/www.leili-motor.net\/fr\/wp-json\/wp\/v2\/media\/10910"}],"wp:attachment":[{"href":"https:\/\/www.leili-motor.net\/fr\/wp-json\/wp\/v2\/media?parent=10909"}],"wp:term":[{"taxonomy":"product_brand","embeddable":true,"href":"https:\/\/www.leili-motor.net\/fr\/wp-json\/wp\/v2\/product_brand?post=10909"},{"taxonomy":"product_cat","embeddable":true,"href":"https:\/\/www.leili-motor.net\/fr\/wp-json\/wp\/v2\/product_cat?post=10909"},{"taxonomy":"product_tag","embeddable":true,"href":"https:\/\/www.leili-motor.net\/fr\/wp-json\/wp\/v2\/product_tag?post=10909"}],"curies":[{"name":"wp","href":"https:\/\/api.w.org\/{rel}","templated":true}]}}