{"id":10953,"date":"2025-03-06T17:35:16","date_gmt":"2025-03-06T09:35:16","guid":{"rendered":"https:\/\/www.leili-motor.net\/moteur-a-engrenages-a-balais-cc-33zyj360\/"},"modified":"2025-03-06T17:35:16","modified_gmt":"2025-03-06T09:35:16","slug":"moteur-a-engrenages-a-balais-cc-33zyj360","status":"publish","type":"product","link":"https:\/\/www.leili-motor.net\/fr\/moteur-a-engrenages-a-balais-cc-33zyj360.html","title":{"rendered":"Moteur \u00e0 Engrenages \u00e0 Balais CC 33ZYJ360"},"content":{"rendered":"<h2>Param\u00e8tres du produit<\/h2>\n<table>\n<tbody>\n<tr>\n<td>Mod\u00e8le<\/td>\n<td colspan=\"2\">tension<\/td>\n<td colspan=\"2\">\u00c0 vide<\/td>\n<td colspan=\"5\">max<\/td>\n<td colspan=\"3\">blocage<\/td>\n<\/tr>\n<tr>\n<td>&nbsp;<\/td>\n<td>Plage de fonctionnement<br \/>\n(V)<\/td>\n<td>Nominale<br \/>\n(V)<\/td>\n<td>Vitesse<br \/>\n(tr\/min)<\/td>\n<td>Courant<br \/>\n(A)<\/td>\n<td>Vitesse<br \/>\n(tr\/min)<\/td>\n<td>Courant<br \/>\n(A)<\/td>\n<td>Couple<br \/>\n(mN.m)<\/td>\n<td>Couple<br \/>\n(g.cm)<\/td>\n<td>Puissance<br \/>\n(W)<\/td>\n<td>Couple<br \/>\n(mN.m)<\/td>\n<td>Couple<br \/>\n(g.cm)<\/td>\n<td>Courant<br \/>\n(A)<\/td>\n<\/tr>\n<tr>\n<td>33ZYJ360-1<\/td>\n<td>6-20<\/td>\n<td>12<\/td>\n<td>96<\/td>\n<td>0.1<\/td>\n<td>76<\/td>\n<td>0.242<\/td>\n<td>137<\/td>\n<td>1397.4<\/td>\n<td>1.09<\/td>\n<td>650<\/td>\n<td>6630<\/td>\n<td>0.9<\/td>\n<\/tr>\n<\/tbody>\n<\/table>\n<h2>Dimension m\u00e9canique : mm<\/h2>\n<p><img fetchpriority=\"high\" decoding=\"async\" class=\"size-full wp-image-1126 aligncenter\" src=\"https:\/\/www.leili-motor.net\/wp-content\/uploads\/2025\/03\/Mechanical-Dimension-for-33ZYJ360-DC-Brushed-Gear-Motor.webp\" alt=\"Dimensions m\u00e9caniques du moteur \u00e0 engrenages CC \u00e0 balais 33ZYJ360\" width=\"795\" height=\"286\" srcset=\"https:\/\/www.leili-motor.net\/wp-content\/uploads\/2025\/03\/Mechanical-Dimension-for-33ZYJ360-DC-Brushed-Gear-Motor.webp 795w, https:\/\/www.leili-motor.net\/wp-content\/uploads\/2025\/03\/Mechanical-Dimension-for-33ZYJ360-DC-Brushed-Gear-Motor-300x108.webp 300w, https:\/\/www.leili-motor.net\/wp-content\/uploads\/2025\/03\/Mechanical-Dimension-for-33ZYJ360-DC-Brushed-Gear-Motor-768x276.webp 768w, https:\/\/www.leili-motor.net\/wp-content\/uploads\/2025\/03\/Mechanical-Dimension-for-33ZYJ360-DC-Brushed-Gear-Motor-600x216.webp 600w\" sizes=\"(max-width: 795px) 100vw, 795px\" \/><\/p>\n<h2>Courbes de performance<\/h2>\n<p><img decoding=\"async\" class=\"size-full wp-image-1130 aligncenter\" src=\"https:\/\/www.leili-motor.net\/wp-content\/uploads\/2025\/03\/Performance-Curves-for-33ZYJ360-DC-Brushed-Gear-Motor.webp\" alt=\"Courbes de performance du moteur \u00e0 engrenages CC \u00e0 balais 33ZYJ360\" width=\"759\" height=\"263\" srcset=\"https:\/\/www.leili-motor.net\/wp-content\/uploads\/2025\/03\/Performance-Curves-for-33ZYJ360-DC-Brushed-Gear-Motor.webp 759w, https:\/\/www.leili-motor.net\/wp-content\/uploads\/2025\/03\/Performance-Curves-for-33ZYJ360-DC-Brushed-Gear-Motor-300x104.webp 300w, https:\/\/www.leili-motor.net\/wp-content\/uploads\/2025\/03\/Performance-Curves-for-33ZYJ360-DC-Brushed-Gear-Motor-600x208.webp 600w\" sizes=\"(max-width: 759px) 100vw, 759px\" \/><\/p>\n","protected":false},"excerpt":{"rendered":"<h3>Pr\u00e9sentation du produit<\/h3>\n<ul>\n<li>Performance \u00e9lectrique : Fonctionne entre 6-20V, nominal \u00e0 12V, avec une vitesse \u00e0 vide de 96 tr\/min.<\/li>\n<li>Caract\u00e9ristiques en charge : D\u00e9livre 76 tr\/min \u00e0 0,242A, produisant 1,09W avec un couple de 137 mN.m.<\/li>\n<li>Sp\u00e9cifications de calage : Fournit un couple de 650 mN.m \u00e0 0,9A, assurant une performance fiable sous forte charge.<\/li>\n<\/ul>\n<h3>Application du produit<\/h3>\n<ul>\n<li>Appareils \u00e9lectrom\u00e9nagers : s\u00e8che-cheveux<\/li>\n<li>Secteur d&rsquo;activit\u00e9 : distributeurs automatiques<\/li>\n<\/ul>\n","protected":false},"featured_media":10954,"comment_status":"open","ping_status":"closed","template":"","meta":{"site-sidebar-layout":"default","site-content-layout":"","ast-site-content-layout":"default","site-content-style":"default","site-sidebar-style":"default","ast-global-header-display":"","ast-banner-title-visibility":"","ast-main-header-display":"","ast-hfb-above-header-display":"","ast-hfb-below-header-display":"","ast-hfb-mobile-header-display":"","site-post-title":"","ast-breadcrumbs-content":"","ast-featured-img":"","footer-sml-layout":"","theme-transparent-header-meta":"default","adv-header-id-meta":"","stick-header-meta":"","header-above-stick-meta":"","header-main-stick-meta":"","header-below-stick-meta":"","astra-migrate-meta-layouts":"default","ast-page-background-enabled":"default","ast-page-background-meta":{"desktop":{"background-color":"var(--ast-global-color-5)","background-image":"","background-repeat":"repeat","background-position":"center center","background-size":"auto","background-attachment":"scroll","background-type":"","background-media":"","overlay-type":"","overlay-color":"","overlay-opacity":"","overlay-gradient":""},"tablet":{"background-color":"","background-image":"","background-repeat":"repeat","background-position":"center center","background-size":"auto","background-attachment":"scroll","background-type":"","background-media":"","overlay-type":"","overlay-color":"","overlay-opacity":"","overlay-gradient":""},"mobile":{"background-color":"","background-image":"","background-repeat":"repeat","background-position":"center center","background-size":"auto","background-attachment":"scroll","background-type":"","background-media":"","overlay-type":"","overlay-color":"","overlay-opacity":"","overlay-gradient":""}},"ast-content-background-meta":{"desktop":{"background-color":"var(--ast-global-color-4)","background-image":"","background-repeat":"repeat","background-position":"center center","background-size":"auto","background-attachment":"scroll","background-type":"","background-media":"","overlay-type":"","overlay-color":"","overlay-opacity":"","overlay-gradient":""},"tablet":{"background-color":"var(--ast-global-color-4)","background-image":"","background-repeat":"repeat","background-position":"center center","background-size":"auto","background-attachment":"scroll","background-type":"","background-media":"","overlay-type":"","overlay-color":"","overlay-opacity":"","overlay-gradient":""},"mobile":{"background-color":"var(--ast-global-color-4)","background-image":"","background-repeat":"repeat","background-position":"center center","background-size":"auto","background-attachment":"scroll","background-type":"","background-media":"","overlay-type":"","overlay-color":"","overlay-opacity":"","overlay-gradient":""}}},"product_brand":[],"product_cat":[1168,1169],"product_tag":[],"class_list":{"0":"post-10953","1":"product","2":"type-product","3":"status-publish","4":"has-post-thumbnail","6":"product_cat-moteur-a-balais-a-courant-continu","7":"product_cat-moteur-a-engrenages-a-balais-a-courant-continu","8":"desktop-align-left","9":"tablet-align-left","10":"mobile-align-left","12":"first","13":"instock","14":"shipping-taxable","15":"product-type-simple"},"yoast_head":"<!-- This site is optimized with the Yoast SEO plugin v27.2 - https:\/\/yoast.com\/product\/yoast-seo-wordpress\/ -->\n<title>Moteur \u00e0 Engrenages \u00e0 Balais CC 33ZYJ360 &#8211; Leili Motor<\/title>\n<meta name=\"description\" content=\"Le moteur \u00e0 engrenages \u00e0 balais \u00e0 courant continu 33ZYJ360 fonctionne \u00e0 6-20 V, offrant un couple et une efficacit\u00e9 stables, id\u00e9al pour les s\u00e8che-cheveux et les distributeurs automatiques, garantissant des performances fiables.\" \/>\n<meta name=\"robots\" content=\"index, follow, max-snippet:-1, max-image-preview:large, max-video-preview:-1\" \/>\n<link rel=\"canonical\" href=\"https:\/\/www.leili-motor.net\/fr\/moteur-a-engrenages-a-balais-cc-33zyj360.html\" \/>\n<script type=\"application\/ld+json\" class=\"yoast-schema-graph\">{\"@context\":\"https:\/\/schema.org\",\"@graph\":[{\"@type\":\"WebPage\",\"@id\":\"https:\/\/www.leili-motor.net\/fr\/moteur-a-engrenages-a-balais-cc-33zyj360.html\",\"url\":\"https:\/\/www.leili-motor.net\/fr\/moteur-a-engrenages-a-balais-cc-33zyj360.html\",\"name\":\"Moteur \u00e0 Engrenages \u00e0 Balais CC 33ZYJ360 &#8211; Leili Motor\",\"isPartOf\":{\"@id\":\"https:\/\/www.leili-motor.net\/fr\/#website\"},\"primaryImageOfPage\":{\"@id\":\"https:\/\/www.leili-motor.net\/fr\/moteur-a-engrenages-a-balais-cc-33zyj360.html#primaryimage\"},\"image\":{\"@id\":\"https:\/\/www.leili-motor.net\/fr\/moteur-a-engrenages-a-balais-cc-33zyj360.html#primaryimage\"},\"thumbnailUrl\":\"https:\/\/www.leili-motor.net\/wp-content\/uploads\/2025\/03\/33ZYJ360-DC-Brushed-Gear-Motor.webp\",\"datePublished\":\"2025-03-06T09:35:16+00:00\",\"description\":\"Le moteur \u00e0 engrenages \u00e0 balais \u00e0 courant continu 33ZYJ360 fonctionne \u00e0 6-20 V, offrant un couple et une efficacit\u00e9 stables, id\u00e9al pour les s\u00e8che-cheveux et les distributeurs automatiques, garantissant des performances fiables.\",\"breadcrumb\":{\"@id\":\"https:\/\/www.leili-motor.net\/fr\/moteur-a-engrenages-a-balais-cc-33zyj360.html#breadcrumb\"},\"inLanguage\":\"fr-FR\",\"potentialAction\":[{\"@type\":\"ReadAction\",\"target\":[\"https:\/\/www.leili-motor.net\/fr\/moteur-a-engrenages-a-balais-cc-33zyj360.html\"]}]},{\"@type\":\"ImageObject\",\"inLanguage\":\"fr-FR\",\"@id\":\"https:\/\/www.leili-motor.net\/fr\/moteur-a-engrenages-a-balais-cc-33zyj360.html#primaryimage\",\"url\":\"https:\/\/www.leili-motor.net\/wp-content\/uploads\/2025\/03\/33ZYJ360-DC-Brushed-Gear-Motor.webp\",\"contentUrl\":\"https:\/\/www.leili-motor.net\/wp-content\/uploads\/2025\/03\/33ZYJ360-DC-Brushed-Gear-Motor.webp\",\"width\":454,\"height\":310,\"caption\":\"Moteur \u00e0 engrenages \u00e0 balais CC 33ZYJ360\"},{\"@type\":\"BreadcrumbList\",\"@id\":\"https:\/\/www.leili-motor.net\/fr\/moteur-a-engrenages-a-balais-cc-33zyj360.html#breadcrumb\",\"itemListElement\":[{\"@type\":\"ListItem\",\"position\":1,\"name\":\"Home\",\"item\":\"https:\/\/www.leili-motor.net\/fr\/\"},{\"@type\":\"ListItem\",\"position\":2,\"name\":\"Produits\",\"item\":\"https:\/\/www.leili-motor.net\/fr\/produits\/\"},{\"@type\":\"ListItem\",\"position\":3,\"name\":\"Moteur \u00e0 Engrenages \u00e0 Balais CC 33ZYJ360\"}]},{\"@type\":\"WebSite\",\"@id\":\"https:\/\/www.leili-motor.net\/fr\/#website\",\"url\":\"https:\/\/www.leili-motor.net\/fr\/\",\"name\":\"Leili Motor\",\"description\":\"\",\"publisher\":{\"@id\":\"https:\/\/www.leili-motor.net\/fr\/#organization\"},\"potentialAction\":[{\"@type\":\"SearchAction\",\"target\":{\"@type\":\"EntryPoint\",\"urlTemplate\":\"https:\/\/www.leili-motor.net\/fr\/?s={search_term_string}\"},\"query-input\":{\"@type\":\"PropertyValueSpecification\",\"valueRequired\":true,\"valueName\":\"search_term_string\"}}],\"inLanguage\":\"fr-FR\"},{\"@type\":\"Organization\",\"@id\":\"https:\/\/www.leili-motor.net\/fr\/#organization\",\"name\":\"Leili Motor\",\"url\":\"https:\/\/www.leili-motor.net\/fr\/\",\"logo\":{\"@type\":\"ImageObject\",\"inLanguage\":\"fr-FR\",\"@id\":\"https:\/\/www.leili-motor.net\/fr\/#\/schema\/logo\/image\/\",\"url\":\"https:\/\/www.leili-motor.net\/wp-content\/uploads\/2025\/03\/Leili-Motor.png\",\"contentUrl\":\"https:\/\/www.leili-motor.net\/wp-content\/uploads\/2025\/03\/Leili-Motor.png\",\"width\":600,\"height\":156,\"caption\":\"Leili Motor\"},\"image\":{\"@id\":\"https:\/\/www.leili-motor.net\/fr\/#\/schema\/logo\/image\/\"}}]}<\/script>\n<!-- \/ Yoast SEO plugin. -->","yoast_head_json":{"title":"Moteur \u00e0 Engrenages \u00e0 Balais CC 33ZYJ360 &#8211; Leili Motor","description":"Le moteur \u00e0 engrenages \u00e0 balais \u00e0 courant continu 33ZYJ360 fonctionne \u00e0 6-20 V, offrant un couple et une efficacit\u00e9 stables, id\u00e9al pour les s\u00e8che-cheveux et les distributeurs automatiques, garantissant des performances fiables.","robots":{"index":"index","follow":"follow","max-snippet":"max-snippet:-1","max-image-preview":"max-image-preview:large","max-video-preview":"max-video-preview:-1"},"canonical":"https:\/\/www.leili-motor.net\/fr\/moteur-a-engrenages-a-balais-cc-33zyj360.html","schema":{"@context":"https:\/\/schema.org","@graph":[{"@type":"WebPage","@id":"https:\/\/www.leili-motor.net\/fr\/moteur-a-engrenages-a-balais-cc-33zyj360.html","url":"https:\/\/www.leili-motor.net\/fr\/moteur-a-engrenages-a-balais-cc-33zyj360.html","name":"Moteur \u00e0 Engrenages \u00e0 Balais CC 33ZYJ360 &#8211; Leili Motor","isPartOf":{"@id":"https:\/\/www.leili-motor.net\/fr\/#website"},"primaryImageOfPage":{"@id":"https:\/\/www.leili-motor.net\/fr\/moteur-a-engrenages-a-balais-cc-33zyj360.html#primaryimage"},"image":{"@id":"https:\/\/www.leili-motor.net\/fr\/moteur-a-engrenages-a-balais-cc-33zyj360.html#primaryimage"},"thumbnailUrl":"https:\/\/www.leili-motor.net\/wp-content\/uploads\/2025\/03\/33ZYJ360-DC-Brushed-Gear-Motor.webp","datePublished":"2025-03-06T09:35:16+00:00","description":"Le moteur \u00e0 engrenages \u00e0 balais \u00e0 courant continu 33ZYJ360 fonctionne \u00e0 6-20 V, offrant un couple et une efficacit\u00e9 stables, id\u00e9al pour les s\u00e8che-cheveux et les distributeurs automatiques, garantissant des performances fiables.","breadcrumb":{"@id":"https:\/\/www.leili-motor.net\/fr\/moteur-a-engrenages-a-balais-cc-33zyj360.html#breadcrumb"},"inLanguage":"fr-FR","potentialAction":[{"@type":"ReadAction","target":["https:\/\/www.leili-motor.net\/fr\/moteur-a-engrenages-a-balais-cc-33zyj360.html"]}]},{"@type":"ImageObject","inLanguage":"fr-FR","@id":"https:\/\/www.leili-motor.net\/fr\/moteur-a-engrenages-a-balais-cc-33zyj360.html#primaryimage","url":"https:\/\/www.leili-motor.net\/wp-content\/uploads\/2025\/03\/33ZYJ360-DC-Brushed-Gear-Motor.webp","contentUrl":"https:\/\/www.leili-motor.net\/wp-content\/uploads\/2025\/03\/33ZYJ360-DC-Brushed-Gear-Motor.webp","width":454,"height":310,"caption":"Moteur \u00e0 engrenages \u00e0 balais CC 33ZYJ360"},{"@type":"BreadcrumbList","@id":"https:\/\/www.leili-motor.net\/fr\/moteur-a-engrenages-a-balais-cc-33zyj360.html#breadcrumb","itemListElement":[{"@type":"ListItem","position":1,"name":"Home","item":"https:\/\/www.leili-motor.net\/fr\/"},{"@type":"ListItem","position":2,"name":"Produits","item":"https:\/\/www.leili-motor.net\/fr\/produits\/"},{"@type":"ListItem","position":3,"name":"Moteur \u00e0 Engrenages \u00e0 Balais CC 33ZYJ360"}]},{"@type":"WebSite","@id":"https:\/\/www.leili-motor.net\/fr\/#website","url":"https:\/\/www.leili-motor.net\/fr\/","name":"Leili Motor","description":"","publisher":{"@id":"https:\/\/www.leili-motor.net\/fr\/#organization"},"potentialAction":[{"@type":"SearchAction","target":{"@type":"EntryPoint","urlTemplate":"https:\/\/www.leili-motor.net\/fr\/?s={search_term_string}"},"query-input":{"@type":"PropertyValueSpecification","valueRequired":true,"valueName":"search_term_string"}}],"inLanguage":"fr-FR"},{"@type":"Organization","@id":"https:\/\/www.leili-motor.net\/fr\/#organization","name":"Leili Motor","url":"https:\/\/www.leili-motor.net\/fr\/","logo":{"@type":"ImageObject","inLanguage":"fr-FR","@id":"https:\/\/www.leili-motor.net\/fr\/#\/schema\/logo\/image\/","url":"https:\/\/www.leili-motor.net\/wp-content\/uploads\/2025\/03\/Leili-Motor.png","contentUrl":"https:\/\/www.leili-motor.net\/wp-content\/uploads\/2025\/03\/Leili-Motor.png","width":600,"height":156,"caption":"Leili Motor"},"image":{"@id":"https:\/\/www.leili-motor.net\/fr\/#\/schema\/logo\/image\/"}}]}},"_links":{"self":[{"href":"https:\/\/www.leili-motor.net\/fr\/wp-json\/wp\/v2\/product\/10953","targetHints":{"allow":["GET"]}}],"collection":[{"href":"https:\/\/www.leili-motor.net\/fr\/wp-json\/wp\/v2\/product"}],"about":[{"href":"https:\/\/www.leili-motor.net\/fr\/wp-json\/wp\/v2\/types\/product"}],"replies":[{"embeddable":true,"href":"https:\/\/www.leili-motor.net\/fr\/wp-json\/wp\/v2\/comments?post=10953"}],"wp:featuredmedia":[{"embeddable":true,"href":"https:\/\/www.leili-motor.net\/fr\/wp-json\/wp\/v2\/media\/10954"}],"wp:attachment":[{"href":"https:\/\/www.leili-motor.net\/fr\/wp-json\/wp\/v2\/media?parent=10953"}],"wp:term":[{"taxonomy":"product_brand","embeddable":true,"href":"https:\/\/www.leili-motor.net\/fr\/wp-json\/wp\/v2\/product_brand?post=10953"},{"taxonomy":"product_cat","embeddable":true,"href":"https:\/\/www.leili-motor.net\/fr\/wp-json\/wp\/v2\/product_cat?post=10953"},{"taxonomy":"product_tag","embeddable":true,"href":"https:\/\/www.leili-motor.net\/fr\/wp-json\/wp\/v2\/product_tag?post=10953"}],"curies":[{"name":"wp","href":"https:\/\/api.w.org\/{rel}","templated":true}]}}