{"id":10957,"date":"2025-03-13T13:35:14","date_gmt":"2025-03-13T05:35:14","guid":{"rendered":"https:\/\/www.leili-motor.net\/moteur-de-soupape\/"},"modified":"2025-03-13T13:35:14","modified_gmt":"2025-03-13T05:35:14","slug":"moteur-de-soupape","status":"publish","type":"product","link":"https:\/\/www.leili-motor.net\/fr\/moteur-de-soupape.html","title":{"rendered":"Moteur de Soupape"},"content":{"rendered":"<h2>Param\u00e8tres du produit<\/h2>\n<table>\n<tbody>\n<tr>\n<td>Mod\u00e8le<\/td>\n<td>Tension nominale<br \/>\n(V CA\/CC)<\/td>\n<td>Rapport de<br \/>\nr\u00e9duction<\/td>\n<td>Courant<br \/>\nd&rsquo;entr\u00e9e<br \/>\n(mA)<\/td>\n<td>Vitesse<br \/>\n\u00e0 vide<br \/>\n(tr\/min)<\/td>\n<td>Charge nominale<br \/>\n(N)<\/td>\n<td>Courant<br \/>\nnominal<br \/>\n(mA)<\/td>\n<td>Vitesse<br \/>\nnominale<br \/>\n(tr\/min)<\/td>\n<td>Courant<br \/>\nde blocage<br \/>\n(A)<\/td>\n<td>Couple<br \/>\nde blocage<x id=\"gid_1\"><\/x>mN\u2022m<\/td>\n<\/tr>\n<tr>\n<td>36ZYJ1-1<\/td>\n<td>24<\/td>\n<td>1\/506.19<\/td>\n<td>\u22640.15<\/td>\n<td>2.5\u2264X\u22644<\/td>\n<td>4520<\/td>\n<td>\u22640.24<\/td>\n<td>2\u2264X\u22643<\/td>\n<td>\u22640.65<\/td>\n<td>\u226518000<\/td>\n<\/tr>\n<\/tbody>\n<\/table>\n<table>\n<tbody>\n<tr>\n<td rowspan=\"2\">Mod\u00e8le<\/td>\n<td rowspan=\"2\">Tension<br \/>\n nominale<br \/>\n(V, CA\/CC)<\/td>\n<td rowspan=\"2\">Fonctionnement<br \/>\nFr\u00e9quence<br \/>\n(PPS)<\/td>\n<td rowspan=\"2\">Rapport de<br \/>\nr\u00e9duction<\/td>\n<td colspan=\"3\">\u00c0 vide<\/td>\n<td colspan=\"3\">Charge, 2260 m<\/p>\n<p>N\u2022m,min<\/td>\n<td colspan=\"2\">Arr\u00eater le rotor<\/td>\n<\/tr>\n<tr>\n<td>Puissance<br \/>\n de sortie<\/td>\n<td>Courant<br \/>\n  (A)<\/td>\n<td>Vitesse<br \/>\nde rotation<br \/>\n(tr\/min)<\/td>\n<td>Puissance<br \/>\nde sortie<\/td>\n<td>Courant<br \/>\n(A)<\/td>\n<td>Vitesse<br \/>\nde rotation<br \/>\n(tr\/min)<\/td>\n<td>mN\u2022m<\/td>\n<td>Courant<br \/>\n  (A)<\/td>\n<\/tr>\n<tr>\n<td rowspan=\"2\">36ZYJ1-2<\/td>\n<td>24<\/td>\n<td>50\/60<\/td>\n<td>1\/506.19<\/td>\n<td>2,4max<\/td>\n<td>0,1 max<\/td>\n<td>3\u2264X\u22644.5<\/td>\n<td>5max<\/td>\n<td>0,25 max<\/td>\n<td>\u22652.3<\/td>\n<td>\u22658000<\/td>\n<td>&lt;1<\/td>\n<\/tr>\n<tr>\n<td>20.5<\/td>\n<td>50\/60<\/td>\n<td>1\/506.19<\/td>\n<td>&#8211;<\/td>\n<td>&#8211;<\/td>\n<td>&#8211;<\/td>\n<td>&#8211;<\/td>\n<td>&#8211;<\/td>\n<td>&#8211;<\/td>\n<td>\u22654520<\/td>\n<td>&#8211;<\/td>\n<\/tr>\n<tr>\n<td rowspan=\"2\">36ZYJ1-3<\/td>\n<td>24<\/td>\n<td>50\/60<\/td>\n<td>1\/506.19<\/td>\n<td>2,4max<\/td>\n<td>0,1 max<\/td>\n<td>3\u2264X\u22644.5<\/td>\n<td>5max<\/td>\n<td>0,25 max<\/td>\n<td>\u22652.5<\/td>\n<td>\u22659100<\/td>\n<td>&lt;1<\/td>\n<\/tr>\n<tr>\n<td>20.5<\/td>\n<td>50\/60<\/td>\n<td>1\/506.19<\/td>\n<td>&#8211;<\/td>\n<td>&#8211;<\/td>\n<td>&#8211;<\/td>\n<td>&#8211;<\/td>\n<td>&#8211;<\/td>\n<td>&#8211;<\/td>\n<td>\u22654520<\/td>\n<td>&#8211;<\/td>\n<\/tr>\n<tr>\n<td rowspan=\"2\">36ZYJ1-4<\/td>\n<td>24<\/td>\n<td>50\/60<\/td>\n<td>1\/506.19<\/td>\n<td>4,8 max<\/td>\n<td>0,2max<\/td>\n<td>3\u2264X\u22646<\/td>\n<td>7,2max<\/td>\n<td>0.3max<\/td>\n<td>4\u2264X\u22646<\/td>\n<td>\u22658500<\/td>\n<td>&lt;1<\/td>\n<\/tr>\n<tr>\n<td>20.5<\/td>\n<td>50\/60<\/td>\n<td>1\/506.19<\/td>\n<td>&#8211;<\/td>\n<td>&#8211;<\/td>\n<td>&#8211;<\/td>\n<td>&#8211;<\/td>\n<td>&#8211;<\/td>\n<td>&#8211;<\/td>\n<td>\u22654520<\/td>\n<td>&#8211;<\/td>\n<\/tr>\n<\/tbody>\n<\/table>\n<h2>Dimensions m\u00e9caniques : mm<\/h2>\n<p><img fetchpriority=\"high\" decoding=\"async\" class=\"size-full wp-image-2761 aligncenter\" src=\"https:\/\/www.leili-motor.net\/wp-content\/uploads\/2025\/03\/Mechanical-Dimensions-for-Valve-Motor.webp\" alt=\"Dimensions m\u00e9caniques du moteur de vanne\" width=\"1200\" height=\"707\" srcset=\"https:\/\/www.leili-motor.net\/wp-content\/uploads\/2025\/03\/Mechanical-Dimensions-for-Valve-Motor.webp 1200w, https:\/\/www.leili-motor.net\/wp-content\/uploads\/2025\/03\/Mechanical-Dimensions-for-Valve-Motor-300x177.webp 300w, https:\/\/www.leili-motor.net\/wp-content\/uploads\/2025\/03\/Mechanical-Dimensions-for-Valve-Motor-1024x603.webp 1024w, https:\/\/www.leili-motor.net\/wp-content\/uploads\/2025\/03\/Mechanical-Dimensions-for-Valve-Motor-768x452.webp 768w, https:\/\/www.leili-motor.net\/wp-content\/uploads\/2025\/03\/Mechanical-Dimensions-for-Valve-Motor-600x354.webp 600w\" sizes=\"(max-width: 1200px) 100vw, 1200px\" \/><\/p>\n","protected":false},"excerpt":{"rendered":"<h3>Pr\u00e9sentation du produit<\/h3>\n<ul>\n<li>Ce produit est principalement utilis\u00e9 pour le contr\u00f4le des vannes dans les \u00e9quipements de chauffage<\/li>\n<li>Mod\u00e8le : 36ZYJ1-1, 36ZYJ1-2, 36ZYJ1-3, 36ZYJ1-4<\/li>\n<li>Rapport de r\u00e9duction : Dispose d&rsquo;un rapport de r\u00e9duction de 1\/506,19, garantissant un mouvement pr\u00e9cis et contr\u00f4l\u00e9.<\/li>\n<li>Courant d&rsquo;entr\u00e9e : \u2264 0,15 A, optimisant la consommation d&rsquo;\u00e9nergie tout en maintenant des performances fiables.<\/li>\n<\/ul>\n<h3>Application du produit<\/h3>\n<p>\u00c9quipement industriel<\/p>\n","protected":false},"featured_media":10958,"comment_status":"open","ping_status":"closed","template":"","meta":{"site-sidebar-layout":"default","site-content-layout":"","ast-site-content-layout":"default","site-content-style":"default","site-sidebar-style":"default","ast-global-header-display":"","ast-banner-title-visibility":"","ast-main-header-display":"","ast-hfb-above-header-display":"","ast-hfb-below-header-display":"","ast-hfb-mobile-header-display":"","site-post-title":"","ast-breadcrumbs-content":"","ast-featured-img":"","footer-sml-layout":"","theme-transparent-header-meta":"default","adv-header-id-meta":"","stick-header-meta":"","header-above-stick-meta":"","header-main-stick-meta":"","header-below-stick-meta":"","astra-migrate-meta-layouts":"default","ast-page-background-enabled":"default","ast-page-background-meta":{"desktop":{"background-color":"var(--ast-global-color-5)","background-image":"","background-repeat":"repeat","background-position":"center center","background-size":"auto","background-attachment":"scroll","background-type":"","background-media":"","overlay-type":"","overlay-color":"","overlay-opacity":"","overlay-gradient":""},"tablet":{"background-color":"","background-image":"","background-repeat":"repeat","background-position":"center center","background-size":"auto","background-attachment":"scroll","background-type":"","background-media":"","overlay-type":"","overlay-color":"","overlay-opacity":"","overlay-gradient":""},"mobile":{"background-color":"","background-image":"","background-repeat":"repeat","background-position":"center center","background-size":"auto","background-attachment":"scroll","background-type":"","background-media":"","overlay-type":"","overlay-color":"","overlay-opacity":"","overlay-gradient":""}},"ast-content-background-meta":{"desktop":{"background-color":"var(--ast-global-color-4)","background-image":"","background-repeat":"repeat","background-position":"center center","background-size":"auto","background-attachment":"scroll","background-type":"","background-media":"","overlay-type":"","overlay-color":"","overlay-opacity":"","overlay-gradient":""},"tablet":{"background-color":"var(--ast-global-color-4)","background-image":"","background-repeat":"repeat","background-position":"center center","background-size":"auto","background-attachment":"scroll","background-type":"","background-media":"","overlay-type":"","overlay-color":"","overlay-opacity":"","overlay-gradient":""},"mobile":{"background-color":"var(--ast-global-color-4)","background-image":"","background-repeat":"repeat","background-position":"center center","background-size":"auto","background-attachment":"scroll","background-type":"","background-media":"","overlay-type":"","overlay-color":"","overlay-opacity":"","overlay-gradient":""}}},"product_brand":[],"product_cat":[1150,1179],"product_tag":[1180],"class_list":{"0":"post-10957","1":"product","2":"type-product","3":"status-publish","4":"has-post-thumbnail","6":"product_cat-composants","7":"product_cat-composants-industriels","8":"product_tag-commande-de-soupape-pieces","9":"pa_application-industrie-fr","10":"desktop-align-left","11":"tablet-align-left","12":"mobile-align-left","14":"first","15":"instock","16":"shipping-taxable","17":"product-type-simple"},"yoast_head":"<!-- This site is optimized with the Yoast SEO plugin v27.2 - https:\/\/yoast.com\/product\/yoast-seo-wordpress\/ -->\n<title>Moteur de Soupape &#8211; Leili Motor<\/title>\n<meta name=\"description\" content=\"Le moteur de vanne fonctionne \u00e0 une tension nominale de 24 V CA\/CC, ce qui le rend adapt\u00e9 aux syst\u00e8mes n\u00e9cessitant une entr\u00e9e de tension standard.\" \/>\n<meta name=\"robots\" content=\"index, follow, max-snippet:-1, max-image-preview:large, max-video-preview:-1\" \/>\n<link rel=\"canonical\" href=\"https:\/\/www.leili-motor.net\/fr\/moteur-de-soupape.html\" \/>\n<meta name=\"twitter:label1\" content=\"Dur\u00e9e de lecture estim\u00e9e\" \/>\n\t<meta name=\"twitter:data1\" content=\"1 minute\" \/>\n<script type=\"application\/ld+json\" class=\"yoast-schema-graph\">{\"@context\":\"https:\/\/schema.org\",\"@graph\":[{\"@type\":\"WebPage\",\"@id\":\"https:\/\/www.leili-motor.net\/fr\/moteur-de-soupape.html\",\"url\":\"https:\/\/www.leili-motor.net\/fr\/moteur-de-soupape.html\",\"name\":\"Moteur de Soupape &#8211; Leili Motor\",\"isPartOf\":{\"@id\":\"https:\/\/www.leili-motor.net\/fr\/#website\"},\"primaryImageOfPage\":{\"@id\":\"https:\/\/www.leili-motor.net\/fr\/moteur-de-soupape.html#primaryimage\"},\"image\":{\"@id\":\"https:\/\/www.leili-motor.net\/fr\/moteur-de-soupape.html#primaryimage\"},\"thumbnailUrl\":\"https:\/\/www.leili-motor.net\/wp-content\/uploads\/2025\/03\/Valve-Motor.webp\",\"datePublished\":\"2025-03-13T05:35:14+00:00\",\"description\":\"Le moteur de vanne fonctionne \u00e0 une tension nominale de 24 V CA\/CC, ce qui le rend adapt\u00e9 aux syst\u00e8mes n\u00e9cessitant une entr\u00e9e de tension standard.\",\"breadcrumb\":{\"@id\":\"https:\/\/www.leili-motor.net\/fr\/moteur-de-soupape.html#breadcrumb\"},\"inLanguage\":\"fr-FR\",\"potentialAction\":[{\"@type\":\"ReadAction\",\"target\":[\"https:\/\/www.leili-motor.net\/fr\/moteur-de-soupape.html\"]}]},{\"@type\":\"ImageObject\",\"inLanguage\":\"fr-FR\",\"@id\":\"https:\/\/www.leili-motor.net\/fr\/moteur-de-soupape.html#primaryimage\",\"url\":\"https:\/\/www.leili-motor.net\/wp-content\/uploads\/2025\/03\/Valve-Motor.webp\",\"contentUrl\":\"https:\/\/www.leili-motor.net\/wp-content\/uploads\/2025\/03\/Valve-Motor.webp\",\"width\":454,\"height\":310,\"caption\":\"moteur de soupape\"},{\"@type\":\"BreadcrumbList\",\"@id\":\"https:\/\/www.leili-motor.net\/fr\/moteur-de-soupape.html#breadcrumb\",\"itemListElement\":[{\"@type\":\"ListItem\",\"position\":1,\"name\":\"Home\",\"item\":\"https:\/\/www.leili-motor.net\/fr\/\"},{\"@type\":\"ListItem\",\"position\":2,\"name\":\"Produits\",\"item\":\"https:\/\/www.leili-motor.net\/fr\/produits\/\"},{\"@type\":\"ListItem\",\"position\":3,\"name\":\"Moteur de Soupape\"}]},{\"@type\":\"WebSite\",\"@id\":\"https:\/\/www.leili-motor.net\/fr\/#website\",\"url\":\"https:\/\/www.leili-motor.net\/fr\/\",\"name\":\"Leili Motor\",\"description\":\"\",\"publisher\":{\"@id\":\"https:\/\/www.leili-motor.net\/fr\/#organization\"},\"potentialAction\":[{\"@type\":\"SearchAction\",\"target\":{\"@type\":\"EntryPoint\",\"urlTemplate\":\"https:\/\/www.leili-motor.net\/fr\/?s={search_term_string}\"},\"query-input\":{\"@type\":\"PropertyValueSpecification\",\"valueRequired\":true,\"valueName\":\"search_term_string\"}}],\"inLanguage\":\"fr-FR\"},{\"@type\":\"Organization\",\"@id\":\"https:\/\/www.leili-motor.net\/fr\/#organization\",\"name\":\"Leili Motor\",\"url\":\"https:\/\/www.leili-motor.net\/fr\/\",\"logo\":{\"@type\":\"ImageObject\",\"inLanguage\":\"fr-FR\",\"@id\":\"https:\/\/www.leili-motor.net\/fr\/#\/schema\/logo\/image\/\",\"url\":\"https:\/\/www.leili-motor.net\/wp-content\/uploads\/2025\/03\/Leili-Motor.png\",\"contentUrl\":\"https:\/\/www.leili-motor.net\/wp-content\/uploads\/2025\/03\/Leili-Motor.png\",\"width\":600,\"height\":156,\"caption\":\"Leili Motor\"},\"image\":{\"@id\":\"https:\/\/www.leili-motor.net\/fr\/#\/schema\/logo\/image\/\"}}]}<\/script>\n<!-- \/ Yoast SEO plugin. -->","yoast_head_json":{"title":"Moteur de Soupape &#8211; Leili Motor","description":"Le moteur de vanne fonctionne \u00e0 une tension nominale de 24 V CA\/CC, ce qui le rend adapt\u00e9 aux syst\u00e8mes n\u00e9cessitant une entr\u00e9e de tension standard.","robots":{"index":"index","follow":"follow","max-snippet":"max-snippet:-1","max-image-preview":"max-image-preview:large","max-video-preview":"max-video-preview:-1"},"canonical":"https:\/\/www.leili-motor.net\/fr\/moteur-de-soupape.html","twitter_misc":{"Dur\u00e9e de lecture estim\u00e9e":"1 minute"},"schema":{"@context":"https:\/\/schema.org","@graph":[{"@type":"WebPage","@id":"https:\/\/www.leili-motor.net\/fr\/moteur-de-soupape.html","url":"https:\/\/www.leili-motor.net\/fr\/moteur-de-soupape.html","name":"Moteur de Soupape &#8211; Leili Motor","isPartOf":{"@id":"https:\/\/www.leili-motor.net\/fr\/#website"},"primaryImageOfPage":{"@id":"https:\/\/www.leili-motor.net\/fr\/moteur-de-soupape.html#primaryimage"},"image":{"@id":"https:\/\/www.leili-motor.net\/fr\/moteur-de-soupape.html#primaryimage"},"thumbnailUrl":"https:\/\/www.leili-motor.net\/wp-content\/uploads\/2025\/03\/Valve-Motor.webp","datePublished":"2025-03-13T05:35:14+00:00","description":"Le moteur de vanne fonctionne \u00e0 une tension nominale de 24 V CA\/CC, ce qui le rend adapt\u00e9 aux syst\u00e8mes n\u00e9cessitant une entr\u00e9e de tension standard.","breadcrumb":{"@id":"https:\/\/www.leili-motor.net\/fr\/moteur-de-soupape.html#breadcrumb"},"inLanguage":"fr-FR","potentialAction":[{"@type":"ReadAction","target":["https:\/\/www.leili-motor.net\/fr\/moteur-de-soupape.html"]}]},{"@type":"ImageObject","inLanguage":"fr-FR","@id":"https:\/\/www.leili-motor.net\/fr\/moteur-de-soupape.html#primaryimage","url":"https:\/\/www.leili-motor.net\/wp-content\/uploads\/2025\/03\/Valve-Motor.webp","contentUrl":"https:\/\/www.leili-motor.net\/wp-content\/uploads\/2025\/03\/Valve-Motor.webp","width":454,"height":310,"caption":"moteur de soupape"},{"@type":"BreadcrumbList","@id":"https:\/\/www.leili-motor.net\/fr\/moteur-de-soupape.html#breadcrumb","itemListElement":[{"@type":"ListItem","position":1,"name":"Home","item":"https:\/\/www.leili-motor.net\/fr\/"},{"@type":"ListItem","position":2,"name":"Produits","item":"https:\/\/www.leili-motor.net\/fr\/produits\/"},{"@type":"ListItem","position":3,"name":"Moteur de Soupape"}]},{"@type":"WebSite","@id":"https:\/\/www.leili-motor.net\/fr\/#website","url":"https:\/\/www.leili-motor.net\/fr\/","name":"Leili Motor","description":"","publisher":{"@id":"https:\/\/www.leili-motor.net\/fr\/#organization"},"potentialAction":[{"@type":"SearchAction","target":{"@type":"EntryPoint","urlTemplate":"https:\/\/www.leili-motor.net\/fr\/?s={search_term_string}"},"query-input":{"@type":"PropertyValueSpecification","valueRequired":true,"valueName":"search_term_string"}}],"inLanguage":"fr-FR"},{"@type":"Organization","@id":"https:\/\/www.leili-motor.net\/fr\/#organization","name":"Leili Motor","url":"https:\/\/www.leili-motor.net\/fr\/","logo":{"@type":"ImageObject","inLanguage":"fr-FR","@id":"https:\/\/www.leili-motor.net\/fr\/#\/schema\/logo\/image\/","url":"https:\/\/www.leili-motor.net\/wp-content\/uploads\/2025\/03\/Leili-Motor.png","contentUrl":"https:\/\/www.leili-motor.net\/wp-content\/uploads\/2025\/03\/Leili-Motor.png","width":600,"height":156,"caption":"Leili Motor"},"image":{"@id":"https:\/\/www.leili-motor.net\/fr\/#\/schema\/logo\/image\/"}}]}},"_links":{"self":[{"href":"https:\/\/www.leili-motor.net\/fr\/wp-json\/wp\/v2\/product\/10957","targetHints":{"allow":["GET"]}}],"collection":[{"href":"https:\/\/www.leili-motor.net\/fr\/wp-json\/wp\/v2\/product"}],"about":[{"href":"https:\/\/www.leili-motor.net\/fr\/wp-json\/wp\/v2\/types\/product"}],"replies":[{"embeddable":true,"href":"https:\/\/www.leili-motor.net\/fr\/wp-json\/wp\/v2\/comments?post=10957"}],"wp:featuredmedia":[{"embeddable":true,"href":"https:\/\/www.leili-motor.net\/fr\/wp-json\/wp\/v2\/media\/10958"}],"wp:attachment":[{"href":"https:\/\/www.leili-motor.net\/fr\/wp-json\/wp\/v2\/media?parent=10957"}],"wp:term":[{"taxonomy":"product_brand","embeddable":true,"href":"https:\/\/www.leili-motor.net\/fr\/wp-json\/wp\/v2\/product_brand?post=10957"},{"taxonomy":"product_cat","embeddable":true,"href":"https:\/\/www.leili-motor.net\/fr\/wp-json\/wp\/v2\/product_cat?post=10957"},{"taxonomy":"product_tag","embeddable":true,"href":"https:\/\/www.leili-motor.net\/fr\/wp-json\/wp\/v2\/product_tag?post=10957"}],"curies":[{"name":"wp","href":"https:\/\/api.w.org\/{rel}","templated":true}]}}