{"id":10963,"date":"2025-03-13T11:46:49","date_gmt":"2025-03-13T03:46:49","guid":{"rendered":"https:\/\/www.leili-motor.net\/actionneur-de-climatisation-automobile\/"},"modified":"2025-03-13T11:46:49","modified_gmt":"2025-03-13T03:46:49","slug":"actionneur-de-climatisation-automobile","status":"publish","type":"product","link":"https:\/\/www.leili-motor.net\/fr\/actionneur-de-climatisation-automobile.html","title":{"rendered":"Actionneur de Climatisation Automobile"},"content":{"rendered":"<h2>Param\u00e8tres du produit<\/h2>\n<table>\n<tbody>\n<tr>\n<td>Mod\u00e8le<\/td>\n<td>Tension nominale<\/p>\n<p>DC.V<\/td>\n<td>Tension de fonctionnement<\/p>\n<p>V CC<\/td>\n<td>R\u00e9sistance<\/p>\n<p>(25\u2103)<br \/>\n\u03a9\/phase<\/td>\n<td>Rapport de r\u00e9duction<\/td>\n<td>Vitesse de l&rsquo;actionneur<\/p>\n<p>tr\/min<\/td>\n<td>Couple de d\u00e9crochage<\/p>\n<p>mN.m<\/td>\n<td>Angle de pas<\/p>\n<p>(Moteur)<\/td>\n<td>Angle de pas<\/p>\n<p>(Arbre de sortie)<\/td>\n<td>(Vitesse de l&rsquo;arbre de sortie)<br \/>\ntr\/min<\/td>\n<td>Couple de maintien<\/p>\n<p>N.cm<\/td>\n<td>Temp\u00e9rature de fonctionnement<\/td>\n<td>Niveau de protection<\/td>\n<td>Rigidit\u00e9 di\u00e9lectrique<\/td>\n<td>R\u00e9sistance d&rsquo;isolation<\/p>\n<p>CC 500V (M\u03a9<\/td>\n<td>\u00c9l\u00e9vation de temp\u00e9rature<\/p>\n<p>K<\/td>\n<td>Niveau sonore<\/p>\n<p>dB(A)<\/td>\n<\/tr>\n<tr>\n<td>CZJ2-4<\/td>\n<td>12<\/td>\n<td>9~16<\/td>\n<td>60\u00b17%<\/td>\n<td>1:295.56<\/td>\n<td>2~5<\/td>\n<td>\u226598<\/td>\n<td>15\u00b0<\/td>\n<td>0.0508\u00b0<\/td>\n<td>5<\/td>\n<td>\u2265100<\/td>\n<td>-40~85\u2103<\/td>\n<td>IP50<\/td>\n<td>No breakdown or flashover<br \/>\nAC600V,1mA,1s<\/td>\n<td>\u2265100<\/td>\n<td>\u226465<\/td>\n<td>\u226435<br \/>\n(10 cm)<\/td>\n<\/tr>\n<tr>\n<td>CZJ2-5<\/td>\n<td>12<\/td>\n<td>9~16<\/td>\n<td>30\u00b110%<\/td>\n<td>1:400<\/td>\n<td>2~5<\/td>\n<td>\u2265700<\/td>\n<td>15\u00b0<\/td>\n<td>0.0375\u00b0<\/td>\n<td>2.0<\/td>\n<td><\/td>\n<td>-40~85\u2103<\/td>\n<td>IP50<\/td>\n<td>Pas de claquage ni de contournement<br \/>\nAC500V,3mA,1min<\/td>\n<td>\u2265100<\/td>\n<td>\u226465<\/td>\n<td>\u226435<br \/>\n(10 cm)<\/td>\n<\/tr>\n<\/tbody>\n<\/table>\n<h2>Dimensions m\u00e9caniques : mm<\/h2>\n<p><img fetchpriority=\"high\" decoding=\"async\" class=\"size-full wp-image-2688 aligncenter\" src=\"https:\/\/www.leili-motor.net\/wp-content\/uploads\/2025\/03\/Mechanical-Dimensions-for-Automobile-Air-Conditioning-Actuator.webp\" alt=\"Dimensions m\u00e9caniques de l'actionneur de climatisation automobile\" width=\"759\" height=\"1115\" srcset=\"https:\/\/www.leili-motor.net\/wp-content\/uploads\/2025\/03\/Mechanical-Dimensions-for-Automobile-Air-Conditioning-Actuator.webp 759w, https:\/\/www.leili-motor.net\/wp-content\/uploads\/2025\/03\/Mechanical-Dimensions-for-Automobile-Air-Conditioning-Actuator-204x300.webp 204w, https:\/\/www.leili-motor.net\/wp-content\/uploads\/2025\/03\/Mechanical-Dimensions-for-Automobile-Air-Conditioning-Actuator-697x1024.webp 697w, https:\/\/www.leili-motor.net\/wp-content\/uploads\/2025\/03\/Mechanical-Dimensions-for-Automobile-Air-Conditioning-Actuator-600x881.webp 600w\" sizes=\"(max-width: 759px) 100vw, 759px\" \/><\/p>\n","protected":false},"excerpt":{"rendered":"<h3>Pr\u00e9sentation du produit<\/h3>\n<ul>\n<li>Actionneur de climatisation automobile<\/li>\n<li>Mod\u00e8le : CZJ2-4, CZJ2-5<\/li>\n<li>Vitesse de l&rsquo;actionneur : 2 \u00e0 5 tr\/min, garantissant un mouvement et un r\u00e9glage contr\u00f4l\u00e9s.<\/li>\n<li>Temp\u00e9rature de fonctionnement : Fonctionne dans la plage de -40\u00b0C \u00e0 85\u00b0C, adapt\u00e9 aux environnements automobiles.<\/li>\n<\/ul>\n<h3>Application du produit<\/h3>\n<ul>\n<li>Volet de climatisation automobile\/prise \u00e9lectrique<\/li>\n<\/ul>\n","protected":false},"featured_media":10964,"comment_status":"open","ping_status":"closed","template":"","meta":{"site-sidebar-layout":"default","site-content-layout":"","ast-site-content-layout":"default","site-content-style":"default","site-sidebar-style":"default","ast-global-header-display":"","ast-banner-title-visibility":"","ast-main-header-display":"","ast-hfb-above-header-display":"","ast-hfb-below-header-display":"","ast-hfb-mobile-header-display":"","site-post-title":"","ast-breadcrumbs-content":"","ast-featured-img":"","footer-sml-layout":"","theme-transparent-header-meta":"default","adv-header-id-meta":"","stick-header-meta":"","header-above-stick-meta":"","header-main-stick-meta":"","header-below-stick-meta":"","astra-migrate-meta-layouts":"default","ast-page-background-enabled":"default","ast-page-background-meta":{"desktop":{"background-color":"var(--ast-global-color-5)","background-image":"","background-repeat":"repeat","background-position":"center center","background-size":"auto","background-attachment":"scroll","background-type":"","background-media":"","overlay-type":"","overlay-color":"","overlay-opacity":"","overlay-gradient":""},"tablet":{"background-color":"","background-image":"","background-repeat":"repeat","background-position":"center center","background-size":"auto","background-attachment":"scroll","background-type":"","background-media":"","overlay-type":"","overlay-color":"","overlay-opacity":"","overlay-gradient":""},"mobile":{"background-color":"","background-image":"","background-repeat":"repeat","background-position":"center center","background-size":"auto","background-attachment":"scroll","background-type":"","background-media":"","overlay-type":"","overlay-color":"","overlay-opacity":"","overlay-gradient":""}},"ast-content-background-meta":{"desktop":{"background-color":"var(--ast-global-color-4)","background-image":"","background-repeat":"repeat","background-position":"center center","background-size":"auto","background-attachment":"scroll","background-type":"","background-media":"","overlay-type":"","overlay-color":"","overlay-opacity":"","overlay-gradient":""},"tablet":{"background-color":"var(--ast-global-color-4)","background-image":"","background-repeat":"repeat","background-position":"center center","background-size":"auto","background-attachment":"scroll","background-type":"","background-media":"","overlay-type":"","overlay-color":"","overlay-opacity":"","overlay-gradient":""},"mobile":{"background-color":"var(--ast-global-color-4)","background-image":"","background-repeat":"repeat","background-position":"center center","background-size":"auto","background-attachment":"scroll","background-type":"","background-media":"","overlay-type":"","overlay-color":"","overlay-opacity":"","overlay-gradient":""}}},"product_brand":[],"product_cat":[1150,1184],"product_tag":[1185,1186],"class_list":{"0":"post-10963","1":"product","2":"type-product","3":"status-publish","4":"has-post-thumbnail","6":"product_cat-composants","7":"product_cat-composants-automobiles","8":"product_tag-climatisation-volet-de-climatisation","9":"product_tag-climatisation-sortie-dair-electrique","10":"pa_application-pieces-detachees-automobiles","11":"desktop-align-left","12":"tablet-align-left","13":"mobile-align-left","15":"first","16":"instock","17":"shipping-taxable","18":"product-type-simple"},"yoast_head":"<!-- This site is optimized with the Yoast SEO plugin v27.2 - https:\/\/yoast.com\/product\/yoast-seo-wordpress\/ -->\n<title>Actionneur de Climatisation Automobile &#8211; Leili Motor<\/title>\n<meta name=\"description\" content=\"L&#039;actionneur de climatisation automobile a un angle de pas de moteur de 15\u00b0, garantissant des pas de rotation pr\u00e9cis pour un contr\u00f4le pr\u00e9cis.\" \/>\n<meta name=\"robots\" content=\"index, follow, max-snippet:-1, max-image-preview:large, max-video-preview:-1\" \/>\n<link rel=\"canonical\" href=\"https:\/\/www.leili-motor.net\/fr\/actionneur-de-climatisation-automobile.html\" \/>\n<meta name=\"twitter:label1\" content=\"Dur\u00e9e de lecture estim\u00e9e\" \/>\n\t<meta name=\"twitter:data1\" content=\"1 minute\" \/>\n<script type=\"application\/ld+json\" class=\"yoast-schema-graph\">{\"@context\":\"https:\/\/schema.org\",\"@graph\":[{\"@type\":\"WebPage\",\"@id\":\"https:\/\/www.leili-motor.net\/fr\/actionneur-de-climatisation-automobile.html\",\"url\":\"https:\/\/www.leili-motor.net\/fr\/actionneur-de-climatisation-automobile.html\",\"name\":\"Actionneur de Climatisation Automobile &#8211; Leili Motor\",\"isPartOf\":{\"@id\":\"https:\/\/www.leili-motor.net\/fr\/#website\"},\"primaryImageOfPage\":{\"@id\":\"https:\/\/www.leili-motor.net\/fr\/actionneur-de-climatisation-automobile.html#primaryimage\"},\"image\":{\"@id\":\"https:\/\/www.leili-motor.net\/fr\/actionneur-de-climatisation-automobile.html#primaryimage\"},\"thumbnailUrl\":\"https:\/\/www.leili-motor.net\/wp-content\/uploads\/2025\/03\/Automobile-Air-Conditioning-Actuator.webp\",\"datePublished\":\"2025-03-13T03:46:49+00:00\",\"description\":\"L'actionneur de climatisation automobile a un angle de pas de moteur de 15\u00b0, garantissant des pas de rotation pr\u00e9cis pour un contr\u00f4le pr\u00e9cis.\",\"breadcrumb\":{\"@id\":\"https:\/\/www.leili-motor.net\/fr\/actionneur-de-climatisation-automobile.html#breadcrumb\"},\"inLanguage\":\"fr-FR\",\"potentialAction\":[{\"@type\":\"ReadAction\",\"target\":[\"https:\/\/www.leili-motor.net\/fr\/actionneur-de-climatisation-automobile.html\"]}]},{\"@type\":\"ImageObject\",\"inLanguage\":\"fr-FR\",\"@id\":\"https:\/\/www.leili-motor.net\/fr\/actionneur-de-climatisation-automobile.html#primaryimage\",\"url\":\"https:\/\/www.leili-motor.net\/wp-content\/uploads\/2025\/03\/Automobile-Air-Conditioning-Actuator.webp\",\"contentUrl\":\"https:\/\/www.leili-motor.net\/wp-content\/uploads\/2025\/03\/Automobile-Air-Conditioning-Actuator.webp\",\"width\":454,\"height\":310,\"caption\":\"Actionneur de climatisation automobile\"},{\"@type\":\"BreadcrumbList\",\"@id\":\"https:\/\/www.leili-motor.net\/fr\/actionneur-de-climatisation-automobile.html#breadcrumb\",\"itemListElement\":[{\"@type\":\"ListItem\",\"position\":1,\"name\":\"Home\",\"item\":\"https:\/\/www.leili-motor.net\/fr\/\"},{\"@type\":\"ListItem\",\"position\":2,\"name\":\"Produits\",\"item\":\"https:\/\/www.leili-motor.net\/fr\/produits\/\"},{\"@type\":\"ListItem\",\"position\":3,\"name\":\"Actionneur de Climatisation Automobile\"}]},{\"@type\":\"WebSite\",\"@id\":\"https:\/\/www.leili-motor.net\/fr\/#website\",\"url\":\"https:\/\/www.leili-motor.net\/fr\/\",\"name\":\"Leili Motor\",\"description\":\"\",\"publisher\":{\"@id\":\"https:\/\/www.leili-motor.net\/fr\/#organization\"},\"potentialAction\":[{\"@type\":\"SearchAction\",\"target\":{\"@type\":\"EntryPoint\",\"urlTemplate\":\"https:\/\/www.leili-motor.net\/fr\/?s={search_term_string}\"},\"query-input\":{\"@type\":\"PropertyValueSpecification\",\"valueRequired\":true,\"valueName\":\"search_term_string\"}}],\"inLanguage\":\"fr-FR\"},{\"@type\":\"Organization\",\"@id\":\"https:\/\/www.leili-motor.net\/fr\/#organization\",\"name\":\"Leili Motor\",\"url\":\"https:\/\/www.leili-motor.net\/fr\/\",\"logo\":{\"@type\":\"ImageObject\",\"inLanguage\":\"fr-FR\",\"@id\":\"https:\/\/www.leili-motor.net\/fr\/#\/schema\/logo\/image\/\",\"url\":\"https:\/\/www.leili-motor.net\/wp-content\/uploads\/2025\/03\/Leili-Motor.png\",\"contentUrl\":\"https:\/\/www.leili-motor.net\/wp-content\/uploads\/2025\/03\/Leili-Motor.png\",\"width\":600,\"height\":156,\"caption\":\"Leili Motor\"},\"image\":{\"@id\":\"https:\/\/www.leili-motor.net\/fr\/#\/schema\/logo\/image\/\"}}]}<\/script>\n<!-- \/ Yoast SEO plugin. -->","yoast_head_json":{"title":"Actionneur de Climatisation Automobile &#8211; Leili Motor","description":"L'actionneur de climatisation automobile a un angle de pas de moteur de 15\u00b0, garantissant des pas de rotation pr\u00e9cis pour un contr\u00f4le pr\u00e9cis.","robots":{"index":"index","follow":"follow","max-snippet":"max-snippet:-1","max-image-preview":"max-image-preview:large","max-video-preview":"max-video-preview:-1"},"canonical":"https:\/\/www.leili-motor.net\/fr\/actionneur-de-climatisation-automobile.html","twitter_misc":{"Dur\u00e9e de lecture estim\u00e9e":"1 minute"},"schema":{"@context":"https:\/\/schema.org","@graph":[{"@type":"WebPage","@id":"https:\/\/www.leili-motor.net\/fr\/actionneur-de-climatisation-automobile.html","url":"https:\/\/www.leili-motor.net\/fr\/actionneur-de-climatisation-automobile.html","name":"Actionneur de Climatisation Automobile &#8211; Leili Motor","isPartOf":{"@id":"https:\/\/www.leili-motor.net\/fr\/#website"},"primaryImageOfPage":{"@id":"https:\/\/www.leili-motor.net\/fr\/actionneur-de-climatisation-automobile.html#primaryimage"},"image":{"@id":"https:\/\/www.leili-motor.net\/fr\/actionneur-de-climatisation-automobile.html#primaryimage"},"thumbnailUrl":"https:\/\/www.leili-motor.net\/wp-content\/uploads\/2025\/03\/Automobile-Air-Conditioning-Actuator.webp","datePublished":"2025-03-13T03:46:49+00:00","description":"L'actionneur de climatisation automobile a un angle de pas de moteur de 15\u00b0, garantissant des pas de rotation pr\u00e9cis pour un contr\u00f4le pr\u00e9cis.","breadcrumb":{"@id":"https:\/\/www.leili-motor.net\/fr\/actionneur-de-climatisation-automobile.html#breadcrumb"},"inLanguage":"fr-FR","potentialAction":[{"@type":"ReadAction","target":["https:\/\/www.leili-motor.net\/fr\/actionneur-de-climatisation-automobile.html"]}]},{"@type":"ImageObject","inLanguage":"fr-FR","@id":"https:\/\/www.leili-motor.net\/fr\/actionneur-de-climatisation-automobile.html#primaryimage","url":"https:\/\/www.leili-motor.net\/wp-content\/uploads\/2025\/03\/Automobile-Air-Conditioning-Actuator.webp","contentUrl":"https:\/\/www.leili-motor.net\/wp-content\/uploads\/2025\/03\/Automobile-Air-Conditioning-Actuator.webp","width":454,"height":310,"caption":"Actionneur de climatisation automobile"},{"@type":"BreadcrumbList","@id":"https:\/\/www.leili-motor.net\/fr\/actionneur-de-climatisation-automobile.html#breadcrumb","itemListElement":[{"@type":"ListItem","position":1,"name":"Home","item":"https:\/\/www.leili-motor.net\/fr\/"},{"@type":"ListItem","position":2,"name":"Produits","item":"https:\/\/www.leili-motor.net\/fr\/produits\/"},{"@type":"ListItem","position":3,"name":"Actionneur de Climatisation Automobile"}]},{"@type":"WebSite","@id":"https:\/\/www.leili-motor.net\/fr\/#website","url":"https:\/\/www.leili-motor.net\/fr\/","name":"Leili Motor","description":"","publisher":{"@id":"https:\/\/www.leili-motor.net\/fr\/#organization"},"potentialAction":[{"@type":"SearchAction","target":{"@type":"EntryPoint","urlTemplate":"https:\/\/www.leili-motor.net\/fr\/?s={search_term_string}"},"query-input":{"@type":"PropertyValueSpecification","valueRequired":true,"valueName":"search_term_string"}}],"inLanguage":"fr-FR"},{"@type":"Organization","@id":"https:\/\/www.leili-motor.net\/fr\/#organization","name":"Leili Motor","url":"https:\/\/www.leili-motor.net\/fr\/","logo":{"@type":"ImageObject","inLanguage":"fr-FR","@id":"https:\/\/www.leili-motor.net\/fr\/#\/schema\/logo\/image\/","url":"https:\/\/www.leili-motor.net\/wp-content\/uploads\/2025\/03\/Leili-Motor.png","contentUrl":"https:\/\/www.leili-motor.net\/wp-content\/uploads\/2025\/03\/Leili-Motor.png","width":600,"height":156,"caption":"Leili Motor"},"image":{"@id":"https:\/\/www.leili-motor.net\/fr\/#\/schema\/logo\/image\/"}}]}},"_links":{"self":[{"href":"https:\/\/www.leili-motor.net\/fr\/wp-json\/wp\/v2\/product\/10963","targetHints":{"allow":["GET"]}}],"collection":[{"href":"https:\/\/www.leili-motor.net\/fr\/wp-json\/wp\/v2\/product"}],"about":[{"href":"https:\/\/www.leili-motor.net\/fr\/wp-json\/wp\/v2\/types\/product"}],"replies":[{"embeddable":true,"href":"https:\/\/www.leili-motor.net\/fr\/wp-json\/wp\/v2\/comments?post=10963"}],"wp:featuredmedia":[{"embeddable":true,"href":"https:\/\/www.leili-motor.net\/fr\/wp-json\/wp\/v2\/media\/10964"}],"wp:attachment":[{"href":"https:\/\/www.leili-motor.net\/fr\/wp-json\/wp\/v2\/media?parent=10963"}],"wp:term":[{"taxonomy":"product_brand","embeddable":true,"href":"https:\/\/www.leili-motor.net\/fr\/wp-json\/wp\/v2\/product_brand?post=10963"},{"taxonomy":"product_cat","embeddable":true,"href":"https:\/\/www.leili-motor.net\/fr\/wp-json\/wp\/v2\/product_cat?post=10963"},{"taxonomy":"product_tag","embeddable":true,"href":"https:\/\/www.leili-motor.net\/fr\/wp-json\/wp\/v2\/product_tag?post=10963"}],"curies":[{"name":"wp","href":"https:\/\/api.w.org\/{rel}","templated":true}]}}