{"id":10973,"date":"2025-03-13T10:28:11","date_gmt":"2025-03-13T02:28:11","guid":{"rendered":"https:\/\/www.leili-motor.net\/actionneur-egr\/"},"modified":"2025-03-13T10:28:11","modified_gmt":"2025-03-13T02:28:11","slug":"actionneur-egr","status":"publish","type":"product","link":"https:\/\/www.leili-motor.net\/fr\/actionneur-egr.html","title":{"rendered":"Actionneur EGR"},"content":{"rendered":"<h2>Param\u00e8tres du produit<\/h2>\n<table>\n<tbody>\n<tr>\n<td>Angle<br \/>\n de pas<\/td>\n<td>M\u00e9thode<br \/>\nd&rsquo;entra\u00eenement<br \/>\n(mm)<\/td>\n<td>Mode<br \/>\nd&rsquo;excitation<\/td>\n<td>Tension<br \/>\n(VCC)<\/td>\n<td>R\u00e9sistance de phase<br \/>\n(\u03a9)\u00b110% Phase<br \/>\n(25\u2103)<\/td>\n<td>Inductance<br \/>\n(mH)<\/td>\n<td>Pouss\u00e9e N<br \/>\n(200Hz)<\/td>\n<td>Fr\u00e9quence<br \/>\nde d\u00e9crochage<br \/>\n(Hz)<\/td>\n<td>Incr\u00e9ment par pas<br \/>\n(mm)<\/td>\n<td>Course maximale<br \/>\n(mm)<\/td>\n<td>Rigidit\u00e9 di\u00e9lectrique de<br \/>\nl&rsquo;isolation CA600V 3mA 1s<\/td>\n<td>R\u00e9sistance d&rsquo;isolation M\u03a9<br \/>\nCC500V (normalit\u00e9)<br \/>\nR\u00e9sistance<br \/>\nd&rsquo;isolation<\/td>\n<\/tr>\n<tr>\n<td>7.5\u00b0<\/td>\n<td>unipolarit\u00e9<\/td>\n<td>Phase 2-2<\/td>\n<td>12<\/td>\n<td>15<\/td>\n<td>11.5<\/td>\n<td>\u2265 40<\/td>\n<td>\u2265 400<\/td>\n<td>0.1042<\/td>\n<td>\u2265 6<\/td>\n<td>Aucune panne ni fus\u00e9e \u00e9clairante<\/td>\n<td>\u2265 100<\/td>\n<\/tr>\n<\/tbody>\n<\/table>\n<h2>Dimensions m\u00e9caniques : mm<\/h2>\n<p><img fetchpriority=\"high\" decoding=\"async\" class=\"size-full wp-image-2661 aligncenter\" src=\"https:\/\/www.leili-motor.net\/wp-content\/uploads\/2025\/03\/Mechanical-Dimensions-for-EGR-Actuator.webp\" alt=\"Dimensions m\u00e9caniques de l'actionneur EGR\" width=\"759\" height=\"539\" srcset=\"https:\/\/www.leili-motor.net\/wp-content\/uploads\/2025\/03\/Mechanical-Dimensions-for-EGR-Actuator.webp 759w, https:\/\/www.leili-motor.net\/wp-content\/uploads\/2025\/03\/Mechanical-Dimensions-for-EGR-Actuator-300x213.webp 300w, https:\/\/www.leili-motor.net\/wp-content\/uploads\/2025\/03\/Mechanical-Dimensions-for-EGR-Actuator-600x426.webp 600w\" sizes=\"(max-width: 759px) 100vw, 759px\" \/><\/p>\n","protected":false},"excerpt":{"rendered":"<h3>Pr\u00e9sentation du produit<\/h3>\n<ul>\n<li>Convient pour la recirculation des gaz d&rsquo;\u00e9chappement automobiles EGR<\/li>\n<li>M\u00e9thode d&rsquo;entra\u00eenement : Entra\u00eenement unipolaire, optimisant l&rsquo;utilisation de l&rsquo;\u00e9nergie et le contr\u00f4le du moteur.<\/li>\n<li>Mode d&rsquo;excitation : excitation 2-2 phases, assurant un fonctionnement fluide avec des performances stables.<\/li>\n<li>Tension (VDC) : Fonctionne \u00e0 12 V CC, adapt\u00e9 aux syst\u00e8mes \u00e9lectriques automobiles.<\/li>\n<\/ul>\n<h3>Application du produit<\/h3>\n<ul>\n<li>Pi\u00e8ces d\u00e9tach\u00e9es automobiles<\/li>\n<\/ul>\n","protected":false},"featured_media":10974,"comment_status":"open","ping_status":"closed","template":"","meta":{"site-sidebar-layout":"default","site-content-layout":"","ast-site-content-layout":"default","site-content-style":"default","site-sidebar-style":"default","ast-global-header-display":"","ast-banner-title-visibility":"","ast-main-header-display":"","ast-hfb-above-header-display":"","ast-hfb-below-header-display":"","ast-hfb-mobile-header-display":"","site-post-title":"","ast-breadcrumbs-content":"","ast-featured-img":"","footer-sml-layout":"","theme-transparent-header-meta":"default","adv-header-id-meta":"","stick-header-meta":"","header-above-stick-meta":"","header-main-stick-meta":"","header-below-stick-meta":"","astra-migrate-meta-layouts":"default","ast-page-background-enabled":"default","ast-page-background-meta":{"desktop":{"background-color":"var(--ast-global-color-5)","background-image":"","background-repeat":"repeat","background-position":"center center","background-size":"auto","background-attachment":"scroll","background-type":"","background-media":"","overlay-type":"","overlay-color":"","overlay-opacity":"","overlay-gradient":""},"tablet":{"background-color":"","background-image":"","background-repeat":"repeat","background-position":"center center","background-size":"auto","background-attachment":"scroll","background-type":"","background-media":"","overlay-type":"","overlay-color":"","overlay-opacity":"","overlay-gradient":""},"mobile":{"background-color":"","background-image":"","background-repeat":"repeat","background-position":"center center","background-size":"auto","background-attachment":"scroll","background-type":"","background-media":"","overlay-type":"","overlay-color":"","overlay-opacity":"","overlay-gradient":""}},"ast-content-background-meta":{"desktop":{"background-color":"var(--ast-global-color-4)","background-image":"","background-repeat":"repeat","background-position":"center center","background-size":"auto","background-attachment":"scroll","background-type":"","background-media":"","overlay-type":"","overlay-color":"","overlay-opacity":"","overlay-gradient":""},"tablet":{"background-color":"var(--ast-global-color-4)","background-image":"","background-repeat":"repeat","background-position":"center center","background-size":"auto","background-attachment":"scroll","background-type":"","background-media":"","overlay-type":"","overlay-color":"","overlay-opacity":"","overlay-gradient":""},"mobile":{"background-color":"var(--ast-global-color-4)","background-image":"","background-repeat":"repeat","background-position":"center center","background-size":"auto","background-attachment":"scroll","background-type":"","background-media":"","overlay-type":"","overlay-color":"","overlay-opacity":"","overlay-gradient":""}}},"product_brand":[],"product_cat":[1150,1184],"product_tag":[1187],"class_list":{"0":"post-10973","1":"product","2":"type-product","3":"status-publish","4":"has-post-thumbnail","6":"product_cat-composants","7":"product_cat-composants-automobiles","8":"product_tag-admission-et-echappement-recirculation-des-gaz-dechappement","9":"pa_application-pieces-detachees-automobiles","10":"desktop-align-left","11":"tablet-align-left","12":"mobile-align-left","14":"first","15":"instock","16":"shipping-taxable","17":"product-type-simple"},"yoast_head":"<!-- This site is optimized with the Yoast SEO plugin v27.2 - https:\/\/yoast.com\/product\/yoast-seo-wordpress\/ -->\n<title>Actionneur EGR &#8211; Leili Motor<\/title>\n<meta name=\"description\" content=\"L&#039;actionneur EGR a un angle de pas de 7,5\u00b0, garantissant un mouvement pr\u00e9cis et exact pour le contr\u00f4le de la vanne EGR.\" \/>\n<meta name=\"robots\" content=\"index, follow, max-snippet:-1, max-image-preview:large, max-video-preview:-1\" \/>\n<link rel=\"canonical\" href=\"https:\/\/www.leili-motor.net\/fr\/actionneur-egr.html\" \/>\n<script type=\"application\/ld+json\" class=\"yoast-schema-graph\">{\"@context\":\"https:\/\/schema.org\",\"@graph\":[{\"@type\":\"WebPage\",\"@id\":\"https:\/\/www.leili-motor.net\/fr\/actionneur-egr.html\",\"url\":\"https:\/\/www.leili-motor.net\/fr\/actionneur-egr.html\",\"name\":\"Actionneur EGR &#8211; Leili Motor\",\"isPartOf\":{\"@id\":\"https:\/\/www.leili-motor.net\/fr\/#website\"},\"primaryImageOfPage\":{\"@id\":\"https:\/\/www.leili-motor.net\/fr\/actionneur-egr.html#primaryimage\"},\"image\":{\"@id\":\"https:\/\/www.leili-motor.net\/fr\/actionneur-egr.html#primaryimage\"},\"thumbnailUrl\":\"https:\/\/www.leili-motor.net\/wp-content\/uploads\/2025\/03\/EGR-Actuator.webp\",\"datePublished\":\"2025-03-13T02:28:11+00:00\",\"description\":\"L'actionneur EGR a un angle de pas de 7,5\u00b0, garantissant un mouvement pr\u00e9cis et exact pour le contr\u00f4le de la vanne EGR.\",\"breadcrumb\":{\"@id\":\"https:\/\/www.leili-motor.net\/fr\/actionneur-egr.html#breadcrumb\"},\"inLanguage\":\"fr-FR\",\"potentialAction\":[{\"@type\":\"ReadAction\",\"target\":[\"https:\/\/www.leili-motor.net\/fr\/actionneur-egr.html\"]}]},{\"@type\":\"ImageObject\",\"inLanguage\":\"fr-FR\",\"@id\":\"https:\/\/www.leili-motor.net\/fr\/actionneur-egr.html#primaryimage\",\"url\":\"https:\/\/www.leili-motor.net\/wp-content\/uploads\/2025\/03\/EGR-Actuator.webp\",\"contentUrl\":\"https:\/\/www.leili-motor.net\/wp-content\/uploads\/2025\/03\/EGR-Actuator.webp\",\"width\":454,\"height\":310,\"caption\":\"Actionneur EGR\"},{\"@type\":\"BreadcrumbList\",\"@id\":\"https:\/\/www.leili-motor.net\/fr\/actionneur-egr.html#breadcrumb\",\"itemListElement\":[{\"@type\":\"ListItem\",\"position\":1,\"name\":\"Home\",\"item\":\"https:\/\/www.leili-motor.net\/fr\/\"},{\"@type\":\"ListItem\",\"position\":2,\"name\":\"Produits\",\"item\":\"https:\/\/www.leili-motor.net\/fr\/produits\/\"},{\"@type\":\"ListItem\",\"position\":3,\"name\":\"Actionneur EGR\"}]},{\"@type\":\"WebSite\",\"@id\":\"https:\/\/www.leili-motor.net\/fr\/#website\",\"url\":\"https:\/\/www.leili-motor.net\/fr\/\",\"name\":\"Leili Motor\",\"description\":\"\",\"publisher\":{\"@id\":\"https:\/\/www.leili-motor.net\/fr\/#organization\"},\"potentialAction\":[{\"@type\":\"SearchAction\",\"target\":{\"@type\":\"EntryPoint\",\"urlTemplate\":\"https:\/\/www.leili-motor.net\/fr\/?s={search_term_string}\"},\"query-input\":{\"@type\":\"PropertyValueSpecification\",\"valueRequired\":true,\"valueName\":\"search_term_string\"}}],\"inLanguage\":\"fr-FR\"},{\"@type\":\"Organization\",\"@id\":\"https:\/\/www.leili-motor.net\/fr\/#organization\",\"name\":\"Leili Motor\",\"url\":\"https:\/\/www.leili-motor.net\/fr\/\",\"logo\":{\"@type\":\"ImageObject\",\"inLanguage\":\"fr-FR\",\"@id\":\"https:\/\/www.leili-motor.net\/fr\/#\/schema\/logo\/image\/\",\"url\":\"https:\/\/www.leili-motor.net\/wp-content\/uploads\/2025\/03\/Leili-Motor.png\",\"contentUrl\":\"https:\/\/www.leili-motor.net\/wp-content\/uploads\/2025\/03\/Leili-Motor.png\",\"width\":600,\"height\":156,\"caption\":\"Leili Motor\"},\"image\":{\"@id\":\"https:\/\/www.leili-motor.net\/fr\/#\/schema\/logo\/image\/\"}}]}<\/script>\n<!-- \/ Yoast SEO plugin. -->","yoast_head_json":{"title":"Actionneur EGR &#8211; Leili Motor","description":"L'actionneur EGR a un angle de pas de 7,5\u00b0, garantissant un mouvement pr\u00e9cis et exact pour le contr\u00f4le de la vanne EGR.","robots":{"index":"index","follow":"follow","max-snippet":"max-snippet:-1","max-image-preview":"max-image-preview:large","max-video-preview":"max-video-preview:-1"},"canonical":"https:\/\/www.leili-motor.net\/fr\/actionneur-egr.html","schema":{"@context":"https:\/\/schema.org","@graph":[{"@type":"WebPage","@id":"https:\/\/www.leili-motor.net\/fr\/actionneur-egr.html","url":"https:\/\/www.leili-motor.net\/fr\/actionneur-egr.html","name":"Actionneur EGR &#8211; Leili Motor","isPartOf":{"@id":"https:\/\/www.leili-motor.net\/fr\/#website"},"primaryImageOfPage":{"@id":"https:\/\/www.leili-motor.net\/fr\/actionneur-egr.html#primaryimage"},"image":{"@id":"https:\/\/www.leili-motor.net\/fr\/actionneur-egr.html#primaryimage"},"thumbnailUrl":"https:\/\/www.leili-motor.net\/wp-content\/uploads\/2025\/03\/EGR-Actuator.webp","datePublished":"2025-03-13T02:28:11+00:00","description":"L'actionneur EGR a un angle de pas de 7,5\u00b0, garantissant un mouvement pr\u00e9cis et exact pour le contr\u00f4le de la vanne EGR.","breadcrumb":{"@id":"https:\/\/www.leili-motor.net\/fr\/actionneur-egr.html#breadcrumb"},"inLanguage":"fr-FR","potentialAction":[{"@type":"ReadAction","target":["https:\/\/www.leili-motor.net\/fr\/actionneur-egr.html"]}]},{"@type":"ImageObject","inLanguage":"fr-FR","@id":"https:\/\/www.leili-motor.net\/fr\/actionneur-egr.html#primaryimage","url":"https:\/\/www.leili-motor.net\/wp-content\/uploads\/2025\/03\/EGR-Actuator.webp","contentUrl":"https:\/\/www.leili-motor.net\/wp-content\/uploads\/2025\/03\/EGR-Actuator.webp","width":454,"height":310,"caption":"Actionneur EGR"},{"@type":"BreadcrumbList","@id":"https:\/\/www.leili-motor.net\/fr\/actionneur-egr.html#breadcrumb","itemListElement":[{"@type":"ListItem","position":1,"name":"Home","item":"https:\/\/www.leili-motor.net\/fr\/"},{"@type":"ListItem","position":2,"name":"Produits","item":"https:\/\/www.leili-motor.net\/fr\/produits\/"},{"@type":"ListItem","position":3,"name":"Actionneur EGR"}]},{"@type":"WebSite","@id":"https:\/\/www.leili-motor.net\/fr\/#website","url":"https:\/\/www.leili-motor.net\/fr\/","name":"Leili Motor","description":"","publisher":{"@id":"https:\/\/www.leili-motor.net\/fr\/#organization"},"potentialAction":[{"@type":"SearchAction","target":{"@type":"EntryPoint","urlTemplate":"https:\/\/www.leili-motor.net\/fr\/?s={search_term_string}"},"query-input":{"@type":"PropertyValueSpecification","valueRequired":true,"valueName":"search_term_string"}}],"inLanguage":"fr-FR"},{"@type":"Organization","@id":"https:\/\/www.leili-motor.net\/fr\/#organization","name":"Leili Motor","url":"https:\/\/www.leili-motor.net\/fr\/","logo":{"@type":"ImageObject","inLanguage":"fr-FR","@id":"https:\/\/www.leili-motor.net\/fr\/#\/schema\/logo\/image\/","url":"https:\/\/www.leili-motor.net\/wp-content\/uploads\/2025\/03\/Leili-Motor.png","contentUrl":"https:\/\/www.leili-motor.net\/wp-content\/uploads\/2025\/03\/Leili-Motor.png","width":600,"height":156,"caption":"Leili Motor"},"image":{"@id":"https:\/\/www.leili-motor.net\/fr\/#\/schema\/logo\/image\/"}}]}},"_links":{"self":[{"href":"https:\/\/www.leili-motor.net\/fr\/wp-json\/wp\/v2\/product\/10973","targetHints":{"allow":["GET"]}}],"collection":[{"href":"https:\/\/www.leili-motor.net\/fr\/wp-json\/wp\/v2\/product"}],"about":[{"href":"https:\/\/www.leili-motor.net\/fr\/wp-json\/wp\/v2\/types\/product"}],"replies":[{"embeddable":true,"href":"https:\/\/www.leili-motor.net\/fr\/wp-json\/wp\/v2\/comments?post=10973"}],"wp:featuredmedia":[{"embeddable":true,"href":"https:\/\/www.leili-motor.net\/fr\/wp-json\/wp\/v2\/media\/10974"}],"wp:attachment":[{"href":"https:\/\/www.leili-motor.net\/fr\/wp-json\/wp\/v2\/media?parent=10973"}],"wp:term":[{"taxonomy":"product_brand","embeddable":true,"href":"https:\/\/www.leili-motor.net\/fr\/wp-json\/wp\/v2\/product_brand?post=10973"},{"taxonomy":"product_cat","embeddable":true,"href":"https:\/\/www.leili-motor.net\/fr\/wp-json\/wp\/v2\/product_cat?post=10973"},{"taxonomy":"product_tag","embeddable":true,"href":"https:\/\/www.leili-motor.net\/fr\/wp-json\/wp\/v2\/product_tag?post=10973"}],"curies":[{"name":"wp","href":"https:\/\/api.w.org\/{rel}","templated":true}]}}