{"id":10976,"date":"2025-03-06T15:16:30","date_gmt":"2025-03-06T07:16:30","guid":{"rendered":"https:\/\/www.leili-motor.net\/moteur-a-engrenages-a-balais-cc-62zyj5412\/"},"modified":"2025-03-06T15:16:30","modified_gmt":"2025-03-06T07:16:30","slug":"moteur-a-engrenages-a-balais-cc-62zyj5412","status":"publish","type":"product","link":"https:\/\/www.leili-motor.net\/fr\/moteur-a-engrenages-a-balais-cc-62zyj5412.html","title":{"rendered":"Moteur \u00e0 Engrenages \u00e0 Balais CC 62ZYJ5412"},"content":{"rendered":"<h2>Param\u00e8tres du produit<\/h2>\n<table>\n<tbody>\n<tr>\n<td>Mod\u00e8le<\/td>\n<td>Tension nominale<br \/>\n(VAC)<\/td>\n<td>Courant \u00e0 vide<\/td>\n<td>Vitesse \u00e0 vide<br \/>\n(r\/min)<\/td>\n<td colspan=\"2\">Charge 8,6 N\u00b7m<\/td>\n<\/tr>\n<tr>\n<td>62ZYJ5412-1<\/td>\n<td>115V<\/td>\n<td>\u22640.2A<\/td>\n<td>32\u00b110%<\/td>\n<td>Actuel<br \/>\n(A)\u22640.8A<\/td>\n<td>Vitesse de chargement<br \/>\n(RPM)18\u00b11<\/td>\n<\/tr>\n<\/tbody>\n<\/table>\n<h2>Dimension m\u00e9canique : mm<\/h2>\n<p><img fetchpriority=\"high\" decoding=\"async\" class=\"size-full wp-image-1013 aligncenter\" src=\"https:\/\/www.leili-motor.net\/wp-content\/uploads\/2025\/03\/Mechanical-Dimension-for-62ZYJ5412-DC-Brushed-Gear-Motor.webp\" alt=\"Dimensions m\u00e9caniques du moteur \u00e0 engrenages \u00e0 balais CC 62ZYJ5412\" width=\"759\" height=\"447\" srcset=\"https:\/\/www.leili-motor.net\/wp-content\/uploads\/2025\/03\/Mechanical-Dimension-for-62ZYJ5412-DC-Brushed-Gear-Motor.webp 759w, https:\/\/www.leili-motor.net\/wp-content\/uploads\/2025\/03\/Mechanical-Dimension-for-62ZYJ5412-DC-Brushed-Gear-Motor-300x177.webp 300w, https:\/\/www.leili-motor.net\/wp-content\/uploads\/2025\/03\/Mechanical-Dimension-for-62ZYJ5412-DC-Brushed-Gear-Motor-600x353.webp 600w\" sizes=\"(max-width: 759px) 100vw, 759px\" \/><\/p>\n","protected":false},"excerpt":{"rendered":"<h3>Pr\u00e9sentation du produit<\/h3>\n<ul>\n<li>Performances stables : fonctionne \u00e0 115 V avec une vitesse \u00e0 vide de 32 \u00b1 10 % tr\/min.<\/li>\n<li>Efficacit\u00e9 \u00e9nerg\u00e9tique : faible consommation d&rsquo;\u00e9nergie avec un courant \u00e0 vide de \u2264 0,2 A.<\/li>\n<li>Manipulation de charge fiable : offre des performances stables \u00e0 18 \u00b1 1 tr\/min sous un couple de 8,6 N\u00b7m.<\/li>\n<\/ul>\n<h3>Application du produit<\/h3>\n<ul>\n<li>R\u00e9frig\u00e9rateur<\/li>\n<\/ul>\n","protected":false},"featured_media":10977,"comment_status":"open","ping_status":"closed","template":"","meta":{"site-sidebar-layout":"default","site-content-layout":"","ast-site-content-layout":"default","site-content-style":"default","site-sidebar-style":"default","ast-global-header-display":"","ast-banner-title-visibility":"","ast-main-header-display":"","ast-hfb-above-header-display":"","ast-hfb-below-header-display":"","ast-hfb-mobile-header-display":"","site-post-title":"","ast-breadcrumbs-content":"","ast-featured-img":"","footer-sml-layout":"","theme-transparent-header-meta":"default","adv-header-id-meta":"","stick-header-meta":"","header-above-stick-meta":"","header-main-stick-meta":"","header-below-stick-meta":"","astra-migrate-meta-layouts":"default","ast-page-background-enabled":"default","ast-page-background-meta":{"desktop":{"background-color":"var(--ast-global-color-5)","background-image":"","background-repeat":"repeat","background-position":"center center","background-size":"auto","background-attachment":"scroll","background-type":"","background-media":"","overlay-type":"","overlay-color":"","overlay-opacity":"","overlay-gradient":""},"tablet":{"background-color":"","background-image":"","background-repeat":"repeat","background-position":"center center","background-size":"auto","background-attachment":"scroll","background-type":"","background-media":"","overlay-type":"","overlay-color":"","overlay-opacity":"","overlay-gradient":""},"mobile":{"background-color":"","background-image":"","background-repeat":"repeat","background-position":"center center","background-size":"auto","background-attachment":"scroll","background-type":"","background-media":"","overlay-type":"","overlay-color":"","overlay-opacity":"","overlay-gradient":""}},"ast-content-background-meta":{"desktop":{"background-color":"var(--ast-global-color-4)","background-image":"","background-repeat":"repeat","background-position":"center center","background-size":"auto","background-attachment":"scroll","background-type":"","background-media":"","overlay-type":"","overlay-color":"","overlay-opacity":"","overlay-gradient":""},"tablet":{"background-color":"var(--ast-global-color-4)","background-image":"","background-repeat":"repeat","background-position":"center center","background-size":"auto","background-attachment":"scroll","background-type":"","background-media":"","overlay-type":"","overlay-color":"","overlay-opacity":"","overlay-gradient":""},"mobile":{"background-color":"var(--ast-global-color-4)","background-image":"","background-repeat":"repeat","background-position":"center center","background-size":"auto","background-attachment":"scroll","background-type":"","background-media":"","overlay-type":"","overlay-color":"","overlay-opacity":"","overlay-gradient":""}}},"product_brand":[],"product_cat":[1168,1169],"product_tag":[],"class_list":{"0":"post-10976","1":"product","2":"type-product","3":"status-publish","4":"has-post-thumbnail","6":"product_cat-moteur-a-balais-a-courant-continu","7":"product_cat-moteur-a-engrenages-a-balais-a-courant-continu","8":"desktop-align-left","9":"tablet-align-left","10":"mobile-align-left","12":"first","13":"instock","14":"shipping-taxable","15":"product-type-simple"},"yoast_head":"<!-- This site is optimized with the Yoast SEO plugin v27.2 - https:\/\/yoast.com\/product\/yoast-seo-wordpress\/ -->\n<title>Moteur \u00e0 Engrenages \u00e0 Balais CC 62ZYJ5412 &#8211; Leili Motor<\/title>\n<meta name=\"description\" content=\"Le moteur \u00e0 engrenages \u00e0 balais \u00e0 courant continu 62ZYJ5412 fonctionne \u00e0 115 V, garantissant des performances stables, une faible consommation d&#039;\u00e9nergie et une sortie de couple fiable, ce qui le rend id\u00e9al pour les r\u00e9frig\u00e9rateurs.\" \/>\n<meta name=\"robots\" content=\"index, follow, max-snippet:-1, max-image-preview:large, max-video-preview:-1\" \/>\n<link rel=\"canonical\" href=\"https:\/\/www.leili-motor.net\/fr\/moteur-a-engrenages-a-balais-cc-62zyj5412.html\" \/>\n<script type=\"application\/ld+json\" class=\"yoast-schema-graph\">{\"@context\":\"https:\/\/schema.org\",\"@graph\":[{\"@type\":\"WebPage\",\"@id\":\"https:\/\/www.leili-motor.net\/fr\/moteur-a-engrenages-a-balais-cc-62zyj5412.html\",\"url\":\"https:\/\/www.leili-motor.net\/fr\/moteur-a-engrenages-a-balais-cc-62zyj5412.html\",\"name\":\"Moteur \u00e0 Engrenages \u00e0 Balais CC 62ZYJ5412 &#8211; Leili Motor\",\"isPartOf\":{\"@id\":\"https:\/\/www.leili-motor.net\/fr\/#website\"},\"primaryImageOfPage\":{\"@id\":\"https:\/\/www.leili-motor.net\/fr\/moteur-a-engrenages-a-balais-cc-62zyj5412.html#primaryimage\"},\"image\":{\"@id\":\"https:\/\/www.leili-motor.net\/fr\/moteur-a-engrenages-a-balais-cc-62zyj5412.html#primaryimage\"},\"thumbnailUrl\":\"https:\/\/www.leili-motor.net\/wp-content\/uploads\/2025\/03\/62ZYJ5412-DC-Brushed-Gear-Motor.webp\",\"datePublished\":\"2025-03-06T07:16:30+00:00\",\"description\":\"Le moteur \u00e0 engrenages \u00e0 balais \u00e0 courant continu 62ZYJ5412 fonctionne \u00e0 115 V, garantissant des performances stables, une faible consommation d'\u00e9nergie et une sortie de couple fiable, ce qui le rend id\u00e9al pour les r\u00e9frig\u00e9rateurs.\",\"breadcrumb\":{\"@id\":\"https:\/\/www.leili-motor.net\/fr\/moteur-a-engrenages-a-balais-cc-62zyj5412.html#breadcrumb\"},\"inLanguage\":\"fr-FR\",\"potentialAction\":[{\"@type\":\"ReadAction\",\"target\":[\"https:\/\/www.leili-motor.net\/fr\/moteur-a-engrenages-a-balais-cc-62zyj5412.html\"]}]},{\"@type\":\"ImageObject\",\"inLanguage\":\"fr-FR\",\"@id\":\"https:\/\/www.leili-motor.net\/fr\/moteur-a-engrenages-a-balais-cc-62zyj5412.html#primaryimage\",\"url\":\"https:\/\/www.leili-motor.net\/wp-content\/uploads\/2025\/03\/62ZYJ5412-DC-Brushed-Gear-Motor.webp\",\"contentUrl\":\"https:\/\/www.leili-motor.net\/wp-content\/uploads\/2025\/03\/62ZYJ5412-DC-Brushed-Gear-Motor.webp\",\"width\":454,\"height\":310,\"caption\":\"Moteur \u00e0 engrenages \u00e0 balais CC 62ZYJ5412\"},{\"@type\":\"BreadcrumbList\",\"@id\":\"https:\/\/www.leili-motor.net\/fr\/moteur-a-engrenages-a-balais-cc-62zyj5412.html#breadcrumb\",\"itemListElement\":[{\"@type\":\"ListItem\",\"position\":1,\"name\":\"Home\",\"item\":\"https:\/\/www.leili-motor.net\/fr\/\"},{\"@type\":\"ListItem\",\"position\":2,\"name\":\"Produits\",\"item\":\"https:\/\/www.leili-motor.net\/fr\/produits\/\"},{\"@type\":\"ListItem\",\"position\":3,\"name\":\"Moteur \u00e0 Engrenages \u00e0 Balais CC 62ZYJ5412\"}]},{\"@type\":\"WebSite\",\"@id\":\"https:\/\/www.leili-motor.net\/fr\/#website\",\"url\":\"https:\/\/www.leili-motor.net\/fr\/\",\"name\":\"Leili Motor\",\"description\":\"\",\"publisher\":{\"@id\":\"https:\/\/www.leili-motor.net\/fr\/#organization\"},\"potentialAction\":[{\"@type\":\"SearchAction\",\"target\":{\"@type\":\"EntryPoint\",\"urlTemplate\":\"https:\/\/www.leili-motor.net\/fr\/?s={search_term_string}\"},\"query-input\":{\"@type\":\"PropertyValueSpecification\",\"valueRequired\":true,\"valueName\":\"search_term_string\"}}],\"inLanguage\":\"fr-FR\"},{\"@type\":\"Organization\",\"@id\":\"https:\/\/www.leili-motor.net\/fr\/#organization\",\"name\":\"Leili Motor\",\"url\":\"https:\/\/www.leili-motor.net\/fr\/\",\"logo\":{\"@type\":\"ImageObject\",\"inLanguage\":\"fr-FR\",\"@id\":\"https:\/\/www.leili-motor.net\/fr\/#\/schema\/logo\/image\/\",\"url\":\"https:\/\/www.leili-motor.net\/wp-content\/uploads\/2025\/03\/Leili-Motor.png\",\"contentUrl\":\"https:\/\/www.leili-motor.net\/wp-content\/uploads\/2025\/03\/Leili-Motor.png\",\"width\":600,\"height\":156,\"caption\":\"Leili Motor\"},\"image\":{\"@id\":\"https:\/\/www.leili-motor.net\/fr\/#\/schema\/logo\/image\/\"}}]}<\/script>\n<!-- \/ Yoast SEO plugin. -->","yoast_head_json":{"title":"Moteur \u00e0 Engrenages \u00e0 Balais CC 62ZYJ5412 &#8211; Leili Motor","description":"Le moteur \u00e0 engrenages \u00e0 balais \u00e0 courant continu 62ZYJ5412 fonctionne \u00e0 115 V, garantissant des performances stables, une faible consommation d'\u00e9nergie et une sortie de couple fiable, ce qui le rend id\u00e9al pour les r\u00e9frig\u00e9rateurs.","robots":{"index":"index","follow":"follow","max-snippet":"max-snippet:-1","max-image-preview":"max-image-preview:large","max-video-preview":"max-video-preview:-1"},"canonical":"https:\/\/www.leili-motor.net\/fr\/moteur-a-engrenages-a-balais-cc-62zyj5412.html","schema":{"@context":"https:\/\/schema.org","@graph":[{"@type":"WebPage","@id":"https:\/\/www.leili-motor.net\/fr\/moteur-a-engrenages-a-balais-cc-62zyj5412.html","url":"https:\/\/www.leili-motor.net\/fr\/moteur-a-engrenages-a-balais-cc-62zyj5412.html","name":"Moteur \u00e0 Engrenages \u00e0 Balais CC 62ZYJ5412 &#8211; Leili Motor","isPartOf":{"@id":"https:\/\/www.leili-motor.net\/fr\/#website"},"primaryImageOfPage":{"@id":"https:\/\/www.leili-motor.net\/fr\/moteur-a-engrenages-a-balais-cc-62zyj5412.html#primaryimage"},"image":{"@id":"https:\/\/www.leili-motor.net\/fr\/moteur-a-engrenages-a-balais-cc-62zyj5412.html#primaryimage"},"thumbnailUrl":"https:\/\/www.leili-motor.net\/wp-content\/uploads\/2025\/03\/62ZYJ5412-DC-Brushed-Gear-Motor.webp","datePublished":"2025-03-06T07:16:30+00:00","description":"Le moteur \u00e0 engrenages \u00e0 balais \u00e0 courant continu 62ZYJ5412 fonctionne \u00e0 115 V, garantissant des performances stables, une faible consommation d'\u00e9nergie et une sortie de couple fiable, ce qui le rend id\u00e9al pour les r\u00e9frig\u00e9rateurs.","breadcrumb":{"@id":"https:\/\/www.leili-motor.net\/fr\/moteur-a-engrenages-a-balais-cc-62zyj5412.html#breadcrumb"},"inLanguage":"fr-FR","potentialAction":[{"@type":"ReadAction","target":["https:\/\/www.leili-motor.net\/fr\/moteur-a-engrenages-a-balais-cc-62zyj5412.html"]}]},{"@type":"ImageObject","inLanguage":"fr-FR","@id":"https:\/\/www.leili-motor.net\/fr\/moteur-a-engrenages-a-balais-cc-62zyj5412.html#primaryimage","url":"https:\/\/www.leili-motor.net\/wp-content\/uploads\/2025\/03\/62ZYJ5412-DC-Brushed-Gear-Motor.webp","contentUrl":"https:\/\/www.leili-motor.net\/wp-content\/uploads\/2025\/03\/62ZYJ5412-DC-Brushed-Gear-Motor.webp","width":454,"height":310,"caption":"Moteur \u00e0 engrenages \u00e0 balais CC 62ZYJ5412"},{"@type":"BreadcrumbList","@id":"https:\/\/www.leili-motor.net\/fr\/moteur-a-engrenages-a-balais-cc-62zyj5412.html#breadcrumb","itemListElement":[{"@type":"ListItem","position":1,"name":"Home","item":"https:\/\/www.leili-motor.net\/fr\/"},{"@type":"ListItem","position":2,"name":"Produits","item":"https:\/\/www.leili-motor.net\/fr\/produits\/"},{"@type":"ListItem","position":3,"name":"Moteur \u00e0 Engrenages \u00e0 Balais CC 62ZYJ5412"}]},{"@type":"WebSite","@id":"https:\/\/www.leili-motor.net\/fr\/#website","url":"https:\/\/www.leili-motor.net\/fr\/","name":"Leili Motor","description":"","publisher":{"@id":"https:\/\/www.leili-motor.net\/fr\/#organization"},"potentialAction":[{"@type":"SearchAction","target":{"@type":"EntryPoint","urlTemplate":"https:\/\/www.leili-motor.net\/fr\/?s={search_term_string}"},"query-input":{"@type":"PropertyValueSpecification","valueRequired":true,"valueName":"search_term_string"}}],"inLanguage":"fr-FR"},{"@type":"Organization","@id":"https:\/\/www.leili-motor.net\/fr\/#organization","name":"Leili Motor","url":"https:\/\/www.leili-motor.net\/fr\/","logo":{"@type":"ImageObject","inLanguage":"fr-FR","@id":"https:\/\/www.leili-motor.net\/fr\/#\/schema\/logo\/image\/","url":"https:\/\/www.leili-motor.net\/wp-content\/uploads\/2025\/03\/Leili-Motor.png","contentUrl":"https:\/\/www.leili-motor.net\/wp-content\/uploads\/2025\/03\/Leili-Motor.png","width":600,"height":156,"caption":"Leili Motor"},"image":{"@id":"https:\/\/www.leili-motor.net\/fr\/#\/schema\/logo\/image\/"}}]}},"_links":{"self":[{"href":"https:\/\/www.leili-motor.net\/fr\/wp-json\/wp\/v2\/product\/10976","targetHints":{"allow":["GET"]}}],"collection":[{"href":"https:\/\/www.leili-motor.net\/fr\/wp-json\/wp\/v2\/product"}],"about":[{"href":"https:\/\/www.leili-motor.net\/fr\/wp-json\/wp\/v2\/types\/product"}],"replies":[{"embeddable":true,"href":"https:\/\/www.leili-motor.net\/fr\/wp-json\/wp\/v2\/comments?post=10976"}],"wp:featuredmedia":[{"embeddable":true,"href":"https:\/\/www.leili-motor.net\/fr\/wp-json\/wp\/v2\/media\/10977"}],"wp:attachment":[{"href":"https:\/\/www.leili-motor.net\/fr\/wp-json\/wp\/v2\/media?parent=10976"}],"wp:term":[{"taxonomy":"product_brand","embeddable":true,"href":"https:\/\/www.leili-motor.net\/fr\/wp-json\/wp\/v2\/product_brand?post=10976"},{"taxonomy":"product_cat","embeddable":true,"href":"https:\/\/www.leili-motor.net\/fr\/wp-json\/wp\/v2\/product_cat?post=10976"},{"taxonomy":"product_tag","embeddable":true,"href":"https:\/\/www.leili-motor.net\/fr\/wp-json\/wp\/v2\/product_tag?post=10976"}],"curies":[{"name":"wp","href":"https:\/\/api.w.org\/{rel}","templated":true}]}}