{"id":10979,"date":"2025-03-13T10:00:30","date_gmt":"2025-03-13T02:00:30","guid":{"rendered":"https:\/\/www.leili-motor.net\/actionneur-de-moteur-pas-a-pas-ags02\/"},"modified":"2025-03-13T10:00:30","modified_gmt":"2025-03-13T02:00:30","slug":"actionneur-de-moteur-pas-a-pas-ags02","status":"publish","type":"product","link":"https:\/\/www.leili-motor.net\/fr\/actionneur-de-moteur-pas-a-pas-ags02.html","title":{"rendered":"Actionneur de moteur pas \u00e0 pas AGS02"},"content":{"rendered":"<h2>Param\u00e8tres du produit<\/h2>\n<table>\n<tbody>\n<tr>\n<td>Tension<br \/>\nnominale<br \/>\n(V)<\/td>\n<td>Courant<br \/>\nd&rsquo;entr\u00e9e<br \/>\n(mA)<\/td>\n<td>\u00c9tal<br \/>\nCouple<br \/>\n(N\u00b7m)<\/td>\n<td>Vitesse<br \/>\n nominale de chargeM<br \/>\n(RPM)<\/td>\n<td>Boost Mode<br \/>\n2.25RPM<br \/>\nNm<\/td>\n<td>Angle<br \/>\nde course<\/td>\n<td>Code IP<\/td>\n<td>Communication<\/td>\n<td>Moteurs<br \/>\nPoids<br \/>\n(kg)<\/td>\n<td>Bruit<br \/>\n100mm<br \/>\ndB(A)<\/td>\n<\/tr>\n<tr>\n<td>9~16<\/td>\n<td>216<\/td>\n<td>1.8<\/td>\n<td>3<\/td>\n<td>2.6<\/td>\n<td>90\u63b3<\/td>\n<td>IP67<\/td>\n<td>LIN 2. X <\/td>\n<td>100<\/td>\n<td>&lt;5dB<\/td>\n<\/tr>\n<\/tbody>\n<\/table>\n<h2>Dimensions m\u00e9caniques : mm<\/h2>\n<p><img fetchpriority=\"high\" decoding=\"async\" class=\"size-full wp-image-2652 aligncenter\" src=\"https:\/\/www.leili-motor.net\/wp-content\/uploads\/2025\/03\/Mechanical-Dimensions-for-AGS02-Stepper-Motor-Actuator.webp\" alt=\"Dimensions m\u00e9caniques de l'actionneur de moteur pas \u00e0 pas AGS02\" width=\"759\" height=\"604\" srcset=\"https:\/\/www.leili-motor.net\/wp-content\/uploads\/2025\/03\/Mechanical-Dimensions-for-AGS02-Stepper-Motor-Actuator.webp 759w, https:\/\/www.leili-motor.net\/wp-content\/uploads\/2025\/03\/Mechanical-Dimensions-for-AGS02-Stepper-Motor-Actuator-300x239.webp 300w, https:\/\/www.leili-motor.net\/wp-content\/uploads\/2025\/03\/Mechanical-Dimensions-for-AGS02-Stepper-Motor-Actuator-600x477.webp 600w\" sizes=\"(max-width: 759px) 100vw, 759px\" \/><\/p>\n","protected":false},"excerpt":{"rendered":"<h3>Pr\u00e9sentation du produit<\/h3>\n<ul>\n<li>Convient pour la calandre d&rsquo;admission active des automobiles<\/li>\n<li>Poids du moteur : P\u00e8se 100 kg, assurant la stabilit\u00e9 dans l&rsquo;application.<\/li>\n<li>Niveau sonore : fonctionne \u00e0 &lt; 5 dB(A) \u00e0 100 mm, garantissant un fonctionnement ultra-silencieux.<\/li>\n<li>Code IP : Indice de protection IP67, garantissant une protection contre la poussi\u00e8re et la p\u00e9n\u00e9tration d&rsquo;eau.<\/li>\n<\/ul>\n<h3>Application du produit<\/h3>\n<ul>\n<li>Grille d&rsquo;admission active pour pi\u00e8ces automobiles<\/li>\n<\/ul>\n","protected":false},"featured_media":10980,"comment_status":"open","ping_status":"closed","template":"","meta":{"site-sidebar-layout":"default","site-content-layout":"","ast-site-content-layout":"default","site-content-style":"default","site-sidebar-style":"default","ast-global-header-display":"","ast-banner-title-visibility":"","ast-main-header-display":"","ast-hfb-above-header-display":"","ast-hfb-below-header-display":"","ast-hfb-mobile-header-display":"","site-post-title":"","ast-breadcrumbs-content":"","ast-featured-img":"","footer-sml-layout":"","theme-transparent-header-meta":"default","adv-header-id-meta":"","stick-header-meta":"","header-above-stick-meta":"","header-main-stick-meta":"","header-below-stick-meta":"","astra-migrate-meta-layouts":"default","ast-page-background-enabled":"default","ast-page-background-meta":{"desktop":{"background-color":"var(--ast-global-color-5)","background-image":"","background-repeat":"repeat","background-position":"center center","background-size":"auto","background-attachment":"scroll","background-type":"","background-media":"","overlay-type":"","overlay-color":"","overlay-opacity":"","overlay-gradient":""},"tablet":{"background-color":"","background-image":"","background-repeat":"repeat","background-position":"center center","background-size":"auto","background-attachment":"scroll","background-type":"","background-media":"","overlay-type":"","overlay-color":"","overlay-opacity":"","overlay-gradient":""},"mobile":{"background-color":"","background-image":"","background-repeat":"repeat","background-position":"center center","background-size":"auto","background-attachment":"scroll","background-type":"","background-media":"","overlay-type":"","overlay-color":"","overlay-opacity":"","overlay-gradient":""}},"ast-content-background-meta":{"desktop":{"background-color":"var(--ast-global-color-4)","background-image":"","background-repeat":"repeat","background-position":"center center","background-size":"auto","background-attachment":"scroll","background-type":"","background-media":"","overlay-type":"","overlay-color":"","overlay-opacity":"","overlay-gradient":""},"tablet":{"background-color":"var(--ast-global-color-4)","background-image":"","background-repeat":"repeat","background-position":"center center","background-size":"auto","background-attachment":"scroll","background-type":"","background-media":"","overlay-type":"","overlay-color":"","overlay-opacity":"","overlay-gradient":""},"mobile":{"background-color":"var(--ast-global-color-4)","background-image":"","background-repeat":"repeat","background-position":"center center","background-size":"auto","background-attachment":"scroll","background-type":"","background-media":"","overlay-type":"","overlay-color":"","overlay-opacity":"","overlay-gradient":""}}},"product_brand":[],"product_cat":[1150,1184],"product_tag":[1153],"class_list":{"0":"post-10979","1":"product","2":"type-product","3":"status-publish","4":"has-post-thumbnail","6":"product_cat-composants","7":"product_cat-composants-automobiles","8":"product_tag-admission-et-echappement-grille-dadmission-active","9":"pa_application-pieces-detachees-automobiles","10":"desktop-align-left","11":"tablet-align-left","12":"mobile-align-left","14":"first","15":"instock","16":"shipping-taxable","17":"product-type-simple"},"yoast_head":"<!-- This site is optimized with the Yoast SEO plugin v27.2 - https:\/\/yoast.com\/product\/yoast-seo-wordpress\/ -->\n<title>Actionneur de moteur pas \u00e0 pas AGS02 &#8211; Leili Motor<\/title>\n<meta name=\"description\" content=\"Notre actionneur de moteur pas \u00e0 pas AGS02 fonctionne dans une plage de 9 V \u00e0 16 V, garantissant la compatibilit\u00e9 avec divers syst\u00e8mes d&#039;alimentation.\" \/>\n<meta name=\"robots\" content=\"index, follow, max-snippet:-1, max-image-preview:large, max-video-preview:-1\" \/>\n<link rel=\"canonical\" href=\"https:\/\/www.leili-motor.net\/fr\/actionneur-de-moteur-pas-a-pas-ags02.html\" \/>\n<script type=\"application\/ld+json\" class=\"yoast-schema-graph\">{\"@context\":\"https:\/\/schema.org\",\"@graph\":[{\"@type\":\"WebPage\",\"@id\":\"https:\/\/www.leili-motor.net\/fr\/actionneur-de-moteur-pas-a-pas-ags02.html\",\"url\":\"https:\/\/www.leili-motor.net\/fr\/actionneur-de-moteur-pas-a-pas-ags02.html\",\"name\":\"Actionneur de moteur pas \u00e0 pas AGS02 &#8211; Leili Motor\",\"isPartOf\":{\"@id\":\"https:\/\/www.leili-motor.net\/fr\/#website\"},\"primaryImageOfPage\":{\"@id\":\"https:\/\/www.leili-motor.net\/fr\/actionneur-de-moteur-pas-a-pas-ags02.html#primaryimage\"},\"image\":{\"@id\":\"https:\/\/www.leili-motor.net\/fr\/actionneur-de-moteur-pas-a-pas-ags02.html#primaryimage\"},\"thumbnailUrl\":\"https:\/\/www.leili-motor.net\/wp-content\/uploads\/2025\/03\/AGS02-Stepper-Motor-Actuator.webp\",\"datePublished\":\"2025-03-13T02:00:30+00:00\",\"description\":\"Notre actionneur de moteur pas \u00e0 pas AGS02 fonctionne dans une plage de 9 V \u00e0 16 V, garantissant la compatibilit\u00e9 avec divers syst\u00e8mes d'alimentation.\",\"breadcrumb\":{\"@id\":\"https:\/\/www.leili-motor.net\/fr\/actionneur-de-moteur-pas-a-pas-ags02.html#breadcrumb\"},\"inLanguage\":\"fr-FR\",\"potentialAction\":[{\"@type\":\"ReadAction\",\"target\":[\"https:\/\/www.leili-motor.net\/fr\/actionneur-de-moteur-pas-a-pas-ags02.html\"]}]},{\"@type\":\"ImageObject\",\"inLanguage\":\"fr-FR\",\"@id\":\"https:\/\/www.leili-motor.net\/fr\/actionneur-de-moteur-pas-a-pas-ags02.html#primaryimage\",\"url\":\"https:\/\/www.leili-motor.net\/wp-content\/uploads\/2025\/03\/AGS02-Stepper-Motor-Actuator.webp\",\"contentUrl\":\"https:\/\/www.leili-motor.net\/wp-content\/uploads\/2025\/03\/AGS02-Stepper-Motor-Actuator.webp\",\"width\":454,\"height\":310,\"caption\":\"Actionneur de moteur pas \u00e0 pas AGS02\"},{\"@type\":\"BreadcrumbList\",\"@id\":\"https:\/\/www.leili-motor.net\/fr\/actionneur-de-moteur-pas-a-pas-ags02.html#breadcrumb\",\"itemListElement\":[{\"@type\":\"ListItem\",\"position\":1,\"name\":\"Home\",\"item\":\"https:\/\/www.leili-motor.net\/fr\/\"},{\"@type\":\"ListItem\",\"position\":2,\"name\":\"Produits\",\"item\":\"https:\/\/www.leili-motor.net\/fr\/produits\/\"},{\"@type\":\"ListItem\",\"position\":3,\"name\":\"Actionneur de moteur pas \u00e0 pas AGS02\"}]},{\"@type\":\"WebSite\",\"@id\":\"https:\/\/www.leili-motor.net\/fr\/#website\",\"url\":\"https:\/\/www.leili-motor.net\/fr\/\",\"name\":\"Leili Motor\",\"description\":\"\",\"publisher\":{\"@id\":\"https:\/\/www.leili-motor.net\/fr\/#organization\"},\"potentialAction\":[{\"@type\":\"SearchAction\",\"target\":{\"@type\":\"EntryPoint\",\"urlTemplate\":\"https:\/\/www.leili-motor.net\/fr\/?s={search_term_string}\"},\"query-input\":{\"@type\":\"PropertyValueSpecification\",\"valueRequired\":true,\"valueName\":\"search_term_string\"}}],\"inLanguage\":\"fr-FR\"},{\"@type\":\"Organization\",\"@id\":\"https:\/\/www.leili-motor.net\/fr\/#organization\",\"name\":\"Leili Motor\",\"url\":\"https:\/\/www.leili-motor.net\/fr\/\",\"logo\":{\"@type\":\"ImageObject\",\"inLanguage\":\"fr-FR\",\"@id\":\"https:\/\/www.leili-motor.net\/fr\/#\/schema\/logo\/image\/\",\"url\":\"https:\/\/www.leili-motor.net\/wp-content\/uploads\/2025\/03\/Leili-Motor.png\",\"contentUrl\":\"https:\/\/www.leili-motor.net\/wp-content\/uploads\/2025\/03\/Leili-Motor.png\",\"width\":600,\"height\":156,\"caption\":\"Leili Motor\"},\"image\":{\"@id\":\"https:\/\/www.leili-motor.net\/fr\/#\/schema\/logo\/image\/\"}}]}<\/script>\n<!-- \/ Yoast SEO plugin. -->","yoast_head_json":{"title":"Actionneur de moteur pas \u00e0 pas AGS02 &#8211; Leili Motor","description":"Notre actionneur de moteur pas \u00e0 pas AGS02 fonctionne dans une plage de 9 V \u00e0 16 V, garantissant la compatibilit\u00e9 avec divers syst\u00e8mes d'alimentation.","robots":{"index":"index","follow":"follow","max-snippet":"max-snippet:-1","max-image-preview":"max-image-preview:large","max-video-preview":"max-video-preview:-1"},"canonical":"https:\/\/www.leili-motor.net\/fr\/actionneur-de-moteur-pas-a-pas-ags02.html","schema":{"@context":"https:\/\/schema.org","@graph":[{"@type":"WebPage","@id":"https:\/\/www.leili-motor.net\/fr\/actionneur-de-moteur-pas-a-pas-ags02.html","url":"https:\/\/www.leili-motor.net\/fr\/actionneur-de-moteur-pas-a-pas-ags02.html","name":"Actionneur de moteur pas \u00e0 pas AGS02 &#8211; Leili Motor","isPartOf":{"@id":"https:\/\/www.leili-motor.net\/fr\/#website"},"primaryImageOfPage":{"@id":"https:\/\/www.leili-motor.net\/fr\/actionneur-de-moteur-pas-a-pas-ags02.html#primaryimage"},"image":{"@id":"https:\/\/www.leili-motor.net\/fr\/actionneur-de-moteur-pas-a-pas-ags02.html#primaryimage"},"thumbnailUrl":"https:\/\/www.leili-motor.net\/wp-content\/uploads\/2025\/03\/AGS02-Stepper-Motor-Actuator.webp","datePublished":"2025-03-13T02:00:30+00:00","description":"Notre actionneur de moteur pas \u00e0 pas AGS02 fonctionne dans une plage de 9 V \u00e0 16 V, garantissant la compatibilit\u00e9 avec divers syst\u00e8mes d'alimentation.","breadcrumb":{"@id":"https:\/\/www.leili-motor.net\/fr\/actionneur-de-moteur-pas-a-pas-ags02.html#breadcrumb"},"inLanguage":"fr-FR","potentialAction":[{"@type":"ReadAction","target":["https:\/\/www.leili-motor.net\/fr\/actionneur-de-moteur-pas-a-pas-ags02.html"]}]},{"@type":"ImageObject","inLanguage":"fr-FR","@id":"https:\/\/www.leili-motor.net\/fr\/actionneur-de-moteur-pas-a-pas-ags02.html#primaryimage","url":"https:\/\/www.leili-motor.net\/wp-content\/uploads\/2025\/03\/AGS02-Stepper-Motor-Actuator.webp","contentUrl":"https:\/\/www.leili-motor.net\/wp-content\/uploads\/2025\/03\/AGS02-Stepper-Motor-Actuator.webp","width":454,"height":310,"caption":"Actionneur de moteur pas \u00e0 pas AGS02"},{"@type":"BreadcrumbList","@id":"https:\/\/www.leili-motor.net\/fr\/actionneur-de-moteur-pas-a-pas-ags02.html#breadcrumb","itemListElement":[{"@type":"ListItem","position":1,"name":"Home","item":"https:\/\/www.leili-motor.net\/fr\/"},{"@type":"ListItem","position":2,"name":"Produits","item":"https:\/\/www.leili-motor.net\/fr\/produits\/"},{"@type":"ListItem","position":3,"name":"Actionneur de moteur pas \u00e0 pas AGS02"}]},{"@type":"WebSite","@id":"https:\/\/www.leili-motor.net\/fr\/#website","url":"https:\/\/www.leili-motor.net\/fr\/","name":"Leili Motor","description":"","publisher":{"@id":"https:\/\/www.leili-motor.net\/fr\/#organization"},"potentialAction":[{"@type":"SearchAction","target":{"@type":"EntryPoint","urlTemplate":"https:\/\/www.leili-motor.net\/fr\/?s={search_term_string}"},"query-input":{"@type":"PropertyValueSpecification","valueRequired":true,"valueName":"search_term_string"}}],"inLanguage":"fr-FR"},{"@type":"Organization","@id":"https:\/\/www.leili-motor.net\/fr\/#organization","name":"Leili Motor","url":"https:\/\/www.leili-motor.net\/fr\/","logo":{"@type":"ImageObject","inLanguage":"fr-FR","@id":"https:\/\/www.leili-motor.net\/fr\/#\/schema\/logo\/image\/","url":"https:\/\/www.leili-motor.net\/wp-content\/uploads\/2025\/03\/Leili-Motor.png","contentUrl":"https:\/\/www.leili-motor.net\/wp-content\/uploads\/2025\/03\/Leili-Motor.png","width":600,"height":156,"caption":"Leili Motor"},"image":{"@id":"https:\/\/www.leili-motor.net\/fr\/#\/schema\/logo\/image\/"}}]}},"_links":{"self":[{"href":"https:\/\/www.leili-motor.net\/fr\/wp-json\/wp\/v2\/product\/10979","targetHints":{"allow":["GET"]}}],"collection":[{"href":"https:\/\/www.leili-motor.net\/fr\/wp-json\/wp\/v2\/product"}],"about":[{"href":"https:\/\/www.leili-motor.net\/fr\/wp-json\/wp\/v2\/types\/product"}],"replies":[{"embeddable":true,"href":"https:\/\/www.leili-motor.net\/fr\/wp-json\/wp\/v2\/comments?post=10979"}],"wp:featuredmedia":[{"embeddable":true,"href":"https:\/\/www.leili-motor.net\/fr\/wp-json\/wp\/v2\/media\/10980"}],"wp:attachment":[{"href":"https:\/\/www.leili-motor.net\/fr\/wp-json\/wp\/v2\/media?parent=10979"}],"wp:term":[{"taxonomy":"product_brand","embeddable":true,"href":"https:\/\/www.leili-motor.net\/fr\/wp-json\/wp\/v2\/product_brand?post=10979"},{"taxonomy":"product_cat","embeddable":true,"href":"https:\/\/www.leili-motor.net\/fr\/wp-json\/wp\/v2\/product_cat?post=10979"},{"taxonomy":"product_tag","embeddable":true,"href":"https:\/\/www.leili-motor.net\/fr\/wp-json\/wp\/v2\/product_tag?post=10979"}],"curies":[{"name":"wp","href":"https:\/\/api.w.org\/{rel}","templated":true}]}}