{"id":10982,"date":"2025-03-06T14:38:14","date_gmt":"2025-03-06T06:38:14","guid":{"rendered":"https:\/\/www.leili-motor.net\/moteur-a-engrenages-a-balais-cc-53zyj50\/"},"modified":"2025-03-06T14:38:14","modified_gmt":"2025-03-06T06:38:14","slug":"moteur-a-engrenages-a-balais-cc-53zyj50","status":"publish","type":"product","link":"https:\/\/www.leili-motor.net\/fr\/moteur-a-engrenages-a-balais-cc-53zyj50.html","title":{"rendered":"Moteur \u00e0 Engrenages \u00e0 Balais CC 53ZYJ50"},"content":{"rendered":"<h2>Param\u00e8tres du produit<\/h2>\n<table>\n<tbody>\n<tr>\n<td>Mod\u00e8le<\/td>\n<td colspan=\"2\">Tension<\/td>\n<td colspan=\"2\">\u00c0 vide<\/td>\n<td colspan=\"6\">\u00c0 efficacit\u00e9 maximale<\/td>\n<td colspan=\"3\">Calage<\/td>\n<td rowspan=\"3\">Isolation<\/td>\n<\/tr>\n<tr>\n<td rowspan=\"2\"><\/td>\n<td rowspan=\"2\">Fonctionnement<\/td>\n<td rowspan=\"2\">Nominal<\/td>\n<td>Vitesse<\/td>\n<td>Actuel<\/td>\n<td>Vitesse<\/td>\n<td>Actuel<\/td>\n<td colspan=\"3\">Couple<\/td>\n<td>Sortir<\/td>\n<td colspan=\"2\">Couple<\/td>\n<td>Actuel<\/td>\n<\/tr>\n<tr>\n<td>r\/min<\/td>\n<td>A<\/td>\n<td>r\/min<\/td>\n<td>A<\/td>\n<td colspan=\"2\">mN\u2022m<\/td>\n<td>g\u2022cm<\/td>\n<td>W<\/td>\n<td>mN\u2022m<\/td>\n<td>g\u2022cm<\/td>\n<td>A<\/td>\n<\/tr>\n<tr>\n<td>53ZYJ50-1<\/td>\n<td>DC19.6-30V<\/td>\n<td>DC24.0V<\/td>\n<td>90<\/td>\n<td>0.75<\/td>\n<td>75<\/td>\n<td>4<\/td>\n<td>7<\/td>\n<td colspan=\"2\">71.4<\/td>\n<td>57<\/td>\n<td>60<\/td>\n<td>612<\/td>\n<td>25<\/td>\n<td rowspan=\"4\">&nbsp;<\/p>\n<p>&nbsp;<\/p>\n<p>H<\/td>\n<\/tr>\n<tr>\n<td>53ZYJ50-2<\/td>\n<td>DC19.6-30V<\/td>\n<td>DC24.0V<\/td>\n<td>33<\/td>\n<td>0.4<\/td>\n<td>27<\/td>\n<td>1.5<\/td>\n<td>5.2<\/td>\n<td colspan=\"2\">53<\/td>\n<td>15<\/td>\n<td>30<\/td>\n<td>306<\/td>\n<td>5.5<\/td>\n<\/tr>\n<tr>\n<td>53ZYJ50-4<\/td>\n<td>DC19.6-30V<\/td>\n<td>DC24.0V<\/td>\n<td>44<\/td>\n<td>0.5<\/td>\n<td>34<\/td>\n<td>2.5<\/td>\n<td>6.8<\/td>\n<td colspan=\"2\">69.3<\/td>\n<td>25<\/td>\n<td>40<\/td>\n<td>408<\/td>\n<td>7.5<\/td>\n<\/tr>\n<tr>\n<td>53ZYJ50-6<\/td>\n<td>DC19.6-30V<\/td>\n<td>DC24.0V<\/td>\n<td>52<\/td>\n<td>0.5<\/td>\n<td>43<\/td>\n<td>3.5<\/td>\n<td>6.5<\/td>\n<td colspan=\"2\">66.3<\/td>\n<td>30<\/td>\n<td>45<\/td>\n<td>459<\/td>\n<td>13<\/td>\n<\/tr>\n<\/tbody>\n<\/table>\n<h2>Dimension m\u00e9canique : mm<\/h2>\n<p><img fetchpriority=\"high\" decoding=\"async\" class=\"size-full wp-image-986 aligncenter\" src=\"https:\/\/www.leili-motor.net\/wp-content\/uploads\/2025\/03\/Mechanical-Dimension-for-53ZYJ50-DC-Brushed-Gear-Motor.webp\" alt=\"Dimensions m\u00e9caniques du moteur \u00e0 engrenages \u00e0 balais CC 53ZYJ50\" width=\"759\" height=\"447\" srcset=\"https:\/\/www.leili-motor.net\/wp-content\/uploads\/2025\/03\/Mechanical-Dimension-for-53ZYJ50-DC-Brushed-Gear-Motor.webp 759w, https:\/\/www.leili-motor.net\/wp-content\/uploads\/2025\/03\/Mechanical-Dimension-for-53ZYJ50-DC-Brushed-Gear-Motor-300x177.webp 300w, https:\/\/www.leili-motor.net\/wp-content\/uploads\/2025\/03\/Mechanical-Dimension-for-53ZYJ50-DC-Brushed-Gear-Motor-600x353.webp 600w\" sizes=\"(max-width: 759px) 100vw, 759px\" \/><\/p>\n","protected":false},"excerpt":{"rendered":"<h3>Pr\u00e9sentation du produit<\/h3>\n<ul>\n<li>Types de mod\u00e8les : 53ZYJ50-1, 53ZYJ50-2, 53ZYJ50-4, 53ZYJ50-6, offrant diverses options de couple et de vitesse.<\/li>\n<li>Moteur \u00e0 engrenages \u00e0 balais CC compact con\u00e7u pour un contr\u00f4le de mouvement de pr\u00e9cision dans les applications industrielles et d&rsquo;automatisation.<\/li>\n<li>La bo\u00eete de vitesses \u00e0 haut rendement garantit des performances fluides, une dur\u00e9e de vie prolong\u00e9e et une transmission de couple fiable.<\/li>\n<\/ul>\n<h3>Application du produit<\/h3>\n<ul>\n<li>Moteur de nettoyage photo\u00e9lectrique solaire<\/li>\n<\/ul>\n","protected":false},"featured_media":10983,"comment_status":"open","ping_status":"closed","template":"","meta":{"site-sidebar-layout":"default","site-content-layout":"","ast-site-content-layout":"default","site-content-style":"default","site-sidebar-style":"default","ast-global-header-display":"","ast-banner-title-visibility":"","ast-main-header-display":"","ast-hfb-above-header-display":"","ast-hfb-below-header-display":"","ast-hfb-mobile-header-display":"","site-post-title":"","ast-breadcrumbs-content":"","ast-featured-img":"","footer-sml-layout":"","theme-transparent-header-meta":"default","adv-header-id-meta":"","stick-header-meta":"","header-above-stick-meta":"","header-main-stick-meta":"","header-below-stick-meta":"","astra-migrate-meta-layouts":"default","ast-page-background-enabled":"default","ast-page-background-meta":{"desktop":{"background-color":"var(--ast-global-color-5)","background-image":"","background-repeat":"repeat","background-position":"center center","background-size":"auto","background-attachment":"scroll","background-type":"","background-media":"","overlay-type":"","overlay-color":"","overlay-opacity":"","overlay-gradient":""},"tablet":{"background-color":"","background-image":"","background-repeat":"repeat","background-position":"center center","background-size":"auto","background-attachment":"scroll","background-type":"","background-media":"","overlay-type":"","overlay-color":"","overlay-opacity":"","overlay-gradient":""},"mobile":{"background-color":"","background-image":"","background-repeat":"repeat","background-position":"center center","background-size":"auto","background-attachment":"scroll","background-type":"","background-media":"","overlay-type":"","overlay-color":"","overlay-opacity":"","overlay-gradient":""}},"ast-content-background-meta":{"desktop":{"background-color":"var(--ast-global-color-4)","background-image":"","background-repeat":"repeat","background-position":"center center","background-size":"auto","background-attachment":"scroll","background-type":"","background-media":"","overlay-type":"","overlay-color":"","overlay-opacity":"","overlay-gradient":""},"tablet":{"background-color":"var(--ast-global-color-4)","background-image":"","background-repeat":"repeat","background-position":"center center","background-size":"auto","background-attachment":"scroll","background-type":"","background-media":"","overlay-type":"","overlay-color":"","overlay-opacity":"","overlay-gradient":""},"mobile":{"background-color":"var(--ast-global-color-4)","background-image":"","background-repeat":"repeat","background-position":"center center","background-size":"auto","background-attachment":"scroll","background-type":"","background-media":"","overlay-type":"","overlay-color":"","overlay-opacity":"","overlay-gradient":""}}},"product_brand":[],"product_cat":[1168,1169],"product_tag":[],"class_list":{"0":"post-10982","1":"product","2":"type-product","3":"status-publish","4":"has-post-thumbnail","6":"product_cat-moteur-a-balais-a-courant-continu","7":"product_cat-moteur-a-engrenages-a-balais-a-courant-continu","8":"desktop-align-left","9":"tablet-align-left","10":"mobile-align-left","12":"first","13":"instock","14":"shipping-taxable","15":"product-type-simple"},"yoast_head":"<!-- This site is optimized with the Yoast SEO plugin v27.2 - https:\/\/yoast.com\/product\/yoast-seo-wordpress\/ -->\n<title>Moteur \u00e0 Engrenages \u00e0 Balais CC 53ZYJ50 &#8211; Leili Motor<\/title>\n<meta name=\"description\" content=\"Le moteur \u00e0 engrenages \u00e0 balais \u00e0 courant continu 53ZYJ50 pr\u00e9sente plusieurs types de mod\u00e8les, garantissant un contr\u00f4le pr\u00e9cis du mouvement, des performances fluides et un couple fiable pour les applications de nettoyage photo\u00e9lectrique solaire.\" \/>\n<meta name=\"robots\" content=\"index, follow, max-snippet:-1, max-image-preview:large, max-video-preview:-1\" \/>\n<link rel=\"canonical\" href=\"https:\/\/www.leili-motor.net\/fr\/moteur-a-engrenages-a-balais-cc-53zyj50.html\" \/>\n<script type=\"application\/ld+json\" class=\"yoast-schema-graph\">{\"@context\":\"https:\/\/schema.org\",\"@graph\":[{\"@type\":\"WebPage\",\"@id\":\"https:\/\/www.leili-motor.net\/fr\/moteur-a-engrenages-a-balais-cc-53zyj50.html\",\"url\":\"https:\/\/www.leili-motor.net\/fr\/moteur-a-engrenages-a-balais-cc-53zyj50.html\",\"name\":\"Moteur \u00e0 Engrenages \u00e0 Balais CC 53ZYJ50 &#8211; Leili Motor\",\"isPartOf\":{\"@id\":\"https:\/\/www.leili-motor.net\/fr\/#website\"},\"primaryImageOfPage\":{\"@id\":\"https:\/\/www.leili-motor.net\/fr\/moteur-a-engrenages-a-balais-cc-53zyj50.html#primaryimage\"},\"image\":{\"@id\":\"https:\/\/www.leili-motor.net\/fr\/moteur-a-engrenages-a-balais-cc-53zyj50.html#primaryimage\"},\"thumbnailUrl\":\"https:\/\/www.leili-motor.net\/wp-content\/uploads\/2025\/03\/53ZYJ50-DC-Brushed-Gear-Motor.webp\",\"datePublished\":\"2025-03-06T06:38:14+00:00\",\"description\":\"Le moteur \u00e0 engrenages \u00e0 balais \u00e0 courant continu 53ZYJ50 pr\u00e9sente plusieurs types de mod\u00e8les, garantissant un contr\u00f4le pr\u00e9cis du mouvement, des performances fluides et un couple fiable pour les applications de nettoyage photo\u00e9lectrique solaire.\",\"breadcrumb\":{\"@id\":\"https:\/\/www.leili-motor.net\/fr\/moteur-a-engrenages-a-balais-cc-53zyj50.html#breadcrumb\"},\"inLanguage\":\"fr-FR\",\"potentialAction\":[{\"@type\":\"ReadAction\",\"target\":[\"https:\/\/www.leili-motor.net\/fr\/moteur-a-engrenages-a-balais-cc-53zyj50.html\"]}]},{\"@type\":\"ImageObject\",\"inLanguage\":\"fr-FR\",\"@id\":\"https:\/\/www.leili-motor.net\/fr\/moteur-a-engrenages-a-balais-cc-53zyj50.html#primaryimage\",\"url\":\"https:\/\/www.leili-motor.net\/wp-content\/uploads\/2025\/03\/53ZYJ50-DC-Brushed-Gear-Motor.webp\",\"contentUrl\":\"https:\/\/www.leili-motor.net\/wp-content\/uploads\/2025\/03\/53ZYJ50-DC-Brushed-Gear-Motor.webp\",\"width\":454,\"height\":310,\"caption\":\"Moteur \u00e0 engrenages \u00e0 balais CC 53ZYJ50\"},{\"@type\":\"BreadcrumbList\",\"@id\":\"https:\/\/www.leili-motor.net\/fr\/moteur-a-engrenages-a-balais-cc-53zyj50.html#breadcrumb\",\"itemListElement\":[{\"@type\":\"ListItem\",\"position\":1,\"name\":\"Home\",\"item\":\"https:\/\/www.leili-motor.net\/fr\/\"},{\"@type\":\"ListItem\",\"position\":2,\"name\":\"Produits\",\"item\":\"https:\/\/www.leili-motor.net\/fr\/produits\/\"},{\"@type\":\"ListItem\",\"position\":3,\"name\":\"Moteur \u00e0 Engrenages \u00e0 Balais CC 53ZYJ50\"}]},{\"@type\":\"WebSite\",\"@id\":\"https:\/\/www.leili-motor.net\/fr\/#website\",\"url\":\"https:\/\/www.leili-motor.net\/fr\/\",\"name\":\"Leili Motor\",\"description\":\"\",\"publisher\":{\"@id\":\"https:\/\/www.leili-motor.net\/fr\/#organization\"},\"potentialAction\":[{\"@type\":\"SearchAction\",\"target\":{\"@type\":\"EntryPoint\",\"urlTemplate\":\"https:\/\/www.leili-motor.net\/fr\/?s={search_term_string}\"},\"query-input\":{\"@type\":\"PropertyValueSpecification\",\"valueRequired\":true,\"valueName\":\"search_term_string\"}}],\"inLanguage\":\"fr-FR\"},{\"@type\":\"Organization\",\"@id\":\"https:\/\/www.leili-motor.net\/fr\/#organization\",\"name\":\"Leili Motor\",\"url\":\"https:\/\/www.leili-motor.net\/fr\/\",\"logo\":{\"@type\":\"ImageObject\",\"inLanguage\":\"fr-FR\",\"@id\":\"https:\/\/www.leili-motor.net\/fr\/#\/schema\/logo\/image\/\",\"url\":\"https:\/\/www.leili-motor.net\/wp-content\/uploads\/2025\/03\/Leili-Motor.png\",\"contentUrl\":\"https:\/\/www.leili-motor.net\/wp-content\/uploads\/2025\/03\/Leili-Motor.png\",\"width\":600,\"height\":156,\"caption\":\"Leili Motor\"},\"image\":{\"@id\":\"https:\/\/www.leili-motor.net\/fr\/#\/schema\/logo\/image\/\"}}]}<\/script>\n<!-- \/ Yoast SEO plugin. -->","yoast_head_json":{"title":"Moteur \u00e0 Engrenages \u00e0 Balais CC 53ZYJ50 &#8211; Leili Motor","description":"Le moteur \u00e0 engrenages \u00e0 balais \u00e0 courant continu 53ZYJ50 pr\u00e9sente plusieurs types de mod\u00e8les, garantissant un contr\u00f4le pr\u00e9cis du mouvement, des performances fluides et un couple fiable pour les applications de nettoyage photo\u00e9lectrique solaire.","robots":{"index":"index","follow":"follow","max-snippet":"max-snippet:-1","max-image-preview":"max-image-preview:large","max-video-preview":"max-video-preview:-1"},"canonical":"https:\/\/www.leili-motor.net\/fr\/moteur-a-engrenages-a-balais-cc-53zyj50.html","schema":{"@context":"https:\/\/schema.org","@graph":[{"@type":"WebPage","@id":"https:\/\/www.leili-motor.net\/fr\/moteur-a-engrenages-a-balais-cc-53zyj50.html","url":"https:\/\/www.leili-motor.net\/fr\/moteur-a-engrenages-a-balais-cc-53zyj50.html","name":"Moteur \u00e0 Engrenages \u00e0 Balais CC 53ZYJ50 &#8211; Leili Motor","isPartOf":{"@id":"https:\/\/www.leili-motor.net\/fr\/#website"},"primaryImageOfPage":{"@id":"https:\/\/www.leili-motor.net\/fr\/moteur-a-engrenages-a-balais-cc-53zyj50.html#primaryimage"},"image":{"@id":"https:\/\/www.leili-motor.net\/fr\/moteur-a-engrenages-a-balais-cc-53zyj50.html#primaryimage"},"thumbnailUrl":"https:\/\/www.leili-motor.net\/wp-content\/uploads\/2025\/03\/53ZYJ50-DC-Brushed-Gear-Motor.webp","datePublished":"2025-03-06T06:38:14+00:00","description":"Le moteur \u00e0 engrenages \u00e0 balais \u00e0 courant continu 53ZYJ50 pr\u00e9sente plusieurs types de mod\u00e8les, garantissant un contr\u00f4le pr\u00e9cis du mouvement, des performances fluides et un couple fiable pour les applications de nettoyage photo\u00e9lectrique solaire.","breadcrumb":{"@id":"https:\/\/www.leili-motor.net\/fr\/moteur-a-engrenages-a-balais-cc-53zyj50.html#breadcrumb"},"inLanguage":"fr-FR","potentialAction":[{"@type":"ReadAction","target":["https:\/\/www.leili-motor.net\/fr\/moteur-a-engrenages-a-balais-cc-53zyj50.html"]}]},{"@type":"ImageObject","inLanguage":"fr-FR","@id":"https:\/\/www.leili-motor.net\/fr\/moteur-a-engrenages-a-balais-cc-53zyj50.html#primaryimage","url":"https:\/\/www.leili-motor.net\/wp-content\/uploads\/2025\/03\/53ZYJ50-DC-Brushed-Gear-Motor.webp","contentUrl":"https:\/\/www.leili-motor.net\/wp-content\/uploads\/2025\/03\/53ZYJ50-DC-Brushed-Gear-Motor.webp","width":454,"height":310,"caption":"Moteur \u00e0 engrenages \u00e0 balais CC 53ZYJ50"},{"@type":"BreadcrumbList","@id":"https:\/\/www.leili-motor.net\/fr\/moteur-a-engrenages-a-balais-cc-53zyj50.html#breadcrumb","itemListElement":[{"@type":"ListItem","position":1,"name":"Home","item":"https:\/\/www.leili-motor.net\/fr\/"},{"@type":"ListItem","position":2,"name":"Produits","item":"https:\/\/www.leili-motor.net\/fr\/produits\/"},{"@type":"ListItem","position":3,"name":"Moteur \u00e0 Engrenages \u00e0 Balais CC 53ZYJ50"}]},{"@type":"WebSite","@id":"https:\/\/www.leili-motor.net\/fr\/#website","url":"https:\/\/www.leili-motor.net\/fr\/","name":"Leili Motor","description":"","publisher":{"@id":"https:\/\/www.leili-motor.net\/fr\/#organization"},"potentialAction":[{"@type":"SearchAction","target":{"@type":"EntryPoint","urlTemplate":"https:\/\/www.leili-motor.net\/fr\/?s={search_term_string}"},"query-input":{"@type":"PropertyValueSpecification","valueRequired":true,"valueName":"search_term_string"}}],"inLanguage":"fr-FR"},{"@type":"Organization","@id":"https:\/\/www.leili-motor.net\/fr\/#organization","name":"Leili Motor","url":"https:\/\/www.leili-motor.net\/fr\/","logo":{"@type":"ImageObject","inLanguage":"fr-FR","@id":"https:\/\/www.leili-motor.net\/fr\/#\/schema\/logo\/image\/","url":"https:\/\/www.leili-motor.net\/wp-content\/uploads\/2025\/03\/Leili-Motor.png","contentUrl":"https:\/\/www.leili-motor.net\/wp-content\/uploads\/2025\/03\/Leili-Motor.png","width":600,"height":156,"caption":"Leili Motor"},"image":{"@id":"https:\/\/www.leili-motor.net\/fr\/#\/schema\/logo\/image\/"}}]}},"_links":{"self":[{"href":"https:\/\/www.leili-motor.net\/fr\/wp-json\/wp\/v2\/product\/10982","targetHints":{"allow":["GET"]}}],"collection":[{"href":"https:\/\/www.leili-motor.net\/fr\/wp-json\/wp\/v2\/product"}],"about":[{"href":"https:\/\/www.leili-motor.net\/fr\/wp-json\/wp\/v2\/types\/product"}],"replies":[{"embeddable":true,"href":"https:\/\/www.leili-motor.net\/fr\/wp-json\/wp\/v2\/comments?post=10982"}],"wp:featuredmedia":[{"embeddable":true,"href":"https:\/\/www.leili-motor.net\/fr\/wp-json\/wp\/v2\/media\/10983"}],"wp:attachment":[{"href":"https:\/\/www.leili-motor.net\/fr\/wp-json\/wp\/v2\/media?parent=10982"}],"wp:term":[{"taxonomy":"product_brand","embeddable":true,"href":"https:\/\/www.leili-motor.net\/fr\/wp-json\/wp\/v2\/product_brand?post=10982"},{"taxonomy":"product_cat","embeddable":true,"href":"https:\/\/www.leili-motor.net\/fr\/wp-json\/wp\/v2\/product_cat?post=10982"},{"taxonomy":"product_tag","embeddable":true,"href":"https:\/\/www.leili-motor.net\/fr\/wp-json\/wp\/v2\/product_tag?post=10982"}],"curies":[{"name":"wp","href":"https:\/\/api.w.org\/{rel}","templated":true}]}}