{"id":10988,"date":"2025-03-06T14:04:18","date_gmt":"2025-03-06T06:04:18","guid":{"rendered":"https:\/\/www.leili-motor.net\/moteur-a-engrenages-a-balais-cc-36zyj555\/"},"modified":"2025-03-06T14:04:18","modified_gmt":"2025-03-06T06:04:18","slug":"moteur-a-engrenages-a-balais-cc-36zyj555","status":"publish","type":"product","link":"https:\/\/www.leili-motor.net\/fr\/moteur-a-engrenages-a-balais-cc-36zyj555.html","title":{"rendered":"Moteur \u00e0 Engrenages \u00e0 Balais CC 36ZYJ555"},"content":{"rendered":"<h2>Param\u00e8tres du produit<\/h2>\n<table>\n<tbody>\n<tr>\n<td>Mod\u00e8le<\/td>\n<td>Tension nominale<br \/>\n(VCA)<\/td>\n<td>Courant \u00e0 vide<\/td>\n<td>Vitesse \u00e0 vide<br \/>\n(tr\/min)<\/td>\n<td colspan=\"2\">Charge 8,6 N\u00b7m<\/td>\n<\/tr>\n<tr>\n<td>36ZYJ555-2<\/td>\n<td>24V<\/td>\n<td>\u22640.6A<\/td>\n<td>215\u00b110%<\/td>\n<td>Actuel<br \/>\n(A)\u22644.0A<\/td>\n<td>Vitesse de charge<br \/>\n (tr\/min) 185 \u00b1 10 %<\/td>\n<\/tr>\n<\/tbody>\n<\/table>\n<h2>Dimension m\u00e9canique : mm<\/h2>\n<p><img loading=\"lazy\" decoding=\"async\" loading=\"lazy\" class=\"size-full wp-image-973 aligncenter\" src=\"https:\/\/www.leili-motor.net\/wp-content\/uploads\/2025\/03\/Mechanical-Dimension-for-36ZYJ555-DC-Brushed-Gear-Motor.webp\" alt=\"Dimensions m\u00e9caniques du moteur \u00e0 engrenages \u00e0 balais CC 36ZYJ555\" width=\"759\" height=\"447\" srcset=\"https:\/\/www.leili-motor.net\/wp-content\/uploads\/2025\/03\/Mechanical-Dimension-for-36ZYJ555-DC-Brushed-Gear-Motor.webp 759w, https:\/\/www.leili-motor.net\/wp-content\/uploads\/2025\/03\/Mechanical-Dimension-for-36ZYJ555-DC-Brushed-Gear-Motor-300x177.webp 300w, https:\/\/www.leili-motor.net\/wp-content\/uploads\/2025\/03\/Mechanical-Dimension-for-36ZYJ555-DC-Brushed-Gear-Motor-600x353.webp 600w\" sizes=\"auto, (max-width: 759px) 100vw, 759px\" \/><\/p>\n","protected":false},"excerpt":{"rendered":"<h3>Pr\u00e9sentation du produit<\/h3>\n<ul>\n<li>Fonctionnement \u00e0 tension stable : le 36ZYJ555-2 fonctionne sur 24 V, garantissant des performances constantes dans diverses applications.<\/li>\n<li>Contr\u00f4le de vitesse efficace : fournit une vitesse \u00e0 vide de 215 tr\/min et maintient 185 tr\/min sous une charge de 8,6 N\u00b7m.<\/li>\n<li>Faible consommation d&rsquo;\u00e9nergie : fonctionne avec un courant \u00e0 vide \u2264 0,6 A et \u2264 4,0 A dans des conditions de pleine charge.<\/li>\n<\/ul>\n<h3>Application du produit<\/h3>\n<ul>\n<li>Machine \u00e0 caf\u00e9 domestique<\/li>\n<\/ul>\n","protected":false},"featured_media":10989,"comment_status":"open","ping_status":"closed","template":"","meta":{"site-sidebar-layout":"default","site-content-layout":"","ast-site-content-layout":"default","site-content-style":"default","site-sidebar-style":"default","ast-global-header-display":"","ast-banner-title-visibility":"","ast-main-header-display":"","ast-hfb-above-header-display":"","ast-hfb-below-header-display":"","ast-hfb-mobile-header-display":"","site-post-title":"","ast-breadcrumbs-content":"","ast-featured-img":"","footer-sml-layout":"","theme-transparent-header-meta":"default","adv-header-id-meta":"","stick-header-meta":"","header-above-stick-meta":"","header-main-stick-meta":"","header-below-stick-meta":"","astra-migrate-meta-layouts":"default","ast-page-background-enabled":"default","ast-page-background-meta":{"desktop":{"background-color":"var(--ast-global-color-5)","background-image":"","background-repeat":"repeat","background-position":"center center","background-size":"auto","background-attachment":"scroll","background-type":"","background-media":"","overlay-type":"","overlay-color":"","overlay-opacity":"","overlay-gradient":""},"tablet":{"background-color":"","background-image":"","background-repeat":"repeat","background-position":"center center","background-size":"auto","background-attachment":"scroll","background-type":"","background-media":"","overlay-type":"","overlay-color":"","overlay-opacity":"","overlay-gradient":""},"mobile":{"background-color":"","background-image":"","background-repeat":"repeat","background-position":"center center","background-size":"auto","background-attachment":"scroll","background-type":"","background-media":"","overlay-type":"","overlay-color":"","overlay-opacity":"","overlay-gradient":""}},"ast-content-background-meta":{"desktop":{"background-color":"var(--ast-global-color-4)","background-image":"","background-repeat":"repeat","background-position":"center center","background-size":"auto","background-attachment":"scroll","background-type":"","background-media":"","overlay-type":"","overlay-color":"","overlay-opacity":"","overlay-gradient":""},"tablet":{"background-color":"var(--ast-global-color-4)","background-image":"","background-repeat":"repeat","background-position":"center center","background-size":"auto","background-attachment":"scroll","background-type":"","background-media":"","overlay-type":"","overlay-color":"","overlay-opacity":"","overlay-gradient":""},"mobile":{"background-color":"var(--ast-global-color-4)","background-image":"","background-repeat":"repeat","background-position":"center center","background-size":"auto","background-attachment":"scroll","background-type":"","background-media":"","overlay-type":"","overlay-color":"","overlay-opacity":"","overlay-gradient":""}}},"product_brand":[],"product_cat":[1168,1169],"product_tag":[],"class_list":{"0":"post-10988","1":"product","2":"type-product","3":"status-publish","4":"has-post-thumbnail","6":"product_cat-moteur-a-balais-a-courant-continu","7":"product_cat-moteur-a-engrenages-a-balais-a-courant-continu","8":"desktop-align-left","9":"tablet-align-left","10":"mobile-align-left","12":"first","13":"instock","14":"shipping-taxable","15":"product-type-simple"},"yoast_head":"<!-- This site is optimized with the Yoast SEO plugin v27.2 - https:\/\/yoast.com\/product\/yoast-seo-wordpress\/ -->\n<title>Moteur \u00e0 Engrenages \u00e0 Balais CC 36ZYJ555 &#8211; Leili Motor<\/title>\n<meta name=\"description\" content=\"Le moteur \u00e0 engrenages \u00e0 balais \u00e0 courant continu 36ZYJ555-2 fonctionne \u00e0 24 V, 215 tr\/min et un couple de 8,6 N\u00b7m, garantissant des performances efficaces dans les machines \u00e0 caf\u00e9 domestiques.\" \/>\n<meta name=\"robots\" content=\"index, follow, max-snippet:-1, max-image-preview:large, max-video-preview:-1\" \/>\n<link rel=\"canonical\" href=\"https:\/\/www.leili-motor.net\/fr\/moteur-a-engrenages-a-balais-cc-36zyj555.html\" \/>\n<script type=\"application\/ld+json\" class=\"yoast-schema-graph\">{\"@context\":\"https:\/\/schema.org\",\"@graph\":[{\"@type\":\"WebPage\",\"@id\":\"https:\/\/www.leili-motor.net\/fr\/moteur-a-engrenages-a-balais-cc-36zyj555.html\",\"url\":\"https:\/\/www.leili-motor.net\/fr\/moteur-a-engrenages-a-balais-cc-36zyj555.html\",\"name\":\"Moteur \u00e0 Engrenages \u00e0 Balais CC 36ZYJ555 &#8211; Leili Motor\",\"isPartOf\":{\"@id\":\"https:\/\/www.leili-motor.net\/fr\/#website\"},\"primaryImageOfPage\":{\"@id\":\"https:\/\/www.leili-motor.net\/fr\/moteur-a-engrenages-a-balais-cc-36zyj555.html#primaryimage\"},\"image\":{\"@id\":\"https:\/\/www.leili-motor.net\/fr\/moteur-a-engrenages-a-balais-cc-36zyj555.html#primaryimage\"},\"thumbnailUrl\":\"https:\/\/www.leili-motor.net\/wp-content\/uploads\/2025\/03\/36ZYJ555-DC-Brushed-Gear-Motor.webp\",\"datePublished\":\"2025-03-06T06:04:18+00:00\",\"description\":\"Le moteur \u00e0 engrenages \u00e0 balais \u00e0 courant continu 36ZYJ555-2 fonctionne \u00e0 24 V, 215 tr\/min et un couple de 8,6 N\u00b7m, garantissant des performances efficaces dans les machines \u00e0 caf\u00e9 domestiques.\",\"breadcrumb\":{\"@id\":\"https:\/\/www.leili-motor.net\/fr\/moteur-a-engrenages-a-balais-cc-36zyj555.html#breadcrumb\"},\"inLanguage\":\"fr-FR\",\"potentialAction\":[{\"@type\":\"ReadAction\",\"target\":[\"https:\/\/www.leili-motor.net\/fr\/moteur-a-engrenages-a-balais-cc-36zyj555.html\"]}]},{\"@type\":\"ImageObject\",\"inLanguage\":\"fr-FR\",\"@id\":\"https:\/\/www.leili-motor.net\/fr\/moteur-a-engrenages-a-balais-cc-36zyj555.html#primaryimage\",\"url\":\"https:\/\/www.leili-motor.net\/wp-content\/uploads\/2025\/03\/36ZYJ555-DC-Brushed-Gear-Motor.webp\",\"contentUrl\":\"https:\/\/www.leili-motor.net\/wp-content\/uploads\/2025\/03\/36ZYJ555-DC-Brushed-Gear-Motor.webp\",\"width\":454,\"height\":310,\"caption\":\"Moteur \u00e0 engrenages \u00e0 balais CC 36ZYJ555\"},{\"@type\":\"BreadcrumbList\",\"@id\":\"https:\/\/www.leili-motor.net\/fr\/moteur-a-engrenages-a-balais-cc-36zyj555.html#breadcrumb\",\"itemListElement\":[{\"@type\":\"ListItem\",\"position\":1,\"name\":\"Home\",\"item\":\"https:\/\/www.leili-motor.net\/fr\/\"},{\"@type\":\"ListItem\",\"position\":2,\"name\":\"Produits\",\"item\":\"https:\/\/www.leili-motor.net\/fr\/produits\/\"},{\"@type\":\"ListItem\",\"position\":3,\"name\":\"Moteur \u00e0 Engrenages \u00e0 Balais CC 36ZYJ555\"}]},{\"@type\":\"WebSite\",\"@id\":\"https:\/\/www.leili-motor.net\/fr\/#website\",\"url\":\"https:\/\/www.leili-motor.net\/fr\/\",\"name\":\"Leili Motor\",\"description\":\"\",\"publisher\":{\"@id\":\"https:\/\/www.leili-motor.net\/fr\/#organization\"},\"potentialAction\":[{\"@type\":\"SearchAction\",\"target\":{\"@type\":\"EntryPoint\",\"urlTemplate\":\"https:\/\/www.leili-motor.net\/fr\/?s={search_term_string}\"},\"query-input\":{\"@type\":\"PropertyValueSpecification\",\"valueRequired\":true,\"valueName\":\"search_term_string\"}}],\"inLanguage\":\"fr-FR\"},{\"@type\":\"Organization\",\"@id\":\"https:\/\/www.leili-motor.net\/fr\/#organization\",\"name\":\"Leili Motor\",\"url\":\"https:\/\/www.leili-motor.net\/fr\/\",\"logo\":{\"@type\":\"ImageObject\",\"inLanguage\":\"fr-FR\",\"@id\":\"https:\/\/www.leili-motor.net\/fr\/#\/schema\/logo\/image\/\",\"url\":\"https:\/\/www.leili-motor.net\/wp-content\/uploads\/2025\/03\/Leili-Motor.png\",\"contentUrl\":\"https:\/\/www.leili-motor.net\/wp-content\/uploads\/2025\/03\/Leili-Motor.png\",\"width\":600,\"height\":156,\"caption\":\"Leili Motor\"},\"image\":{\"@id\":\"https:\/\/www.leili-motor.net\/fr\/#\/schema\/logo\/image\/\"}}]}<\/script>\n<!-- \/ Yoast SEO plugin. -->","yoast_head_json":{"title":"Moteur \u00e0 Engrenages \u00e0 Balais CC 36ZYJ555 &#8211; Leili Motor","description":"Le moteur \u00e0 engrenages \u00e0 balais \u00e0 courant continu 36ZYJ555-2 fonctionne \u00e0 24 V, 215 tr\/min et un couple de 8,6 N\u00b7m, garantissant des performances efficaces dans les machines \u00e0 caf\u00e9 domestiques.","robots":{"index":"index","follow":"follow","max-snippet":"max-snippet:-1","max-image-preview":"max-image-preview:large","max-video-preview":"max-video-preview:-1"},"canonical":"https:\/\/www.leili-motor.net\/fr\/moteur-a-engrenages-a-balais-cc-36zyj555.html","schema":{"@context":"https:\/\/schema.org","@graph":[{"@type":"WebPage","@id":"https:\/\/www.leili-motor.net\/fr\/moteur-a-engrenages-a-balais-cc-36zyj555.html","url":"https:\/\/www.leili-motor.net\/fr\/moteur-a-engrenages-a-balais-cc-36zyj555.html","name":"Moteur \u00e0 Engrenages \u00e0 Balais CC 36ZYJ555 &#8211; Leili Motor","isPartOf":{"@id":"https:\/\/www.leili-motor.net\/fr\/#website"},"primaryImageOfPage":{"@id":"https:\/\/www.leili-motor.net\/fr\/moteur-a-engrenages-a-balais-cc-36zyj555.html#primaryimage"},"image":{"@id":"https:\/\/www.leili-motor.net\/fr\/moteur-a-engrenages-a-balais-cc-36zyj555.html#primaryimage"},"thumbnailUrl":"https:\/\/www.leili-motor.net\/wp-content\/uploads\/2025\/03\/36ZYJ555-DC-Brushed-Gear-Motor.webp","datePublished":"2025-03-06T06:04:18+00:00","description":"Le moteur \u00e0 engrenages \u00e0 balais \u00e0 courant continu 36ZYJ555-2 fonctionne \u00e0 24 V, 215 tr\/min et un couple de 8,6 N\u00b7m, garantissant des performances efficaces dans les machines \u00e0 caf\u00e9 domestiques.","breadcrumb":{"@id":"https:\/\/www.leili-motor.net\/fr\/moteur-a-engrenages-a-balais-cc-36zyj555.html#breadcrumb"},"inLanguage":"fr-FR","potentialAction":[{"@type":"ReadAction","target":["https:\/\/www.leili-motor.net\/fr\/moteur-a-engrenages-a-balais-cc-36zyj555.html"]}]},{"@type":"ImageObject","inLanguage":"fr-FR","@id":"https:\/\/www.leili-motor.net\/fr\/moteur-a-engrenages-a-balais-cc-36zyj555.html#primaryimage","url":"https:\/\/www.leili-motor.net\/wp-content\/uploads\/2025\/03\/36ZYJ555-DC-Brushed-Gear-Motor.webp","contentUrl":"https:\/\/www.leili-motor.net\/wp-content\/uploads\/2025\/03\/36ZYJ555-DC-Brushed-Gear-Motor.webp","width":454,"height":310,"caption":"Moteur \u00e0 engrenages \u00e0 balais CC 36ZYJ555"},{"@type":"BreadcrumbList","@id":"https:\/\/www.leili-motor.net\/fr\/moteur-a-engrenages-a-balais-cc-36zyj555.html#breadcrumb","itemListElement":[{"@type":"ListItem","position":1,"name":"Home","item":"https:\/\/www.leili-motor.net\/fr\/"},{"@type":"ListItem","position":2,"name":"Produits","item":"https:\/\/www.leili-motor.net\/fr\/produits\/"},{"@type":"ListItem","position":3,"name":"Moteur \u00e0 Engrenages \u00e0 Balais CC 36ZYJ555"}]},{"@type":"WebSite","@id":"https:\/\/www.leili-motor.net\/fr\/#website","url":"https:\/\/www.leili-motor.net\/fr\/","name":"Leili Motor","description":"","publisher":{"@id":"https:\/\/www.leili-motor.net\/fr\/#organization"},"potentialAction":[{"@type":"SearchAction","target":{"@type":"EntryPoint","urlTemplate":"https:\/\/www.leili-motor.net\/fr\/?s={search_term_string}"},"query-input":{"@type":"PropertyValueSpecification","valueRequired":true,"valueName":"search_term_string"}}],"inLanguage":"fr-FR"},{"@type":"Organization","@id":"https:\/\/www.leili-motor.net\/fr\/#organization","name":"Leili Motor","url":"https:\/\/www.leili-motor.net\/fr\/","logo":{"@type":"ImageObject","inLanguage":"fr-FR","@id":"https:\/\/www.leili-motor.net\/fr\/#\/schema\/logo\/image\/","url":"https:\/\/www.leili-motor.net\/wp-content\/uploads\/2025\/03\/Leili-Motor.png","contentUrl":"https:\/\/www.leili-motor.net\/wp-content\/uploads\/2025\/03\/Leili-Motor.png","width":600,"height":156,"caption":"Leili Motor"},"image":{"@id":"https:\/\/www.leili-motor.net\/fr\/#\/schema\/logo\/image\/"}}]}},"_links":{"self":[{"href":"https:\/\/www.leili-motor.net\/fr\/wp-json\/wp\/v2\/product\/10988","targetHints":{"allow":["GET"]}}],"collection":[{"href":"https:\/\/www.leili-motor.net\/fr\/wp-json\/wp\/v2\/product"}],"about":[{"href":"https:\/\/www.leili-motor.net\/fr\/wp-json\/wp\/v2\/types\/product"}],"replies":[{"embeddable":true,"href":"https:\/\/www.leili-motor.net\/fr\/wp-json\/wp\/v2\/comments?post=10988"}],"wp:featuredmedia":[{"embeddable":true,"href":"https:\/\/www.leili-motor.net\/fr\/wp-json\/wp\/v2\/media\/10989"}],"wp:attachment":[{"href":"https:\/\/www.leili-motor.net\/fr\/wp-json\/wp\/v2\/media?parent=10988"}],"wp:term":[{"taxonomy":"product_brand","embeddable":true,"href":"https:\/\/www.leili-motor.net\/fr\/wp-json\/wp\/v2\/product_brand?post=10988"},{"taxonomy":"product_cat","embeddable":true,"href":"https:\/\/www.leili-motor.net\/fr\/wp-json\/wp\/v2\/product_cat?post=10988"},{"taxonomy":"product_tag","embeddable":true,"href":"https:\/\/www.leili-motor.net\/fr\/wp-json\/wp\/v2\/product_tag?post=10988"}],"curies":[{"name":"wp","href":"https:\/\/api.w.org\/{rel}","templated":true}]}}