{"id":10991,"date":"2025-03-13T09:29:12","date_gmt":"2025-03-13T01:29:12","guid":{"rendered":"https:\/\/www.leili-motor.net\/affichage-tete-haute-pour-voiture-hud-25by412\/"},"modified":"2025-03-13T09:29:12","modified_gmt":"2025-03-13T01:29:12","slug":"affichage-tete-haute-pour-voiture-hud-25by412","status":"publish","type":"product","link":"https:\/\/www.leili-motor.net\/fr\/affichage-tete-haute-pour-voiture-hud-25by412.html","title":{"rendered":"Affichage t\u00eate haute pour voiture HUD 25BY412"},"content":{"rendered":"<h2>Param\u00e8tres du produit<\/h2>\n<table>\n<tbody>\n<tr>\n<td>Tension V\u00b110%<br \/>\nDC<\/td>\n<td>Mode d&rsquo;actionnement\n<\/td>\n<td>Mode d&rsquo;excitation<\/td>\n<td>Courant \u00e9lectrique mA<\/td>\n<td>Angle de pas<\/td>\n<td>R\u00e9sistance (25\u2103 )<br \/>\n\u03a9 \u00b1 10%<\/td>\n<td>Inductance (1kHz, 1Vrms)<br \/>\nmH (REF) \u00b1 20%<\/td>\n<td>Pouss\u00e9e nominale \u25b2 (360Hz)<br \/>\nN<\/td>\n<td>Vitesse nominale mm \u00b1 10%<\/td>\n<td>Incr\u00e9ment par pas mm \u00b1 10%<\/td>\n<td>\u25b2Course maximale<br \/>\nmm<\/td>\n<td>\u2605 Rigidit\u00e9 di\u00e9lectrique de l&rsquo;isolation CA 500V,<br \/>\n1min 5mA<\/td>\n<td>\u2605 R\u00e9sistance d&rsquo;isolation CC 500V<br \/>\n(M\u03a9)<\/td>\n<td>\u25b2<br \/>\nBruit<br \/>\n360Hz<br \/>\nMoteur pas \u00e0 pas<br \/>\n(20cm)<br \/>\ndB(A)<\/td>\n<\/tr>\n<tr>\n<td>12<\/td>\n<td>Bipolaire<\/td>\n<td>45690<\/td>\n<td>232<\/td>\n<td>7.5\u00b0<\/td>\n<td>20<\/td>\n<td>15<\/td>\n<td>\u2265 20<\/td>\n<td>3.6<\/td>\n<td>0.01<\/td>\n<td>\u2265 20<\/td>\n<td>Aucune panne ni fus\u00e9e \u00e9clairante<\/td>\n<td>\u2265 100<\/td>\n<td>\u2264 30<br \/>\n ( Son indistinct )<\/td>\n<\/tr>\n<\/tbody>\n<\/table>\n<h2>Dimensions m\u00e9caniques : mm<\/h2>\n<p><img fetchpriority=\"high\" decoding=\"async\" class=\"size-full wp-image-2640 aligncenter\" src=\"https:\/\/www.leili-motor.net\/wp-content\/uploads\/2025\/03\/Mechanical-Dimensions-for-HUD-25BY412-Car-Head-up-Displays.webp\" alt=\"Dimensions m\u00e9caniques des affichages t\u00eate haute HUD 25BY412 pour voiture\" width=\"759\" height=\"418\" srcset=\"https:\/\/www.leili-motor.net\/wp-content\/uploads\/2025\/03\/Mechanical-Dimensions-for-HUD-25BY412-Car-Head-up-Displays.webp 759w, https:\/\/www.leili-motor.net\/wp-content\/uploads\/2025\/03\/Mechanical-Dimensions-for-HUD-25BY412-Car-Head-up-Displays-300x165.webp 300w, https:\/\/www.leili-motor.net\/wp-content\/uploads\/2025\/03\/Mechanical-Dimensions-for-HUD-25BY412-Car-Head-up-Displays-600x330.webp 600w\" sizes=\"(max-width: 759px) 100vw, 759px\" \/><\/p>\n","protected":false},"excerpt":{"rendered":"<h3>Pr\u00e9sentation du produit<\/h3>\n<ul>\n<li>Convient pour l&rsquo;affichage t\u00eate haute de voiture<\/li>\n<li>Angle de pas : 7,5\u00b0, offrant un mouvement incr\u00e9mental pr\u00e9cis pour un positionnement pr\u00e9cis du HUD.<\/li>\n<li>Pouss\u00e9e nominale (360 Hz) : \u2265 20 N, offrant une force importante pour des performances stables.<\/li>\n<li>Vitesse nominale : 3,6 mm \u00b1 10 %, garantissant une vitesse fluide et constante.<\/li>\n<\/ul>\n<h3>Application du produit<\/h3>\n<ul>\n<li>Affichage t\u00eate haute HUD pour voiture<\/li>\n<\/ul>\n<p>&nbsp;<\/p>\n","protected":false},"featured_media":10992,"comment_status":"open","ping_status":"closed","template":"","meta":{"site-sidebar-layout":"default","site-content-layout":"","ast-site-content-layout":"default","site-content-style":"default","site-sidebar-style":"default","ast-global-header-display":"","ast-banner-title-visibility":"","ast-main-header-display":"","ast-hfb-above-header-display":"","ast-hfb-below-header-display":"","ast-hfb-mobile-header-display":"","site-post-title":"","ast-breadcrumbs-content":"","ast-featured-img":"","footer-sml-layout":"","theme-transparent-header-meta":"default","adv-header-id-meta":"","stick-header-meta":"","header-above-stick-meta":"","header-main-stick-meta":"","header-below-stick-meta":"","astra-migrate-meta-layouts":"default","ast-page-background-enabled":"default","ast-page-background-meta":{"desktop":{"background-color":"var(--ast-global-color-5)","background-image":"","background-repeat":"repeat","background-position":"center center","background-size":"auto","background-attachment":"scroll","background-type":"","background-media":"","overlay-type":"","overlay-color":"","overlay-opacity":"","overlay-gradient":""},"tablet":{"background-color":"","background-image":"","background-repeat":"repeat","background-position":"center center","background-size":"auto","background-attachment":"scroll","background-type":"","background-media":"","overlay-type":"","overlay-color":"","overlay-opacity":"","overlay-gradient":""},"mobile":{"background-color":"","background-image":"","background-repeat":"repeat","background-position":"center center","background-size":"auto","background-attachment":"scroll","background-type":"","background-media":"","overlay-type":"","overlay-color":"","overlay-opacity":"","overlay-gradient":""}},"ast-content-background-meta":{"desktop":{"background-color":"var(--ast-global-color-4)","background-image":"","background-repeat":"repeat","background-position":"center center","background-size":"auto","background-attachment":"scroll","background-type":"","background-media":"","overlay-type":"","overlay-color":"","overlay-opacity":"","overlay-gradient":""},"tablet":{"background-color":"var(--ast-global-color-4)","background-image":"","background-repeat":"repeat","background-position":"center center","background-size":"auto","background-attachment":"scroll","background-type":"","background-media":"","overlay-type":"","overlay-color":"","overlay-opacity":"","overlay-gradient":""},"mobile":{"background-color":"var(--ast-global-color-4)","background-image":"","background-repeat":"repeat","background-position":"center center","background-size":"auto","background-attachment":"scroll","background-type":"","background-media":"","overlay-type":"","overlay-color":"","overlay-opacity":"","overlay-gradient":""}}},"product_brand":[],"product_cat":[1150,1184],"product_tag":[1188],"class_list":{"0":"post-10991","1":"product","2":"type-product","3":"status-publish","4":"has-post-thumbnail","6":"product_cat-composants","7":"product_cat-composants-automobiles","8":"product_tag-conduite-intelligente-affichage-tete-haute","9":"pa_application-pieces-detachees-automobiles","10":"desktop-align-left","11":"tablet-align-left","12":"mobile-align-left","14":"first","15":"instock","16":"shipping-taxable","17":"product-type-simple"},"yoast_head":"<!-- This site is optimized with the Yoast SEO plugin v27.2 - https:\/\/yoast.com\/product\/yoast-seo-wordpress\/ -->\n<title>Affichage t\u00eate haute pour voiture HUD 25BY412 &#8211; Leili Motor<\/title>\n<meta name=\"description\" content=\"Notre affichage t\u00eate haute de voiture hud 25by412 fonctionne \u00e0 12 V \u00b1 10 % CC, garantissant des performances stables dans les applications automobiles.\" \/>\n<meta name=\"robots\" content=\"index, follow, max-snippet:-1, max-image-preview:large, max-video-preview:-1\" \/>\n<link rel=\"canonical\" href=\"https:\/\/www.leili-motor.net\/fr\/affichage-tete-haute-pour-voiture-hud-25by412.html\" \/>\n<script type=\"application\/ld+json\" class=\"yoast-schema-graph\">{\"@context\":\"https:\/\/schema.org\",\"@graph\":[{\"@type\":\"WebPage\",\"@id\":\"https:\/\/www.leili-motor.net\/fr\/affichage-tete-haute-pour-voiture-hud-25by412.html\",\"url\":\"https:\/\/www.leili-motor.net\/fr\/affichage-tete-haute-pour-voiture-hud-25by412.html\",\"name\":\"Affichage t\u00eate haute pour voiture HUD 25BY412 &#8211; Leili Motor\",\"isPartOf\":{\"@id\":\"https:\/\/www.leili-motor.net\/fr\/#website\"},\"primaryImageOfPage\":{\"@id\":\"https:\/\/www.leili-motor.net\/fr\/affichage-tete-haute-pour-voiture-hud-25by412.html#primaryimage\"},\"image\":{\"@id\":\"https:\/\/www.leili-motor.net\/fr\/affichage-tete-haute-pour-voiture-hud-25by412.html#primaryimage\"},\"thumbnailUrl\":\"https:\/\/www.leili-motor.net\/wp-content\/uploads\/2025\/03\/HUD-25BY412-Car-Head-up-Displays.webp\",\"datePublished\":\"2025-03-13T01:29:12+00:00\",\"description\":\"Notre affichage t\u00eate haute de voiture hud 25by412 fonctionne \u00e0 12 V \u00b1 10 % CC, garantissant des performances stables dans les applications automobiles.\",\"breadcrumb\":{\"@id\":\"https:\/\/www.leili-motor.net\/fr\/affichage-tete-haute-pour-voiture-hud-25by412.html#breadcrumb\"},\"inLanguage\":\"fr-FR\",\"potentialAction\":[{\"@type\":\"ReadAction\",\"target\":[\"https:\/\/www.leili-motor.net\/fr\/affichage-tete-haute-pour-voiture-hud-25by412.html\"]}]},{\"@type\":\"ImageObject\",\"inLanguage\":\"fr-FR\",\"@id\":\"https:\/\/www.leili-motor.net\/fr\/affichage-tete-haute-pour-voiture-hud-25by412.html#primaryimage\",\"url\":\"https:\/\/www.leili-motor.net\/wp-content\/uploads\/2025\/03\/HUD-25BY412-Car-Head-up-Displays.webp\",\"contentUrl\":\"https:\/\/www.leili-motor.net\/wp-content\/uploads\/2025\/03\/HUD-25BY412-Car-Head-up-Displays.webp\",\"width\":454,\"height\":310,\"caption\":\"Affichage t\u00eate haute pour voiture HUD 25BY412\"},{\"@type\":\"BreadcrumbList\",\"@id\":\"https:\/\/www.leili-motor.net\/fr\/affichage-tete-haute-pour-voiture-hud-25by412.html#breadcrumb\",\"itemListElement\":[{\"@type\":\"ListItem\",\"position\":1,\"name\":\"Home\",\"item\":\"https:\/\/www.leili-motor.net\/fr\/\"},{\"@type\":\"ListItem\",\"position\":2,\"name\":\"Produits\",\"item\":\"https:\/\/www.leili-motor.net\/fr\/produits\/\"},{\"@type\":\"ListItem\",\"position\":3,\"name\":\"Affichage t\u00eate haute pour voiture HUD 25BY412\"}]},{\"@type\":\"WebSite\",\"@id\":\"https:\/\/www.leili-motor.net\/fr\/#website\",\"url\":\"https:\/\/www.leili-motor.net\/fr\/\",\"name\":\"Leili Motor\",\"description\":\"\",\"publisher\":{\"@id\":\"https:\/\/www.leili-motor.net\/fr\/#organization\"},\"potentialAction\":[{\"@type\":\"SearchAction\",\"target\":{\"@type\":\"EntryPoint\",\"urlTemplate\":\"https:\/\/www.leili-motor.net\/fr\/?s={search_term_string}\"},\"query-input\":{\"@type\":\"PropertyValueSpecification\",\"valueRequired\":true,\"valueName\":\"search_term_string\"}}],\"inLanguage\":\"fr-FR\"},{\"@type\":\"Organization\",\"@id\":\"https:\/\/www.leili-motor.net\/fr\/#organization\",\"name\":\"Leili Motor\",\"url\":\"https:\/\/www.leili-motor.net\/fr\/\",\"logo\":{\"@type\":\"ImageObject\",\"inLanguage\":\"fr-FR\",\"@id\":\"https:\/\/www.leili-motor.net\/fr\/#\/schema\/logo\/image\/\",\"url\":\"https:\/\/www.leili-motor.net\/wp-content\/uploads\/2025\/03\/Leili-Motor.png\",\"contentUrl\":\"https:\/\/www.leili-motor.net\/wp-content\/uploads\/2025\/03\/Leili-Motor.png\",\"width\":600,\"height\":156,\"caption\":\"Leili Motor\"},\"image\":{\"@id\":\"https:\/\/www.leili-motor.net\/fr\/#\/schema\/logo\/image\/\"}}]}<\/script>\n<!-- \/ Yoast SEO plugin. -->","yoast_head_json":{"title":"Affichage t\u00eate haute pour voiture HUD 25BY412 &#8211; Leili Motor","description":"Notre affichage t\u00eate haute de voiture hud 25by412 fonctionne \u00e0 12 V \u00b1 10 % CC, garantissant des performances stables dans les applications automobiles.","robots":{"index":"index","follow":"follow","max-snippet":"max-snippet:-1","max-image-preview":"max-image-preview:large","max-video-preview":"max-video-preview:-1"},"canonical":"https:\/\/www.leili-motor.net\/fr\/affichage-tete-haute-pour-voiture-hud-25by412.html","schema":{"@context":"https:\/\/schema.org","@graph":[{"@type":"WebPage","@id":"https:\/\/www.leili-motor.net\/fr\/affichage-tete-haute-pour-voiture-hud-25by412.html","url":"https:\/\/www.leili-motor.net\/fr\/affichage-tete-haute-pour-voiture-hud-25by412.html","name":"Affichage t\u00eate haute pour voiture HUD 25BY412 &#8211; Leili Motor","isPartOf":{"@id":"https:\/\/www.leili-motor.net\/fr\/#website"},"primaryImageOfPage":{"@id":"https:\/\/www.leili-motor.net\/fr\/affichage-tete-haute-pour-voiture-hud-25by412.html#primaryimage"},"image":{"@id":"https:\/\/www.leili-motor.net\/fr\/affichage-tete-haute-pour-voiture-hud-25by412.html#primaryimage"},"thumbnailUrl":"https:\/\/www.leili-motor.net\/wp-content\/uploads\/2025\/03\/HUD-25BY412-Car-Head-up-Displays.webp","datePublished":"2025-03-13T01:29:12+00:00","description":"Notre affichage t\u00eate haute de voiture hud 25by412 fonctionne \u00e0 12 V \u00b1 10 % CC, garantissant des performances stables dans les applications automobiles.","breadcrumb":{"@id":"https:\/\/www.leili-motor.net\/fr\/affichage-tete-haute-pour-voiture-hud-25by412.html#breadcrumb"},"inLanguage":"fr-FR","potentialAction":[{"@type":"ReadAction","target":["https:\/\/www.leili-motor.net\/fr\/affichage-tete-haute-pour-voiture-hud-25by412.html"]}]},{"@type":"ImageObject","inLanguage":"fr-FR","@id":"https:\/\/www.leili-motor.net\/fr\/affichage-tete-haute-pour-voiture-hud-25by412.html#primaryimage","url":"https:\/\/www.leili-motor.net\/wp-content\/uploads\/2025\/03\/HUD-25BY412-Car-Head-up-Displays.webp","contentUrl":"https:\/\/www.leili-motor.net\/wp-content\/uploads\/2025\/03\/HUD-25BY412-Car-Head-up-Displays.webp","width":454,"height":310,"caption":"Affichage t\u00eate haute pour voiture HUD 25BY412"},{"@type":"BreadcrumbList","@id":"https:\/\/www.leili-motor.net\/fr\/affichage-tete-haute-pour-voiture-hud-25by412.html#breadcrumb","itemListElement":[{"@type":"ListItem","position":1,"name":"Home","item":"https:\/\/www.leili-motor.net\/fr\/"},{"@type":"ListItem","position":2,"name":"Produits","item":"https:\/\/www.leili-motor.net\/fr\/produits\/"},{"@type":"ListItem","position":3,"name":"Affichage t\u00eate haute pour voiture HUD 25BY412"}]},{"@type":"WebSite","@id":"https:\/\/www.leili-motor.net\/fr\/#website","url":"https:\/\/www.leili-motor.net\/fr\/","name":"Leili Motor","description":"","publisher":{"@id":"https:\/\/www.leili-motor.net\/fr\/#organization"},"potentialAction":[{"@type":"SearchAction","target":{"@type":"EntryPoint","urlTemplate":"https:\/\/www.leili-motor.net\/fr\/?s={search_term_string}"},"query-input":{"@type":"PropertyValueSpecification","valueRequired":true,"valueName":"search_term_string"}}],"inLanguage":"fr-FR"},{"@type":"Organization","@id":"https:\/\/www.leili-motor.net\/fr\/#organization","name":"Leili Motor","url":"https:\/\/www.leili-motor.net\/fr\/","logo":{"@type":"ImageObject","inLanguage":"fr-FR","@id":"https:\/\/www.leili-motor.net\/fr\/#\/schema\/logo\/image\/","url":"https:\/\/www.leili-motor.net\/wp-content\/uploads\/2025\/03\/Leili-Motor.png","contentUrl":"https:\/\/www.leili-motor.net\/wp-content\/uploads\/2025\/03\/Leili-Motor.png","width":600,"height":156,"caption":"Leili Motor"},"image":{"@id":"https:\/\/www.leili-motor.net\/fr\/#\/schema\/logo\/image\/"}}]}},"_links":{"self":[{"href":"https:\/\/www.leili-motor.net\/fr\/wp-json\/wp\/v2\/product\/10991","targetHints":{"allow":["GET"]}}],"collection":[{"href":"https:\/\/www.leili-motor.net\/fr\/wp-json\/wp\/v2\/product"}],"about":[{"href":"https:\/\/www.leili-motor.net\/fr\/wp-json\/wp\/v2\/types\/product"}],"replies":[{"embeddable":true,"href":"https:\/\/www.leili-motor.net\/fr\/wp-json\/wp\/v2\/comments?post=10991"}],"wp:featuredmedia":[{"embeddable":true,"href":"https:\/\/www.leili-motor.net\/fr\/wp-json\/wp\/v2\/media\/10992"}],"wp:attachment":[{"href":"https:\/\/www.leili-motor.net\/fr\/wp-json\/wp\/v2\/media?parent=10991"}],"wp:term":[{"taxonomy":"product_brand","embeddable":true,"href":"https:\/\/www.leili-motor.net\/fr\/wp-json\/wp\/v2\/product_brand?post=10991"},{"taxonomy":"product_cat","embeddable":true,"href":"https:\/\/www.leili-motor.net\/fr\/wp-json\/wp\/v2\/product_cat?post=10991"},{"taxonomy":"product_tag","embeddable":true,"href":"https:\/\/www.leili-motor.net\/fr\/wp-json\/wp\/v2\/product_tag?post=10991"}],"curies":[{"name":"wp","href":"https:\/\/api.w.org\/{rel}","templated":true}]}}