{"id":10997,"date":"2025-03-06T11:57:13","date_gmt":"2025-03-06T03:57:13","guid":{"rendered":"https:\/\/www.leili-motor.net\/micro-moteur-a-balais-cc-fs-5710sh\/"},"modified":"2025-03-06T11:57:13","modified_gmt":"2025-03-06T03:57:13","slug":"micro-moteur-a-balais-cc-fs-5710sh","status":"publish","type":"product","link":"https:\/\/www.leili-motor.net\/fr\/micro-moteur-a-balais-cc-fs-5710sh.html","title":{"rendered":"Micro Moteur \u00e0 Balais CC FS-5710SH"},"content":{"rendered":"<h2>Param\u00e8tres du produit<\/h2>\n<table>\n<tbody>\n<tr>\n<td>Mod\u00e8le<\/td>\n<td colspan=\"2\">tension<\/td>\n<td colspan=\"2\">\u00c0 vide<\/td>\n<td colspan=\"5\">max<\/td>\n<td colspan=\"3\">blocage<\/td>\n<\/tr>\n<tr>\n<td><\/td>\n<td>Plage de fonctionnement<br \/>\n(V)<\/td>\n<td>Nominale<br \/>\n(V)<\/td>\n<td>Vitesse<br \/>\n(tr\/min)<\/td>\n<td>Courant<br \/>\n(A)<\/td>\n<td>Vitesse<br \/>\n(tr\/min)<\/td>\n<td>Courant<br \/>\n(A)<\/td>\n<td>Couple<br \/>\n(mN.m)<\/td>\n<td>Couple<br \/>\n(g.cm)<\/td>\n<td>Puissance<br \/>\n(W)<\/td>\n<td>Couple<br \/>\n(mN.m)<\/td>\n<td>Couple<br \/>\n(g.cm)<\/td>\n<td>Courant<br \/>\n(A)<\/td>\n<\/tr>\n<tr>\n<td>FS-5710SH<\/td>\n<td>8-16.5<\/td>\n<td>12<\/td>\n<td>4500<\/td>\n<td>2<\/td>\n<td>3800<\/td>\n<td>2.5<\/td>\n<td>50<\/td>\n<td>510<\/td>\n<td>19<\/td>\n<td>234<\/td>\n<td>2387.8<\/td>\n<td>10.5<\/td>\n<\/tr>\n<\/tbody>\n<\/table>\n<h2>Dimension m\u00e9canique : mm<\/h2>\n<p><img loading=\"lazy\" decoding=\"async\" loading=\"lazy\" class=\"size-full wp-image-843 aligncenter\" src=\"https:\/\/www.leili-motor.net\/wp-content\/uploads\/2025\/03\/Mechanical-Dimension-for-FS-5710SH-Micro-DC-Brush-Motor.webp\" alt=\"Dimensions m\u00e9caniques du micromoteur \u00e0 balais CC FS-5710SH\" width=\"795\" height=\"300\" srcset=\"https:\/\/www.leili-motor.net\/wp-content\/uploads\/2025\/03\/Mechanical-Dimension-for-FS-5710SH-Micro-DC-Brush-Motor.webp 795w, https:\/\/www.leili-motor.net\/wp-content\/uploads\/2025\/03\/Mechanical-Dimension-for-FS-5710SH-Micro-DC-Brush-Motor-300x113.webp 300w, https:\/\/www.leili-motor.net\/wp-content\/uploads\/2025\/03\/Mechanical-Dimension-for-FS-5710SH-Micro-DC-Brush-Motor-768x290.webp 768w, https:\/\/www.leili-motor.net\/wp-content\/uploads\/2025\/03\/Mechanical-Dimension-for-FS-5710SH-Micro-DC-Brush-Motor-600x226.webp 600w\" sizes=\"auto, (max-width: 795px) 100vw, 795px\" \/><\/p>\n<h2>Courbes de performance<\/h2>\n<p><img loading=\"lazy\" decoding=\"async\" loading=\"lazy\" class=\"size-full wp-image-844 aligncenter\" src=\"https:\/\/www.leili-motor.net\/wp-content\/uploads\/2025\/03\/Performance-Curves-for-FS-5710SH-Micro-DC-Brush-Motor.webp\" alt=\"Courbes de performance du micromoteur \u00e0 balais CC FS-5710SH\" width=\"759\" height=\"255\" srcset=\"https:\/\/www.leili-motor.net\/wp-content\/uploads\/2025\/03\/Performance-Curves-for-FS-5710SH-Micro-DC-Brush-Motor.webp 759w, https:\/\/www.leili-motor.net\/wp-content\/uploads\/2025\/03\/Performance-Curves-for-FS-5710SH-Micro-DC-Brush-Motor-300x101.webp 300w, https:\/\/www.leili-motor.net\/wp-content\/uploads\/2025\/03\/Performance-Curves-for-FS-5710SH-Micro-DC-Brush-Motor-600x202.webp 600w\" sizes=\"auto, (max-width: 759px) 100vw, 759px\" \/><\/p>\n","protected":false},"excerpt":{"rendered":"<h3>Pr\u00e9sentation du produit<\/h3>\n<ul>\n<li>Mod\u00e8le : FS-5710SH<\/li>\n<li>Large plage de tension : fonctionne entre 8 V et 16,5 V, avec une tension nominale de 12 V pour des applications polyvalentes.<\/li>\n<li>Hautes performances : fournit 4 500 tr\/min \u00e0 vide, 3 800 tr\/min maximum avec un couple de sortie de 50 mN\u00b7m.<\/li>\n<li>Puissant et efficace : g\u00e9n\u00e8re une puissance de sortie de 19 W, avec un couple de d\u00e9crochage de 234 mN\u00b7m pour les t\u00e2ches exigeantes.<\/li>\n<\/ul>\n<h3>Application du produit<\/h3>\n<ul>\n<li>Automobile : papillon des gaz d&rsquo;automobile<\/li>\n<\/ul>\n","protected":false},"featured_media":10998,"comment_status":"open","ping_status":"closed","template":"","meta":{"site-sidebar-layout":"default","site-content-layout":"","ast-site-content-layout":"default","site-content-style":"default","site-sidebar-style":"default","ast-global-header-display":"","ast-banner-title-visibility":"","ast-main-header-display":"","ast-hfb-above-header-display":"","ast-hfb-below-header-display":"","ast-hfb-mobile-header-display":"","site-post-title":"","ast-breadcrumbs-content":"","ast-featured-img":"","footer-sml-layout":"","theme-transparent-header-meta":"default","adv-header-id-meta":"","stick-header-meta":"","header-above-stick-meta":"","header-main-stick-meta":"","header-below-stick-meta":"","astra-migrate-meta-layouts":"default","ast-page-background-enabled":"default","ast-page-background-meta":{"desktop":{"background-color":"var(--ast-global-color-5)","background-image":"","background-repeat":"repeat","background-position":"center center","background-size":"auto","background-attachment":"scroll","background-type":"","background-media":"","overlay-type":"","overlay-color":"","overlay-opacity":"","overlay-gradient":""},"tablet":{"background-color":"","background-image":"","background-repeat":"repeat","background-position":"center center","background-size":"auto","background-attachment":"scroll","background-type":"","background-media":"","overlay-type":"","overlay-color":"","overlay-opacity":"","overlay-gradient":""},"mobile":{"background-color":"","background-image":"","background-repeat":"repeat","background-position":"center center","background-size":"auto","background-attachment":"scroll","background-type":"","background-media":"","overlay-type":"","overlay-color":"","overlay-opacity":"","overlay-gradient":""}},"ast-content-background-meta":{"desktop":{"background-color":"var(--ast-global-color-4)","background-image":"","background-repeat":"repeat","background-position":"center center","background-size":"auto","background-attachment":"scroll","background-type":"","background-media":"","overlay-type":"","overlay-color":"","overlay-opacity":"","overlay-gradient":""},"tablet":{"background-color":"var(--ast-global-color-4)","background-image":"","background-repeat":"repeat","background-position":"center center","background-size":"auto","background-attachment":"scroll","background-type":"","background-media":"","overlay-type":"","overlay-color":"","overlay-opacity":"","overlay-gradient":""},"mobile":{"background-color":"var(--ast-global-color-4)","background-image":"","background-repeat":"repeat","background-position":"center center","background-size":"auto","background-attachment":"scroll","background-type":"","background-media":"","overlay-type":"","overlay-color":"","overlay-opacity":"","overlay-gradient":""}}},"product_brand":[],"product_cat":[1168,1191],"product_tag":[1193],"class_list":{"0":"post-10997","1":"product","2":"type-product","3":"status-publish","4":"has-post-thumbnail","6":"product_cat-moteur-a-balais-a-courant-continu","7":"product_cat-micro-moteur-a-balais-a-courant-continu","8":"product_tag-admission-et-echappement-papillon-des-gaz","9":"pa_application-industrie-fr","10":"pa_dc-brush-no-load-current-plus-de-03","11":"pa_dc-brush-no-load-speed-3000-10000-fr","12":"desktop-align-left","13":"tablet-align-left","14":"mobile-align-left","16":"first","17":"instock","18":"shipping-taxable","19":"product-type-simple"},"yoast_head":"<!-- This site is optimized with the Yoast SEO plugin v27.2 - https:\/\/yoast.com\/product\/yoast-seo-wordpress\/ -->\n<title>Micro Moteur \u00e0 Balais CC FS-5710SH &#8211; Leili Motor<\/title>\n<meta name=\"description\" content=\"Le moteur \u00e0 balais micro-CC RFS-5710SH offre une large plage de tension, une vitesse \u00e9lev\u00e9e et un couple \u00e9lev\u00e9, garantissant des performances efficaces pour les applications de papillon des gaz automobiles.\" \/>\n<meta name=\"robots\" content=\"index, follow, max-snippet:-1, max-image-preview:large, max-video-preview:-1\" \/>\n<link rel=\"canonical\" href=\"https:\/\/www.leili-motor.net\/fr\/micro-moteur-a-balais-cc-fs-5710sh.html\" \/>\n<script type=\"application\/ld+json\" class=\"yoast-schema-graph\">{\"@context\":\"https:\/\/schema.org\",\"@graph\":[{\"@type\":\"WebPage\",\"@id\":\"https:\/\/www.leili-motor.net\/fr\/micro-moteur-a-balais-cc-fs-5710sh.html\",\"url\":\"https:\/\/www.leili-motor.net\/fr\/micro-moteur-a-balais-cc-fs-5710sh.html\",\"name\":\"Micro Moteur \u00e0 Balais CC FS-5710SH &#8211; Leili Motor\",\"isPartOf\":{\"@id\":\"https:\/\/www.leili-motor.net\/fr\/#website\"},\"primaryImageOfPage\":{\"@id\":\"https:\/\/www.leili-motor.net\/fr\/micro-moteur-a-balais-cc-fs-5710sh.html#primaryimage\"},\"image\":{\"@id\":\"https:\/\/www.leili-motor.net\/fr\/micro-moteur-a-balais-cc-fs-5710sh.html#primaryimage\"},\"thumbnailUrl\":\"https:\/\/www.leili-motor.net\/wp-content\/uploads\/2025\/03\/FS-5710SH-Micro-DC-Brush-Motor.webp\",\"datePublished\":\"2025-03-06T03:57:13+00:00\",\"description\":\"Le moteur \u00e0 balais micro-CC RFS-5710SH offre une large plage de tension, une vitesse \u00e9lev\u00e9e et un couple \u00e9lev\u00e9, garantissant des performances efficaces pour les applications de papillon des gaz automobiles.\",\"breadcrumb\":{\"@id\":\"https:\/\/www.leili-motor.net\/fr\/micro-moteur-a-balais-cc-fs-5710sh.html#breadcrumb\"},\"inLanguage\":\"fr-FR\",\"potentialAction\":[{\"@type\":\"ReadAction\",\"target\":[\"https:\/\/www.leili-motor.net\/fr\/micro-moteur-a-balais-cc-fs-5710sh.html\"]}]},{\"@type\":\"ImageObject\",\"inLanguage\":\"fr-FR\",\"@id\":\"https:\/\/www.leili-motor.net\/fr\/micro-moteur-a-balais-cc-fs-5710sh.html#primaryimage\",\"url\":\"https:\/\/www.leili-motor.net\/wp-content\/uploads\/2025\/03\/FS-5710SH-Micro-DC-Brush-Motor.webp\",\"contentUrl\":\"https:\/\/www.leili-motor.net\/wp-content\/uploads\/2025\/03\/FS-5710SH-Micro-DC-Brush-Motor.webp\",\"width\":454,\"height\":310,\"caption\":\"Micro-moteur \u00e0 balais CC FS-5710SH\"},{\"@type\":\"BreadcrumbList\",\"@id\":\"https:\/\/www.leili-motor.net\/fr\/micro-moteur-a-balais-cc-fs-5710sh.html#breadcrumb\",\"itemListElement\":[{\"@type\":\"ListItem\",\"position\":1,\"name\":\"Home\",\"item\":\"https:\/\/www.leili-motor.net\/fr\/\"},{\"@type\":\"ListItem\",\"position\":2,\"name\":\"Produits\",\"item\":\"https:\/\/www.leili-motor.net\/fr\/produits\/\"},{\"@type\":\"ListItem\",\"position\":3,\"name\":\"Micro Moteur \u00e0 Balais CC FS-5710SH\"}]},{\"@type\":\"WebSite\",\"@id\":\"https:\/\/www.leili-motor.net\/fr\/#website\",\"url\":\"https:\/\/www.leili-motor.net\/fr\/\",\"name\":\"Leili Motor\",\"description\":\"\",\"publisher\":{\"@id\":\"https:\/\/www.leili-motor.net\/fr\/#organization\"},\"potentialAction\":[{\"@type\":\"SearchAction\",\"target\":{\"@type\":\"EntryPoint\",\"urlTemplate\":\"https:\/\/www.leili-motor.net\/fr\/?s={search_term_string}\"},\"query-input\":{\"@type\":\"PropertyValueSpecification\",\"valueRequired\":true,\"valueName\":\"search_term_string\"}}],\"inLanguage\":\"fr-FR\"},{\"@type\":\"Organization\",\"@id\":\"https:\/\/www.leili-motor.net\/fr\/#organization\",\"name\":\"Leili Motor\",\"url\":\"https:\/\/www.leili-motor.net\/fr\/\",\"logo\":{\"@type\":\"ImageObject\",\"inLanguage\":\"fr-FR\",\"@id\":\"https:\/\/www.leili-motor.net\/fr\/#\/schema\/logo\/image\/\",\"url\":\"https:\/\/www.leili-motor.net\/wp-content\/uploads\/2025\/03\/Leili-Motor.png\",\"contentUrl\":\"https:\/\/www.leili-motor.net\/wp-content\/uploads\/2025\/03\/Leili-Motor.png\",\"width\":600,\"height\":156,\"caption\":\"Leili Motor\"},\"image\":{\"@id\":\"https:\/\/www.leili-motor.net\/fr\/#\/schema\/logo\/image\/\"}}]}<\/script>\n<!-- \/ Yoast SEO plugin. -->","yoast_head_json":{"title":"Micro Moteur \u00e0 Balais CC FS-5710SH &#8211; Leili Motor","description":"Le moteur \u00e0 balais micro-CC RFS-5710SH offre une large plage de tension, une vitesse \u00e9lev\u00e9e et un couple \u00e9lev\u00e9, garantissant des performances efficaces pour les applications de papillon des gaz automobiles.","robots":{"index":"index","follow":"follow","max-snippet":"max-snippet:-1","max-image-preview":"max-image-preview:large","max-video-preview":"max-video-preview:-1"},"canonical":"https:\/\/www.leili-motor.net\/fr\/micro-moteur-a-balais-cc-fs-5710sh.html","schema":{"@context":"https:\/\/schema.org","@graph":[{"@type":"WebPage","@id":"https:\/\/www.leili-motor.net\/fr\/micro-moteur-a-balais-cc-fs-5710sh.html","url":"https:\/\/www.leili-motor.net\/fr\/micro-moteur-a-balais-cc-fs-5710sh.html","name":"Micro Moteur \u00e0 Balais CC FS-5710SH &#8211; Leili Motor","isPartOf":{"@id":"https:\/\/www.leili-motor.net\/fr\/#website"},"primaryImageOfPage":{"@id":"https:\/\/www.leili-motor.net\/fr\/micro-moteur-a-balais-cc-fs-5710sh.html#primaryimage"},"image":{"@id":"https:\/\/www.leili-motor.net\/fr\/micro-moteur-a-balais-cc-fs-5710sh.html#primaryimage"},"thumbnailUrl":"https:\/\/www.leili-motor.net\/wp-content\/uploads\/2025\/03\/FS-5710SH-Micro-DC-Brush-Motor.webp","datePublished":"2025-03-06T03:57:13+00:00","description":"Le moteur \u00e0 balais micro-CC RFS-5710SH offre une large plage de tension, une vitesse \u00e9lev\u00e9e et un couple \u00e9lev\u00e9, garantissant des performances efficaces pour les applications de papillon des gaz automobiles.","breadcrumb":{"@id":"https:\/\/www.leili-motor.net\/fr\/micro-moteur-a-balais-cc-fs-5710sh.html#breadcrumb"},"inLanguage":"fr-FR","potentialAction":[{"@type":"ReadAction","target":["https:\/\/www.leili-motor.net\/fr\/micro-moteur-a-balais-cc-fs-5710sh.html"]}]},{"@type":"ImageObject","inLanguage":"fr-FR","@id":"https:\/\/www.leili-motor.net\/fr\/micro-moteur-a-balais-cc-fs-5710sh.html#primaryimage","url":"https:\/\/www.leili-motor.net\/wp-content\/uploads\/2025\/03\/FS-5710SH-Micro-DC-Brush-Motor.webp","contentUrl":"https:\/\/www.leili-motor.net\/wp-content\/uploads\/2025\/03\/FS-5710SH-Micro-DC-Brush-Motor.webp","width":454,"height":310,"caption":"Micro-moteur \u00e0 balais CC FS-5710SH"},{"@type":"BreadcrumbList","@id":"https:\/\/www.leili-motor.net\/fr\/micro-moteur-a-balais-cc-fs-5710sh.html#breadcrumb","itemListElement":[{"@type":"ListItem","position":1,"name":"Home","item":"https:\/\/www.leili-motor.net\/fr\/"},{"@type":"ListItem","position":2,"name":"Produits","item":"https:\/\/www.leili-motor.net\/fr\/produits\/"},{"@type":"ListItem","position":3,"name":"Micro Moteur \u00e0 Balais CC FS-5710SH"}]},{"@type":"WebSite","@id":"https:\/\/www.leili-motor.net\/fr\/#website","url":"https:\/\/www.leili-motor.net\/fr\/","name":"Leili Motor","description":"","publisher":{"@id":"https:\/\/www.leili-motor.net\/fr\/#organization"},"potentialAction":[{"@type":"SearchAction","target":{"@type":"EntryPoint","urlTemplate":"https:\/\/www.leili-motor.net\/fr\/?s={search_term_string}"},"query-input":{"@type":"PropertyValueSpecification","valueRequired":true,"valueName":"search_term_string"}}],"inLanguage":"fr-FR"},{"@type":"Organization","@id":"https:\/\/www.leili-motor.net\/fr\/#organization","name":"Leili Motor","url":"https:\/\/www.leili-motor.net\/fr\/","logo":{"@type":"ImageObject","inLanguage":"fr-FR","@id":"https:\/\/www.leili-motor.net\/fr\/#\/schema\/logo\/image\/","url":"https:\/\/www.leili-motor.net\/wp-content\/uploads\/2025\/03\/Leili-Motor.png","contentUrl":"https:\/\/www.leili-motor.net\/wp-content\/uploads\/2025\/03\/Leili-Motor.png","width":600,"height":156,"caption":"Leili Motor"},"image":{"@id":"https:\/\/www.leili-motor.net\/fr\/#\/schema\/logo\/image\/"}}]}},"_links":{"self":[{"href":"https:\/\/www.leili-motor.net\/fr\/wp-json\/wp\/v2\/product\/10997","targetHints":{"allow":["GET"]}}],"collection":[{"href":"https:\/\/www.leili-motor.net\/fr\/wp-json\/wp\/v2\/product"}],"about":[{"href":"https:\/\/www.leili-motor.net\/fr\/wp-json\/wp\/v2\/types\/product"}],"replies":[{"embeddable":true,"href":"https:\/\/www.leili-motor.net\/fr\/wp-json\/wp\/v2\/comments?post=10997"}],"wp:featuredmedia":[{"embeddable":true,"href":"https:\/\/www.leili-motor.net\/fr\/wp-json\/wp\/v2\/media\/10998"}],"wp:attachment":[{"href":"https:\/\/www.leili-motor.net\/fr\/wp-json\/wp\/v2\/media?parent=10997"}],"wp:term":[{"taxonomy":"product_brand","embeddable":true,"href":"https:\/\/www.leili-motor.net\/fr\/wp-json\/wp\/v2\/product_brand?post=10997"},{"taxonomy":"product_cat","embeddable":true,"href":"https:\/\/www.leili-motor.net\/fr\/wp-json\/wp\/v2\/product_cat?post=10997"},{"taxonomy":"product_tag","embeddable":true,"href":"https:\/\/www.leili-motor.net\/fr\/wp-json\/wp\/v2\/product_tag?post=10997"}],"curies":[{"name":"wp","href":"https:\/\/api.w.org\/{rel}","templated":true}]}}