{"id":11015,"date":"2025-03-11T13:44:57","date_gmt":"2025-03-11T05:44:57","guid":{"rendered":"https:\/\/www.leili-motor.net\/actionneur-de-climatiseur-automobile\/"},"modified":"2025-03-11T13:44:57","modified_gmt":"2025-03-11T05:44:57","slug":"actionneur-de-climatiseur-automobile","status":"publish","type":"product","link":"https:\/\/www.leili-motor.net\/fr\/actionneur-de-climatiseur-automobile.html","title":{"rendered":"Actionneur de Climatiseur Automobile"},"content":{"rendered":"<h2>Param\u00e8tres du produit<\/h2>\n<table>\n<tbody>\n<tr>\n<td>Mod\u00e8le<\/td>\n<td>Tension nominale<\/p>\n<p>(DC.V )<\/td>\n<td>Tension de fonctionnement<\/p>\n<p>(DC.V )<\/td>\n<td>R\u00e9sistance<\/p>\n<p>((25\u2103)\u03a9\/Phase)<\/td>\n<td>Rapport de r\u00e9duction<\/td>\n<td>Vitesse de l&rsquo;actionneur<\/p>\n<p>(RPM)<\/td>\n<td>Couple de traction<\/p>\n<p>(mN\u00b7m)<\/td>\n<td>Angle de pas<\/p>\n<p>(Moteur)<\/td>\n<td>Angle de pas (arbre de sortie)<\/td>\n<td>Vitesse de l&rsquo;arbre de sortie (tr\/min)<\/td>\n<td>Couple de maintien (N.cm)<\/td>\n<td>Temp\u00e9rature de fonctionnement (\u2103)<\/td>\n<td>Niveau de protection<\/td>\n<td>Rigidit\u00e9 di\u00e9lectrique<\/td>\n<td>R\u00e9sistance d&rsquo;isolement<\/p>\n<p>(DC500V(M\u03a9))<\/td>\n<td>Augmentation de la temp\u00e9rature<\/p>\n<p>(K)<\/td>\n<td>Bruit<\/p>\n<p>(dB(A))<\/td>\n<td>Mode de communication<\/td>\n<\/tr>\n<tr>\n<td>CZJ2-4<\/td>\n<td>12<\/td>\n<td>9~16<\/td>\n<td>60\u00b17%<\/td>\n<td>0.004115741<\/td>\n<td>2~5<\/td>\n<td>\u226598<\/td>\n<td>15<\/td>\n<td>0.0508<\/td>\n<td>5<\/td>\n<td>\u2265100<\/td>\n<td>-40~85<\/td>\n<td>IP50<\/td>\n<td>Pas de panne<br \/>\norfashover<br \/>\nCA 600 V, 1 mA, 1 s<\/td>\n<td>\u2265100<\/td>\n<td>\u226465<\/td>\n<td>\u226430<br \/>\n\uff0810cm\uff09<\/td>\n<td>LIN2.X<\/td>\n<\/tr>\n<tr>\n<td>CZJ2-5<\/td>\n<td>12<\/td>\n<td>9~16<\/td>\n<td>30\u00b110%<\/td>\n<td>0.319444444<\/td>\n<td>2~5<\/td>\n<td>\u2265700<\/td>\n<td>15<\/td>\n<td>0.0375<\/td>\n<td>2<\/td>\n<td>\u2265100<\/td>\n<td>-40~85<\/td>\n<td>IP50<\/td>\n<td>Pas de panne<br \/>\norfashover<br \/>\nCA 600 V, 1 mA, 1 s<\/td>\n<td>\u2265100<\/td>\n<td>\u226465<\/td>\n<td>\u226430<br \/>\n\uff0810cm\uff09<\/td>\n<td>LIN2.X<\/td>\n<\/tr>\n<\/tbody>\n<\/table>\n<h2>Dimensions m\u00e9caniques : mm<\/h2>\n<p><img fetchpriority=\"high\" decoding=\"async\" class=\"size-full wp-image-1891 aligncenter\" src=\"https:\/\/www.leili-motor.net\/wp-content\/uploads\/2025\/03\/Mechanical-Dimensions-for-Automotive-Air-Conditioner-Actuator-2.webp\" alt=\"Dimensions m\u00e9caniques de l'actionneur de climatiseur automobile-2\" width=\"759\" height=\"447\" srcset=\"https:\/\/www.leili-motor.net\/wp-content\/uploads\/2025\/03\/Mechanical-Dimensions-for-Automotive-Air-Conditioner-Actuator-2.webp 759w, https:\/\/www.leili-motor.net\/wp-content\/uploads\/2025\/03\/Mechanical-Dimensions-for-Automotive-Air-Conditioner-Actuator-2-300x177.webp 300w, https:\/\/www.leili-motor.net\/wp-content\/uploads\/2025\/03\/Mechanical-Dimensions-for-Automotive-Air-Conditioner-Actuator-2-600x353.webp 600w\" sizes=\"(max-width: 759px) 100vw, 759px\" \/> <img decoding=\"async\" class=\"size-full wp-image-1892 aligncenter\" src=\"https:\/\/www.leili-motor.net\/wp-content\/uploads\/2025\/03\/Mechanical-Dimensions-for-Automotive-Air-Conditioner-Actuator-1.webp\" alt=\"Dimensions m\u00e9caniques de l'actionneur de climatiseur automobile-1\" width=\"759\" height=\"447\" srcset=\"https:\/\/www.leili-motor.net\/wp-content\/uploads\/2025\/03\/Mechanical-Dimensions-for-Automotive-Air-Conditioner-Actuator-1.webp 759w, https:\/\/www.leili-motor.net\/wp-content\/uploads\/2025\/03\/Mechanical-Dimensions-for-Automotive-Air-Conditioner-Actuator-1-300x177.webp 300w, https:\/\/www.leili-motor.net\/wp-content\/uploads\/2025\/03\/Mechanical-Dimensions-for-Automotive-Air-Conditioner-Actuator-1-600x353.webp 600w\" sizes=\"(max-width: 759px) 100vw, 759px\" \/><\/p>\n","protected":false},"excerpt":{"rendered":"<h3>Pr\u00e9sentation du produit<\/h3>\n<ul>\n<li>Tension nominale : 12 V CC, garantissant une alimentation \u00e9lectrique stable pour les applications automobiles.<\/li>\n<li>Tension de fonctionnement : fonctionne entre 9 V et 16 V CC, permettant une flexibilit\u00e9 dans les fluctuations de tension.<\/li>\n<li>Angle de pas (moteur) : 15\u00b0, assurant un positionnement pr\u00e9cis pour des r\u00e9glages pr\u00e9cis du flux d&rsquo;air.<\/li>\n<\/ul>\n<h3>Application du produit<\/h3>\n<ul>\n<li>Sortie de climatisation automobile<\/li>\n<li>Volet de climatisation automobile<\/li>\n<\/ul>\n","protected":false},"featured_media":11016,"comment_status":"open","ping_status":"closed","template":"","meta":{"site-sidebar-layout":"default","site-content-layout":"","ast-site-content-layout":"default","site-content-style":"default","site-sidebar-style":"default","ast-global-header-display":"","ast-banner-title-visibility":"","ast-main-header-display":"","ast-hfb-above-header-display":"","ast-hfb-below-header-display":"","ast-hfb-mobile-header-display":"","site-post-title":"","ast-breadcrumbs-content":"","ast-featured-img":"","footer-sml-layout":"","theme-transparent-header-meta":"default","adv-header-id-meta":"","stick-header-meta":"","header-above-stick-meta":"","header-main-stick-meta":"","header-below-stick-meta":"","astra-migrate-meta-layouts":"default","ast-page-background-enabled":"default","ast-page-background-meta":{"desktop":{"background-color":"var(--ast-global-color-5)","background-image":"","background-repeat":"repeat","background-position":"center center","background-size":"auto","background-attachment":"scroll","background-type":"","background-media":"","overlay-type":"","overlay-color":"","overlay-opacity":"","overlay-gradient":""},"tablet":{"background-color":"","background-image":"","background-repeat":"repeat","background-position":"center center","background-size":"auto","background-attachment":"scroll","background-type":"","background-media":"","overlay-type":"","overlay-color":"","overlay-opacity":"","overlay-gradient":""},"mobile":{"background-color":"","background-image":"","background-repeat":"repeat","background-position":"center center","background-size":"auto","background-attachment":"scroll","background-type":"","background-media":"","overlay-type":"","overlay-color":"","overlay-opacity":"","overlay-gradient":""}},"ast-content-background-meta":{"desktop":{"background-color":"var(--ast-global-color-4)","background-image":"","background-repeat":"repeat","background-position":"center center","background-size":"auto","background-attachment":"scroll","background-type":"","background-media":"","overlay-type":"","overlay-color":"","overlay-opacity":"","overlay-gradient":""},"tablet":{"background-color":"var(--ast-global-color-4)","background-image":"","background-repeat":"repeat","background-position":"center center","background-size":"auto","background-attachment":"scroll","background-type":"","background-media":"","overlay-type":"","overlay-color":"","overlay-opacity":"","overlay-gradient":""},"mobile":{"background-color":"var(--ast-global-color-4)","background-image":"","background-repeat":"repeat","background-position":"center center","background-size":"auto","background-attachment":"scroll","background-type":"","background-media":"","overlay-type":"","overlay-color":"","overlay-opacity":"","overlay-gradient":""}}},"product_brand":[],"product_cat":[1150,1184],"product_tag":[],"class_list":{"0":"post-11015","1":"product","2":"type-product","3":"status-publish","4":"has-post-thumbnail","6":"product_cat-composants","7":"product_cat-composants-automobiles","8":"desktop-align-left","9":"tablet-align-left","10":"mobile-align-left","12":"first","13":"instock","14":"shipping-taxable","15":"product-type-simple"},"yoast_head":"<!-- This site is optimized with the Yoast SEO plugin v27.2 - https:\/\/yoast.com\/product\/yoast-seo-wordpress\/ -->\n<title>Actionneur de Climatiseur Automobile &#8211; Leili Motor<\/title>\n<meta name=\"description\" content=\"L&#039;actionneur de climatiseur automobile fonctionne dans une plage de temp\u00e9ratures de -40 \u00b0C \u00e0 85 \u00b0C, ce qui le rend id\u00e9al pour les environnements automobiles difficiles.\" \/>\n<meta name=\"robots\" content=\"index, follow, max-snippet:-1, max-image-preview:large, max-video-preview:-1\" \/>\n<link rel=\"canonical\" href=\"https:\/\/www.leili-motor.net\/fr\/actionneur-de-climatiseur-automobile.html\" \/>\n<meta name=\"twitter:label1\" content=\"Dur\u00e9e de lecture estim\u00e9e\" \/>\n\t<meta name=\"twitter:data1\" content=\"1 minute\" \/>\n<script type=\"application\/ld+json\" class=\"yoast-schema-graph\">{\"@context\":\"https:\/\/schema.org\",\"@graph\":[{\"@type\":\"WebPage\",\"@id\":\"https:\/\/www.leili-motor.net\/fr\/actionneur-de-climatiseur-automobile.html\",\"url\":\"https:\/\/www.leili-motor.net\/fr\/actionneur-de-climatiseur-automobile.html\",\"name\":\"Actionneur de Climatiseur Automobile &#8211; Leili Motor\",\"isPartOf\":{\"@id\":\"https:\/\/www.leili-motor.net\/fr\/#website\"},\"primaryImageOfPage\":{\"@id\":\"https:\/\/www.leili-motor.net\/fr\/actionneur-de-climatiseur-automobile.html#primaryimage\"},\"image\":{\"@id\":\"https:\/\/www.leili-motor.net\/fr\/actionneur-de-climatiseur-automobile.html#primaryimage\"},\"thumbnailUrl\":\"https:\/\/www.leili-motor.net\/wp-content\/uploads\/2025\/03\/Automotive-Air-Conditioner-Actuator.webp\",\"datePublished\":\"2025-03-11T05:44:57+00:00\",\"description\":\"L'actionneur de climatiseur automobile fonctionne dans une plage de temp\u00e9ratures de -40 \u00b0C \u00e0 85 \u00b0C, ce qui le rend id\u00e9al pour les environnements automobiles difficiles.\",\"breadcrumb\":{\"@id\":\"https:\/\/www.leili-motor.net\/fr\/actionneur-de-climatiseur-automobile.html#breadcrumb\"},\"inLanguage\":\"fr-FR\",\"potentialAction\":[{\"@type\":\"ReadAction\",\"target\":[\"https:\/\/www.leili-motor.net\/fr\/actionneur-de-climatiseur-automobile.html\"]}]},{\"@type\":\"ImageObject\",\"inLanguage\":\"fr-FR\",\"@id\":\"https:\/\/www.leili-motor.net\/fr\/actionneur-de-climatiseur-automobile.html#primaryimage\",\"url\":\"https:\/\/www.leili-motor.net\/wp-content\/uploads\/2025\/03\/Automotive-Air-Conditioner-Actuator.webp\",\"contentUrl\":\"https:\/\/www.leili-motor.net\/wp-content\/uploads\/2025\/03\/Automotive-Air-Conditioner-Actuator.webp\",\"width\":454,\"height\":310,\"caption\":\"Actionneur de climatiseur automobile\"},{\"@type\":\"BreadcrumbList\",\"@id\":\"https:\/\/www.leili-motor.net\/fr\/actionneur-de-climatiseur-automobile.html#breadcrumb\",\"itemListElement\":[{\"@type\":\"ListItem\",\"position\":1,\"name\":\"Home\",\"item\":\"https:\/\/www.leili-motor.net\/fr\/\"},{\"@type\":\"ListItem\",\"position\":2,\"name\":\"Produits\",\"item\":\"https:\/\/www.leili-motor.net\/fr\/produits\/\"},{\"@type\":\"ListItem\",\"position\":3,\"name\":\"Actionneur de Climatiseur Automobile\"}]},{\"@type\":\"WebSite\",\"@id\":\"https:\/\/www.leili-motor.net\/fr\/#website\",\"url\":\"https:\/\/www.leili-motor.net\/fr\/\",\"name\":\"Leili Motor\",\"description\":\"\",\"publisher\":{\"@id\":\"https:\/\/www.leili-motor.net\/fr\/#organization\"},\"potentialAction\":[{\"@type\":\"SearchAction\",\"target\":{\"@type\":\"EntryPoint\",\"urlTemplate\":\"https:\/\/www.leili-motor.net\/fr\/?s={search_term_string}\"},\"query-input\":{\"@type\":\"PropertyValueSpecification\",\"valueRequired\":true,\"valueName\":\"search_term_string\"}}],\"inLanguage\":\"fr-FR\"},{\"@type\":\"Organization\",\"@id\":\"https:\/\/www.leili-motor.net\/fr\/#organization\",\"name\":\"Leili Motor\",\"url\":\"https:\/\/www.leili-motor.net\/fr\/\",\"logo\":{\"@type\":\"ImageObject\",\"inLanguage\":\"fr-FR\",\"@id\":\"https:\/\/www.leili-motor.net\/fr\/#\/schema\/logo\/image\/\",\"url\":\"https:\/\/www.leili-motor.net\/wp-content\/uploads\/2025\/03\/Leili-Motor.png\",\"contentUrl\":\"https:\/\/www.leili-motor.net\/wp-content\/uploads\/2025\/03\/Leili-Motor.png\",\"width\":600,\"height\":156,\"caption\":\"Leili Motor\"},\"image\":{\"@id\":\"https:\/\/www.leili-motor.net\/fr\/#\/schema\/logo\/image\/\"}}]}<\/script>\n<!-- \/ Yoast SEO plugin. -->","yoast_head_json":{"title":"Actionneur de Climatiseur Automobile &#8211; Leili Motor","description":"L'actionneur de climatiseur automobile fonctionne dans une plage de temp\u00e9ratures de -40 \u00b0C \u00e0 85 \u00b0C, ce qui le rend id\u00e9al pour les environnements automobiles difficiles.","robots":{"index":"index","follow":"follow","max-snippet":"max-snippet:-1","max-image-preview":"max-image-preview:large","max-video-preview":"max-video-preview:-1"},"canonical":"https:\/\/www.leili-motor.net\/fr\/actionneur-de-climatiseur-automobile.html","twitter_misc":{"Dur\u00e9e de lecture estim\u00e9e":"1 minute"},"schema":{"@context":"https:\/\/schema.org","@graph":[{"@type":"WebPage","@id":"https:\/\/www.leili-motor.net\/fr\/actionneur-de-climatiseur-automobile.html","url":"https:\/\/www.leili-motor.net\/fr\/actionneur-de-climatiseur-automobile.html","name":"Actionneur de Climatiseur Automobile &#8211; Leili Motor","isPartOf":{"@id":"https:\/\/www.leili-motor.net\/fr\/#website"},"primaryImageOfPage":{"@id":"https:\/\/www.leili-motor.net\/fr\/actionneur-de-climatiseur-automobile.html#primaryimage"},"image":{"@id":"https:\/\/www.leili-motor.net\/fr\/actionneur-de-climatiseur-automobile.html#primaryimage"},"thumbnailUrl":"https:\/\/www.leili-motor.net\/wp-content\/uploads\/2025\/03\/Automotive-Air-Conditioner-Actuator.webp","datePublished":"2025-03-11T05:44:57+00:00","description":"L'actionneur de climatiseur automobile fonctionne dans une plage de temp\u00e9ratures de -40 \u00b0C \u00e0 85 \u00b0C, ce qui le rend id\u00e9al pour les environnements automobiles difficiles.","breadcrumb":{"@id":"https:\/\/www.leili-motor.net\/fr\/actionneur-de-climatiseur-automobile.html#breadcrumb"},"inLanguage":"fr-FR","potentialAction":[{"@type":"ReadAction","target":["https:\/\/www.leili-motor.net\/fr\/actionneur-de-climatiseur-automobile.html"]}]},{"@type":"ImageObject","inLanguage":"fr-FR","@id":"https:\/\/www.leili-motor.net\/fr\/actionneur-de-climatiseur-automobile.html#primaryimage","url":"https:\/\/www.leili-motor.net\/wp-content\/uploads\/2025\/03\/Automotive-Air-Conditioner-Actuator.webp","contentUrl":"https:\/\/www.leili-motor.net\/wp-content\/uploads\/2025\/03\/Automotive-Air-Conditioner-Actuator.webp","width":454,"height":310,"caption":"Actionneur de climatiseur automobile"},{"@type":"BreadcrumbList","@id":"https:\/\/www.leili-motor.net\/fr\/actionneur-de-climatiseur-automobile.html#breadcrumb","itemListElement":[{"@type":"ListItem","position":1,"name":"Home","item":"https:\/\/www.leili-motor.net\/fr\/"},{"@type":"ListItem","position":2,"name":"Produits","item":"https:\/\/www.leili-motor.net\/fr\/produits\/"},{"@type":"ListItem","position":3,"name":"Actionneur de Climatiseur Automobile"}]},{"@type":"WebSite","@id":"https:\/\/www.leili-motor.net\/fr\/#website","url":"https:\/\/www.leili-motor.net\/fr\/","name":"Leili Motor","description":"","publisher":{"@id":"https:\/\/www.leili-motor.net\/fr\/#organization"},"potentialAction":[{"@type":"SearchAction","target":{"@type":"EntryPoint","urlTemplate":"https:\/\/www.leili-motor.net\/fr\/?s={search_term_string}"},"query-input":{"@type":"PropertyValueSpecification","valueRequired":true,"valueName":"search_term_string"}}],"inLanguage":"fr-FR"},{"@type":"Organization","@id":"https:\/\/www.leili-motor.net\/fr\/#organization","name":"Leili Motor","url":"https:\/\/www.leili-motor.net\/fr\/","logo":{"@type":"ImageObject","inLanguage":"fr-FR","@id":"https:\/\/www.leili-motor.net\/fr\/#\/schema\/logo\/image\/","url":"https:\/\/www.leili-motor.net\/wp-content\/uploads\/2025\/03\/Leili-Motor.png","contentUrl":"https:\/\/www.leili-motor.net\/wp-content\/uploads\/2025\/03\/Leili-Motor.png","width":600,"height":156,"caption":"Leili Motor"},"image":{"@id":"https:\/\/www.leili-motor.net\/fr\/#\/schema\/logo\/image\/"}}]}},"_links":{"self":[{"href":"https:\/\/www.leili-motor.net\/fr\/wp-json\/wp\/v2\/product\/11015","targetHints":{"allow":["GET"]}}],"collection":[{"href":"https:\/\/www.leili-motor.net\/fr\/wp-json\/wp\/v2\/product"}],"about":[{"href":"https:\/\/www.leili-motor.net\/fr\/wp-json\/wp\/v2\/types\/product"}],"replies":[{"embeddable":true,"href":"https:\/\/www.leili-motor.net\/fr\/wp-json\/wp\/v2\/comments?post=11015"}],"wp:featuredmedia":[{"embeddable":true,"href":"https:\/\/www.leili-motor.net\/fr\/wp-json\/wp\/v2\/media\/11016"}],"wp:attachment":[{"href":"https:\/\/www.leili-motor.net\/fr\/wp-json\/wp\/v2\/media?parent=11015"}],"wp:term":[{"taxonomy":"product_brand","embeddable":true,"href":"https:\/\/www.leili-motor.net\/fr\/wp-json\/wp\/v2\/product_brand?post=11015"},{"taxonomy":"product_cat","embeddable":true,"href":"https:\/\/www.leili-motor.net\/fr\/wp-json\/wp\/v2\/product_cat?post=11015"},{"taxonomy":"product_tag","embeddable":true,"href":"https:\/\/www.leili-motor.net\/fr\/wp-json\/wp\/v2\/product_tag?post=11015"}],"curies":[{"name":"wp","href":"https:\/\/api.w.org\/{rel}","templated":true}]}}