{"id":11028,"date":"2025-03-11T10:07:10","date_gmt":"2025-03-11T02:07:10","guid":{"rendered":"https:\/\/www.leili-motor.net\/systeme-dajout-de-detergent\/"},"modified":"2025-06-05T17:40:23","modified_gmt":"2025-06-05T09:40:23","slug":"systeme-dajout-de-detergent","status":"publish","type":"product","link":"https:\/\/www.leili-motor.net\/fr\/systeme-dajout-de-detergent.html","title":{"rendered":"Syst\u00e8me d&rsquo;ajout de d\u00e9tergent"},"content":{"rendered":"<h2>Param\u00e8tres du produit<\/h2>\n<table>\n<tbody>\n<tr>\n<td>Tension nominale<br \/>\n (VAC)<\/td>\n<td>Fr\u00e9quence nominale<br \/>\n (Hz)<\/td>\n<td>Vitesse nominale<br \/>\n(tr\/min)<\/td>\n<td>Niveau d&rsquo;isolation<\/td>\n<td>Flux<br \/>\n(LPM)<\/td>\n<td>Capacit\u00e9<br \/>\n(L)<\/td>\n<td>Dur\u00e9e de vie<\/td>\n<\/tr>\n<tr>\n<td>220<\/td>\n<td>50<\/td>\n<td>20<\/td>\n<td>E<\/td>\n<td>45\u00b12.5<br \/>\nmL\/min<\/td>\n<td>D\u00e9tergent1<\/p>\n<p>Adoucisseur 0.5<\/td>\n<td>Dans un environnement de 0\u2103, 25\u2103, 60\u2103, 1 minute de rotation avant, 1 minute de rotation arri\u00e8re 10000 cycles sans anomalie<\/td>\n<\/tr>\n<\/tbody>\n<\/table>\n<h2>Dimensions m\u00e9caniques : mm<\/h2>\n<p><img fetchpriority=\"high\" decoding=\"async\" class=\"size-full wp-image-1818 aligncenter\" src=\"https:\/\/www.leili-motor.net\/wp-content\/uploads\/2025\/03\/Mechanical-Dimensions-for-Detergent-Adding-System.webp\" alt=\"Dimensions m\u00e9caniques du syst\u00e8me d'ajout de d\u00e9tergent\" width=\"759\" height=\"506\" srcset=\"https:\/\/www.leili-motor.net\/wp-content\/uploads\/2025\/03\/Mechanical-Dimensions-for-Detergent-Adding-System.webp 759w, https:\/\/www.leili-motor.net\/wp-content\/uploads\/2025\/03\/Mechanical-Dimensions-for-Detergent-Adding-System-300x200.webp 300w, https:\/\/www.leili-motor.net\/wp-content\/uploads\/2025\/03\/Mechanical-Dimensions-for-Detergent-Adding-System-600x400.webp 600w\" sizes=\"(max-width: 759px) 100vw, 759px\" \/><\/p>\n","protected":false},"excerpt":{"rendered":"<h3>Pr\u00e9sentation du produit<\/h3>\n<ul>\n<li>Syst\u00e8me de remplissage de pr\u00e9cision pour la distribution automatique de liquide de lavage de machine \u00e0 laver<\/li>\n<li>Vitesse nominale : fonctionne \u00e0 20 tr\/min, garantissant une distribution de d\u00e9tergent pr\u00e9cise et contr\u00f4l\u00e9e.<\/li>\n<li>Dur\u00e9e de vie : Fonctionne de mani\u00e8re fiable pendant 10 000 cycles, test\u00e9 \u00e0 0 \u00b0C, 25 \u00b0C et 60 \u00b0C, avec des rotations altern\u00e9es.<\/li>\n<\/ul>\n<h3>Application du produit<\/h3>\n<ul>\n<li>Appareil : Machine \u00e0 laver<\/li>\n<\/ul>\n","protected":false},"featured_media":11029,"comment_status":"open","ping_status":"closed","template":"","meta":{"site-sidebar-layout":"default","site-content-layout":"","ast-site-content-layout":"default","site-content-style":"default","site-sidebar-style":"default","ast-global-header-display":"","ast-banner-title-visibility":"","ast-main-header-display":"","ast-hfb-above-header-display":"","ast-hfb-below-header-display":"","ast-hfb-mobile-header-display":"","site-post-title":"","ast-breadcrumbs-content":"","ast-featured-img":"","footer-sml-layout":"","theme-transparent-header-meta":"default","adv-header-id-meta":"","stick-header-meta":"","header-above-stick-meta":"","header-main-stick-meta":"","header-below-stick-meta":"","astra-migrate-meta-layouts":"default","ast-page-background-enabled":"default","ast-page-background-meta":{"desktop":{"background-color":"var(--ast-global-color-5)","background-image":"","background-repeat":"repeat","background-position":"center center","background-size":"auto","background-attachment":"scroll","background-type":"","background-media":"","overlay-type":"","overlay-color":"","overlay-opacity":"","overlay-gradient":""},"tablet":{"background-color":"","background-image":"","background-repeat":"repeat","background-position":"center center","background-size":"auto","background-attachment":"scroll","background-type":"","background-media":"","overlay-type":"","overlay-color":"","overlay-opacity":"","overlay-gradient":""},"mobile":{"background-color":"","background-image":"","background-repeat":"repeat","background-position":"center center","background-size":"auto","background-attachment":"scroll","background-type":"","background-media":"","overlay-type":"","overlay-color":"","overlay-opacity":"","overlay-gradient":""}},"ast-content-background-meta":{"desktop":{"background-color":"var(--ast-global-color-4)","background-image":"","background-repeat":"repeat","background-position":"center center","background-size":"auto","background-attachment":"scroll","background-type":"","background-media":"","overlay-type":"","overlay-color":"","overlay-opacity":"","overlay-gradient":""},"tablet":{"background-color":"var(--ast-global-color-4)","background-image":"","background-repeat":"repeat","background-position":"center center","background-size":"auto","background-attachment":"scroll","background-type":"","background-media":"","overlay-type":"","overlay-color":"","overlay-opacity":"","overlay-gradient":""},"mobile":{"background-color":"var(--ast-global-color-4)","background-image":"","background-repeat":"repeat","background-position":"center center","background-size":"auto","background-attachment":"scroll","background-type":"","background-media":"","overlay-type":"","overlay-color":"","overlay-opacity":"","overlay-gradient":""}}},"product_brand":[],"product_cat":[1150,1195],"product_tag":[1197],"class_list":{"0":"post-11028","1":"product","2":"type-product","3":"status-publish","4":"has-post-thumbnail","6":"product_cat-composants","7":"product_cat-composants-dappareils-electromenagers","8":"product_tag-machine-a-laver-systeme-de-remplissage-precis","9":"pa_application-appareil-electromenager","10":"desktop-align-left","11":"tablet-align-left","12":"mobile-align-left","14":"first","15":"instock","16":"shipping-taxable","17":"product-type-simple"},"yoast_head":"<!-- This site is optimized with the Yoast SEO plugin v27.2 - https:\/\/yoast.com\/product\/yoast-seo-wordpress\/ -->\n<title>Syst\u00e8me d&#039;ajout de d\u00e9tergent &#8211; Leili Motor<\/title>\n<meta name=\"description\" content=\"Notre syst\u00e8me d&#039;ajout de d\u00e9tergent fonctionne \u00e0 220 V CA, garantissant la compatibilit\u00e9 avec les syst\u00e8mes \u00e9lectriques standard.\" \/>\n<meta name=\"robots\" content=\"index, follow, max-snippet:-1, max-image-preview:large, max-video-preview:-1\" \/>\n<link rel=\"canonical\" href=\"https:\/\/www.leili-motor.net\/fr\/systeme-dajout-de-detergent.html\" \/>\n<script type=\"application\/ld+json\" class=\"yoast-schema-graph\">{\"@context\":\"https:\/\/schema.org\",\"@graph\":[{\"@type\":\"WebPage\",\"@id\":\"https:\/\/www.leili-motor.net\/fr\/systeme-dajout-de-detergent.html\",\"url\":\"https:\/\/www.leili-motor.net\/fr\/systeme-dajout-de-detergent.html\",\"name\":\"Syst\u00e8me d'ajout de d\u00e9tergent &#8211; Leili Motor\",\"isPartOf\":{\"@id\":\"https:\/\/www.leili-motor.net\/fr\/#website\"},\"primaryImageOfPage\":{\"@id\":\"https:\/\/www.leili-motor.net\/fr\/systeme-dajout-de-detergent.html#primaryimage\"},\"image\":{\"@id\":\"https:\/\/www.leili-motor.net\/fr\/systeme-dajout-de-detergent.html#primaryimage\"},\"thumbnailUrl\":\"https:\/\/www.leili-motor.net\/wp-content\/uploads\/2025\/03\/Precise-Filling-System.webp\",\"datePublished\":\"2025-03-11T02:07:10+00:00\",\"dateModified\":\"2025-06-05T09:40:23+00:00\",\"description\":\"Notre syst\u00e8me d'ajout de d\u00e9tergent fonctionne \u00e0 220 V CA, garantissant la compatibilit\u00e9 avec les syst\u00e8mes \u00e9lectriques standard.\",\"breadcrumb\":{\"@id\":\"https:\/\/www.leili-motor.net\/fr\/systeme-dajout-de-detergent.html#breadcrumb\"},\"inLanguage\":\"fr-FR\",\"potentialAction\":[{\"@type\":\"ReadAction\",\"target\":[\"https:\/\/www.leili-motor.net\/fr\/systeme-dajout-de-detergent.html\"]}]},{\"@type\":\"ImageObject\",\"inLanguage\":\"fr-FR\",\"@id\":\"https:\/\/www.leili-motor.net\/fr\/systeme-dajout-de-detergent.html#primaryimage\",\"url\":\"https:\/\/www.leili-motor.net\/wp-content\/uploads\/2025\/03\/Precise-Filling-System.webp\",\"contentUrl\":\"https:\/\/www.leili-motor.net\/wp-content\/uploads\/2025\/03\/Precise-Filling-System.webp\",\"width\":454,\"height\":310,\"caption\":\"Syst\u00e8me de remplissage pr\u00e9cis\"},{\"@type\":\"BreadcrumbList\",\"@id\":\"https:\/\/www.leili-motor.net\/fr\/systeme-dajout-de-detergent.html#breadcrumb\",\"itemListElement\":[{\"@type\":\"ListItem\",\"position\":1,\"name\":\"Home\",\"item\":\"https:\/\/www.leili-motor.net\/fr\/\"},{\"@type\":\"ListItem\",\"position\":2,\"name\":\"Produits\",\"item\":\"https:\/\/www.leili-motor.net\/fr\/produits\/\"},{\"@type\":\"ListItem\",\"position\":3,\"name\":\"Syst\u00e8me d&rsquo;ajout de d\u00e9tergent\"}]},{\"@type\":\"WebSite\",\"@id\":\"https:\/\/www.leili-motor.net\/fr\/#website\",\"url\":\"https:\/\/www.leili-motor.net\/fr\/\",\"name\":\"Leili Motor\",\"description\":\"\",\"publisher\":{\"@id\":\"https:\/\/www.leili-motor.net\/fr\/#organization\"},\"potentialAction\":[{\"@type\":\"SearchAction\",\"target\":{\"@type\":\"EntryPoint\",\"urlTemplate\":\"https:\/\/www.leili-motor.net\/fr\/?s={search_term_string}\"},\"query-input\":{\"@type\":\"PropertyValueSpecification\",\"valueRequired\":true,\"valueName\":\"search_term_string\"}}],\"inLanguage\":\"fr-FR\"},{\"@type\":\"Organization\",\"@id\":\"https:\/\/www.leili-motor.net\/fr\/#organization\",\"name\":\"Leili Motor\",\"url\":\"https:\/\/www.leili-motor.net\/fr\/\",\"logo\":{\"@type\":\"ImageObject\",\"inLanguage\":\"fr-FR\",\"@id\":\"https:\/\/www.leili-motor.net\/fr\/#\/schema\/logo\/image\/\",\"url\":\"https:\/\/www.leili-motor.net\/wp-content\/uploads\/2025\/03\/Leili-Motor.png\",\"contentUrl\":\"https:\/\/www.leili-motor.net\/wp-content\/uploads\/2025\/03\/Leili-Motor.png\",\"width\":600,\"height\":156,\"caption\":\"Leili Motor\"},\"image\":{\"@id\":\"https:\/\/www.leili-motor.net\/fr\/#\/schema\/logo\/image\/\"}}]}<\/script>\n<!-- \/ Yoast SEO plugin. -->","yoast_head_json":{"title":"Syst\u00e8me d'ajout de d\u00e9tergent &#8211; Leili Motor","description":"Notre syst\u00e8me d'ajout de d\u00e9tergent fonctionne \u00e0 220 V CA, garantissant la compatibilit\u00e9 avec les syst\u00e8mes \u00e9lectriques standard.","robots":{"index":"index","follow":"follow","max-snippet":"max-snippet:-1","max-image-preview":"max-image-preview:large","max-video-preview":"max-video-preview:-1"},"canonical":"https:\/\/www.leili-motor.net\/fr\/systeme-dajout-de-detergent.html","schema":{"@context":"https:\/\/schema.org","@graph":[{"@type":"WebPage","@id":"https:\/\/www.leili-motor.net\/fr\/systeme-dajout-de-detergent.html","url":"https:\/\/www.leili-motor.net\/fr\/systeme-dajout-de-detergent.html","name":"Syst\u00e8me d'ajout de d\u00e9tergent &#8211; Leili Motor","isPartOf":{"@id":"https:\/\/www.leili-motor.net\/fr\/#website"},"primaryImageOfPage":{"@id":"https:\/\/www.leili-motor.net\/fr\/systeme-dajout-de-detergent.html#primaryimage"},"image":{"@id":"https:\/\/www.leili-motor.net\/fr\/systeme-dajout-de-detergent.html#primaryimage"},"thumbnailUrl":"https:\/\/www.leili-motor.net\/wp-content\/uploads\/2025\/03\/Precise-Filling-System.webp","datePublished":"2025-03-11T02:07:10+00:00","dateModified":"2025-06-05T09:40:23+00:00","description":"Notre syst\u00e8me d'ajout de d\u00e9tergent fonctionne \u00e0 220 V CA, garantissant la compatibilit\u00e9 avec les syst\u00e8mes \u00e9lectriques standard.","breadcrumb":{"@id":"https:\/\/www.leili-motor.net\/fr\/systeme-dajout-de-detergent.html#breadcrumb"},"inLanguage":"fr-FR","potentialAction":[{"@type":"ReadAction","target":["https:\/\/www.leili-motor.net\/fr\/systeme-dajout-de-detergent.html"]}]},{"@type":"ImageObject","inLanguage":"fr-FR","@id":"https:\/\/www.leili-motor.net\/fr\/systeme-dajout-de-detergent.html#primaryimage","url":"https:\/\/www.leili-motor.net\/wp-content\/uploads\/2025\/03\/Precise-Filling-System.webp","contentUrl":"https:\/\/www.leili-motor.net\/wp-content\/uploads\/2025\/03\/Precise-Filling-System.webp","width":454,"height":310,"caption":"Syst\u00e8me de remplissage pr\u00e9cis"},{"@type":"BreadcrumbList","@id":"https:\/\/www.leili-motor.net\/fr\/systeme-dajout-de-detergent.html#breadcrumb","itemListElement":[{"@type":"ListItem","position":1,"name":"Home","item":"https:\/\/www.leili-motor.net\/fr\/"},{"@type":"ListItem","position":2,"name":"Produits","item":"https:\/\/www.leili-motor.net\/fr\/produits\/"},{"@type":"ListItem","position":3,"name":"Syst\u00e8me d&rsquo;ajout de d\u00e9tergent"}]},{"@type":"WebSite","@id":"https:\/\/www.leili-motor.net\/fr\/#website","url":"https:\/\/www.leili-motor.net\/fr\/","name":"Leili Motor","description":"","publisher":{"@id":"https:\/\/www.leili-motor.net\/fr\/#organization"},"potentialAction":[{"@type":"SearchAction","target":{"@type":"EntryPoint","urlTemplate":"https:\/\/www.leili-motor.net\/fr\/?s={search_term_string}"},"query-input":{"@type":"PropertyValueSpecification","valueRequired":true,"valueName":"search_term_string"}}],"inLanguage":"fr-FR"},{"@type":"Organization","@id":"https:\/\/www.leili-motor.net\/fr\/#organization","name":"Leili Motor","url":"https:\/\/www.leili-motor.net\/fr\/","logo":{"@type":"ImageObject","inLanguage":"fr-FR","@id":"https:\/\/www.leili-motor.net\/fr\/#\/schema\/logo\/image\/","url":"https:\/\/www.leili-motor.net\/wp-content\/uploads\/2025\/03\/Leili-Motor.png","contentUrl":"https:\/\/www.leili-motor.net\/wp-content\/uploads\/2025\/03\/Leili-Motor.png","width":600,"height":156,"caption":"Leili Motor"},"image":{"@id":"https:\/\/www.leili-motor.net\/fr\/#\/schema\/logo\/image\/"}}]}},"_links":{"self":[{"href":"https:\/\/www.leili-motor.net\/fr\/wp-json\/wp\/v2\/product\/11028","targetHints":{"allow":["GET"]}}],"collection":[{"href":"https:\/\/www.leili-motor.net\/fr\/wp-json\/wp\/v2\/product"}],"about":[{"href":"https:\/\/www.leili-motor.net\/fr\/wp-json\/wp\/v2\/types\/product"}],"replies":[{"embeddable":true,"href":"https:\/\/www.leili-motor.net\/fr\/wp-json\/wp\/v2\/comments?post=11028"}],"wp:featuredmedia":[{"embeddable":true,"href":"https:\/\/www.leili-motor.net\/fr\/wp-json\/wp\/v2\/media\/11029"}],"wp:attachment":[{"href":"https:\/\/www.leili-motor.net\/fr\/wp-json\/wp\/v2\/media?parent=11028"}],"wp:term":[{"taxonomy":"product_brand","embeddable":true,"href":"https:\/\/www.leili-motor.net\/fr\/wp-json\/wp\/v2\/product_brand?post=11028"},{"taxonomy":"product_cat","embeddable":true,"href":"https:\/\/www.leili-motor.net\/fr\/wp-json\/wp\/v2\/product_cat?post=11028"},{"taxonomy":"product_tag","embeddable":true,"href":"https:\/\/www.leili-motor.net\/fr\/wp-json\/wp\/v2\/product_tag?post=11028"}],"curies":[{"name":"wp","href":"https:\/\/api.w.org\/{rel}","templated":true}]}}