{"id":11037,"date":"2025-03-10T17:41:10","date_gmt":"2025-03-10T09:41:10","guid":{"rendered":"https:\/\/www.leili-motor.net\/module-de-separation-sec-humide-bdfj2-1\/"},"modified":"2025-03-10T17:41:10","modified_gmt":"2025-03-10T09:41:10","slug":"module-de-separation-sec-humide-bdfj2-1","status":"publish","type":"product","link":"https:\/\/www.leili-motor.net\/fr\/module-de-separation-sec-humide-bdfj2-1.html","title":{"rendered":"Module de s\u00e9paration sec-humide BDFJ2-1"},"content":{"rendered":"<h2>Param\u00e8tres du produit<\/h2>\n<table>\n<tbody>\n<tr>\n<td>Couple de serrage<\/p>\n<p>12V100PPS<\/td>\n<td>Bruit<br \/>\ndB(A)<\/td>\n<td>R\u00e9sistance<br \/>\n(\u03a9)<\/td>\n<td>Angle de pas du moteur<\/td>\n<td>Rapport de r\u00e9duction du moteur<\/td>\n<\/tr>\n<tr>\n<td>\u2265 50(mN\u00b7m)<\/td>\n<td>\u2264 45DC12V, 100PPS, sans charge, sans distance 10cm<\/td>\n<td>250\u00b117.5<\/td>\n<td>11.25\u00b0<\/td>\n<td>1\/64<\/td>\n<\/tr>\n<\/tbody>\n<\/table>\n<h2>Dimensions m\u00e9caniques : mm<\/h2>\n<p><img fetchpriority=\"high\" decoding=\"async\" class=\"size-full wp-image-1770 aligncenter\" src=\"https:\/\/www.leili-motor.net\/wp-content\/uploads\/2025\/03\/Mechanical-Dimensions-for-BDFJ2-1-Dry-Wet-Separation-Module.webp\" alt=\"Dimensions m\u00e9caniques du module de s\u00e9paration sec-humide BDFJ2-1\" width=\"1266\" height=\"724\" srcset=\"https:\/\/www.leili-motor.net\/wp-content\/uploads\/2025\/03\/Mechanical-Dimensions-for-BDFJ2-1-Dry-Wet-Separation-Module.webp 1266w, https:\/\/www.leili-motor.net\/wp-content\/uploads\/2025\/03\/Mechanical-Dimensions-for-BDFJ2-1-Dry-Wet-Separation-Module-300x172.webp 300w, https:\/\/www.leili-motor.net\/wp-content\/uploads\/2025\/03\/Mechanical-Dimensions-for-BDFJ2-1-Dry-Wet-Separation-Module-1024x586.webp 1024w, https:\/\/www.leili-motor.net\/wp-content\/uploads\/2025\/03\/Mechanical-Dimensions-for-BDFJ2-1-Dry-Wet-Separation-Module-768x439.webp 768w, https:\/\/www.leili-motor.net\/wp-content\/uploads\/2025\/03\/Mechanical-Dimensions-for-BDFJ2-1-Dry-Wet-Separation-Module-600x343.webp 600w\" sizes=\"(max-width: 1266px) 100vw, 1266px\" \/><\/p>\n","protected":false},"excerpt":{"rendered":"<h3>Pr\u00e9sentation du produit<\/h3>\n<ul>\n<li>Convient au syst\u00e8me de circulation du r\u00e9frig\u00e9rateur.<\/li>\n<li>Couple de traction (12 V, 100 PPS) : \u2265 50 mN\u00b7m, offrant un couple \u00e9lev\u00e9 pour des performances fiables.<\/li>\n<li>Bruit (dB(A)) : \u2264 45 dB(A) \u00e0 12 V, 100 PPS sans charge, mesur\u00e9 \u00e0 10 cm de distance.<\/li>\n<li>R\u00e9sistance : 250 \u00b1 17,5 \u03a9, assurant une consommation d&rsquo;\u00e9nergie efficace et des performances optimis\u00e9es.<\/li>\n<\/ul>\n<h3>Application du produit<\/h3>\n<ul>\n<li>Appareils \u00e9lectrom\u00e9nagers : R\u00e9frig\u00e9rateur<\/li>\n<\/ul>\n","protected":false},"featured_media":11038,"comment_status":"open","ping_status":"closed","template":"","meta":{"site-sidebar-layout":"default","site-content-layout":"","ast-site-content-layout":"default","site-content-style":"default","site-sidebar-style":"default","ast-global-header-display":"","ast-banner-title-visibility":"","ast-main-header-display":"","ast-hfb-above-header-display":"","ast-hfb-below-header-display":"","ast-hfb-mobile-header-display":"","site-post-title":"","ast-breadcrumbs-content":"","ast-featured-img":"","footer-sml-layout":"","theme-transparent-header-meta":"default","adv-header-id-meta":"","stick-header-meta":"","header-above-stick-meta":"","header-main-stick-meta":"","header-below-stick-meta":"","astra-migrate-meta-layouts":"default","ast-page-background-enabled":"default","ast-page-background-meta":{"desktop":{"background-color":"var(--ast-global-color-5)","background-image":"","background-repeat":"repeat","background-position":"center center","background-size":"auto","background-attachment":"scroll","background-type":"","background-media":"","overlay-type":"","overlay-color":"","overlay-opacity":"","overlay-gradient":""},"tablet":{"background-color":"","background-image":"","background-repeat":"repeat","background-position":"center center","background-size":"auto","background-attachment":"scroll","background-type":"","background-media":"","overlay-type":"","overlay-color":"","overlay-opacity":"","overlay-gradient":""},"mobile":{"background-color":"","background-image":"","background-repeat":"repeat","background-position":"center center","background-size":"auto","background-attachment":"scroll","background-type":"","background-media":"","overlay-type":"","overlay-color":"","overlay-opacity":"","overlay-gradient":""}},"ast-content-background-meta":{"desktop":{"background-color":"var(--ast-global-color-4)","background-image":"","background-repeat":"repeat","background-position":"center center","background-size":"auto","background-attachment":"scroll","background-type":"","background-media":"","overlay-type":"","overlay-color":"","overlay-opacity":"","overlay-gradient":""},"tablet":{"background-color":"var(--ast-global-color-4)","background-image":"","background-repeat":"repeat","background-position":"center center","background-size":"auto","background-attachment":"scroll","background-type":"","background-media":"","overlay-type":"","overlay-color":"","overlay-opacity":"","overlay-gradient":""},"mobile":{"background-color":"var(--ast-global-color-4)","background-image":"","background-repeat":"repeat","background-position":"center center","background-size":"auto","background-attachment":"scroll","background-type":"","background-media":"","overlay-type":"","overlay-color":"","overlay-opacity":"","overlay-gradient":""}}},"product_brand":[],"product_cat":[1150,1195],"product_tag":[1134],"class_list":{"0":"post-11037","1":"product","2":"type-product","3":"status-publish","4":"has-post-thumbnail","6":"product_cat-composants","7":"product_cat-composants-dappareils-electromenagers","8":"product_tag-refrigerateur-systeme-circulatoire","9":"pa_application-appareil-electromenager","10":"desktop-align-left","11":"tablet-align-left","12":"mobile-align-left","14":"first","15":"instock","16":"shipping-taxable","17":"product-type-simple"},"yoast_head":"<!-- This site is optimized with the Yoast SEO plugin v27.2 - https:\/\/yoast.com\/product\/yoast-seo-wordpress\/ -->\n<title>Module de s\u00e9paration sec-humide BDFJ2-1 &#8211; Leili Motor<\/title>\n<meta name=\"description\" content=\"Le module de s\u00e9paration sec-humide BDFJ2-1 dispose d&#039;un rapport de r\u00e9duction du moteur de 1\/64, ce qui garantit une sortie de couple efficace tout en r\u00e9duisant la vitesse pour une stabilit\u00e9 am\u00e9lior\u00e9e pendant le fonctionnement.\" \/>\n<meta name=\"robots\" content=\"index, follow, max-snippet:-1, max-image-preview:large, max-video-preview:-1\" \/>\n<link rel=\"canonical\" href=\"https:\/\/www.leili-motor.net\/fr\/module-de-separation-sec-humide-bdfj2-1.html\" \/>\n<script type=\"application\/ld+json\" class=\"yoast-schema-graph\">{\"@context\":\"https:\/\/schema.org\",\"@graph\":[{\"@type\":\"WebPage\",\"@id\":\"https:\/\/www.leili-motor.net\/fr\/module-de-separation-sec-humide-bdfj2-1.html\",\"url\":\"https:\/\/www.leili-motor.net\/fr\/module-de-separation-sec-humide-bdfj2-1.html\",\"name\":\"Module de s\u00e9paration sec-humide BDFJ2-1 &#8211; Leili Motor\",\"isPartOf\":{\"@id\":\"https:\/\/www.leili-motor.net\/fr\/#website\"},\"primaryImageOfPage\":{\"@id\":\"https:\/\/www.leili-motor.net\/fr\/module-de-separation-sec-humide-bdfj2-1.html#primaryimage\"},\"image\":{\"@id\":\"https:\/\/www.leili-motor.net\/fr\/module-de-separation-sec-humide-bdfj2-1.html#primaryimage\"},\"thumbnailUrl\":\"https:\/\/www.leili-motor.net\/wp-content\/uploads\/2025\/03\/BDFJ2-1-Dry-Wet-Separation-Module.webp\",\"datePublished\":\"2025-03-10T09:41:10+00:00\",\"description\":\"Le module de s\u00e9paration sec-humide BDFJ2-1 dispose d'un rapport de r\u00e9duction du moteur de 1\/64, ce qui garantit une sortie de couple efficace tout en r\u00e9duisant la vitesse pour une stabilit\u00e9 am\u00e9lior\u00e9e pendant le fonctionnement.\",\"breadcrumb\":{\"@id\":\"https:\/\/www.leili-motor.net\/fr\/module-de-separation-sec-humide-bdfj2-1.html#breadcrumb\"},\"inLanguage\":\"fr-FR\",\"potentialAction\":[{\"@type\":\"ReadAction\",\"target\":[\"https:\/\/www.leili-motor.net\/fr\/module-de-separation-sec-humide-bdfj2-1.html\"]}]},{\"@type\":\"ImageObject\",\"inLanguage\":\"fr-FR\",\"@id\":\"https:\/\/www.leili-motor.net\/fr\/module-de-separation-sec-humide-bdfj2-1.html#primaryimage\",\"url\":\"https:\/\/www.leili-motor.net\/wp-content\/uploads\/2025\/03\/BDFJ2-1-Dry-Wet-Separation-Module.webp\",\"contentUrl\":\"https:\/\/www.leili-motor.net\/wp-content\/uploads\/2025\/03\/BDFJ2-1-Dry-Wet-Separation-Module.webp\",\"width\":454,\"height\":310,\"caption\":\"Module de s\u00e9paration sec-humide BDFJ2-1\"},{\"@type\":\"BreadcrumbList\",\"@id\":\"https:\/\/www.leili-motor.net\/fr\/module-de-separation-sec-humide-bdfj2-1.html#breadcrumb\",\"itemListElement\":[{\"@type\":\"ListItem\",\"position\":1,\"name\":\"Home\",\"item\":\"https:\/\/www.leili-motor.net\/fr\/\"},{\"@type\":\"ListItem\",\"position\":2,\"name\":\"Produits\",\"item\":\"https:\/\/www.leili-motor.net\/fr\/produits\/\"},{\"@type\":\"ListItem\",\"position\":3,\"name\":\"Module de s\u00e9paration sec-humide BDFJ2-1\"}]},{\"@type\":\"WebSite\",\"@id\":\"https:\/\/www.leili-motor.net\/fr\/#website\",\"url\":\"https:\/\/www.leili-motor.net\/fr\/\",\"name\":\"Leili Motor\",\"description\":\"\",\"publisher\":{\"@id\":\"https:\/\/www.leili-motor.net\/fr\/#organization\"},\"potentialAction\":[{\"@type\":\"SearchAction\",\"target\":{\"@type\":\"EntryPoint\",\"urlTemplate\":\"https:\/\/www.leili-motor.net\/fr\/?s={search_term_string}\"},\"query-input\":{\"@type\":\"PropertyValueSpecification\",\"valueRequired\":true,\"valueName\":\"search_term_string\"}}],\"inLanguage\":\"fr-FR\"},{\"@type\":\"Organization\",\"@id\":\"https:\/\/www.leili-motor.net\/fr\/#organization\",\"name\":\"Leili Motor\",\"url\":\"https:\/\/www.leili-motor.net\/fr\/\",\"logo\":{\"@type\":\"ImageObject\",\"inLanguage\":\"fr-FR\",\"@id\":\"https:\/\/www.leili-motor.net\/fr\/#\/schema\/logo\/image\/\",\"url\":\"https:\/\/www.leili-motor.net\/wp-content\/uploads\/2025\/03\/Leili-Motor.png\",\"contentUrl\":\"https:\/\/www.leili-motor.net\/wp-content\/uploads\/2025\/03\/Leili-Motor.png\",\"width\":600,\"height\":156,\"caption\":\"Leili Motor\"},\"image\":{\"@id\":\"https:\/\/www.leili-motor.net\/fr\/#\/schema\/logo\/image\/\"}}]}<\/script>\n<!-- \/ Yoast SEO plugin. -->","yoast_head_json":{"title":"Module de s\u00e9paration sec-humide BDFJ2-1 &#8211; Leili Motor","description":"Le module de s\u00e9paration sec-humide BDFJ2-1 dispose d'un rapport de r\u00e9duction du moteur de 1\/64, ce qui garantit une sortie de couple efficace tout en r\u00e9duisant la vitesse pour une stabilit\u00e9 am\u00e9lior\u00e9e pendant le fonctionnement.","robots":{"index":"index","follow":"follow","max-snippet":"max-snippet:-1","max-image-preview":"max-image-preview:large","max-video-preview":"max-video-preview:-1"},"canonical":"https:\/\/www.leili-motor.net\/fr\/module-de-separation-sec-humide-bdfj2-1.html","schema":{"@context":"https:\/\/schema.org","@graph":[{"@type":"WebPage","@id":"https:\/\/www.leili-motor.net\/fr\/module-de-separation-sec-humide-bdfj2-1.html","url":"https:\/\/www.leili-motor.net\/fr\/module-de-separation-sec-humide-bdfj2-1.html","name":"Module de s\u00e9paration sec-humide BDFJ2-1 &#8211; Leili Motor","isPartOf":{"@id":"https:\/\/www.leili-motor.net\/fr\/#website"},"primaryImageOfPage":{"@id":"https:\/\/www.leili-motor.net\/fr\/module-de-separation-sec-humide-bdfj2-1.html#primaryimage"},"image":{"@id":"https:\/\/www.leili-motor.net\/fr\/module-de-separation-sec-humide-bdfj2-1.html#primaryimage"},"thumbnailUrl":"https:\/\/www.leili-motor.net\/wp-content\/uploads\/2025\/03\/BDFJ2-1-Dry-Wet-Separation-Module.webp","datePublished":"2025-03-10T09:41:10+00:00","description":"Le module de s\u00e9paration sec-humide BDFJ2-1 dispose d'un rapport de r\u00e9duction du moteur de 1\/64, ce qui garantit une sortie de couple efficace tout en r\u00e9duisant la vitesse pour une stabilit\u00e9 am\u00e9lior\u00e9e pendant le fonctionnement.","breadcrumb":{"@id":"https:\/\/www.leili-motor.net\/fr\/module-de-separation-sec-humide-bdfj2-1.html#breadcrumb"},"inLanguage":"fr-FR","potentialAction":[{"@type":"ReadAction","target":["https:\/\/www.leili-motor.net\/fr\/module-de-separation-sec-humide-bdfj2-1.html"]}]},{"@type":"ImageObject","inLanguage":"fr-FR","@id":"https:\/\/www.leili-motor.net\/fr\/module-de-separation-sec-humide-bdfj2-1.html#primaryimage","url":"https:\/\/www.leili-motor.net\/wp-content\/uploads\/2025\/03\/BDFJ2-1-Dry-Wet-Separation-Module.webp","contentUrl":"https:\/\/www.leili-motor.net\/wp-content\/uploads\/2025\/03\/BDFJ2-1-Dry-Wet-Separation-Module.webp","width":454,"height":310,"caption":"Module de s\u00e9paration sec-humide BDFJ2-1"},{"@type":"BreadcrumbList","@id":"https:\/\/www.leili-motor.net\/fr\/module-de-separation-sec-humide-bdfj2-1.html#breadcrumb","itemListElement":[{"@type":"ListItem","position":1,"name":"Home","item":"https:\/\/www.leili-motor.net\/fr\/"},{"@type":"ListItem","position":2,"name":"Produits","item":"https:\/\/www.leili-motor.net\/fr\/produits\/"},{"@type":"ListItem","position":3,"name":"Module de s\u00e9paration sec-humide BDFJ2-1"}]},{"@type":"WebSite","@id":"https:\/\/www.leili-motor.net\/fr\/#website","url":"https:\/\/www.leili-motor.net\/fr\/","name":"Leili Motor","description":"","publisher":{"@id":"https:\/\/www.leili-motor.net\/fr\/#organization"},"potentialAction":[{"@type":"SearchAction","target":{"@type":"EntryPoint","urlTemplate":"https:\/\/www.leili-motor.net\/fr\/?s={search_term_string}"},"query-input":{"@type":"PropertyValueSpecification","valueRequired":true,"valueName":"search_term_string"}}],"inLanguage":"fr-FR"},{"@type":"Organization","@id":"https:\/\/www.leili-motor.net\/fr\/#organization","name":"Leili Motor","url":"https:\/\/www.leili-motor.net\/fr\/","logo":{"@type":"ImageObject","inLanguage":"fr-FR","@id":"https:\/\/www.leili-motor.net\/fr\/#\/schema\/logo\/image\/","url":"https:\/\/www.leili-motor.net\/wp-content\/uploads\/2025\/03\/Leili-Motor.png","contentUrl":"https:\/\/www.leili-motor.net\/wp-content\/uploads\/2025\/03\/Leili-Motor.png","width":600,"height":156,"caption":"Leili Motor"},"image":{"@id":"https:\/\/www.leili-motor.net\/fr\/#\/schema\/logo\/image\/"}}]}},"_links":{"self":[{"href":"https:\/\/www.leili-motor.net\/fr\/wp-json\/wp\/v2\/product\/11037","targetHints":{"allow":["GET"]}}],"collection":[{"href":"https:\/\/www.leili-motor.net\/fr\/wp-json\/wp\/v2\/product"}],"about":[{"href":"https:\/\/www.leili-motor.net\/fr\/wp-json\/wp\/v2\/types\/product"}],"replies":[{"embeddable":true,"href":"https:\/\/www.leili-motor.net\/fr\/wp-json\/wp\/v2\/comments?post=11037"}],"wp:featuredmedia":[{"embeddable":true,"href":"https:\/\/www.leili-motor.net\/fr\/wp-json\/wp\/v2\/media\/11038"}],"wp:attachment":[{"href":"https:\/\/www.leili-motor.net\/fr\/wp-json\/wp\/v2\/media?parent=11037"}],"wp:term":[{"taxonomy":"product_brand","embeddable":true,"href":"https:\/\/www.leili-motor.net\/fr\/wp-json\/wp\/v2\/product_brand?post=11037"},{"taxonomy":"product_cat","embeddable":true,"href":"https:\/\/www.leili-motor.net\/fr\/wp-json\/wp\/v2\/product_cat?post=11037"},{"taxonomy":"product_tag","embeddable":true,"href":"https:\/\/www.leili-motor.net\/fr\/wp-json\/wp\/v2\/product_tag?post=11037"}],"curies":[{"name":"wp","href":"https:\/\/api.w.org\/{rel}","templated":true}]}}