{"id":11040,"date":"2025-03-10T17:18:35","date_gmt":"2025-03-10T09:18:35","guid":{"rendered":"https:\/\/www.leili-motor.net\/ventilateur-centrifuge-fsjl2-1\/"},"modified":"2025-03-10T17:18:35","modified_gmt":"2025-03-10T09:18:35","slug":"ventilateur-centrifuge-fsjl2-1","status":"publish","type":"product","link":"https:\/\/www.leili-motor.net\/fr\/ventilateur-centrifuge-fsjl2-1.html","title":{"rendered":"Ventilateur centrifuge FSJL2-1"},"content":{"rendered":"<h2>Param\u00e8tres du produit<\/h2>\n<table style=\"border-collapse: collapse; width: 432.02pt;\" border=\"0\" width=\"576\" cellspacing=\"0\" cellpadding=\"0\">\n<tbody>\n<tr style=\"height: 13.50pt;\">\n<td style=\"height: 13.50pt; width: 54.00pt;\" width=\"72\" height=\"18\">Mod\u00e8le<\/td>\n<td style=\"width: 54.00pt;\" width=\"72\">Tension nominale<br \/>\n (V)<\/td>\n<td style=\"width: 54.00pt;\" width=\"72\">Plage de tension de fonctionnement<br \/>\n(V)<\/td>\n<td style=\"width: 54.00pt;\" width=\"72\">Tension de d\u00e9marrage<br \/>\n (V)<\/td>\n<td style=\"width: 54.00pt;\" width=\"72\">Courant nominal<br \/>\n(A)<\/td>\n<td style=\"width: 54.00pt;\" width=\"72\">Vitesse nominale<br \/>\n(tr\/min)<\/td>\n<td style=\"width: 54.00pt;\" width=\"72\">Niveau sonore dB<br \/>\n(A)<\/td>\n<td style=\"width: 54.00pt;\" width=\"72\">Augmentation de la temp\u00e9rature<br \/>\n(K)<\/td>\n<\/tr>\n<tr style=\"height: 13.50pt;\">\n<td style=\"height: 13.50pt;\" height=\"18\">FSJL2-1<\/td>\n<td align=\"right\">12<\/td>\n<td>9-13.8<\/td>\n<td>\u22649<\/td>\n<td>\u22640.2<\/td>\n<td>1450\u00b1145<\/td>\n<td>\u2264 38<\/td>\n<td>\u2264 50<\/td>\n<\/tr>\n<\/tbody>\n<\/table>\n<h2>Dimensions m\u00e9caniques : mm<\/h2>\n<p><img fetchpriority=\"high\" decoding=\"async\" class=\"size-full wp-image-1753 aligncenter\" src=\"https:\/\/www.leili-motor.net\/wp-content\/uploads\/2025\/03\/Mechanical-Dimensions-for-FSJL2-1-Centrifugal-Fan.webp\" alt=\"Dimensions m\u00e9caniques du ventilateur centrifuge FSJL2-1\" width=\"1116\" height=\"628\" srcset=\"https:\/\/www.leili-motor.net\/wp-content\/uploads\/2025\/03\/Mechanical-Dimensions-for-FSJL2-1-Centrifugal-Fan.webp 1116w, https:\/\/www.leili-motor.net\/wp-content\/uploads\/2025\/03\/Mechanical-Dimensions-for-FSJL2-1-Centrifugal-Fan-300x169.webp 300w, https:\/\/www.leili-motor.net\/wp-content\/uploads\/2025\/03\/Mechanical-Dimensions-for-FSJL2-1-Centrifugal-Fan-1024x576.webp 1024w, https:\/\/www.leili-motor.net\/wp-content\/uploads\/2025\/03\/Mechanical-Dimensions-for-FSJL2-1-Centrifugal-Fan-768x432.webp 768w, https:\/\/www.leili-motor.net\/wp-content\/uploads\/2025\/03\/Mechanical-Dimensions-for-FSJL2-1-Centrifugal-Fan-600x338.webp 600w\" sizes=\"(max-width: 1116px) 100vw, 1116px\" \/><\/p>\n","protected":false},"excerpt":{"rendered":"<h3>Pr\u00e9sentation du produit<\/h3>\n<ul>\n<li>Convient pour le syst\u00e8me de climatisation \u00e0 air frais.<\/li>\n<li>Tension de d\u00e9marrage (V) : \u2264 9 V, permettant un d\u00e9marrage efficace m\u00eame \u00e0 des tensions plus faibles.<\/li>\n<li>Courant nominal (A) : \u2264 0,2 A, garantissant une faible consommation de courant pour une efficacit\u00e9 \u00e9nerg\u00e9tique.<\/li>\n<li>Vitesse nominale (tr\/min) : 1450 \u00b1 145 tr\/min, offrant une vitesse constante pour un flux d&rsquo;air fiable.<\/li>\n<\/ul>\n<h3>Application du produit<\/h3>\n<ul>\n<li>Appareils \u00e9lectrom\u00e9nagers : Climatisation<\/li>\n<\/ul>\n","protected":false},"featured_media":11041,"comment_status":"open","ping_status":"closed","template":"","meta":{"site-sidebar-layout":"default","site-content-layout":"","ast-site-content-layout":"default","site-content-style":"default","site-sidebar-style":"default","ast-global-header-display":"","ast-banner-title-visibility":"","ast-main-header-display":"","ast-hfb-above-header-display":"","ast-hfb-below-header-display":"","ast-hfb-mobile-header-display":"","site-post-title":"","ast-breadcrumbs-content":"","ast-featured-img":"","footer-sml-layout":"","theme-transparent-header-meta":"default","adv-header-id-meta":"","stick-header-meta":"","header-above-stick-meta":"","header-main-stick-meta":"","header-below-stick-meta":"","astra-migrate-meta-layouts":"default","ast-page-background-enabled":"default","ast-page-background-meta":{"desktop":{"background-color":"var(--ast-global-color-5)","background-image":"","background-repeat":"repeat","background-position":"center center","background-size":"auto","background-attachment":"scroll","background-type":"","background-media":"","overlay-type":"","overlay-color":"","overlay-opacity":"","overlay-gradient":""},"tablet":{"background-color":"","background-image":"","background-repeat":"repeat","background-position":"center center","background-size":"auto","background-attachment":"scroll","background-type":"","background-media":"","overlay-type":"","overlay-color":"","overlay-opacity":"","overlay-gradient":""},"mobile":{"background-color":"","background-image":"","background-repeat":"repeat","background-position":"center center","background-size":"auto","background-attachment":"scroll","background-type":"","background-media":"","overlay-type":"","overlay-color":"","overlay-opacity":"","overlay-gradient":""}},"ast-content-background-meta":{"desktop":{"background-color":"var(--ast-global-color-4)","background-image":"","background-repeat":"repeat","background-position":"center center","background-size":"auto","background-attachment":"scroll","background-type":"","background-media":"","overlay-type":"","overlay-color":"","overlay-opacity":"","overlay-gradient":""},"tablet":{"background-color":"var(--ast-global-color-4)","background-image":"","background-repeat":"repeat","background-position":"center center","background-size":"auto","background-attachment":"scroll","background-type":"","background-media":"","overlay-type":"","overlay-color":"","overlay-opacity":"","overlay-gradient":""},"mobile":{"background-color":"var(--ast-global-color-4)","background-image":"","background-repeat":"repeat","background-position":"center center","background-size":"auto","background-attachment":"scroll","background-type":"","background-media":"","overlay-type":"","overlay-color":"","overlay-opacity":"","overlay-gradient":""}}},"product_brand":[],"product_cat":[1150,1195],"product_tag":[1198],"class_list":{"0":"post-11040","1":"product","2":"type-product","3":"status-publish","4":"has-post-thumbnail","6":"product_cat-composants","7":"product_cat-composants-dappareils-electromenagers","8":"product_tag-climatiseur-systeme-dair-frais","9":"pa_application-appareil-electromenager","10":"desktop-align-left","11":"tablet-align-left","12":"mobile-align-left","14":"first","15":"instock","16":"shipping-taxable","17":"product-type-simple"},"yoast_head":"<!-- This site is optimized with the Yoast SEO plugin v27.2 - https:\/\/yoast.com\/product\/yoast-seo-wordpress\/ -->\n<title>Ventilateur centrifuge FSJL2-1 &#8211; Leili Motor<\/title>\n<meta name=\"description\" content=\"Le ventilateur centrifuge FSJL2-1 fonctionne dans une plage de tension de 9 V \u00e0 13,8 V, garantissant des performances stables avec une variation de tension flexible.\" \/>\n<meta name=\"robots\" content=\"index, follow, max-snippet:-1, max-image-preview:large, max-video-preview:-1\" \/>\n<link rel=\"canonical\" href=\"https:\/\/www.leili-motor.net\/fr\/ventilateur-centrifuge-fsjl2-1.html\" \/>\n<script type=\"application\/ld+json\" class=\"yoast-schema-graph\">{\"@context\":\"https:\/\/schema.org\",\"@graph\":[{\"@type\":\"WebPage\",\"@id\":\"https:\/\/www.leili-motor.net\/fr\/ventilateur-centrifuge-fsjl2-1.html\",\"url\":\"https:\/\/www.leili-motor.net\/fr\/ventilateur-centrifuge-fsjl2-1.html\",\"name\":\"Ventilateur centrifuge FSJL2-1 &#8211; Leili Motor\",\"isPartOf\":{\"@id\":\"https:\/\/www.leili-motor.net\/fr\/#website\"},\"primaryImageOfPage\":{\"@id\":\"https:\/\/www.leili-motor.net\/fr\/ventilateur-centrifuge-fsjl2-1.html#primaryimage\"},\"image\":{\"@id\":\"https:\/\/www.leili-motor.net\/fr\/ventilateur-centrifuge-fsjl2-1.html#primaryimage\"},\"thumbnailUrl\":\"https:\/\/www.leili-motor.net\/wp-content\/uploads\/2025\/03\/FSJL2-1-Centrifugal-Fan.webp\",\"datePublished\":\"2025-03-10T09:18:35+00:00\",\"description\":\"Le ventilateur centrifuge FSJL2-1 fonctionne dans une plage de tension de 9 V \u00e0 13,8 V, garantissant des performances stables avec une variation de tension flexible.\",\"breadcrumb\":{\"@id\":\"https:\/\/www.leili-motor.net\/fr\/ventilateur-centrifuge-fsjl2-1.html#breadcrumb\"},\"inLanguage\":\"fr-FR\",\"potentialAction\":[{\"@type\":\"ReadAction\",\"target\":[\"https:\/\/www.leili-motor.net\/fr\/ventilateur-centrifuge-fsjl2-1.html\"]}]},{\"@type\":\"ImageObject\",\"inLanguage\":\"fr-FR\",\"@id\":\"https:\/\/www.leili-motor.net\/fr\/ventilateur-centrifuge-fsjl2-1.html#primaryimage\",\"url\":\"https:\/\/www.leili-motor.net\/wp-content\/uploads\/2025\/03\/FSJL2-1-Centrifugal-Fan.webp\",\"contentUrl\":\"https:\/\/www.leili-motor.net\/wp-content\/uploads\/2025\/03\/FSJL2-1-Centrifugal-Fan.webp\",\"width\":454,\"height\":310,\"caption\":\"Ventilateur centrifuge FSJL2-1\"},{\"@type\":\"BreadcrumbList\",\"@id\":\"https:\/\/www.leili-motor.net\/fr\/ventilateur-centrifuge-fsjl2-1.html#breadcrumb\",\"itemListElement\":[{\"@type\":\"ListItem\",\"position\":1,\"name\":\"Home\",\"item\":\"https:\/\/www.leili-motor.net\/fr\/\"},{\"@type\":\"ListItem\",\"position\":2,\"name\":\"Produits\",\"item\":\"https:\/\/www.leili-motor.net\/fr\/produits\/\"},{\"@type\":\"ListItem\",\"position\":3,\"name\":\"Ventilateur centrifuge FSJL2-1\"}]},{\"@type\":\"WebSite\",\"@id\":\"https:\/\/www.leili-motor.net\/fr\/#website\",\"url\":\"https:\/\/www.leili-motor.net\/fr\/\",\"name\":\"Leili Motor\",\"description\":\"\",\"publisher\":{\"@id\":\"https:\/\/www.leili-motor.net\/fr\/#organization\"},\"potentialAction\":[{\"@type\":\"SearchAction\",\"target\":{\"@type\":\"EntryPoint\",\"urlTemplate\":\"https:\/\/www.leili-motor.net\/fr\/?s={search_term_string}\"},\"query-input\":{\"@type\":\"PropertyValueSpecification\",\"valueRequired\":true,\"valueName\":\"search_term_string\"}}],\"inLanguage\":\"fr-FR\"},{\"@type\":\"Organization\",\"@id\":\"https:\/\/www.leili-motor.net\/fr\/#organization\",\"name\":\"Leili Motor\",\"url\":\"https:\/\/www.leili-motor.net\/fr\/\",\"logo\":{\"@type\":\"ImageObject\",\"inLanguage\":\"fr-FR\",\"@id\":\"https:\/\/www.leili-motor.net\/fr\/#\/schema\/logo\/image\/\",\"url\":\"https:\/\/www.leili-motor.net\/wp-content\/uploads\/2025\/03\/Leili-Motor.png\",\"contentUrl\":\"https:\/\/www.leili-motor.net\/wp-content\/uploads\/2025\/03\/Leili-Motor.png\",\"width\":600,\"height\":156,\"caption\":\"Leili Motor\"},\"image\":{\"@id\":\"https:\/\/www.leili-motor.net\/fr\/#\/schema\/logo\/image\/\"}}]}<\/script>\n<!-- \/ Yoast SEO plugin. -->","yoast_head_json":{"title":"Ventilateur centrifuge FSJL2-1 &#8211; Leili Motor","description":"Le ventilateur centrifuge FSJL2-1 fonctionne dans une plage de tension de 9 V \u00e0 13,8 V, garantissant des performances stables avec une variation de tension flexible.","robots":{"index":"index","follow":"follow","max-snippet":"max-snippet:-1","max-image-preview":"max-image-preview:large","max-video-preview":"max-video-preview:-1"},"canonical":"https:\/\/www.leili-motor.net\/fr\/ventilateur-centrifuge-fsjl2-1.html","schema":{"@context":"https:\/\/schema.org","@graph":[{"@type":"WebPage","@id":"https:\/\/www.leili-motor.net\/fr\/ventilateur-centrifuge-fsjl2-1.html","url":"https:\/\/www.leili-motor.net\/fr\/ventilateur-centrifuge-fsjl2-1.html","name":"Ventilateur centrifuge FSJL2-1 &#8211; Leili Motor","isPartOf":{"@id":"https:\/\/www.leili-motor.net\/fr\/#website"},"primaryImageOfPage":{"@id":"https:\/\/www.leili-motor.net\/fr\/ventilateur-centrifuge-fsjl2-1.html#primaryimage"},"image":{"@id":"https:\/\/www.leili-motor.net\/fr\/ventilateur-centrifuge-fsjl2-1.html#primaryimage"},"thumbnailUrl":"https:\/\/www.leili-motor.net\/wp-content\/uploads\/2025\/03\/FSJL2-1-Centrifugal-Fan.webp","datePublished":"2025-03-10T09:18:35+00:00","description":"Le ventilateur centrifuge FSJL2-1 fonctionne dans une plage de tension de 9 V \u00e0 13,8 V, garantissant des performances stables avec une variation de tension flexible.","breadcrumb":{"@id":"https:\/\/www.leili-motor.net\/fr\/ventilateur-centrifuge-fsjl2-1.html#breadcrumb"},"inLanguage":"fr-FR","potentialAction":[{"@type":"ReadAction","target":["https:\/\/www.leili-motor.net\/fr\/ventilateur-centrifuge-fsjl2-1.html"]}]},{"@type":"ImageObject","inLanguage":"fr-FR","@id":"https:\/\/www.leili-motor.net\/fr\/ventilateur-centrifuge-fsjl2-1.html#primaryimage","url":"https:\/\/www.leili-motor.net\/wp-content\/uploads\/2025\/03\/FSJL2-1-Centrifugal-Fan.webp","contentUrl":"https:\/\/www.leili-motor.net\/wp-content\/uploads\/2025\/03\/FSJL2-1-Centrifugal-Fan.webp","width":454,"height":310,"caption":"Ventilateur centrifuge FSJL2-1"},{"@type":"BreadcrumbList","@id":"https:\/\/www.leili-motor.net\/fr\/ventilateur-centrifuge-fsjl2-1.html#breadcrumb","itemListElement":[{"@type":"ListItem","position":1,"name":"Home","item":"https:\/\/www.leili-motor.net\/fr\/"},{"@type":"ListItem","position":2,"name":"Produits","item":"https:\/\/www.leili-motor.net\/fr\/produits\/"},{"@type":"ListItem","position":3,"name":"Ventilateur centrifuge FSJL2-1"}]},{"@type":"WebSite","@id":"https:\/\/www.leili-motor.net\/fr\/#website","url":"https:\/\/www.leili-motor.net\/fr\/","name":"Leili Motor","description":"","publisher":{"@id":"https:\/\/www.leili-motor.net\/fr\/#organization"},"potentialAction":[{"@type":"SearchAction","target":{"@type":"EntryPoint","urlTemplate":"https:\/\/www.leili-motor.net\/fr\/?s={search_term_string}"},"query-input":{"@type":"PropertyValueSpecification","valueRequired":true,"valueName":"search_term_string"}}],"inLanguage":"fr-FR"},{"@type":"Organization","@id":"https:\/\/www.leili-motor.net\/fr\/#organization","name":"Leili Motor","url":"https:\/\/www.leili-motor.net\/fr\/","logo":{"@type":"ImageObject","inLanguage":"fr-FR","@id":"https:\/\/www.leili-motor.net\/fr\/#\/schema\/logo\/image\/","url":"https:\/\/www.leili-motor.net\/wp-content\/uploads\/2025\/03\/Leili-Motor.png","contentUrl":"https:\/\/www.leili-motor.net\/wp-content\/uploads\/2025\/03\/Leili-Motor.png","width":600,"height":156,"caption":"Leili Motor"},"image":{"@id":"https:\/\/www.leili-motor.net\/fr\/#\/schema\/logo\/image\/"}}]}},"_links":{"self":[{"href":"https:\/\/www.leili-motor.net\/fr\/wp-json\/wp\/v2\/product\/11040","targetHints":{"allow":["GET"]}}],"collection":[{"href":"https:\/\/www.leili-motor.net\/fr\/wp-json\/wp\/v2\/product"}],"about":[{"href":"https:\/\/www.leili-motor.net\/fr\/wp-json\/wp\/v2\/types\/product"}],"replies":[{"embeddable":true,"href":"https:\/\/www.leili-motor.net\/fr\/wp-json\/wp\/v2\/comments?post=11040"}],"wp:featuredmedia":[{"embeddable":true,"href":"https:\/\/www.leili-motor.net\/fr\/wp-json\/wp\/v2\/media\/11041"}],"wp:attachment":[{"href":"https:\/\/www.leili-motor.net\/fr\/wp-json\/wp\/v2\/media?parent=11040"}],"wp:term":[{"taxonomy":"product_brand","embeddable":true,"href":"https:\/\/www.leili-motor.net\/fr\/wp-json\/wp\/v2\/product_brand?post=11040"},{"taxonomy":"product_cat","embeddable":true,"href":"https:\/\/www.leili-motor.net\/fr\/wp-json\/wp\/v2\/product_cat?post=11040"},{"taxonomy":"product_tag","embeddable":true,"href":"https:\/\/www.leili-motor.net\/fr\/wp-json\/wp\/v2\/product_tag?post=11040"}],"curies":[{"name":"wp","href":"https:\/\/api.w.org\/{rel}","templated":true}]}}