{"id":11046,"date":"2025-03-10T16:57:53","date_gmt":"2025-03-10T08:57:53","guid":{"rendered":"https:\/\/www.leili-motor.net\/module-douverture-de-porte-de-refrigerateur-bkmj1-1\/"},"modified":"2025-03-10T16:57:53","modified_gmt":"2025-03-10T08:57:53","slug":"module-douverture-de-porte-de-refrigerateur-bkmj1-1","status":"publish","type":"product","link":"https:\/\/www.leili-motor.net\/fr\/module-douverture-de-porte-de-refrigerateur-bkmj1-1.html","title":{"rendered":"Module d&rsquo;ouverture de porte de r\u00e9frig\u00e9rateur BKMJ1-1"},"content":{"rendered":"<h2>Param\u00e8tres du produit<\/h2>\n<table>\n<tbody>\n<tr>\n<td>Tension nominale<br \/>\n(VDC)<\/td>\n<td>Charge Maximale<br \/>\n\uff08N\uff09<\/td>\n<td>Vitesse de Course<br \/>\n\uff08mm\/s\uff09<\/td>\n<td>Tension nominale<br \/>\n(VCC)<\/td>\n<td>Puissance maximale<br \/>\n (W)<\/td>\n<td>Course maximale<br \/>\n (mm)<\/td>\n<td>Dimension d&rsquo;installation<br \/>\n (mm)<\/td>\n<\/tr>\n<tr>\n<td>400<\/td>\n<td>55<\/td>\n<td>50\u00b11<\/td>\n<td>12<\/td>\n<td>12<\/td>\n<td>68\u00b11<\/td>\n<td>129,1\u00d797,91<\/td>\n<\/tr>\n<\/tbody>\n<\/table>\n<h2>Dimensions m\u00e9caniques : mm<\/h2>\n<p><img fetchpriority=\"high\" decoding=\"async\" class=\"size-full wp-image-1727 aligncenter\" src=\"https:\/\/www.leili-motor.net\/wp-content\/uploads\/2025\/03\/Mechanical-Dimensions-for-BKMJ1-1-Refrigerator-Door-Opening-Module.webp\" alt=\"Dimensions m\u00e9caniques du module d'ouverture de porte de r\u00e9frig\u00e9rateur BKMJ1-1\" width=\"759\" height=\"506\" srcset=\"https:\/\/www.leili-motor.net\/wp-content\/uploads\/2025\/03\/Mechanical-Dimensions-for-BKMJ1-1-Refrigerator-Door-Opening-Module.webp 759w, https:\/\/www.leili-motor.net\/wp-content\/uploads\/2025\/03\/Mechanical-Dimensions-for-BKMJ1-1-Refrigerator-Door-Opening-Module-300x200.webp 300w, https:\/\/www.leili-motor.net\/wp-content\/uploads\/2025\/03\/Mechanical-Dimensions-for-BKMJ1-1-Refrigerator-Door-Opening-Module-600x400.webp 600w\" sizes=\"(max-width: 759px) 100vw, 759px\" \/><\/p>\n","protected":false},"excerpt":{"rendered":"<h3>Pr\u00e9sentation du produit<\/h3>\n<ul>\n<li>Convient pour l&rsquo;ouverture automatique de la porte du r\u00e9frig\u00e9rateur.<\/li>\n<li>Tension nominale (VDC) : 400 V CC, fournissant une puissance \u00e9lev\u00e9e pour un fonctionnement efficace.<\/li>\n<li>Charge maximale (N) : Capable de supporter jusqu&rsquo;\u00e0 55 N, garantissant la r\u00e9sistance \u00e0 l&rsquo;ouverture des portes.<\/li>\n<li>Puissance maximale (W) : 12 W, garantissant une consommation d&rsquo;\u00e9nergie efficace tout en fonctionnant en douceur.<\/li>\n<\/ul>\n<h3>Application du produit<\/h3>\n<ul>\n<li>Appareils \u00e9lectrom\u00e9nagers : r\u00e9frig\u00e9rateur<\/li>\n<\/ul>\n","protected":false},"featured_media":11047,"comment_status":"open","ping_status":"closed","template":"","meta":{"site-sidebar-layout":"default","site-content-layout":"","ast-site-content-layout":"default","site-content-style":"default","site-sidebar-style":"default","ast-global-header-display":"","ast-banner-title-visibility":"","ast-main-header-display":"","ast-hfb-above-header-display":"","ast-hfb-below-header-display":"","ast-hfb-mobile-header-display":"","site-post-title":"","ast-breadcrumbs-content":"","ast-featured-img":"","footer-sml-layout":"","theme-transparent-header-meta":"default","adv-header-id-meta":"","stick-header-meta":"","header-above-stick-meta":"","header-main-stick-meta":"","header-below-stick-meta":"","astra-migrate-meta-layouts":"default","ast-page-background-enabled":"default","ast-page-background-meta":{"desktop":{"background-color":"var(--ast-global-color-5)","background-image":"","background-repeat":"repeat","background-position":"center center","background-size":"auto","background-attachment":"scroll","background-type":"","background-media":"","overlay-type":"","overlay-color":"","overlay-opacity":"","overlay-gradient":""},"tablet":{"background-color":"","background-image":"","background-repeat":"repeat","background-position":"center center","background-size":"auto","background-attachment":"scroll","background-type":"","background-media":"","overlay-type":"","overlay-color":"","overlay-opacity":"","overlay-gradient":""},"mobile":{"background-color":"","background-image":"","background-repeat":"repeat","background-position":"center center","background-size":"auto","background-attachment":"scroll","background-type":"","background-media":"","overlay-type":"","overlay-color":"","overlay-opacity":"","overlay-gradient":""}},"ast-content-background-meta":{"desktop":{"background-color":"var(--ast-global-color-4)","background-image":"","background-repeat":"repeat","background-position":"center center","background-size":"auto","background-attachment":"scroll","background-type":"","background-media":"","overlay-type":"","overlay-color":"","overlay-opacity":"","overlay-gradient":""},"tablet":{"background-color":"var(--ast-global-color-4)","background-image":"","background-repeat":"repeat","background-position":"center center","background-size":"auto","background-attachment":"scroll","background-type":"","background-media":"","overlay-type":"","overlay-color":"","overlay-opacity":"","overlay-gradient":""},"mobile":{"background-color":"var(--ast-global-color-4)","background-image":"","background-repeat":"repeat","background-position":"center center","background-size":"auto","background-attachment":"scroll","background-type":"","background-media":"","overlay-type":"","overlay-color":"","overlay-opacity":"","overlay-gradient":""}}},"product_brand":[],"product_cat":[1150,1195],"product_tag":[1199],"class_list":{"0":"post-11046","1":"product","2":"type-product","3":"status-publish","4":"has-post-thumbnail","6":"product_cat-composants","7":"product_cat-composants-dappareils-electromenagers","8":"product_tag-refrigerateur-systeme-de-controle-de-porte-intelligent","9":"pa_application-appareil-electromenager","10":"desktop-align-left","11":"tablet-align-left","12":"mobile-align-left","14":"first","15":"instock","16":"shipping-taxable","17":"product-type-simple"},"yoast_head":"<!-- This site is optimized with the Yoast SEO plugin v27.2 - https:\/\/yoast.com\/product\/yoast-seo-wordpress\/ -->\n<title>Module d&#039;ouverture de porte de r\u00e9frig\u00e9rateur BKMJ1-1 &#8211; Leili Motor<\/title>\n<meta name=\"description\" content=\"Le module d&#039;ouverture de porte de r\u00e9frig\u00e9rateur BKMJ1-1 fonctionne \u00e0 une vitesse de fonctionnement de 50 \u00b1 1 mm\/s, garantissant une ouverture de porte fiable et coh\u00e9rente.\" \/>\n<meta name=\"robots\" content=\"index, follow, max-snippet:-1, max-image-preview:large, max-video-preview:-1\" \/>\n<link rel=\"canonical\" href=\"https:\/\/www.leili-motor.net\/fr\/module-douverture-de-porte-de-refrigerateur-bkmj1-1.html\" \/>\n<script type=\"application\/ld+json\" class=\"yoast-schema-graph\">{\"@context\":\"https:\/\/schema.org\",\"@graph\":[{\"@type\":\"WebPage\",\"@id\":\"https:\/\/www.leili-motor.net\/fr\/module-douverture-de-porte-de-refrigerateur-bkmj1-1.html\",\"url\":\"https:\/\/www.leili-motor.net\/fr\/module-douverture-de-porte-de-refrigerateur-bkmj1-1.html\",\"name\":\"Module d'ouverture de porte de r\u00e9frig\u00e9rateur BKMJ1-1 &#8211; Leili Motor\",\"isPartOf\":{\"@id\":\"https:\/\/www.leili-motor.net\/fr\/#website\"},\"primaryImageOfPage\":{\"@id\":\"https:\/\/www.leili-motor.net\/fr\/module-douverture-de-porte-de-refrigerateur-bkmj1-1.html#primaryimage\"},\"image\":{\"@id\":\"https:\/\/www.leili-motor.net\/fr\/module-douverture-de-porte-de-refrigerateur-bkmj1-1.html#primaryimage\"},\"thumbnailUrl\":\"https:\/\/www.leili-motor.net\/wp-content\/uploads\/2025\/03\/BKMJ1-1-Refrigerator-Door-Opening-Module.webp\",\"datePublished\":\"2025-03-10T08:57:53+00:00\",\"description\":\"Le module d'ouverture de porte de r\u00e9frig\u00e9rateur BKMJ1-1 fonctionne \u00e0 une vitesse de fonctionnement de 50 \u00b1 1 mm\/s, garantissant une ouverture de porte fiable et coh\u00e9rente.\",\"breadcrumb\":{\"@id\":\"https:\/\/www.leili-motor.net\/fr\/module-douverture-de-porte-de-refrigerateur-bkmj1-1.html#breadcrumb\"},\"inLanguage\":\"fr-FR\",\"potentialAction\":[{\"@type\":\"ReadAction\",\"target\":[\"https:\/\/www.leili-motor.net\/fr\/module-douverture-de-porte-de-refrigerateur-bkmj1-1.html\"]}]},{\"@type\":\"ImageObject\",\"inLanguage\":\"fr-FR\",\"@id\":\"https:\/\/www.leili-motor.net\/fr\/module-douverture-de-porte-de-refrigerateur-bkmj1-1.html#primaryimage\",\"url\":\"https:\/\/www.leili-motor.net\/wp-content\/uploads\/2025\/03\/BKMJ1-1-Refrigerator-Door-Opening-Module.webp\",\"contentUrl\":\"https:\/\/www.leili-motor.net\/wp-content\/uploads\/2025\/03\/BKMJ1-1-Refrigerator-Door-Opening-Module.webp\",\"width\":454,\"height\":310,\"caption\":\"Module d'ouverture de porte de r\u00e9frig\u00e9rateur BKMJ1-1\"},{\"@type\":\"BreadcrumbList\",\"@id\":\"https:\/\/www.leili-motor.net\/fr\/module-douverture-de-porte-de-refrigerateur-bkmj1-1.html#breadcrumb\",\"itemListElement\":[{\"@type\":\"ListItem\",\"position\":1,\"name\":\"Home\",\"item\":\"https:\/\/www.leili-motor.net\/fr\/\"},{\"@type\":\"ListItem\",\"position\":2,\"name\":\"Produits\",\"item\":\"https:\/\/www.leili-motor.net\/fr\/produits\/\"},{\"@type\":\"ListItem\",\"position\":3,\"name\":\"Module d&rsquo;ouverture de porte de r\u00e9frig\u00e9rateur BKMJ1-1\"}]},{\"@type\":\"WebSite\",\"@id\":\"https:\/\/www.leili-motor.net\/fr\/#website\",\"url\":\"https:\/\/www.leili-motor.net\/fr\/\",\"name\":\"Leili Motor\",\"description\":\"\",\"publisher\":{\"@id\":\"https:\/\/www.leili-motor.net\/fr\/#organization\"},\"potentialAction\":[{\"@type\":\"SearchAction\",\"target\":{\"@type\":\"EntryPoint\",\"urlTemplate\":\"https:\/\/www.leili-motor.net\/fr\/?s={search_term_string}\"},\"query-input\":{\"@type\":\"PropertyValueSpecification\",\"valueRequired\":true,\"valueName\":\"search_term_string\"}}],\"inLanguage\":\"fr-FR\"},{\"@type\":\"Organization\",\"@id\":\"https:\/\/www.leili-motor.net\/fr\/#organization\",\"name\":\"Leili Motor\",\"url\":\"https:\/\/www.leili-motor.net\/fr\/\",\"logo\":{\"@type\":\"ImageObject\",\"inLanguage\":\"fr-FR\",\"@id\":\"https:\/\/www.leili-motor.net\/fr\/#\/schema\/logo\/image\/\",\"url\":\"https:\/\/www.leili-motor.net\/wp-content\/uploads\/2025\/03\/Leili-Motor.png\",\"contentUrl\":\"https:\/\/www.leili-motor.net\/wp-content\/uploads\/2025\/03\/Leili-Motor.png\",\"width\":600,\"height\":156,\"caption\":\"Leili Motor\"},\"image\":{\"@id\":\"https:\/\/www.leili-motor.net\/fr\/#\/schema\/logo\/image\/\"}}]}<\/script>\n<!-- \/ Yoast SEO plugin. -->","yoast_head_json":{"title":"Module d'ouverture de porte de r\u00e9frig\u00e9rateur BKMJ1-1 &#8211; Leili Motor","description":"Le module d'ouverture de porte de r\u00e9frig\u00e9rateur BKMJ1-1 fonctionne \u00e0 une vitesse de fonctionnement de 50 \u00b1 1 mm\/s, garantissant une ouverture de porte fiable et coh\u00e9rente.","robots":{"index":"index","follow":"follow","max-snippet":"max-snippet:-1","max-image-preview":"max-image-preview:large","max-video-preview":"max-video-preview:-1"},"canonical":"https:\/\/www.leili-motor.net\/fr\/module-douverture-de-porte-de-refrigerateur-bkmj1-1.html","schema":{"@context":"https:\/\/schema.org","@graph":[{"@type":"WebPage","@id":"https:\/\/www.leili-motor.net\/fr\/module-douverture-de-porte-de-refrigerateur-bkmj1-1.html","url":"https:\/\/www.leili-motor.net\/fr\/module-douverture-de-porte-de-refrigerateur-bkmj1-1.html","name":"Module d'ouverture de porte de r\u00e9frig\u00e9rateur BKMJ1-1 &#8211; Leili Motor","isPartOf":{"@id":"https:\/\/www.leili-motor.net\/fr\/#website"},"primaryImageOfPage":{"@id":"https:\/\/www.leili-motor.net\/fr\/module-douverture-de-porte-de-refrigerateur-bkmj1-1.html#primaryimage"},"image":{"@id":"https:\/\/www.leili-motor.net\/fr\/module-douverture-de-porte-de-refrigerateur-bkmj1-1.html#primaryimage"},"thumbnailUrl":"https:\/\/www.leili-motor.net\/wp-content\/uploads\/2025\/03\/BKMJ1-1-Refrigerator-Door-Opening-Module.webp","datePublished":"2025-03-10T08:57:53+00:00","description":"Le module d'ouverture de porte de r\u00e9frig\u00e9rateur BKMJ1-1 fonctionne \u00e0 une vitesse de fonctionnement de 50 \u00b1 1 mm\/s, garantissant une ouverture de porte fiable et coh\u00e9rente.","breadcrumb":{"@id":"https:\/\/www.leili-motor.net\/fr\/module-douverture-de-porte-de-refrigerateur-bkmj1-1.html#breadcrumb"},"inLanguage":"fr-FR","potentialAction":[{"@type":"ReadAction","target":["https:\/\/www.leili-motor.net\/fr\/module-douverture-de-porte-de-refrigerateur-bkmj1-1.html"]}]},{"@type":"ImageObject","inLanguage":"fr-FR","@id":"https:\/\/www.leili-motor.net\/fr\/module-douverture-de-porte-de-refrigerateur-bkmj1-1.html#primaryimage","url":"https:\/\/www.leili-motor.net\/wp-content\/uploads\/2025\/03\/BKMJ1-1-Refrigerator-Door-Opening-Module.webp","contentUrl":"https:\/\/www.leili-motor.net\/wp-content\/uploads\/2025\/03\/BKMJ1-1-Refrigerator-Door-Opening-Module.webp","width":454,"height":310,"caption":"Module d'ouverture de porte de r\u00e9frig\u00e9rateur BKMJ1-1"},{"@type":"BreadcrumbList","@id":"https:\/\/www.leili-motor.net\/fr\/module-douverture-de-porte-de-refrigerateur-bkmj1-1.html#breadcrumb","itemListElement":[{"@type":"ListItem","position":1,"name":"Home","item":"https:\/\/www.leili-motor.net\/fr\/"},{"@type":"ListItem","position":2,"name":"Produits","item":"https:\/\/www.leili-motor.net\/fr\/produits\/"},{"@type":"ListItem","position":3,"name":"Module d&rsquo;ouverture de porte de r\u00e9frig\u00e9rateur BKMJ1-1"}]},{"@type":"WebSite","@id":"https:\/\/www.leili-motor.net\/fr\/#website","url":"https:\/\/www.leili-motor.net\/fr\/","name":"Leili Motor","description":"","publisher":{"@id":"https:\/\/www.leili-motor.net\/fr\/#organization"},"potentialAction":[{"@type":"SearchAction","target":{"@type":"EntryPoint","urlTemplate":"https:\/\/www.leili-motor.net\/fr\/?s={search_term_string}"},"query-input":{"@type":"PropertyValueSpecification","valueRequired":true,"valueName":"search_term_string"}}],"inLanguage":"fr-FR"},{"@type":"Organization","@id":"https:\/\/www.leili-motor.net\/fr\/#organization","name":"Leili Motor","url":"https:\/\/www.leili-motor.net\/fr\/","logo":{"@type":"ImageObject","inLanguage":"fr-FR","@id":"https:\/\/www.leili-motor.net\/fr\/#\/schema\/logo\/image\/","url":"https:\/\/www.leili-motor.net\/wp-content\/uploads\/2025\/03\/Leili-Motor.png","contentUrl":"https:\/\/www.leili-motor.net\/wp-content\/uploads\/2025\/03\/Leili-Motor.png","width":600,"height":156,"caption":"Leili Motor"},"image":{"@id":"https:\/\/www.leili-motor.net\/fr\/#\/schema\/logo\/image\/"}}]}},"_links":{"self":[{"href":"https:\/\/www.leili-motor.net\/fr\/wp-json\/wp\/v2\/product\/11046","targetHints":{"allow":["GET"]}}],"collection":[{"href":"https:\/\/www.leili-motor.net\/fr\/wp-json\/wp\/v2\/product"}],"about":[{"href":"https:\/\/www.leili-motor.net\/fr\/wp-json\/wp\/v2\/types\/product"}],"replies":[{"embeddable":true,"href":"https:\/\/www.leili-motor.net\/fr\/wp-json\/wp\/v2\/comments?post=11046"}],"wp:featuredmedia":[{"embeddable":true,"href":"https:\/\/www.leili-motor.net\/fr\/wp-json\/wp\/v2\/media\/11047"}],"wp:attachment":[{"href":"https:\/\/www.leili-motor.net\/fr\/wp-json\/wp\/v2\/media?parent=11046"}],"wp:term":[{"taxonomy":"product_brand","embeddable":true,"href":"https:\/\/www.leili-motor.net\/fr\/wp-json\/wp\/v2\/product_brand?post=11046"},{"taxonomy":"product_cat","embeddable":true,"href":"https:\/\/www.leili-motor.net\/fr\/wp-json\/wp\/v2\/product_cat?post=11046"},{"taxonomy":"product_tag","embeddable":true,"href":"https:\/\/www.leili-motor.net\/fr\/wp-json\/wp\/v2\/product_tag?post=11046"}],"curies":[{"name":"wp","href":"https:\/\/api.w.org\/{rel}","templated":true}]}}