{"id":11061,"date":"2025-03-05T17:18:52","date_gmt":"2025-03-05T09:18:52","guid":{"rendered":"https:\/\/www.leili-motor.net\/mecanisme-douverture-de-porte-de-refrigerateur\/"},"modified":"2025-03-05T17:18:52","modified_gmt":"2025-03-05T09:18:52","slug":"mecanisme-douverture-de-porte-de-refrigerateur","status":"publish","type":"product","link":"https:\/\/www.leili-motor.net\/fr\/product\/mecanisme-douverture-de-porte-de-refrigerateur.html","title":{"rendered":"M\u00e9canisme d&rsquo;ouverture de porte de r\u00e9frig\u00e9rateur"},"content":{"rendered":"<h2>Param\u00e8tres du produit<\/h2>\n<table>\n<tbody>\n<tr>\n<td>Mod\u00e8le<\/td>\n<td>Protection<br \/>\nClasse<\/td>\n<td>Tension nominale<br \/>\n (VAC)<\/td>\n<td>Courant<br \/>\n nominal<br \/>\n du moteur (A)<\/td>\n<td>Angle<br \/>\n d&rsquo;ouverture<br \/>\n de la porte<br \/>\n (\u00b0)<\/td>\n<td>Pouss\u00e9e maximale<br \/>\n de l&rsquo;\u00e9jecteur<br \/>\n (N)<\/td>\n<td>Course<br \/>\n de pouss\u00e9e<br \/>\n de l&rsquo;\u00e9jecteur (mm)<\/td>\n<td>Pouss\u00e9e maximale<br \/>\n de l&rsquo;ensemble<br \/>\n bielle<br \/>\n (N)<\/td>\n<td>Niveau sonore<br \/>\ndB(A)<\/td>\n<\/tr>\n<tr>\n<td>BKMJ2-1<\/td>\n<td>130<\/td>\n<td>12<\/td>\n<td>\u22640.8<\/td>\n<td>110\u00b15<\/td>\n<td>\u2265350<\/td>\n<td>\u22657<\/td>\n<td>\u2265300<\/td>\n<td>\u226465<\/td>\n<\/tr>\n<tr>\n<td>BKMJ2-2<\/td>\n<td>130<\/td>\n<td>12<\/td>\n<td>\u22640.8<\/td>\n<td>110\u00b15<\/td>\n<td>\u2265350<\/td>\n<td>\u22657<\/td>\n<td>\u2265300<\/td>\n<td>\u226465<\/td>\n<\/tr>\n<\/tbody>\n<\/table>\n<h2>Dimensions m\u00e9caniques : mm<\/h2>\n<p><img fetchpriority=\"high\" decoding=\"async\" class=\"size-full wp-image-595 aligncenter\" src=\"https:\/\/www.leili-motor.net\/wp-content\/uploads\/2025\/03\/Mechanical-Dimensions-for-Refrigerator-Door-Opening-Mechanism-1.webp\" alt=\"Dimensions m\u00e9caniques du m\u00e9canisme d'ouverture de la porte du r\u00e9frig\u00e9rateur-1\" width=\"759\" height=\"447\" srcset=\"https:\/\/www.leili-motor.net\/wp-content\/uploads\/2025\/03\/Mechanical-Dimensions-for-Refrigerator-Door-Opening-Mechanism-1.webp 759w, https:\/\/www.leili-motor.net\/wp-content\/uploads\/2025\/03\/Mechanical-Dimensions-for-Refrigerator-Door-Opening-Mechanism-1-300x177.webp 300w, https:\/\/www.leili-motor.net\/wp-content\/uploads\/2025\/03\/Mechanical-Dimensions-for-Refrigerator-Door-Opening-Mechanism-1-600x353.webp 600w\" sizes=\"(max-width: 759px) 100vw, 759px\" \/><\/p>\n<p><img decoding=\"async\" class=\"size-full wp-image-596 aligncenter\" src=\"https:\/\/www.leili-motor.net\/wp-content\/uploads\/2025\/03\/Mechanical-Dimensions-for-Refrigerator-Door-Opening-Mechanism-2.webp\" alt=\"Dimensions m\u00e9caniques du m\u00e9canisme d'ouverture de porte de r\u00e9frig\u00e9rateur-2\" width=\"759\" height=\"447\" srcset=\"https:\/\/www.leili-motor.net\/wp-content\/uploads\/2025\/03\/Mechanical-Dimensions-for-Refrigerator-Door-Opening-Mechanism-2.webp 759w, https:\/\/www.leili-motor.net\/wp-content\/uploads\/2025\/03\/Mechanical-Dimensions-for-Refrigerator-Door-Opening-Mechanism-2-300x177.webp 300w, https:\/\/www.leili-motor.net\/wp-content\/uploads\/2025\/03\/Mechanical-Dimensions-for-Refrigerator-Door-Opening-Mechanism-2-600x353.webp 600w\" sizes=\"(max-width: 759px) 100vw, 759px\" \/><\/p>\n","protected":false},"excerpt":{"rendered":"<h3>Pr\u00e9sentation du produit<\/h3>\n<ul>\n<li>Fonctionnement fluide : performances silencieuses avec un bruit \u2264 65 dB(A), garantissant une ouverture de porte discr\u00e8te et fiable.<\/li>\n<li>Pouss\u00e9e puissante : l&rsquo;\u00e9jecteur fournit une pouss\u00e9e \u2265 350 N et une course \u2265 7 mm pour un mouvement robuste et efficace.<\/li>\n<li>Conception compacte : les composants optimis\u00e9s offrent des performances constantes tout en conservant une forme compacte pour une int\u00e9gration transparente.<\/li>\n<\/ul>\n<h3>Application du produit<\/h3>\n<ul>\n<li>Appareils intelligents<\/li>\n<li>R\u00e9frig\u00e9rateur<\/li>\n<\/ul>\n","protected":false},"featured_media":11062,"comment_status":"open","ping_status":"closed","template":"","meta":{"site-sidebar-layout":"default","site-content-layout":"","ast-site-content-layout":"default","site-content-style":"default","site-sidebar-style":"default","ast-global-header-display":"","ast-banner-title-visibility":"","ast-main-header-display":"","ast-hfb-above-header-display":"","ast-hfb-below-header-display":"","ast-hfb-mobile-header-display":"","site-post-title":"","ast-breadcrumbs-content":"","ast-featured-img":"","footer-sml-layout":"","theme-transparent-header-meta":"default","adv-header-id-meta":"","stick-header-meta":"","header-above-stick-meta":"","header-main-stick-meta":"","header-below-stick-meta":"","astra-migrate-meta-layouts":"default","ast-page-background-enabled":"default","ast-page-background-meta":{"desktop":{"background-color":"var(--ast-global-color-5)","background-image":"","background-repeat":"repeat","background-position":"center center","background-size":"auto","background-attachment":"scroll","background-type":"","background-media":"","overlay-type":"","overlay-color":"","overlay-opacity":"","overlay-gradient":""},"tablet":{"background-color":"","background-image":"","background-repeat":"repeat","background-position":"center center","background-size":"auto","background-attachment":"scroll","background-type":"","background-media":"","overlay-type":"","overlay-color":"","overlay-opacity":"","overlay-gradient":""},"mobile":{"background-color":"","background-image":"","background-repeat":"repeat","background-position":"center center","background-size":"auto","background-attachment":"scroll","background-type":"","background-media":"","overlay-type":"","overlay-color":"","overlay-opacity":"","overlay-gradient":""}},"ast-content-background-meta":{"desktop":{"background-color":"var(--ast-global-color-4)","background-image":"","background-repeat":"repeat","background-position":"center center","background-size":"auto","background-attachment":"scroll","background-type":"","background-media":"","overlay-type":"","overlay-color":"","overlay-opacity":"","overlay-gradient":""},"tablet":{"background-color":"var(--ast-global-color-4)","background-image":"","background-repeat":"repeat","background-position":"center center","background-size":"auto","background-attachment":"scroll","background-type":"","background-media":"","overlay-type":"","overlay-color":"","overlay-opacity":"","overlay-gradient":""},"mobile":{"background-color":"var(--ast-global-color-4)","background-image":"","background-repeat":"repeat","background-position":"center center","background-size":"auto","background-attachment":"scroll","background-type":"","background-media":"","overlay-type":"","overlay-color":"","overlay-opacity":"","overlay-gradient":""}}},"product_brand":[],"product_cat":[1150,1195],"product_tag":[1199],"class_list":{"0":"post-11061","1":"product","2":"type-product","3":"status-publish","4":"has-post-thumbnail","6":"product_cat-composants","7":"product_cat-composants-dappareils-electromenagers","8":"product_tag-refrigerateur-systeme-de-controle-de-porte-intelligent","9":"pa_application-appareil-electromenager","10":"desktop-align-left","11":"tablet-align-left","12":"mobile-align-left","14":"first","15":"instock","16":"shipping-taxable","17":"product-type-simple"},"yoast_head":"<!-- This site is optimized with the Yoast SEO plugin v27.2 - https:\/\/yoast.com\/product\/yoast-seo-wordpress\/ -->\n<title>M\u00e9canisme d&#039;ouverture de porte de r\u00e9frig\u00e9rateur &#8211; Leili Motor<\/title>\n<meta name=\"description\" content=\"Notre s\u00e9rie BKMJ2, avec une classe de protection de 130, une puissance nominale de 12 V, \u2264 0,8 A, est largement utilis\u00e9e dans les r\u00e9frig\u00e9rateurs intelligents.\" \/>\n<meta name=\"robots\" content=\"index, follow, max-snippet:-1, max-image-preview:large, max-video-preview:-1\" \/>\n<link rel=\"canonical\" href=\"https:\/\/www.leili-motor.net\/fr\/product\/mecanisme-douverture-de-porte-de-refrigerateur.html\" \/>\n<script type=\"application\/ld+json\" class=\"yoast-schema-graph\">{\"@context\":\"https:\/\/schema.org\",\"@graph\":[{\"@type\":\"WebPage\",\"@id\":\"https:\/\/www.leili-motor.net\/fr\/product\/mecanisme-douverture-de-porte-de-refrigerateur.html\",\"url\":\"https:\/\/www.leili-motor.net\/fr\/product\/mecanisme-douverture-de-porte-de-refrigerateur.html\",\"name\":\"M\u00e9canisme d'ouverture de porte de r\u00e9frig\u00e9rateur &#8211; Leili Motor\",\"isPartOf\":{\"@id\":\"https:\/\/www.leili-motor.net\/fr\/#website\"},\"primaryImageOfPage\":{\"@id\":\"https:\/\/www.leili-motor.net\/fr\/product\/mecanisme-douverture-de-porte-de-refrigerateur.html#primaryimage\"},\"image\":{\"@id\":\"https:\/\/www.leili-motor.net\/fr\/product\/mecanisme-douverture-de-porte-de-refrigerateur.html#primaryimage\"},\"thumbnailUrl\":\"https:\/\/www.leili-motor.net\/wp-content\/uploads\/2025\/03\/Refrigerator-Door-Opening-Mechanism-1.webp\",\"datePublished\":\"2025-03-05T09:18:52+00:00\",\"description\":\"Notre s\u00e9rie BKMJ2, avec une classe de protection de 130, une puissance nominale de 12 V, \u2264 0,8 A, est largement utilis\u00e9e dans les r\u00e9frig\u00e9rateurs intelligents.\",\"breadcrumb\":{\"@id\":\"https:\/\/www.leili-motor.net\/fr\/product\/mecanisme-douverture-de-porte-de-refrigerateur.html#breadcrumb\"},\"inLanguage\":\"fr-FR\",\"potentialAction\":[{\"@type\":\"ReadAction\",\"target\":[\"https:\/\/www.leili-motor.net\/fr\/product\/mecanisme-douverture-de-porte-de-refrigerateur.html\"]}]},{\"@type\":\"ImageObject\",\"inLanguage\":\"fr-FR\",\"@id\":\"https:\/\/www.leili-motor.net\/fr\/product\/mecanisme-douverture-de-porte-de-refrigerateur.html#primaryimage\",\"url\":\"https:\/\/www.leili-motor.net\/wp-content\/uploads\/2025\/03\/Refrigerator-Door-Opening-Mechanism-1.webp\",\"contentUrl\":\"https:\/\/www.leili-motor.net\/wp-content\/uploads\/2025\/03\/Refrigerator-Door-Opening-Mechanism-1.webp\",\"width\":454,\"height\":310,\"caption\":\"M\u00e9canisme d'ouverture de porte de r\u00e9frig\u00e9rateur-1\"},{\"@type\":\"BreadcrumbList\",\"@id\":\"https:\/\/www.leili-motor.net\/fr\/product\/mecanisme-douverture-de-porte-de-refrigerateur.html#breadcrumb\",\"itemListElement\":[{\"@type\":\"ListItem\",\"position\":1,\"name\":\"Home\",\"item\":\"https:\/\/www.leili-motor.net\/fr\/\"},{\"@type\":\"ListItem\",\"position\":2,\"name\":\"Produits\",\"item\":\"https:\/\/www.leili-motor.net\/fr\/produits\/\"},{\"@type\":\"ListItem\",\"position\":3,\"name\":\"M\u00e9canisme d&rsquo;ouverture de porte de r\u00e9frig\u00e9rateur\"}]},{\"@type\":\"WebSite\",\"@id\":\"https:\/\/www.leili-motor.net\/fr\/#website\",\"url\":\"https:\/\/www.leili-motor.net\/fr\/\",\"name\":\"Leili Motor\",\"description\":\"\",\"publisher\":{\"@id\":\"https:\/\/www.leili-motor.net\/fr\/#organization\"},\"potentialAction\":[{\"@type\":\"SearchAction\",\"target\":{\"@type\":\"EntryPoint\",\"urlTemplate\":\"https:\/\/www.leili-motor.net\/fr\/?s={search_term_string}\"},\"query-input\":{\"@type\":\"PropertyValueSpecification\",\"valueRequired\":true,\"valueName\":\"search_term_string\"}}],\"inLanguage\":\"fr-FR\"},{\"@type\":\"Organization\",\"@id\":\"https:\/\/www.leili-motor.net\/fr\/#organization\",\"name\":\"Leili Motor\",\"url\":\"https:\/\/www.leili-motor.net\/fr\/\",\"logo\":{\"@type\":\"ImageObject\",\"inLanguage\":\"fr-FR\",\"@id\":\"https:\/\/www.leili-motor.net\/fr\/#\/schema\/logo\/image\/\",\"url\":\"https:\/\/www.leili-motor.net\/wp-content\/uploads\/2025\/03\/Leili-Motor.png\",\"contentUrl\":\"https:\/\/www.leili-motor.net\/wp-content\/uploads\/2025\/03\/Leili-Motor.png\",\"width\":600,\"height\":156,\"caption\":\"Leili Motor\"},\"image\":{\"@id\":\"https:\/\/www.leili-motor.net\/fr\/#\/schema\/logo\/image\/\"}}]}<\/script>\n<!-- \/ Yoast SEO plugin. -->","yoast_head_json":{"title":"M\u00e9canisme d'ouverture de porte de r\u00e9frig\u00e9rateur &#8211; Leili Motor","description":"Notre s\u00e9rie BKMJ2, avec une classe de protection de 130, une puissance nominale de 12 V, \u2264 0,8 A, est largement utilis\u00e9e dans les r\u00e9frig\u00e9rateurs intelligents.","robots":{"index":"index","follow":"follow","max-snippet":"max-snippet:-1","max-image-preview":"max-image-preview:large","max-video-preview":"max-video-preview:-1"},"canonical":"https:\/\/www.leili-motor.net\/fr\/product\/mecanisme-douverture-de-porte-de-refrigerateur.html","schema":{"@context":"https:\/\/schema.org","@graph":[{"@type":"WebPage","@id":"https:\/\/www.leili-motor.net\/fr\/product\/mecanisme-douverture-de-porte-de-refrigerateur.html","url":"https:\/\/www.leili-motor.net\/fr\/product\/mecanisme-douverture-de-porte-de-refrigerateur.html","name":"M\u00e9canisme d'ouverture de porte de r\u00e9frig\u00e9rateur &#8211; Leili Motor","isPartOf":{"@id":"https:\/\/www.leili-motor.net\/fr\/#website"},"primaryImageOfPage":{"@id":"https:\/\/www.leili-motor.net\/fr\/product\/mecanisme-douverture-de-porte-de-refrigerateur.html#primaryimage"},"image":{"@id":"https:\/\/www.leili-motor.net\/fr\/product\/mecanisme-douverture-de-porte-de-refrigerateur.html#primaryimage"},"thumbnailUrl":"https:\/\/www.leili-motor.net\/wp-content\/uploads\/2025\/03\/Refrigerator-Door-Opening-Mechanism-1.webp","datePublished":"2025-03-05T09:18:52+00:00","description":"Notre s\u00e9rie BKMJ2, avec une classe de protection de 130, une puissance nominale de 12 V, \u2264 0,8 A, est largement utilis\u00e9e dans les r\u00e9frig\u00e9rateurs intelligents.","breadcrumb":{"@id":"https:\/\/www.leili-motor.net\/fr\/product\/mecanisme-douverture-de-porte-de-refrigerateur.html#breadcrumb"},"inLanguage":"fr-FR","potentialAction":[{"@type":"ReadAction","target":["https:\/\/www.leili-motor.net\/fr\/product\/mecanisme-douverture-de-porte-de-refrigerateur.html"]}]},{"@type":"ImageObject","inLanguage":"fr-FR","@id":"https:\/\/www.leili-motor.net\/fr\/product\/mecanisme-douverture-de-porte-de-refrigerateur.html#primaryimage","url":"https:\/\/www.leili-motor.net\/wp-content\/uploads\/2025\/03\/Refrigerator-Door-Opening-Mechanism-1.webp","contentUrl":"https:\/\/www.leili-motor.net\/wp-content\/uploads\/2025\/03\/Refrigerator-Door-Opening-Mechanism-1.webp","width":454,"height":310,"caption":"M\u00e9canisme d'ouverture de porte de r\u00e9frig\u00e9rateur-1"},{"@type":"BreadcrumbList","@id":"https:\/\/www.leili-motor.net\/fr\/product\/mecanisme-douverture-de-porte-de-refrigerateur.html#breadcrumb","itemListElement":[{"@type":"ListItem","position":1,"name":"Home","item":"https:\/\/www.leili-motor.net\/fr\/"},{"@type":"ListItem","position":2,"name":"Produits","item":"https:\/\/www.leili-motor.net\/fr\/produits\/"},{"@type":"ListItem","position":3,"name":"M\u00e9canisme d&rsquo;ouverture de porte de r\u00e9frig\u00e9rateur"}]},{"@type":"WebSite","@id":"https:\/\/www.leili-motor.net\/fr\/#website","url":"https:\/\/www.leili-motor.net\/fr\/","name":"Leili Motor","description":"","publisher":{"@id":"https:\/\/www.leili-motor.net\/fr\/#organization"},"potentialAction":[{"@type":"SearchAction","target":{"@type":"EntryPoint","urlTemplate":"https:\/\/www.leili-motor.net\/fr\/?s={search_term_string}"},"query-input":{"@type":"PropertyValueSpecification","valueRequired":true,"valueName":"search_term_string"}}],"inLanguage":"fr-FR"},{"@type":"Organization","@id":"https:\/\/www.leili-motor.net\/fr\/#organization","name":"Leili Motor","url":"https:\/\/www.leili-motor.net\/fr\/","logo":{"@type":"ImageObject","inLanguage":"fr-FR","@id":"https:\/\/www.leili-motor.net\/fr\/#\/schema\/logo\/image\/","url":"https:\/\/www.leili-motor.net\/wp-content\/uploads\/2025\/03\/Leili-Motor.png","contentUrl":"https:\/\/www.leili-motor.net\/wp-content\/uploads\/2025\/03\/Leili-Motor.png","width":600,"height":156,"caption":"Leili Motor"},"image":{"@id":"https:\/\/www.leili-motor.net\/fr\/#\/schema\/logo\/image\/"}}]}},"_links":{"self":[{"href":"https:\/\/www.leili-motor.net\/fr\/wp-json\/wp\/v2\/product\/11061","targetHints":{"allow":["GET"]}}],"collection":[{"href":"https:\/\/www.leili-motor.net\/fr\/wp-json\/wp\/v2\/product"}],"about":[{"href":"https:\/\/www.leili-motor.net\/fr\/wp-json\/wp\/v2\/types\/product"}],"replies":[{"embeddable":true,"href":"https:\/\/www.leili-motor.net\/fr\/wp-json\/wp\/v2\/comments?post=11061"}],"wp:featuredmedia":[{"embeddable":true,"href":"https:\/\/www.leili-motor.net\/fr\/wp-json\/wp\/v2\/media\/11062"}],"wp:attachment":[{"href":"https:\/\/www.leili-motor.net\/fr\/wp-json\/wp\/v2\/media?parent=11061"}],"wp:term":[{"taxonomy":"product_brand","embeddable":true,"href":"https:\/\/www.leili-motor.net\/fr\/wp-json\/wp\/v2\/product_brand?post=11061"},{"taxonomy":"product_cat","embeddable":true,"href":"https:\/\/www.leili-motor.net\/fr\/wp-json\/wp\/v2\/product_cat?post=11061"},{"taxonomy":"product_tag","embeddable":true,"href":"https:\/\/www.leili-motor.net\/fr\/wp-json\/wp\/v2\/product_tag?post=11061"}],"curies":[{"name":"wp","href":"https:\/\/api.w.org\/{rel}","templated":true}]}}