{"id":11066,"date":"2025-03-05T17:58:33","date_gmt":"2025-03-05T09:58:33","guid":{"rendered":"https:\/\/www.leili-motor.net\/vanne-de-vidange-df3-1\/"},"modified":"2025-03-05T17:58:33","modified_gmt":"2025-03-05T09:58:33","slug":"vanne-de-vidange-df3-1","status":"publish","type":"product","link":"https:\/\/www.leili-motor.net\/fr\/vanne-de-vidange-df3-1.html","title":{"rendered":"Vanne de vidange DF3-1"},"content":{"rendered":"<h2>Param\u00e8tres du produit<\/h2>\n<table>\n<tbody>\n<tr>\n<td>Mod\u00e8le<\/td>\n<td>R\u00e9sistance<br \/>\n(\u03a9)\/Phase<br \/>\n(\u00e0 25 \u00b0C)<\/td>\n<td>Fin de jeu<\/td>\n<td>Rapport de<br \/>\nr\u00e9duction<\/td>\n<td>Couple<br \/>\nd&rsquo;attraction<br \/>\n (mN\u00b7m)<\/td>\n<td>Couple<br \/>\nde d\u00e9tente<br \/>\n (mN\u00b7m)<\/td>\n<td>Fr\u00e9quence<br \/>\nd&rsquo;attraction<br \/>\n maximale \u00e0 vide (PPS)<\/td>\n<td>Fr\u00e9quence<br \/>\nde d\u00e9crochage<br \/>\n maximale \u00e0 vide (PPS)<\/td>\n<td>R\u00e9sistance<br \/>\nd&rsquo;isolement<br \/>\n (DC500V) (M\u03a9)<\/td>\n<td>\u00c9l\u00e9vation<br \/>\nde temp\u00e9rature<br \/>\n (K) (125 PPS)<\/td>\n<td>Niveau sonore<br \/>\ndB(A)<\/td>\n<\/tr>\n<tr>\n<td>DF3-1<\/td>\n<td>120<\/td>\n<td>7.5\u00b0\/42.5<\/td>\n<td>1\/42.5<\/td>\n<td>\u2265294<\/td>\n<td>\u2265147<\/td>\n<td>\u2265200<\/td>\n<td>\u2265200<\/td>\n<td>\u2265100<\/td>\n<td>\u226460<\/td>\n<td>\u226440<\/td>\n<\/tr>\n<\/tbody>\n<\/table>\n<h2>Dimensions m\u00e9caniques : mm<\/h2>\n<p><img fetchpriority=\"high\" decoding=\"async\" class=\"size-full wp-image-604 aligncenter\" src=\"https:\/\/www.leili-motor.net\/wp-content\/uploads\/2025\/03\/Mechanical-Dimensions-for-Drain-Valve.webp\" alt=\"Dimensions m\u00e9caniques de la vanne de vidange\" width=\"759\" height=\"447\" srcset=\"https:\/\/www.leili-motor.net\/wp-content\/uploads\/2025\/03\/Mechanical-Dimensions-for-Drain-Valve.webp 759w, https:\/\/www.leili-motor.net\/wp-content\/uploads\/2025\/03\/Mechanical-Dimensions-for-Drain-Valve-300x177.webp 300w, https:\/\/www.leili-motor.net\/wp-content\/uploads\/2025\/03\/Mechanical-Dimensions-for-Drain-Valve-600x353.webp 600w\" sizes=\"(max-width: 759px) 100vw, 759px\" \/><\/p>\n","protected":false},"excerpt":{"rendered":"<h3>Pr\u00e9sentation du produit<\/h3>\n<ul>\n<li>Mod\u00e8le : DF3-1<\/li>\n<li>Max. Fr\u00e9quence d&rsquo;appel en charge libre : assure un fonctionnement fiable avec une fr\u00e9quence d&rsquo;appel \u2265 200 PPS<\/li>\n<li>Augmentation de la temp\u00e9rature : limite l&rsquo;augmentation de la temp\u00e9rature \u00e0 \u2264 60 \u00b0C \u00e0 125 PPS pour des performances efficaces.<\/li>\n<li>R\u00e9sistance : Maintient une r\u00e9sistance de 120 \u03a9 par phase \u00e0 25\u00b0C pour un fonctionnement stable.<\/li>\n<\/ul>\n<h3>Application<\/h3>\n<ul>\n<li>Drainage de l&rsquo;unit\u00e9 ext\u00e9rieure de climatisation<\/li>\n<li>Robot balayeur<\/li>\n<\/ul>\n","protected":false},"featured_media":11067,"comment_status":"open","ping_status":"closed","template":"","meta":{"site-sidebar-layout":"default","site-content-layout":"","ast-site-content-layout":"default","site-content-style":"default","site-sidebar-style":"default","ast-global-header-display":"","ast-banner-title-visibility":"","ast-main-header-display":"","ast-hfb-above-header-display":"","ast-hfb-below-header-display":"","ast-hfb-mobile-header-display":"","site-post-title":"","ast-breadcrumbs-content":"","ast-featured-img":"","footer-sml-layout":"","theme-transparent-header-meta":"default","adv-header-id-meta":"","stick-header-meta":"","header-above-stick-meta":"","header-main-stick-meta":"","header-below-stick-meta":"","astra-migrate-meta-layouts":"default","ast-page-background-enabled":"default","ast-page-background-meta":{"desktop":{"background-color":"var(--ast-global-color-5)","background-image":"","background-repeat":"repeat","background-position":"center center","background-size":"auto","background-attachment":"scroll","background-type":"","background-media":"","overlay-type":"","overlay-color":"","overlay-opacity":"","overlay-gradient":""},"tablet":{"background-color":"","background-image":"","background-repeat":"repeat","background-position":"center center","background-size":"auto","background-attachment":"scroll","background-type":"","background-media":"","overlay-type":"","overlay-color":"","overlay-opacity":"","overlay-gradient":""},"mobile":{"background-color":"","background-image":"","background-repeat":"repeat","background-position":"center center","background-size":"auto","background-attachment":"scroll","background-type":"","background-media":"","overlay-type":"","overlay-color":"","overlay-opacity":"","overlay-gradient":""}},"ast-content-background-meta":{"desktop":{"background-color":"var(--ast-global-color-4)","background-image":"","background-repeat":"repeat","background-position":"center center","background-size":"auto","background-attachment":"scroll","background-type":"","background-media":"","overlay-type":"","overlay-color":"","overlay-opacity":"","overlay-gradient":""},"tablet":{"background-color":"var(--ast-global-color-4)","background-image":"","background-repeat":"repeat","background-position":"center center","background-size":"auto","background-attachment":"scroll","background-type":"","background-media":"","overlay-type":"","overlay-color":"","overlay-opacity":"","overlay-gradient":""},"mobile":{"background-color":"var(--ast-global-color-4)","background-image":"","background-repeat":"repeat","background-position":"center center","background-size":"auto","background-attachment":"scroll","background-type":"","background-media":"","overlay-type":"","overlay-color":"","overlay-opacity":"","overlay-gradient":""}}},"product_brand":[],"product_cat":[1150,1195],"product_tag":[1200,1201],"class_list":{"0":"post-11066","1":"product","2":"type-product","3":"status-publish","4":"has-post-thumbnail","6":"product_cat-composants","7":"product_cat-composants-dappareils-electromenagers","8":"product_tag-climatiseur-systeme-de-drainage","9":"product_tag-robot-balayeur-application-de-la-fonction-de-drainage","10":"pa_application-appareil-electromenager","11":"desktop-align-left","12":"tablet-align-left","13":"mobile-align-left","15":"first","16":"instock","17":"shipping-taxable","18":"product-type-simple"},"yoast_head":"<!-- This site is optimized with the Yoast SEO plugin v27.2 - https:\/\/yoast.com\/product\/yoast-seo-wordpress\/ -->\n<title>Fournisseur de vannes de vidange &#8211; Leili Motor<\/title>\n<meta name=\"description\" content=\"Notre vanne de vidange DF3-1 pr\u00e9sente une fr\u00e9quence d&#039;appel \u2265 200 PPS, une augmentation \u2264 60 \u00b0C et une r\u00e9sistance de 120 \u03a9.\" \/>\n<meta name=\"robots\" content=\"index, follow, max-snippet:-1, max-image-preview:large, max-video-preview:-1\" \/>\n<link rel=\"canonical\" href=\"https:\/\/www.leili-motor.net\/fr\/vanne-de-vidange-df3-1.html\" \/>\n<script type=\"application\/ld+json\" class=\"yoast-schema-graph\">{\"@context\":\"https:\/\/schema.org\",\"@graph\":[{\"@type\":\"WebPage\",\"@id\":\"https:\/\/www.leili-motor.net\/fr\/vanne-de-vidange-df3-1.html\",\"url\":\"https:\/\/www.leili-motor.net\/fr\/vanne-de-vidange-df3-1.html\",\"name\":\"Fournisseur de vannes de vidange &#8211; Leili Motor\",\"isPartOf\":{\"@id\":\"https:\/\/www.leili-motor.net\/fr\/#website\"},\"primaryImageOfPage\":{\"@id\":\"https:\/\/www.leili-motor.net\/fr\/vanne-de-vidange-df3-1.html#primaryimage\"},\"image\":{\"@id\":\"https:\/\/www.leili-motor.net\/fr\/vanne-de-vidange-df3-1.html#primaryimage\"},\"thumbnailUrl\":\"https:\/\/www.leili-motor.net\/wp-content\/uploads\/2025\/03\/Drain-Valve.webp\",\"datePublished\":\"2025-03-05T09:58:33+00:00\",\"description\":\"Notre vanne de vidange DF3-1 pr\u00e9sente une fr\u00e9quence d'appel \u2265 200 PPS, une augmentation \u2264 60 \u00b0C et une r\u00e9sistance de 120 \u03a9.\",\"breadcrumb\":{\"@id\":\"https:\/\/www.leili-motor.net\/fr\/vanne-de-vidange-df3-1.html#breadcrumb\"},\"inLanguage\":\"fr-FR\",\"potentialAction\":[{\"@type\":\"ReadAction\",\"target\":[\"https:\/\/www.leili-motor.net\/fr\/vanne-de-vidange-df3-1.html\"]}]},{\"@type\":\"ImageObject\",\"inLanguage\":\"fr-FR\",\"@id\":\"https:\/\/www.leili-motor.net\/fr\/vanne-de-vidange-df3-1.html#primaryimage\",\"url\":\"https:\/\/www.leili-motor.net\/wp-content\/uploads\/2025\/03\/Drain-Valve.webp\",\"contentUrl\":\"https:\/\/www.leili-motor.net\/wp-content\/uploads\/2025\/03\/Drain-Valve.webp\",\"width\":454,\"height\":310,\"caption\":\"vanne de vidange\"},{\"@type\":\"BreadcrumbList\",\"@id\":\"https:\/\/www.leili-motor.net\/fr\/vanne-de-vidange-df3-1.html#breadcrumb\",\"itemListElement\":[{\"@type\":\"ListItem\",\"position\":1,\"name\":\"Home\",\"item\":\"https:\/\/www.leili-motor.net\/fr\/\"},{\"@type\":\"ListItem\",\"position\":2,\"name\":\"Produits\",\"item\":\"https:\/\/www.leili-motor.net\/fr\/produits\/\"},{\"@type\":\"ListItem\",\"position\":3,\"name\":\"Vanne de vidange DF3-1\"}]},{\"@type\":\"WebSite\",\"@id\":\"https:\/\/www.leili-motor.net\/fr\/#website\",\"url\":\"https:\/\/www.leili-motor.net\/fr\/\",\"name\":\"Leili Motor\",\"description\":\"\",\"publisher\":{\"@id\":\"https:\/\/www.leili-motor.net\/fr\/#organization\"},\"potentialAction\":[{\"@type\":\"SearchAction\",\"target\":{\"@type\":\"EntryPoint\",\"urlTemplate\":\"https:\/\/www.leili-motor.net\/fr\/?s={search_term_string}\"},\"query-input\":{\"@type\":\"PropertyValueSpecification\",\"valueRequired\":true,\"valueName\":\"search_term_string\"}}],\"inLanguage\":\"fr-FR\"},{\"@type\":\"Organization\",\"@id\":\"https:\/\/www.leili-motor.net\/fr\/#organization\",\"name\":\"Leili Motor\",\"url\":\"https:\/\/www.leili-motor.net\/fr\/\",\"logo\":{\"@type\":\"ImageObject\",\"inLanguage\":\"fr-FR\",\"@id\":\"https:\/\/www.leili-motor.net\/fr\/#\/schema\/logo\/image\/\",\"url\":\"https:\/\/www.leili-motor.net\/wp-content\/uploads\/2025\/03\/Leili-Motor.png\",\"contentUrl\":\"https:\/\/www.leili-motor.net\/wp-content\/uploads\/2025\/03\/Leili-Motor.png\",\"width\":600,\"height\":156,\"caption\":\"Leili Motor\"},\"image\":{\"@id\":\"https:\/\/www.leili-motor.net\/fr\/#\/schema\/logo\/image\/\"}}]}<\/script>\n<!-- \/ Yoast SEO plugin. -->","yoast_head_json":{"title":"Fournisseur de vannes de vidange &#8211; Leili Motor","description":"Notre vanne de vidange DF3-1 pr\u00e9sente une fr\u00e9quence d'appel \u2265 200 PPS, une augmentation \u2264 60 \u00b0C et une r\u00e9sistance de 120 \u03a9.","robots":{"index":"index","follow":"follow","max-snippet":"max-snippet:-1","max-image-preview":"max-image-preview:large","max-video-preview":"max-video-preview:-1"},"canonical":"https:\/\/www.leili-motor.net\/fr\/vanne-de-vidange-df3-1.html","schema":{"@context":"https:\/\/schema.org","@graph":[{"@type":"WebPage","@id":"https:\/\/www.leili-motor.net\/fr\/vanne-de-vidange-df3-1.html","url":"https:\/\/www.leili-motor.net\/fr\/vanne-de-vidange-df3-1.html","name":"Fournisseur de vannes de vidange &#8211; Leili Motor","isPartOf":{"@id":"https:\/\/www.leili-motor.net\/fr\/#website"},"primaryImageOfPage":{"@id":"https:\/\/www.leili-motor.net\/fr\/vanne-de-vidange-df3-1.html#primaryimage"},"image":{"@id":"https:\/\/www.leili-motor.net\/fr\/vanne-de-vidange-df3-1.html#primaryimage"},"thumbnailUrl":"https:\/\/www.leili-motor.net\/wp-content\/uploads\/2025\/03\/Drain-Valve.webp","datePublished":"2025-03-05T09:58:33+00:00","description":"Notre vanne de vidange DF3-1 pr\u00e9sente une fr\u00e9quence d'appel \u2265 200 PPS, une augmentation \u2264 60 \u00b0C et une r\u00e9sistance de 120 \u03a9.","breadcrumb":{"@id":"https:\/\/www.leili-motor.net\/fr\/vanne-de-vidange-df3-1.html#breadcrumb"},"inLanguage":"fr-FR","potentialAction":[{"@type":"ReadAction","target":["https:\/\/www.leili-motor.net\/fr\/vanne-de-vidange-df3-1.html"]}]},{"@type":"ImageObject","inLanguage":"fr-FR","@id":"https:\/\/www.leili-motor.net\/fr\/vanne-de-vidange-df3-1.html#primaryimage","url":"https:\/\/www.leili-motor.net\/wp-content\/uploads\/2025\/03\/Drain-Valve.webp","contentUrl":"https:\/\/www.leili-motor.net\/wp-content\/uploads\/2025\/03\/Drain-Valve.webp","width":454,"height":310,"caption":"vanne de vidange"},{"@type":"BreadcrumbList","@id":"https:\/\/www.leili-motor.net\/fr\/vanne-de-vidange-df3-1.html#breadcrumb","itemListElement":[{"@type":"ListItem","position":1,"name":"Home","item":"https:\/\/www.leili-motor.net\/fr\/"},{"@type":"ListItem","position":2,"name":"Produits","item":"https:\/\/www.leili-motor.net\/fr\/produits\/"},{"@type":"ListItem","position":3,"name":"Vanne de vidange DF3-1"}]},{"@type":"WebSite","@id":"https:\/\/www.leili-motor.net\/fr\/#website","url":"https:\/\/www.leili-motor.net\/fr\/","name":"Leili Motor","description":"","publisher":{"@id":"https:\/\/www.leili-motor.net\/fr\/#organization"},"potentialAction":[{"@type":"SearchAction","target":{"@type":"EntryPoint","urlTemplate":"https:\/\/www.leili-motor.net\/fr\/?s={search_term_string}"},"query-input":{"@type":"PropertyValueSpecification","valueRequired":true,"valueName":"search_term_string"}}],"inLanguage":"fr-FR"},{"@type":"Organization","@id":"https:\/\/www.leili-motor.net\/fr\/#organization","name":"Leili Motor","url":"https:\/\/www.leili-motor.net\/fr\/","logo":{"@type":"ImageObject","inLanguage":"fr-FR","@id":"https:\/\/www.leili-motor.net\/fr\/#\/schema\/logo\/image\/","url":"https:\/\/www.leili-motor.net\/wp-content\/uploads\/2025\/03\/Leili-Motor.png","contentUrl":"https:\/\/www.leili-motor.net\/wp-content\/uploads\/2025\/03\/Leili-Motor.png","width":600,"height":156,"caption":"Leili Motor"},"image":{"@id":"https:\/\/www.leili-motor.net\/fr\/#\/schema\/logo\/image\/"}}]}},"_links":{"self":[{"href":"https:\/\/www.leili-motor.net\/fr\/wp-json\/wp\/v2\/product\/11066","targetHints":{"allow":["GET"]}}],"collection":[{"href":"https:\/\/www.leili-motor.net\/fr\/wp-json\/wp\/v2\/product"}],"about":[{"href":"https:\/\/www.leili-motor.net\/fr\/wp-json\/wp\/v2\/types\/product"}],"replies":[{"embeddable":true,"href":"https:\/\/www.leili-motor.net\/fr\/wp-json\/wp\/v2\/comments?post=11066"}],"wp:featuredmedia":[{"embeddable":true,"href":"https:\/\/www.leili-motor.net\/fr\/wp-json\/wp\/v2\/media\/11067"}],"wp:attachment":[{"href":"https:\/\/www.leili-motor.net\/fr\/wp-json\/wp\/v2\/media?parent=11066"}],"wp:term":[{"taxonomy":"product_brand","embeddable":true,"href":"https:\/\/www.leili-motor.net\/fr\/wp-json\/wp\/v2\/product_brand?post=11066"},{"taxonomy":"product_cat","embeddable":true,"href":"https:\/\/www.leili-motor.net\/fr\/wp-json\/wp\/v2\/product_cat?post=11066"},{"taxonomy":"product_tag","embeddable":true,"href":"https:\/\/www.leili-motor.net\/fr\/wp-json\/wp\/v2\/product_tag?post=11066"}],"curies":[{"name":"wp","href":"https:\/\/api.w.org\/{rel}","templated":true}]}}