{"id":11069,"date":"2025-03-05T18:01:29","date_gmt":"2025-03-05T10:01:29","guid":{"rendered":"https:\/\/www.leili-motor.net\/parfum-de-voiture-24byj48\/"},"modified":"2025-03-05T18:01:29","modified_gmt":"2025-03-05T10:01:29","slug":"parfum-de-voiture-24byj48","status":"publish","type":"product","link":"https:\/\/www.leili-motor.net\/fr\/parfum-de-voiture-24byj48.html","title":{"rendered":"Parfum de voiture 24BYJ48"},"content":{"rendered":"<h2>Param\u00e8tres du produit<\/h2>\n<table>\n<tbody>\n<tr>\n<td>Tension (VCC)<\/td>\n<td>R\u00e9sistance<br \/>\n\u03a9\/ phase Sol 7%<br \/>\n(25\u2103)<\/td>\n<td>Angle de pas<br \/>\nde l&rsquo;arbre de sortie<\/td>\n<td>Rapport de r\u00e9duction<\/td>\n<td>Couple d&rsquo;entra\u00eenement \u00e0 100pps<br \/>\n(mN\u2022m)<\/td>\n<td>Couple d&rsquo;auto-positionnement<br \/>\n(mN\u2022m)<\/td>\n<td>Fr\u00e9quence d&rsquo;entra\u00eenement \u00e0 vide (pps)<\/td>\n<td>Fr\u00e9quence de d\u00e9crochage \u00e0 vide (pps)<\/td>\n<td>\u2605 R\u00e9sistance d&rsquo;isolation CC 500V<br \/>\n(M\u03a9)<\/td>\n<td>\u2605 Rigidit\u00e9 di\u00e9lectrique de l&rsquo;isolation CA 600V,<br \/>\n1mA, 1s<\/td>\n<td>Niveau sonore<br \/>\ndB(A)<\/td>\n<\/tr>\n<tr>\n<td>12<\/td>\n<td>200<\/td>\n<td>5.625\u00b0 \/64<\/td>\n<td>1\/64<\/td>\n<td>\u2265 58.8<\/td>\n<td>\u2264 19.6<\/td>\n<td>\u2265 400<\/td>\n<td>\u2265 500<\/td>\n<td>\u2265 100<\/td>\n<td>Aucune panne ni fus\u00e9e \u00e9clairante<\/td>\n<td>\u2264 35<\/td>\n<\/tr>\n<\/tbody>\n<\/table>\n<h2>Dimension m\u00e9canique : mm<\/h2>\n<p><img fetchpriority=\"high\" decoding=\"async\" class=\"size-full wp-image-650 aligncenter\" src=\"https:\/\/www.leili-motor.net\/wp-content\/uploads\/2025\/03\/Mechanical-dimension-of-Car-Fragrance-24BYJ48.png\" alt=\"Dimension m\u00e9canique du parfum de voiture 24BYJ48\" width=\"746\" height=\"480\" srcset=\"https:\/\/www.leili-motor.net\/wp-content\/uploads\/2025\/03\/Mechanical-dimension-of-Car-Fragrance-24BYJ48.png 746w, https:\/\/www.leili-motor.net\/wp-content\/uploads\/2025\/03\/Mechanical-dimension-of-Car-Fragrance-24BYJ48-300x193.png 300w, https:\/\/www.leili-motor.net\/wp-content\/uploads\/2025\/03\/Mechanical-dimension-of-Car-Fragrance-24BYJ48-600x386.png 600w\" sizes=\"(max-width: 746px) 100vw, 746px\" \/><\/p>\n","protected":false},"excerpt":{"rendered":"<h3>Pr\u00e9sentation du produit<\/h3>\n<ul>\n<li>Mod\u00e8le : 24BYJ48<\/li>\n<li>Le moteur pas \u00e0 pas \u00e0 engrenages 12 V pr\u00e9sente un angle de pas de 5,625\u00b0 et un rapport de r\u00e9duction de 1\/64, garantissant un fonctionnement pr\u00e9cis et fluide.<\/li>\n<li>Avec un couple de traction \u2265 58,8 mN\u00b7m et un faible bruit (\u2264 35 dB), il offre des performances fiables et efficaces.<\/li>\n<\/ul>\n<h3>Application du produit<\/h3>\n<ul>\n<li>Syst\u00e8me de parfumage automobile<\/li>\n<\/ul>\n<h3>Pi\u00e8ces optionnelles<\/h3>\n<p>Longueur de l&rsquo;arbre, base de la machine<\/p>\n","protected":false},"featured_media":11070,"comment_status":"open","ping_status":"closed","template":"","meta":{"site-sidebar-layout":"default","site-content-layout":"","ast-site-content-layout":"default","site-content-style":"default","site-sidebar-style":"default","ast-global-header-display":"","ast-banner-title-visibility":"","ast-main-header-display":"","ast-hfb-above-header-display":"","ast-hfb-below-header-display":"","ast-hfb-mobile-header-display":"","site-post-title":"","ast-breadcrumbs-content":"","ast-featured-img":"","footer-sml-layout":"","theme-transparent-header-meta":"default","adv-header-id-meta":"","stick-header-meta":"","header-above-stick-meta":"","header-main-stick-meta":"","header-below-stick-meta":"","astra-migrate-meta-layouts":"default","ast-page-background-enabled":"default","ast-page-background-meta":{"desktop":{"background-color":"var(--ast-global-color-5)","background-image":"","background-repeat":"repeat","background-position":"center center","background-size":"auto","background-attachment":"scroll","background-type":"","background-media":"","overlay-type":"","overlay-color":"","overlay-opacity":"","overlay-gradient":""},"tablet":{"background-color":"","background-image":"","background-repeat":"repeat","background-position":"center center","background-size":"auto","background-attachment":"scroll","background-type":"","background-media":"","overlay-type":"","overlay-color":"","overlay-opacity":"","overlay-gradient":""},"mobile":{"background-color":"","background-image":"","background-repeat":"repeat","background-position":"center center","background-size":"auto","background-attachment":"scroll","background-type":"","background-media":"","overlay-type":"","overlay-color":"","overlay-opacity":"","overlay-gradient":""}},"ast-content-background-meta":{"desktop":{"background-color":"var(--ast-global-color-4)","background-image":"","background-repeat":"repeat","background-position":"center center","background-size":"auto","background-attachment":"scroll","background-type":"","background-media":"","overlay-type":"","overlay-color":"","overlay-opacity":"","overlay-gradient":""},"tablet":{"background-color":"var(--ast-global-color-4)","background-image":"","background-repeat":"repeat","background-position":"center center","background-size":"auto","background-attachment":"scroll","background-type":"","background-media":"","overlay-type":"","overlay-color":"","overlay-opacity":"","overlay-gradient":""},"mobile":{"background-color":"var(--ast-global-color-4)","background-image":"","background-repeat":"repeat","background-position":"center center","background-size":"auto","background-attachment":"scroll","background-type":"","background-media":"","overlay-type":"","overlay-color":"","overlay-opacity":"","overlay-gradient":""}}},"product_brand":[],"product_cat":[1210,1211],"product_tag":[1178],"class_list":{"0":"post-11069","1":"product","2":"type-product","3":"status-publish","4":"has-post-thumbnail","6":"product_cat-moteur-pas-a-pas","7":"product_cat-moteur-pas-a-pas-a-engrenages","8":"product_tag-climatisation-systeme-de-parfum","9":"pa_application-pieces-detachees-automobiles","10":"pa_geared-resistance-101-200-fr","11":"desktop-align-left","12":"tablet-align-left","13":"mobile-align-left","15":"first","16":"instock","17":"shipping-taxable","18":"product-type-simple"},"yoast_head":"<!-- This site is optimized with the Yoast SEO plugin v27.2 - https:\/\/yoast.com\/product\/yoast-seo-wordpress\/ -->\n<title>Moteur pas \u00e0 pas \u00e0 engrenages 24BYJ48 pour parfum de voiture &#8211; Leili Motor<\/title>\n<meta name=\"description\" content=\"Moteur pas \u00e0 pas \u00e0 engrenages 24BYJ48 avec angle de pas de 5,625\u00b0, rapport de r\u00e9duction de 1\/64, couple \u00e9lev\u00e9, performances stables et fonctionnement \u00e0 faible bruit.\" \/>\n<meta name=\"robots\" content=\"index, follow, max-snippet:-1, max-image-preview:large, max-video-preview:-1\" \/>\n<link rel=\"canonical\" href=\"https:\/\/www.leili-motor.net\/fr\/parfum-de-voiture-24byj48.html\" \/>\n<script type=\"application\/ld+json\" class=\"yoast-schema-graph\">{\"@context\":\"https:\/\/schema.org\",\"@graph\":[{\"@type\":\"WebPage\",\"@id\":\"https:\/\/www.leili-motor.net\/fr\/parfum-de-voiture-24byj48.html\",\"url\":\"https:\/\/www.leili-motor.net\/fr\/parfum-de-voiture-24byj48.html\",\"name\":\"Moteur pas \u00e0 pas \u00e0 engrenages 24BYJ48 pour parfum de voiture &#8211; Leili Motor\",\"isPartOf\":{\"@id\":\"https:\/\/www.leili-motor.net\/fr\/#website\"},\"primaryImageOfPage\":{\"@id\":\"https:\/\/www.leili-motor.net\/fr\/parfum-de-voiture-24byj48.html#primaryimage\"},\"image\":{\"@id\":\"https:\/\/www.leili-motor.net\/fr\/parfum-de-voiture-24byj48.html#primaryimage\"},\"thumbnailUrl\":\"https:\/\/www.leili-motor.net\/wp-content\/uploads\/2025\/03\/Car-Fragrance-24BYJ48.webp\",\"datePublished\":\"2025-03-05T10:01:29+00:00\",\"description\":\"Moteur pas \u00e0 pas \u00e0 engrenages 24BYJ48 avec angle de pas de 5,625\u00b0, rapport de r\u00e9duction de 1\/64, couple \u00e9lev\u00e9, performances stables et fonctionnement \u00e0 faible bruit.\",\"breadcrumb\":{\"@id\":\"https:\/\/www.leili-motor.net\/fr\/parfum-de-voiture-24byj48.html#breadcrumb\"},\"inLanguage\":\"fr-FR\",\"potentialAction\":[{\"@type\":\"ReadAction\",\"target\":[\"https:\/\/www.leili-motor.net\/fr\/parfum-de-voiture-24byj48.html\"]}]},{\"@type\":\"ImageObject\",\"inLanguage\":\"fr-FR\",\"@id\":\"https:\/\/www.leili-motor.net\/fr\/parfum-de-voiture-24byj48.html#primaryimage\",\"url\":\"https:\/\/www.leili-motor.net\/wp-content\/uploads\/2025\/03\/Car-Fragrance-24BYJ48.webp\",\"contentUrl\":\"https:\/\/www.leili-motor.net\/wp-content\/uploads\/2025\/03\/Car-Fragrance-24BYJ48.webp\",\"width\":454,\"height\":310,\"caption\":\"Parfum de voiture 24BYJ48\"},{\"@type\":\"BreadcrumbList\",\"@id\":\"https:\/\/www.leili-motor.net\/fr\/parfum-de-voiture-24byj48.html#breadcrumb\",\"itemListElement\":[{\"@type\":\"ListItem\",\"position\":1,\"name\":\"Home\",\"item\":\"https:\/\/www.leili-motor.net\/fr\/\"},{\"@type\":\"ListItem\",\"position\":2,\"name\":\"Produits\",\"item\":\"https:\/\/www.leili-motor.net\/fr\/produits\/\"},{\"@type\":\"ListItem\",\"position\":3,\"name\":\"Parfum de voiture 24BYJ48\"}]},{\"@type\":\"WebSite\",\"@id\":\"https:\/\/www.leili-motor.net\/fr\/#website\",\"url\":\"https:\/\/www.leili-motor.net\/fr\/\",\"name\":\"Leili Motor\",\"description\":\"\",\"publisher\":{\"@id\":\"https:\/\/www.leili-motor.net\/fr\/#organization\"},\"potentialAction\":[{\"@type\":\"SearchAction\",\"target\":{\"@type\":\"EntryPoint\",\"urlTemplate\":\"https:\/\/www.leili-motor.net\/fr\/?s={search_term_string}\"},\"query-input\":{\"@type\":\"PropertyValueSpecification\",\"valueRequired\":true,\"valueName\":\"search_term_string\"}}],\"inLanguage\":\"fr-FR\"},{\"@type\":\"Organization\",\"@id\":\"https:\/\/www.leili-motor.net\/fr\/#organization\",\"name\":\"Leili Motor\",\"url\":\"https:\/\/www.leili-motor.net\/fr\/\",\"logo\":{\"@type\":\"ImageObject\",\"inLanguage\":\"fr-FR\",\"@id\":\"https:\/\/www.leili-motor.net\/fr\/#\/schema\/logo\/image\/\",\"url\":\"https:\/\/www.leili-motor.net\/wp-content\/uploads\/2025\/03\/Leili-Motor.png\",\"contentUrl\":\"https:\/\/www.leili-motor.net\/wp-content\/uploads\/2025\/03\/Leili-Motor.png\",\"width\":600,\"height\":156,\"caption\":\"Leili Motor\"},\"image\":{\"@id\":\"https:\/\/www.leili-motor.net\/fr\/#\/schema\/logo\/image\/\"}}]}<\/script>\n<!-- \/ Yoast SEO plugin. -->","yoast_head_json":{"title":"Moteur pas \u00e0 pas \u00e0 engrenages 24BYJ48 pour parfum de voiture &#8211; Leili Motor","description":"Moteur pas \u00e0 pas \u00e0 engrenages 24BYJ48 avec angle de pas de 5,625\u00b0, rapport de r\u00e9duction de 1\/64, couple \u00e9lev\u00e9, performances stables et fonctionnement \u00e0 faible bruit.","robots":{"index":"index","follow":"follow","max-snippet":"max-snippet:-1","max-image-preview":"max-image-preview:large","max-video-preview":"max-video-preview:-1"},"canonical":"https:\/\/www.leili-motor.net\/fr\/parfum-de-voiture-24byj48.html","schema":{"@context":"https:\/\/schema.org","@graph":[{"@type":"WebPage","@id":"https:\/\/www.leili-motor.net\/fr\/parfum-de-voiture-24byj48.html","url":"https:\/\/www.leili-motor.net\/fr\/parfum-de-voiture-24byj48.html","name":"Moteur pas \u00e0 pas \u00e0 engrenages 24BYJ48 pour parfum de voiture &#8211; Leili Motor","isPartOf":{"@id":"https:\/\/www.leili-motor.net\/fr\/#website"},"primaryImageOfPage":{"@id":"https:\/\/www.leili-motor.net\/fr\/parfum-de-voiture-24byj48.html#primaryimage"},"image":{"@id":"https:\/\/www.leili-motor.net\/fr\/parfum-de-voiture-24byj48.html#primaryimage"},"thumbnailUrl":"https:\/\/www.leili-motor.net\/wp-content\/uploads\/2025\/03\/Car-Fragrance-24BYJ48.webp","datePublished":"2025-03-05T10:01:29+00:00","description":"Moteur pas \u00e0 pas \u00e0 engrenages 24BYJ48 avec angle de pas de 5,625\u00b0, rapport de r\u00e9duction de 1\/64, couple \u00e9lev\u00e9, performances stables et fonctionnement \u00e0 faible bruit.","breadcrumb":{"@id":"https:\/\/www.leili-motor.net\/fr\/parfum-de-voiture-24byj48.html#breadcrumb"},"inLanguage":"fr-FR","potentialAction":[{"@type":"ReadAction","target":["https:\/\/www.leili-motor.net\/fr\/parfum-de-voiture-24byj48.html"]}]},{"@type":"ImageObject","inLanguage":"fr-FR","@id":"https:\/\/www.leili-motor.net\/fr\/parfum-de-voiture-24byj48.html#primaryimage","url":"https:\/\/www.leili-motor.net\/wp-content\/uploads\/2025\/03\/Car-Fragrance-24BYJ48.webp","contentUrl":"https:\/\/www.leili-motor.net\/wp-content\/uploads\/2025\/03\/Car-Fragrance-24BYJ48.webp","width":454,"height":310,"caption":"Parfum de voiture 24BYJ48"},{"@type":"BreadcrumbList","@id":"https:\/\/www.leili-motor.net\/fr\/parfum-de-voiture-24byj48.html#breadcrumb","itemListElement":[{"@type":"ListItem","position":1,"name":"Home","item":"https:\/\/www.leili-motor.net\/fr\/"},{"@type":"ListItem","position":2,"name":"Produits","item":"https:\/\/www.leili-motor.net\/fr\/produits\/"},{"@type":"ListItem","position":3,"name":"Parfum de voiture 24BYJ48"}]},{"@type":"WebSite","@id":"https:\/\/www.leili-motor.net\/fr\/#website","url":"https:\/\/www.leili-motor.net\/fr\/","name":"Leili Motor","description":"","publisher":{"@id":"https:\/\/www.leili-motor.net\/fr\/#organization"},"potentialAction":[{"@type":"SearchAction","target":{"@type":"EntryPoint","urlTemplate":"https:\/\/www.leili-motor.net\/fr\/?s={search_term_string}"},"query-input":{"@type":"PropertyValueSpecification","valueRequired":true,"valueName":"search_term_string"}}],"inLanguage":"fr-FR"},{"@type":"Organization","@id":"https:\/\/www.leili-motor.net\/fr\/#organization","name":"Leili Motor","url":"https:\/\/www.leili-motor.net\/fr\/","logo":{"@type":"ImageObject","inLanguage":"fr-FR","@id":"https:\/\/www.leili-motor.net\/fr\/#\/schema\/logo\/image\/","url":"https:\/\/www.leili-motor.net\/wp-content\/uploads\/2025\/03\/Leili-Motor.png","contentUrl":"https:\/\/www.leili-motor.net\/wp-content\/uploads\/2025\/03\/Leili-Motor.png","width":600,"height":156,"caption":"Leili Motor"},"image":{"@id":"https:\/\/www.leili-motor.net\/fr\/#\/schema\/logo\/image\/"}}]}},"_links":{"self":[{"href":"https:\/\/www.leili-motor.net\/fr\/wp-json\/wp\/v2\/product\/11069","targetHints":{"allow":["GET"]}}],"collection":[{"href":"https:\/\/www.leili-motor.net\/fr\/wp-json\/wp\/v2\/product"}],"about":[{"href":"https:\/\/www.leili-motor.net\/fr\/wp-json\/wp\/v2\/types\/product"}],"replies":[{"embeddable":true,"href":"https:\/\/www.leili-motor.net\/fr\/wp-json\/wp\/v2\/comments?post=11069"}],"wp:featuredmedia":[{"embeddable":true,"href":"https:\/\/www.leili-motor.net\/fr\/wp-json\/wp\/v2\/media\/11070"}],"wp:attachment":[{"href":"https:\/\/www.leili-motor.net\/fr\/wp-json\/wp\/v2\/media?parent=11069"}],"wp:term":[{"taxonomy":"product_brand","embeddable":true,"href":"https:\/\/www.leili-motor.net\/fr\/wp-json\/wp\/v2\/product_brand?post=11069"},{"taxonomy":"product_cat","embeddable":true,"href":"https:\/\/www.leili-motor.net\/fr\/wp-json\/wp\/v2\/product_cat?post=11069"},{"taxonomy":"product_tag","embeddable":true,"href":"https:\/\/www.leili-motor.net\/fr\/wp-json\/wp\/v2\/product_tag?post=11069"}],"curies":[{"name":"wp","href":"https:\/\/api.w.org\/{rel}","templated":true}]}}