{"id":11072,"date":"2025-03-05T17:50:52","date_gmt":"2025-03-05T09:50:52","guid":{"rendered":"https:\/\/www.leili-motor.net\/24byj48-bouches-daeration-amortisseurs-electriques-pour-automobiles\/"},"modified":"2025-03-05T17:50:52","modified_gmt":"2025-03-05T09:50:52","slug":"24byj48-bouches-daeration-amortisseurs-electriques-pour-automobiles","status":"publish","type":"product","link":"https:\/\/www.leili-motor.net\/fr\/24byj48-bouches-daeration-amortisseurs-electriques-pour-automobiles.html","title":{"rendered":"24BYJ48 Bouches d&rsquo;a\u00e9ration\/amortisseurs \u00e9lectriques pour automobiles"},"content":{"rendered":"<h2>Param\u00e8tres du produit<\/h2>\n<table>\n<tbody>\n<tr>\n<td>Tension<br \/>\n(VCC)<\/td>\n<td>R\u00e9sistance \u03a9\/ phase Sol 7% (25\u2103)<\/td>\n<td>Angle de pas de l&rsquo;arbre de sortie<\/td>\n<td>Rapport de r\u00e9duction<\/td>\n<td>Couple d&rsquo;entra\u00eenement \u00e0 100pps<br \/>\n(mN\u2022m)<\/td>\n<td>Couple<br \/>\nd&rsquo;auto-positionnement<br \/>\nmN\u2022m<\/td>\n<td>Fr\u00e9quence de rappel \u00e0 vide<br \/>\n(pps)<\/td>\n<td>Fr\u00e9quence de d\u00e9crochage \u00e0 vide (pps)<\/td>\n<td>\u2605R\u00e9sistance d&rsquo;isolation CC500V<br \/>\n(M\u03a9)<\/td>\n<td>Augmentation de la temp\u00e9rature<br \/>\n(K)<\/td>\n<td>\u2605 Rigidit\u00e9 di\u00e9lectrique de l&rsquo;isolation CA 600V,<br \/>\n1mA, 1s<\/td>\n<td>Niveau sonore<br \/>\ndB(A)<\/td>\n<\/tr>\n<tr>\n<td>12<\/td>\n<td>200<\/td>\n<td>11,25\u00b0 \/64<\/td>\n<td>1\/64<\/td>\n<td>\u2265 58.8<\/td>\n<td>\u2264 19.6<\/td>\n<td>\u2265 400<\/td>\n<td>\u2265 500<\/td>\n<td>\u2265 100<\/td>\n<td>\u2264 45<\/td>\n<td>Aucune panne ni fus\u00e9e \u00e9clairante<\/td>\n<td>\u2264 35<\/td>\n<\/tr>\n<\/tbody>\n<\/table>\n<h2>Dimension m\u00e9canique : mm<\/h2>\n<p><img fetchpriority=\"high\" decoding=\"async\" class=\"size-full wp-image-632 aligncenter\" src=\"https:\/\/www.leili-motor.net\/wp-content\/uploads\/2025\/03\/Mechanical-dimension-of-Automotive-Electric-Air-VentsDampers-24BYJ48.png\" alt=\"Dimensions m\u00e9caniques des volets d'a\u00e9ration \u00e9lectriques automobiles 24BYJ48\" width=\"756\" height=\"482\" srcset=\"https:\/\/www.leili-motor.net\/wp-content\/uploads\/2025\/03\/Mechanical-dimension-of-Automotive-Electric-Air-VentsDampers-24BYJ48.png 756w, https:\/\/www.leili-motor.net\/wp-content\/uploads\/2025\/03\/Mechanical-dimension-of-Automotive-Electric-Air-VentsDampers-24BYJ48-300x191.png 300w, https:\/\/www.leili-motor.net\/wp-content\/uploads\/2025\/03\/Mechanical-dimension-of-Automotive-Electric-Air-VentsDampers-24BYJ48-600x383.png 600w\" sizes=\"(max-width: 756px) 100vw, 756px\" \/><\/p>\n","protected":false},"excerpt":{"rendered":"<h3>Pr\u00e9sentation du produit<\/h3>\n<ul>\n<li>Mod\u00e8le : 24BYJ48<\/li>\n<li>Le moteur pas \u00e0 pas \u00e0 engrenages 12 V pr\u00e9sente un angle de pas de 11,25\u00b0 et un rapport de r\u00e9duction de 1\/64, garantissant un contr\u00f4le pr\u00e9cis du mouvement.<\/li>\n<li>Avec un couple de traction \u2265 58,8 mN\u00b7m et un fonctionnement \u00e0 faible bruit (\u2264 35 dB), il offre des performances stables et efficaces.<\/li>\n<\/ul>\n<h3>Application du produit<\/h3>\n<ul>\n<li>Bouches d&rsquo;a\u00e9ration motoris\u00e9es, volets de climatisation<\/li>\n<\/ul>\n","protected":false},"featured_media":11073,"comment_status":"open","ping_status":"closed","template":"","meta":{"site-sidebar-layout":"default","site-content-layout":"","ast-site-content-layout":"default","site-content-style":"default","site-sidebar-style":"default","ast-global-header-display":"","ast-banner-title-visibility":"","ast-main-header-display":"","ast-hfb-above-header-display":"","ast-hfb-below-header-display":"","ast-hfb-mobile-header-display":"","site-post-title":"","ast-breadcrumbs-content":"","ast-featured-img":"","footer-sml-layout":"","theme-transparent-header-meta":"default","adv-header-id-meta":"","stick-header-meta":"","header-above-stick-meta":"","header-main-stick-meta":"","header-below-stick-meta":"","astra-migrate-meta-layouts":"default","ast-page-background-enabled":"default","ast-page-background-meta":{"desktop":{"background-color":"var(--ast-global-color-5)","background-image":"","background-repeat":"repeat","background-position":"center center","background-size":"auto","background-attachment":"scroll","background-type":"","background-media":"","overlay-type":"","overlay-color":"","overlay-opacity":"","overlay-gradient":""},"tablet":{"background-color":"","background-image":"","background-repeat":"repeat","background-position":"center center","background-size":"auto","background-attachment":"scroll","background-type":"","background-media":"","overlay-type":"","overlay-color":"","overlay-opacity":"","overlay-gradient":""},"mobile":{"background-color":"","background-image":"","background-repeat":"repeat","background-position":"center center","background-size":"auto","background-attachment":"scroll","background-type":"","background-media":"","overlay-type":"","overlay-color":"","overlay-opacity":"","overlay-gradient":""}},"ast-content-background-meta":{"desktop":{"background-color":"var(--ast-global-color-4)","background-image":"","background-repeat":"repeat","background-position":"center center","background-size":"auto","background-attachment":"scroll","background-type":"","background-media":"","overlay-type":"","overlay-color":"","overlay-opacity":"","overlay-gradient":""},"tablet":{"background-color":"var(--ast-global-color-4)","background-image":"","background-repeat":"repeat","background-position":"center center","background-size":"auto","background-attachment":"scroll","background-type":"","background-media":"","overlay-type":"","overlay-color":"","overlay-opacity":"","overlay-gradient":""},"mobile":{"background-color":"var(--ast-global-color-4)","background-image":"","background-repeat":"repeat","background-position":"center center","background-size":"auto","background-attachment":"scroll","background-type":"","background-media":"","overlay-type":"","overlay-color":"","overlay-opacity":"","overlay-gradient":""}}},"product_brand":[],"product_cat":[1210,1211],"product_tag":[1185,1186],"class_list":{"0":"post-11072","1":"product","2":"type-product","3":"status-publish","4":"has-post-thumbnail","6":"product_cat-moteur-pas-a-pas","7":"product_cat-moteur-pas-a-pas-a-engrenages","8":"product_tag-climatisation-volet-de-climatisation","9":"product_tag-climatisation-sortie-dair-electrique","10":"pa_application-pieces-detachees-automobiles","11":"pa_geared-resistance-101-200-fr","12":"desktop-align-left","13":"tablet-align-left","14":"mobile-align-left","16":"first","17":"instock","18":"shipping-taxable","19":"product-type-simple"},"yoast_head":"<!-- This site is optimized with the Yoast SEO plugin v27.2 - https:\/\/yoast.com\/product\/yoast-seo-wordpress\/ -->\n<title>A\u00e9rateurs\/amortisseurs \u00e9lectriques pour automobiles 24BYJ48 &#8211; Leili Motor<\/title>\n<meta name=\"description\" content=\"Moteur pas \u00e0 pas \u00e0 engrenages 12 V avec angle de pas de 11,25\u00b0, rapport de r\u00e9duction de 1\/64, couple \u00e9lev\u00e9, faible bruit et performances d&#039;isolation fiables.\" \/>\n<meta name=\"robots\" content=\"index, follow, max-snippet:-1, max-image-preview:large, max-video-preview:-1\" \/>\n<link rel=\"canonical\" href=\"https:\/\/www.leili-motor.net\/fr\/24byj48-bouches-daeration-amortisseurs-electriques-pour-automobiles.html\" \/>\n<script type=\"application\/ld+json\" class=\"yoast-schema-graph\">{\"@context\":\"https:\/\/schema.org\",\"@graph\":[{\"@type\":\"WebPage\",\"@id\":\"https:\/\/www.leili-motor.net\/fr\/24byj48-bouches-daeration-amortisseurs-electriques-pour-automobiles.html\",\"url\":\"https:\/\/www.leili-motor.net\/fr\/24byj48-bouches-daeration-amortisseurs-electriques-pour-automobiles.html\",\"name\":\"A\u00e9rateurs\/amortisseurs \u00e9lectriques pour automobiles 24BYJ48 &#8211; Leili Motor\",\"isPartOf\":{\"@id\":\"https:\/\/www.leili-motor.net\/fr\/#website\"},\"primaryImageOfPage\":{\"@id\":\"https:\/\/www.leili-motor.net\/fr\/24byj48-bouches-daeration-amortisseurs-electriques-pour-automobiles.html#primaryimage\"},\"image\":{\"@id\":\"https:\/\/www.leili-motor.net\/fr\/24byj48-bouches-daeration-amortisseurs-electriques-pour-automobiles.html#primaryimage\"},\"thumbnailUrl\":\"https:\/\/www.leili-motor.net\/wp-content\/uploads\/2025\/03\/Automotive-Electric-Air-Vents-Dampers-24BYJ48.webp\",\"datePublished\":\"2025-03-05T09:50:52+00:00\",\"description\":\"Moteur pas \u00e0 pas \u00e0 engrenages 12 V avec angle de pas de 11,25\u00b0, rapport de r\u00e9duction de 1\/64, couple \u00e9lev\u00e9, faible bruit et performances d'isolation fiables.\",\"breadcrumb\":{\"@id\":\"https:\/\/www.leili-motor.net\/fr\/24byj48-bouches-daeration-amortisseurs-electriques-pour-automobiles.html#breadcrumb\"},\"inLanguage\":\"fr-FR\",\"potentialAction\":[{\"@type\":\"ReadAction\",\"target\":[\"https:\/\/www.leili-motor.net\/fr\/24byj48-bouches-daeration-amortisseurs-electriques-pour-automobiles.html\"]}]},{\"@type\":\"ImageObject\",\"inLanguage\":\"fr-FR\",\"@id\":\"https:\/\/www.leili-motor.net\/fr\/24byj48-bouches-daeration-amortisseurs-electriques-pour-automobiles.html#primaryimage\",\"url\":\"https:\/\/www.leili-motor.net\/wp-content\/uploads\/2025\/03\/Automotive-Electric-Air-Vents-Dampers-24BYJ48.webp\",\"contentUrl\":\"https:\/\/www.leili-motor.net\/wp-content\/uploads\/2025\/03\/Automotive-Electric-Air-Vents-Dampers-24BYJ48.webp\",\"width\":454,\"height\":310,\"caption\":\"Registres de ventilation \u00e9lectriques pour automobiles 24BYJ48\"},{\"@type\":\"BreadcrumbList\",\"@id\":\"https:\/\/www.leili-motor.net\/fr\/24byj48-bouches-daeration-amortisseurs-electriques-pour-automobiles.html#breadcrumb\",\"itemListElement\":[{\"@type\":\"ListItem\",\"position\":1,\"name\":\"Home\",\"item\":\"https:\/\/www.leili-motor.net\/fr\/\"},{\"@type\":\"ListItem\",\"position\":2,\"name\":\"Produits\",\"item\":\"https:\/\/www.leili-motor.net\/fr\/produits\/\"},{\"@type\":\"ListItem\",\"position\":3,\"name\":\"24BYJ48 Bouches d&rsquo;a\u00e9ration\/amortisseurs \u00e9lectriques pour automobiles\"}]},{\"@type\":\"WebSite\",\"@id\":\"https:\/\/www.leili-motor.net\/fr\/#website\",\"url\":\"https:\/\/www.leili-motor.net\/fr\/\",\"name\":\"Leili Motor\",\"description\":\"\",\"publisher\":{\"@id\":\"https:\/\/www.leili-motor.net\/fr\/#organization\"},\"potentialAction\":[{\"@type\":\"SearchAction\",\"target\":{\"@type\":\"EntryPoint\",\"urlTemplate\":\"https:\/\/www.leili-motor.net\/fr\/?s={search_term_string}\"},\"query-input\":{\"@type\":\"PropertyValueSpecification\",\"valueRequired\":true,\"valueName\":\"search_term_string\"}}],\"inLanguage\":\"fr-FR\"},{\"@type\":\"Organization\",\"@id\":\"https:\/\/www.leili-motor.net\/fr\/#organization\",\"name\":\"Leili Motor\",\"url\":\"https:\/\/www.leili-motor.net\/fr\/\",\"logo\":{\"@type\":\"ImageObject\",\"inLanguage\":\"fr-FR\",\"@id\":\"https:\/\/www.leili-motor.net\/fr\/#\/schema\/logo\/image\/\",\"url\":\"https:\/\/www.leili-motor.net\/wp-content\/uploads\/2025\/03\/Leili-Motor.png\",\"contentUrl\":\"https:\/\/www.leili-motor.net\/wp-content\/uploads\/2025\/03\/Leili-Motor.png\",\"width\":600,\"height\":156,\"caption\":\"Leili Motor\"},\"image\":{\"@id\":\"https:\/\/www.leili-motor.net\/fr\/#\/schema\/logo\/image\/\"}}]}<\/script>\n<!-- \/ Yoast SEO plugin. -->","yoast_head_json":{"title":"A\u00e9rateurs\/amortisseurs \u00e9lectriques pour automobiles 24BYJ48 &#8211; Leili Motor","description":"Moteur pas \u00e0 pas \u00e0 engrenages 12 V avec angle de pas de 11,25\u00b0, rapport de r\u00e9duction de 1\/64, couple \u00e9lev\u00e9, faible bruit et performances d'isolation fiables.","robots":{"index":"index","follow":"follow","max-snippet":"max-snippet:-1","max-image-preview":"max-image-preview:large","max-video-preview":"max-video-preview:-1"},"canonical":"https:\/\/www.leili-motor.net\/fr\/24byj48-bouches-daeration-amortisseurs-electriques-pour-automobiles.html","schema":{"@context":"https:\/\/schema.org","@graph":[{"@type":"WebPage","@id":"https:\/\/www.leili-motor.net\/fr\/24byj48-bouches-daeration-amortisseurs-electriques-pour-automobiles.html","url":"https:\/\/www.leili-motor.net\/fr\/24byj48-bouches-daeration-amortisseurs-electriques-pour-automobiles.html","name":"A\u00e9rateurs\/amortisseurs \u00e9lectriques pour automobiles 24BYJ48 &#8211; Leili Motor","isPartOf":{"@id":"https:\/\/www.leili-motor.net\/fr\/#website"},"primaryImageOfPage":{"@id":"https:\/\/www.leili-motor.net\/fr\/24byj48-bouches-daeration-amortisseurs-electriques-pour-automobiles.html#primaryimage"},"image":{"@id":"https:\/\/www.leili-motor.net\/fr\/24byj48-bouches-daeration-amortisseurs-electriques-pour-automobiles.html#primaryimage"},"thumbnailUrl":"https:\/\/www.leili-motor.net\/wp-content\/uploads\/2025\/03\/Automotive-Electric-Air-Vents-Dampers-24BYJ48.webp","datePublished":"2025-03-05T09:50:52+00:00","description":"Moteur pas \u00e0 pas \u00e0 engrenages 12 V avec angle de pas de 11,25\u00b0, rapport de r\u00e9duction de 1\/64, couple \u00e9lev\u00e9, faible bruit et performances d'isolation fiables.","breadcrumb":{"@id":"https:\/\/www.leili-motor.net\/fr\/24byj48-bouches-daeration-amortisseurs-electriques-pour-automobiles.html#breadcrumb"},"inLanguage":"fr-FR","potentialAction":[{"@type":"ReadAction","target":["https:\/\/www.leili-motor.net\/fr\/24byj48-bouches-daeration-amortisseurs-electriques-pour-automobiles.html"]}]},{"@type":"ImageObject","inLanguage":"fr-FR","@id":"https:\/\/www.leili-motor.net\/fr\/24byj48-bouches-daeration-amortisseurs-electriques-pour-automobiles.html#primaryimage","url":"https:\/\/www.leili-motor.net\/wp-content\/uploads\/2025\/03\/Automotive-Electric-Air-Vents-Dampers-24BYJ48.webp","contentUrl":"https:\/\/www.leili-motor.net\/wp-content\/uploads\/2025\/03\/Automotive-Electric-Air-Vents-Dampers-24BYJ48.webp","width":454,"height":310,"caption":"Registres de ventilation \u00e9lectriques pour automobiles 24BYJ48"},{"@type":"BreadcrumbList","@id":"https:\/\/www.leili-motor.net\/fr\/24byj48-bouches-daeration-amortisseurs-electriques-pour-automobiles.html#breadcrumb","itemListElement":[{"@type":"ListItem","position":1,"name":"Home","item":"https:\/\/www.leili-motor.net\/fr\/"},{"@type":"ListItem","position":2,"name":"Produits","item":"https:\/\/www.leili-motor.net\/fr\/produits\/"},{"@type":"ListItem","position":3,"name":"24BYJ48 Bouches d&rsquo;a\u00e9ration\/amortisseurs \u00e9lectriques pour automobiles"}]},{"@type":"WebSite","@id":"https:\/\/www.leili-motor.net\/fr\/#website","url":"https:\/\/www.leili-motor.net\/fr\/","name":"Leili Motor","description":"","publisher":{"@id":"https:\/\/www.leili-motor.net\/fr\/#organization"},"potentialAction":[{"@type":"SearchAction","target":{"@type":"EntryPoint","urlTemplate":"https:\/\/www.leili-motor.net\/fr\/?s={search_term_string}"},"query-input":{"@type":"PropertyValueSpecification","valueRequired":true,"valueName":"search_term_string"}}],"inLanguage":"fr-FR"},{"@type":"Organization","@id":"https:\/\/www.leili-motor.net\/fr\/#organization","name":"Leili Motor","url":"https:\/\/www.leili-motor.net\/fr\/","logo":{"@type":"ImageObject","inLanguage":"fr-FR","@id":"https:\/\/www.leili-motor.net\/fr\/#\/schema\/logo\/image\/","url":"https:\/\/www.leili-motor.net\/wp-content\/uploads\/2025\/03\/Leili-Motor.png","contentUrl":"https:\/\/www.leili-motor.net\/wp-content\/uploads\/2025\/03\/Leili-Motor.png","width":600,"height":156,"caption":"Leili Motor"},"image":{"@id":"https:\/\/www.leili-motor.net\/fr\/#\/schema\/logo\/image\/"}}]}},"_links":{"self":[{"href":"https:\/\/www.leili-motor.net\/fr\/wp-json\/wp\/v2\/product\/11072","targetHints":{"allow":["GET"]}}],"collection":[{"href":"https:\/\/www.leili-motor.net\/fr\/wp-json\/wp\/v2\/product"}],"about":[{"href":"https:\/\/www.leili-motor.net\/fr\/wp-json\/wp\/v2\/types\/product"}],"replies":[{"embeddable":true,"href":"https:\/\/www.leili-motor.net\/fr\/wp-json\/wp\/v2\/comments?post=11072"}],"wp:featuredmedia":[{"embeddable":true,"href":"https:\/\/www.leili-motor.net\/fr\/wp-json\/wp\/v2\/media\/11073"}],"wp:attachment":[{"href":"https:\/\/www.leili-motor.net\/fr\/wp-json\/wp\/v2\/media?parent=11072"}],"wp:term":[{"taxonomy":"product_brand","embeddable":true,"href":"https:\/\/www.leili-motor.net\/fr\/wp-json\/wp\/v2\/product_brand?post=11072"},{"taxonomy":"product_cat","embeddable":true,"href":"https:\/\/www.leili-motor.net\/fr\/wp-json\/wp\/v2\/product_cat?post=11072"},{"taxonomy":"product_tag","embeddable":true,"href":"https:\/\/www.leili-motor.net\/fr\/wp-json\/wp\/v2\/product_tag?post=11072"}],"curies":[{"name":"wp","href":"https:\/\/api.w.org\/{rel}","templated":true}]}}