{"id":11081,"date":"2025-03-05T16:55:44","date_gmt":"2025-03-05T08:55:44","guid":{"rendered":"https:\/\/www.leili-motor.net\/moteur-pas-a-pas-a-engrenages-42byj46\/"},"modified":"2025-06-06T14:01:49","modified_gmt":"2025-06-06T06:01:49","slug":"moteur-pas-a-pas-a-engrenages-42byj46","status":"publish","type":"product","link":"https:\/\/www.leili-motor.net\/fr\/moteur-pas-a-pas-a-engrenages-42byj46.html","title":{"rendered":"Moteur pas \u00e0 pas \u00e0 engrenages 42BYJ46"},"content":{"rendered":"<h2>Param\u00e8tres du produit<\/h2>\n<table>\n<tbody>\n<tr>\n<td>Type de moteur<\/td>\n<td>Tension<\/td>\n<td>R\u00e9sistance<\/td>\n<td>Fr\u00e9quence<\/td>\n<td>Couple d&rsquo;attraction<\/td>\n<td>Couple d&rsquo;auto-positionnement<\/td>\n<td>Fr\u00e9quence d&rsquo;attraction \u00e0 vide<\/td>\n<td>Fr\u00e9quence de d\u00e9crochage \u00e0 vide<\/td>\n<td>\u00c9l\u00e9vation de temp\u00e9rature<\/td>\n<td>Bruit<\/td>\n<td>Angle de pas<\/td>\n<td>Classe d&rsquo;isolation<\/td>\n<\/tr>\n<tr>\n<td><\/td>\n<td>(V)<\/td>\n<td>(\u03a9)<\/td>\n<td>(PPS)<\/td>\n<td>(mN.m)<\/td>\n<td>(mN.m)<\/td>\n<td>(PPS)<\/td>\n<td>(PPS)<\/td>\n<td>(K)<\/td>\n<td>(A)<\/td>\n<td>(1-2 phases)<\/td>\n<td><\/td>\n<\/tr>\n<tr>\n<td rowspan=\"4\">42BYJ46<\/td>\n<td>12<\/td>\n<td>40<\/td>\n<td>250<\/td>\n<td>\u226578.4<\/td>\n<td>\u226549<\/td>\n<td>\u2265300<\/td>\n<td>\u2265350<\/td>\n<td>\u226490<\/td>\n<td>\u226440<\/td>\n<td>7.5\/22.7<\/td>\n<td rowspan=\"4\">E<\/td>\n<\/tr>\n<tr>\n<td>12<\/td>\n<td>50<\/td>\n<td>100<\/td>\n<td>\u2265150<\/td>\n<td>\u2265100<\/td>\n<td>\u2265200<\/td>\n<td>\u2265200<\/td>\n<td>\u226490<\/td>\n<td>\u226440<\/td>\n<td>7.5\/33.3<\/td>\n<\/tr>\n<tr>\n<td>12<\/td>\n<td>85<\/td>\n<td>100<\/td>\n<td>\u2265150<\/td>\n<td>\u2265100<\/td>\n<td>\u2265200<\/td>\n<td>\u2265200<\/td>\n<td>\u226490<\/td>\n<td>\u226440<\/td>\n<td>7.5\/40<\/td>\n<\/tr>\n<tr>\n<td>12<\/td>\n<td>80<\/td>\n<td>100<\/td>\n<td>\u2265294<\/td>\n<td>\u2265100<\/td>\n<td>\u2265300<\/td>\n<td>\u2265350<\/td>\n<td>\u226490<\/td>\n<td>\u226440<\/td>\n<td>7.5\/100<\/td>\n<\/tr>\n<\/tbody>\n<\/table>\n<h2>Dimension m\u00e9canique : mm<\/h2>\n<p><img fetchpriority=\"high\" decoding=\"async\" class=\"size-full wp-image-541 aligncenter\" src=\"https:\/\/www.leili-motor.net\/wp-content\/uploads\/2025\/03\/Mechanical-Dimension-of-42BYJ46-Geared-Stepper-Motor.webp\" alt=\"Dimensions m\u00e9caniques du moteur pas \u00e0 pas \u00e0 engrenages 42BYJ46\" width=\"759\" height=\"562\" srcset=\"https:\/\/www.leili-motor.net\/wp-content\/uploads\/2025\/03\/Mechanical-Dimension-of-42BYJ46-Geared-Stepper-Motor.webp 759w, https:\/\/www.leili-motor.net\/wp-content\/uploads\/2025\/03\/Mechanical-Dimension-of-42BYJ46-Geared-Stepper-Motor-300x222.webp 300w, https:\/\/www.leili-motor.net\/wp-content\/uploads\/2025\/03\/Mechanical-Dimension-of-42BYJ46-Geared-Stepper-Motor-600x444.webp 600w\" sizes=\"(max-width: 759px) 100vw, 759px\" \/><\/p>\n<p>&nbsp;<\/p>\n","protected":false},"excerpt":{"rendered":"<h3>Pr\u00e9sentation du produit<\/h3>\n<ul>\n<li>Mod\u00e8le : 42BYJ46<\/li>\n<li>Offre des options de r\u00e9sistance de 40 \u03a9 \u00e0 85 \u03a9, garantissant un contr\u00f4le pr\u00e9cis et une sortie de couple fiable.<\/li>\n<li>Avec un angle de pas de 7,5\u00b0 et un couple de traction jusqu&rsquo;\u00e0 294 mN.m, il offre des performances stables pour diverses applications.<\/li>\n<\/ul>\n<h3>Application du produit<\/h3>\n<ul>\n<li>Appareils \u00e9lectrom\u00e9nagers : climatiseurs<\/li>\n<\/ul>\n<h3>Pi\u00e8ces optionnelles<\/h3>\n<p>Longueur de l&rsquo;arbre, cadre<\/p>\n","protected":false},"featured_media":11082,"comment_status":"open","ping_status":"closed","template":"","meta":{"site-sidebar-layout":"default","site-content-layout":"","ast-site-content-layout":"default","site-content-style":"default","site-sidebar-style":"default","ast-global-header-display":"","ast-banner-title-visibility":"","ast-main-header-display":"","ast-hfb-above-header-display":"","ast-hfb-below-header-display":"","ast-hfb-mobile-header-display":"","site-post-title":"","ast-breadcrumbs-content":"","ast-featured-img":"","footer-sml-layout":"","theme-transparent-header-meta":"default","adv-header-id-meta":"","stick-header-meta":"","header-above-stick-meta":"","header-main-stick-meta":"","header-below-stick-meta":"","astra-migrate-meta-layouts":"default","ast-page-background-enabled":"default","ast-page-background-meta":{"desktop":{"background-color":"var(--ast-global-color-5)","background-image":"","background-repeat":"repeat","background-position":"center center","background-size":"auto","background-attachment":"scroll","background-type":"","background-media":"","overlay-type":"","overlay-color":"","overlay-opacity":"","overlay-gradient":""},"tablet":{"background-color":"","background-image":"","background-repeat":"repeat","background-position":"center center","background-size":"auto","background-attachment":"scroll","background-type":"","background-media":"","overlay-type":"","overlay-color":"","overlay-opacity":"","overlay-gradient":""},"mobile":{"background-color":"","background-image":"","background-repeat":"repeat","background-position":"center center","background-size":"auto","background-attachment":"scroll","background-type":"","background-media":"","overlay-type":"","overlay-color":"","overlay-opacity":"","overlay-gradient":""}},"ast-content-background-meta":{"desktop":{"background-color":"var(--ast-global-color-4)","background-image":"","background-repeat":"repeat","background-position":"center center","background-size":"auto","background-attachment":"scroll","background-type":"","background-media":"","overlay-type":"","overlay-color":"","overlay-opacity":"","overlay-gradient":""},"tablet":{"background-color":"var(--ast-global-color-4)","background-image":"","background-repeat":"repeat","background-position":"center center","background-size":"auto","background-attachment":"scroll","background-type":"","background-media":"","overlay-type":"","overlay-color":"","overlay-opacity":"","overlay-gradient":""},"mobile":{"background-color":"var(--ast-global-color-4)","background-image":"","background-repeat":"repeat","background-position":"center center","background-size":"auto","background-attachment":"scroll","background-type":"","background-media":"","overlay-type":"","overlay-color":"","overlay-opacity":"","overlay-gradient":""}}},"product_brand":[],"product_cat":[1210,1211],"product_tag":[1219],"class_list":{"0":"post-11081","1":"product","2":"type-product","3":"status-publish","4":"has-post-thumbnail","6":"product_cat-moteur-pas-a-pas","7":"product_cat-moteur-pas-a-pas-a-engrenages","8":"product_tag-climatiseur-systeme-de-recuperation","9":"pa_application-appareil-electromenager","10":"pa_geared-resistance-0-100-fr","11":"desktop-align-left","12":"tablet-align-left","13":"mobile-align-left","15":"first","16":"instock","17":"shipping-taxable","18":"product-type-simple"},"yoast_head":"<!-- This site is optimized with the Yoast SEO plugin v27.2 - https:\/\/yoast.com\/product\/yoast-seo-wordpress\/ -->\n<title>Moteur pas \u00e0 pas \u00e0 engrenages 42BYJ46 &#8211; Leili Motor<\/title>\n<meta name=\"description\" content=\"Le moteur pas \u00e0 pas \u00e0 engrenages 42BYJ46 (12 V) offre une r\u00e9sistance de 40 \u00e0 85 \u03a9, un couple \u00e9lev\u00e9, des performances stables et un contr\u00f4le pr\u00e9cis du pas de 7,5\u00b0.\" \/>\n<meta name=\"robots\" content=\"index, follow, max-snippet:-1, max-image-preview:large, max-video-preview:-1\" \/>\n<link rel=\"canonical\" href=\"https:\/\/www.leili-motor.net\/fr\/moteur-pas-a-pas-a-engrenages-42byj46.html\" \/>\n<script type=\"application\/ld+json\" class=\"yoast-schema-graph\">{\"@context\":\"https:\/\/schema.org\",\"@graph\":[{\"@type\":\"WebPage\",\"@id\":\"https:\/\/www.leili-motor.net\/fr\/moteur-pas-a-pas-a-engrenages-42byj46.html\",\"url\":\"https:\/\/www.leili-motor.net\/fr\/moteur-pas-a-pas-a-engrenages-42byj46.html\",\"name\":\"Moteur pas \u00e0 pas \u00e0 engrenages 42BYJ46 &#8211; Leili Motor\",\"isPartOf\":{\"@id\":\"https:\/\/www.leili-motor.net\/fr\/#website\"},\"primaryImageOfPage\":{\"@id\":\"https:\/\/www.leili-motor.net\/fr\/moteur-pas-a-pas-a-engrenages-42byj46.html#primaryimage\"},\"image\":{\"@id\":\"https:\/\/www.leili-motor.net\/fr\/moteur-pas-a-pas-a-engrenages-42byj46.html#primaryimage\"},\"thumbnailUrl\":\"https:\/\/www.leili-motor.net\/wp-content\/uploads\/2025\/03\/42BYJ46-Geared-Stepper-Motor.webp\",\"datePublished\":\"2025-03-05T08:55:44+00:00\",\"dateModified\":\"2025-06-06T06:01:49+00:00\",\"description\":\"Le moteur pas \u00e0 pas \u00e0 engrenages 42BYJ46 (12 V) offre une r\u00e9sistance de 40 \u00e0 85 \u03a9, un couple \u00e9lev\u00e9, des performances stables et un contr\u00f4le pr\u00e9cis du pas de 7,5\u00b0.\",\"breadcrumb\":{\"@id\":\"https:\/\/www.leili-motor.net\/fr\/moteur-pas-a-pas-a-engrenages-42byj46.html#breadcrumb\"},\"inLanguage\":\"fr-FR\",\"potentialAction\":[{\"@type\":\"ReadAction\",\"target\":[\"https:\/\/www.leili-motor.net\/fr\/moteur-pas-a-pas-a-engrenages-42byj46.html\"]}]},{\"@type\":\"ImageObject\",\"inLanguage\":\"fr-FR\",\"@id\":\"https:\/\/www.leili-motor.net\/fr\/moteur-pas-a-pas-a-engrenages-42byj46.html#primaryimage\",\"url\":\"https:\/\/www.leili-motor.net\/wp-content\/uploads\/2025\/03\/42BYJ46-Geared-Stepper-Motor.webp\",\"contentUrl\":\"https:\/\/www.leili-motor.net\/wp-content\/uploads\/2025\/03\/42BYJ46-Geared-Stepper-Motor.webp\",\"width\":454,\"height\":310,\"caption\":\"Moteur pas \u00e0 pas \u00e0 engrenages 42BYJ46\"},{\"@type\":\"BreadcrumbList\",\"@id\":\"https:\/\/www.leili-motor.net\/fr\/moteur-pas-a-pas-a-engrenages-42byj46.html#breadcrumb\",\"itemListElement\":[{\"@type\":\"ListItem\",\"position\":1,\"name\":\"Home\",\"item\":\"https:\/\/www.leili-motor.net\/fr\/\"},{\"@type\":\"ListItem\",\"position\":2,\"name\":\"Produits\",\"item\":\"https:\/\/www.leili-motor.net\/fr\/produits\/\"},{\"@type\":\"ListItem\",\"position\":3,\"name\":\"Moteur pas \u00e0 pas \u00e0 engrenages 42BYJ46\"}]},{\"@type\":\"WebSite\",\"@id\":\"https:\/\/www.leili-motor.net\/fr\/#website\",\"url\":\"https:\/\/www.leili-motor.net\/fr\/\",\"name\":\"Leili Motor\",\"description\":\"\",\"publisher\":{\"@id\":\"https:\/\/www.leili-motor.net\/fr\/#organization\"},\"potentialAction\":[{\"@type\":\"SearchAction\",\"target\":{\"@type\":\"EntryPoint\",\"urlTemplate\":\"https:\/\/www.leili-motor.net\/fr\/?s={search_term_string}\"},\"query-input\":{\"@type\":\"PropertyValueSpecification\",\"valueRequired\":true,\"valueName\":\"search_term_string\"}}],\"inLanguage\":\"fr-FR\"},{\"@type\":\"Organization\",\"@id\":\"https:\/\/www.leili-motor.net\/fr\/#organization\",\"name\":\"Leili Motor\",\"url\":\"https:\/\/www.leili-motor.net\/fr\/\",\"logo\":{\"@type\":\"ImageObject\",\"inLanguage\":\"fr-FR\",\"@id\":\"https:\/\/www.leili-motor.net\/fr\/#\/schema\/logo\/image\/\",\"url\":\"https:\/\/www.leili-motor.net\/wp-content\/uploads\/2025\/03\/Leili-Motor.png\",\"contentUrl\":\"https:\/\/www.leili-motor.net\/wp-content\/uploads\/2025\/03\/Leili-Motor.png\",\"width\":600,\"height\":156,\"caption\":\"Leili Motor\"},\"image\":{\"@id\":\"https:\/\/www.leili-motor.net\/fr\/#\/schema\/logo\/image\/\"}}]}<\/script>\n<!-- \/ Yoast SEO plugin. -->","yoast_head_json":{"title":"Moteur pas \u00e0 pas \u00e0 engrenages 42BYJ46 &#8211; Leili Motor","description":"Le moteur pas \u00e0 pas \u00e0 engrenages 42BYJ46 (12 V) offre une r\u00e9sistance de 40 \u00e0 85 \u03a9, un couple \u00e9lev\u00e9, des performances stables et un contr\u00f4le pr\u00e9cis du pas de 7,5\u00b0.","robots":{"index":"index","follow":"follow","max-snippet":"max-snippet:-1","max-image-preview":"max-image-preview:large","max-video-preview":"max-video-preview:-1"},"canonical":"https:\/\/www.leili-motor.net\/fr\/moteur-pas-a-pas-a-engrenages-42byj46.html","schema":{"@context":"https:\/\/schema.org","@graph":[{"@type":"WebPage","@id":"https:\/\/www.leili-motor.net\/fr\/moteur-pas-a-pas-a-engrenages-42byj46.html","url":"https:\/\/www.leili-motor.net\/fr\/moteur-pas-a-pas-a-engrenages-42byj46.html","name":"Moteur pas \u00e0 pas \u00e0 engrenages 42BYJ46 &#8211; Leili Motor","isPartOf":{"@id":"https:\/\/www.leili-motor.net\/fr\/#website"},"primaryImageOfPage":{"@id":"https:\/\/www.leili-motor.net\/fr\/moteur-pas-a-pas-a-engrenages-42byj46.html#primaryimage"},"image":{"@id":"https:\/\/www.leili-motor.net\/fr\/moteur-pas-a-pas-a-engrenages-42byj46.html#primaryimage"},"thumbnailUrl":"https:\/\/www.leili-motor.net\/wp-content\/uploads\/2025\/03\/42BYJ46-Geared-Stepper-Motor.webp","datePublished":"2025-03-05T08:55:44+00:00","dateModified":"2025-06-06T06:01:49+00:00","description":"Le moteur pas \u00e0 pas \u00e0 engrenages 42BYJ46 (12 V) offre une r\u00e9sistance de 40 \u00e0 85 \u03a9, un couple \u00e9lev\u00e9, des performances stables et un contr\u00f4le pr\u00e9cis du pas de 7,5\u00b0.","breadcrumb":{"@id":"https:\/\/www.leili-motor.net\/fr\/moteur-pas-a-pas-a-engrenages-42byj46.html#breadcrumb"},"inLanguage":"fr-FR","potentialAction":[{"@type":"ReadAction","target":["https:\/\/www.leili-motor.net\/fr\/moteur-pas-a-pas-a-engrenages-42byj46.html"]}]},{"@type":"ImageObject","inLanguage":"fr-FR","@id":"https:\/\/www.leili-motor.net\/fr\/moteur-pas-a-pas-a-engrenages-42byj46.html#primaryimage","url":"https:\/\/www.leili-motor.net\/wp-content\/uploads\/2025\/03\/42BYJ46-Geared-Stepper-Motor.webp","contentUrl":"https:\/\/www.leili-motor.net\/wp-content\/uploads\/2025\/03\/42BYJ46-Geared-Stepper-Motor.webp","width":454,"height":310,"caption":"Moteur pas \u00e0 pas \u00e0 engrenages 42BYJ46"},{"@type":"BreadcrumbList","@id":"https:\/\/www.leili-motor.net\/fr\/moteur-pas-a-pas-a-engrenages-42byj46.html#breadcrumb","itemListElement":[{"@type":"ListItem","position":1,"name":"Home","item":"https:\/\/www.leili-motor.net\/fr\/"},{"@type":"ListItem","position":2,"name":"Produits","item":"https:\/\/www.leili-motor.net\/fr\/produits\/"},{"@type":"ListItem","position":3,"name":"Moteur pas \u00e0 pas \u00e0 engrenages 42BYJ46"}]},{"@type":"WebSite","@id":"https:\/\/www.leili-motor.net\/fr\/#website","url":"https:\/\/www.leili-motor.net\/fr\/","name":"Leili Motor","description":"","publisher":{"@id":"https:\/\/www.leili-motor.net\/fr\/#organization"},"potentialAction":[{"@type":"SearchAction","target":{"@type":"EntryPoint","urlTemplate":"https:\/\/www.leili-motor.net\/fr\/?s={search_term_string}"},"query-input":{"@type":"PropertyValueSpecification","valueRequired":true,"valueName":"search_term_string"}}],"inLanguage":"fr-FR"},{"@type":"Organization","@id":"https:\/\/www.leili-motor.net\/fr\/#organization","name":"Leili Motor","url":"https:\/\/www.leili-motor.net\/fr\/","logo":{"@type":"ImageObject","inLanguage":"fr-FR","@id":"https:\/\/www.leili-motor.net\/fr\/#\/schema\/logo\/image\/","url":"https:\/\/www.leili-motor.net\/wp-content\/uploads\/2025\/03\/Leili-Motor.png","contentUrl":"https:\/\/www.leili-motor.net\/wp-content\/uploads\/2025\/03\/Leili-Motor.png","width":600,"height":156,"caption":"Leili Motor"},"image":{"@id":"https:\/\/www.leili-motor.net\/fr\/#\/schema\/logo\/image\/"}}]}},"_links":{"self":[{"href":"https:\/\/www.leili-motor.net\/fr\/wp-json\/wp\/v2\/product\/11081","targetHints":{"allow":["GET"]}}],"collection":[{"href":"https:\/\/www.leili-motor.net\/fr\/wp-json\/wp\/v2\/product"}],"about":[{"href":"https:\/\/www.leili-motor.net\/fr\/wp-json\/wp\/v2\/types\/product"}],"replies":[{"embeddable":true,"href":"https:\/\/www.leili-motor.net\/fr\/wp-json\/wp\/v2\/comments?post=11081"}],"wp:featuredmedia":[{"embeddable":true,"href":"https:\/\/www.leili-motor.net\/fr\/wp-json\/wp\/v2\/media\/11082"}],"wp:attachment":[{"href":"https:\/\/www.leili-motor.net\/fr\/wp-json\/wp\/v2\/media?parent=11081"}],"wp:term":[{"taxonomy":"product_brand","embeddable":true,"href":"https:\/\/www.leili-motor.net\/fr\/wp-json\/wp\/v2\/product_brand?post=11081"},{"taxonomy":"product_cat","embeddable":true,"href":"https:\/\/www.leili-motor.net\/fr\/wp-json\/wp\/v2\/product_cat?post=11081"},{"taxonomy":"product_tag","embeddable":true,"href":"https:\/\/www.leili-motor.net\/fr\/wp-json\/wp\/v2\/product_tag?post=11081"}],"curies":[{"name":"wp","href":"https:\/\/api.w.org\/{rel}","templated":true}]}}