{"id":11090,"date":"2025-03-06T14:01:41","date_gmt":"2025-03-06T06:01:41","guid":{"rendered":"https:\/\/www.leili-motor.net\/vanne-de-derivation\/"},"modified":"2025-03-06T14:01:41","modified_gmt":"2025-03-06T06:01:41","slug":"vanne-de-derivation","status":"publish","type":"product","link":"https:\/\/www.leili-motor.net\/fr\/vanne-de-derivation.html","title":{"rendered":"Vanne de d\u00e9rivation"},"content":{"rendered":"<h2>Param\u00e8tres du produit<\/h2>\n<table>\n<tbody>\n<tr>\n<td>Mod\u00e8le<\/td>\n<td>Not\u00e9<br \/>\nTension<br \/>\n(VDC)<\/td>\n<td>Puissance<br \/>\nnominale<br \/>\n(W)<\/td>\n<td>Courant<br \/>\nnominal<br \/>\n(mA)<\/td>\n<td>Fr\u00e9quence<br \/>\nd&rsquo;entra\u00eenement<br \/>\n(PPS)<\/td>\n<td>Nombre de<br \/>\nvalves<\/td>\n<td>Diam\u00e8tre<br \/>\ndu tube<br \/>\n(mm)<\/td>\n<td>Structure<br \/>\nd&rsquo;ajustement<\/td>\n<td>Pression<br \/>\nhydraulique<br \/>\n(MPa)<\/td>\n<td>Fuite<br \/>\n(ml\/min)<\/td>\n<\/tr>\n<tr>\n<td>FSFJ1-1<\/td>\n<td>12<\/td>\n<td>\u2264 2.9<\/td>\n<td>\u2264 240<\/td>\n<td>400<\/td>\n<td>2 entr\u00e9es<br \/>\n3 points de vente<\/td>\n<td>5<\/td>\n<td>Avec<\/td>\n<td>0.15<\/td>\n<td>\u2264 15<\/td>\n<\/tr>\n<tr>\n<td>FSFJ1-2<\/td>\n<td>12<\/td>\n<td>\u2264 2.9<\/td>\n<td>\u2264 240<\/td>\n<td>400<\/td>\n<td>2 entr\u00e9es<br \/>\n3 prises<\/td>\n<td>6<\/td>\n<td>Avec<\/td>\n<td>0.15<\/td>\n<td>\u2264 15<\/td>\n<\/tr>\n<tr>\n<td>FSFJ2-1<\/td>\n<td>12<\/td>\n<td>\u2264 2.9<\/td>\n<td>\u2264 240<\/td>\n<td>400<\/td>\n<td>1 entr\u00e9e<br \/>\n3 prises<\/td>\n<td>6<\/td>\n<td>Avec<\/td>\n<td>0.15<\/td>\n<td>\u2264 15<\/td>\n<\/tr>\n<\/tbody>\n<\/table>\n<h2>Dimensions m\u00e9caniques : mm<\/h2>\n<p><img fetchpriority=\"high\" decoding=\"async\" class=\"size-full wp-image-970 aligncenter\" src=\"https:\/\/www.leili-motor.net\/wp-content\/uploads\/2025\/03\/Mechanical-Dimension-for-Shunt-Valve.webp\" alt=\"Dimension m\u00e9canique de la vanne de d\u00e9rivation\" width=\"759\" height=\"650\" srcset=\"https:\/\/www.leili-motor.net\/wp-content\/uploads\/2025\/03\/Mechanical-Dimension-for-Shunt-Valve.webp 759w, https:\/\/www.leili-motor.net\/wp-content\/uploads\/2025\/03\/Mechanical-Dimension-for-Shunt-Valve-300x257.webp 300w, https:\/\/www.leili-motor.net\/wp-content\/uploads\/2025\/03\/Mechanical-Dimension-for-Shunt-Valve-600x514.webp 600w\" sizes=\"(max-width: 759px) 100vw, 759px\" \/><\/p>\n","protected":false},"excerpt":{"rendered":"<h3>Pr\u00e9sentation du produit<\/h3>\n<ul>\n<li>La vanne d&rsquo;eau est principalement utilis\u00e9e pour les toilettes intelligentes.<\/li>\n<li>Contr\u00f4le pr\u00e9cis du d\u00e9bit : prend en charge plusieurs configurations d&rsquo;entr\u00e9e et de sortie avec une puissance nominale \u2264 2,9 W et un courant \u2264 240 mA.<\/li>\n<li>Conception r\u00e9glable : comprend une structure r\u00e9glable, un diam\u00e8tre de tube de 5 \u00e0 6 mm et fonctionne sous une pression hydraulique de 0,15 Mpa.<\/li>\n<li>Pr\u00e9vention des fuites : assure un fonctionnement efficace avec une fuite minimale, en maintenant \u2264 15 ml\/min dans des conditions optimales.<\/li>\n<\/ul>\n<h3>Application du produit<\/h3>\n<ul>\n<li>\u00c9lectrom\u00e9nager : sanitaires intelligents<\/li>\n<\/ul>\n","protected":false},"featured_media":11091,"comment_status":"open","ping_status":"closed","template":"","meta":{"site-sidebar-layout":"default","site-content-layout":"","ast-site-content-layout":"default","site-content-style":"default","site-sidebar-style":"default","ast-global-header-display":"","ast-banner-title-visibility":"","ast-main-header-display":"","ast-hfb-above-header-display":"","ast-hfb-below-header-display":"","ast-hfb-mobile-header-display":"","site-post-title":"","ast-breadcrumbs-content":"","ast-featured-img":"","footer-sml-layout":"","theme-transparent-header-meta":"default","adv-header-id-meta":"","stick-header-meta":"","header-above-stick-meta":"","header-main-stick-meta":"","header-below-stick-meta":"","astra-migrate-meta-layouts":"default","ast-page-background-enabled":"default","ast-page-background-meta":{"desktop":{"background-color":"var(--ast-global-color-5)","background-image":"","background-repeat":"repeat","background-position":"center center","background-size":"auto","background-attachment":"scroll","background-type":"","background-media":"","overlay-type":"","overlay-color":"","overlay-opacity":"","overlay-gradient":""},"tablet":{"background-color":"","background-image":"","background-repeat":"repeat","background-position":"center center","background-size":"auto","background-attachment":"scroll","background-type":"","background-media":"","overlay-type":"","overlay-color":"","overlay-opacity":"","overlay-gradient":""},"mobile":{"background-color":"","background-image":"","background-repeat":"repeat","background-position":"center center","background-size":"auto","background-attachment":"scroll","background-type":"","background-media":"","overlay-type":"","overlay-color":"","overlay-opacity":"","overlay-gradient":""}},"ast-content-background-meta":{"desktop":{"background-color":"var(--ast-global-color-4)","background-image":"","background-repeat":"repeat","background-position":"center center","background-size":"auto","background-attachment":"scroll","background-type":"","background-media":"","overlay-type":"","overlay-color":"","overlay-opacity":"","overlay-gradient":""},"tablet":{"background-color":"var(--ast-global-color-4)","background-image":"","background-repeat":"repeat","background-position":"center center","background-size":"auto","background-attachment":"scroll","background-type":"","background-media":"","overlay-type":"","overlay-color":"","overlay-opacity":"","overlay-gradient":""},"mobile":{"background-color":"var(--ast-global-color-4)","background-image":"","background-repeat":"repeat","background-position":"center center","background-size":"auto","background-attachment":"scroll","background-type":"","background-media":"","overlay-type":"","overlay-color":"","overlay-opacity":"","overlay-gradient":""}}},"product_brand":[],"product_cat":[1150,1195],"product_tag":[1230],"class_list":{"0":"post-11090","1":"product","2":"type-product","3":"status-publish","4":"has-post-thumbnail","6":"product_cat-composants","7":"product_cat-composants-dappareils-electromenagers","8":"product_tag-sanitaires-intelligents-systeme-de-chasse-deau","9":"pa_application-appareil-electromenager","10":"desktop-align-left","11":"tablet-align-left","12":"mobile-align-left","14":"first","15":"instock","16":"shipping-taxable","17":"product-type-simple"},"yoast_head":"<!-- This site is optimized with the Yoast SEO plugin v27.2 - https:\/\/yoast.com\/product\/yoast-seo-wordpress\/ -->\n<title>Vanne de d\u00e9rivation &#8211; Leili Motor<\/title>\n<meta name=\"description\" content=\"Notre vanne de d\u00e9rivation pr\u00e9sente un contr\u00f4le pr\u00e9cis du d\u00e9bit, une conception r\u00e9glable, une faible consommation d&#039;\u00e9nergie, plusieurs ports et une fuite minimale.\" \/>\n<meta name=\"robots\" content=\"index, follow, max-snippet:-1, max-image-preview:large, max-video-preview:-1\" \/>\n<link rel=\"canonical\" href=\"https:\/\/www.leili-motor.net\/fr\/vanne-de-derivation.html\" \/>\n<script type=\"application\/ld+json\" class=\"yoast-schema-graph\">{\"@context\":\"https:\/\/schema.org\",\"@graph\":[{\"@type\":\"WebPage\",\"@id\":\"https:\/\/www.leili-motor.net\/fr\/vanne-de-derivation.html\",\"url\":\"https:\/\/www.leili-motor.net\/fr\/vanne-de-derivation.html\",\"name\":\"Vanne de d\u00e9rivation &#8211; Leili Motor\",\"isPartOf\":{\"@id\":\"https:\/\/www.leili-motor.net\/fr\/#website\"},\"primaryImageOfPage\":{\"@id\":\"https:\/\/www.leili-motor.net\/fr\/vanne-de-derivation.html#primaryimage\"},\"image\":{\"@id\":\"https:\/\/www.leili-motor.net\/fr\/vanne-de-derivation.html#primaryimage\"},\"thumbnailUrl\":\"https:\/\/www.leili-motor.net\/wp-content\/uploads\/2025\/03\/Shunt-Valve.webp\",\"datePublished\":\"2025-03-06T06:01:41+00:00\",\"description\":\"Notre vanne de d\u00e9rivation pr\u00e9sente un contr\u00f4le pr\u00e9cis du d\u00e9bit, une conception r\u00e9glable, une faible consommation d'\u00e9nergie, plusieurs ports et une fuite minimale.\",\"breadcrumb\":{\"@id\":\"https:\/\/www.leili-motor.net\/fr\/vanne-de-derivation.html#breadcrumb\"},\"inLanguage\":\"fr-FR\",\"potentialAction\":[{\"@type\":\"ReadAction\",\"target\":[\"https:\/\/www.leili-motor.net\/fr\/vanne-de-derivation.html\"]}]},{\"@type\":\"ImageObject\",\"inLanguage\":\"fr-FR\",\"@id\":\"https:\/\/www.leili-motor.net\/fr\/vanne-de-derivation.html#primaryimage\",\"url\":\"https:\/\/www.leili-motor.net\/wp-content\/uploads\/2025\/03\/Shunt-Valve.webp\",\"contentUrl\":\"https:\/\/www.leili-motor.net\/wp-content\/uploads\/2025\/03\/Shunt-Valve.webp\",\"width\":454,\"height\":310,\"caption\":\"Vanne de d\u00e9rivation\"},{\"@type\":\"BreadcrumbList\",\"@id\":\"https:\/\/www.leili-motor.net\/fr\/vanne-de-derivation.html#breadcrumb\",\"itemListElement\":[{\"@type\":\"ListItem\",\"position\":1,\"name\":\"Home\",\"item\":\"https:\/\/www.leili-motor.net\/fr\/\"},{\"@type\":\"ListItem\",\"position\":2,\"name\":\"Produits\",\"item\":\"https:\/\/www.leili-motor.net\/fr\/produits\/\"},{\"@type\":\"ListItem\",\"position\":3,\"name\":\"Vanne de d\u00e9rivation\"}]},{\"@type\":\"WebSite\",\"@id\":\"https:\/\/www.leili-motor.net\/fr\/#website\",\"url\":\"https:\/\/www.leili-motor.net\/fr\/\",\"name\":\"Leili Motor\",\"description\":\"\",\"publisher\":{\"@id\":\"https:\/\/www.leili-motor.net\/fr\/#organization\"},\"potentialAction\":[{\"@type\":\"SearchAction\",\"target\":{\"@type\":\"EntryPoint\",\"urlTemplate\":\"https:\/\/www.leili-motor.net\/fr\/?s={search_term_string}\"},\"query-input\":{\"@type\":\"PropertyValueSpecification\",\"valueRequired\":true,\"valueName\":\"search_term_string\"}}],\"inLanguage\":\"fr-FR\"},{\"@type\":\"Organization\",\"@id\":\"https:\/\/www.leili-motor.net\/fr\/#organization\",\"name\":\"Leili Motor\",\"url\":\"https:\/\/www.leili-motor.net\/fr\/\",\"logo\":{\"@type\":\"ImageObject\",\"inLanguage\":\"fr-FR\",\"@id\":\"https:\/\/www.leili-motor.net\/fr\/#\/schema\/logo\/image\/\",\"url\":\"https:\/\/www.leili-motor.net\/wp-content\/uploads\/2025\/03\/Leili-Motor.png\",\"contentUrl\":\"https:\/\/www.leili-motor.net\/wp-content\/uploads\/2025\/03\/Leili-Motor.png\",\"width\":600,\"height\":156,\"caption\":\"Leili Motor\"},\"image\":{\"@id\":\"https:\/\/www.leili-motor.net\/fr\/#\/schema\/logo\/image\/\"}}]}<\/script>\n<!-- \/ Yoast SEO plugin. -->","yoast_head_json":{"title":"Vanne de d\u00e9rivation &#8211; Leili Motor","description":"Notre vanne de d\u00e9rivation pr\u00e9sente un contr\u00f4le pr\u00e9cis du d\u00e9bit, une conception r\u00e9glable, une faible consommation d'\u00e9nergie, plusieurs ports et une fuite minimale.","robots":{"index":"index","follow":"follow","max-snippet":"max-snippet:-1","max-image-preview":"max-image-preview:large","max-video-preview":"max-video-preview:-1"},"canonical":"https:\/\/www.leili-motor.net\/fr\/vanne-de-derivation.html","schema":{"@context":"https:\/\/schema.org","@graph":[{"@type":"WebPage","@id":"https:\/\/www.leili-motor.net\/fr\/vanne-de-derivation.html","url":"https:\/\/www.leili-motor.net\/fr\/vanne-de-derivation.html","name":"Vanne de d\u00e9rivation &#8211; Leili Motor","isPartOf":{"@id":"https:\/\/www.leili-motor.net\/fr\/#website"},"primaryImageOfPage":{"@id":"https:\/\/www.leili-motor.net\/fr\/vanne-de-derivation.html#primaryimage"},"image":{"@id":"https:\/\/www.leili-motor.net\/fr\/vanne-de-derivation.html#primaryimage"},"thumbnailUrl":"https:\/\/www.leili-motor.net\/wp-content\/uploads\/2025\/03\/Shunt-Valve.webp","datePublished":"2025-03-06T06:01:41+00:00","description":"Notre vanne de d\u00e9rivation pr\u00e9sente un contr\u00f4le pr\u00e9cis du d\u00e9bit, une conception r\u00e9glable, une faible consommation d'\u00e9nergie, plusieurs ports et une fuite minimale.","breadcrumb":{"@id":"https:\/\/www.leili-motor.net\/fr\/vanne-de-derivation.html#breadcrumb"},"inLanguage":"fr-FR","potentialAction":[{"@type":"ReadAction","target":["https:\/\/www.leili-motor.net\/fr\/vanne-de-derivation.html"]}]},{"@type":"ImageObject","inLanguage":"fr-FR","@id":"https:\/\/www.leili-motor.net\/fr\/vanne-de-derivation.html#primaryimage","url":"https:\/\/www.leili-motor.net\/wp-content\/uploads\/2025\/03\/Shunt-Valve.webp","contentUrl":"https:\/\/www.leili-motor.net\/wp-content\/uploads\/2025\/03\/Shunt-Valve.webp","width":454,"height":310,"caption":"Vanne de d\u00e9rivation"},{"@type":"BreadcrumbList","@id":"https:\/\/www.leili-motor.net\/fr\/vanne-de-derivation.html#breadcrumb","itemListElement":[{"@type":"ListItem","position":1,"name":"Home","item":"https:\/\/www.leili-motor.net\/fr\/"},{"@type":"ListItem","position":2,"name":"Produits","item":"https:\/\/www.leili-motor.net\/fr\/produits\/"},{"@type":"ListItem","position":3,"name":"Vanne de d\u00e9rivation"}]},{"@type":"WebSite","@id":"https:\/\/www.leili-motor.net\/fr\/#website","url":"https:\/\/www.leili-motor.net\/fr\/","name":"Leili Motor","description":"","publisher":{"@id":"https:\/\/www.leili-motor.net\/fr\/#organization"},"potentialAction":[{"@type":"SearchAction","target":{"@type":"EntryPoint","urlTemplate":"https:\/\/www.leili-motor.net\/fr\/?s={search_term_string}"},"query-input":{"@type":"PropertyValueSpecification","valueRequired":true,"valueName":"search_term_string"}}],"inLanguage":"fr-FR"},{"@type":"Organization","@id":"https:\/\/www.leili-motor.net\/fr\/#organization","name":"Leili Motor","url":"https:\/\/www.leili-motor.net\/fr\/","logo":{"@type":"ImageObject","inLanguage":"fr-FR","@id":"https:\/\/www.leili-motor.net\/fr\/#\/schema\/logo\/image\/","url":"https:\/\/www.leili-motor.net\/wp-content\/uploads\/2025\/03\/Leili-Motor.png","contentUrl":"https:\/\/www.leili-motor.net\/wp-content\/uploads\/2025\/03\/Leili-Motor.png","width":600,"height":156,"caption":"Leili Motor"},"image":{"@id":"https:\/\/www.leili-motor.net\/fr\/#\/schema\/logo\/image\/"}}]}},"_links":{"self":[{"href":"https:\/\/www.leili-motor.net\/fr\/wp-json\/wp\/v2\/product\/11090","targetHints":{"allow":["GET"]}}],"collection":[{"href":"https:\/\/www.leili-motor.net\/fr\/wp-json\/wp\/v2\/product"}],"about":[{"href":"https:\/\/www.leili-motor.net\/fr\/wp-json\/wp\/v2\/types\/product"}],"replies":[{"embeddable":true,"href":"https:\/\/www.leili-motor.net\/fr\/wp-json\/wp\/v2\/comments?post=11090"}],"wp:featuredmedia":[{"embeddable":true,"href":"https:\/\/www.leili-motor.net\/fr\/wp-json\/wp\/v2\/media\/11091"}],"wp:attachment":[{"href":"https:\/\/www.leili-motor.net\/fr\/wp-json\/wp\/v2\/media?parent=11090"}],"wp:term":[{"taxonomy":"product_brand","embeddable":true,"href":"https:\/\/www.leili-motor.net\/fr\/wp-json\/wp\/v2\/product_brand?post=11090"},{"taxonomy":"product_cat","embeddable":true,"href":"https:\/\/www.leili-motor.net\/fr\/wp-json\/wp\/v2\/product_cat?post=11090"},{"taxonomy":"product_tag","embeddable":true,"href":"https:\/\/www.leili-motor.net\/fr\/wp-json\/wp\/v2\/product_tag?post=11090"}],"curies":[{"name":"wp","href":"https:\/\/api.w.org\/{rel}","templated":true}]}}