{"id":11100,"date":"2025-03-06T10:55:31","date_gmt":"2025-03-06T02:55:31","guid":{"rendered":"https:\/\/www.leili-motor.net\/micro-moteur-a-balais-cc-rs-5412sa\/"},"modified":"2025-03-06T10:55:31","modified_gmt":"2025-03-06T02:55:31","slug":"micro-moteur-a-balais-cc-rs-5412sa","status":"publish","type":"product","link":"https:\/\/www.leili-motor.net\/fr\/micro-moteur-a-balais-cc-rs-5412sa.html","title":{"rendered":"Micro Moteur \u00e0 balais CC RS-5412SA"},"content":{"rendered":"<h2>Param\u00e8tres du produit<\/h2>\n<table>\n<tbody>\n<tr>\n<td colspan=\"2\" width=\"14.4600%\">Type de moteur<\/td>\n<td colspan=\"2\" width=\"14.0400%\">Tension<\/td>\n<td colspan=\"2\" width=\"14.0800%\">D\u00e9charg\u00e9<\/td>\n<td colspan=\"5\" width=\"36.1800%\">\u00c0 une efficacit\u00e9 maximale<\/td>\n<td colspan=\"3\" width=\"21.1800%\">D\u00e9crochage<\/td>\n<\/tr>\n<tr>\n<td colspan=\"2\" rowspan=\"2\" width=\"14.4600%\"><\/td>\n<td width=\"7.0400%\">\u00c9tendue des travaux<\/td>\n<td width=\"7.0000%\">Nominal<\/td>\n<td width=\"7.0400%\">Vitesse<\/td>\n<td width=\"7.0400%\">Courant \u00e9lectrique<\/td>\n<td width=\"7.0400%\">Vitesse<\/td>\n<td rowspan=\"2\" width=\"7.0400%\">Courant \u00e9lectrique<br \/>\n(A)<\/td>\n<td rowspan=\"2\" width=\"7.0400%\">Couple<br \/>\n(mN.m)<\/td>\n<td rowspan=\"2\" width=\"7.0200%\">Couple (g.cm)<\/td>\n<td rowspan=\"2\" width=\"8.0200%\">Puissance (W)<\/td>\n<td rowspan=\"2\" width=\"7.0400%\">Couple (mN.m)<\/td>\n<td rowspan=\"2\" width=\"7.0600%\">Couple (g.cm)<\/td>\n<td rowspan=\"2\" width=\"7.0600%\">Courant \u00e9lectrique<br \/>\n(A)<\/td>\n<\/tr>\n<tr>\n<td width=\"7.0400%\">(V)<\/td>\n<td width=\"7.0000%\">(V)<\/td>\n<td width=\"7.0400%\">(r\/min)<\/td>\n<td width=\"7.0400%\">(A)<\/td>\n<td width=\"7.0400%\">(r\/min)<\/td>\n<\/tr>\n<tr>\n<td width=\"7.4600%\">RS-5412SA<\/td>\n<td width=\"6.9800%\">8130<\/td>\n<td width=\"7.0400%\">50-160<\/td>\n<td width=\"7.0000%\">75<\/td>\n<td width=\"7.0400%\">5850<\/td>\n<td width=\"7.0400%\">0.05<\/td>\n<td width=\"7.0400%\">4550<\/td>\n<td width=\"7.0400%\">0.17<\/td>\n<td width=\"7.0400%\">17.85<\/td>\n<td width=\"7.0200%\">182.14<\/td>\n<td width=\"8.0200%\">8.54<\/td>\n<td width=\"7.0400%\">77.19<\/td>\n<td width=\"7.0600%\">787.65<\/td>\n<td width=\"7.0600%\">0.58<\/td>\n<\/tr>\n<tr>\n<td width=\"7.4600%\">RS-5412SA<\/td>\n<td width=\"6.9800%\">8256<\/td>\n<td width=\"7.0400%\">50-250<\/td>\n<td width=\"7.0000%\">150<\/td>\n<td width=\"7.0400%\">5850<\/td>\n<td width=\"7.0400%\">0.03<\/td>\n<td width=\"7.0400%\">4710<\/td>\n<td width=\"7.0400%\">0.13<\/td>\n<td width=\"7.0400%\">26.55<\/td>\n<td width=\"7.0200%\">270.92<\/td>\n<td width=\"8.0200%\">13.12<\/td>\n<td width=\"7.0400%\">137.1<\/td>\n<td width=\"7.0600%\">1399<\/td>\n<td width=\"7.0600%\">0.52<\/td>\n<\/tr>\n<tr>\n<td width=\"7.4600%\">RS-5412SA<\/td>\n<td width=\"6.9800%\">1095<\/td>\n<td width=\"7.0400%\">50-150<\/td>\n<td width=\"7.0000%\">120<\/td>\n<td width=\"7.0400%\">15000<\/td>\n<td width=\"7.0400%\">0.09<\/td>\n<td width=\"7.0400%\">12319<\/td>\n<td width=\"7.0400%\">0.42<\/td>\n<td width=\"7.0400%\">18.77<\/td>\n<td width=\"7.0200%\">191.53<\/td>\n<td width=\"8.0200%\">24.21<\/td>\n<td width=\"7.0400%\">105<\/td>\n<td width=\"7.0600%\">1071.43<\/td>\n<td width=\"7.0600%\">1.9<\/td>\n<\/tr>\n<\/tbody>\n<\/table>\n<h2>Dimension m\u00e9canique : mm<\/h2>\n<p><img fetchpriority=\"high\" decoding=\"async\" class=\"size-full wp-image-742 aligncenter\" src=\"https:\/\/www.leili-motor.net\/wp-content\/uploads\/2025\/03\/Mechanical-dimension-for-RS-5412SA-Micro-DC-Brush-Motor.webp\" alt=\"Dimensions m\u00e9caniques du micro-moteur \u00e0 balais CC RS-5412SA\" width=\"795\" height=\"300\" srcset=\"https:\/\/www.leili-motor.net\/wp-content\/uploads\/2025\/03\/Mechanical-dimension-for-RS-5412SA-Micro-DC-Brush-Motor.webp 795w, https:\/\/www.leili-motor.net\/wp-content\/uploads\/2025\/03\/Mechanical-dimension-for-RS-5412SA-Micro-DC-Brush-Motor-300x113.webp 300w, https:\/\/www.leili-motor.net\/wp-content\/uploads\/2025\/03\/Mechanical-dimension-for-RS-5412SA-Micro-DC-Brush-Motor-768x290.webp 768w, https:\/\/www.leili-motor.net\/wp-content\/uploads\/2025\/03\/Mechanical-dimension-for-RS-5412SA-Micro-DC-Brush-Motor-600x226.webp 600w\" sizes=\"(max-width: 795px) 100vw, 795px\" \/><\/p>\n<h2>Courbes de performance<\/h2>\n<p><img decoding=\"async\" class=\"size-full wp-image-743 aligncenter\" src=\"https:\/\/www.leili-motor.net\/wp-content\/uploads\/2025\/03\/Performance-Curves-for-RS-5412SA-Micro-DC-Brush-Motor.webp\" alt=\"Courbes de performance du micromoteur \u00e0 balais CC RS-5412SA\" width=\"759\" height=\"272\" srcset=\"https:\/\/www.leili-motor.net\/wp-content\/uploads\/2025\/03\/Performance-Curves-for-RS-5412SA-Micro-DC-Brush-Motor.webp 759w, https:\/\/www.leili-motor.net\/wp-content\/uploads\/2025\/03\/Performance-Curves-for-RS-5412SA-Micro-DC-Brush-Motor-300x108.webp 300w, https:\/\/www.leili-motor.net\/wp-content\/uploads\/2025\/03\/Performance-Curves-for-RS-5412SA-Micro-DC-Brush-Motor-600x215.webp 600w\" sizes=\"(max-width: 759px) 100vw, 759px\" \/><\/p>\n","protected":false},"excerpt":{"rendered":"<h3>Pr\u00e9sentation du produit<\/h3>\n<ul>\n<li>RS-5412SA 08130 : Fonctionne \u00e0 50-160 V, 5 850 tr\/min \u00e0 vide, 4 550 tr\/min \u00e0 efficacit\u00e9 maximale, couple de 17,85 mN\u00b7m.<\/li>\n<li>RS-5412SA 08256 : Fonctionne sur 50-250 V, 5 850 tr\/min \u00e0 vide, 4 710 tr\/min \u00e0 efficacit\u00e9 maximale, couple de 26,55 mN\u00b7m.<\/li>\n<li>RS-5412SA 1095 : Moteur \u00e0 grande vitesse, atteignant 15 000 tr\/min \u00e0 vide, id\u00e9al pour les applications de pr\u00e9cision n\u00e9cessitant des performances stables.<\/li>\n<\/ul>\n<h3>Application du produit<\/h3>\n<ul>\n<li>Appareil : Aspirateur<\/li>\n<\/ul>\n","protected":false},"featured_media":11101,"comment_status":"open","ping_status":"closed","template":"","meta":{"site-sidebar-layout":"default","site-content-layout":"","ast-site-content-layout":"default","site-content-style":"default","site-sidebar-style":"default","ast-global-header-display":"","ast-banner-title-visibility":"","ast-main-header-display":"","ast-hfb-above-header-display":"","ast-hfb-below-header-display":"","ast-hfb-mobile-header-display":"","site-post-title":"","ast-breadcrumbs-content":"","ast-featured-img":"","footer-sml-layout":"","theme-transparent-header-meta":"default","adv-header-id-meta":"","stick-header-meta":"","header-above-stick-meta":"","header-main-stick-meta":"","header-below-stick-meta":"","astra-migrate-meta-layouts":"default","ast-page-background-enabled":"default","ast-page-background-meta":{"desktop":{"background-color":"var(--ast-global-color-5)","background-image":"","background-repeat":"repeat","background-position":"center center","background-size":"auto","background-attachment":"scroll","background-type":"","background-media":"","overlay-type":"","overlay-color":"","overlay-opacity":"","overlay-gradient":""},"tablet":{"background-color":"","background-image":"","background-repeat":"repeat","background-position":"center center","background-size":"auto","background-attachment":"scroll","background-type":"","background-media":"","overlay-type":"","overlay-color":"","overlay-opacity":"","overlay-gradient":""},"mobile":{"background-color":"","background-image":"","background-repeat":"repeat","background-position":"center center","background-size":"auto","background-attachment":"scroll","background-type":"","background-media":"","overlay-type":"","overlay-color":"","overlay-opacity":"","overlay-gradient":""}},"ast-content-background-meta":{"desktop":{"background-color":"var(--ast-global-color-4)","background-image":"","background-repeat":"repeat","background-position":"center center","background-size":"auto","background-attachment":"scroll","background-type":"","background-media":"","overlay-type":"","overlay-color":"","overlay-opacity":"","overlay-gradient":""},"tablet":{"background-color":"var(--ast-global-color-4)","background-image":"","background-repeat":"repeat","background-position":"center center","background-size":"auto","background-attachment":"scroll","background-type":"","background-media":"","overlay-type":"","overlay-color":"","overlay-opacity":"","overlay-gradient":""},"mobile":{"background-color":"var(--ast-global-color-4)","background-image":"","background-repeat":"repeat","background-position":"center center","background-size":"auto","background-attachment":"scroll","background-type":"","background-media":"","overlay-type":"","overlay-color":"","overlay-opacity":"","overlay-gradient":""}}},"product_brand":[],"product_cat":[1168,1191],"product_tag":[1170],"class_list":{"0":"post-11100","1":"product","2":"type-product","3":"status-publish","4":"has-post-thumbnail","6":"product_cat-moteur-a-balais-a-courant-continu","7":"product_cat-micro-moteur-a-balais-a-courant-continu","8":"product_tag-appareils-electromenagers-autres-moteur-a-balais-cc","9":"pa_application-appareil-electromenager","10":"pa_dc-brush-no-load-current-0-0-1-fr","11":"pa_dc-brush-no-load-speed-plus-de-10-000","12":"desktop-align-left","13":"tablet-align-left","14":"mobile-align-left","16":"first","17":"instock","18":"shipping-taxable","19":"product-type-simple"},"yoast_head":"<!-- This site is optimized with the Yoast SEO plugin v27.2 - https:\/\/yoast.com\/product\/yoast-seo-wordpress\/ -->\n<title>Micro Moteur \u00e0 balais CC RS-5412SA &#8211; Leili Motor<\/title>\n<meta name=\"description\" content=\"Le moteur \u00e0 brosse micro CC RS-5412SA, y compris les types 08130, 08256 et 1095, fonctionne \u00e0 50-250 V, garantissant une efficacit\u00e9 \u00e9lev\u00e9e et des performances stables pour les aspirateurs et les applications de pr\u00e9cision.\" \/>\n<meta name=\"robots\" content=\"index, follow, max-snippet:-1, max-image-preview:large, max-video-preview:-1\" \/>\n<link rel=\"canonical\" href=\"https:\/\/www.leili-motor.net\/fr\/micro-moteur-a-balais-cc-rs-5412sa.html\" \/>\n<script type=\"application\/ld+json\" class=\"yoast-schema-graph\">{\"@context\":\"https:\/\/schema.org\",\"@graph\":[{\"@type\":\"WebPage\",\"@id\":\"https:\/\/www.leili-motor.net\/fr\/micro-moteur-a-balais-cc-rs-5412sa.html\",\"url\":\"https:\/\/www.leili-motor.net\/fr\/micro-moteur-a-balais-cc-rs-5412sa.html\",\"name\":\"Micro Moteur \u00e0 balais CC RS-5412SA &#8211; Leili Motor\",\"isPartOf\":{\"@id\":\"https:\/\/www.leili-motor.net\/fr\/#website\"},\"primaryImageOfPage\":{\"@id\":\"https:\/\/www.leili-motor.net\/fr\/micro-moteur-a-balais-cc-rs-5412sa.html#primaryimage\"},\"image\":{\"@id\":\"https:\/\/www.leili-motor.net\/fr\/micro-moteur-a-balais-cc-rs-5412sa.html#primaryimage\"},\"thumbnailUrl\":\"https:\/\/www.leili-motor.net\/wp-content\/uploads\/2025\/03\/RS-5412SA-Micro-DC-Brush-Motor.webp\",\"datePublished\":\"2025-03-06T02:55:31+00:00\",\"description\":\"Le moteur \u00e0 brosse micro CC RS-5412SA, y compris les types 08130, 08256 et 1095, fonctionne \u00e0 50-250 V, garantissant une efficacit\u00e9 \u00e9lev\u00e9e et des performances stables pour les aspirateurs et les applications de pr\u00e9cision.\",\"breadcrumb\":{\"@id\":\"https:\/\/www.leili-motor.net\/fr\/micro-moteur-a-balais-cc-rs-5412sa.html#breadcrumb\"},\"inLanguage\":\"fr-FR\",\"potentialAction\":[{\"@type\":\"ReadAction\",\"target\":[\"https:\/\/www.leili-motor.net\/fr\/micro-moteur-a-balais-cc-rs-5412sa.html\"]}]},{\"@type\":\"ImageObject\",\"inLanguage\":\"fr-FR\",\"@id\":\"https:\/\/www.leili-motor.net\/fr\/micro-moteur-a-balais-cc-rs-5412sa.html#primaryimage\",\"url\":\"https:\/\/www.leili-motor.net\/wp-content\/uploads\/2025\/03\/RS-5412SA-Micro-DC-Brush-Motor.webp\",\"contentUrl\":\"https:\/\/www.leili-motor.net\/wp-content\/uploads\/2025\/03\/RS-5412SA-Micro-DC-Brush-Motor.webp\",\"width\":454,\"height\":310,\"caption\":\"Micro-moteur \u00e0 balais CC RS-5412SA\"},{\"@type\":\"BreadcrumbList\",\"@id\":\"https:\/\/www.leili-motor.net\/fr\/micro-moteur-a-balais-cc-rs-5412sa.html#breadcrumb\",\"itemListElement\":[{\"@type\":\"ListItem\",\"position\":1,\"name\":\"Home\",\"item\":\"https:\/\/www.leili-motor.net\/fr\/\"},{\"@type\":\"ListItem\",\"position\":2,\"name\":\"Produits\",\"item\":\"https:\/\/www.leili-motor.net\/fr\/produits\/\"},{\"@type\":\"ListItem\",\"position\":3,\"name\":\"Micro Moteur \u00e0 balais CC RS-5412SA\"}]},{\"@type\":\"WebSite\",\"@id\":\"https:\/\/www.leili-motor.net\/fr\/#website\",\"url\":\"https:\/\/www.leili-motor.net\/fr\/\",\"name\":\"Leili Motor\",\"description\":\"\",\"publisher\":{\"@id\":\"https:\/\/www.leili-motor.net\/fr\/#organization\"},\"potentialAction\":[{\"@type\":\"SearchAction\",\"target\":{\"@type\":\"EntryPoint\",\"urlTemplate\":\"https:\/\/www.leili-motor.net\/fr\/?s={search_term_string}\"},\"query-input\":{\"@type\":\"PropertyValueSpecification\",\"valueRequired\":true,\"valueName\":\"search_term_string\"}}],\"inLanguage\":\"fr-FR\"},{\"@type\":\"Organization\",\"@id\":\"https:\/\/www.leili-motor.net\/fr\/#organization\",\"name\":\"Leili Motor\",\"url\":\"https:\/\/www.leili-motor.net\/fr\/\",\"logo\":{\"@type\":\"ImageObject\",\"inLanguage\":\"fr-FR\",\"@id\":\"https:\/\/www.leili-motor.net\/fr\/#\/schema\/logo\/image\/\",\"url\":\"https:\/\/www.leili-motor.net\/wp-content\/uploads\/2025\/03\/Leili-Motor.png\",\"contentUrl\":\"https:\/\/www.leili-motor.net\/wp-content\/uploads\/2025\/03\/Leili-Motor.png\",\"width\":600,\"height\":156,\"caption\":\"Leili Motor\"},\"image\":{\"@id\":\"https:\/\/www.leili-motor.net\/fr\/#\/schema\/logo\/image\/\"}}]}<\/script>\n<!-- \/ Yoast SEO plugin. -->","yoast_head_json":{"title":"Micro Moteur \u00e0 balais CC RS-5412SA &#8211; Leili Motor","description":"Le moteur \u00e0 brosse micro CC RS-5412SA, y compris les types 08130, 08256 et 1095, fonctionne \u00e0 50-250 V, garantissant une efficacit\u00e9 \u00e9lev\u00e9e et des performances stables pour les aspirateurs et les applications de pr\u00e9cision.","robots":{"index":"index","follow":"follow","max-snippet":"max-snippet:-1","max-image-preview":"max-image-preview:large","max-video-preview":"max-video-preview:-1"},"canonical":"https:\/\/www.leili-motor.net\/fr\/micro-moteur-a-balais-cc-rs-5412sa.html","schema":{"@context":"https:\/\/schema.org","@graph":[{"@type":"WebPage","@id":"https:\/\/www.leili-motor.net\/fr\/micro-moteur-a-balais-cc-rs-5412sa.html","url":"https:\/\/www.leili-motor.net\/fr\/micro-moteur-a-balais-cc-rs-5412sa.html","name":"Micro Moteur \u00e0 balais CC RS-5412SA &#8211; Leili Motor","isPartOf":{"@id":"https:\/\/www.leili-motor.net\/fr\/#website"},"primaryImageOfPage":{"@id":"https:\/\/www.leili-motor.net\/fr\/micro-moteur-a-balais-cc-rs-5412sa.html#primaryimage"},"image":{"@id":"https:\/\/www.leili-motor.net\/fr\/micro-moteur-a-balais-cc-rs-5412sa.html#primaryimage"},"thumbnailUrl":"https:\/\/www.leili-motor.net\/wp-content\/uploads\/2025\/03\/RS-5412SA-Micro-DC-Brush-Motor.webp","datePublished":"2025-03-06T02:55:31+00:00","description":"Le moteur \u00e0 brosse micro CC RS-5412SA, y compris les types 08130, 08256 et 1095, fonctionne \u00e0 50-250 V, garantissant une efficacit\u00e9 \u00e9lev\u00e9e et des performances stables pour les aspirateurs et les applications de pr\u00e9cision.","breadcrumb":{"@id":"https:\/\/www.leili-motor.net\/fr\/micro-moteur-a-balais-cc-rs-5412sa.html#breadcrumb"},"inLanguage":"fr-FR","potentialAction":[{"@type":"ReadAction","target":["https:\/\/www.leili-motor.net\/fr\/micro-moteur-a-balais-cc-rs-5412sa.html"]}]},{"@type":"ImageObject","inLanguage":"fr-FR","@id":"https:\/\/www.leili-motor.net\/fr\/micro-moteur-a-balais-cc-rs-5412sa.html#primaryimage","url":"https:\/\/www.leili-motor.net\/wp-content\/uploads\/2025\/03\/RS-5412SA-Micro-DC-Brush-Motor.webp","contentUrl":"https:\/\/www.leili-motor.net\/wp-content\/uploads\/2025\/03\/RS-5412SA-Micro-DC-Brush-Motor.webp","width":454,"height":310,"caption":"Micro-moteur \u00e0 balais CC RS-5412SA"},{"@type":"BreadcrumbList","@id":"https:\/\/www.leili-motor.net\/fr\/micro-moteur-a-balais-cc-rs-5412sa.html#breadcrumb","itemListElement":[{"@type":"ListItem","position":1,"name":"Home","item":"https:\/\/www.leili-motor.net\/fr\/"},{"@type":"ListItem","position":2,"name":"Produits","item":"https:\/\/www.leili-motor.net\/fr\/produits\/"},{"@type":"ListItem","position":3,"name":"Micro Moteur \u00e0 balais CC RS-5412SA"}]},{"@type":"WebSite","@id":"https:\/\/www.leili-motor.net\/fr\/#website","url":"https:\/\/www.leili-motor.net\/fr\/","name":"Leili Motor","description":"","publisher":{"@id":"https:\/\/www.leili-motor.net\/fr\/#organization"},"potentialAction":[{"@type":"SearchAction","target":{"@type":"EntryPoint","urlTemplate":"https:\/\/www.leili-motor.net\/fr\/?s={search_term_string}"},"query-input":{"@type":"PropertyValueSpecification","valueRequired":true,"valueName":"search_term_string"}}],"inLanguage":"fr-FR"},{"@type":"Organization","@id":"https:\/\/www.leili-motor.net\/fr\/#organization","name":"Leili Motor","url":"https:\/\/www.leili-motor.net\/fr\/","logo":{"@type":"ImageObject","inLanguage":"fr-FR","@id":"https:\/\/www.leili-motor.net\/fr\/#\/schema\/logo\/image\/","url":"https:\/\/www.leili-motor.net\/wp-content\/uploads\/2025\/03\/Leili-Motor.png","contentUrl":"https:\/\/www.leili-motor.net\/wp-content\/uploads\/2025\/03\/Leili-Motor.png","width":600,"height":156,"caption":"Leili Motor"},"image":{"@id":"https:\/\/www.leili-motor.net\/fr\/#\/schema\/logo\/image\/"}}]}},"_links":{"self":[{"href":"https:\/\/www.leili-motor.net\/fr\/wp-json\/wp\/v2\/product\/11100","targetHints":{"allow":["GET"]}}],"collection":[{"href":"https:\/\/www.leili-motor.net\/fr\/wp-json\/wp\/v2\/product"}],"about":[{"href":"https:\/\/www.leili-motor.net\/fr\/wp-json\/wp\/v2\/types\/product"}],"replies":[{"embeddable":true,"href":"https:\/\/www.leili-motor.net\/fr\/wp-json\/wp\/v2\/comments?post=11100"}],"wp:featuredmedia":[{"embeddable":true,"href":"https:\/\/www.leili-motor.net\/fr\/wp-json\/wp\/v2\/media\/11101"}],"wp:attachment":[{"href":"https:\/\/www.leili-motor.net\/fr\/wp-json\/wp\/v2\/media?parent=11100"}],"wp:term":[{"taxonomy":"product_brand","embeddable":true,"href":"https:\/\/www.leili-motor.net\/fr\/wp-json\/wp\/v2\/product_brand?post=11100"},{"taxonomy":"product_cat","embeddable":true,"href":"https:\/\/www.leili-motor.net\/fr\/wp-json\/wp\/v2\/product_cat?post=11100"},{"taxonomy":"product_tag","embeddable":true,"href":"https:\/\/www.leili-motor.net\/fr\/wp-json\/wp\/v2\/product_tag?post=11100"}],"curies":[{"name":"wp","href":"https:\/\/api.w.org\/{rel}","templated":true}]}}