{"id":11116,"date":"2025-03-06T10:25:32","date_gmt":"2025-03-06T02:25:32","guid":{"rendered":"https:\/\/www.leili-motor.net\/moteur-a-balais-micro-cc-rs-775sh\/"},"modified":"2025-03-06T10:25:32","modified_gmt":"2025-03-06T02:25:32","slug":"moteur-a-balais-micro-cc-rs-775sh","status":"publish","type":"product","link":"https:\/\/www.leili-motor.net\/fr\/moteur-a-balais-micro-cc-rs-775sh.html","title":{"rendered":"Moteur \u00e0 Balais Micro CC RS-775SH"},"content":{"rendered":"<h2>Param\u00e8tres du produit<\/h2>\n<table>\n<tbody>\n<tr>\n<td colspan=\"2\">Type de moteur<\/td>\n<td colspan=\"2\">Tension<\/td>\n<td colspan=\"2\"> D\u00e9charg\u00e9<\/td>\n<td colspan=\"5\"> \u00c0 une efficacit\u00e9 maximale<\/td>\n<td colspan=\"3\"> Rotor bloqu\u00e9<\/td>\n<\/tr>\n<tr>\n<td colspan=\"2\"><\/td>\n<td>Plage de fonctionnement (V)<\/td>\n<td>Nominale<\/p>\n<p>(V)<\/td>\n<td>Vitesse<br \/>\n(tr\/min)<\/td>\n<td>Courant \u00e9lectrique (A)<\/td>\n<td>Vitesse<br \/>\n(tr\/min)<\/td>\n<td>Courant \u00e9lectrique (A)<\/td>\n<td>Couple (mN.m)<\/td>\n<td>Couple (g.cm)<\/td>\n<td>Puissance (W)<\/td>\n<td>Couple (mN.m)<\/td>\n<td>Couple (g.cm)<\/td>\n<td>Courant \u00e9lectrique<\/p>\n<p>(A)<\/td>\n<\/tr>\n<tr>\n<td>RS-775SH<\/td>\n<td>3159<\/td>\n<td>6-25<\/td>\n<td>12<\/td>\n<td>3300<\/td>\n<td>0.315<\/td>\n<td>2713<\/td>\n<td>1.40<\/td>\n<td>38.60<\/td>\n<td>393.9<\/td>\n<td>11<\/td>\n<td>208.24<\/td>\n<td>2124.9<\/td>\n<td>6.10<\/td>\n<\/tr>\n<tr>\n<td>RS-775SH<\/td>\n<td>2783<\/td>\n<td>6-30<\/td>\n<td>24<\/td>\n<td>4300<\/td>\n<td>0.20<\/td>\n<td>3550<\/td>\n<td>0.93<\/td>\n<td>49.00<\/td>\n<td>500<\/td>\n<td>18.217<\/td>\n<td>281.1<\/td>\n<td>2868.367<\/td>\n<td>4.48<\/td>\n<\/tr>\n<\/tbody>\n<\/table>\n<h2>Dimension m\u00e9canique : mm<\/h2>\n<p><img fetchpriority=\"high\" decoding=\"async\" class=\"size-full wp-image-701 aligncenter\" src=\"https:\/\/www.leili-motor.net\/wp-content\/uploads\/2025\/03\/Mechanical-dimension-for-RS-775SH-Micro-DC-Brush-Motor.webp\" alt=\"Dimensions m\u00e9caniques du micro-moteur \u00e0 balais CC RS-775SH\" width=\"795\" height=\"244\" srcset=\"https:\/\/www.leili-motor.net\/wp-content\/uploads\/2025\/03\/Mechanical-dimension-for-RS-775SH-Micro-DC-Brush-Motor.webp 795w, https:\/\/www.leili-motor.net\/wp-content\/uploads\/2025\/03\/Mechanical-dimension-for-RS-775SH-Micro-DC-Brush-Motor-300x92.webp 300w, https:\/\/www.leili-motor.net\/wp-content\/uploads\/2025\/03\/Mechanical-dimension-for-RS-775SH-Micro-DC-Brush-Motor-768x236.webp 768w, https:\/\/www.leili-motor.net\/wp-content\/uploads\/2025\/03\/Mechanical-dimension-for-RS-775SH-Micro-DC-Brush-Motor-600x184.webp 600w\" sizes=\"(max-width: 795px) 100vw, 795px\" \/><\/p>\n<h2>Courbes de performance<\/h2>\n<p><img decoding=\"async\" class=\"size-full wp-image-702 aligncenter\" src=\"https:\/\/www.leili-motor.net\/wp-content\/uploads\/2025\/03\/Performance-Curves-for-RS-775SH-Micro-DC-Brush-Motor.webp\" alt=\"Courbes de performance du micro-moteur \u00e0 balais CC RS-775SH\" width=\"759\" height=\"275\" srcset=\"https:\/\/www.leili-motor.net\/wp-content\/uploads\/2025\/03\/Performance-Curves-for-RS-775SH-Micro-DC-Brush-Motor.webp 759w, https:\/\/www.leili-motor.net\/wp-content\/uploads\/2025\/03\/Performance-Curves-for-RS-775SH-Micro-DC-Brush-Motor-300x109.webp 300w, https:\/\/www.leili-motor.net\/wp-content\/uploads\/2025\/03\/Performance-Curves-for-RS-775SH-Micro-DC-Brush-Motor-600x217.webp 600w\" sizes=\"(max-width: 759px) 100vw, 759px\" \/><\/p>\n","protected":false},"excerpt":{"rendered":"<h3>Pr\u00e9sentation du produit<\/h3>\n<ul>\n<li>RS-775SH 3159 : Fonctionne \u00e0 6-25 V, 3 300 tr\/min \u00e0 vide, 2 713 tr\/min \u00e0 efficacit\u00e9 maximale, couple de 38,6 mN\u00b7m.<\/li>\n<li>RS-775SH 2783 : Fonctionne sur 6-30 V, 4 300 tr\/min \u00e0 vide, 3 550 tr\/min \u00e0 efficacit\u00e9 maximale, couple de 49 mN\u00b7m.<\/li>\n<li>Performances polyvalentes : moteur \u00e0 micro-brosse CC \u00e0 haute efficacit\u00e9, id\u00e9al pour diverses applications n\u00e9cessitant une sortie stable.<\/li>\n<\/ul>\n<h3>Application du produit<\/h3>\n<ul>\n<li>Appareil : Purificateur d&rsquo;eau<\/li>\n<\/ul>\n","protected":false},"featured_media":11117,"comment_status":"open","ping_status":"closed","template":"","meta":{"site-sidebar-layout":"default","site-content-layout":"","ast-site-content-layout":"default","site-content-style":"default","site-sidebar-style":"default","ast-global-header-display":"","ast-banner-title-visibility":"","ast-main-header-display":"","ast-hfb-above-header-display":"","ast-hfb-below-header-display":"","ast-hfb-mobile-header-display":"","site-post-title":"","ast-breadcrumbs-content":"","ast-featured-img":"","footer-sml-layout":"","theme-transparent-header-meta":"default","adv-header-id-meta":"","stick-header-meta":"","header-above-stick-meta":"","header-main-stick-meta":"","header-below-stick-meta":"","astra-migrate-meta-layouts":"default","ast-page-background-enabled":"default","ast-page-background-meta":{"desktop":{"background-color":"var(--ast-global-color-5)","background-image":"","background-repeat":"repeat","background-position":"center center","background-size":"auto","background-attachment":"scroll","background-type":"","background-media":"","overlay-type":"","overlay-color":"","overlay-opacity":"","overlay-gradient":""},"tablet":{"background-color":"","background-image":"","background-repeat":"repeat","background-position":"center center","background-size":"auto","background-attachment":"scroll","background-type":"","background-media":"","overlay-type":"","overlay-color":"","overlay-opacity":"","overlay-gradient":""},"mobile":{"background-color":"","background-image":"","background-repeat":"repeat","background-position":"center center","background-size":"auto","background-attachment":"scroll","background-type":"","background-media":"","overlay-type":"","overlay-color":"","overlay-opacity":"","overlay-gradient":""}},"ast-content-background-meta":{"desktop":{"background-color":"var(--ast-global-color-4)","background-image":"","background-repeat":"repeat","background-position":"center center","background-size":"auto","background-attachment":"scroll","background-type":"","background-media":"","overlay-type":"","overlay-color":"","overlay-opacity":"","overlay-gradient":""},"tablet":{"background-color":"var(--ast-global-color-4)","background-image":"","background-repeat":"repeat","background-position":"center center","background-size":"auto","background-attachment":"scroll","background-type":"","background-media":"","overlay-type":"","overlay-color":"","overlay-opacity":"","overlay-gradient":""},"mobile":{"background-color":"var(--ast-global-color-4)","background-image":"","background-repeat":"repeat","background-position":"center center","background-size":"auto","background-attachment":"scroll","background-type":"","background-media":"","overlay-type":"","overlay-color":"","overlay-opacity":"","overlay-gradient":""}}},"product_brand":[],"product_cat":[1168,1191],"product_tag":[1170],"class_list":{"0":"post-11116","1":"product","2":"type-product","3":"status-publish","4":"has-post-thumbnail","6":"product_cat-moteur-a-balais-a-courant-continu","7":"product_cat-micro-moteur-a-balais-a-courant-continu","8":"product_tag-appareils-electromenagers-autres-moteur-a-balais-cc","9":"pa_application-appareil-electromenager","10":"pa_dc-brush-no-load-current-plus-de-03","11":"pa_dc-brush-no-load-speed-3000-10000-fr","12":"desktop-align-left","13":"tablet-align-left","14":"mobile-align-left","16":"first","17":"instock","18":"shipping-taxable","19":"product-type-simple"},"yoast_head":"<!-- This site is optimized with the Yoast SEO plugin v27.2 - https:\/\/yoast.com\/product\/yoast-seo-wordpress\/ -->\n<title>Moteur \u00e0 Balais Micro CC RS-775SH &#8211; Leili Motor<\/title>\n<meta name=\"description\" content=\"Le moteur \u00e0 balais micro CC RS-775SH, y compris les types 3159 et 2783, fonctionne \u00e0 6-30 V avec un rendement \u00e9lev\u00e9, garantissant des performances stables pour les purificateurs d&#039;eau et autres applications.\" \/>\n<meta name=\"robots\" content=\"index, follow, max-snippet:-1, max-image-preview:large, max-video-preview:-1\" \/>\n<link rel=\"canonical\" href=\"https:\/\/www.leili-motor.net\/fr\/moteur-a-balais-micro-cc-rs-775sh.html\" \/>\n<script type=\"application\/ld+json\" class=\"yoast-schema-graph\">{\"@context\":\"https:\/\/schema.org\",\"@graph\":[{\"@type\":\"WebPage\",\"@id\":\"https:\/\/www.leili-motor.net\/fr\/moteur-a-balais-micro-cc-rs-775sh.html\",\"url\":\"https:\/\/www.leili-motor.net\/fr\/moteur-a-balais-micro-cc-rs-775sh.html\",\"name\":\"Moteur \u00e0 Balais Micro CC RS-775SH &#8211; Leili Motor\",\"isPartOf\":{\"@id\":\"https:\/\/www.leili-motor.net\/fr\/#website\"},\"primaryImageOfPage\":{\"@id\":\"https:\/\/www.leili-motor.net\/fr\/moteur-a-balais-micro-cc-rs-775sh.html#primaryimage\"},\"image\":{\"@id\":\"https:\/\/www.leili-motor.net\/fr\/moteur-a-balais-micro-cc-rs-775sh.html#primaryimage\"},\"thumbnailUrl\":\"https:\/\/www.leili-motor.net\/wp-content\/uploads\/2025\/03\/RS-775SH-Micro-DC-Brush-Motor.webp\",\"datePublished\":\"2025-03-06T02:25:32+00:00\",\"description\":\"Le moteur \u00e0 balais micro CC RS-775SH, y compris les types 3159 et 2783, fonctionne \u00e0 6-30 V avec un rendement \u00e9lev\u00e9, garantissant des performances stables pour les purificateurs d'eau et autres applications.\",\"breadcrumb\":{\"@id\":\"https:\/\/www.leili-motor.net\/fr\/moteur-a-balais-micro-cc-rs-775sh.html#breadcrumb\"},\"inLanguage\":\"fr-FR\",\"potentialAction\":[{\"@type\":\"ReadAction\",\"target\":[\"https:\/\/www.leili-motor.net\/fr\/moteur-a-balais-micro-cc-rs-775sh.html\"]}]},{\"@type\":\"ImageObject\",\"inLanguage\":\"fr-FR\",\"@id\":\"https:\/\/www.leili-motor.net\/fr\/moteur-a-balais-micro-cc-rs-775sh.html#primaryimage\",\"url\":\"https:\/\/www.leili-motor.net\/wp-content\/uploads\/2025\/03\/RS-775SH-Micro-DC-Brush-Motor.webp\",\"contentUrl\":\"https:\/\/www.leili-motor.net\/wp-content\/uploads\/2025\/03\/RS-775SH-Micro-DC-Brush-Motor.webp\",\"width\":454,\"height\":310,\"caption\":\"Moteur \u00e0 balais micro-CC RS-775SH\"},{\"@type\":\"BreadcrumbList\",\"@id\":\"https:\/\/www.leili-motor.net\/fr\/moteur-a-balais-micro-cc-rs-775sh.html#breadcrumb\",\"itemListElement\":[{\"@type\":\"ListItem\",\"position\":1,\"name\":\"Home\",\"item\":\"https:\/\/www.leili-motor.net\/fr\/\"},{\"@type\":\"ListItem\",\"position\":2,\"name\":\"Produits\",\"item\":\"https:\/\/www.leili-motor.net\/fr\/produits\/\"},{\"@type\":\"ListItem\",\"position\":3,\"name\":\"Moteur \u00e0 Balais Micro CC RS-775SH\"}]},{\"@type\":\"WebSite\",\"@id\":\"https:\/\/www.leili-motor.net\/fr\/#website\",\"url\":\"https:\/\/www.leili-motor.net\/fr\/\",\"name\":\"Leili Motor\",\"description\":\"\",\"publisher\":{\"@id\":\"https:\/\/www.leili-motor.net\/fr\/#organization\"},\"potentialAction\":[{\"@type\":\"SearchAction\",\"target\":{\"@type\":\"EntryPoint\",\"urlTemplate\":\"https:\/\/www.leili-motor.net\/fr\/?s={search_term_string}\"},\"query-input\":{\"@type\":\"PropertyValueSpecification\",\"valueRequired\":true,\"valueName\":\"search_term_string\"}}],\"inLanguage\":\"fr-FR\"},{\"@type\":\"Organization\",\"@id\":\"https:\/\/www.leili-motor.net\/fr\/#organization\",\"name\":\"Leili Motor\",\"url\":\"https:\/\/www.leili-motor.net\/fr\/\",\"logo\":{\"@type\":\"ImageObject\",\"inLanguage\":\"fr-FR\",\"@id\":\"https:\/\/www.leili-motor.net\/fr\/#\/schema\/logo\/image\/\",\"url\":\"https:\/\/www.leili-motor.net\/wp-content\/uploads\/2025\/03\/Leili-Motor.png\",\"contentUrl\":\"https:\/\/www.leili-motor.net\/wp-content\/uploads\/2025\/03\/Leili-Motor.png\",\"width\":600,\"height\":156,\"caption\":\"Leili Motor\"},\"image\":{\"@id\":\"https:\/\/www.leili-motor.net\/fr\/#\/schema\/logo\/image\/\"}}]}<\/script>\n<!-- \/ Yoast SEO plugin. -->","yoast_head_json":{"title":"Moteur \u00e0 Balais Micro CC RS-775SH &#8211; Leili Motor","description":"Le moteur \u00e0 balais micro CC RS-775SH, y compris les types 3159 et 2783, fonctionne \u00e0 6-30 V avec un rendement \u00e9lev\u00e9, garantissant des performances stables pour les purificateurs d'eau et autres applications.","robots":{"index":"index","follow":"follow","max-snippet":"max-snippet:-1","max-image-preview":"max-image-preview:large","max-video-preview":"max-video-preview:-1"},"canonical":"https:\/\/www.leili-motor.net\/fr\/moteur-a-balais-micro-cc-rs-775sh.html","schema":{"@context":"https:\/\/schema.org","@graph":[{"@type":"WebPage","@id":"https:\/\/www.leili-motor.net\/fr\/moteur-a-balais-micro-cc-rs-775sh.html","url":"https:\/\/www.leili-motor.net\/fr\/moteur-a-balais-micro-cc-rs-775sh.html","name":"Moteur \u00e0 Balais Micro CC RS-775SH &#8211; Leili Motor","isPartOf":{"@id":"https:\/\/www.leili-motor.net\/fr\/#website"},"primaryImageOfPage":{"@id":"https:\/\/www.leili-motor.net\/fr\/moteur-a-balais-micro-cc-rs-775sh.html#primaryimage"},"image":{"@id":"https:\/\/www.leili-motor.net\/fr\/moteur-a-balais-micro-cc-rs-775sh.html#primaryimage"},"thumbnailUrl":"https:\/\/www.leili-motor.net\/wp-content\/uploads\/2025\/03\/RS-775SH-Micro-DC-Brush-Motor.webp","datePublished":"2025-03-06T02:25:32+00:00","description":"Le moteur \u00e0 balais micro CC RS-775SH, y compris les types 3159 et 2783, fonctionne \u00e0 6-30 V avec un rendement \u00e9lev\u00e9, garantissant des performances stables pour les purificateurs d'eau et autres applications.","breadcrumb":{"@id":"https:\/\/www.leili-motor.net\/fr\/moteur-a-balais-micro-cc-rs-775sh.html#breadcrumb"},"inLanguage":"fr-FR","potentialAction":[{"@type":"ReadAction","target":["https:\/\/www.leili-motor.net\/fr\/moteur-a-balais-micro-cc-rs-775sh.html"]}]},{"@type":"ImageObject","inLanguage":"fr-FR","@id":"https:\/\/www.leili-motor.net\/fr\/moteur-a-balais-micro-cc-rs-775sh.html#primaryimage","url":"https:\/\/www.leili-motor.net\/wp-content\/uploads\/2025\/03\/RS-775SH-Micro-DC-Brush-Motor.webp","contentUrl":"https:\/\/www.leili-motor.net\/wp-content\/uploads\/2025\/03\/RS-775SH-Micro-DC-Brush-Motor.webp","width":454,"height":310,"caption":"Moteur \u00e0 balais micro-CC RS-775SH"},{"@type":"BreadcrumbList","@id":"https:\/\/www.leili-motor.net\/fr\/moteur-a-balais-micro-cc-rs-775sh.html#breadcrumb","itemListElement":[{"@type":"ListItem","position":1,"name":"Home","item":"https:\/\/www.leili-motor.net\/fr\/"},{"@type":"ListItem","position":2,"name":"Produits","item":"https:\/\/www.leili-motor.net\/fr\/produits\/"},{"@type":"ListItem","position":3,"name":"Moteur \u00e0 Balais Micro CC RS-775SH"}]},{"@type":"WebSite","@id":"https:\/\/www.leili-motor.net\/fr\/#website","url":"https:\/\/www.leili-motor.net\/fr\/","name":"Leili Motor","description":"","publisher":{"@id":"https:\/\/www.leili-motor.net\/fr\/#organization"},"potentialAction":[{"@type":"SearchAction","target":{"@type":"EntryPoint","urlTemplate":"https:\/\/www.leili-motor.net\/fr\/?s={search_term_string}"},"query-input":{"@type":"PropertyValueSpecification","valueRequired":true,"valueName":"search_term_string"}}],"inLanguage":"fr-FR"},{"@type":"Organization","@id":"https:\/\/www.leili-motor.net\/fr\/#organization","name":"Leili Motor","url":"https:\/\/www.leili-motor.net\/fr\/","logo":{"@type":"ImageObject","inLanguage":"fr-FR","@id":"https:\/\/www.leili-motor.net\/fr\/#\/schema\/logo\/image\/","url":"https:\/\/www.leili-motor.net\/wp-content\/uploads\/2025\/03\/Leili-Motor.png","contentUrl":"https:\/\/www.leili-motor.net\/wp-content\/uploads\/2025\/03\/Leili-Motor.png","width":600,"height":156,"caption":"Leili Motor"},"image":{"@id":"https:\/\/www.leili-motor.net\/fr\/#\/schema\/logo\/image\/"}}]}},"_links":{"self":[{"href":"https:\/\/www.leili-motor.net\/fr\/wp-json\/wp\/v2\/product\/11116","targetHints":{"allow":["GET"]}}],"collection":[{"href":"https:\/\/www.leili-motor.net\/fr\/wp-json\/wp\/v2\/product"}],"about":[{"href":"https:\/\/www.leili-motor.net\/fr\/wp-json\/wp\/v2\/types\/product"}],"replies":[{"embeddable":true,"href":"https:\/\/www.leili-motor.net\/fr\/wp-json\/wp\/v2\/comments?post=11116"}],"wp:featuredmedia":[{"embeddable":true,"href":"https:\/\/www.leili-motor.net\/fr\/wp-json\/wp\/v2\/media\/11117"}],"wp:attachment":[{"href":"https:\/\/www.leili-motor.net\/fr\/wp-json\/wp\/v2\/media?parent=11116"}],"wp:term":[{"taxonomy":"product_brand","embeddable":true,"href":"https:\/\/www.leili-motor.net\/fr\/wp-json\/wp\/v2\/product_brand?post=11116"},{"taxonomy":"product_cat","embeddable":true,"href":"https:\/\/www.leili-motor.net\/fr\/wp-json\/wp\/v2\/product_cat?post=11116"},{"taxonomy":"product_tag","embeddable":true,"href":"https:\/\/www.leili-motor.net\/fr\/wp-json\/wp\/v2\/product_tag?post=11116"}],"curies":[{"name":"wp","href":"https:\/\/api.w.org\/{rel}","templated":true}]}}