{"id":11120,"date":"2025-03-05T14:34:50","date_gmt":"2025-03-05T06:34:50","guid":{"rendered":"https:\/\/www.leili-motor.net\/moteur-pas-a-pas-a-engrenages-24byj48\/"},"modified":"2025-03-05T14:34:50","modified_gmt":"2025-03-05T06:34:50","slug":"moteur-pas-a-pas-a-engrenages-24byj48","status":"publish","type":"product","link":"https:\/\/www.leili-motor.net\/fr\/moteur-pas-a-pas-a-engrenages-24byj48.html","title":{"rendered":"Moteur pas \u00e0 pas \u00e0 engrenages 24BYJ48"},"content":{"rendered":"<h2>Param\u00e8tres de performance<\/h2>\n<table>\n<tbody>\n<tr>\n<td>Type de moteur<\/td>\n<td>Tension<\/td>\n<td>R\u00e9sistance<\/td>\n<td>Fr\u00e9quence<\/td>\n<td>Couple d&rsquo;attraction<\/td>\n<td>Couple de d\u00e9tente<\/td>\n<td>Fr\u00e9quence d&rsquo;attraction \u00e0 vide<\/td>\n<td>Fr\u00e9quence de d\u00e9crochage \u00e0 vide<\/td>\n<td>\u00c9l\u00e9vation de temp\u00e9rature<\/td>\n<td>Bruit<\/td>\n<td>Angle de pas<\/td>\n<td>Classe d&rsquo;isolation<\/td>\n<\/tr>\n<tr>\n<td><\/td>\n<td>(V)<\/td>\n<td>(\u03a9)<\/td>\n<td>(PPS)<\/td>\n<td>(mN.m)<\/td>\n<td>(mN.m)<\/td>\n<td>(PPS)<\/td>\n<td>(PPS)<\/td>\n<td>K<\/td>\n<td>(A)<\/td>\n<td>(1-2 phases)<\/td>\n<td><\/td>\n<\/tr>\n<tr>\n<td rowspan=\"6\">24BYJ48<\/td>\n<td>5<\/td>\n<td>60<\/td>\n<td>100<\/td>\n<td>\u226529.4<\/td>\n<td>\u226529.4<\/td>\n<td>\u2265500<\/td>\n<td>\u2265900<\/td>\n<td>\u226440<\/td>\n<td>\u226440<\/td>\n<td rowspan=\"5\">5.625\u00b0\/64<\/td>\n<td rowspan=\"2\">E<\/td>\n<\/tr>\n<tr>\n<td>12<\/td>\n<td>200<\/td>\n<td>100<\/td>\n<td>\u226529.4<\/td>\n<td>\u226529.4<\/td>\n<td>\u2265500<\/td>\n<td>\u2265900<\/td>\n<td>\u226440<\/td>\n<td>\u226440<\/td>\n<\/tr>\n<tr>\n<td>12<\/td>\n<td>250<\/td>\n<td>100<\/td>\n<td>\u226529.4<\/td>\n<td>\u226529.4<\/td>\n<td>\u2265500<\/td>\n<td>\u2265900<\/td>\n<td>\u226440<\/td>\n<td>\u226440<\/td>\n<td><\/td>\n<\/tr>\n<tr>\n<td>12<\/td>\n<td>300<\/td>\n<td>100<\/td>\n<td>\u226529.4<\/td>\n<td>\u226529.4<\/td>\n<td>\u2265500<\/td>\n<td>\u2265900<\/td>\n<td>\u226440<\/td>\n<td>\u226440<\/td>\n<td><\/td>\n<\/tr>\n<tr>\n<td>12<\/td>\n<td>300<\/td>\n<td>100<\/td>\n<td>\u226558.8<\/td>\n<td>\u226529.4<\/td>\n<td>\u2265500<\/td>\n<td>\u2265900<\/td>\n<td>\u226440<\/td>\n<td>\u226440<\/td>\n<td><\/td>\n<\/tr>\n<tr>\n<td>12<\/td>\n<td>200<\/td>\n<td>100<\/td>\n<td>\u22659.8<\/td>\n<td>\u22657.35<\/td>\n<td>\u2265300<\/td>\n<td>\u2265600<\/td>\n<td>\u226440<\/td>\n<td>\u226440<\/td>\n<td>5.625\u00b0\/16<\/td>\n<td><\/td>\n<\/tr>\n<\/tbody>\n<\/table>\n<h2>Dimension m\u00e9canique : mm<\/h2>\n<p><img fetchpriority=\"high\" decoding=\"async\" class=\"size-full wp-image-368 aligncenter\" src=\"https:\/\/www.leili-motor.net\/wp-content\/uploads\/2025\/03\/Mechanical-Dimension-for-24BYJ48-Geared-stepper-motor.webp\" alt=\"Dimensions m\u00e9caniques du moteur pas \u00e0 pas \u00e0 engrenages 24BYJ48\" width=\"759\" height=\"562\" srcset=\"https:\/\/www.leili-motor.net\/wp-content\/uploads\/2025\/03\/Mechanical-Dimension-for-24BYJ48-Geared-stepper-motor.webp 759w, https:\/\/www.leili-motor.net\/wp-content\/uploads\/2025\/03\/Mechanical-Dimension-for-24BYJ48-Geared-stepper-motor-300x222.webp 300w, https:\/\/www.leili-motor.net\/wp-content\/uploads\/2025\/03\/Mechanical-Dimension-for-24BYJ48-Geared-stepper-motor-600x444.webp 600w\" sizes=\"(max-width: 759px) 100vw, 759px\" \/><\/p>\n","protected":false},"excerpt":{"rendered":"<h3>Pr\u00e9sentation du produit<\/h3>\n<ul>\n<li>Mod\u00e8le : 24BYJ48<\/li>\n<li>Avec le m\u00eame nombre de p\u00f4les que le stator, le rotor est compos\u00e9 d&rsquo;un mat\u00e9riau magn\u00e9tique permanent.<\/li>\n<li>Pr\u00e9sente d&rsquo;excellentes performances dynamiques et un couple de sortie \u00e9lev\u00e9.<\/li>\n<\/ul>\n<h3>Application du produit<\/h3>\n<ul>\n<li>Appareils \u00e9lectrom\u00e9nagers : climatiseur, r\u00e9frig\u00e9rateur, toilettes intelligentes, projecteur, purificateur d&rsquo;air, ventilateur \u00e9lectrique, ventilateur, etc.<\/li>\n<li>Contr\u00f4le industriel : surveillance<\/li>\n<\/ul>\n","protected":false},"featured_media":11121,"comment_status":"open","ping_status":"closed","template":"","meta":{"site-sidebar-layout":"default","site-content-layout":"","ast-site-content-layout":"default","site-content-style":"default","site-sidebar-style":"default","ast-global-header-display":"","ast-banner-title-visibility":"","ast-main-header-display":"","ast-hfb-above-header-display":"","ast-hfb-below-header-display":"","ast-hfb-mobile-header-display":"","site-post-title":"","ast-breadcrumbs-content":"","ast-featured-img":"","footer-sml-layout":"","theme-transparent-header-meta":"default","adv-header-id-meta":"","stick-header-meta":"","header-above-stick-meta":"","header-main-stick-meta":"","header-below-stick-meta":"","astra-migrate-meta-layouts":"default","ast-page-background-enabled":"default","ast-page-background-meta":{"desktop":{"background-color":"var(--ast-global-color-5)","background-image":"","background-repeat":"repeat","background-position":"center center","background-size":"auto","background-attachment":"scroll","background-type":"","background-media":"","overlay-type":"","overlay-color":"","overlay-opacity":"","overlay-gradient":""},"tablet":{"background-color":"","background-image":"","background-repeat":"repeat","background-position":"center center","background-size":"auto","background-attachment":"scroll","background-type":"","background-media":"","overlay-type":"","overlay-color":"","overlay-opacity":"","overlay-gradient":""},"mobile":{"background-color":"","background-image":"","background-repeat":"repeat","background-position":"center center","background-size":"auto","background-attachment":"scroll","background-type":"","background-media":"","overlay-type":"","overlay-color":"","overlay-opacity":"","overlay-gradient":""}},"ast-content-background-meta":{"desktop":{"background-color":"var(--ast-global-color-4)","background-image":"","background-repeat":"repeat","background-position":"center center","background-size":"auto","background-attachment":"scroll","background-type":"","background-media":"","overlay-type":"","overlay-color":"","overlay-opacity":"","overlay-gradient":""},"tablet":{"background-color":"var(--ast-global-color-4)","background-image":"","background-repeat":"repeat","background-position":"center center","background-size":"auto","background-attachment":"scroll","background-type":"","background-media":"","overlay-type":"","overlay-color":"","overlay-opacity":"","overlay-gradient":""},"mobile":{"background-color":"var(--ast-global-color-4)","background-image":"","background-repeat":"repeat","background-position":"center center","background-size":"auto","background-attachment":"scroll","background-type":"","background-media":"","overlay-type":"","overlay-color":"","overlay-opacity":"","overlay-gradient":""}}},"product_brand":[],"product_cat":[1210,1211],"product_tag":[1220,1134,1230],"class_list":{"0":"post-11120","1":"product","2":"type-product","3":"status-publish","4":"has-post-thumbnail","6":"product_cat-moteur-pas-a-pas","7":"product_cat-moteur-pas-a-pas-a-engrenages","8":"product_tag-appareils-electromenagers-autres-moteur-pas-a-pas","9":"product_tag-refrigerateur-systeme-circulatoire","10":"product_tag-sanitaires-intelligents-systeme-de-chasse-deau","11":"pa_application-appareil-electromenager","12":"pa_geared-resistance-0-100-fr","13":"pa_geared-resistance-101-200-fr","14":"desktop-align-left","15":"tablet-align-left","16":"mobile-align-left","18":"first","19":"instock","20":"shipping-taxable","21":"product-type-simple"},"yoast_head":"<!-- This site is optimized with the Yoast SEO plugin v27.2 - https:\/\/yoast.com\/product\/yoast-seo-wordpress\/ -->\n<title>Moteur pas \u00e0 pas \u00e0 engrenages 24BYJ48 &#8211; Leili Motor<\/title>\n<meta name=\"description\" content=\"Le moteur pas \u00e0 pas \u00e0 engrenages 24BYJ48 fonctionne \u00e0 5-12 V avec une r\u00e9sistance de 60-300 \u03a9, garantissant un contr\u00f4le pr\u00e9cis, un couple \u00e9lev\u00e9 et un mouvement fluide pour les applications d&#039;automatisation et de robotique.\" \/>\n<meta name=\"robots\" content=\"index, follow, max-snippet:-1, max-image-preview:large, max-video-preview:-1\" \/>\n<link rel=\"canonical\" href=\"https:\/\/www.leili-motor.net\/fr\/moteur-pas-a-pas-a-engrenages-24byj48.html\" \/>\n<script type=\"application\/ld+json\" class=\"yoast-schema-graph\">{\"@context\":\"https:\/\/schema.org\",\"@graph\":[{\"@type\":\"WebPage\",\"@id\":\"https:\/\/www.leili-motor.net\/fr\/moteur-pas-a-pas-a-engrenages-24byj48.html\",\"url\":\"https:\/\/www.leili-motor.net\/fr\/moteur-pas-a-pas-a-engrenages-24byj48.html\",\"name\":\"Moteur pas \u00e0 pas \u00e0 engrenages 24BYJ48 &#8211; Leili Motor\",\"isPartOf\":{\"@id\":\"https:\/\/www.leili-motor.net\/fr\/#website\"},\"primaryImageOfPage\":{\"@id\":\"https:\/\/www.leili-motor.net\/fr\/moteur-pas-a-pas-a-engrenages-24byj48.html#primaryimage\"},\"image\":{\"@id\":\"https:\/\/www.leili-motor.net\/fr\/moteur-pas-a-pas-a-engrenages-24byj48.html#primaryimage\"},\"thumbnailUrl\":\"https:\/\/www.leili-motor.net\/wp-content\/uploads\/2025\/03\/24BYJ48-Geared-Stepper-Motor.webp\",\"datePublished\":\"2025-03-05T06:34:50+00:00\",\"description\":\"Le moteur pas \u00e0 pas \u00e0 engrenages 24BYJ48 fonctionne \u00e0 5-12 V avec une r\u00e9sistance de 60-300 \u03a9, garantissant un contr\u00f4le pr\u00e9cis, un couple \u00e9lev\u00e9 et un mouvement fluide pour les applications d'automatisation et de robotique.\",\"breadcrumb\":{\"@id\":\"https:\/\/www.leili-motor.net\/fr\/moteur-pas-a-pas-a-engrenages-24byj48.html#breadcrumb\"},\"inLanguage\":\"fr-FR\",\"potentialAction\":[{\"@type\":\"ReadAction\",\"target\":[\"https:\/\/www.leili-motor.net\/fr\/moteur-pas-a-pas-a-engrenages-24byj48.html\"]}]},{\"@type\":\"ImageObject\",\"inLanguage\":\"fr-FR\",\"@id\":\"https:\/\/www.leili-motor.net\/fr\/moteur-pas-a-pas-a-engrenages-24byj48.html#primaryimage\",\"url\":\"https:\/\/www.leili-motor.net\/wp-content\/uploads\/2025\/03\/24BYJ48-Geared-Stepper-Motor.webp\",\"contentUrl\":\"https:\/\/www.leili-motor.net\/wp-content\/uploads\/2025\/03\/24BYJ48-Geared-Stepper-Motor.webp\",\"width\":454,\"height\":310,\"caption\":\"Moteur pas \u00e0 pas \u00e0 engrenages 24BYJ48\"},{\"@type\":\"BreadcrumbList\",\"@id\":\"https:\/\/www.leili-motor.net\/fr\/moteur-pas-a-pas-a-engrenages-24byj48.html#breadcrumb\",\"itemListElement\":[{\"@type\":\"ListItem\",\"position\":1,\"name\":\"Home\",\"item\":\"https:\/\/www.leili-motor.net\/fr\/\"},{\"@type\":\"ListItem\",\"position\":2,\"name\":\"Produits\",\"item\":\"https:\/\/www.leili-motor.net\/fr\/produits\/\"},{\"@type\":\"ListItem\",\"position\":3,\"name\":\"Moteur pas \u00e0 pas \u00e0 engrenages 24BYJ48\"}]},{\"@type\":\"WebSite\",\"@id\":\"https:\/\/www.leili-motor.net\/fr\/#website\",\"url\":\"https:\/\/www.leili-motor.net\/fr\/\",\"name\":\"Leili Motor\",\"description\":\"\",\"publisher\":{\"@id\":\"https:\/\/www.leili-motor.net\/fr\/#organization\"},\"potentialAction\":[{\"@type\":\"SearchAction\",\"target\":{\"@type\":\"EntryPoint\",\"urlTemplate\":\"https:\/\/www.leili-motor.net\/fr\/?s={search_term_string}\"},\"query-input\":{\"@type\":\"PropertyValueSpecification\",\"valueRequired\":true,\"valueName\":\"search_term_string\"}}],\"inLanguage\":\"fr-FR\"},{\"@type\":\"Organization\",\"@id\":\"https:\/\/www.leili-motor.net\/fr\/#organization\",\"name\":\"Leili Motor\",\"url\":\"https:\/\/www.leili-motor.net\/fr\/\",\"logo\":{\"@type\":\"ImageObject\",\"inLanguage\":\"fr-FR\",\"@id\":\"https:\/\/www.leili-motor.net\/fr\/#\/schema\/logo\/image\/\",\"url\":\"https:\/\/www.leili-motor.net\/wp-content\/uploads\/2025\/03\/Leili-Motor.png\",\"contentUrl\":\"https:\/\/www.leili-motor.net\/wp-content\/uploads\/2025\/03\/Leili-Motor.png\",\"width\":600,\"height\":156,\"caption\":\"Leili Motor\"},\"image\":{\"@id\":\"https:\/\/www.leili-motor.net\/fr\/#\/schema\/logo\/image\/\"}}]}<\/script>\n<!-- \/ Yoast SEO plugin. -->","yoast_head_json":{"title":"Moteur pas \u00e0 pas \u00e0 engrenages 24BYJ48 &#8211; Leili Motor","description":"Le moteur pas \u00e0 pas \u00e0 engrenages 24BYJ48 fonctionne \u00e0 5-12 V avec une r\u00e9sistance de 60-300 \u03a9, garantissant un contr\u00f4le pr\u00e9cis, un couple \u00e9lev\u00e9 et un mouvement fluide pour les applications d'automatisation et de robotique.","robots":{"index":"index","follow":"follow","max-snippet":"max-snippet:-1","max-image-preview":"max-image-preview:large","max-video-preview":"max-video-preview:-1"},"canonical":"https:\/\/www.leili-motor.net\/fr\/moteur-pas-a-pas-a-engrenages-24byj48.html","schema":{"@context":"https:\/\/schema.org","@graph":[{"@type":"WebPage","@id":"https:\/\/www.leili-motor.net\/fr\/moteur-pas-a-pas-a-engrenages-24byj48.html","url":"https:\/\/www.leili-motor.net\/fr\/moteur-pas-a-pas-a-engrenages-24byj48.html","name":"Moteur pas \u00e0 pas \u00e0 engrenages 24BYJ48 &#8211; Leili Motor","isPartOf":{"@id":"https:\/\/www.leili-motor.net\/fr\/#website"},"primaryImageOfPage":{"@id":"https:\/\/www.leili-motor.net\/fr\/moteur-pas-a-pas-a-engrenages-24byj48.html#primaryimage"},"image":{"@id":"https:\/\/www.leili-motor.net\/fr\/moteur-pas-a-pas-a-engrenages-24byj48.html#primaryimage"},"thumbnailUrl":"https:\/\/www.leili-motor.net\/wp-content\/uploads\/2025\/03\/24BYJ48-Geared-Stepper-Motor.webp","datePublished":"2025-03-05T06:34:50+00:00","description":"Le moteur pas \u00e0 pas \u00e0 engrenages 24BYJ48 fonctionne \u00e0 5-12 V avec une r\u00e9sistance de 60-300 \u03a9, garantissant un contr\u00f4le pr\u00e9cis, un couple \u00e9lev\u00e9 et un mouvement fluide pour les applications d'automatisation et de robotique.","breadcrumb":{"@id":"https:\/\/www.leili-motor.net\/fr\/moteur-pas-a-pas-a-engrenages-24byj48.html#breadcrumb"},"inLanguage":"fr-FR","potentialAction":[{"@type":"ReadAction","target":["https:\/\/www.leili-motor.net\/fr\/moteur-pas-a-pas-a-engrenages-24byj48.html"]}]},{"@type":"ImageObject","inLanguage":"fr-FR","@id":"https:\/\/www.leili-motor.net\/fr\/moteur-pas-a-pas-a-engrenages-24byj48.html#primaryimage","url":"https:\/\/www.leili-motor.net\/wp-content\/uploads\/2025\/03\/24BYJ48-Geared-Stepper-Motor.webp","contentUrl":"https:\/\/www.leili-motor.net\/wp-content\/uploads\/2025\/03\/24BYJ48-Geared-Stepper-Motor.webp","width":454,"height":310,"caption":"Moteur pas \u00e0 pas \u00e0 engrenages 24BYJ48"},{"@type":"BreadcrumbList","@id":"https:\/\/www.leili-motor.net\/fr\/moteur-pas-a-pas-a-engrenages-24byj48.html#breadcrumb","itemListElement":[{"@type":"ListItem","position":1,"name":"Home","item":"https:\/\/www.leili-motor.net\/fr\/"},{"@type":"ListItem","position":2,"name":"Produits","item":"https:\/\/www.leili-motor.net\/fr\/produits\/"},{"@type":"ListItem","position":3,"name":"Moteur pas \u00e0 pas \u00e0 engrenages 24BYJ48"}]},{"@type":"WebSite","@id":"https:\/\/www.leili-motor.net\/fr\/#website","url":"https:\/\/www.leili-motor.net\/fr\/","name":"Leili Motor","description":"","publisher":{"@id":"https:\/\/www.leili-motor.net\/fr\/#organization"},"potentialAction":[{"@type":"SearchAction","target":{"@type":"EntryPoint","urlTemplate":"https:\/\/www.leili-motor.net\/fr\/?s={search_term_string}"},"query-input":{"@type":"PropertyValueSpecification","valueRequired":true,"valueName":"search_term_string"}}],"inLanguage":"fr-FR"},{"@type":"Organization","@id":"https:\/\/www.leili-motor.net\/fr\/#organization","name":"Leili Motor","url":"https:\/\/www.leili-motor.net\/fr\/","logo":{"@type":"ImageObject","inLanguage":"fr-FR","@id":"https:\/\/www.leili-motor.net\/fr\/#\/schema\/logo\/image\/","url":"https:\/\/www.leili-motor.net\/wp-content\/uploads\/2025\/03\/Leili-Motor.png","contentUrl":"https:\/\/www.leili-motor.net\/wp-content\/uploads\/2025\/03\/Leili-Motor.png","width":600,"height":156,"caption":"Leili Motor"},"image":{"@id":"https:\/\/www.leili-motor.net\/fr\/#\/schema\/logo\/image\/"}}]}},"_links":{"self":[{"href":"https:\/\/www.leili-motor.net\/fr\/wp-json\/wp\/v2\/product\/11120","targetHints":{"allow":["GET"]}}],"collection":[{"href":"https:\/\/www.leili-motor.net\/fr\/wp-json\/wp\/v2\/product"}],"about":[{"href":"https:\/\/www.leili-motor.net\/fr\/wp-json\/wp\/v2\/types\/product"}],"replies":[{"embeddable":true,"href":"https:\/\/www.leili-motor.net\/fr\/wp-json\/wp\/v2\/comments?post=11120"}],"wp:featuredmedia":[{"embeddable":true,"href":"https:\/\/www.leili-motor.net\/fr\/wp-json\/wp\/v2\/media\/11121"}],"wp:attachment":[{"href":"https:\/\/www.leili-motor.net\/fr\/wp-json\/wp\/v2\/media?parent=11120"}],"wp:term":[{"taxonomy":"product_brand","embeddable":true,"href":"https:\/\/www.leili-motor.net\/fr\/wp-json\/wp\/v2\/product_brand?post=11120"},{"taxonomy":"product_cat","embeddable":true,"href":"https:\/\/www.leili-motor.net\/fr\/wp-json\/wp\/v2\/product_cat?post=11120"},{"taxonomy":"product_tag","embeddable":true,"href":"https:\/\/www.leili-motor.net\/fr\/wp-json\/wp\/v2\/product_tag?post=11120"}],"curies":[{"name":"wp","href":"https:\/\/api.w.org\/{rel}","templated":true}]}}