{"id":11128,"date":"2025-03-07T10:09:11","date_gmt":"2025-03-07T02:09:11","guid":{"rendered":"https:\/\/www.leili-motor.net\/moteur-pas-a-pas-hybride-20byg\/"},"modified":"2025-06-06T14:34:09","modified_gmt":"2025-06-06T06:34:09","slug":"moteur-pas-a-pas-hybride-20byg","status":"publish","type":"product","link":"https:\/\/www.leili-motor.net\/fr\/moteur-pas-a-pas-hybride-20byg.html","title":{"rendered":"Moteur pas \u00e0 pas hybride 20BYG"},"content":{"rendered":"<h2>Param\u00e8tres du produit<\/h2>\n<table>\n<tbody>\n<tr>\n<td>Mod\u00e8le de moteur<\/td>\n<td>Tension de phase<\/td>\n<td>Courant de phase<\/td>\n<td>R\u00e9sistance de phase<\/td>\n<td>Inductance de phase<\/td>\n<td>Poids du moteur<\/td>\n<td>Nombre de fils<\/td>\n<td>Longueur du moteur<\/td>\n<\/tr>\n<tr>\n<td><\/td>\n<td>(VDC)<\/td>\n<td>(A)<\/td>\n<td>(\u03a9)<\/td>\n<td>(mH)<\/td>\n<td>(g)<\/td>\n<td><\/td>\n<td>(mm)<\/td>\n<\/tr>\n<tr>\n<td>8-2105<\/td>\n<td>2.5<\/td>\n<td>0.5<\/td>\n<td>5.1<\/td>\n<td>1.5<\/td>\n<td>51<\/td>\n<td>4<\/td>\n<td>37.2<\/td>\n<\/tr>\n<tr>\n<td>8-2205<\/td>\n<td>4.4<\/td>\n<td>0.5<\/td>\n<td>8.8<\/td>\n<td>2.7<\/td>\n<td>74<\/td>\n<td>4<\/td>\n<td>38.1<\/td>\n<\/tr>\n<\/tbody>\n<\/table>\n<h3>Vis \u00e0 pas et pas optionnels<\/h3>\n<table>\n<tbody>\n<tr>\n<td>Diam\u00e8tre de la vis<\/td>\n<td>Diam\u00e8tre de la vis<\/td>\n<td>Introduction<\/td>\n<td>Introduction<\/td>\n<td>Code du conducteur<\/td>\n<td>Course \u00e0 1,8\u00b0<\/td>\n<\/tr>\n<tr>\n<td>(pouce)<\/td>\n<td>(mm)<\/td>\n<td>(pouce)<\/td>\n<td>(mm)<\/td>\n<td><\/td>\n<td>(mm)*<\/td>\n<\/tr>\n<tr>\n<td>0.138<\/td>\n<td>3.5<\/td>\n<td>0.0118<\/td>\n<td>0.3<\/td>\n<td>AF<\/td>\n<td>0.0015<\/td>\n<\/tr>\n<tr>\n<td>0.138<\/td>\n<td>3.5<\/td>\n<td>0.024<\/td>\n<td>0.6096<\/td>\n<td>AA<\/td>\n<td>0.003<\/td>\n<\/tr>\n<tr>\n<td>0.138<\/td>\n<td>3.5<\/td>\n<td>0.0394<\/td>\n<td>1<\/td>\n<td>AB<\/td>\n<td>0.005<\/td>\n<\/tr>\n<tr>\n<td>0.138<\/td>\n<td>3.5<\/td>\n<td>0.048<\/td>\n<td>1.2192<\/td>\n<td>B<\/td>\n<td>0.0061<\/td>\n<\/tr>\n<tr>\n<td>0.138<\/td>\n<td>3.5<\/td>\n<td>0.0787<\/td>\n<td>2<\/td>\n<td>G<\/td>\n<td>0.01<\/td>\n<\/tr>\n<tr>\n<td>0.138<\/td>\n<td>3.5<\/td>\n<td>0.1575<\/td>\n<td>4<\/td>\n<td>M<\/td>\n<td>0.02<\/td>\n<\/tr>\n<tr>\n<td>0.138<\/td>\n<td>3.5<\/td>\n<td>0.315<\/td>\n<td>8<\/td>\n<td>T<\/td>\n<td>0.04<\/td>\n<\/tr>\n<\/tbody>\n<\/table>\n<h2>Dimensions m\u00e9caniques : mm<\/h2>\n<p><img fetchpriority=\"high\" decoding=\"async\" class=\"size-full wp-image-1178 aligncenter\" src=\"https:\/\/www.leili-motor.net\/wp-content\/uploads\/2025\/03\/Hybrid-Stepper-Motor-20BYG-dimensions.webp\" alt=\"Dimensions du moteur pas \u00e0 pas hybride 20BYG\" width=\"759\" height=\"562\" srcset=\"https:\/\/www.leili-motor.net\/wp-content\/uploads\/2025\/03\/Hybrid-Stepper-Motor-20BYG-dimensions.webp 759w, https:\/\/www.leili-motor.net\/wp-content\/uploads\/2025\/03\/Hybrid-Stepper-Motor-20BYG-dimensions-300x222.webp 300w, https:\/\/www.leili-motor.net\/wp-content\/uploads\/2025\/03\/Hybrid-Stepper-Motor-20BYG-dimensions-600x444.webp 600w\" sizes=\"(max-width: 759px) 100vw, 759px\" \/><\/p>\n","protected":false},"excerpt":{"rendered":"<h3>Pr\u00e9sentation du produit<\/h3>\n<ul>\n<li>Mod\u00e8le : 20BYG<\/li>\n<li>Fournit des performances stables avec un courant de phase de 0,5 A et une r\u00e9sistance de 5,1 \u03a9.<\/li>\n<li>La conception compacte de 37,2 mm de longueur et de 51 g de poids garantit une int\u00e9gration facile.<\/li>\n<\/ul>\n<h3>Pr\u00e9sentation du produit<\/h3>\n<ul>\n<li>Secteur d&rsquo;activit\u00e9 : Contr\u00f4le industriel<\/li>\n<li>Sant\u00e9 sportive : \u00e9quipements m\u00e9dicaux<\/li>\n<\/ul>\n<h2>Pi\u00e8ces optionnelles<\/h2>\n<p>R\u00e9ducteur plan\u00e9taire, vis m\u00e8re, arbre creux, entra\u00eenement<\/p>\n","protected":false},"featured_media":11129,"comment_status":"open","ping_status":"closed","template":"","meta":{"site-sidebar-layout":"default","site-content-layout":"","ast-site-content-layout":"default","site-content-style":"default","site-sidebar-style":"default","ast-global-header-display":"","ast-banner-title-visibility":"","ast-main-header-display":"","ast-hfb-above-header-display":"","ast-hfb-below-header-display":"","ast-hfb-mobile-header-display":"","site-post-title":"","ast-breadcrumbs-content":"","ast-featured-img":"","footer-sml-layout":"","theme-transparent-header-meta":"default","adv-header-id-meta":"","stick-header-meta":"","header-above-stick-meta":"","header-main-stick-meta":"","header-below-stick-meta":"","astra-migrate-meta-layouts":"default","ast-page-background-enabled":"default","ast-page-background-meta":{"desktop":{"background-color":"var(--ast-global-color-5)","background-image":"","background-repeat":"repeat","background-position":"center center","background-size":"auto","background-attachment":"scroll","background-type":"","background-media":"","overlay-type":"","overlay-color":"","overlay-opacity":"","overlay-gradient":""},"tablet":{"background-color":"","background-image":"","background-repeat":"repeat","background-position":"center center","background-size":"auto","background-attachment":"scroll","background-type":"","background-media":"","overlay-type":"","overlay-color":"","overlay-opacity":"","overlay-gradient":""},"mobile":{"background-color":"","background-image":"","background-repeat":"repeat","background-position":"center center","background-size":"auto","background-attachment":"scroll","background-type":"","background-media":"","overlay-type":"","overlay-color":"","overlay-opacity":"","overlay-gradient":""}},"ast-content-background-meta":{"desktop":{"background-color":"var(--ast-global-color-4)","background-image":"","background-repeat":"repeat","background-position":"center center","background-size":"auto","background-attachment":"scroll","background-type":"","background-media":"","overlay-type":"","overlay-color":"","overlay-opacity":"","overlay-gradient":""},"tablet":{"background-color":"var(--ast-global-color-4)","background-image":"","background-repeat":"repeat","background-position":"center center","background-size":"auto","background-attachment":"scroll","background-type":"","background-media":"","overlay-type":"","overlay-color":"","overlay-opacity":"","overlay-gradient":""},"mobile":{"background-color":"var(--ast-global-color-4)","background-image":"","background-repeat":"repeat","background-position":"center center","background-size":"auto","background-attachment":"scroll","background-type":"","background-media":"","overlay-type":"","overlay-color":"","overlay-opacity":"","overlay-gradient":""}}},"product_brand":[],"product_cat":[1210,1246],"product_tag":[1247,1248],"class_list":{"0":"post-11128","1":"product","2":"type-product","3":"status-publish","4":"has-post-thumbnail","6":"product_cat-moteur-pas-a-pas","7":"product_cat-moteur-pas-a-pas-hybride","8":"product_tag-equipement-industriel-moteur-pas-a-pas-hybride","9":"product_tag-instruments-medicaux-moteur-pas-a-pas-a-vis-hybride","10":"pa_application-industrie-fr","11":"pa_application-sante-sportive","12":"desktop-align-left","13":"tablet-align-left","14":"mobile-align-left","16":"first","17":"instock","18":"shipping-taxable","19":"product-type-simple"},"yoast_head":"<!-- This site is optimized with the Yoast SEO plugin v27.2 - https:\/\/yoast.com\/product\/yoast-seo-wordpress\/ -->\n<title>Moteur pas \u00e0 pas hybride 20BYG &#8211; Leili Motor<\/title>\n<meta name=\"description\" content=\"Le moteur pas \u00e0 pas hybride 20BYG offre une tension de phase de 2,5 V, un poids de 51 g et une longueur pr\u00e9cise de 37,2 mm pour un fonctionnement efficace.\" \/>\n<meta name=\"robots\" content=\"index, follow, max-snippet:-1, max-image-preview:large, max-video-preview:-1\" \/>\n<link rel=\"canonical\" href=\"https:\/\/www.leili-motor.net\/fr\/moteur-pas-a-pas-hybride-20byg.html\" \/>\n<script type=\"application\/ld+json\" class=\"yoast-schema-graph\">{\"@context\":\"https:\/\/schema.org\",\"@graph\":[{\"@type\":\"WebPage\",\"@id\":\"https:\/\/www.leili-motor.net\/fr\/moteur-pas-a-pas-hybride-20byg.html\",\"url\":\"https:\/\/www.leili-motor.net\/fr\/moteur-pas-a-pas-hybride-20byg.html\",\"name\":\"Moteur pas \u00e0 pas hybride 20BYG &#8211; Leili Motor\",\"isPartOf\":{\"@id\":\"https:\/\/www.leili-motor.net\/fr\/#website\"},\"primaryImageOfPage\":{\"@id\":\"https:\/\/www.leili-motor.net\/fr\/moteur-pas-a-pas-hybride-20byg.html#primaryimage\"},\"image\":{\"@id\":\"https:\/\/www.leili-motor.net\/fr\/moteur-pas-a-pas-hybride-20byg.html#primaryimage\"},\"thumbnailUrl\":\"https:\/\/www.leili-motor.net\/wp-content\/uploads\/2025\/03\/Hybrid-Stepper-Motor-20BYG.webp\",\"datePublished\":\"2025-03-07T02:09:11+00:00\",\"dateModified\":\"2025-06-06T06:34:09+00:00\",\"description\":\"Le moteur pas \u00e0 pas hybride 20BYG offre une tension de phase de 2,5 V, un poids de 51 g et une longueur pr\u00e9cise de 37,2 mm pour un fonctionnement efficace.\",\"breadcrumb\":{\"@id\":\"https:\/\/www.leili-motor.net\/fr\/moteur-pas-a-pas-hybride-20byg.html#breadcrumb\"},\"inLanguage\":\"fr-FR\",\"potentialAction\":[{\"@type\":\"ReadAction\",\"target\":[\"https:\/\/www.leili-motor.net\/fr\/moteur-pas-a-pas-hybride-20byg.html\"]}]},{\"@type\":\"ImageObject\",\"inLanguage\":\"fr-FR\",\"@id\":\"https:\/\/www.leili-motor.net\/fr\/moteur-pas-a-pas-hybride-20byg.html#primaryimage\",\"url\":\"https:\/\/www.leili-motor.net\/wp-content\/uploads\/2025\/03\/Hybrid-Stepper-Motor-20BYG.webp\",\"contentUrl\":\"https:\/\/www.leili-motor.net\/wp-content\/uploads\/2025\/03\/Hybrid-Stepper-Motor-20BYG.webp\",\"width\":454,\"height\":310,\"caption\":\"Moteur pas \u00e0 pas hybride 20BYG\"},{\"@type\":\"BreadcrumbList\",\"@id\":\"https:\/\/www.leili-motor.net\/fr\/moteur-pas-a-pas-hybride-20byg.html#breadcrumb\",\"itemListElement\":[{\"@type\":\"ListItem\",\"position\":1,\"name\":\"Home\",\"item\":\"https:\/\/www.leili-motor.net\/fr\/\"},{\"@type\":\"ListItem\",\"position\":2,\"name\":\"Produits\",\"item\":\"https:\/\/www.leili-motor.net\/fr\/produits\/\"},{\"@type\":\"ListItem\",\"position\":3,\"name\":\"Moteur pas \u00e0 pas hybride 20BYG\"}]},{\"@type\":\"WebSite\",\"@id\":\"https:\/\/www.leili-motor.net\/fr\/#website\",\"url\":\"https:\/\/www.leili-motor.net\/fr\/\",\"name\":\"Leili Motor\",\"description\":\"\",\"publisher\":{\"@id\":\"https:\/\/www.leili-motor.net\/fr\/#organization\"},\"potentialAction\":[{\"@type\":\"SearchAction\",\"target\":{\"@type\":\"EntryPoint\",\"urlTemplate\":\"https:\/\/www.leili-motor.net\/fr\/?s={search_term_string}\"},\"query-input\":{\"@type\":\"PropertyValueSpecification\",\"valueRequired\":true,\"valueName\":\"search_term_string\"}}],\"inLanguage\":\"fr-FR\"},{\"@type\":\"Organization\",\"@id\":\"https:\/\/www.leili-motor.net\/fr\/#organization\",\"name\":\"Leili Motor\",\"url\":\"https:\/\/www.leili-motor.net\/fr\/\",\"logo\":{\"@type\":\"ImageObject\",\"inLanguage\":\"fr-FR\",\"@id\":\"https:\/\/www.leili-motor.net\/fr\/#\/schema\/logo\/image\/\",\"url\":\"https:\/\/www.leili-motor.net\/wp-content\/uploads\/2025\/03\/Leili-Motor.png\",\"contentUrl\":\"https:\/\/www.leili-motor.net\/wp-content\/uploads\/2025\/03\/Leili-Motor.png\",\"width\":600,\"height\":156,\"caption\":\"Leili Motor\"},\"image\":{\"@id\":\"https:\/\/www.leili-motor.net\/fr\/#\/schema\/logo\/image\/\"}}]}<\/script>\n<!-- \/ Yoast SEO plugin. -->","yoast_head_json":{"title":"Moteur pas \u00e0 pas hybride 20BYG &#8211; Leili Motor","description":"Le moteur pas \u00e0 pas hybride 20BYG offre une tension de phase de 2,5 V, un poids de 51 g et une longueur pr\u00e9cise de 37,2 mm pour un fonctionnement efficace.","robots":{"index":"index","follow":"follow","max-snippet":"max-snippet:-1","max-image-preview":"max-image-preview:large","max-video-preview":"max-video-preview:-1"},"canonical":"https:\/\/www.leili-motor.net\/fr\/moteur-pas-a-pas-hybride-20byg.html","schema":{"@context":"https:\/\/schema.org","@graph":[{"@type":"WebPage","@id":"https:\/\/www.leili-motor.net\/fr\/moteur-pas-a-pas-hybride-20byg.html","url":"https:\/\/www.leili-motor.net\/fr\/moteur-pas-a-pas-hybride-20byg.html","name":"Moteur pas \u00e0 pas hybride 20BYG &#8211; Leili Motor","isPartOf":{"@id":"https:\/\/www.leili-motor.net\/fr\/#website"},"primaryImageOfPage":{"@id":"https:\/\/www.leili-motor.net\/fr\/moteur-pas-a-pas-hybride-20byg.html#primaryimage"},"image":{"@id":"https:\/\/www.leili-motor.net\/fr\/moteur-pas-a-pas-hybride-20byg.html#primaryimage"},"thumbnailUrl":"https:\/\/www.leili-motor.net\/wp-content\/uploads\/2025\/03\/Hybrid-Stepper-Motor-20BYG.webp","datePublished":"2025-03-07T02:09:11+00:00","dateModified":"2025-06-06T06:34:09+00:00","description":"Le moteur pas \u00e0 pas hybride 20BYG offre une tension de phase de 2,5 V, un poids de 51 g et une longueur pr\u00e9cise de 37,2 mm pour un fonctionnement efficace.","breadcrumb":{"@id":"https:\/\/www.leili-motor.net\/fr\/moteur-pas-a-pas-hybride-20byg.html#breadcrumb"},"inLanguage":"fr-FR","potentialAction":[{"@type":"ReadAction","target":["https:\/\/www.leili-motor.net\/fr\/moteur-pas-a-pas-hybride-20byg.html"]}]},{"@type":"ImageObject","inLanguage":"fr-FR","@id":"https:\/\/www.leili-motor.net\/fr\/moteur-pas-a-pas-hybride-20byg.html#primaryimage","url":"https:\/\/www.leili-motor.net\/wp-content\/uploads\/2025\/03\/Hybrid-Stepper-Motor-20BYG.webp","contentUrl":"https:\/\/www.leili-motor.net\/wp-content\/uploads\/2025\/03\/Hybrid-Stepper-Motor-20BYG.webp","width":454,"height":310,"caption":"Moteur pas \u00e0 pas hybride 20BYG"},{"@type":"BreadcrumbList","@id":"https:\/\/www.leili-motor.net\/fr\/moteur-pas-a-pas-hybride-20byg.html#breadcrumb","itemListElement":[{"@type":"ListItem","position":1,"name":"Home","item":"https:\/\/www.leili-motor.net\/fr\/"},{"@type":"ListItem","position":2,"name":"Produits","item":"https:\/\/www.leili-motor.net\/fr\/produits\/"},{"@type":"ListItem","position":3,"name":"Moteur pas \u00e0 pas hybride 20BYG"}]},{"@type":"WebSite","@id":"https:\/\/www.leili-motor.net\/fr\/#website","url":"https:\/\/www.leili-motor.net\/fr\/","name":"Leili Motor","description":"","publisher":{"@id":"https:\/\/www.leili-motor.net\/fr\/#organization"},"potentialAction":[{"@type":"SearchAction","target":{"@type":"EntryPoint","urlTemplate":"https:\/\/www.leili-motor.net\/fr\/?s={search_term_string}"},"query-input":{"@type":"PropertyValueSpecification","valueRequired":true,"valueName":"search_term_string"}}],"inLanguage":"fr-FR"},{"@type":"Organization","@id":"https:\/\/www.leili-motor.net\/fr\/#organization","name":"Leili Motor","url":"https:\/\/www.leili-motor.net\/fr\/","logo":{"@type":"ImageObject","inLanguage":"fr-FR","@id":"https:\/\/www.leili-motor.net\/fr\/#\/schema\/logo\/image\/","url":"https:\/\/www.leili-motor.net\/wp-content\/uploads\/2025\/03\/Leili-Motor.png","contentUrl":"https:\/\/www.leili-motor.net\/wp-content\/uploads\/2025\/03\/Leili-Motor.png","width":600,"height":156,"caption":"Leili Motor"},"image":{"@id":"https:\/\/www.leili-motor.net\/fr\/#\/schema\/logo\/image\/"}}]}},"_links":{"self":[{"href":"https:\/\/www.leili-motor.net\/fr\/wp-json\/wp\/v2\/product\/11128","targetHints":{"allow":["GET"]}}],"collection":[{"href":"https:\/\/www.leili-motor.net\/fr\/wp-json\/wp\/v2\/product"}],"about":[{"href":"https:\/\/www.leili-motor.net\/fr\/wp-json\/wp\/v2\/types\/product"}],"replies":[{"embeddable":true,"href":"https:\/\/www.leili-motor.net\/fr\/wp-json\/wp\/v2\/comments?post=11128"}],"wp:featuredmedia":[{"embeddable":true,"href":"https:\/\/www.leili-motor.net\/fr\/wp-json\/wp\/v2\/media\/11129"}],"wp:attachment":[{"href":"https:\/\/www.leili-motor.net\/fr\/wp-json\/wp\/v2\/media?parent=11128"}],"wp:term":[{"taxonomy":"product_brand","embeddable":true,"href":"https:\/\/www.leili-motor.net\/fr\/wp-json\/wp\/v2\/product_brand?post=11128"},{"taxonomy":"product_cat","embeddable":true,"href":"https:\/\/www.leili-motor.net\/fr\/wp-json\/wp\/v2\/product_cat?post=11128"},{"taxonomy":"product_tag","embeddable":true,"href":"https:\/\/www.leili-motor.net\/fr\/wp-json\/wp\/v2\/product_tag?post=11128"}],"curies":[{"name":"wp","href":"https:\/\/api.w.org\/{rel}","templated":true}]}}