{"id":11153,"date":"2025-03-06T17:51:07","date_gmt":"2025-03-06T09:51:07","guid":{"rendered":"https:\/\/www.leili-motor.net\/moteur-pas-a-pas-hybride-35bygh\/"},"modified":"2025-03-06T17:51:07","modified_gmt":"2025-03-06T09:51:07","slug":"moteur-pas-a-pas-hybride-35bygh","status":"publish","type":"product","link":"https:\/\/www.leili-motor.net\/fr\/moteur-pas-a-pas-hybride-35bygh.html","title":{"rendered":"Moteur pas \u00e0 pas hybride 35BYGH"},"content":{"rendered":"<h2>Param\u00e8tres du produit<\/h2>\n<h3>entra\u00eenement bipolaire<\/h3>\n<table>\n<tbody>\n<tr>\n<td>Mod\u00e8le de moteur<\/td>\n<td>Angle de pas<\/td>\n<td>Tension de phase<\/td>\n<td>Actuel<\/td>\n<td>R\u00e9sistance<\/td>\n<td>Inductance<\/td>\n<td>Couple de maintien<\/td>\n<td>Couple de fonctionnement<\/td>\n<td>Fr\u00e9quence de d\u00e9marrage<\/td>\n<td>Fr\u00e9quence d&rsquo;exercice<\/td>\n<td>Poids<\/td>\n<td>Hauteur totale<\/td>\n<\/tr>\n<tr>\n<td><\/td>\n<td>(\u00b0)<\/td>\n<td>(VDC)<\/td>\n<td>(A)<\/td>\n<td>(\u03a9)<\/td>\n<td>(mH)<\/td>\n<td>(mN.m)<\/td>\n<td>(mN.m)<\/td>\n<td>(PPS)<\/td>\n<td>(PPS)<\/td>\n<td>(kg)<\/td>\n<td>(mm)<\/td>\n<\/tr>\n<tr>\n<td>35BYGH25-1<\/td>\n<td>1.8<\/td>\n<td>14.8<\/td>\n<td>0.4<\/td>\n<td>37<\/td>\n<td>33<\/td>\n<td>\u2265210<\/td>\n<td>\u2265160<\/td>\n<td>1800<\/td>\n<td>2700<\/td>\n<td>0.2<\/td>\n<td>38<\/td>\n<\/tr>\n<tr>\n<td>35BYGH21-3<\/td>\n<td>0.9<\/td>\n<td>4<\/td>\n<td>0.5<\/td>\n<td>8<\/td>\n<td>10.5<\/td>\n<td>\u2265117.6<\/td>\n<td>\u226580<\/td>\n<td>1800<\/td>\n<td>2300<\/td>\n<td>0.18<\/td>\n<td>36.5<\/td>\n<\/tr>\n<\/tbody>\n<\/table>\n<h2>Dimensions m\u00e9caniques : mm<\/h2>\n<p><img fetchpriority=\"high\" decoding=\"async\" class=\"size-full wp-image-1141 aligncenter\" src=\"https:\/\/www.leili-motor.net\/wp-content\/uploads\/2025\/03\/35BYGH-Hybrid-Stepper-Motor-Dimensions.webp\" alt=\"Dimensions du moteur pas \u00e0 pas hybride 35BYGH\" width=\"759\" height=\"562\" srcset=\"https:\/\/www.leili-motor.net\/wp-content\/uploads\/2025\/03\/35BYGH-Hybrid-Stepper-Motor-Dimensions.webp 759w, https:\/\/www.leili-motor.net\/wp-content\/uploads\/2025\/03\/35BYGH-Hybrid-Stepper-Motor-Dimensions-300x222.webp 300w, https:\/\/www.leili-motor.net\/wp-content\/uploads\/2025\/03\/35BYGH-Hybrid-Stepper-Motor-Dimensions-600x444.webp 600w\" sizes=\"(max-width: 759px) 100vw, 759px\" \/><\/p>\n","protected":false},"excerpt":{"rendered":"<h3>Pr\u00e9sentation du produit<\/h3>\n<ul>\n<li>Mod\u00e8le : 35BYGH<\/li>\n<li>Les moteurs 35BYGH fournissent un angle de pas de 1,8\u00b0 et un couple \u2265 210 mN.m, garantissant un positionnement pr\u00e9cis.<\/li>\n<li>Ces moteurs l\u00e9gers p\u00e8sent 0,2 kg ou moins et prennent en charge des fr\u00e9quences d&rsquo;exercice \u00e9lev\u00e9es jusqu&rsquo;\u00e0 2700 PPS.<\/li>\n<\/ul>\n<h3>Application du produit<\/h3>\n<ul>\n<li>Secteur d&rsquo;activit\u00e9 : Moniteurs, \u00e9quipements financiers OA, instruments de pesage, \u00e9clairage de sc\u00e8ne<\/li>\n<li>Sant\u00e9 sportive : Dispositifs m\u00e9dicaux<\/li>\n<\/ul>\n<h3>Pi\u00e8ces optionnelles<\/h3>\n<p>R\u00e9ducteur plan\u00e9taire, vis m\u00e8re, arbre creux, entra\u00eenement<\/p>\n","protected":false},"featured_media":11154,"comment_status":"open","ping_status":"closed","template":"","meta":{"site-sidebar-layout":"default","site-content-layout":"","ast-site-content-layout":"default","site-content-style":"default","site-sidebar-style":"default","ast-global-header-display":"","ast-banner-title-visibility":"","ast-main-header-display":"","ast-hfb-above-header-display":"","ast-hfb-below-header-display":"","ast-hfb-mobile-header-display":"","site-post-title":"","ast-breadcrumbs-content":"","ast-featured-img":"","footer-sml-layout":"","theme-transparent-header-meta":"default","adv-header-id-meta":"","stick-header-meta":"","header-above-stick-meta":"","header-main-stick-meta":"","header-below-stick-meta":"","astra-migrate-meta-layouts":"default","ast-page-background-enabled":"default","ast-page-background-meta":{"desktop":{"background-color":"var(--ast-global-color-5)","background-image":"","background-repeat":"repeat","background-position":"center center","background-size":"auto","background-attachment":"scroll","background-type":"","background-media":"","overlay-type":"","overlay-color":"","overlay-opacity":"","overlay-gradient":""},"tablet":{"background-color":"","background-image":"","background-repeat":"repeat","background-position":"center center","background-size":"auto","background-attachment":"scroll","background-type":"","background-media":"","overlay-type":"","overlay-color":"","overlay-opacity":"","overlay-gradient":""},"mobile":{"background-color":"","background-image":"","background-repeat":"repeat","background-position":"center center","background-size":"auto","background-attachment":"scroll","background-type":"","background-media":"","overlay-type":"","overlay-color":"","overlay-opacity":"","overlay-gradient":""}},"ast-content-background-meta":{"desktop":{"background-color":"var(--ast-global-color-4)","background-image":"","background-repeat":"repeat","background-position":"center center","background-size":"auto","background-attachment":"scroll","background-type":"","background-media":"","overlay-type":"","overlay-color":"","overlay-opacity":"","overlay-gradient":""},"tablet":{"background-color":"var(--ast-global-color-4)","background-image":"","background-repeat":"repeat","background-position":"center center","background-size":"auto","background-attachment":"scroll","background-type":"","background-media":"","overlay-type":"","overlay-color":"","overlay-opacity":"","overlay-gradient":""},"mobile":{"background-color":"var(--ast-global-color-4)","background-image":"","background-repeat":"repeat","background-position":"center center","background-size":"auto","background-attachment":"scroll","background-type":"","background-media":"","overlay-type":"","overlay-color":"","overlay-opacity":"","overlay-gradient":""}}},"product_brand":[],"product_cat":[1210,1246],"product_tag":[1247,1256],"class_list":{"0":"post-11153","1":"product","2":"type-product","3":"status-publish","4":"has-post-thumbnail","6":"product_cat-moteur-pas-a-pas","7":"product_cat-moteur-pas-a-pas-hybride","8":"product_tag-equipement-industriel-moteur-pas-a-pas-hybride","9":"product_tag-surveillance-de-securite-moteur-pas-a-pas-hybride","10":"pa_application-industrie-fr","11":"pa_application-sante-sportive","12":"desktop-align-left","13":"tablet-align-left","14":"mobile-align-left","16":"first","17":"instock","18":"shipping-taxable","19":"product-type-simple"},"yoast_head":"<!-- This site is optimized with the Yoast SEO plugin v27.2 - https:\/\/yoast.com\/product\/yoast-seo-wordpress\/ -->\n<title>Moteur pas \u00e0 pas hybride 35BYGH &#8211; Leili Motor<\/title>\n<meta name=\"description\" content=\"Le moteur pas \u00e0 pas hybride 35BYGH offre un angle de pas de 1,8\u00b0, un couple de maintien de 210 mN.m et une conception l\u00e9g\u00e8re et compacte pour des performances fiables.\" \/>\n<meta name=\"robots\" content=\"index, follow, max-snippet:-1, max-image-preview:large, max-video-preview:-1\" \/>\n<link rel=\"canonical\" href=\"https:\/\/www.leili-motor.net\/fr\/moteur-pas-a-pas-hybride-35bygh.html\" \/>\n<script type=\"application\/ld+json\" class=\"yoast-schema-graph\">{\"@context\":\"https:\/\/schema.org\",\"@graph\":[{\"@type\":\"WebPage\",\"@id\":\"https:\/\/www.leili-motor.net\/fr\/moteur-pas-a-pas-hybride-35bygh.html\",\"url\":\"https:\/\/www.leili-motor.net\/fr\/moteur-pas-a-pas-hybride-35bygh.html\",\"name\":\"Moteur pas \u00e0 pas hybride 35BYGH &#8211; Leili Motor\",\"isPartOf\":{\"@id\":\"https:\/\/www.leili-motor.net\/fr\/#website\"},\"primaryImageOfPage\":{\"@id\":\"https:\/\/www.leili-motor.net\/fr\/moteur-pas-a-pas-hybride-35bygh.html#primaryimage\"},\"image\":{\"@id\":\"https:\/\/www.leili-motor.net\/fr\/moteur-pas-a-pas-hybride-35bygh.html#primaryimage\"},\"thumbnailUrl\":\"https:\/\/www.leili-motor.net\/wp-content\/uploads\/2025\/03\/Hybrid-Stepper-Motor-35BYGH.webp\",\"datePublished\":\"2025-03-06T09:51:07+00:00\",\"description\":\"Le moteur pas \u00e0 pas hybride 35BYGH offre un angle de pas de 1,8\u00b0, un couple de maintien de 210 mN.m et une conception l\u00e9g\u00e8re et compacte pour des performances fiables.\",\"breadcrumb\":{\"@id\":\"https:\/\/www.leili-motor.net\/fr\/moteur-pas-a-pas-hybride-35bygh.html#breadcrumb\"},\"inLanguage\":\"fr-FR\",\"potentialAction\":[{\"@type\":\"ReadAction\",\"target\":[\"https:\/\/www.leili-motor.net\/fr\/moteur-pas-a-pas-hybride-35bygh.html\"]}]},{\"@type\":\"ImageObject\",\"inLanguage\":\"fr-FR\",\"@id\":\"https:\/\/www.leili-motor.net\/fr\/moteur-pas-a-pas-hybride-35bygh.html#primaryimage\",\"url\":\"https:\/\/www.leili-motor.net\/wp-content\/uploads\/2025\/03\/Hybrid-Stepper-Motor-35BYGH.webp\",\"contentUrl\":\"https:\/\/www.leili-motor.net\/wp-content\/uploads\/2025\/03\/Hybrid-Stepper-Motor-35BYGH.webp\",\"width\":454,\"height\":310,\"caption\":\"Moteur pas \u00e0 pas hybride 35BYGH\"},{\"@type\":\"BreadcrumbList\",\"@id\":\"https:\/\/www.leili-motor.net\/fr\/moteur-pas-a-pas-hybride-35bygh.html#breadcrumb\",\"itemListElement\":[{\"@type\":\"ListItem\",\"position\":1,\"name\":\"Home\",\"item\":\"https:\/\/www.leili-motor.net\/fr\/\"},{\"@type\":\"ListItem\",\"position\":2,\"name\":\"Produits\",\"item\":\"https:\/\/www.leili-motor.net\/fr\/produits\/\"},{\"@type\":\"ListItem\",\"position\":3,\"name\":\"Moteur pas \u00e0 pas hybride 35BYGH\"}]},{\"@type\":\"WebSite\",\"@id\":\"https:\/\/www.leili-motor.net\/fr\/#website\",\"url\":\"https:\/\/www.leili-motor.net\/fr\/\",\"name\":\"Leili Motor\",\"description\":\"\",\"publisher\":{\"@id\":\"https:\/\/www.leili-motor.net\/fr\/#organization\"},\"potentialAction\":[{\"@type\":\"SearchAction\",\"target\":{\"@type\":\"EntryPoint\",\"urlTemplate\":\"https:\/\/www.leili-motor.net\/fr\/?s={search_term_string}\"},\"query-input\":{\"@type\":\"PropertyValueSpecification\",\"valueRequired\":true,\"valueName\":\"search_term_string\"}}],\"inLanguage\":\"fr-FR\"},{\"@type\":\"Organization\",\"@id\":\"https:\/\/www.leili-motor.net\/fr\/#organization\",\"name\":\"Leili Motor\",\"url\":\"https:\/\/www.leili-motor.net\/fr\/\",\"logo\":{\"@type\":\"ImageObject\",\"inLanguage\":\"fr-FR\",\"@id\":\"https:\/\/www.leili-motor.net\/fr\/#\/schema\/logo\/image\/\",\"url\":\"https:\/\/www.leili-motor.net\/wp-content\/uploads\/2025\/03\/Leili-Motor.png\",\"contentUrl\":\"https:\/\/www.leili-motor.net\/wp-content\/uploads\/2025\/03\/Leili-Motor.png\",\"width\":600,\"height\":156,\"caption\":\"Leili Motor\"},\"image\":{\"@id\":\"https:\/\/www.leili-motor.net\/fr\/#\/schema\/logo\/image\/\"}}]}<\/script>\n<!-- \/ Yoast SEO plugin. -->","yoast_head_json":{"title":"Moteur pas \u00e0 pas hybride 35BYGH &#8211; Leili Motor","description":"Le moteur pas \u00e0 pas hybride 35BYGH offre un angle de pas de 1,8\u00b0, un couple de maintien de 210 mN.m et une conception l\u00e9g\u00e8re et compacte pour des performances fiables.","robots":{"index":"index","follow":"follow","max-snippet":"max-snippet:-1","max-image-preview":"max-image-preview:large","max-video-preview":"max-video-preview:-1"},"canonical":"https:\/\/www.leili-motor.net\/fr\/moteur-pas-a-pas-hybride-35bygh.html","schema":{"@context":"https:\/\/schema.org","@graph":[{"@type":"WebPage","@id":"https:\/\/www.leili-motor.net\/fr\/moteur-pas-a-pas-hybride-35bygh.html","url":"https:\/\/www.leili-motor.net\/fr\/moteur-pas-a-pas-hybride-35bygh.html","name":"Moteur pas \u00e0 pas hybride 35BYGH &#8211; Leili Motor","isPartOf":{"@id":"https:\/\/www.leili-motor.net\/fr\/#website"},"primaryImageOfPage":{"@id":"https:\/\/www.leili-motor.net\/fr\/moteur-pas-a-pas-hybride-35bygh.html#primaryimage"},"image":{"@id":"https:\/\/www.leili-motor.net\/fr\/moteur-pas-a-pas-hybride-35bygh.html#primaryimage"},"thumbnailUrl":"https:\/\/www.leili-motor.net\/wp-content\/uploads\/2025\/03\/Hybrid-Stepper-Motor-35BYGH.webp","datePublished":"2025-03-06T09:51:07+00:00","description":"Le moteur pas \u00e0 pas hybride 35BYGH offre un angle de pas de 1,8\u00b0, un couple de maintien de 210 mN.m et une conception l\u00e9g\u00e8re et compacte pour des performances fiables.","breadcrumb":{"@id":"https:\/\/www.leili-motor.net\/fr\/moteur-pas-a-pas-hybride-35bygh.html#breadcrumb"},"inLanguage":"fr-FR","potentialAction":[{"@type":"ReadAction","target":["https:\/\/www.leili-motor.net\/fr\/moteur-pas-a-pas-hybride-35bygh.html"]}]},{"@type":"ImageObject","inLanguage":"fr-FR","@id":"https:\/\/www.leili-motor.net\/fr\/moteur-pas-a-pas-hybride-35bygh.html#primaryimage","url":"https:\/\/www.leili-motor.net\/wp-content\/uploads\/2025\/03\/Hybrid-Stepper-Motor-35BYGH.webp","contentUrl":"https:\/\/www.leili-motor.net\/wp-content\/uploads\/2025\/03\/Hybrid-Stepper-Motor-35BYGH.webp","width":454,"height":310,"caption":"Moteur pas \u00e0 pas hybride 35BYGH"},{"@type":"BreadcrumbList","@id":"https:\/\/www.leili-motor.net\/fr\/moteur-pas-a-pas-hybride-35bygh.html#breadcrumb","itemListElement":[{"@type":"ListItem","position":1,"name":"Home","item":"https:\/\/www.leili-motor.net\/fr\/"},{"@type":"ListItem","position":2,"name":"Produits","item":"https:\/\/www.leili-motor.net\/fr\/produits\/"},{"@type":"ListItem","position":3,"name":"Moteur pas \u00e0 pas hybride 35BYGH"}]},{"@type":"WebSite","@id":"https:\/\/www.leili-motor.net\/fr\/#website","url":"https:\/\/www.leili-motor.net\/fr\/","name":"Leili Motor","description":"","publisher":{"@id":"https:\/\/www.leili-motor.net\/fr\/#organization"},"potentialAction":[{"@type":"SearchAction","target":{"@type":"EntryPoint","urlTemplate":"https:\/\/www.leili-motor.net\/fr\/?s={search_term_string}"},"query-input":{"@type":"PropertyValueSpecification","valueRequired":true,"valueName":"search_term_string"}}],"inLanguage":"fr-FR"},{"@type":"Organization","@id":"https:\/\/www.leili-motor.net\/fr\/#organization","name":"Leili Motor","url":"https:\/\/www.leili-motor.net\/fr\/","logo":{"@type":"ImageObject","inLanguage":"fr-FR","@id":"https:\/\/www.leili-motor.net\/fr\/#\/schema\/logo\/image\/","url":"https:\/\/www.leili-motor.net\/wp-content\/uploads\/2025\/03\/Leili-Motor.png","contentUrl":"https:\/\/www.leili-motor.net\/wp-content\/uploads\/2025\/03\/Leili-Motor.png","width":600,"height":156,"caption":"Leili Motor"},"image":{"@id":"https:\/\/www.leili-motor.net\/fr\/#\/schema\/logo\/image\/"}}]}},"_links":{"self":[{"href":"https:\/\/www.leili-motor.net\/fr\/wp-json\/wp\/v2\/product\/11153","targetHints":{"allow":["GET"]}}],"collection":[{"href":"https:\/\/www.leili-motor.net\/fr\/wp-json\/wp\/v2\/product"}],"about":[{"href":"https:\/\/www.leili-motor.net\/fr\/wp-json\/wp\/v2\/types\/product"}],"replies":[{"embeddable":true,"href":"https:\/\/www.leili-motor.net\/fr\/wp-json\/wp\/v2\/comments?post=11153"}],"wp:featuredmedia":[{"embeddable":true,"href":"https:\/\/www.leili-motor.net\/fr\/wp-json\/wp\/v2\/media\/11154"}],"wp:attachment":[{"href":"https:\/\/www.leili-motor.net\/fr\/wp-json\/wp\/v2\/media?parent=11153"}],"wp:term":[{"taxonomy":"product_brand","embeddable":true,"href":"https:\/\/www.leili-motor.net\/fr\/wp-json\/wp\/v2\/product_brand?post=11153"},{"taxonomy":"product_cat","embeddable":true,"href":"https:\/\/www.leili-motor.net\/fr\/wp-json\/wp\/v2\/product_cat?post=11153"},{"taxonomy":"product_tag","embeddable":true,"href":"https:\/\/www.leili-motor.net\/fr\/wp-json\/wp\/v2\/product_tag?post=11153"}],"curies":[{"name":"wp","href":"https:\/\/api.w.org\/{rel}","templated":true}]}}