{"id":11162,"date":"2025-03-05T16:15:22","date_gmt":"2025-03-05T08:15:22","guid":{"rendered":"https:\/\/www.leili-motor.net\/micro-moteur-a-balais-cc-fs-5412sa\/"},"modified":"2025-03-05T16:15:22","modified_gmt":"2025-03-05T08:15:22","slug":"micro-moteur-a-balais-cc-fs-5412sa","status":"publish","type":"product","link":"https:\/\/www.leili-motor.net\/fr\/micro-moteur-a-balais-cc-fs-5412sa.html","title":{"rendered":"Micro Moteur \u00e0 Balais CC FS-5412SA"},"content":{"rendered":"<h2>Param\u00e8tres du produit<\/h2>\n<table>\n<tbody>\n<tr>\n<td rowspan=\"2\">Mod\u00e8le<\/td>\n<td rowspan=\"2\">Tension nominale<br \/>\n (VAC)<\/td>\n<td rowspan=\"2\">Courant d&rsquo;entr\u00e9e<br \/>\n (mA)<\/td>\n<td rowspan=\"2\">Vitesse \u00e0 vide<br \/>\n (tr\/min)<\/td>\n<td rowspan=\"2\">Puissance d&rsquo;entr\u00e9e<br \/>\n(W)<\/td>\n<td colspan=\"2\"> Load<br \/>\n55mN\u00b7m<\/td>\n<\/tr>\n<tr>\n<td>Courant (A)<\/td>\n<td>Vitesse de charge (tr\/min)<\/td>\n<\/tr>\n<tr>\n<td>FS-5412SA-3<\/td>\n<td>120<\/td>\n<td>\u22640.5<\/td>\n<td>11200\u00b110%<\/td>\n<td>\u22646.6<\/td>\n<td>\u22640.9A<\/td>\n<td>4500\u00b110%<\/td>\n<\/tr>\n<\/tbody>\n<\/table>\n<h2>Dimension m\u00e9canique : mm<\/h2>\n<p><img fetchpriority=\"high\" decoding=\"async\" class=\"size-full wp-image-523 aligncenter\" src=\"https:\/\/www.leili-motor.net\/wp-content\/uploads\/2025\/03\/Mechanical-Dimension-for-FS-5412SA-Micro-DC-Brush-Motor.png\" alt=\"Dimensions m\u00e9caniques du micromoteur \u00e0 balais CC FS-5412SA\" width=\"759\" height=\"447\" srcset=\"https:\/\/www.leili-motor.net\/wp-content\/uploads\/2025\/03\/Mechanical-Dimension-for-FS-5412SA-Micro-DC-Brush-Motor.png 759w, https:\/\/www.leili-motor.net\/wp-content\/uploads\/2025\/03\/Mechanical-Dimension-for-FS-5412SA-Micro-DC-Brush-Motor-300x177.png 300w, https:\/\/www.leili-motor.net\/wp-content\/uploads\/2025\/03\/Mechanical-Dimension-for-FS-5412SA-Micro-DC-Brush-Motor-600x353.png 600w\" sizes=\"(max-width: 759px) 100vw, 759px\" \/><\/p>\n","protected":false},"excerpt":{"rendered":"<h3>Pr\u00e9sentation du produit<\/h3>\n<ul>\n<li>Performances efficaces : fonctionne \u00e0 120 V avec une entr\u00e9e \u2264 0,5 A, garantissant une efficacit\u00e9 \u00e9nerg\u00e9tique fiable et stable.<\/li>\n<li>Fonctionnement \u00e0 grande vitesse : parfait pour les applications de pr\u00e9cision, il a une vitesse \u00e0 vide de 11200\u00b110%.<\/li>\n<li>Faible consommation d&rsquo;\u00e9nergie : consomme \u2264 6,6 W, ce qui en fait un choix \u00e9conome en \u00e9nergie pour divers appareils compacts.<\/li>\n<\/ul>\n<h3>Application du produit<\/h3>\n<ul>\n<li>R\u00e9frig\u00e9rateur<\/li>\n<\/ul>\n","protected":false},"featured_media":11163,"comment_status":"open","ping_status":"closed","template":"","meta":{"site-sidebar-layout":"default","site-content-layout":"","ast-site-content-layout":"default","site-content-style":"default","site-sidebar-style":"default","ast-global-header-display":"","ast-banner-title-visibility":"","ast-main-header-display":"","ast-hfb-above-header-display":"","ast-hfb-below-header-display":"","ast-hfb-mobile-header-display":"","site-post-title":"","ast-breadcrumbs-content":"","ast-featured-img":"","footer-sml-layout":"","theme-transparent-header-meta":"default","adv-header-id-meta":"","stick-header-meta":"","header-above-stick-meta":"","header-main-stick-meta":"","header-below-stick-meta":"","astra-migrate-meta-layouts":"default","ast-page-background-enabled":"default","ast-page-background-meta":{"desktop":{"background-color":"var(--ast-global-color-5)","background-image":"","background-repeat":"repeat","background-position":"center center","background-size":"auto","background-attachment":"scroll","background-type":"","background-media":"","overlay-type":"","overlay-color":"","overlay-opacity":"","overlay-gradient":""},"tablet":{"background-color":"","background-image":"","background-repeat":"repeat","background-position":"center center","background-size":"auto","background-attachment":"scroll","background-type":"","background-media":"","overlay-type":"","overlay-color":"","overlay-opacity":"","overlay-gradient":""},"mobile":{"background-color":"","background-image":"","background-repeat":"repeat","background-position":"center center","background-size":"auto","background-attachment":"scroll","background-type":"","background-media":"","overlay-type":"","overlay-color":"","overlay-opacity":"","overlay-gradient":""}},"ast-content-background-meta":{"desktop":{"background-color":"var(--ast-global-color-4)","background-image":"","background-repeat":"repeat","background-position":"center center","background-size":"auto","background-attachment":"scroll","background-type":"","background-media":"","overlay-type":"","overlay-color":"","overlay-opacity":"","overlay-gradient":""},"tablet":{"background-color":"var(--ast-global-color-4)","background-image":"","background-repeat":"repeat","background-position":"center center","background-size":"auto","background-attachment":"scroll","background-type":"","background-media":"","overlay-type":"","overlay-color":"","overlay-opacity":"","overlay-gradient":""},"mobile":{"background-color":"var(--ast-global-color-4)","background-image":"","background-repeat":"repeat","background-position":"center center","background-size":"auto","background-attachment":"scroll","background-type":"","background-media":"","overlay-type":"","overlay-color":"","overlay-opacity":"","overlay-gradient":""}}},"product_brand":[],"product_cat":[1168,1191],"product_tag":[],"class_list":{"0":"post-11162","1":"product","2":"type-product","3":"status-publish","4":"has-post-thumbnail","6":"product_cat-moteur-a-balais-a-courant-continu","7":"product_cat-micro-moteur-a-balais-a-courant-continu","8":"desktop-align-left","9":"tablet-align-left","10":"mobile-align-left","12":"first","13":"instock","14":"shipping-taxable","15":"product-type-simple"},"yoast_head":"<!-- This site is optimized with the Yoast SEO plugin v27.2 - https:\/\/yoast.com\/product\/yoast-seo-wordpress\/ -->\n<title>Micro Moteur \u00e0 Balais CC FS-5412SA &#8211; Leili Motor<\/title>\n<meta name=\"description\" content=\"Le moteur \u00e0 micro-balais CC FS-5412SA fonctionne \u00e0 120 V, garantissant des performances efficaces avec une entr\u00e9e \u2264 0,5 A, une vitesse \u00e0 vide de 11 200 \u00b1 10 % et une consommation \u00e9lectrique \u2264 6,6 W, id\u00e9al pour les r\u00e9frig\u00e9rateurs.\" \/>\n<meta name=\"robots\" content=\"index, follow, max-snippet:-1, max-image-preview:large, max-video-preview:-1\" \/>\n<link rel=\"canonical\" href=\"https:\/\/www.leili-motor.net\/fr\/micro-moteur-a-balais-cc-fs-5412sa.html\" \/>\n<script type=\"application\/ld+json\" class=\"yoast-schema-graph\">{\"@context\":\"https:\/\/schema.org\",\"@graph\":[{\"@type\":\"WebPage\",\"@id\":\"https:\/\/www.leili-motor.net\/fr\/micro-moteur-a-balais-cc-fs-5412sa.html\",\"url\":\"https:\/\/www.leili-motor.net\/fr\/micro-moteur-a-balais-cc-fs-5412sa.html\",\"name\":\"Micro Moteur \u00e0 Balais CC FS-5412SA &#8211; Leili Motor\",\"isPartOf\":{\"@id\":\"https:\/\/www.leili-motor.net\/fr\/#website\"},\"primaryImageOfPage\":{\"@id\":\"https:\/\/www.leili-motor.net\/fr\/micro-moteur-a-balais-cc-fs-5412sa.html#primaryimage\"},\"image\":{\"@id\":\"https:\/\/www.leili-motor.net\/fr\/micro-moteur-a-balais-cc-fs-5412sa.html#primaryimage\"},\"thumbnailUrl\":\"https:\/\/www.leili-motor.net\/wp-content\/uploads\/2025\/03\/FS-5412SA-Micro-DC-Brush-Motor.png\",\"datePublished\":\"2025-03-05T08:15:22+00:00\",\"description\":\"Le moteur \u00e0 micro-balais CC FS-5412SA fonctionne \u00e0 120 V, garantissant des performances efficaces avec une entr\u00e9e \u2264 0,5 A, une vitesse \u00e0 vide de 11 200 \u00b1 10 % et une consommation \u00e9lectrique \u2264 6,6 W, id\u00e9al pour les r\u00e9frig\u00e9rateurs.\",\"breadcrumb\":{\"@id\":\"https:\/\/www.leili-motor.net\/fr\/micro-moteur-a-balais-cc-fs-5412sa.html#breadcrumb\"},\"inLanguage\":\"fr-FR\",\"potentialAction\":[{\"@type\":\"ReadAction\",\"target\":[\"https:\/\/www.leili-motor.net\/fr\/micro-moteur-a-balais-cc-fs-5412sa.html\"]}]},{\"@type\":\"ImageObject\",\"inLanguage\":\"fr-FR\",\"@id\":\"https:\/\/www.leili-motor.net\/fr\/micro-moteur-a-balais-cc-fs-5412sa.html#primaryimage\",\"url\":\"https:\/\/www.leili-motor.net\/wp-content\/uploads\/2025\/03\/FS-5412SA-Micro-DC-Brush-Motor.png\",\"contentUrl\":\"https:\/\/www.leili-motor.net\/wp-content\/uploads\/2025\/03\/FS-5412SA-Micro-DC-Brush-Motor.png\",\"width\":454,\"height\":310,\"caption\":\"Micro-moteur \u00e0 balais CC FS-5412SA\"},{\"@type\":\"BreadcrumbList\",\"@id\":\"https:\/\/www.leili-motor.net\/fr\/micro-moteur-a-balais-cc-fs-5412sa.html#breadcrumb\",\"itemListElement\":[{\"@type\":\"ListItem\",\"position\":1,\"name\":\"Home\",\"item\":\"https:\/\/www.leili-motor.net\/fr\/\"},{\"@type\":\"ListItem\",\"position\":2,\"name\":\"Produits\",\"item\":\"https:\/\/www.leili-motor.net\/fr\/produits\/\"},{\"@type\":\"ListItem\",\"position\":3,\"name\":\"Micro Moteur \u00e0 Balais CC FS-5412SA\"}]},{\"@type\":\"WebSite\",\"@id\":\"https:\/\/www.leili-motor.net\/fr\/#website\",\"url\":\"https:\/\/www.leili-motor.net\/fr\/\",\"name\":\"Leili Motor\",\"description\":\"\",\"publisher\":{\"@id\":\"https:\/\/www.leili-motor.net\/fr\/#organization\"},\"potentialAction\":[{\"@type\":\"SearchAction\",\"target\":{\"@type\":\"EntryPoint\",\"urlTemplate\":\"https:\/\/www.leili-motor.net\/fr\/?s={search_term_string}\"},\"query-input\":{\"@type\":\"PropertyValueSpecification\",\"valueRequired\":true,\"valueName\":\"search_term_string\"}}],\"inLanguage\":\"fr-FR\"},{\"@type\":\"Organization\",\"@id\":\"https:\/\/www.leili-motor.net\/fr\/#organization\",\"name\":\"Leili Motor\",\"url\":\"https:\/\/www.leili-motor.net\/fr\/\",\"logo\":{\"@type\":\"ImageObject\",\"inLanguage\":\"fr-FR\",\"@id\":\"https:\/\/www.leili-motor.net\/fr\/#\/schema\/logo\/image\/\",\"url\":\"https:\/\/www.leili-motor.net\/wp-content\/uploads\/2025\/03\/Leili-Motor.png\",\"contentUrl\":\"https:\/\/www.leili-motor.net\/wp-content\/uploads\/2025\/03\/Leili-Motor.png\",\"width\":600,\"height\":156,\"caption\":\"Leili Motor\"},\"image\":{\"@id\":\"https:\/\/www.leili-motor.net\/fr\/#\/schema\/logo\/image\/\"}}]}<\/script>\n<!-- \/ Yoast SEO plugin. -->","yoast_head_json":{"title":"Micro Moteur \u00e0 Balais CC FS-5412SA &#8211; Leili Motor","description":"Le moteur \u00e0 micro-balais CC FS-5412SA fonctionne \u00e0 120 V, garantissant des performances efficaces avec une entr\u00e9e \u2264 0,5 A, une vitesse \u00e0 vide de 11 200 \u00b1 10 % et une consommation \u00e9lectrique \u2264 6,6 W, id\u00e9al pour les r\u00e9frig\u00e9rateurs.","robots":{"index":"index","follow":"follow","max-snippet":"max-snippet:-1","max-image-preview":"max-image-preview:large","max-video-preview":"max-video-preview:-1"},"canonical":"https:\/\/www.leili-motor.net\/fr\/micro-moteur-a-balais-cc-fs-5412sa.html","schema":{"@context":"https:\/\/schema.org","@graph":[{"@type":"WebPage","@id":"https:\/\/www.leili-motor.net\/fr\/micro-moteur-a-balais-cc-fs-5412sa.html","url":"https:\/\/www.leili-motor.net\/fr\/micro-moteur-a-balais-cc-fs-5412sa.html","name":"Micro Moteur \u00e0 Balais CC FS-5412SA &#8211; Leili Motor","isPartOf":{"@id":"https:\/\/www.leili-motor.net\/fr\/#website"},"primaryImageOfPage":{"@id":"https:\/\/www.leili-motor.net\/fr\/micro-moteur-a-balais-cc-fs-5412sa.html#primaryimage"},"image":{"@id":"https:\/\/www.leili-motor.net\/fr\/micro-moteur-a-balais-cc-fs-5412sa.html#primaryimage"},"thumbnailUrl":"https:\/\/www.leili-motor.net\/wp-content\/uploads\/2025\/03\/FS-5412SA-Micro-DC-Brush-Motor.png","datePublished":"2025-03-05T08:15:22+00:00","description":"Le moteur \u00e0 micro-balais CC FS-5412SA fonctionne \u00e0 120 V, garantissant des performances efficaces avec une entr\u00e9e \u2264 0,5 A, une vitesse \u00e0 vide de 11 200 \u00b1 10 % et une consommation \u00e9lectrique \u2264 6,6 W, id\u00e9al pour les r\u00e9frig\u00e9rateurs.","breadcrumb":{"@id":"https:\/\/www.leili-motor.net\/fr\/micro-moteur-a-balais-cc-fs-5412sa.html#breadcrumb"},"inLanguage":"fr-FR","potentialAction":[{"@type":"ReadAction","target":["https:\/\/www.leili-motor.net\/fr\/micro-moteur-a-balais-cc-fs-5412sa.html"]}]},{"@type":"ImageObject","inLanguage":"fr-FR","@id":"https:\/\/www.leili-motor.net\/fr\/micro-moteur-a-balais-cc-fs-5412sa.html#primaryimage","url":"https:\/\/www.leili-motor.net\/wp-content\/uploads\/2025\/03\/FS-5412SA-Micro-DC-Brush-Motor.png","contentUrl":"https:\/\/www.leili-motor.net\/wp-content\/uploads\/2025\/03\/FS-5412SA-Micro-DC-Brush-Motor.png","width":454,"height":310,"caption":"Micro-moteur \u00e0 balais CC FS-5412SA"},{"@type":"BreadcrumbList","@id":"https:\/\/www.leili-motor.net\/fr\/micro-moteur-a-balais-cc-fs-5412sa.html#breadcrumb","itemListElement":[{"@type":"ListItem","position":1,"name":"Home","item":"https:\/\/www.leili-motor.net\/fr\/"},{"@type":"ListItem","position":2,"name":"Produits","item":"https:\/\/www.leili-motor.net\/fr\/produits\/"},{"@type":"ListItem","position":3,"name":"Micro Moteur \u00e0 Balais CC FS-5412SA"}]},{"@type":"WebSite","@id":"https:\/\/www.leili-motor.net\/fr\/#website","url":"https:\/\/www.leili-motor.net\/fr\/","name":"Leili Motor","description":"","publisher":{"@id":"https:\/\/www.leili-motor.net\/fr\/#organization"},"potentialAction":[{"@type":"SearchAction","target":{"@type":"EntryPoint","urlTemplate":"https:\/\/www.leili-motor.net\/fr\/?s={search_term_string}"},"query-input":{"@type":"PropertyValueSpecification","valueRequired":true,"valueName":"search_term_string"}}],"inLanguage":"fr-FR"},{"@type":"Organization","@id":"https:\/\/www.leili-motor.net\/fr\/#organization","name":"Leili Motor","url":"https:\/\/www.leili-motor.net\/fr\/","logo":{"@type":"ImageObject","inLanguage":"fr-FR","@id":"https:\/\/www.leili-motor.net\/fr\/#\/schema\/logo\/image\/","url":"https:\/\/www.leili-motor.net\/wp-content\/uploads\/2025\/03\/Leili-Motor.png","contentUrl":"https:\/\/www.leili-motor.net\/wp-content\/uploads\/2025\/03\/Leili-Motor.png","width":600,"height":156,"caption":"Leili Motor"},"image":{"@id":"https:\/\/www.leili-motor.net\/fr\/#\/schema\/logo\/image\/"}}]}},"_links":{"self":[{"href":"https:\/\/www.leili-motor.net\/fr\/wp-json\/wp\/v2\/product\/11162","targetHints":{"allow":["GET"]}}],"collection":[{"href":"https:\/\/www.leili-motor.net\/fr\/wp-json\/wp\/v2\/product"}],"about":[{"href":"https:\/\/www.leili-motor.net\/fr\/wp-json\/wp\/v2\/types\/product"}],"replies":[{"embeddable":true,"href":"https:\/\/www.leili-motor.net\/fr\/wp-json\/wp\/v2\/comments?post=11162"}],"wp:featuredmedia":[{"embeddable":true,"href":"https:\/\/www.leili-motor.net\/fr\/wp-json\/wp\/v2\/media\/11163"}],"wp:attachment":[{"href":"https:\/\/www.leili-motor.net\/fr\/wp-json\/wp\/v2\/media?parent=11162"}],"wp:term":[{"taxonomy":"product_brand","embeddable":true,"href":"https:\/\/www.leili-motor.net\/fr\/wp-json\/wp\/v2\/product_brand?post=11162"},{"taxonomy":"product_cat","embeddable":true,"href":"https:\/\/www.leili-motor.net\/fr\/wp-json\/wp\/v2\/product_cat?post=11162"},{"taxonomy":"product_tag","embeddable":true,"href":"https:\/\/www.leili-motor.net\/fr\/wp-json\/wp\/v2\/product_tag?post=11162"}],"curies":[{"name":"wp","href":"https:\/\/api.w.org\/{rel}","templated":true}]}}