{"id":11165,"date":"2025-03-06T16:13:04","date_gmt":"2025-03-06T08:13:04","guid":{"rendered":"https:\/\/www.leili-motor.net\/ensemble-de-vanne-de-regulation-de-temperature\/"},"modified":"2025-03-06T16:13:04","modified_gmt":"2025-03-06T08:13:04","slug":"ensemble-de-vanne-de-regulation-de-temperature","status":"publish","type":"product","link":"https:\/\/www.leili-motor.net\/fr\/ensemble-de-vanne-de-regulation-de-temperature.html","title":{"rendered":"Ensemble de vanne de r\u00e9gulation de temp\u00e9rature"},"content":{"rendered":"<h2>Param\u00e8tres du produit<\/h2>\n<table>\n<tbody>\n<tr>\n<td>Tension nominale (V)<\/td>\n<td>R\u00e9sistance d&rsquo;isolement<\/td>\n<td>Angle de pas<\/td>\n<td>Rapport de r\u00e9duction<\/td>\n<td>Coupled&rsquo;attraction<br \/>\n (mN\u00b7m)<\/td>\n<td>Couple de d\u00e9tente<br \/>\n(mN\u00b7m)<\/td>\n<td>Courant 11 V, 33 pps<br \/>\nD\u00e9marrage \u00e0 vide<\/td>\n<td>Max. Fr\u00e9quence de tirage \u00e0 charge libre<br \/>\n(PPS)<\/td>\n<td>R\u00e9sistance d&rsquo;isolement DC500V<br \/>\n(M\u03a9)<\/td>\n<td>Niveau sonore<br \/>\ndB(A)<\/td>\n<\/tr>\n<tr>\n<td>12<\/td>\n<td>35<\/td>\n<td>7.5\u00b0\/64.34<\/td>\n<td>1\/64.34<\/td>\n<td>\u2265 784<\/td>\n<td>\u2265198<\/td>\n<td>\u2264 450<\/td>\n<td>\u2265 600<\/td>\n<td>\u2605\u2265 58<\/td>\n<td>\u2264 50<\/td>\n<\/tr>\n<tr>\n<td>15<\/td>\n<td>56<\/td>\n<td>7.5\u00b0\/64.34<\/td>\n<td>1\/64.34<\/td>\n<td>\u2265784<\/td>\n<td>\u2265198<\/td>\n<td>\u2264 350<\/td>\n<td>\u2265 600<\/td>\n<td>\u2605\u2265 58<\/td>\n<td>\u2264 50<\/td>\n<\/tr>\n<tr>\n<td>24<\/td>\n<td>140<\/td>\n<td>7.5\u00b0\/64.34<\/td>\n<td>1\/64.34<\/td>\n<td>\u2265784<\/td>\n<td>\u2265198<\/td>\n<td>\u2264 450<\/td>\n<td>\u2265 600<\/td>\n<td>\u2605\u2265 58<\/td>\n<td>\u2264 50<\/td>\n<\/tr>\n<\/tbody>\n<\/table>\n<h2>Dimension m\u00e9canique : mm<\/h2>\n<p><img fetchpriority=\"high\" decoding=\"async\" class=\"alignnone size-full wp-image-1059\" src=\"https:\/\/www.leili-motor.net\/wp-content\/uploads\/2025\/03\/Mechanical-Dimension-for-Temperature-Control-Valve-Assembly.webp\" alt=\"Dimension m\u00e9canique de l'ensemble vanne de r\u00e9gulation de temp\u00e9rature\" width=\"1297\" height=\"627\" srcset=\"https:\/\/www.leili-motor.net\/wp-content\/uploads\/2025\/03\/Mechanical-Dimension-for-Temperature-Control-Valve-Assembly.webp 1297w, https:\/\/www.leili-motor.net\/wp-content\/uploads\/2025\/03\/Mechanical-Dimension-for-Temperature-Control-Valve-Assembly-300x145.webp 300w, https:\/\/www.leili-motor.net\/wp-content\/uploads\/2025\/03\/Mechanical-Dimension-for-Temperature-Control-Valve-Assembly-1024x495.webp 1024w, https:\/\/www.leili-motor.net\/wp-content\/uploads\/2025\/03\/Mechanical-Dimension-for-Temperature-Control-Valve-Assembly-768x371.webp 768w, https:\/\/www.leili-motor.net\/wp-content\/uploads\/2025\/03\/Mechanical-Dimension-for-Temperature-Control-Valve-Assembly-600x290.webp 600w\" sizes=\"(max-width: 1297px) 100vw, 1297px\" \/><\/p>\n","protected":false},"excerpt":{"rendered":"<h3>Pr\u00e9sentation du produit<\/h3>\n<ul>\n<li>Pour les chauffe-eau<\/li>\n<li>Tension nominale et isolation : fonctionne \u00e0 12\u201324 V avec une r\u00e9sistance d&rsquo;isolation \u00e9lev\u00e9e, garantissant des performances fiables.<\/li>\n<li>Pr\u00e9cision et efficacit\u00e9 : angle de pas de 7,5\u00b0 et rapport de r\u00e9duction de 1\/64,34, garantissant un fonctionnement fluide et pr\u00e9cis.<\/li>\n<li>Couple et fr\u00e9quence : Fournit un couple de traction \u2265 784 mN\u00b7m, une fr\u00e9quence de charge libre \u2265 600 PPS et un bruit \u2264 50 dB(A)<\/li>\n<\/ul>\n<h3>Application du produit<\/h3>\n<ul>\n<li>Chauffe-eau<\/li>\n<\/ul>\n","protected":false},"featured_media":11166,"comment_status":"open","ping_status":"closed","template":"","meta":{"site-sidebar-layout":"default","site-content-layout":"","ast-site-content-layout":"default","site-content-style":"default","site-sidebar-style":"default","ast-global-header-display":"","ast-banner-title-visibility":"","ast-main-header-display":"","ast-hfb-above-header-display":"","ast-hfb-below-header-display":"","ast-hfb-mobile-header-display":"","site-post-title":"","ast-breadcrumbs-content":"","ast-featured-img":"","footer-sml-layout":"","theme-transparent-header-meta":"default","adv-header-id-meta":"","stick-header-meta":"","header-above-stick-meta":"","header-main-stick-meta":"","header-below-stick-meta":"","astra-migrate-meta-layouts":"default","ast-page-background-enabled":"default","ast-page-background-meta":{"desktop":{"background-color":"var(--ast-global-color-5)","background-image":"","background-repeat":"repeat","background-position":"center center","background-size":"auto","background-attachment":"scroll","background-type":"","background-media":"","overlay-type":"","overlay-color":"","overlay-opacity":"","overlay-gradient":""},"tablet":{"background-color":"","background-image":"","background-repeat":"repeat","background-position":"center center","background-size":"auto","background-attachment":"scroll","background-type":"","background-media":"","overlay-type":"","overlay-color":"","overlay-opacity":"","overlay-gradient":""},"mobile":{"background-color":"","background-image":"","background-repeat":"repeat","background-position":"center center","background-size":"auto","background-attachment":"scroll","background-type":"","background-media":"","overlay-type":"","overlay-color":"","overlay-opacity":"","overlay-gradient":""}},"ast-content-background-meta":{"desktop":{"background-color":"var(--ast-global-color-4)","background-image":"","background-repeat":"repeat","background-position":"center center","background-size":"auto","background-attachment":"scroll","background-type":"","background-media":"","overlay-type":"","overlay-color":"","overlay-opacity":"","overlay-gradient":""},"tablet":{"background-color":"var(--ast-global-color-4)","background-image":"","background-repeat":"repeat","background-position":"center center","background-size":"auto","background-attachment":"scroll","background-type":"","background-media":"","overlay-type":"","overlay-color":"","overlay-opacity":"","overlay-gradient":""},"mobile":{"background-color":"var(--ast-global-color-4)","background-image":"","background-repeat":"repeat","background-position":"center center","background-size":"auto","background-attachment":"scroll","background-type":"","background-media":"","overlay-type":"","overlay-color":"","overlay-opacity":"","overlay-gradient":""}}},"product_brand":[],"product_cat":[1150,1195],"product_tag":[1177],"class_list":{"0":"post-11165","1":"product","2":"type-product","3":"status-publish","4":"has-post-thumbnail","6":"product_cat-composants","7":"product_cat-composants-dappareils-electromenagers","8":"product_tag-appareils-electromenagers-autres-pieces","9":"pa_application-appareil-electromenager","10":"desktop-align-left","11":"tablet-align-left","12":"mobile-align-left","14":"first","15":"instock","16":"shipping-taxable","17":"product-type-simple"},"yoast_head":"<!-- This site is optimized with the Yoast SEO plugin v27.2 - https:\/\/yoast.com\/product\/yoast-seo-wordpress\/ -->\n<title>Ensemble de vanne de r\u00e9gulation de temp\u00e9rature &#8211; Leili Motor<\/title>\n<meta name=\"description\" content=\"Nos vannes de r\u00e9gulation de temp\u00e9rature pr\u00e9sentent une r\u00e9sistance d&#039;isolation \u00e9lev\u00e9e, des performances fiables, des angles de pas pr\u00e9cis, un couple de traction robuste et un faible bruit.\" \/>\n<meta name=\"robots\" content=\"index, follow, max-snippet:-1, max-image-preview:large, max-video-preview:-1\" \/>\n<link rel=\"canonical\" href=\"https:\/\/www.leili-motor.net\/fr\/ensemble-de-vanne-de-regulation-de-temperature.html\" \/>\n<script type=\"application\/ld+json\" class=\"yoast-schema-graph\">{\"@context\":\"https:\/\/schema.org\",\"@graph\":[{\"@type\":\"WebPage\",\"@id\":\"https:\/\/www.leili-motor.net\/fr\/ensemble-de-vanne-de-regulation-de-temperature.html\",\"url\":\"https:\/\/www.leili-motor.net\/fr\/ensemble-de-vanne-de-regulation-de-temperature.html\",\"name\":\"Ensemble de vanne de r\u00e9gulation de temp\u00e9rature &#8211; Leili Motor\",\"isPartOf\":{\"@id\":\"https:\/\/www.leili-motor.net\/fr\/#website\"},\"primaryImageOfPage\":{\"@id\":\"https:\/\/www.leili-motor.net\/fr\/ensemble-de-vanne-de-regulation-de-temperature.html#primaryimage\"},\"image\":{\"@id\":\"https:\/\/www.leili-motor.net\/fr\/ensemble-de-vanne-de-regulation-de-temperature.html#primaryimage\"},\"thumbnailUrl\":\"https:\/\/www.leili-motor.net\/wp-content\/uploads\/2025\/03\/Temperature-Control-Valve-Assembly.webp\",\"datePublished\":\"2025-03-06T08:13:04+00:00\",\"description\":\"Nos vannes de r\u00e9gulation de temp\u00e9rature pr\u00e9sentent une r\u00e9sistance d'isolation \u00e9lev\u00e9e, des performances fiables, des angles de pas pr\u00e9cis, un couple de traction robuste et un faible bruit.\",\"breadcrumb\":{\"@id\":\"https:\/\/www.leili-motor.net\/fr\/ensemble-de-vanne-de-regulation-de-temperature.html#breadcrumb\"},\"inLanguage\":\"fr-FR\",\"potentialAction\":[{\"@type\":\"ReadAction\",\"target\":[\"https:\/\/www.leili-motor.net\/fr\/ensemble-de-vanne-de-regulation-de-temperature.html\"]}]},{\"@type\":\"ImageObject\",\"inLanguage\":\"fr-FR\",\"@id\":\"https:\/\/www.leili-motor.net\/fr\/ensemble-de-vanne-de-regulation-de-temperature.html#primaryimage\",\"url\":\"https:\/\/www.leili-motor.net\/wp-content\/uploads\/2025\/03\/Temperature-Control-Valve-Assembly.webp\",\"contentUrl\":\"https:\/\/www.leili-motor.net\/wp-content\/uploads\/2025\/03\/Temperature-Control-Valve-Assembly.webp\",\"width\":454,\"height\":310,\"caption\":\"Ensemble de vanne de r\u00e9gulation de temp\u00e9rature\"},{\"@type\":\"BreadcrumbList\",\"@id\":\"https:\/\/www.leili-motor.net\/fr\/ensemble-de-vanne-de-regulation-de-temperature.html#breadcrumb\",\"itemListElement\":[{\"@type\":\"ListItem\",\"position\":1,\"name\":\"Home\",\"item\":\"https:\/\/www.leili-motor.net\/fr\/\"},{\"@type\":\"ListItem\",\"position\":2,\"name\":\"Produits\",\"item\":\"https:\/\/www.leili-motor.net\/fr\/produits\/\"},{\"@type\":\"ListItem\",\"position\":3,\"name\":\"Ensemble de vanne de r\u00e9gulation de temp\u00e9rature\"}]},{\"@type\":\"WebSite\",\"@id\":\"https:\/\/www.leili-motor.net\/fr\/#website\",\"url\":\"https:\/\/www.leili-motor.net\/fr\/\",\"name\":\"Leili Motor\",\"description\":\"\",\"publisher\":{\"@id\":\"https:\/\/www.leili-motor.net\/fr\/#organization\"},\"potentialAction\":[{\"@type\":\"SearchAction\",\"target\":{\"@type\":\"EntryPoint\",\"urlTemplate\":\"https:\/\/www.leili-motor.net\/fr\/?s={search_term_string}\"},\"query-input\":{\"@type\":\"PropertyValueSpecification\",\"valueRequired\":true,\"valueName\":\"search_term_string\"}}],\"inLanguage\":\"fr-FR\"},{\"@type\":\"Organization\",\"@id\":\"https:\/\/www.leili-motor.net\/fr\/#organization\",\"name\":\"Leili Motor\",\"url\":\"https:\/\/www.leili-motor.net\/fr\/\",\"logo\":{\"@type\":\"ImageObject\",\"inLanguage\":\"fr-FR\",\"@id\":\"https:\/\/www.leili-motor.net\/fr\/#\/schema\/logo\/image\/\",\"url\":\"https:\/\/www.leili-motor.net\/wp-content\/uploads\/2025\/03\/Leili-Motor.png\",\"contentUrl\":\"https:\/\/www.leili-motor.net\/wp-content\/uploads\/2025\/03\/Leili-Motor.png\",\"width\":600,\"height\":156,\"caption\":\"Leili Motor\"},\"image\":{\"@id\":\"https:\/\/www.leili-motor.net\/fr\/#\/schema\/logo\/image\/\"}}]}<\/script>\n<!-- \/ Yoast SEO plugin. -->","yoast_head_json":{"title":"Ensemble de vanne de r\u00e9gulation de temp\u00e9rature &#8211; Leili Motor","description":"Nos vannes de r\u00e9gulation de temp\u00e9rature pr\u00e9sentent une r\u00e9sistance d'isolation \u00e9lev\u00e9e, des performances fiables, des angles de pas pr\u00e9cis, un couple de traction robuste et un faible bruit.","robots":{"index":"index","follow":"follow","max-snippet":"max-snippet:-1","max-image-preview":"max-image-preview:large","max-video-preview":"max-video-preview:-1"},"canonical":"https:\/\/www.leili-motor.net\/fr\/ensemble-de-vanne-de-regulation-de-temperature.html","schema":{"@context":"https:\/\/schema.org","@graph":[{"@type":"WebPage","@id":"https:\/\/www.leili-motor.net\/fr\/ensemble-de-vanne-de-regulation-de-temperature.html","url":"https:\/\/www.leili-motor.net\/fr\/ensemble-de-vanne-de-regulation-de-temperature.html","name":"Ensemble de vanne de r\u00e9gulation de temp\u00e9rature &#8211; Leili Motor","isPartOf":{"@id":"https:\/\/www.leili-motor.net\/fr\/#website"},"primaryImageOfPage":{"@id":"https:\/\/www.leili-motor.net\/fr\/ensemble-de-vanne-de-regulation-de-temperature.html#primaryimage"},"image":{"@id":"https:\/\/www.leili-motor.net\/fr\/ensemble-de-vanne-de-regulation-de-temperature.html#primaryimage"},"thumbnailUrl":"https:\/\/www.leili-motor.net\/wp-content\/uploads\/2025\/03\/Temperature-Control-Valve-Assembly.webp","datePublished":"2025-03-06T08:13:04+00:00","description":"Nos vannes de r\u00e9gulation de temp\u00e9rature pr\u00e9sentent une r\u00e9sistance d'isolation \u00e9lev\u00e9e, des performances fiables, des angles de pas pr\u00e9cis, un couple de traction robuste et un faible bruit.","breadcrumb":{"@id":"https:\/\/www.leili-motor.net\/fr\/ensemble-de-vanne-de-regulation-de-temperature.html#breadcrumb"},"inLanguage":"fr-FR","potentialAction":[{"@type":"ReadAction","target":["https:\/\/www.leili-motor.net\/fr\/ensemble-de-vanne-de-regulation-de-temperature.html"]}]},{"@type":"ImageObject","inLanguage":"fr-FR","@id":"https:\/\/www.leili-motor.net\/fr\/ensemble-de-vanne-de-regulation-de-temperature.html#primaryimage","url":"https:\/\/www.leili-motor.net\/wp-content\/uploads\/2025\/03\/Temperature-Control-Valve-Assembly.webp","contentUrl":"https:\/\/www.leili-motor.net\/wp-content\/uploads\/2025\/03\/Temperature-Control-Valve-Assembly.webp","width":454,"height":310,"caption":"Ensemble de vanne de r\u00e9gulation de temp\u00e9rature"},{"@type":"BreadcrumbList","@id":"https:\/\/www.leili-motor.net\/fr\/ensemble-de-vanne-de-regulation-de-temperature.html#breadcrumb","itemListElement":[{"@type":"ListItem","position":1,"name":"Home","item":"https:\/\/www.leili-motor.net\/fr\/"},{"@type":"ListItem","position":2,"name":"Produits","item":"https:\/\/www.leili-motor.net\/fr\/produits\/"},{"@type":"ListItem","position":3,"name":"Ensemble de vanne de r\u00e9gulation de temp\u00e9rature"}]},{"@type":"WebSite","@id":"https:\/\/www.leili-motor.net\/fr\/#website","url":"https:\/\/www.leili-motor.net\/fr\/","name":"Leili Motor","description":"","publisher":{"@id":"https:\/\/www.leili-motor.net\/fr\/#organization"},"potentialAction":[{"@type":"SearchAction","target":{"@type":"EntryPoint","urlTemplate":"https:\/\/www.leili-motor.net\/fr\/?s={search_term_string}"},"query-input":{"@type":"PropertyValueSpecification","valueRequired":true,"valueName":"search_term_string"}}],"inLanguage":"fr-FR"},{"@type":"Organization","@id":"https:\/\/www.leili-motor.net\/fr\/#organization","name":"Leili Motor","url":"https:\/\/www.leili-motor.net\/fr\/","logo":{"@type":"ImageObject","inLanguage":"fr-FR","@id":"https:\/\/www.leili-motor.net\/fr\/#\/schema\/logo\/image\/","url":"https:\/\/www.leili-motor.net\/wp-content\/uploads\/2025\/03\/Leili-Motor.png","contentUrl":"https:\/\/www.leili-motor.net\/wp-content\/uploads\/2025\/03\/Leili-Motor.png","width":600,"height":156,"caption":"Leili Motor"},"image":{"@id":"https:\/\/www.leili-motor.net\/fr\/#\/schema\/logo\/image\/"}}]}},"_links":{"self":[{"href":"https:\/\/www.leili-motor.net\/fr\/wp-json\/wp\/v2\/product\/11165","targetHints":{"allow":["GET"]}}],"collection":[{"href":"https:\/\/www.leili-motor.net\/fr\/wp-json\/wp\/v2\/product"}],"about":[{"href":"https:\/\/www.leili-motor.net\/fr\/wp-json\/wp\/v2\/types\/product"}],"replies":[{"embeddable":true,"href":"https:\/\/www.leili-motor.net\/fr\/wp-json\/wp\/v2\/comments?post=11165"}],"wp:featuredmedia":[{"embeddable":true,"href":"https:\/\/www.leili-motor.net\/fr\/wp-json\/wp\/v2\/media\/11166"}],"wp:attachment":[{"href":"https:\/\/www.leili-motor.net\/fr\/wp-json\/wp\/v2\/media?parent=11165"}],"wp:term":[{"taxonomy":"product_brand","embeddable":true,"href":"https:\/\/www.leili-motor.net\/fr\/wp-json\/wp\/v2\/product_brand?post=11165"},{"taxonomy":"product_cat","embeddable":true,"href":"https:\/\/www.leili-motor.net\/fr\/wp-json\/wp\/v2\/product_cat?post=11165"},{"taxonomy":"product_tag","embeddable":true,"href":"https:\/\/www.leili-motor.net\/fr\/wp-json\/wp\/v2\/product_tag?post=11165"}],"curies":[{"name":"wp","href":"https:\/\/api.w.org\/{rel}","templated":true}]}}