{"id":11171,"date":"2025-03-06T16:35:12","date_gmt":"2025-03-06T08:35:12","guid":{"rendered":"https:\/\/www.leili-motor.net\/moteur-pas-a-pas-hybride-42bygh\/"},"modified":"2025-03-06T16:35:12","modified_gmt":"2025-03-06T08:35:12","slug":"moteur-pas-a-pas-hybride-42bygh","status":"publish","type":"product","link":"https:\/\/www.leili-motor.net\/fr\/moteur-pas-a-pas-hybride-42bygh.html","title":{"rendered":"Moteur pas \u00e0 pas hybride 42BYGH"},"content":{"rendered":"<h2>Param\u00e8tres du produit<\/h2>\n<h3>Commande unipolaire<\/h3>\n<table>\n<tbody>\n<tr>\n<td>Mod\u00e8le de moteur<\/td>\n<td>Angle de pas<\/td>\n<td>Tension de phase<\/td>\n<td>Actuel<\/td>\n<td>R\u00e9sistance<\/td>\n<td>Inductance<\/td>\n<td>Couple de maintien<\/td>\n<td>Couple de fonctionnement<\/td>\n<td>Fr\u00e9quence de d\u00e9marrage<\/td>\n<td>Fr\u00e9quence d&rsquo;exercice<\/td>\n<td>Poids<\/td>\n<td>Hauteur totale<\/td>\n<\/tr>\n<tr>\n<td><\/td>\n<td>(\u00b0)<\/td>\n<td>(VDC)<\/td>\n<td>(A)<\/td>\n<td>(\u03a9)<\/td>\n<td>(mH)<\/td>\n<td>(mN.m)<\/td>\n<td>(mN.m)<\/td>\n<td>(PPS)<\/td>\n<td>(PPS)<\/td>\n<td>(kg)<\/td>\n<td>(mm)<\/td>\n<\/tr>\n<tr>\n<td>42BYGH15-1<\/td>\n<td>1.8<\/td>\n<td>12.3<\/td>\n<td>0.28<\/td>\n<td>44<\/td>\n<td>21<\/td>\n<td>\u2265160<\/td>\n<td>\u2265120<\/td>\n<td>1700<\/td>\n<td>2700<\/td>\n<td>0.2<\/td>\n<td>34<\/td>\n<\/tr>\n<tr>\n<td>42BYGH22-1<\/td>\n<td>1.8<\/td>\n<td>3.6<\/td>\n<td>0.8<\/td>\n<td>4.5<\/td>\n<td>4<\/td>\n<td>\u2265235<\/td>\n<td>\u2265170<\/td>\n<td>1600<\/td>\n<td>3600<\/td>\n<td>0.3<\/td>\n<td>40<\/td>\n<\/tr>\n<tr>\n<td>42BYGH22-2<\/td>\n<td>1.8<\/td>\n<td>9.6<\/td>\n<td>0.53<\/td>\n<td>18<\/td>\n<td>15<\/td>\n<td>\u2265260<\/td>\n<td>\u2265130<\/td>\n<td>1600<\/td>\n<td>2500<\/td>\n<td>0.3<\/td>\n<td>40<\/td>\n<\/tr>\n<tr>\n<td>42BYGH30-15<\/td>\n<td>0.9<\/td>\n<td>2.2<\/td>\n<td>2<\/td>\n<td>1.1<\/td>\n<td>0.9<\/td>\n<td>\u2265313<\/td>\n<td>\u2265160<\/td>\n<td>2000<\/td>\n<td>3000<\/td>\n<td>0.42<\/td>\n<td>48<\/td>\n<\/tr>\n<\/tbody>\n<\/table>\n<h3>entra\u00eenement bipolaire<\/h3>\n<table>\n<tbody>\n<tr>\n<td>Mod\u00e8le de moteur<\/td>\n<td>Angle de pas<\/td>\n<td>Tension de phase<\/td>\n<td>Actuel<\/td>\n<td>R\u00e9sistance<\/td>\n<td>Inductance<\/td>\n<td>Couple de maintien<\/td>\n<td>Couple de fonctionnement<\/td>\n<td>Fr\u00e9quence de d\u00e9marrage<\/td>\n<td>Fr\u00e9quence d&rsquo;exercice<\/td>\n<td>Poids<\/td>\n<td>Hauteur totale<\/td>\n<\/tr>\n<tr>\n<td><\/td>\n<td>(\u00b0)<\/td>\n<td>(VDC)<\/td>\n<td>(A)<\/td>\n<td>(\u03a9)<\/td>\n<td>(mH)<\/td>\n<td>(mN.m)<\/td>\n<td>(mN.m)<\/td>\n<td>(PPS)<\/td>\n<td>(PPS)<\/td>\n<td>(kg)<\/td>\n<td>(mm)<\/td>\n<\/tr>\n<tr>\n<td>42BYGH15-3<\/td>\n<td>1.8<\/td>\n<td>12<\/td>\n<td>0.4<\/td>\n<td>30<\/td>\n<td>37<\/td>\n<td>\u2265255<\/td>\n<td>\u2265200<\/td>\n<td>2200<\/td>\n<td>3500<\/td>\n<td>0.2<\/td>\n<td>34<\/td>\n<\/tr>\n<tr>\n<td>42BYGH22-3<\/td>\n<td>1.8<\/td>\n<td>87<\/td>\n<td>0.87<\/td>\n<td>3.3<\/td>\n<td>5<\/td>\n<td>\u2265235<\/td>\n<td>\u2265190<\/td>\n<td>2500<\/td>\n<td>6000<\/td>\n<td>0.3<\/td>\n<td>40<\/td>\n<\/tr>\n<tr>\n<td>42BYGH9-1<\/td>\n<td>1.8<\/td>\n<td>3.2<\/td>\n<td>1.7<\/td>\n<td>3.1<\/td>\n<td>4.5<\/td>\n<td>\u2265310<\/td>\n<td>\u2265260<\/td>\n<td>1800<\/td>\n<td>400<\/td>\n<td>0.3<\/td>\n<td>27<\/td>\n<\/tr>\n<\/tbody>\n<\/table>\n<h2>Dimension m\u00e9canique : mm<\/h2>\n<p><img loading=\"lazy\" decoding=\"async\" loading=\"lazy\" class=\"size-full wp-image-1091 aligncenter\" src=\"https:\/\/www.leili-motor.net\/wp-content\/uploads\/2025\/03\/Hybrid-Stepper-Motor-42BYGH-dimension.webp\" alt=\"Moteur pas \u00e0 pas hybride 42BYGH dimension\" width=\"759\" height=\"562\" srcset=\"https:\/\/www.leili-motor.net\/wp-content\/uploads\/2025\/03\/Hybrid-Stepper-Motor-42BYGH-dimension.webp 759w, https:\/\/www.leili-motor.net\/wp-content\/uploads\/2025\/03\/Hybrid-Stepper-Motor-42BYGH-dimension-300x222.webp 300w, https:\/\/www.leili-motor.net\/wp-content\/uploads\/2025\/03\/Hybrid-Stepper-Motor-42BYGH-dimension-600x444.webp 600w\" sizes=\"auto, (max-width: 759px) 100vw, 759px\" \/><\/p>\n","protected":false},"excerpt":{"rendered":"<h3>Pr\u00e9sentation du produit<\/h3>\n<ul>\n<li>Mod\u00e8le : 42BYGH<\/li>\n<li>Le moteur pas \u00e0 pas hybride 42BYGH prend en charge les entra\u00eenements unipolaires et bipolaires.<\/li>\n<li>offre un angle de pas de 1,8\u00b0, un courant de 0,28 \u00e0 0,8 A et un couple \u2265 160 \u00e0 313 mN.m.<\/li>\n<\/ul>\n<h3>Application<\/h3>\n<ul>\n<li>Secteur d&rsquo;activit\u00e9 : Moniteurs, \u00e9quipements financiers OA, instruments de pesage, \u00e9clairage de sc\u00e8ne<\/li>\n<li>Sant\u00e9 sportive : Dispositifs m\u00e9dicaux<\/li>\n<\/ul>\n<h3>Pi\u00e8ces optionnelles<\/h3>\n<p>R\u00e9ducteur plan\u00e9taire, vis m\u00e8re, arbre creux, entra\u00eenement<\/p>\n","protected":false},"featured_media":11172,"comment_status":"open","ping_status":"closed","template":"","meta":{"site-sidebar-layout":"default","site-content-layout":"","ast-site-content-layout":"default","site-content-style":"default","site-sidebar-style":"default","ast-global-header-display":"","ast-banner-title-visibility":"","ast-main-header-display":"","ast-hfb-above-header-display":"","ast-hfb-below-header-display":"","ast-hfb-mobile-header-display":"","site-post-title":"","ast-breadcrumbs-content":"","ast-featured-img":"","footer-sml-layout":"","theme-transparent-header-meta":"default","adv-header-id-meta":"","stick-header-meta":"","header-above-stick-meta":"","header-main-stick-meta":"","header-below-stick-meta":"","astra-migrate-meta-layouts":"default","ast-page-background-enabled":"default","ast-page-background-meta":{"desktop":{"background-color":"var(--ast-global-color-5)","background-image":"","background-repeat":"repeat","background-position":"center center","background-size":"auto","background-attachment":"scroll","background-type":"","background-media":"","overlay-type":"","overlay-color":"","overlay-opacity":"","overlay-gradient":""},"tablet":{"background-color":"","background-image":"","background-repeat":"repeat","background-position":"center center","background-size":"auto","background-attachment":"scroll","background-type":"","background-media":"","overlay-type":"","overlay-color":"","overlay-opacity":"","overlay-gradient":""},"mobile":{"background-color":"","background-image":"","background-repeat":"repeat","background-position":"center center","background-size":"auto","background-attachment":"scroll","background-type":"","background-media":"","overlay-type":"","overlay-color":"","overlay-opacity":"","overlay-gradient":""}},"ast-content-background-meta":{"desktop":{"background-color":"var(--ast-global-color-4)","background-image":"","background-repeat":"repeat","background-position":"center center","background-size":"auto","background-attachment":"scroll","background-type":"","background-media":"","overlay-type":"","overlay-color":"","overlay-opacity":"","overlay-gradient":""},"tablet":{"background-color":"var(--ast-global-color-4)","background-image":"","background-repeat":"repeat","background-position":"center center","background-size":"auto","background-attachment":"scroll","background-type":"","background-media":"","overlay-type":"","overlay-color":"","overlay-opacity":"","overlay-gradient":""},"mobile":{"background-color":"var(--ast-global-color-4)","background-image":"","background-repeat":"repeat","background-position":"center center","background-size":"auto","background-attachment":"scroll","background-type":"","background-media":"","overlay-type":"","overlay-color":"","overlay-opacity":"","overlay-gradient":""}}},"product_brand":[],"product_cat":[1210,1246],"product_tag":[],"class_list":{"0":"post-11171","1":"product","2":"type-product","3":"status-publish","4":"has-post-thumbnail","6":"product_cat-moteur-pas-a-pas","7":"product_cat-moteur-pas-a-pas-hybride","8":"pa_application-industrie-fr","9":"desktop-align-left","10":"tablet-align-left","11":"mobile-align-left","13":"first","14":"instock","15":"shipping-taxable","16":"product-type-simple"},"yoast_head":"<!-- This site is optimized with the Yoast SEO plugin v27.2 - https:\/\/yoast.com\/product\/yoast-seo-wordpress\/ -->\n<title>Moteur pas \u00e0 pas hybride 42BYGH &#8211; Leili Motor<\/title>\n<meta name=\"description\" content=\"Le moteur pas \u00e0 pas hybride 42BYGH est dot\u00e9 d&#039;entra\u00eenements unipolaires et bipolaires, offrant des angles de pas de 0,9\u00b0 \u00e0 1,8\u00b0, un couple \u00e9lev\u00e9 et des performances fiables pour un mouvement pr\u00e9cis.\" \/>\n<meta name=\"robots\" content=\"index, follow, max-snippet:-1, max-image-preview:large, max-video-preview:-1\" \/>\n<link rel=\"canonical\" href=\"https:\/\/www.leili-motor.net\/fr\/moteur-pas-a-pas-hybride-42bygh.html\" \/>\n<meta name=\"twitter:label1\" content=\"Dur\u00e9e de lecture estim\u00e9e\" \/>\n\t<meta name=\"twitter:data1\" content=\"1 minute\" \/>\n<script type=\"application\/ld+json\" class=\"yoast-schema-graph\">{\"@context\":\"https:\/\/schema.org\",\"@graph\":[{\"@type\":\"WebPage\",\"@id\":\"https:\/\/www.leili-motor.net\/fr\/moteur-pas-a-pas-hybride-42bygh.html\",\"url\":\"https:\/\/www.leili-motor.net\/fr\/moteur-pas-a-pas-hybride-42bygh.html\",\"name\":\"Moteur pas \u00e0 pas hybride 42BYGH &#8211; Leili Motor\",\"isPartOf\":{\"@id\":\"https:\/\/www.leili-motor.net\/fr\/#website\"},\"primaryImageOfPage\":{\"@id\":\"https:\/\/www.leili-motor.net\/fr\/moteur-pas-a-pas-hybride-42bygh.html#primaryimage\"},\"image\":{\"@id\":\"https:\/\/www.leili-motor.net\/fr\/moteur-pas-a-pas-hybride-42bygh.html#primaryimage\"},\"thumbnailUrl\":\"https:\/\/www.leili-motor.net\/wp-content\/uploads\/2025\/03\/Hybrid-Stepper-Motor-42BYGH.webp\",\"datePublished\":\"2025-03-06T08:35:12+00:00\",\"description\":\"Le moteur pas \u00e0 pas hybride 42BYGH est dot\u00e9 d'entra\u00eenements unipolaires et bipolaires, offrant des angles de pas de 0,9\u00b0 \u00e0 1,8\u00b0, un couple \u00e9lev\u00e9 et des performances fiables pour un mouvement pr\u00e9cis.\",\"breadcrumb\":{\"@id\":\"https:\/\/www.leili-motor.net\/fr\/moteur-pas-a-pas-hybride-42bygh.html#breadcrumb\"},\"inLanguage\":\"fr-FR\",\"potentialAction\":[{\"@type\":\"ReadAction\",\"target\":[\"https:\/\/www.leili-motor.net\/fr\/moteur-pas-a-pas-hybride-42bygh.html\"]}]},{\"@type\":\"ImageObject\",\"inLanguage\":\"fr-FR\",\"@id\":\"https:\/\/www.leili-motor.net\/fr\/moteur-pas-a-pas-hybride-42bygh.html#primaryimage\",\"url\":\"https:\/\/www.leili-motor.net\/wp-content\/uploads\/2025\/03\/Hybrid-Stepper-Motor-42BYGH.webp\",\"contentUrl\":\"https:\/\/www.leili-motor.net\/wp-content\/uploads\/2025\/03\/Hybrid-Stepper-Motor-42BYGH.webp\",\"width\":454,\"height\":310,\"caption\":\"Moteur pas \u00e0 pas hybride 42BYGH\"},{\"@type\":\"BreadcrumbList\",\"@id\":\"https:\/\/www.leili-motor.net\/fr\/moteur-pas-a-pas-hybride-42bygh.html#breadcrumb\",\"itemListElement\":[{\"@type\":\"ListItem\",\"position\":1,\"name\":\"Home\",\"item\":\"https:\/\/www.leili-motor.net\/fr\/\"},{\"@type\":\"ListItem\",\"position\":2,\"name\":\"Produits\",\"item\":\"https:\/\/www.leili-motor.net\/fr\/produits\/\"},{\"@type\":\"ListItem\",\"position\":3,\"name\":\"Moteur pas \u00e0 pas hybride 42BYGH\"}]},{\"@type\":\"WebSite\",\"@id\":\"https:\/\/www.leili-motor.net\/fr\/#website\",\"url\":\"https:\/\/www.leili-motor.net\/fr\/\",\"name\":\"Leili Motor\",\"description\":\"\",\"publisher\":{\"@id\":\"https:\/\/www.leili-motor.net\/fr\/#organization\"},\"potentialAction\":[{\"@type\":\"SearchAction\",\"target\":{\"@type\":\"EntryPoint\",\"urlTemplate\":\"https:\/\/www.leili-motor.net\/fr\/?s={search_term_string}\"},\"query-input\":{\"@type\":\"PropertyValueSpecification\",\"valueRequired\":true,\"valueName\":\"search_term_string\"}}],\"inLanguage\":\"fr-FR\"},{\"@type\":\"Organization\",\"@id\":\"https:\/\/www.leili-motor.net\/fr\/#organization\",\"name\":\"Leili Motor\",\"url\":\"https:\/\/www.leili-motor.net\/fr\/\",\"logo\":{\"@type\":\"ImageObject\",\"inLanguage\":\"fr-FR\",\"@id\":\"https:\/\/www.leili-motor.net\/fr\/#\/schema\/logo\/image\/\",\"url\":\"https:\/\/www.leili-motor.net\/wp-content\/uploads\/2025\/03\/Leili-Motor.png\",\"contentUrl\":\"https:\/\/www.leili-motor.net\/wp-content\/uploads\/2025\/03\/Leili-Motor.png\",\"width\":600,\"height\":156,\"caption\":\"Leili Motor\"},\"image\":{\"@id\":\"https:\/\/www.leili-motor.net\/fr\/#\/schema\/logo\/image\/\"}}]}<\/script>\n<!-- \/ Yoast SEO plugin. -->","yoast_head_json":{"title":"Moteur pas \u00e0 pas hybride 42BYGH &#8211; Leili Motor","description":"Le moteur pas \u00e0 pas hybride 42BYGH est dot\u00e9 d'entra\u00eenements unipolaires et bipolaires, offrant des angles de pas de 0,9\u00b0 \u00e0 1,8\u00b0, un couple \u00e9lev\u00e9 et des performances fiables pour un mouvement pr\u00e9cis.","robots":{"index":"index","follow":"follow","max-snippet":"max-snippet:-1","max-image-preview":"max-image-preview:large","max-video-preview":"max-video-preview:-1"},"canonical":"https:\/\/www.leili-motor.net\/fr\/moteur-pas-a-pas-hybride-42bygh.html","twitter_misc":{"Dur\u00e9e de lecture estim\u00e9e":"1 minute"},"schema":{"@context":"https:\/\/schema.org","@graph":[{"@type":"WebPage","@id":"https:\/\/www.leili-motor.net\/fr\/moteur-pas-a-pas-hybride-42bygh.html","url":"https:\/\/www.leili-motor.net\/fr\/moteur-pas-a-pas-hybride-42bygh.html","name":"Moteur pas \u00e0 pas hybride 42BYGH &#8211; Leili Motor","isPartOf":{"@id":"https:\/\/www.leili-motor.net\/fr\/#website"},"primaryImageOfPage":{"@id":"https:\/\/www.leili-motor.net\/fr\/moteur-pas-a-pas-hybride-42bygh.html#primaryimage"},"image":{"@id":"https:\/\/www.leili-motor.net\/fr\/moteur-pas-a-pas-hybride-42bygh.html#primaryimage"},"thumbnailUrl":"https:\/\/www.leili-motor.net\/wp-content\/uploads\/2025\/03\/Hybrid-Stepper-Motor-42BYGH.webp","datePublished":"2025-03-06T08:35:12+00:00","description":"Le moteur pas \u00e0 pas hybride 42BYGH est dot\u00e9 d'entra\u00eenements unipolaires et bipolaires, offrant des angles de pas de 0,9\u00b0 \u00e0 1,8\u00b0, un couple \u00e9lev\u00e9 et des performances fiables pour un mouvement pr\u00e9cis.","breadcrumb":{"@id":"https:\/\/www.leili-motor.net\/fr\/moteur-pas-a-pas-hybride-42bygh.html#breadcrumb"},"inLanguage":"fr-FR","potentialAction":[{"@type":"ReadAction","target":["https:\/\/www.leili-motor.net\/fr\/moteur-pas-a-pas-hybride-42bygh.html"]}]},{"@type":"ImageObject","inLanguage":"fr-FR","@id":"https:\/\/www.leili-motor.net\/fr\/moteur-pas-a-pas-hybride-42bygh.html#primaryimage","url":"https:\/\/www.leili-motor.net\/wp-content\/uploads\/2025\/03\/Hybrid-Stepper-Motor-42BYGH.webp","contentUrl":"https:\/\/www.leili-motor.net\/wp-content\/uploads\/2025\/03\/Hybrid-Stepper-Motor-42BYGH.webp","width":454,"height":310,"caption":"Moteur pas \u00e0 pas hybride 42BYGH"},{"@type":"BreadcrumbList","@id":"https:\/\/www.leili-motor.net\/fr\/moteur-pas-a-pas-hybride-42bygh.html#breadcrumb","itemListElement":[{"@type":"ListItem","position":1,"name":"Home","item":"https:\/\/www.leili-motor.net\/fr\/"},{"@type":"ListItem","position":2,"name":"Produits","item":"https:\/\/www.leili-motor.net\/fr\/produits\/"},{"@type":"ListItem","position":3,"name":"Moteur pas \u00e0 pas hybride 42BYGH"}]},{"@type":"WebSite","@id":"https:\/\/www.leili-motor.net\/fr\/#website","url":"https:\/\/www.leili-motor.net\/fr\/","name":"Leili Motor","description":"","publisher":{"@id":"https:\/\/www.leili-motor.net\/fr\/#organization"},"potentialAction":[{"@type":"SearchAction","target":{"@type":"EntryPoint","urlTemplate":"https:\/\/www.leili-motor.net\/fr\/?s={search_term_string}"},"query-input":{"@type":"PropertyValueSpecification","valueRequired":true,"valueName":"search_term_string"}}],"inLanguage":"fr-FR"},{"@type":"Organization","@id":"https:\/\/www.leili-motor.net\/fr\/#organization","name":"Leili Motor","url":"https:\/\/www.leili-motor.net\/fr\/","logo":{"@type":"ImageObject","inLanguage":"fr-FR","@id":"https:\/\/www.leili-motor.net\/fr\/#\/schema\/logo\/image\/","url":"https:\/\/www.leili-motor.net\/wp-content\/uploads\/2025\/03\/Leili-Motor.png","contentUrl":"https:\/\/www.leili-motor.net\/wp-content\/uploads\/2025\/03\/Leili-Motor.png","width":600,"height":156,"caption":"Leili Motor"},"image":{"@id":"https:\/\/www.leili-motor.net\/fr\/#\/schema\/logo\/image\/"}}]}},"_links":{"self":[{"href":"https:\/\/www.leili-motor.net\/fr\/wp-json\/wp\/v2\/product\/11171","targetHints":{"allow":["GET"]}}],"collection":[{"href":"https:\/\/www.leili-motor.net\/fr\/wp-json\/wp\/v2\/product"}],"about":[{"href":"https:\/\/www.leili-motor.net\/fr\/wp-json\/wp\/v2\/types\/product"}],"replies":[{"embeddable":true,"href":"https:\/\/www.leili-motor.net\/fr\/wp-json\/wp\/v2\/comments?post=11171"}],"wp:featuredmedia":[{"embeddable":true,"href":"https:\/\/www.leili-motor.net\/fr\/wp-json\/wp\/v2\/media\/11172"}],"wp:attachment":[{"href":"https:\/\/www.leili-motor.net\/fr\/wp-json\/wp\/v2\/media?parent=11171"}],"wp:term":[{"taxonomy":"product_brand","embeddable":true,"href":"https:\/\/www.leili-motor.net\/fr\/wp-json\/wp\/v2\/product_brand?post=11171"},{"taxonomy":"product_cat","embeddable":true,"href":"https:\/\/www.leili-motor.net\/fr\/wp-json\/wp\/v2\/product_cat?post=11171"},{"taxonomy":"product_tag","embeddable":true,"href":"https:\/\/www.leili-motor.net\/fr\/wp-json\/wp\/v2\/product_tag?post=11171"}],"curies":[{"name":"wp","href":"https:\/\/api.w.org\/{rel}","templated":true}]}}