{"id":11180,"date":"2025-03-06T15:53:29","date_gmt":"2025-03-06T07:53:29","guid":{"rendered":"https:\/\/www.leili-motor.net\/moteur-pas-a-pas-hybride-57bygh\/"},"modified":"2025-03-06T15:53:29","modified_gmt":"2025-03-06T07:53:29","slug":"moteur-pas-a-pas-hybride-57bygh","status":"publish","type":"product","link":"https:\/\/www.leili-motor.net\/fr\/moteur-pas-a-pas-hybride-57bygh.html","title":{"rendered":"Moteur pas \u00e0 pas hybride 57BYGH"},"content":{"rendered":"<h2>Param\u00e8tres du produit<\/h2>\n<table>\n<tbody>\n<tr>\n<td>Mod\u00e8le de moteur<\/td>\n<td>Taille du corps<\/td>\n<td>Phase<\/td>\n<td>Angle de pas<\/td>\n<td>Tension de phase<\/td>\n<td>Courant de phase<\/td>\n<td>R\u00e9sistance de phase<\/td>\n<td>Inductance de phase<\/td>\n<td>Couple de maintien<\/td>\n<td>R\u00e9sistance d&rsquo;isolement<\/td>\n<td>R\u00e9sistance \u00e0 la pression d&rsquo;isolation<\/td>\n<td>\u00c9l\u00e9vation de temp\u00e9rature<\/td>\n<td>Niveau d&rsquo;isolation<\/td>\n<\/tr>\n<tr>\n<td><\/td>\n<td>(L)<\/td>\n<td><\/td>\n<td>(Ensemble)<\/td>\n<td>(VDC)<\/td>\n<td>(A)<\/td>\n<td>(20\u2103)<\/td>\n<td>(0,3V, 1kHz)<\/td>\n<td>(Excitation biphas\u00e9e)<\/td>\n<td>(CC500V)<\/td>\n<td>(CA600V<\/td>\n<td>(K)<\/td>\n<td><\/td>\n<\/tr>\n<tr>\n<td><\/td>\n<td><\/td>\n<td><\/td>\n<td>(\u00b15%)<\/td>\n<td><\/td>\n<td><\/td>\n<td>(\u00b15%)<\/td>\n<td>(\u00b120%)<\/td>\n<td>(N\u00b7m)<\/td>\n<td>(M\u03a9)<\/td>\n<td>1s 3(mA)<\/td>\n<td><\/td>\n<td><\/td>\n<\/tr>\n<tr>\n<td><\/td>\n<td><\/td>\n<td><\/td>\n<td>(\u00b0)<\/td>\n<td><\/td>\n<td><\/td>\n<td>(\u03a9)<\/td>\n<td>(mH)<\/td>\n<td><\/td>\n<td><\/td>\n<td><\/td>\n<td><\/td>\n<td><\/td>\n<\/tr>\n<tr>\n<td rowspan=\"3\">57BYGH17-X<\/td>\n<td rowspan=\"3\">41<\/td>\n<td rowspan=\"3\">2<\/td>\n<td rowspan=\"3\">1.8<\/td>\n<td>6<\/td>\n<td>1<\/td>\n<td>6<\/td>\n<td>15<\/td>\n<td rowspan=\"3\">\u2265 0,55<\/td>\n<td rowspan=\"3\">&gt;  100<\/td>\n<td rowspan=\"3\">Aucun claquage par arc \u00e9lectrique<\/td>\n<td rowspan=\"3\">\u2264 80<\/td>\n<td rowspan=\"3\">B<\/td>\n<\/tr>\n<tr>\n<td>3.75<\/td>\n<td>1.5<\/td>\n<td>2.5<\/td>\n<td>6<\/td>\n<\/tr>\n<tr>\n<td>3<\/td>\n<td>2.5<\/td>\n<td>1.2<\/td>\n<td>3<\/td>\n<\/tr>\n<tr>\n<td rowspan=\"3\">57BYGH32-X<\/td>\n<td rowspan=\"3\">56<\/td>\n<td rowspan=\"3\">2<\/td>\n<td rowspan=\"3\">1.8<\/td>\n<td>7.3<\/td>\n<td>1<\/td>\n<td>7.3<\/td>\n<td>30<\/td>\n<td rowspan=\"3\">\u2265 1,2<\/td>\n<td rowspan=\"3\">&gt;  100<\/td>\n<td rowspan=\"3\">Aucun claquage par arc \u00e9lectrique<\/td>\n<td rowspan=\"3\">\u2264 80<\/td>\n<td rowspan=\"3\">B<\/td>\n<\/tr>\n<tr>\n<td>3.2<\/td>\n<td>2<\/td>\n<td>1.6<\/td>\n<td>6<\/td>\n<\/tr>\n<tr>\n<td>2.7<\/td>\n<td>3<\/td>\n<td>0.9<\/td>\n<td>2.8<\/td>\n<\/tr>\n<tr>\n<td rowspan=\"2\">57BYGH53-X<\/td>\n<td rowspan=\"2\">76<\/td>\n<td rowspan=\"2\">2<\/td>\n<td rowspan=\"2\">1.8<\/td>\n<td>2.63<\/td>\n<td>3.5<\/td>\n<td>0.75<\/td>\n<td>1.8<\/td>\n<td rowspan=\"2\">\u2265 1,8<\/td>\n<td rowspan=\"2\">&gt;  100<\/td>\n<td rowspan=\"2\">Aucun claquage par arc \u00e9lectrique<\/td>\n<td rowspan=\"2\">\u2264 80<\/td>\n<td rowspan=\"2\">B<\/td>\n<\/tr>\n<tr>\n<td>1.75<\/td>\n<td>5<\/td>\n<td>0.35<\/td>\n<td>1.6<\/td>\n<\/tr>\n<\/tbody>\n<\/table>\n<h2>Dimensions m\u00e9caniques : mm<\/h2>\n<p><img fetchpriority=\"high\" decoding=\"async\" class=\"size-full wp-image-1044 aligncenter\" src=\"https:\/\/www.leili-motor.net\/wp-content\/uploads\/2025\/03\/Hybrid-Stepper-Motor-57BYGH-dimensions.webp\" alt=\"Dimensions du moteur pas \u00e0 pas hybride 57BYGH\" width=\"759\" height=\"562\" srcset=\"https:\/\/www.leili-motor.net\/wp-content\/uploads\/2025\/03\/Hybrid-Stepper-Motor-57BYGH-dimensions.webp 759w, https:\/\/www.leili-motor.net\/wp-content\/uploads\/2025\/03\/Hybrid-Stepper-Motor-57BYGH-dimensions-300x222.webp 300w, https:\/\/www.leili-motor.net\/wp-content\/uploads\/2025\/03\/Hybrid-Stepper-Motor-57BYGH-dimensions-600x444.webp 600w\" sizes=\"(max-width: 759px) 100vw, 759px\" \/><\/p>\n","protected":false},"excerpt":{"rendered":"<h3>Pr\u00e9sentation du produit<\/h3>\n<ul>\n<li>Mod\u00e8le : 57BYGH<\/li>\n<li>La s\u00e9rie de moteurs 57BYGH offre un angle de pas de 1,8\u00b0, maintenant un couple jusqu&rsquo;\u00e0 1,8 N\u00b7m.<\/li>\n<li>Ces moteurs pr\u00e9sentent une faible inductance et une r\u00e9sistance d&rsquo;isolation \u00e9lev\u00e9e, garantissant des performances fiables.<\/li>\n<\/ul>\n<h3>Application du produit<\/h3>\n<ul>\n<li>Secteur d&rsquo;activit\u00e9 : Moniteurs, \u00e9quipements financiers OA, instruments de pesage, \u00e9clairage de sc\u00e8ne<\/li>\n<li>Sant\u00e9 sportive : Dispositifs m\u00e9dicaux<\/li>\n<\/ul>\n<h3>Pi\u00e8ces optionnelles<\/h3>\n<p>R\u00e9ducteur plan\u00e9taire, vis m\u00e8re, arbre creux, entra\u00eenement<\/p>\n","protected":false},"featured_media":11181,"comment_status":"open","ping_status":"closed","template":"","meta":{"site-sidebar-layout":"default","site-content-layout":"","ast-site-content-layout":"default","site-content-style":"default","site-sidebar-style":"default","ast-global-header-display":"","ast-banner-title-visibility":"","ast-main-header-display":"","ast-hfb-above-header-display":"","ast-hfb-below-header-display":"","ast-hfb-mobile-header-display":"","site-post-title":"","ast-breadcrumbs-content":"","ast-featured-img":"","footer-sml-layout":"","theme-transparent-header-meta":"default","adv-header-id-meta":"","stick-header-meta":"","header-above-stick-meta":"","header-main-stick-meta":"","header-below-stick-meta":"","astra-migrate-meta-layouts":"default","ast-page-background-enabled":"default","ast-page-background-meta":{"desktop":{"background-color":"var(--ast-global-color-5)","background-image":"","background-repeat":"repeat","background-position":"center center","background-size":"auto","background-attachment":"scroll","background-type":"","background-media":"","overlay-type":"","overlay-color":"","overlay-opacity":"","overlay-gradient":""},"tablet":{"background-color":"","background-image":"","background-repeat":"repeat","background-position":"center center","background-size":"auto","background-attachment":"scroll","background-type":"","background-media":"","overlay-type":"","overlay-color":"","overlay-opacity":"","overlay-gradient":""},"mobile":{"background-color":"","background-image":"","background-repeat":"repeat","background-position":"center center","background-size":"auto","background-attachment":"scroll","background-type":"","background-media":"","overlay-type":"","overlay-color":"","overlay-opacity":"","overlay-gradient":""}},"ast-content-background-meta":{"desktop":{"background-color":"var(--ast-global-color-4)","background-image":"","background-repeat":"repeat","background-position":"center center","background-size":"auto","background-attachment":"scroll","background-type":"","background-media":"","overlay-type":"","overlay-color":"","overlay-opacity":"","overlay-gradient":""},"tablet":{"background-color":"var(--ast-global-color-4)","background-image":"","background-repeat":"repeat","background-position":"center center","background-size":"auto","background-attachment":"scroll","background-type":"","background-media":"","overlay-type":"","overlay-color":"","overlay-opacity":"","overlay-gradient":""},"mobile":{"background-color":"var(--ast-global-color-4)","background-image":"","background-repeat":"repeat","background-position":"center center","background-size":"auto","background-attachment":"scroll","background-type":"","background-media":"","overlay-type":"","overlay-color":"","overlay-opacity":"","overlay-gradient":""}}},"product_brand":[],"product_cat":[1210,1246],"product_tag":[1247,1255,1256],"class_list":{"0":"post-11180","1":"product","2":"type-product","3":"status-publish","4":"has-post-thumbnail","6":"product_cat-moteur-pas-a-pas","7":"product_cat-moteur-pas-a-pas-hybride","8":"product_tag-equipement-industriel-moteur-pas-a-pas-hybride","9":"product_tag-oa-finance-moteur-pas-a-pas-hybride","10":"product_tag-surveillance-de-securite-moteur-pas-a-pas-hybride","11":"pa_application-industrie-fr","12":"desktop-align-left","13":"tablet-align-left","14":"mobile-align-left","16":"first","17":"instock","18":"shipping-taxable","19":"product-type-simple"},"yoast_head":"<!-- This site is optimized with the Yoast SEO plugin v27.2 - https:\/\/yoast.com\/product\/yoast-seo-wordpress\/ -->\n<title>Moteur pas \u00e0 pas hybride 57BYGH &#8211; Leili Motor<\/title>\n<meta name=\"description\" content=\"Le moteur pas \u00e0 pas hybride 57BYGH pr\u00e9sente un angle de pas de 1,8\u00b0, une hauteur de corps de 41 \u00e0 76 mm et un couple de maintien de 0,55 \u00e0 1,8 N\u00b7m pour un contr\u00f4le pr\u00e9cis du mouvement.\" \/>\n<meta name=\"robots\" content=\"index, follow, max-snippet:-1, max-image-preview:large, max-video-preview:-1\" \/>\n<link rel=\"canonical\" href=\"https:\/\/www.leili-motor.net\/fr\/moteur-pas-a-pas-hybride-57bygh.html\" \/>\n<script type=\"application\/ld+json\" class=\"yoast-schema-graph\">{\"@context\":\"https:\/\/schema.org\",\"@graph\":[{\"@type\":\"WebPage\",\"@id\":\"https:\/\/www.leili-motor.net\/fr\/moteur-pas-a-pas-hybride-57bygh.html\",\"url\":\"https:\/\/www.leili-motor.net\/fr\/moteur-pas-a-pas-hybride-57bygh.html\",\"name\":\"Moteur pas \u00e0 pas hybride 57BYGH &#8211; Leili Motor\",\"isPartOf\":{\"@id\":\"https:\/\/www.leili-motor.net\/fr\/#website\"},\"primaryImageOfPage\":{\"@id\":\"https:\/\/www.leili-motor.net\/fr\/moteur-pas-a-pas-hybride-57bygh.html#primaryimage\"},\"image\":{\"@id\":\"https:\/\/www.leili-motor.net\/fr\/moteur-pas-a-pas-hybride-57bygh.html#primaryimage\"},\"thumbnailUrl\":\"https:\/\/www.leili-motor.net\/wp-content\/uploads\/2025\/03\/Hybrid-Stepper-Motor-57BYGH.webp\",\"datePublished\":\"2025-03-06T07:53:29+00:00\",\"description\":\"Le moteur pas \u00e0 pas hybride 57BYGH pr\u00e9sente un angle de pas de 1,8\u00b0, une hauteur de corps de 41 \u00e0 76 mm et un couple de maintien de 0,55 \u00e0 1,8 N\u00b7m pour un contr\u00f4le pr\u00e9cis du mouvement.\",\"breadcrumb\":{\"@id\":\"https:\/\/www.leili-motor.net\/fr\/moteur-pas-a-pas-hybride-57bygh.html#breadcrumb\"},\"inLanguage\":\"fr-FR\",\"potentialAction\":[{\"@type\":\"ReadAction\",\"target\":[\"https:\/\/www.leili-motor.net\/fr\/moteur-pas-a-pas-hybride-57bygh.html\"]}]},{\"@type\":\"ImageObject\",\"inLanguage\":\"fr-FR\",\"@id\":\"https:\/\/www.leili-motor.net\/fr\/moteur-pas-a-pas-hybride-57bygh.html#primaryimage\",\"url\":\"https:\/\/www.leili-motor.net\/wp-content\/uploads\/2025\/03\/Hybrid-Stepper-Motor-57BYGH.webp\",\"contentUrl\":\"https:\/\/www.leili-motor.net\/wp-content\/uploads\/2025\/03\/Hybrid-Stepper-Motor-57BYGH.webp\",\"width\":454,\"height\":310,\"caption\":\"Moteur pas \u00e0 pas hybride 57BYGH\"},{\"@type\":\"BreadcrumbList\",\"@id\":\"https:\/\/www.leili-motor.net\/fr\/moteur-pas-a-pas-hybride-57bygh.html#breadcrumb\",\"itemListElement\":[{\"@type\":\"ListItem\",\"position\":1,\"name\":\"Home\",\"item\":\"https:\/\/www.leili-motor.net\/fr\/\"},{\"@type\":\"ListItem\",\"position\":2,\"name\":\"Produits\",\"item\":\"https:\/\/www.leili-motor.net\/fr\/produits\/\"},{\"@type\":\"ListItem\",\"position\":3,\"name\":\"Moteur pas \u00e0 pas hybride 57BYGH\"}]},{\"@type\":\"WebSite\",\"@id\":\"https:\/\/www.leili-motor.net\/fr\/#website\",\"url\":\"https:\/\/www.leili-motor.net\/fr\/\",\"name\":\"Leili Motor\",\"description\":\"\",\"publisher\":{\"@id\":\"https:\/\/www.leili-motor.net\/fr\/#organization\"},\"potentialAction\":[{\"@type\":\"SearchAction\",\"target\":{\"@type\":\"EntryPoint\",\"urlTemplate\":\"https:\/\/www.leili-motor.net\/fr\/?s={search_term_string}\"},\"query-input\":{\"@type\":\"PropertyValueSpecification\",\"valueRequired\":true,\"valueName\":\"search_term_string\"}}],\"inLanguage\":\"fr-FR\"},{\"@type\":\"Organization\",\"@id\":\"https:\/\/www.leili-motor.net\/fr\/#organization\",\"name\":\"Leili Motor\",\"url\":\"https:\/\/www.leili-motor.net\/fr\/\",\"logo\":{\"@type\":\"ImageObject\",\"inLanguage\":\"fr-FR\",\"@id\":\"https:\/\/www.leili-motor.net\/fr\/#\/schema\/logo\/image\/\",\"url\":\"https:\/\/www.leili-motor.net\/wp-content\/uploads\/2025\/03\/Leili-Motor.png\",\"contentUrl\":\"https:\/\/www.leili-motor.net\/wp-content\/uploads\/2025\/03\/Leili-Motor.png\",\"width\":600,\"height\":156,\"caption\":\"Leili Motor\"},\"image\":{\"@id\":\"https:\/\/www.leili-motor.net\/fr\/#\/schema\/logo\/image\/\"}}]}<\/script>\n<!-- \/ Yoast SEO plugin. -->","yoast_head_json":{"title":"Moteur pas \u00e0 pas hybride 57BYGH &#8211; Leili Motor","description":"Le moteur pas \u00e0 pas hybride 57BYGH pr\u00e9sente un angle de pas de 1,8\u00b0, une hauteur de corps de 41 \u00e0 76 mm et un couple de maintien de 0,55 \u00e0 1,8 N\u00b7m pour un contr\u00f4le pr\u00e9cis du mouvement.","robots":{"index":"index","follow":"follow","max-snippet":"max-snippet:-1","max-image-preview":"max-image-preview:large","max-video-preview":"max-video-preview:-1"},"canonical":"https:\/\/www.leili-motor.net\/fr\/moteur-pas-a-pas-hybride-57bygh.html","schema":{"@context":"https:\/\/schema.org","@graph":[{"@type":"WebPage","@id":"https:\/\/www.leili-motor.net\/fr\/moteur-pas-a-pas-hybride-57bygh.html","url":"https:\/\/www.leili-motor.net\/fr\/moteur-pas-a-pas-hybride-57bygh.html","name":"Moteur pas \u00e0 pas hybride 57BYGH &#8211; Leili Motor","isPartOf":{"@id":"https:\/\/www.leili-motor.net\/fr\/#website"},"primaryImageOfPage":{"@id":"https:\/\/www.leili-motor.net\/fr\/moteur-pas-a-pas-hybride-57bygh.html#primaryimage"},"image":{"@id":"https:\/\/www.leili-motor.net\/fr\/moteur-pas-a-pas-hybride-57bygh.html#primaryimage"},"thumbnailUrl":"https:\/\/www.leili-motor.net\/wp-content\/uploads\/2025\/03\/Hybrid-Stepper-Motor-57BYGH.webp","datePublished":"2025-03-06T07:53:29+00:00","description":"Le moteur pas \u00e0 pas hybride 57BYGH pr\u00e9sente un angle de pas de 1,8\u00b0, une hauteur de corps de 41 \u00e0 76 mm et un couple de maintien de 0,55 \u00e0 1,8 N\u00b7m pour un contr\u00f4le pr\u00e9cis du mouvement.","breadcrumb":{"@id":"https:\/\/www.leili-motor.net\/fr\/moteur-pas-a-pas-hybride-57bygh.html#breadcrumb"},"inLanguage":"fr-FR","potentialAction":[{"@type":"ReadAction","target":["https:\/\/www.leili-motor.net\/fr\/moteur-pas-a-pas-hybride-57bygh.html"]}]},{"@type":"ImageObject","inLanguage":"fr-FR","@id":"https:\/\/www.leili-motor.net\/fr\/moteur-pas-a-pas-hybride-57bygh.html#primaryimage","url":"https:\/\/www.leili-motor.net\/wp-content\/uploads\/2025\/03\/Hybrid-Stepper-Motor-57BYGH.webp","contentUrl":"https:\/\/www.leili-motor.net\/wp-content\/uploads\/2025\/03\/Hybrid-Stepper-Motor-57BYGH.webp","width":454,"height":310,"caption":"Moteur pas \u00e0 pas hybride 57BYGH"},{"@type":"BreadcrumbList","@id":"https:\/\/www.leili-motor.net\/fr\/moteur-pas-a-pas-hybride-57bygh.html#breadcrumb","itemListElement":[{"@type":"ListItem","position":1,"name":"Home","item":"https:\/\/www.leili-motor.net\/fr\/"},{"@type":"ListItem","position":2,"name":"Produits","item":"https:\/\/www.leili-motor.net\/fr\/produits\/"},{"@type":"ListItem","position":3,"name":"Moteur pas \u00e0 pas hybride 57BYGH"}]},{"@type":"WebSite","@id":"https:\/\/www.leili-motor.net\/fr\/#website","url":"https:\/\/www.leili-motor.net\/fr\/","name":"Leili Motor","description":"","publisher":{"@id":"https:\/\/www.leili-motor.net\/fr\/#organization"},"potentialAction":[{"@type":"SearchAction","target":{"@type":"EntryPoint","urlTemplate":"https:\/\/www.leili-motor.net\/fr\/?s={search_term_string}"},"query-input":{"@type":"PropertyValueSpecification","valueRequired":true,"valueName":"search_term_string"}}],"inLanguage":"fr-FR"},{"@type":"Organization","@id":"https:\/\/www.leili-motor.net\/fr\/#organization","name":"Leili Motor","url":"https:\/\/www.leili-motor.net\/fr\/","logo":{"@type":"ImageObject","inLanguage":"fr-FR","@id":"https:\/\/www.leili-motor.net\/fr\/#\/schema\/logo\/image\/","url":"https:\/\/www.leili-motor.net\/wp-content\/uploads\/2025\/03\/Leili-Motor.png","contentUrl":"https:\/\/www.leili-motor.net\/wp-content\/uploads\/2025\/03\/Leili-Motor.png","width":600,"height":156,"caption":"Leili Motor"},"image":{"@id":"https:\/\/www.leili-motor.net\/fr\/#\/schema\/logo\/image\/"}}]}},"_links":{"self":[{"href":"https:\/\/www.leili-motor.net\/fr\/wp-json\/wp\/v2\/product\/11180","targetHints":{"allow":["GET"]}}],"collection":[{"href":"https:\/\/www.leili-motor.net\/fr\/wp-json\/wp\/v2\/product"}],"about":[{"href":"https:\/\/www.leili-motor.net\/fr\/wp-json\/wp\/v2\/types\/product"}],"replies":[{"embeddable":true,"href":"https:\/\/www.leili-motor.net\/fr\/wp-json\/wp\/v2\/comments?post=11180"}],"wp:featuredmedia":[{"embeddable":true,"href":"https:\/\/www.leili-motor.net\/fr\/wp-json\/wp\/v2\/media\/11181"}],"wp:attachment":[{"href":"https:\/\/www.leili-motor.net\/fr\/wp-json\/wp\/v2\/media?parent=11180"}],"wp:term":[{"taxonomy":"product_brand","embeddable":true,"href":"https:\/\/www.leili-motor.net\/fr\/wp-json\/wp\/v2\/product_brand?post=11180"},{"taxonomy":"product_cat","embeddable":true,"href":"https:\/\/www.leili-motor.net\/fr\/wp-json\/wp\/v2\/product_cat?post=11180"},{"taxonomy":"product_tag","embeddable":true,"href":"https:\/\/www.leili-motor.net\/fr\/wp-json\/wp\/v2\/product_tag?post=11180"}],"curies":[{"name":"wp","href":"https:\/\/api.w.org\/{rel}","templated":true}]}}