{"id":11194,"date":"2025-03-10T15:33:56","date_gmt":"2025-03-10T07:33:56","guid":{"rendered":"https:\/\/www.leili-motor.net\/broyeur-a-glace\/"},"modified":"2025-03-10T15:33:56","modified_gmt":"2025-03-10T07:33:56","slug":"broyeur-a-glace","status":"publish","type":"product","link":"https:\/\/www.leili-motor.net\/fr\/broyeur-a-glace.html","title":{"rendered":"Broyeur \u00e0 glace"},"content":{"rendered":"<h2>Param\u00e8tres du produit<\/h2>\n<table>\n<tbody>\n<tr>\n<td>Mod\u00e8le<\/td>\n<td>Tension<br \/>\nd&rsquo;exploitation<\/td>\n<td>Fr\u00e9quence<br \/>\n(Hz)<\/td>\n<td>Vitesse<br \/>\nnominale<br \/>\n(tr\/min)<\/td>\n<td>Courant<br \/>\nnominal<br \/>\n(A)<\/td>\n<td>Vitesse<br \/>\n\u00e0 vide<br \/>\n(tr\/min)<\/td>\n<td>Puissance<br \/>\n\u00e0 vide<br \/>\n(W)<\/td>\n<td>\u00c9tal<br \/>\nCouple<br \/>\n(N\u00b7m)<\/td>\n<td>Courant<br \/>\nde calage<\/td>\n<td>Classe<br \/>\nd&rsquo;isolation<br \/>\ndes enroulements<\/td>\n<td>Certificat<\/td>\n<\/tr>\n<tr>\n<td>CLX-1A<\/td>\n<td>120 VCA (CC) \u00b1 0,5 V<\/td>\n<td>60\u00b12<\/td>\n<td>15\u00b115%<\/td>\n<td>\u2264 0.7<\/td>\n<td>30\u00b110%CW<br \/>\n31\u00b110% CCW<\/td>\n<td>\u2264 25<\/td>\n<td>22.6+15%\/-10%<\/td>\n<td>\u2264 1.2A<\/td>\n<td>H<\/td>\n<td>UL, CSA<\/td>\n<\/tr>\n<tr>\n<td>CLX2-1A<\/td>\n<td>220VAC(DC)\u00b10.5V<\/td>\n<td>50\u00b12<\/td>\n<td>15\u00b115%<\/td>\n<td>\u2264 0.4<\/td>\n<td>30\u00b110%CW<br \/>\n31\u00b110% CCW<\/td>\n<td>\u2264 20<\/td>\n<td>29.3+10%\/-15%<\/td>\n<td>\u2264 0.7A<\/td>\n<td>H<\/td>\n<td>CE<\/td>\n<\/tr>\n<\/tbody>\n<\/table>\n<h2>Dimensions m\u00e9caniques : mm<\/h2>\n<p><img fetchpriority=\"high\" decoding=\"async\" class=\"size-full wp-image-1644 aligncenter\" src=\"https:\/\/www.leili-motor.net\/wp-content\/uploads\/2025\/03\/Mechanical-Dimensions-for-Ice-Crusher.webp\" alt=\"Dimensions m\u00e9caniques du broyeur \u00e0 glace\" width=\"759\" height=\"603\" srcset=\"https:\/\/www.leili-motor.net\/wp-content\/uploads\/2025\/03\/Mechanical-Dimensions-for-Ice-Crusher.webp 759w, https:\/\/www.leili-motor.net\/wp-content\/uploads\/2025\/03\/Mechanical-Dimensions-for-Ice-Crusher-300x238.webp 300w, https:\/\/www.leili-motor.net\/wp-content\/uploads\/2025\/03\/Mechanical-Dimensions-for-Ice-Crusher-600x477.webp 600w\" sizes=\"(max-width: 759px) 100vw, 759px\" \/><\/p>\n","protected":false},"excerpt":{"rendered":"<h3>Pr\u00e9sentation du produit<\/h3>\n<ul>\n<li>Brise-glace utilis\u00e9 dans le syst\u00e8me d&rsquo;eau glac\u00e9e du r\u00e9frig\u00e9rateur.<\/li>\n<li>Mod\u00e8le : CLX-1A, CLX2-1A<\/li>\n<li>Classe d&rsquo;isolation des enroulements : class\u00e9e H, garantissant une excellente r\u00e9sistance \u00e0 la chaleur et une excellente isolation.<\/li>\n<\/ul>\n<h3>Application du produit<\/h3>\n<p>Appareil : R\u00e9frig\u00e9rateur<\/p>\n","protected":false},"featured_media":11195,"comment_status":"open","ping_status":"closed","template":"","meta":{"site-sidebar-layout":"default","site-content-layout":"","ast-site-content-layout":"default","site-content-style":"default","site-sidebar-style":"default","ast-global-header-display":"","ast-banner-title-visibility":"","ast-main-header-display":"","ast-hfb-above-header-display":"","ast-hfb-below-header-display":"","ast-hfb-mobile-header-display":"","site-post-title":"","ast-breadcrumbs-content":"","ast-featured-img":"","footer-sml-layout":"","theme-transparent-header-meta":"default","adv-header-id-meta":"","stick-header-meta":"","header-above-stick-meta":"","header-main-stick-meta":"","header-below-stick-meta":"","astra-migrate-meta-layouts":"default","ast-page-background-enabled":"default","ast-page-background-meta":{"desktop":{"background-color":"var(--ast-global-color-5)","background-image":"","background-repeat":"repeat","background-position":"center center","background-size":"auto","background-attachment":"scroll","background-type":"","background-media":"","overlay-type":"","overlay-color":"","overlay-opacity":"","overlay-gradient":""},"tablet":{"background-color":"","background-image":"","background-repeat":"repeat","background-position":"center center","background-size":"auto","background-attachment":"scroll","background-type":"","background-media":"","overlay-type":"","overlay-color":"","overlay-opacity":"","overlay-gradient":""},"mobile":{"background-color":"","background-image":"","background-repeat":"repeat","background-position":"center center","background-size":"auto","background-attachment":"scroll","background-type":"","background-media":"","overlay-type":"","overlay-color":"","overlay-opacity":"","overlay-gradient":""}},"ast-content-background-meta":{"desktop":{"background-color":"var(--ast-global-color-4)","background-image":"","background-repeat":"repeat","background-position":"center center","background-size":"auto","background-attachment":"scroll","background-type":"","background-media":"","overlay-type":"","overlay-color":"","overlay-opacity":"","overlay-gradient":""},"tablet":{"background-color":"var(--ast-global-color-4)","background-image":"","background-repeat":"repeat","background-position":"center center","background-size":"auto","background-attachment":"scroll","background-type":"","background-media":"","overlay-type":"","overlay-color":"","overlay-opacity":"","overlay-gradient":""},"mobile":{"background-color":"var(--ast-global-color-4)","background-image":"","background-repeat":"repeat","background-position":"center center","background-size":"auto","background-attachment":"scroll","background-type":"","background-media":"","overlay-type":"","overlay-color":"","overlay-opacity":"","overlay-gradient":""}}},"product_brand":[],"product_cat":[1150,1195],"product_tag":[1196],"class_list":{"0":"post-11194","1":"product","2":"type-product","3":"status-publish","4":"has-post-thumbnail","6":"product_cat-composants","7":"product_cat-composants-dappareils-electromenagers","8":"product_tag-refrigerateur-systeme-de-lavage","9":"pa_application-appareil-electromenager","10":"desktop-align-left","11":"tablet-align-left","12":"mobile-align-left","14":"first","15":"instock","16":"shipping-taxable","17":"product-type-simple"},"yoast_head":"<!-- This site is optimized with the Yoast SEO plugin v27.2 - https:\/\/yoast.com\/product\/yoast-seo-wordpress\/ -->\n<title>Broyeur \u00e0 glace &#8211; Leili Motor<\/title>\n<meta name=\"description\" content=\"Id\u00e9al pour les syst\u00e8mes automatis\u00e9s, les machines industrielles et les applications CVC, nos moteurs de la s\u00e9rie CLX offrent des performances, une fiabilit\u00e9 et une efficacit\u00e9 \u00e9nerg\u00e9tique sup\u00e9rieures pour un succ\u00e8s op\u00e9rationnel \u00e0 long terme.\" \/>\n<meta name=\"robots\" content=\"index, follow, max-snippet:-1, max-image-preview:large, max-video-preview:-1\" \/>\n<link rel=\"canonical\" href=\"https:\/\/www.leili-motor.net\/fr\/broyeur-a-glace.html\" \/>\n<script type=\"application\/ld+json\" class=\"yoast-schema-graph\">{\"@context\":\"https:\/\/schema.org\",\"@graph\":[{\"@type\":\"WebPage\",\"@id\":\"https:\/\/www.leili-motor.net\/fr\/broyeur-a-glace.html\",\"url\":\"https:\/\/www.leili-motor.net\/fr\/broyeur-a-glace.html\",\"name\":\"Broyeur \u00e0 glace &#8211; Leili Motor\",\"isPartOf\":{\"@id\":\"https:\/\/www.leili-motor.net\/fr\/#website\"},\"primaryImageOfPage\":{\"@id\":\"https:\/\/www.leili-motor.net\/fr\/broyeur-a-glace.html#primaryimage\"},\"image\":{\"@id\":\"https:\/\/www.leili-motor.net\/fr\/broyeur-a-glace.html#primaryimage\"},\"thumbnailUrl\":\"https:\/\/www.leili-motor.net\/wp-content\/uploads\/2025\/03\/Ice-Crusher.webp\",\"datePublished\":\"2025-03-10T07:33:56+00:00\",\"description\":\"Id\u00e9al pour les syst\u00e8mes automatis\u00e9s, les machines industrielles et les applications CVC, nos moteurs de la s\u00e9rie CLX offrent des performances, une fiabilit\u00e9 et une efficacit\u00e9 \u00e9nerg\u00e9tique sup\u00e9rieures pour un succ\u00e8s op\u00e9rationnel \u00e0 long terme.\",\"breadcrumb\":{\"@id\":\"https:\/\/www.leili-motor.net\/fr\/broyeur-a-glace.html#breadcrumb\"},\"inLanguage\":\"fr-FR\",\"potentialAction\":[{\"@type\":\"ReadAction\",\"target\":[\"https:\/\/www.leili-motor.net\/fr\/broyeur-a-glace.html\"]}]},{\"@type\":\"ImageObject\",\"inLanguage\":\"fr-FR\",\"@id\":\"https:\/\/www.leili-motor.net\/fr\/broyeur-a-glace.html#primaryimage\",\"url\":\"https:\/\/www.leili-motor.net\/wp-content\/uploads\/2025\/03\/Ice-Crusher.webp\",\"contentUrl\":\"https:\/\/www.leili-motor.net\/wp-content\/uploads\/2025\/03\/Ice-Crusher.webp\",\"width\":454,\"height\":310,\"caption\":\"Broyeur \u00e0 glace\"},{\"@type\":\"BreadcrumbList\",\"@id\":\"https:\/\/www.leili-motor.net\/fr\/broyeur-a-glace.html#breadcrumb\",\"itemListElement\":[{\"@type\":\"ListItem\",\"position\":1,\"name\":\"Home\",\"item\":\"https:\/\/www.leili-motor.net\/fr\/\"},{\"@type\":\"ListItem\",\"position\":2,\"name\":\"Produits\",\"item\":\"https:\/\/www.leili-motor.net\/fr\/produits\/\"},{\"@type\":\"ListItem\",\"position\":3,\"name\":\"Broyeur \u00e0 glace\"}]},{\"@type\":\"WebSite\",\"@id\":\"https:\/\/www.leili-motor.net\/fr\/#website\",\"url\":\"https:\/\/www.leili-motor.net\/fr\/\",\"name\":\"Leili Motor\",\"description\":\"\",\"publisher\":{\"@id\":\"https:\/\/www.leili-motor.net\/fr\/#organization\"},\"potentialAction\":[{\"@type\":\"SearchAction\",\"target\":{\"@type\":\"EntryPoint\",\"urlTemplate\":\"https:\/\/www.leili-motor.net\/fr\/?s={search_term_string}\"},\"query-input\":{\"@type\":\"PropertyValueSpecification\",\"valueRequired\":true,\"valueName\":\"search_term_string\"}}],\"inLanguage\":\"fr-FR\"},{\"@type\":\"Organization\",\"@id\":\"https:\/\/www.leili-motor.net\/fr\/#organization\",\"name\":\"Leili Motor\",\"url\":\"https:\/\/www.leili-motor.net\/fr\/\",\"logo\":{\"@type\":\"ImageObject\",\"inLanguage\":\"fr-FR\",\"@id\":\"https:\/\/www.leili-motor.net\/fr\/#\/schema\/logo\/image\/\",\"url\":\"https:\/\/www.leili-motor.net\/wp-content\/uploads\/2025\/03\/Leili-Motor.png\",\"contentUrl\":\"https:\/\/www.leili-motor.net\/wp-content\/uploads\/2025\/03\/Leili-Motor.png\",\"width\":600,\"height\":156,\"caption\":\"Leili Motor\"},\"image\":{\"@id\":\"https:\/\/www.leili-motor.net\/fr\/#\/schema\/logo\/image\/\"}}]}<\/script>\n<!-- \/ Yoast SEO plugin. -->","yoast_head_json":{"title":"Broyeur \u00e0 glace &#8211; Leili Motor","description":"Id\u00e9al pour les syst\u00e8mes automatis\u00e9s, les machines industrielles et les applications CVC, nos moteurs de la s\u00e9rie CLX offrent des performances, une fiabilit\u00e9 et une efficacit\u00e9 \u00e9nerg\u00e9tique sup\u00e9rieures pour un succ\u00e8s op\u00e9rationnel \u00e0 long terme.","robots":{"index":"index","follow":"follow","max-snippet":"max-snippet:-1","max-image-preview":"max-image-preview:large","max-video-preview":"max-video-preview:-1"},"canonical":"https:\/\/www.leili-motor.net\/fr\/broyeur-a-glace.html","schema":{"@context":"https:\/\/schema.org","@graph":[{"@type":"WebPage","@id":"https:\/\/www.leili-motor.net\/fr\/broyeur-a-glace.html","url":"https:\/\/www.leili-motor.net\/fr\/broyeur-a-glace.html","name":"Broyeur \u00e0 glace &#8211; Leili Motor","isPartOf":{"@id":"https:\/\/www.leili-motor.net\/fr\/#website"},"primaryImageOfPage":{"@id":"https:\/\/www.leili-motor.net\/fr\/broyeur-a-glace.html#primaryimage"},"image":{"@id":"https:\/\/www.leili-motor.net\/fr\/broyeur-a-glace.html#primaryimage"},"thumbnailUrl":"https:\/\/www.leili-motor.net\/wp-content\/uploads\/2025\/03\/Ice-Crusher.webp","datePublished":"2025-03-10T07:33:56+00:00","description":"Id\u00e9al pour les syst\u00e8mes automatis\u00e9s, les machines industrielles et les applications CVC, nos moteurs de la s\u00e9rie CLX offrent des performances, une fiabilit\u00e9 et une efficacit\u00e9 \u00e9nerg\u00e9tique sup\u00e9rieures pour un succ\u00e8s op\u00e9rationnel \u00e0 long terme.","breadcrumb":{"@id":"https:\/\/www.leili-motor.net\/fr\/broyeur-a-glace.html#breadcrumb"},"inLanguage":"fr-FR","potentialAction":[{"@type":"ReadAction","target":["https:\/\/www.leili-motor.net\/fr\/broyeur-a-glace.html"]}]},{"@type":"ImageObject","inLanguage":"fr-FR","@id":"https:\/\/www.leili-motor.net\/fr\/broyeur-a-glace.html#primaryimage","url":"https:\/\/www.leili-motor.net\/wp-content\/uploads\/2025\/03\/Ice-Crusher.webp","contentUrl":"https:\/\/www.leili-motor.net\/wp-content\/uploads\/2025\/03\/Ice-Crusher.webp","width":454,"height":310,"caption":"Broyeur \u00e0 glace"},{"@type":"BreadcrumbList","@id":"https:\/\/www.leili-motor.net\/fr\/broyeur-a-glace.html#breadcrumb","itemListElement":[{"@type":"ListItem","position":1,"name":"Home","item":"https:\/\/www.leili-motor.net\/fr\/"},{"@type":"ListItem","position":2,"name":"Produits","item":"https:\/\/www.leili-motor.net\/fr\/produits\/"},{"@type":"ListItem","position":3,"name":"Broyeur \u00e0 glace"}]},{"@type":"WebSite","@id":"https:\/\/www.leili-motor.net\/fr\/#website","url":"https:\/\/www.leili-motor.net\/fr\/","name":"Leili Motor","description":"","publisher":{"@id":"https:\/\/www.leili-motor.net\/fr\/#organization"},"potentialAction":[{"@type":"SearchAction","target":{"@type":"EntryPoint","urlTemplate":"https:\/\/www.leili-motor.net\/fr\/?s={search_term_string}"},"query-input":{"@type":"PropertyValueSpecification","valueRequired":true,"valueName":"search_term_string"}}],"inLanguage":"fr-FR"},{"@type":"Organization","@id":"https:\/\/www.leili-motor.net\/fr\/#organization","name":"Leili Motor","url":"https:\/\/www.leili-motor.net\/fr\/","logo":{"@type":"ImageObject","inLanguage":"fr-FR","@id":"https:\/\/www.leili-motor.net\/fr\/#\/schema\/logo\/image\/","url":"https:\/\/www.leili-motor.net\/wp-content\/uploads\/2025\/03\/Leili-Motor.png","contentUrl":"https:\/\/www.leili-motor.net\/wp-content\/uploads\/2025\/03\/Leili-Motor.png","width":600,"height":156,"caption":"Leili Motor"},"image":{"@id":"https:\/\/www.leili-motor.net\/fr\/#\/schema\/logo\/image\/"}}]}},"_links":{"self":[{"href":"https:\/\/www.leili-motor.net\/fr\/wp-json\/wp\/v2\/product\/11194","targetHints":{"allow":["GET"]}}],"collection":[{"href":"https:\/\/www.leili-motor.net\/fr\/wp-json\/wp\/v2\/product"}],"about":[{"href":"https:\/\/www.leili-motor.net\/fr\/wp-json\/wp\/v2\/types\/product"}],"replies":[{"embeddable":true,"href":"https:\/\/www.leili-motor.net\/fr\/wp-json\/wp\/v2\/comments?post=11194"}],"wp:featuredmedia":[{"embeddable":true,"href":"https:\/\/www.leili-motor.net\/fr\/wp-json\/wp\/v2\/media\/11195"}],"wp:attachment":[{"href":"https:\/\/www.leili-motor.net\/fr\/wp-json\/wp\/v2\/media?parent=11194"}],"wp:term":[{"taxonomy":"product_brand","embeddable":true,"href":"https:\/\/www.leili-motor.net\/fr\/wp-json\/wp\/v2\/product_brand?post=11194"},{"taxonomy":"product_cat","embeddable":true,"href":"https:\/\/www.leili-motor.net\/fr\/wp-json\/wp\/v2\/product_cat?post=11194"},{"taxonomy":"product_tag","embeddable":true,"href":"https:\/\/www.leili-motor.net\/fr\/wp-json\/wp\/v2\/product_tag?post=11194"}],"curies":[{"name":"wp","href":"https:\/\/api.w.org\/{rel}","templated":true}]}}