{"id":11197,"date":"2025-03-05T15:15:42","date_gmt":"2025-03-05T07:15:42","guid":{"rendered":"https:\/\/www.leili-motor.net\/moteur-a-courant-continu-a-aimant-permanent-82zy\/"},"modified":"2025-03-05T15:15:42","modified_gmt":"2025-03-05T07:15:42","slug":"moteur-a-courant-continu-a-aimant-permanent-82zy","status":"publish","type":"product","link":"https:\/\/www.leili-motor.net\/fr\/moteur-a-courant-continu-a-aimant-permanent-82zy.html","title":{"rendered":"Moteur \u00e0 Courant Continu \u00e0 Aimant Permanent 82ZY"},"content":{"rendered":"<h2>Param\u00e8tres du produit<\/h2>\n<table>\n<tbody>\n<tr>\n<td width=\"10.1400%\">Mod\u00e8le<\/td>\n<td width=\"6.1600%\">Vol<br \/>\n(V)<\/td>\n<td width=\"6.6800%\">Kv<br \/>\n(V)<\/td>\n<td width=\"9.8000%\">\u00c0 vide<br \/>\n(A)<\/td>\n<td width=\"15.3200%\">Puissance de sortie<br \/>\n(W)<\/td>\n<td width=\"9.5400%\">Courant<br \/>\n(A)<\/td>\n<td width=\"14.3800%\">Couple nominal<br \/>\n(N.m)<\/td>\n<td width=\"11.3800%\">Rendement<\/td>\n<td width=\"16.5000%\">Niveau d&rsquo;isolation<\/td>\n<\/tr>\n<tr>\n<td width=\"10.1400%\">82ZY1-1<\/td>\n<td width=\"6.1600%\">130<\/td>\n<td width=\"6.6800%\">16.5<\/td>\n<td width=\"9.8000%\">1.5<\/td>\n<td width=\"15.3200%\">1492<\/td>\n<td width=\"9.5400%\">11<\/td>\n<td width=\"14.3800%\">1.55<\/td>\n<td width=\"11.3800%\">82.24%<\/td>\n<td rowspan=\"2\" width=\"16.5000%\">&nbsp;<\/p>\n<p>N<\/td>\n<\/tr>\n<tr>\n<td width=\"10.1400%\">82ZY2-1<\/td>\n<td width=\"6.1600%\">130<\/td>\n<td width=\"6.6800%\">16.2<\/td>\n<td width=\"9.8000%\">1.5<\/td>\n<td width=\"15.3200%\">1939<\/td>\n<td width=\"9.5400%\">15<\/td>\n<td width=\"14.3800%\">2.2<\/td>\n<td width=\"11.3800%\">82.36%<\/td>\n<\/tr>\n<\/tbody>\n<\/table>\n<h2>Dimension m\u00e9canique : mm<\/h2>\n<p><img fetchpriority=\"high\" decoding=\"async\" class=\"wp-image-466 size-full aligncenter\" src=\"https:\/\/www.leili-motor.net\/wp-content\/uploads\/2025\/03\/Mechanical-Dimension-for-82zy-Treadmill-Motor.png\" alt=\"Dimensions m\u00e9caniques du moteur 82zy pour tapis de course\" width=\"795\" height=\"350\" srcset=\"https:\/\/www.leili-motor.net\/wp-content\/uploads\/2025\/03\/Mechanical-Dimension-for-82zy-Treadmill-Motor.png 795w, https:\/\/www.leili-motor.net\/wp-content\/uploads\/2025\/03\/Mechanical-Dimension-for-82zy-Treadmill-Motor-300x132.png 300w, https:\/\/www.leili-motor.net\/wp-content\/uploads\/2025\/03\/Mechanical-Dimension-for-82zy-Treadmill-Motor-768x338.png 768w, https:\/\/www.leili-motor.net\/wp-content\/uploads\/2025\/03\/Mechanical-Dimension-for-82zy-Treadmill-Motor-600x264.png 600w\" sizes=\"(max-width: 795px) 100vw, 795px\" \/><\/p>\n","protected":false},"excerpt":{"rendered":"<h3>Pr\u00e9sentation du produit<\/h3>\n<ul>\n<li>Mod\u00e8le : 82zy<\/li>\n<li>Haut rendement : Atteint un rendement allant jusqu&rsquo;\u00e0 82,36 %, garantissant des performances fiables et \u00e9conomes en \u00e9nergie.<\/li>\n<li>Puissance de sortie : D\u00e9livre une puissance nominale de 1492 W \u00e0 1939 W avec un couple stable de 1,55 Nm \u00e0 2,2 Nm.<\/li>\n<li>Conception optimis\u00e9e : Fonctionne \u00e0 130 V avec 16,2 \u00e0 16,5 kV et un courant \u00e0 vide de 1,5 A pour des performances optimales.<\/li>\n<\/ul>\n<h3>Application du produit<\/h3>\n<ul>\n<li>Industrie : Contr\u00f4les industriels<\/li>\n<li>Exercice et sant\u00e9 : Tapis de course<\/li>\n<\/ul>\n","protected":false},"featured_media":11198,"comment_status":"open","ping_status":"closed","template":"","meta":{"site-sidebar-layout":"default","site-content-layout":"","ast-site-content-layout":"default","site-content-style":"default","site-sidebar-style":"default","ast-global-header-display":"","ast-banner-title-visibility":"","ast-main-header-display":"","ast-hfb-above-header-display":"","ast-hfb-below-header-display":"","ast-hfb-mobile-header-display":"","site-post-title":"","ast-breadcrumbs-content":"","ast-featured-img":"","footer-sml-layout":"","theme-transparent-header-meta":"default","adv-header-id-meta":"","stick-header-meta":"","header-above-stick-meta":"","header-main-stick-meta":"","header-below-stick-meta":"","astra-migrate-meta-layouts":"default","ast-page-background-enabled":"default","ast-page-background-meta":{"desktop":{"background-color":"var(--ast-global-color-5)","background-image":"","background-repeat":"repeat","background-position":"center center","background-size":"auto","background-attachment":"scroll","background-type":"","background-media":"","overlay-type":"","overlay-color":"","overlay-opacity":"","overlay-gradient":""},"tablet":{"background-color":"","background-image":"","background-repeat":"repeat","background-position":"center center","background-size":"auto","background-attachment":"scroll","background-type":"","background-media":"","overlay-type":"","overlay-color":"","overlay-opacity":"","overlay-gradient":""},"mobile":{"background-color":"","background-image":"","background-repeat":"repeat","background-position":"center center","background-size":"auto","background-attachment":"scroll","background-type":"","background-media":"","overlay-type":"","overlay-color":"","overlay-opacity":"","overlay-gradient":""}},"ast-content-background-meta":{"desktop":{"background-color":"var(--ast-global-color-4)","background-image":"","background-repeat":"repeat","background-position":"center center","background-size":"auto","background-attachment":"scroll","background-type":"","background-media":"","overlay-type":"","overlay-color":"","overlay-opacity":"","overlay-gradient":""},"tablet":{"background-color":"var(--ast-global-color-4)","background-image":"","background-repeat":"repeat","background-position":"center center","background-size":"auto","background-attachment":"scroll","background-type":"","background-media":"","overlay-type":"","overlay-color":"","overlay-opacity":"","overlay-gradient":""},"mobile":{"background-color":"var(--ast-global-color-4)","background-image":"","background-repeat":"repeat","background-position":"center center","background-size":"auto","background-attachment":"scroll","background-type":"","background-media":"","overlay-type":"","overlay-color":"","overlay-opacity":"","overlay-gradient":""}}},"product_brand":[],"product_cat":[1168,1264],"product_tag":[1265],"class_list":{"0":"post-11197","1":"product","2":"type-product","3":"status-publish","4":"has-post-thumbnail","6":"product_cat-moteur-a-balais-a-courant-continu","7":"product_cat-moteur-cc-a-aimant-permanent","8":"product_tag-equipement-sportif-tapis-de-course","9":"pa_application-industrie-fr","10":"pa_application-sante-sportive","11":"pa_dc-brush-no-load-current-0-0-1-fr","12":"pa_dc-brush-no-load-current-0-1-0-2-fr","13":"pa_dc-brush-no-load-current-0-2-0-3-fr","14":"pa_dc-brush-no-load-current-plus-de-03","15":"pa_dc-brush-no-load-speed-0-1000-fr","16":"pa_dc-brush-no-load-speed-1000-3000-fr","17":"pa_dc-brush-no-load-speed-3000-10000-fr","18":"pa_dc-brush-no-load-speed-plus-de-10-000","19":"desktop-align-left","20":"tablet-align-left","21":"mobile-align-left","23":"first","24":"instock","25":"shipping-taxable","26":"product-type-simple"},"yoast_head":"<!-- This site is optimized with the Yoast SEO plugin v27.2 - https:\/\/yoast.com\/product\/yoast-seo-wordpress\/ -->\n<title>Moteur \u00e0 Courant Continu \u00e0 Aimant Permanent 82ZY &#8211; Leili Motor<\/title>\n<meta name=\"description\" content=\"Notre moteur pour tapis de course 82ZY d\u00e9livre une puissance de 1 492 W \u00e0 1 939 W avec un rendement de 82,36 %, garantissant un couple stable et des performances optimales pour les tapis de course et les applications de contr\u00f4le industriel.\" \/>\n<meta name=\"robots\" content=\"index, follow, max-snippet:-1, max-image-preview:large, max-video-preview:-1\" \/>\n<link rel=\"canonical\" href=\"https:\/\/www.leili-motor.net\/fr\/moteur-a-courant-continu-a-aimant-permanent-82zy.html\" \/>\n<script type=\"application\/ld+json\" class=\"yoast-schema-graph\">{\"@context\":\"https:\/\/schema.org\",\"@graph\":[{\"@type\":\"WebPage\",\"@id\":\"https:\/\/www.leili-motor.net\/fr\/moteur-a-courant-continu-a-aimant-permanent-82zy.html\",\"url\":\"https:\/\/www.leili-motor.net\/fr\/moteur-a-courant-continu-a-aimant-permanent-82zy.html\",\"name\":\"Moteur \u00e0 Courant Continu \u00e0 Aimant Permanent 82ZY &#8211; Leili Motor\",\"isPartOf\":{\"@id\":\"https:\/\/www.leili-motor.net\/fr\/#website\"},\"primaryImageOfPage\":{\"@id\":\"https:\/\/www.leili-motor.net\/fr\/moteur-a-courant-continu-a-aimant-permanent-82zy.html#primaryimage\"},\"image\":{\"@id\":\"https:\/\/www.leili-motor.net\/fr\/moteur-a-courant-continu-a-aimant-permanent-82zy.html#primaryimage\"},\"thumbnailUrl\":\"https:\/\/www.leili-motor.net\/wp-content\/uploads\/2025\/03\/82zy-Treadmill-Motor.png\",\"datePublished\":\"2025-03-05T07:15:42+00:00\",\"description\":\"Notre moteur pour tapis de course 82ZY d\u00e9livre une puissance de 1 492 W \u00e0 1 939 W avec un rendement de 82,36 %, garantissant un couple stable et des performances optimales pour les tapis de course et les applications de contr\u00f4le industriel.\",\"breadcrumb\":{\"@id\":\"https:\/\/www.leili-motor.net\/fr\/moteur-a-courant-continu-a-aimant-permanent-82zy.html#breadcrumb\"},\"inLanguage\":\"fr-FR\",\"potentialAction\":[{\"@type\":\"ReadAction\",\"target\":[\"https:\/\/www.leili-motor.net\/fr\/moteur-a-courant-continu-a-aimant-permanent-82zy.html\"]}]},{\"@type\":\"ImageObject\",\"inLanguage\":\"fr-FR\",\"@id\":\"https:\/\/www.leili-motor.net\/fr\/moteur-a-courant-continu-a-aimant-permanent-82zy.html#primaryimage\",\"url\":\"https:\/\/www.leili-motor.net\/wp-content\/uploads\/2025\/03\/82zy-Treadmill-Motor.png\",\"contentUrl\":\"https:\/\/www.leili-motor.net\/wp-content\/uploads\/2025\/03\/82zy-Treadmill-Motor.png\",\"width\":454,\"height\":310,\"caption\":\"Moteur de tapis roulant 82zy\"},{\"@type\":\"BreadcrumbList\",\"@id\":\"https:\/\/www.leili-motor.net\/fr\/moteur-a-courant-continu-a-aimant-permanent-82zy.html#breadcrumb\",\"itemListElement\":[{\"@type\":\"ListItem\",\"position\":1,\"name\":\"Home\",\"item\":\"https:\/\/www.leili-motor.net\/fr\/\"},{\"@type\":\"ListItem\",\"position\":2,\"name\":\"Produits\",\"item\":\"https:\/\/www.leili-motor.net\/fr\/produits\/\"},{\"@type\":\"ListItem\",\"position\":3,\"name\":\"Moteur \u00e0 Courant Continu \u00e0 Aimant Permanent 82ZY\"}]},{\"@type\":\"WebSite\",\"@id\":\"https:\/\/www.leili-motor.net\/fr\/#website\",\"url\":\"https:\/\/www.leili-motor.net\/fr\/\",\"name\":\"Leili Motor\",\"description\":\"\",\"publisher\":{\"@id\":\"https:\/\/www.leili-motor.net\/fr\/#organization\"},\"potentialAction\":[{\"@type\":\"SearchAction\",\"target\":{\"@type\":\"EntryPoint\",\"urlTemplate\":\"https:\/\/www.leili-motor.net\/fr\/?s={search_term_string}\"},\"query-input\":{\"@type\":\"PropertyValueSpecification\",\"valueRequired\":true,\"valueName\":\"search_term_string\"}}],\"inLanguage\":\"fr-FR\"},{\"@type\":\"Organization\",\"@id\":\"https:\/\/www.leili-motor.net\/fr\/#organization\",\"name\":\"Leili Motor\",\"url\":\"https:\/\/www.leili-motor.net\/fr\/\",\"logo\":{\"@type\":\"ImageObject\",\"inLanguage\":\"fr-FR\",\"@id\":\"https:\/\/www.leili-motor.net\/fr\/#\/schema\/logo\/image\/\",\"url\":\"https:\/\/www.leili-motor.net\/wp-content\/uploads\/2025\/03\/Leili-Motor.png\",\"contentUrl\":\"https:\/\/www.leili-motor.net\/wp-content\/uploads\/2025\/03\/Leili-Motor.png\",\"width\":600,\"height\":156,\"caption\":\"Leili Motor\"},\"image\":{\"@id\":\"https:\/\/www.leili-motor.net\/fr\/#\/schema\/logo\/image\/\"}}]}<\/script>\n<!-- \/ Yoast SEO plugin. -->","yoast_head_json":{"title":"Moteur \u00e0 Courant Continu \u00e0 Aimant Permanent 82ZY &#8211; Leili Motor","description":"Notre moteur pour tapis de course 82ZY d\u00e9livre une puissance de 1 492 W \u00e0 1 939 W avec un rendement de 82,36 %, garantissant un couple stable et des performances optimales pour les tapis de course et les applications de contr\u00f4le industriel.","robots":{"index":"index","follow":"follow","max-snippet":"max-snippet:-1","max-image-preview":"max-image-preview:large","max-video-preview":"max-video-preview:-1"},"canonical":"https:\/\/www.leili-motor.net\/fr\/moteur-a-courant-continu-a-aimant-permanent-82zy.html","schema":{"@context":"https:\/\/schema.org","@graph":[{"@type":"WebPage","@id":"https:\/\/www.leili-motor.net\/fr\/moteur-a-courant-continu-a-aimant-permanent-82zy.html","url":"https:\/\/www.leili-motor.net\/fr\/moteur-a-courant-continu-a-aimant-permanent-82zy.html","name":"Moteur \u00e0 Courant Continu \u00e0 Aimant Permanent 82ZY &#8211; Leili Motor","isPartOf":{"@id":"https:\/\/www.leili-motor.net\/fr\/#website"},"primaryImageOfPage":{"@id":"https:\/\/www.leili-motor.net\/fr\/moteur-a-courant-continu-a-aimant-permanent-82zy.html#primaryimage"},"image":{"@id":"https:\/\/www.leili-motor.net\/fr\/moteur-a-courant-continu-a-aimant-permanent-82zy.html#primaryimage"},"thumbnailUrl":"https:\/\/www.leili-motor.net\/wp-content\/uploads\/2025\/03\/82zy-Treadmill-Motor.png","datePublished":"2025-03-05T07:15:42+00:00","description":"Notre moteur pour tapis de course 82ZY d\u00e9livre une puissance de 1 492 W \u00e0 1 939 W avec un rendement de 82,36 %, garantissant un couple stable et des performances optimales pour les tapis de course et les applications de contr\u00f4le industriel.","breadcrumb":{"@id":"https:\/\/www.leili-motor.net\/fr\/moteur-a-courant-continu-a-aimant-permanent-82zy.html#breadcrumb"},"inLanguage":"fr-FR","potentialAction":[{"@type":"ReadAction","target":["https:\/\/www.leili-motor.net\/fr\/moteur-a-courant-continu-a-aimant-permanent-82zy.html"]}]},{"@type":"ImageObject","inLanguage":"fr-FR","@id":"https:\/\/www.leili-motor.net\/fr\/moteur-a-courant-continu-a-aimant-permanent-82zy.html#primaryimage","url":"https:\/\/www.leili-motor.net\/wp-content\/uploads\/2025\/03\/82zy-Treadmill-Motor.png","contentUrl":"https:\/\/www.leili-motor.net\/wp-content\/uploads\/2025\/03\/82zy-Treadmill-Motor.png","width":454,"height":310,"caption":"Moteur de tapis roulant 82zy"},{"@type":"BreadcrumbList","@id":"https:\/\/www.leili-motor.net\/fr\/moteur-a-courant-continu-a-aimant-permanent-82zy.html#breadcrumb","itemListElement":[{"@type":"ListItem","position":1,"name":"Home","item":"https:\/\/www.leili-motor.net\/fr\/"},{"@type":"ListItem","position":2,"name":"Produits","item":"https:\/\/www.leili-motor.net\/fr\/produits\/"},{"@type":"ListItem","position":3,"name":"Moteur \u00e0 Courant Continu \u00e0 Aimant Permanent 82ZY"}]},{"@type":"WebSite","@id":"https:\/\/www.leili-motor.net\/fr\/#website","url":"https:\/\/www.leili-motor.net\/fr\/","name":"Leili Motor","description":"","publisher":{"@id":"https:\/\/www.leili-motor.net\/fr\/#organization"},"potentialAction":[{"@type":"SearchAction","target":{"@type":"EntryPoint","urlTemplate":"https:\/\/www.leili-motor.net\/fr\/?s={search_term_string}"},"query-input":{"@type":"PropertyValueSpecification","valueRequired":true,"valueName":"search_term_string"}}],"inLanguage":"fr-FR"},{"@type":"Organization","@id":"https:\/\/www.leili-motor.net\/fr\/#organization","name":"Leili Motor","url":"https:\/\/www.leili-motor.net\/fr\/","logo":{"@type":"ImageObject","inLanguage":"fr-FR","@id":"https:\/\/www.leili-motor.net\/fr\/#\/schema\/logo\/image\/","url":"https:\/\/www.leili-motor.net\/wp-content\/uploads\/2025\/03\/Leili-Motor.png","contentUrl":"https:\/\/www.leili-motor.net\/wp-content\/uploads\/2025\/03\/Leili-Motor.png","width":600,"height":156,"caption":"Leili Motor"},"image":{"@id":"https:\/\/www.leili-motor.net\/fr\/#\/schema\/logo\/image\/"}}]}},"_links":{"self":[{"href":"https:\/\/www.leili-motor.net\/fr\/wp-json\/wp\/v2\/product\/11197","targetHints":{"allow":["GET"]}}],"collection":[{"href":"https:\/\/www.leili-motor.net\/fr\/wp-json\/wp\/v2\/product"}],"about":[{"href":"https:\/\/www.leili-motor.net\/fr\/wp-json\/wp\/v2\/types\/product"}],"replies":[{"embeddable":true,"href":"https:\/\/www.leili-motor.net\/fr\/wp-json\/wp\/v2\/comments?post=11197"}],"wp:featuredmedia":[{"embeddable":true,"href":"https:\/\/www.leili-motor.net\/fr\/wp-json\/wp\/v2\/media\/11198"}],"wp:attachment":[{"href":"https:\/\/www.leili-motor.net\/fr\/wp-json\/wp\/v2\/media?parent=11197"}],"wp:term":[{"taxonomy":"product_brand","embeddable":true,"href":"https:\/\/www.leili-motor.net\/fr\/wp-json\/wp\/v2\/product_brand?post=11197"},{"taxonomy":"product_cat","embeddable":true,"href":"https:\/\/www.leili-motor.net\/fr\/wp-json\/wp\/v2\/product_cat?post=11197"},{"taxonomy":"product_tag","embeddable":true,"href":"https:\/\/www.leili-motor.net\/fr\/wp-json\/wp\/v2\/product_tag?post=11197"}],"curies":[{"name":"wp","href":"https:\/\/api.w.org\/{rel}","templated":true}]}}