{"id":11207,"date":"2025-03-05T14:41:21","date_gmt":"2025-03-05T06:41:21","guid":{"rendered":"https:\/\/www.leili-motor.net\/moteur-cc-a-balais-a-aimant-permanent-80zy\/"},"modified":"2025-03-05T14:41:21","modified_gmt":"2025-03-05T06:41:21","slug":"moteur-cc-a-balais-a-aimant-permanent-80zy","status":"publish","type":"product","link":"https:\/\/www.leili-motor.net\/fr\/moteur-cc-a-balais-a-aimant-permanent-80zy.html","title":{"rendered":"Moteur CC \u00e0 Balais \u00e0 Aimant Permanent 80ZY"},"content":{"rendered":"<h2>Param\u00e8tres du produit<\/h2>\n<table>\n<tbody>\n<tr>\n<td>Mod\u00e8le<\/td>\n<td>Tension(V)<\/td>\n<td>Kv (V\/KRPM)<\/td>\n<td>Courant \u00e0 vide<\/td>\n<td>Puissance nominale<br \/>\nPower<br \/>\n(W)<\/td>\n<td>Courant(A)<\/td>\n<td>Couple<br \/>\nnominal<br \/>\n(N\u00b7m)<\/td>\n<td>Rendement<\/td>\n<td>Classe<br \/>\n d&rsquo;isolation<\/td>\n<td>Moteurs<br \/>\nPoids<br \/>\n(kg)<\/td>\n<\/tr>\n<tr>\n<td>80ZY-1<\/td>\n<td>24<\/td>\n<td>8.5<\/td>\n<td>\u2264 1.5<\/td>\n<td>110<\/td>\n<td>6.3<\/td>\n<td>0.4<\/td>\n<td>72%<\/td>\n<td>B<\/td>\n<td>2.5<\/td>\n<\/tr>\n<\/tbody>\n<\/table>\n<h2>Dimension m\u00e9canique : mm<\/h2>\n<p><img fetchpriority=\"high\" decoding=\"async\" class=\"aligncenter wp-image-442 size-full\" src=\"https:\/\/www.leili-motor.net\/wp-content\/uploads\/2025\/03\/Mechanical-Dimension-for-80ZY-DC-Brush-Motor.png\" alt=\"Dimensions m\u00e9caniques du moteur \u00e0 balais CC 80ZY\" width=\"759\" height=\"437\" srcset=\"https:\/\/www.leili-motor.net\/wp-content\/uploads\/2025\/03\/Mechanical-Dimension-for-80ZY-DC-Brush-Motor.png 759w, https:\/\/www.leili-motor.net\/wp-content\/uploads\/2025\/03\/Mechanical-Dimension-for-80ZY-DC-Brush-Motor-300x173.png 300w, https:\/\/www.leili-motor.net\/wp-content\/uploads\/2025\/03\/Mechanical-Dimension-for-80ZY-DC-Brush-Motor-600x345.png 600w\" sizes=\"(max-width: 759px) 100vw, 759px\" \/><\/p>\n","protected":false},"excerpt":{"rendered":"<h3>Pr\u00e9sentation du produit<\/h3>\n<ul>\n<li>Mod\u00e8le : 80ZY<\/li>\n<li>Performances efficaces : fournit une puissance de 110 W avec une efficacit\u00e9 de 72 % pour un fonctionnement fiable.<\/li>\n<li>Couple stable : fournit un couple nominal de 0,4 Nm avec un courant constant de 6,3 A pour une sortie constante.<\/li>\n<li>Conception optimis\u00e9e : Comprend une tension de 24 V, 8,5 KV et un courant \u00e0 vide \u2264 1,5 A pour des performances d&rsquo;\u00e9conomie d&rsquo;\u00e9nergie.<\/li>\n<\/ul>\n<h3>Application du produit<\/h3>\n<ul>\n<li>V\u00e9hicule utilitaire : \u00e9l\u00e9vateur pour camion<\/li>\n<\/ul>\n","protected":false},"featured_media":11208,"comment_status":"open","ping_status":"closed","template":"","meta":{"site-sidebar-layout":"default","site-content-layout":"","ast-site-content-layout":"default","site-content-style":"default","site-sidebar-style":"default","ast-global-header-display":"","ast-banner-title-visibility":"","ast-main-header-display":"","ast-hfb-above-header-display":"","ast-hfb-below-header-display":"","ast-hfb-mobile-header-display":"","site-post-title":"","ast-breadcrumbs-content":"","ast-featured-img":"","footer-sml-layout":"","theme-transparent-header-meta":"default","adv-header-id-meta":"","stick-header-meta":"","header-above-stick-meta":"","header-main-stick-meta":"","header-below-stick-meta":"","astra-migrate-meta-layouts":"default","ast-page-background-enabled":"default","ast-page-background-meta":{"desktop":{"background-color":"var(--ast-global-color-5)","background-image":"","background-repeat":"repeat","background-position":"center center","background-size":"auto","background-attachment":"scroll","background-type":"","background-media":"","overlay-type":"","overlay-color":"","overlay-opacity":"","overlay-gradient":""},"tablet":{"background-color":"","background-image":"","background-repeat":"repeat","background-position":"center center","background-size":"auto","background-attachment":"scroll","background-type":"","background-media":"","overlay-type":"","overlay-color":"","overlay-opacity":"","overlay-gradient":""},"mobile":{"background-color":"","background-image":"","background-repeat":"repeat","background-position":"center center","background-size":"auto","background-attachment":"scroll","background-type":"","background-media":"","overlay-type":"","overlay-color":"","overlay-opacity":"","overlay-gradient":""}},"ast-content-background-meta":{"desktop":{"background-color":"var(--ast-global-color-4)","background-image":"","background-repeat":"repeat","background-position":"center center","background-size":"auto","background-attachment":"scroll","background-type":"","background-media":"","overlay-type":"","overlay-color":"","overlay-opacity":"","overlay-gradient":""},"tablet":{"background-color":"var(--ast-global-color-4)","background-image":"","background-repeat":"repeat","background-position":"center center","background-size":"auto","background-attachment":"scroll","background-type":"","background-media":"","overlay-type":"","overlay-color":"","overlay-opacity":"","overlay-gradient":""},"mobile":{"background-color":"var(--ast-global-color-4)","background-image":"","background-repeat":"repeat","background-position":"center center","background-size":"auto","background-attachment":"scroll","background-type":"","background-media":"","overlay-type":"","overlay-color":"","overlay-opacity":"","overlay-gradient":""}}},"product_brand":[],"product_cat":[1168,1264],"product_tag":[1265],"class_list":{"0":"post-11207","1":"product","2":"type-product","3":"status-publish","4":"has-post-thumbnail","6":"product_cat-moteur-a-balais-a-courant-continu","7":"product_cat-moteur-cc-a-aimant-permanent","8":"product_tag-equipement-sportif-tapis-de-course","9":"pa_application-industrie-fr","10":"pa_application-sante-sportive","11":"pa_dc-brush-no-load-current-plus-de-03","12":"pa_dc-brush-no-load-speed-0-1000-fr","13":"pa_dc-brush-no-load-speed-1000-3000-fr","14":"pa_dc-brush-no-load-speed-3000-10000-fr","15":"pa_dc-brush-no-load-speed-plus-de-10-000","16":"desktop-align-left","17":"tablet-align-left","18":"mobile-align-left","20":"first","21":"instock","22":"shipping-taxable","23":"product-type-simple"},"yoast_head":"<!-- This site is optimized with the Yoast SEO plugin v27.2 - https:\/\/yoast.com\/product\/yoast-seo-wordpress\/ -->\n<title>Moteur CC \u00e0 Balais \u00e0 Aimant Permanent 80ZY &#8211; Leili Motor<\/title>\n<meta name=\"description\" content=\"Le moteur \u00e0 balais \u00e0 courant continu 80ZY fournit une puissance de 110 W avec une efficacit\u00e9 de 72 %, garantissant un couple stable de 0,4 Nm et un fonctionnement de 24 V, id\u00e9al pour les applications de levage de camions.\" \/>\n<meta name=\"robots\" content=\"index, follow, max-snippet:-1, max-image-preview:large, max-video-preview:-1\" \/>\n<link rel=\"canonical\" href=\"https:\/\/www.leili-motor.net\/fr\/moteur-cc-a-balais-a-aimant-permanent-80zy.html\" \/>\n<script type=\"application\/ld+json\" class=\"yoast-schema-graph\">{\"@context\":\"https:\/\/schema.org\",\"@graph\":[{\"@type\":\"WebPage\",\"@id\":\"https:\/\/www.leili-motor.net\/fr\/moteur-cc-a-balais-a-aimant-permanent-80zy.html\",\"url\":\"https:\/\/www.leili-motor.net\/fr\/moteur-cc-a-balais-a-aimant-permanent-80zy.html\",\"name\":\"Moteur CC \u00e0 Balais \u00e0 Aimant Permanent 80ZY &#8211; Leili Motor\",\"isPartOf\":{\"@id\":\"https:\/\/www.leili-motor.net\/fr\/#website\"},\"primaryImageOfPage\":{\"@id\":\"https:\/\/www.leili-motor.net\/fr\/moteur-cc-a-balais-a-aimant-permanent-80zy.html#primaryimage\"},\"image\":{\"@id\":\"https:\/\/www.leili-motor.net\/fr\/moteur-cc-a-balais-a-aimant-permanent-80zy.html#primaryimage\"},\"thumbnailUrl\":\"https:\/\/www.leili-motor.net\/wp-content\/uploads\/2025\/03\/80ZY-DC-Brush-Motor.png\",\"datePublished\":\"2025-03-05T06:41:21+00:00\",\"description\":\"Le moteur \u00e0 balais \u00e0 courant continu 80ZY fournit une puissance de 110 W avec une efficacit\u00e9 de 72 %, garantissant un couple stable de 0,4 Nm et un fonctionnement de 24 V, id\u00e9al pour les applications de levage de camions.\",\"breadcrumb\":{\"@id\":\"https:\/\/www.leili-motor.net\/fr\/moteur-cc-a-balais-a-aimant-permanent-80zy.html#breadcrumb\"},\"inLanguage\":\"fr-FR\",\"potentialAction\":[{\"@type\":\"ReadAction\",\"target\":[\"https:\/\/www.leili-motor.net\/fr\/moteur-cc-a-balais-a-aimant-permanent-80zy.html\"]}]},{\"@type\":\"ImageObject\",\"inLanguage\":\"fr-FR\",\"@id\":\"https:\/\/www.leili-motor.net\/fr\/moteur-cc-a-balais-a-aimant-permanent-80zy.html#primaryimage\",\"url\":\"https:\/\/www.leili-motor.net\/wp-content\/uploads\/2025\/03\/80ZY-DC-Brush-Motor.png\",\"contentUrl\":\"https:\/\/www.leili-motor.net\/wp-content\/uploads\/2025\/03\/80ZY-DC-Brush-Motor.png\",\"width\":454,\"height\":310,\"caption\":\"Moteur \u00e0 balais CC 80ZY\"},{\"@type\":\"BreadcrumbList\",\"@id\":\"https:\/\/www.leili-motor.net\/fr\/moteur-cc-a-balais-a-aimant-permanent-80zy.html#breadcrumb\",\"itemListElement\":[{\"@type\":\"ListItem\",\"position\":1,\"name\":\"Home\",\"item\":\"https:\/\/www.leili-motor.net\/fr\/\"},{\"@type\":\"ListItem\",\"position\":2,\"name\":\"Produits\",\"item\":\"https:\/\/www.leili-motor.net\/fr\/produits\/\"},{\"@type\":\"ListItem\",\"position\":3,\"name\":\"Moteur CC \u00e0 Balais \u00e0 Aimant Permanent 80ZY\"}]},{\"@type\":\"WebSite\",\"@id\":\"https:\/\/www.leili-motor.net\/fr\/#website\",\"url\":\"https:\/\/www.leili-motor.net\/fr\/\",\"name\":\"Leili Motor\",\"description\":\"\",\"publisher\":{\"@id\":\"https:\/\/www.leili-motor.net\/fr\/#organization\"},\"potentialAction\":[{\"@type\":\"SearchAction\",\"target\":{\"@type\":\"EntryPoint\",\"urlTemplate\":\"https:\/\/www.leili-motor.net\/fr\/?s={search_term_string}\"},\"query-input\":{\"@type\":\"PropertyValueSpecification\",\"valueRequired\":true,\"valueName\":\"search_term_string\"}}],\"inLanguage\":\"fr-FR\"},{\"@type\":\"Organization\",\"@id\":\"https:\/\/www.leili-motor.net\/fr\/#organization\",\"name\":\"Leili Motor\",\"url\":\"https:\/\/www.leili-motor.net\/fr\/\",\"logo\":{\"@type\":\"ImageObject\",\"inLanguage\":\"fr-FR\",\"@id\":\"https:\/\/www.leili-motor.net\/fr\/#\/schema\/logo\/image\/\",\"url\":\"https:\/\/www.leili-motor.net\/wp-content\/uploads\/2025\/03\/Leili-Motor.png\",\"contentUrl\":\"https:\/\/www.leili-motor.net\/wp-content\/uploads\/2025\/03\/Leili-Motor.png\",\"width\":600,\"height\":156,\"caption\":\"Leili Motor\"},\"image\":{\"@id\":\"https:\/\/www.leili-motor.net\/fr\/#\/schema\/logo\/image\/\"}}]}<\/script>\n<!-- \/ Yoast SEO plugin. -->","yoast_head_json":{"title":"Moteur CC \u00e0 Balais \u00e0 Aimant Permanent 80ZY &#8211; Leili Motor","description":"Le moteur \u00e0 balais \u00e0 courant continu 80ZY fournit une puissance de 110 W avec une efficacit\u00e9 de 72 %, garantissant un couple stable de 0,4 Nm et un fonctionnement de 24 V, id\u00e9al pour les applications de levage de camions.","robots":{"index":"index","follow":"follow","max-snippet":"max-snippet:-1","max-image-preview":"max-image-preview:large","max-video-preview":"max-video-preview:-1"},"canonical":"https:\/\/www.leili-motor.net\/fr\/moteur-cc-a-balais-a-aimant-permanent-80zy.html","schema":{"@context":"https:\/\/schema.org","@graph":[{"@type":"WebPage","@id":"https:\/\/www.leili-motor.net\/fr\/moteur-cc-a-balais-a-aimant-permanent-80zy.html","url":"https:\/\/www.leili-motor.net\/fr\/moteur-cc-a-balais-a-aimant-permanent-80zy.html","name":"Moteur CC \u00e0 Balais \u00e0 Aimant Permanent 80ZY &#8211; Leili Motor","isPartOf":{"@id":"https:\/\/www.leili-motor.net\/fr\/#website"},"primaryImageOfPage":{"@id":"https:\/\/www.leili-motor.net\/fr\/moteur-cc-a-balais-a-aimant-permanent-80zy.html#primaryimage"},"image":{"@id":"https:\/\/www.leili-motor.net\/fr\/moteur-cc-a-balais-a-aimant-permanent-80zy.html#primaryimage"},"thumbnailUrl":"https:\/\/www.leili-motor.net\/wp-content\/uploads\/2025\/03\/80ZY-DC-Brush-Motor.png","datePublished":"2025-03-05T06:41:21+00:00","description":"Le moteur \u00e0 balais \u00e0 courant continu 80ZY fournit une puissance de 110 W avec une efficacit\u00e9 de 72 %, garantissant un couple stable de 0,4 Nm et un fonctionnement de 24 V, id\u00e9al pour les applications de levage de camions.","breadcrumb":{"@id":"https:\/\/www.leili-motor.net\/fr\/moteur-cc-a-balais-a-aimant-permanent-80zy.html#breadcrumb"},"inLanguage":"fr-FR","potentialAction":[{"@type":"ReadAction","target":["https:\/\/www.leili-motor.net\/fr\/moteur-cc-a-balais-a-aimant-permanent-80zy.html"]}]},{"@type":"ImageObject","inLanguage":"fr-FR","@id":"https:\/\/www.leili-motor.net\/fr\/moteur-cc-a-balais-a-aimant-permanent-80zy.html#primaryimage","url":"https:\/\/www.leili-motor.net\/wp-content\/uploads\/2025\/03\/80ZY-DC-Brush-Motor.png","contentUrl":"https:\/\/www.leili-motor.net\/wp-content\/uploads\/2025\/03\/80ZY-DC-Brush-Motor.png","width":454,"height":310,"caption":"Moteur \u00e0 balais CC 80ZY"},{"@type":"BreadcrumbList","@id":"https:\/\/www.leili-motor.net\/fr\/moteur-cc-a-balais-a-aimant-permanent-80zy.html#breadcrumb","itemListElement":[{"@type":"ListItem","position":1,"name":"Home","item":"https:\/\/www.leili-motor.net\/fr\/"},{"@type":"ListItem","position":2,"name":"Produits","item":"https:\/\/www.leili-motor.net\/fr\/produits\/"},{"@type":"ListItem","position":3,"name":"Moteur CC \u00e0 Balais \u00e0 Aimant Permanent 80ZY"}]},{"@type":"WebSite","@id":"https:\/\/www.leili-motor.net\/fr\/#website","url":"https:\/\/www.leili-motor.net\/fr\/","name":"Leili Motor","description":"","publisher":{"@id":"https:\/\/www.leili-motor.net\/fr\/#organization"},"potentialAction":[{"@type":"SearchAction","target":{"@type":"EntryPoint","urlTemplate":"https:\/\/www.leili-motor.net\/fr\/?s={search_term_string}"},"query-input":{"@type":"PropertyValueSpecification","valueRequired":true,"valueName":"search_term_string"}}],"inLanguage":"fr-FR"},{"@type":"Organization","@id":"https:\/\/www.leili-motor.net\/fr\/#organization","name":"Leili Motor","url":"https:\/\/www.leili-motor.net\/fr\/","logo":{"@type":"ImageObject","inLanguage":"fr-FR","@id":"https:\/\/www.leili-motor.net\/fr\/#\/schema\/logo\/image\/","url":"https:\/\/www.leili-motor.net\/wp-content\/uploads\/2025\/03\/Leili-Motor.png","contentUrl":"https:\/\/www.leili-motor.net\/wp-content\/uploads\/2025\/03\/Leili-Motor.png","width":600,"height":156,"caption":"Leili Motor"},"image":{"@id":"https:\/\/www.leili-motor.net\/fr\/#\/schema\/logo\/image\/"}}]}},"_links":{"self":[{"href":"https:\/\/www.leili-motor.net\/fr\/wp-json\/wp\/v2\/product\/11207","targetHints":{"allow":["GET"]}}],"collection":[{"href":"https:\/\/www.leili-motor.net\/fr\/wp-json\/wp\/v2\/product"}],"about":[{"href":"https:\/\/www.leili-motor.net\/fr\/wp-json\/wp\/v2\/types\/product"}],"replies":[{"embeddable":true,"href":"https:\/\/www.leili-motor.net\/fr\/wp-json\/wp\/v2\/comments?post=11207"}],"wp:featuredmedia":[{"embeddable":true,"href":"https:\/\/www.leili-motor.net\/fr\/wp-json\/wp\/v2\/media\/11208"}],"wp:attachment":[{"href":"https:\/\/www.leili-motor.net\/fr\/wp-json\/wp\/v2\/media?parent=11207"}],"wp:term":[{"taxonomy":"product_brand","embeddable":true,"href":"https:\/\/www.leili-motor.net\/fr\/wp-json\/wp\/v2\/product_brand?post=11207"},{"taxonomy":"product_cat","embeddable":true,"href":"https:\/\/www.leili-motor.net\/fr\/wp-json\/wp\/v2\/product_cat?post=11207"},{"taxonomy":"product_tag","embeddable":true,"href":"https:\/\/www.leili-motor.net\/fr\/wp-json\/wp\/v2\/product_tag?post=11207"}],"curies":[{"name":"wp","href":"https:\/\/api.w.org\/{rel}","templated":true}]}}