{"id":11223,"date":"2025-03-05T13:41:56","date_gmt":"2025-03-05T05:41:56","guid":{"rendered":"https:\/\/www.leili-motor.net\/moteur-cc-a-balais-a-aimant-permanent-116zy-pmdc\/"},"modified":"2025-03-05T13:41:56","modified_gmt":"2025-03-05T05:41:56","slug":"moteur-cc-a-balais-a-aimant-permanent-116zy-pmdc","status":"publish","type":"product","link":"https:\/\/www.leili-motor.net\/fr\/moteur-cc-a-balais-a-aimant-permanent-116zy-pmdc.html","title":{"rendered":"Moteur CC \u00e0 Balais \u00e0 Aimant Permanent 116ZY PMDC"},"content":{"rendered":"<h2>Param\u00e8tres du produit<\/h2>\n<table>\n<tbody>\n<tr>\n<td>Type de moteur<\/td>\n<td>Tension<\/p>\n<p>(V)<\/td>\n<td>Valeur kv<\/p>\n<p>(V)<\/td>\n<td>Courant \u00e0 vide<\/p>\n<p>(A)<\/td>\n<td>Puissance de sortie nominale<\/p>\n<p>(W)<\/td>\n<td>Courant \u00e9lectrique<\/p>\n<p>(A)<\/td>\n<td>Couple nominal<\/p>\n<p>(N.m)<\/td>\n<td>Rendement<\/td>\n<td>Classe d&rsquo;isolation<\/td>\n<td>Poids (kg)<\/td>\n<\/tr>\n<tr>\n<td>116ZY1-1<\/td>\n<td>130<\/td>\n<td>28.4<\/td>\n<td>\u22642.0<\/td>\n<td>3170<\/td>\n<td>29.6<\/td>\n<td>8.2<\/td>\n<td>82.10%<\/td>\n<td rowspan=\"4\">N<\/td>\n<td>14<\/td>\n<\/tr>\n<tr>\n<td>116ZY1-2<\/td>\n<td>130<\/td>\n<td>28.4<\/td>\n<td>\u22642.0<\/td>\n<td>3170<\/td>\n<td>29.6<\/td>\n<td>8.2<\/td>\n<td>82.10%<\/td>\n<td>15<\/td>\n<\/tr>\n<tr>\n<td>116ZY2-1<\/td>\n<td>130<\/td>\n<td>26.5<\/td>\n<td>\u22641.75<\/td>\n<td>2268<\/td>\n<td>21.2<\/td>\n<td>5.4<\/td>\n<td>80.91%<\/td>\n<td>10<\/td>\n<\/tr>\n<tr>\n<td>116ZY3-1<\/td>\n<td>130<\/td>\n<td>26.5<\/td>\n<td>\u22641.75<\/td>\n<td>2865<\/td>\n<td>24.5<\/td>\n<td>6.3<\/td>\n<td>84.10%<\/td>\n<td>13<\/td>\n<\/tr>\n<\/tbody>\n<\/table>\n<h2>Dimension m\u00e9canique : mm<\/h2>\n<p><img loading=\"lazy\" decoding=\"async\" loading=\"lazy\" class=\"wp-image-373 size-full aligncenter\" src=\"https:\/\/www.leili-motor.net\/wp-content\/uploads\/2025\/03\/Mechanical-Dimension-for-116ZY-Treadmill-Motor.png\" alt=\"Dimensions m\u00e9caniques du moteur du tapis roulant 116ZY\" width=\"795\" height=\"321\" srcset=\"https:\/\/www.leili-motor.net\/wp-content\/uploads\/2025\/03\/Mechanical-Dimension-for-116ZY-Treadmill-Motor.png 795w, https:\/\/www.leili-motor.net\/wp-content\/uploads\/2025\/03\/Mechanical-Dimension-for-116ZY-Treadmill-Motor-300x121.png 300w, https:\/\/www.leili-motor.net\/wp-content\/uploads\/2025\/03\/Mechanical-Dimension-for-116ZY-Treadmill-Motor-768x310.png 768w, https:\/\/www.leili-motor.net\/wp-content\/uploads\/2025\/03\/Mechanical-Dimension-for-116ZY-Treadmill-Motor-600x242.png 600w\" sizes=\"auto, (max-width: 795px) 100vw, 795px\" \/><\/p>\n<p>&nbsp;<\/p>\n","protected":false},"excerpt":{"rendered":"<h3>Pr\u00e9sentation du produit<\/h3>\n<ul>\n<li>Mod\u00e8le : 116ZY<\/li>\n<li>Tension et valeur KV : fonctionne \u00e0 130 V avec des valeurs KV de 26,5 et 28,4 pour des performances efficaces.<\/li>\n<li>Puissance et courant : La puissance de sortie nominale varie de 2268 W \u00e0 3170 W, avec un courant \u00e9lectrique compris entre 21,2 A et 29,6 A.<\/li>\n<li>Conception CC \u00e0 balais : comprend des p\u00f4les et des balais mont\u00e9s sur le stator, avec un enroulement de rotor et un commutateur assurant une conversion d&rsquo;\u00e9nergie en douceur.<\/li>\n<\/ul>\n<h3>Application du produit<\/h3>\n<ul>\n<li><strong>Industrie : <\/strong> Contr\u00f4les industriels<\/li>\n<li><strong>Exercice et sant\u00e9 :<\/strong> Tapis de course<\/li>\n<\/ul>\n","protected":false},"featured_media":11224,"comment_status":"open","ping_status":"closed","template":"","meta":{"site-sidebar-layout":"default","site-content-layout":"","ast-site-content-layout":"default","site-content-style":"default","site-sidebar-style":"default","ast-global-header-display":"","ast-banner-title-visibility":"","ast-main-header-display":"","ast-hfb-above-header-display":"","ast-hfb-below-header-display":"","ast-hfb-mobile-header-display":"","site-post-title":"","ast-breadcrumbs-content":"","ast-featured-img":"","footer-sml-layout":"","theme-transparent-header-meta":"default","adv-header-id-meta":"","stick-header-meta":"","header-above-stick-meta":"","header-main-stick-meta":"","header-below-stick-meta":"","astra-migrate-meta-layouts":"default","ast-page-background-enabled":"default","ast-page-background-meta":{"desktop":{"background-color":"var(--ast-global-color-5)","background-image":"","background-repeat":"repeat","background-position":"center center","background-size":"auto","background-attachment":"scroll","background-type":"","background-media":"","overlay-type":"","overlay-color":"","overlay-opacity":"","overlay-gradient":""},"tablet":{"background-color":"","background-image":"","background-repeat":"repeat","background-position":"center center","background-size":"auto","background-attachment":"scroll","background-type":"","background-media":"","overlay-type":"","overlay-color":"","overlay-opacity":"","overlay-gradient":""},"mobile":{"background-color":"","background-image":"","background-repeat":"repeat","background-position":"center center","background-size":"auto","background-attachment":"scroll","background-type":"","background-media":"","overlay-type":"","overlay-color":"","overlay-opacity":"","overlay-gradient":""}},"ast-content-background-meta":{"desktop":{"background-color":"var(--ast-global-color-4)","background-image":"","background-repeat":"repeat","background-position":"center center","background-size":"auto","background-attachment":"scroll","background-type":"","background-media":"","overlay-type":"","overlay-color":"","overlay-opacity":"","overlay-gradient":""},"tablet":{"background-color":"var(--ast-global-color-4)","background-image":"","background-repeat":"repeat","background-position":"center center","background-size":"auto","background-attachment":"scroll","background-type":"","background-media":"","overlay-type":"","overlay-color":"","overlay-opacity":"","overlay-gradient":""},"mobile":{"background-color":"var(--ast-global-color-4)","background-image":"","background-repeat":"repeat","background-position":"center center","background-size":"auto","background-attachment":"scroll","background-type":"","background-media":"","overlay-type":"","overlay-color":"","overlay-opacity":"","overlay-gradient":""}}},"product_brand":[],"product_cat":[1168,1264],"product_tag":[1265],"class_list":{"0":"post-11223","1":"product","2":"type-product","3":"status-publish","4":"has-post-thumbnail","6":"product_cat-moteur-a-balais-a-courant-continu","7":"product_cat-moteur-cc-a-aimant-permanent","8":"product_tag-equipement-sportif-tapis-de-course","9":"pa_application-sante-sportive","10":"pa_dc-brush-no-load-current-0-0-1-fr","11":"pa_dc-brush-no-load-current-0-1-0-2-fr","12":"pa_dc-brush-no-load-current-0-2-0-3-fr","13":"pa_dc-brush-no-load-current-plus-de-03","14":"desktop-align-left","15":"tablet-align-left","16":"mobile-align-left","18":"first","19":"instock","20":"shipping-taxable","21":"product-type-simple"},"yoast_head":"<!-- This site is optimized with the Yoast SEO plugin v27.2 - https:\/\/yoast.com\/product\/yoast-seo-wordpress\/ -->\n<title>Moteur CC \u00e0 Balais \u00e0 Aimant Permanent 116ZY PMDC &#8211; Leili Motor<\/title>\n<meta name=\"description\" content=\"Le moteur du tapis roulant 116ZY fonctionne \u00e0 130 V, fournissant une puissance de 2 268 W \u00e0 3 170 W avec un courant de 21,2 A \u00e0 29,6 A, garantissant des performances efficaces pour les commandes industrielles et les applications de tapis roulant.\" \/>\n<meta name=\"robots\" content=\"index, follow, max-snippet:-1, max-image-preview:large, max-video-preview:-1\" \/>\n<link rel=\"canonical\" href=\"https:\/\/www.leili-motor.net\/fr\/moteur-cc-a-balais-a-aimant-permanent-116zy-pmdc.html\" \/>\n<script type=\"application\/ld+json\" class=\"yoast-schema-graph\">{\"@context\":\"https:\/\/schema.org\",\"@graph\":[{\"@type\":\"WebPage\",\"@id\":\"https:\/\/www.leili-motor.net\/fr\/moteur-cc-a-balais-a-aimant-permanent-116zy-pmdc.html\",\"url\":\"https:\/\/www.leili-motor.net\/fr\/moteur-cc-a-balais-a-aimant-permanent-116zy-pmdc.html\",\"name\":\"Moteur CC \u00e0 Balais \u00e0 Aimant Permanent 116ZY PMDC &#8211; Leili Motor\",\"isPartOf\":{\"@id\":\"https:\/\/www.leili-motor.net\/fr\/#website\"},\"primaryImageOfPage\":{\"@id\":\"https:\/\/www.leili-motor.net\/fr\/moteur-cc-a-balais-a-aimant-permanent-116zy-pmdc.html#primaryimage\"},\"image\":{\"@id\":\"https:\/\/www.leili-motor.net\/fr\/moteur-cc-a-balais-a-aimant-permanent-116zy-pmdc.html#primaryimage\"},\"thumbnailUrl\":\"https:\/\/www.leili-motor.net\/wp-content\/uploads\/2025\/03\/116ZY-Treadmill-Motor.png\",\"datePublished\":\"2025-03-05T05:41:56+00:00\",\"description\":\"Le moteur du tapis roulant 116ZY fonctionne \u00e0 130 V, fournissant une puissance de 2 268 W \u00e0 3 170 W avec un courant de 21,2 A \u00e0 29,6 A, garantissant des performances efficaces pour les commandes industrielles et les applications de tapis roulant.\",\"breadcrumb\":{\"@id\":\"https:\/\/www.leili-motor.net\/fr\/moteur-cc-a-balais-a-aimant-permanent-116zy-pmdc.html#breadcrumb\"},\"inLanguage\":\"fr-FR\",\"potentialAction\":[{\"@type\":\"ReadAction\",\"target\":[\"https:\/\/www.leili-motor.net\/fr\/moteur-cc-a-balais-a-aimant-permanent-116zy-pmdc.html\"]}]},{\"@type\":\"ImageObject\",\"inLanguage\":\"fr-FR\",\"@id\":\"https:\/\/www.leili-motor.net\/fr\/moteur-cc-a-balais-a-aimant-permanent-116zy-pmdc.html#primaryimage\",\"url\":\"https:\/\/www.leili-motor.net\/wp-content\/uploads\/2025\/03\/116ZY-Treadmill-Motor.png\",\"contentUrl\":\"https:\/\/www.leili-motor.net\/wp-content\/uploads\/2025\/03\/116ZY-Treadmill-Motor.png\",\"width\":454,\"height\":310,\"caption\":\"Moteur de tapis roulant 116ZY\"},{\"@type\":\"BreadcrumbList\",\"@id\":\"https:\/\/www.leili-motor.net\/fr\/moteur-cc-a-balais-a-aimant-permanent-116zy-pmdc.html#breadcrumb\",\"itemListElement\":[{\"@type\":\"ListItem\",\"position\":1,\"name\":\"Home\",\"item\":\"https:\/\/www.leili-motor.net\/fr\/\"},{\"@type\":\"ListItem\",\"position\":2,\"name\":\"Produits\",\"item\":\"https:\/\/www.leili-motor.net\/fr\/produits\/\"},{\"@type\":\"ListItem\",\"position\":3,\"name\":\"Moteur CC \u00e0 Balais \u00e0 Aimant Permanent 116ZY PMDC\"}]},{\"@type\":\"WebSite\",\"@id\":\"https:\/\/www.leili-motor.net\/fr\/#website\",\"url\":\"https:\/\/www.leili-motor.net\/fr\/\",\"name\":\"Leili Motor\",\"description\":\"\",\"publisher\":{\"@id\":\"https:\/\/www.leili-motor.net\/fr\/#organization\"},\"potentialAction\":[{\"@type\":\"SearchAction\",\"target\":{\"@type\":\"EntryPoint\",\"urlTemplate\":\"https:\/\/www.leili-motor.net\/fr\/?s={search_term_string}\"},\"query-input\":{\"@type\":\"PropertyValueSpecification\",\"valueRequired\":true,\"valueName\":\"search_term_string\"}}],\"inLanguage\":\"fr-FR\"},{\"@type\":\"Organization\",\"@id\":\"https:\/\/www.leili-motor.net\/fr\/#organization\",\"name\":\"Leili Motor\",\"url\":\"https:\/\/www.leili-motor.net\/fr\/\",\"logo\":{\"@type\":\"ImageObject\",\"inLanguage\":\"fr-FR\",\"@id\":\"https:\/\/www.leili-motor.net\/fr\/#\/schema\/logo\/image\/\",\"url\":\"https:\/\/www.leili-motor.net\/wp-content\/uploads\/2025\/03\/Leili-Motor.png\",\"contentUrl\":\"https:\/\/www.leili-motor.net\/wp-content\/uploads\/2025\/03\/Leili-Motor.png\",\"width\":600,\"height\":156,\"caption\":\"Leili Motor\"},\"image\":{\"@id\":\"https:\/\/www.leili-motor.net\/fr\/#\/schema\/logo\/image\/\"}}]}<\/script>\n<!-- \/ Yoast SEO plugin. -->","yoast_head_json":{"title":"Moteur CC \u00e0 Balais \u00e0 Aimant Permanent 116ZY PMDC &#8211; Leili Motor","description":"Le moteur du tapis roulant 116ZY fonctionne \u00e0 130 V, fournissant une puissance de 2 268 W \u00e0 3 170 W avec un courant de 21,2 A \u00e0 29,6 A, garantissant des performances efficaces pour les commandes industrielles et les applications de tapis roulant.","robots":{"index":"index","follow":"follow","max-snippet":"max-snippet:-1","max-image-preview":"max-image-preview:large","max-video-preview":"max-video-preview:-1"},"canonical":"https:\/\/www.leili-motor.net\/fr\/moteur-cc-a-balais-a-aimant-permanent-116zy-pmdc.html","schema":{"@context":"https:\/\/schema.org","@graph":[{"@type":"WebPage","@id":"https:\/\/www.leili-motor.net\/fr\/moteur-cc-a-balais-a-aimant-permanent-116zy-pmdc.html","url":"https:\/\/www.leili-motor.net\/fr\/moteur-cc-a-balais-a-aimant-permanent-116zy-pmdc.html","name":"Moteur CC \u00e0 Balais \u00e0 Aimant Permanent 116ZY PMDC &#8211; Leili Motor","isPartOf":{"@id":"https:\/\/www.leili-motor.net\/fr\/#website"},"primaryImageOfPage":{"@id":"https:\/\/www.leili-motor.net\/fr\/moteur-cc-a-balais-a-aimant-permanent-116zy-pmdc.html#primaryimage"},"image":{"@id":"https:\/\/www.leili-motor.net\/fr\/moteur-cc-a-balais-a-aimant-permanent-116zy-pmdc.html#primaryimage"},"thumbnailUrl":"https:\/\/www.leili-motor.net\/wp-content\/uploads\/2025\/03\/116ZY-Treadmill-Motor.png","datePublished":"2025-03-05T05:41:56+00:00","description":"Le moteur du tapis roulant 116ZY fonctionne \u00e0 130 V, fournissant une puissance de 2 268 W \u00e0 3 170 W avec un courant de 21,2 A \u00e0 29,6 A, garantissant des performances efficaces pour les commandes industrielles et les applications de tapis roulant.","breadcrumb":{"@id":"https:\/\/www.leili-motor.net\/fr\/moteur-cc-a-balais-a-aimant-permanent-116zy-pmdc.html#breadcrumb"},"inLanguage":"fr-FR","potentialAction":[{"@type":"ReadAction","target":["https:\/\/www.leili-motor.net\/fr\/moteur-cc-a-balais-a-aimant-permanent-116zy-pmdc.html"]}]},{"@type":"ImageObject","inLanguage":"fr-FR","@id":"https:\/\/www.leili-motor.net\/fr\/moteur-cc-a-balais-a-aimant-permanent-116zy-pmdc.html#primaryimage","url":"https:\/\/www.leili-motor.net\/wp-content\/uploads\/2025\/03\/116ZY-Treadmill-Motor.png","contentUrl":"https:\/\/www.leili-motor.net\/wp-content\/uploads\/2025\/03\/116ZY-Treadmill-Motor.png","width":454,"height":310,"caption":"Moteur de tapis roulant 116ZY"},{"@type":"BreadcrumbList","@id":"https:\/\/www.leili-motor.net\/fr\/moteur-cc-a-balais-a-aimant-permanent-116zy-pmdc.html#breadcrumb","itemListElement":[{"@type":"ListItem","position":1,"name":"Home","item":"https:\/\/www.leili-motor.net\/fr\/"},{"@type":"ListItem","position":2,"name":"Produits","item":"https:\/\/www.leili-motor.net\/fr\/produits\/"},{"@type":"ListItem","position":3,"name":"Moteur CC \u00e0 Balais \u00e0 Aimant Permanent 116ZY PMDC"}]},{"@type":"WebSite","@id":"https:\/\/www.leili-motor.net\/fr\/#website","url":"https:\/\/www.leili-motor.net\/fr\/","name":"Leili Motor","description":"","publisher":{"@id":"https:\/\/www.leili-motor.net\/fr\/#organization"},"potentialAction":[{"@type":"SearchAction","target":{"@type":"EntryPoint","urlTemplate":"https:\/\/www.leili-motor.net\/fr\/?s={search_term_string}"},"query-input":{"@type":"PropertyValueSpecification","valueRequired":true,"valueName":"search_term_string"}}],"inLanguage":"fr-FR"},{"@type":"Organization","@id":"https:\/\/www.leili-motor.net\/fr\/#organization","name":"Leili Motor","url":"https:\/\/www.leili-motor.net\/fr\/","logo":{"@type":"ImageObject","inLanguage":"fr-FR","@id":"https:\/\/www.leili-motor.net\/fr\/#\/schema\/logo\/image\/","url":"https:\/\/www.leili-motor.net\/wp-content\/uploads\/2025\/03\/Leili-Motor.png","contentUrl":"https:\/\/www.leili-motor.net\/wp-content\/uploads\/2025\/03\/Leili-Motor.png","width":600,"height":156,"caption":"Leili Motor"},"image":{"@id":"https:\/\/www.leili-motor.net\/fr\/#\/schema\/logo\/image\/"}}]}},"_links":{"self":[{"href":"https:\/\/www.leili-motor.net\/fr\/wp-json\/wp\/v2\/product\/11223","targetHints":{"allow":["GET"]}}],"collection":[{"href":"https:\/\/www.leili-motor.net\/fr\/wp-json\/wp\/v2\/product"}],"about":[{"href":"https:\/\/www.leili-motor.net\/fr\/wp-json\/wp\/v2\/types\/product"}],"replies":[{"embeddable":true,"href":"https:\/\/www.leili-motor.net\/fr\/wp-json\/wp\/v2\/comments?post=11223"}],"wp:featuredmedia":[{"embeddable":true,"href":"https:\/\/www.leili-motor.net\/fr\/wp-json\/wp\/v2\/media\/11224"}],"wp:attachment":[{"href":"https:\/\/www.leili-motor.net\/fr\/wp-json\/wp\/v2\/media?parent=11223"}],"wp:term":[{"taxonomy":"product_brand","embeddable":true,"href":"https:\/\/www.leili-motor.net\/fr\/wp-json\/wp\/v2\/product_brand?post=11223"},{"taxonomy":"product_cat","embeddable":true,"href":"https:\/\/www.leili-motor.net\/fr\/wp-json\/wp\/v2\/product_cat?post=11223"},{"taxonomy":"product_tag","embeddable":true,"href":"https:\/\/www.leili-motor.net\/fr\/wp-json\/wp\/v2\/product_tag?post=11223"}],"curies":[{"name":"wp","href":"https:\/\/api.w.org\/{rel}","templated":true}]}}