{"id":11232,"date":"2025-03-07T14:55:56","date_gmt":"2025-03-07T06:55:56","guid":{"rendered":"https:\/\/www.leili-motor.net\/moteur-dexcitation-serie-u9650\/"},"modified":"2025-03-07T14:55:56","modified_gmt":"2025-03-07T06:55:56","slug":"moteur-dexcitation-serie-u9650","status":"publish","type":"product","link":"https:\/\/www.leili-motor.net\/fr\/moteur-dexcitation-serie-u9650.html","title":{"rendered":"Moteur D&rsquo;excitation S\u00e9rie U9650"},"content":{"rendered":"<h2>Param\u00e8tres du produit<\/h2>\n<table>\n<tbody>\n<tr>\n<td>Mod\u00e8le<\/td>\n<td colspan=\"2\">Vol<\/td>\n<td colspan=\"2\">Sans charge<\/td>\n<td colspan=\"5\">Max<\/td>\n<td colspan=\"3\">D\u00e9crochage<\/td>\n<\/tr>\n<tr>\n<td><\/td>\n<td>Plage de fonctionnement<br \/>\n(V)<\/td>\n<td>Nominale<br \/>\n(V)<\/td>\n<td>Vitesse<br \/>\n(tr\/min)<\/td>\n<td>Courant<br \/>\n(A)<\/td>\n<td>Vitesse<br \/>\n(tr\/min)<\/td>\n<td>Courant<br \/>\n(A)<\/td>\n<td>Couple<br \/>\n(mN.m)<\/td>\n<td>Couple<br \/>\n(g.cm)<\/td>\n<td>Puissance<br \/>\n(W)<\/td>\n<td>Couple<br \/>\n(mN.m)<\/td>\n<td>Couple<br \/>\n(g.cm)<\/td>\n<td>Courant<br \/>\n(A)<\/td>\n<\/tr>\n<tr>\n<td>U9650-1<\/td>\n<td>90-120<\/td>\n<td>120<\/td>\n<td>32000<\/td>\n<td>5<\/td>\n<td>18800<\/td>\n<td>18.3<\/td>\n<td>0.7<\/td>\n<td>7.14<\/td>\n<td>1350<\/td>\n<td>5.3<\/td>\n<td>54.1<\/td>\n<td>69<\/td>\n<\/tr>\n<tr>\n<td>U9650-4<\/td>\n<td>210-230<\/td>\n<td>230<\/td>\n<td>32000<\/td>\n<td>3<\/td>\n<td>18800<\/td>\n<td>9.2<\/td>\n<td>0.7<\/td>\n<td>7.14<\/td>\n<td>1350<\/td>\n<td>5.3<\/td>\n<td>54.1<\/td>\n<td>35<\/td>\n<\/tr>\n<\/tbody>\n<\/table>\n<h2>Dimension m\u00e9canique : mm<\/h2>\n<p><img loading=\"lazy\" decoding=\"async\" loading=\"lazy\" class=\"size-full wp-image-1265 aligncenter\" src=\"https:\/\/www.leili-motor.net\/wp-content\/uploads\/2025\/03\/Mechanical-Dimension-for-U9650-Universal-Motor.webp\" alt=\"Dimensions m\u00e9caniques du moteur universel U9650\" width=\"759\" height=\"650\" srcset=\"https:\/\/www.leili-motor.net\/wp-content\/uploads\/2025\/03\/Mechanical-Dimension-for-U9650-Universal-Motor.webp 759w, https:\/\/www.leili-motor.net\/wp-content\/uploads\/2025\/03\/Mechanical-Dimension-for-U9650-Universal-Motor-300x257.webp 300w, https:\/\/www.leili-motor.net\/wp-content\/uploads\/2025\/03\/Mechanical-Dimension-for-U9650-Universal-Motor-600x514.webp 600w\" sizes=\"auto, (max-width: 759px) 100vw, 759px\" \/><\/p>\n","protected":false},"excerpt":{"rendered":"<h3>Pr\u00e9sentation du produit<\/h3>\n<ul>\n<li>Variantes de mod\u00e8les : Comprend U9650-1 (120 V) et U9650-4 (230 V), tous deux offrant des performances rapides et efficaces.<\/li>\n<li>Performances : 32 000 tr\/min \u00e0 vide, 18 800 tr\/min \u00e0 efficacit\u00e9 maximale, garantissant un fonctionnement puissant.<\/li>\n<li>Capacit\u00e9 de charge : fournit un couple de d\u00e9crochage de 5,3 mN\u00b7m avec une consommation de courant stable pour des performances fiables et durables.<\/li>\n<\/ul>\n<h3>Application du produit<\/h3>\n<ul>\n<li>Appareils \u00e9lectrom\u00e9nagers : Mixeur<\/li>\n<\/ul>\n","protected":false},"featured_media":11233,"comment_status":"open","ping_status":"closed","template":"","meta":{"site-sidebar-layout":"default","site-content-layout":"","ast-site-content-layout":"default","site-content-style":"default","site-sidebar-style":"default","ast-global-header-display":"","ast-banner-title-visibility":"","ast-main-header-display":"","ast-hfb-above-header-display":"","ast-hfb-below-header-display":"","ast-hfb-mobile-header-display":"","site-post-title":"","ast-breadcrumbs-content":"","ast-featured-img":"","footer-sml-layout":"","theme-transparent-header-meta":"default","adv-header-id-meta":"","stick-header-meta":"","header-above-stick-meta":"","header-main-stick-meta":"","header-below-stick-meta":"","astra-migrate-meta-layouts":"default","ast-page-background-enabled":"default","ast-page-background-meta":{"desktop":{"background-color":"var(--ast-global-color-5)","background-image":"","background-repeat":"repeat","background-position":"center center","background-size":"auto","background-attachment":"scroll","background-type":"","background-media":"","overlay-type":"","overlay-color":"","overlay-opacity":"","overlay-gradient":""},"tablet":{"background-color":"","background-image":"","background-repeat":"repeat","background-position":"center center","background-size":"auto","background-attachment":"scroll","background-type":"","background-media":"","overlay-type":"","overlay-color":"","overlay-opacity":"","overlay-gradient":""},"mobile":{"background-color":"","background-image":"","background-repeat":"repeat","background-position":"center center","background-size":"auto","background-attachment":"scroll","background-type":"","background-media":"","overlay-type":"","overlay-color":"","overlay-opacity":"","overlay-gradient":""}},"ast-content-background-meta":{"desktop":{"background-color":"var(--ast-global-color-4)","background-image":"","background-repeat":"repeat","background-position":"center center","background-size":"auto","background-attachment":"scroll","background-type":"","background-media":"","overlay-type":"","overlay-color":"","overlay-opacity":"","overlay-gradient":""},"tablet":{"background-color":"var(--ast-global-color-4)","background-image":"","background-repeat":"repeat","background-position":"center center","background-size":"auto","background-attachment":"scroll","background-type":"","background-media":"","overlay-type":"","overlay-color":"","overlay-opacity":"","overlay-gradient":""},"mobile":{"background-color":"var(--ast-global-color-4)","background-image":"","background-repeat":"repeat","background-position":"center center","background-size":"auto","background-attachment":"scroll","background-type":"","background-media":"","overlay-type":"","overlay-color":"","overlay-opacity":"","overlay-gradient":""}}},"product_brand":[],"product_cat":[1168,1266],"product_tag":[1170],"class_list":{"0":"post-11232","1":"product","2":"type-product","3":"status-publish","4":"has-post-thumbnail","6":"product_cat-moteur-a-balais-a-courant-continu","7":"product_cat-moteur-serie","8":"product_tag-appareils-electromenagers-autres-moteur-a-balais-cc","9":"pa_application-appareil-electromenager","10":"pa_dc-brush-no-load-current-plus-de-03","11":"pa_dc-brush-no-load-speed-plus-de-10-000","12":"desktop-align-left","13":"tablet-align-left","14":"mobile-align-left","16":"first","17":"instock","18":"shipping-taxable","19":"product-type-simple"},"yoast_head":"<!-- This site is optimized with the Yoast SEO plugin v27.2 - https:\/\/yoast.com\/product\/yoast-seo-wordpress\/ -->\n<title>Moteur D&#039;excitation S\u00e9rie U9650 &#8211; Leili Motor<\/title>\n<meta name=\"description\" content=\"Le moteur universel U9650 offre des options 120 V et 230 V, un fonctionnement \u00e0 grande vitesse et un couple \u00e9lev\u00e9, ce qui le rend id\u00e9al pour les applications de mixage alimentaire.\" \/>\n<meta name=\"robots\" content=\"index, follow, max-snippet:-1, max-image-preview:large, max-video-preview:-1\" \/>\n<link rel=\"canonical\" href=\"https:\/\/www.leili-motor.net\/fr\/moteur-dexcitation-serie-u9650.html\" \/>\n<script type=\"application\/ld+json\" class=\"yoast-schema-graph\">{\"@context\":\"https:\/\/schema.org\",\"@graph\":[{\"@type\":\"WebPage\",\"@id\":\"https:\/\/www.leili-motor.net\/fr\/moteur-dexcitation-serie-u9650.html\",\"url\":\"https:\/\/www.leili-motor.net\/fr\/moteur-dexcitation-serie-u9650.html\",\"name\":\"Moteur D'excitation S\u00e9rie U9650 &#8211; Leili Motor\",\"isPartOf\":{\"@id\":\"https:\/\/www.leili-motor.net\/fr\/#website\"},\"primaryImageOfPage\":{\"@id\":\"https:\/\/www.leili-motor.net\/fr\/moteur-dexcitation-serie-u9650.html#primaryimage\"},\"image\":{\"@id\":\"https:\/\/www.leili-motor.net\/fr\/moteur-dexcitation-serie-u9650.html#primaryimage\"},\"thumbnailUrl\":\"https:\/\/www.leili-motor.net\/wp-content\/uploads\/2025\/03\/U9650-Universal-Motor.webp\",\"datePublished\":\"2025-03-07T06:55:56+00:00\",\"description\":\"Le moteur universel U9650 offre des options 120 V et 230 V, un fonctionnement \u00e0 grande vitesse et un couple \u00e9lev\u00e9, ce qui le rend id\u00e9al pour les applications de mixage alimentaire.\",\"breadcrumb\":{\"@id\":\"https:\/\/www.leili-motor.net\/fr\/moteur-dexcitation-serie-u9650.html#breadcrumb\"},\"inLanguage\":\"fr-FR\",\"potentialAction\":[{\"@type\":\"ReadAction\",\"target\":[\"https:\/\/www.leili-motor.net\/fr\/moteur-dexcitation-serie-u9650.html\"]}]},{\"@type\":\"ImageObject\",\"inLanguage\":\"fr-FR\",\"@id\":\"https:\/\/www.leili-motor.net\/fr\/moteur-dexcitation-serie-u9650.html#primaryimage\",\"url\":\"https:\/\/www.leili-motor.net\/wp-content\/uploads\/2025\/03\/U9650-Universal-Motor.webp\",\"contentUrl\":\"https:\/\/www.leili-motor.net\/wp-content\/uploads\/2025\/03\/U9650-Universal-Motor.webp\",\"width\":454,\"height\":310,\"caption\":\"Moteur universel U9650\"},{\"@type\":\"BreadcrumbList\",\"@id\":\"https:\/\/www.leili-motor.net\/fr\/moteur-dexcitation-serie-u9650.html#breadcrumb\",\"itemListElement\":[{\"@type\":\"ListItem\",\"position\":1,\"name\":\"Home\",\"item\":\"https:\/\/www.leili-motor.net\/fr\/\"},{\"@type\":\"ListItem\",\"position\":2,\"name\":\"Produits\",\"item\":\"https:\/\/www.leili-motor.net\/fr\/produits\/\"},{\"@type\":\"ListItem\",\"position\":3,\"name\":\"Moteur D&#8217;excitation S\u00e9rie U9650\"}]},{\"@type\":\"WebSite\",\"@id\":\"https:\/\/www.leili-motor.net\/fr\/#website\",\"url\":\"https:\/\/www.leili-motor.net\/fr\/\",\"name\":\"Leili Motor\",\"description\":\"\",\"publisher\":{\"@id\":\"https:\/\/www.leili-motor.net\/fr\/#organization\"},\"potentialAction\":[{\"@type\":\"SearchAction\",\"target\":{\"@type\":\"EntryPoint\",\"urlTemplate\":\"https:\/\/www.leili-motor.net\/fr\/?s={search_term_string}\"},\"query-input\":{\"@type\":\"PropertyValueSpecification\",\"valueRequired\":true,\"valueName\":\"search_term_string\"}}],\"inLanguage\":\"fr-FR\"},{\"@type\":\"Organization\",\"@id\":\"https:\/\/www.leili-motor.net\/fr\/#organization\",\"name\":\"Leili Motor\",\"url\":\"https:\/\/www.leili-motor.net\/fr\/\",\"logo\":{\"@type\":\"ImageObject\",\"inLanguage\":\"fr-FR\",\"@id\":\"https:\/\/www.leili-motor.net\/fr\/#\/schema\/logo\/image\/\",\"url\":\"https:\/\/www.leili-motor.net\/wp-content\/uploads\/2025\/03\/Leili-Motor.png\",\"contentUrl\":\"https:\/\/www.leili-motor.net\/wp-content\/uploads\/2025\/03\/Leili-Motor.png\",\"width\":600,\"height\":156,\"caption\":\"Leili Motor\"},\"image\":{\"@id\":\"https:\/\/www.leili-motor.net\/fr\/#\/schema\/logo\/image\/\"}}]}<\/script>\n<!-- \/ Yoast SEO plugin. -->","yoast_head_json":{"title":"Moteur D'excitation S\u00e9rie U9650 &#8211; Leili Motor","description":"Le moteur universel U9650 offre des options 120 V et 230 V, un fonctionnement \u00e0 grande vitesse et un couple \u00e9lev\u00e9, ce qui le rend id\u00e9al pour les applications de mixage alimentaire.","robots":{"index":"index","follow":"follow","max-snippet":"max-snippet:-1","max-image-preview":"max-image-preview:large","max-video-preview":"max-video-preview:-1"},"canonical":"https:\/\/www.leili-motor.net\/fr\/moteur-dexcitation-serie-u9650.html","schema":{"@context":"https:\/\/schema.org","@graph":[{"@type":"WebPage","@id":"https:\/\/www.leili-motor.net\/fr\/moteur-dexcitation-serie-u9650.html","url":"https:\/\/www.leili-motor.net\/fr\/moteur-dexcitation-serie-u9650.html","name":"Moteur D'excitation S\u00e9rie U9650 &#8211; Leili Motor","isPartOf":{"@id":"https:\/\/www.leili-motor.net\/fr\/#website"},"primaryImageOfPage":{"@id":"https:\/\/www.leili-motor.net\/fr\/moteur-dexcitation-serie-u9650.html#primaryimage"},"image":{"@id":"https:\/\/www.leili-motor.net\/fr\/moteur-dexcitation-serie-u9650.html#primaryimage"},"thumbnailUrl":"https:\/\/www.leili-motor.net\/wp-content\/uploads\/2025\/03\/U9650-Universal-Motor.webp","datePublished":"2025-03-07T06:55:56+00:00","description":"Le moteur universel U9650 offre des options 120 V et 230 V, un fonctionnement \u00e0 grande vitesse et un couple \u00e9lev\u00e9, ce qui le rend id\u00e9al pour les applications de mixage alimentaire.","breadcrumb":{"@id":"https:\/\/www.leili-motor.net\/fr\/moteur-dexcitation-serie-u9650.html#breadcrumb"},"inLanguage":"fr-FR","potentialAction":[{"@type":"ReadAction","target":["https:\/\/www.leili-motor.net\/fr\/moteur-dexcitation-serie-u9650.html"]}]},{"@type":"ImageObject","inLanguage":"fr-FR","@id":"https:\/\/www.leili-motor.net\/fr\/moteur-dexcitation-serie-u9650.html#primaryimage","url":"https:\/\/www.leili-motor.net\/wp-content\/uploads\/2025\/03\/U9650-Universal-Motor.webp","contentUrl":"https:\/\/www.leili-motor.net\/wp-content\/uploads\/2025\/03\/U9650-Universal-Motor.webp","width":454,"height":310,"caption":"Moteur universel U9650"},{"@type":"BreadcrumbList","@id":"https:\/\/www.leili-motor.net\/fr\/moteur-dexcitation-serie-u9650.html#breadcrumb","itemListElement":[{"@type":"ListItem","position":1,"name":"Home","item":"https:\/\/www.leili-motor.net\/fr\/"},{"@type":"ListItem","position":2,"name":"Produits","item":"https:\/\/www.leili-motor.net\/fr\/produits\/"},{"@type":"ListItem","position":3,"name":"Moteur D&#8217;excitation S\u00e9rie U9650"}]},{"@type":"WebSite","@id":"https:\/\/www.leili-motor.net\/fr\/#website","url":"https:\/\/www.leili-motor.net\/fr\/","name":"Leili Motor","description":"","publisher":{"@id":"https:\/\/www.leili-motor.net\/fr\/#organization"},"potentialAction":[{"@type":"SearchAction","target":{"@type":"EntryPoint","urlTemplate":"https:\/\/www.leili-motor.net\/fr\/?s={search_term_string}"},"query-input":{"@type":"PropertyValueSpecification","valueRequired":true,"valueName":"search_term_string"}}],"inLanguage":"fr-FR"},{"@type":"Organization","@id":"https:\/\/www.leili-motor.net\/fr\/#organization","name":"Leili Motor","url":"https:\/\/www.leili-motor.net\/fr\/","logo":{"@type":"ImageObject","inLanguage":"fr-FR","@id":"https:\/\/www.leili-motor.net\/fr\/#\/schema\/logo\/image\/","url":"https:\/\/www.leili-motor.net\/wp-content\/uploads\/2025\/03\/Leili-Motor.png","contentUrl":"https:\/\/www.leili-motor.net\/wp-content\/uploads\/2025\/03\/Leili-Motor.png","width":600,"height":156,"caption":"Leili Motor"},"image":{"@id":"https:\/\/www.leili-motor.net\/fr\/#\/schema\/logo\/image\/"}}]}},"_links":{"self":[{"href":"https:\/\/www.leili-motor.net\/fr\/wp-json\/wp\/v2\/product\/11232","targetHints":{"allow":["GET"]}}],"collection":[{"href":"https:\/\/www.leili-motor.net\/fr\/wp-json\/wp\/v2\/product"}],"about":[{"href":"https:\/\/www.leili-motor.net\/fr\/wp-json\/wp\/v2\/types\/product"}],"replies":[{"embeddable":true,"href":"https:\/\/www.leili-motor.net\/fr\/wp-json\/wp\/v2\/comments?post=11232"}],"wp:featuredmedia":[{"embeddable":true,"href":"https:\/\/www.leili-motor.net\/fr\/wp-json\/wp\/v2\/media\/11233"}],"wp:attachment":[{"href":"https:\/\/www.leili-motor.net\/fr\/wp-json\/wp\/v2\/media?parent=11232"}],"wp:term":[{"taxonomy":"product_brand","embeddable":true,"href":"https:\/\/www.leili-motor.net\/fr\/wp-json\/wp\/v2\/product_brand?post=11232"},{"taxonomy":"product_cat","embeddable":true,"href":"https:\/\/www.leili-motor.net\/fr\/wp-json\/wp\/v2\/product_cat?post=11232"},{"taxonomy":"product_tag","embeddable":true,"href":"https:\/\/www.leili-motor.net\/fr\/wp-json\/wp\/v2\/product_tag?post=11232"}],"curies":[{"name":"wp","href":"https:\/\/api.w.org\/{rel}","templated":true}]}}