{"id":11238,"date":"2025-03-07T14:42:52","date_gmt":"2025-03-07T06:42:52","guid":{"rendered":"https:\/\/www.leili-motor.net\/moteur-dexcitation-serie-u11163\/"},"modified":"2025-03-07T14:42:52","modified_gmt":"2025-03-07T06:42:52","slug":"moteur-dexcitation-serie-u11163","status":"publish","type":"product","link":"https:\/\/www.leili-motor.net\/fr\/moteur-dexcitation-serie-u11163.html","title":{"rendered":"Moteur D&rsquo;excitation S\u00e9rie U11163"},"content":{"rendered":"<h2>Param\u00e8tres du produit<\/h2>\n<table>\n<tbody>\n<tr>\n<td>Mod\u00e8le<\/td>\n<td colspan=\"2\">Tension<\/td>\n<td colspan=\"2\">Charger<\/td>\n<td colspan=\"5\">\u00c0 une efficacit\u00e9 maximale<\/td>\n<td colspan=\"3\">D\u00e9crochage<\/td>\n<\/tr>\n<tr>\n<td><\/td>\n<td>\u00c9tendue des travaux<br \/>\n(V)<\/td>\n<td>Nominale<br \/>\n(V)<\/td>\n<td>Vitesse<br \/>\n(tr\/min)<\/td>\n<td>Courant<br \/>\n(A)<\/td>\n<td>Vitesse<br \/>\n(tr\/min)<\/td>\n<td>Courant<br \/>\n(A)<\/td>\n<td>Couple<br \/>\n(mN.m)<\/td>\n<td>Couple<br \/>\n(g.cm)<\/td>\n<td>Puissance<br \/>\n(W)<\/td>\n<td>Couple<br \/>\n(mN.m)<\/td>\n<td>Couple<br \/>\n(g.cm)<\/td>\n<td>Courant<br \/>\n(A)<\/td>\n<\/tr>\n<tr>\n<td>U11163-1M<\/td>\n<td>104.4~127 VAC 50\/60Hz<\/td>\n<td>120V AC<\/td>\n<td>21000<\/td>\n<td>7<\/td>\n<td>12000<\/td>\n<td>20<\/td>\n<td>1280<\/td>\n<td>13056<\/td>\n<td>1600<\/td>\n<td>5000<\/td>\n<td>51000<\/td>\n<td>34.5<\/td>\n<\/tr>\n<tr>\n<td>U11163-o3H<\/td>\n<td>210~230 VAC 50\/60Hz<\/td>\n<td>230V AC<\/td>\n<td>21000<\/td>\n<td>3.5<\/td>\n<td>12000<\/td>\n<td>10<\/td>\n<td>1280<\/td>\n<td>13056<\/td>\n<td>1600<\/td>\n<td>5000<\/td>\n<td>51000<\/td>\n<td>17<\/td>\n<\/tr>\n<\/tbody>\n<\/table>\n<h2>Dimension m\u00e9canique : mm<\/h2>\n<p><img fetchpriority=\"high\" decoding=\"async\" class=\"size-full wp-image-1255 aligncenter\" src=\"https:\/\/www.leili-motor.net\/wp-content\/uploads\/2025\/03\/Mechanical-Dimension-for-U11163-Universal-Motor.webp\" alt=\"Dimensions m\u00e9caniques du moteur universel U11163\" width=\"777\" height=\"384\" srcset=\"https:\/\/www.leili-motor.net\/wp-content\/uploads\/2025\/03\/Mechanical-Dimension-for-U11163-Universal-Motor.webp 777w, https:\/\/www.leili-motor.net\/wp-content\/uploads\/2025\/03\/Mechanical-Dimension-for-U11163-Universal-Motor-300x148.webp 300w, https:\/\/www.leili-motor.net\/wp-content\/uploads\/2025\/03\/Mechanical-Dimension-for-U11163-Universal-Motor-768x380.webp 768w, https:\/\/www.leili-motor.net\/wp-content\/uploads\/2025\/03\/Mechanical-Dimension-for-U11163-Universal-Motor-600x297.webp 600w\" sizes=\"(max-width: 777px) 100vw, 777px\" \/><\/p>\n<h2>Courbes de performance<\/h2>\n<p><img decoding=\"async\" class=\"size-full wp-image-1256 aligncenter\" src=\"https:\/\/www.leili-motor.net\/wp-content\/uploads\/2025\/03\/Performance-Curves-for-U11163-Universal-Motor.webp\" alt=\"Courbes de performance du moteur universel U11163\" width=\"769\" height=\"269\" srcset=\"https:\/\/www.leili-motor.net\/wp-content\/uploads\/2025\/03\/Performance-Curves-for-U11163-Universal-Motor.webp 769w, https:\/\/www.leili-motor.net\/wp-content\/uploads\/2025\/03\/Performance-Curves-for-U11163-Universal-Motor-300x105.webp 300w, https:\/\/www.leili-motor.net\/wp-content\/uploads\/2025\/03\/Performance-Curves-for-U11163-Universal-Motor-600x210.webp 600w\" sizes=\"(max-width: 769px) 100vw, 769px\" \/><\/p>\n","protected":false},"excerpt":{"rendered":"<h3>Pr\u00e9sentation du produit<\/h3>\n<ul>\n<li>Variantes de mod\u00e8les : comprend U11163-1M (120 V) et U11163-03H (230 V), tous deux fonctionnant \u00e0 une fr\u00e9quence de 50\/60 Hz.<\/li>\n<li>Performances : 21 000 tr\/min \u00e0 vide, 12 000 tr\/min \u00e0 efficacit\u00e9 maximale, garantissant un fonctionnement \u00e0 grande vitesse.<\/li>\n<li>Capacit\u00e9 de charge : fournit jusqu&rsquo;\u00e0 5 000 mN\u00b7m de couple de d\u00e9crochage, offrant des performances puissantes et fiables.<\/li>\n<\/ul>\n<h3>Application du produit<\/h3>\n<ul>\n<li>Appareils \u00e9lectrom\u00e9nagers : mixeur<\/li>\n<\/ul>\n","protected":false},"featured_media":11239,"comment_status":"open","ping_status":"closed","template":"","meta":{"site-sidebar-layout":"default","site-content-layout":"","ast-site-content-layout":"default","site-content-style":"default","site-sidebar-style":"default","ast-global-header-display":"","ast-banner-title-visibility":"","ast-main-header-display":"","ast-hfb-above-header-display":"","ast-hfb-below-header-display":"","ast-hfb-mobile-header-display":"","site-post-title":"","ast-breadcrumbs-content":"","ast-featured-img":"","footer-sml-layout":"","theme-transparent-header-meta":"default","adv-header-id-meta":"","stick-header-meta":"","header-above-stick-meta":"","header-main-stick-meta":"","header-below-stick-meta":"","astra-migrate-meta-layouts":"default","ast-page-background-enabled":"default","ast-page-background-meta":{"desktop":{"background-color":"var(--ast-global-color-5)","background-image":"","background-repeat":"repeat","background-position":"center center","background-size":"auto","background-attachment":"scroll","background-type":"","background-media":"","overlay-type":"","overlay-color":"","overlay-opacity":"","overlay-gradient":""},"tablet":{"background-color":"","background-image":"","background-repeat":"repeat","background-position":"center center","background-size":"auto","background-attachment":"scroll","background-type":"","background-media":"","overlay-type":"","overlay-color":"","overlay-opacity":"","overlay-gradient":""},"mobile":{"background-color":"","background-image":"","background-repeat":"repeat","background-position":"center center","background-size":"auto","background-attachment":"scroll","background-type":"","background-media":"","overlay-type":"","overlay-color":"","overlay-opacity":"","overlay-gradient":""}},"ast-content-background-meta":{"desktop":{"background-color":"var(--ast-global-color-4)","background-image":"","background-repeat":"repeat","background-position":"center center","background-size":"auto","background-attachment":"scroll","background-type":"","background-media":"","overlay-type":"","overlay-color":"","overlay-opacity":"","overlay-gradient":""},"tablet":{"background-color":"var(--ast-global-color-4)","background-image":"","background-repeat":"repeat","background-position":"center center","background-size":"auto","background-attachment":"scroll","background-type":"","background-media":"","overlay-type":"","overlay-color":"","overlay-opacity":"","overlay-gradient":""},"mobile":{"background-color":"var(--ast-global-color-4)","background-image":"","background-repeat":"repeat","background-position":"center center","background-size":"auto","background-attachment":"scroll","background-type":"","background-media":"","overlay-type":"","overlay-color":"","overlay-opacity":"","overlay-gradient":""}}},"product_brand":[],"product_cat":[1168,1266],"product_tag":[1170],"class_list":{"0":"post-11238","1":"product","2":"type-product","3":"status-publish","4":"has-post-thumbnail","6":"product_cat-moteur-a-balais-a-courant-continu","7":"product_cat-moteur-serie","8":"product_tag-appareils-electromenagers-autres-moteur-a-balais-cc","9":"pa_application-appareil-electromenager","10":"pa_dc-brush-no-load-current-plus-de-03","11":"pa_dc-brush-no-load-speed-plus-de-10-000","12":"desktop-align-left","13":"tablet-align-left","14":"mobile-align-left","16":"first","17":"instock","18":"shipping-taxable","19":"product-type-simple"},"yoast_head":"<!-- This site is optimized with the Yoast SEO plugin v27.2 - https:\/\/yoast.com\/product\/yoast-seo-wordpress\/ -->\n<title>Moteur D&#039;excitation S\u00e9rie U11163 &#8211; Leili Motor<\/title>\n<meta name=\"description\" content=\"Le moteur universel U11163 offre des options 120 V et 230 V, un fonctionnement \u00e0 grande vitesse et un couple \u00e9lev\u00e9, ce qui le rend id\u00e9al pour les applications de mixage alimentaire.\" \/>\n<meta name=\"robots\" content=\"index, follow, max-snippet:-1, max-image-preview:large, max-video-preview:-1\" \/>\n<link rel=\"canonical\" href=\"https:\/\/www.leili-motor.net\/fr\/moteur-dexcitation-serie-u11163.html\" \/>\n<script type=\"application\/ld+json\" class=\"yoast-schema-graph\">{\"@context\":\"https:\/\/schema.org\",\"@graph\":[{\"@type\":\"WebPage\",\"@id\":\"https:\/\/www.leili-motor.net\/fr\/moteur-dexcitation-serie-u11163.html\",\"url\":\"https:\/\/www.leili-motor.net\/fr\/moteur-dexcitation-serie-u11163.html\",\"name\":\"Moteur D'excitation S\u00e9rie U11163 &#8211; Leili Motor\",\"isPartOf\":{\"@id\":\"https:\/\/www.leili-motor.net\/fr\/#website\"},\"primaryImageOfPage\":{\"@id\":\"https:\/\/www.leili-motor.net\/fr\/moteur-dexcitation-serie-u11163.html#primaryimage\"},\"image\":{\"@id\":\"https:\/\/www.leili-motor.net\/fr\/moteur-dexcitation-serie-u11163.html#primaryimage\"},\"thumbnailUrl\":\"https:\/\/www.leili-motor.net\/wp-content\/uploads\/2025\/03\/U11163-Universal-Motor.webp\",\"datePublished\":\"2025-03-07T06:42:52+00:00\",\"description\":\"Le moteur universel U11163 offre des options 120 V et 230 V, un fonctionnement \u00e0 grande vitesse et un couple \u00e9lev\u00e9, ce qui le rend id\u00e9al pour les applications de mixage alimentaire.\",\"breadcrumb\":{\"@id\":\"https:\/\/www.leili-motor.net\/fr\/moteur-dexcitation-serie-u11163.html#breadcrumb\"},\"inLanguage\":\"fr-FR\",\"potentialAction\":[{\"@type\":\"ReadAction\",\"target\":[\"https:\/\/www.leili-motor.net\/fr\/moteur-dexcitation-serie-u11163.html\"]}]},{\"@type\":\"ImageObject\",\"inLanguage\":\"fr-FR\",\"@id\":\"https:\/\/www.leili-motor.net\/fr\/moteur-dexcitation-serie-u11163.html#primaryimage\",\"url\":\"https:\/\/www.leili-motor.net\/wp-content\/uploads\/2025\/03\/U11163-Universal-Motor.webp\",\"contentUrl\":\"https:\/\/www.leili-motor.net\/wp-content\/uploads\/2025\/03\/U11163-Universal-Motor.webp\",\"width\":454,\"height\":310,\"caption\":\"Moteur universel U11163\"},{\"@type\":\"BreadcrumbList\",\"@id\":\"https:\/\/www.leili-motor.net\/fr\/moteur-dexcitation-serie-u11163.html#breadcrumb\",\"itemListElement\":[{\"@type\":\"ListItem\",\"position\":1,\"name\":\"Home\",\"item\":\"https:\/\/www.leili-motor.net\/fr\/\"},{\"@type\":\"ListItem\",\"position\":2,\"name\":\"Produits\",\"item\":\"https:\/\/www.leili-motor.net\/fr\/produits\/\"},{\"@type\":\"ListItem\",\"position\":3,\"name\":\"Moteur D&#8217;excitation S\u00e9rie U11163\"}]},{\"@type\":\"WebSite\",\"@id\":\"https:\/\/www.leili-motor.net\/fr\/#website\",\"url\":\"https:\/\/www.leili-motor.net\/fr\/\",\"name\":\"Leili Motor\",\"description\":\"\",\"publisher\":{\"@id\":\"https:\/\/www.leili-motor.net\/fr\/#organization\"},\"potentialAction\":[{\"@type\":\"SearchAction\",\"target\":{\"@type\":\"EntryPoint\",\"urlTemplate\":\"https:\/\/www.leili-motor.net\/fr\/?s={search_term_string}\"},\"query-input\":{\"@type\":\"PropertyValueSpecification\",\"valueRequired\":true,\"valueName\":\"search_term_string\"}}],\"inLanguage\":\"fr-FR\"},{\"@type\":\"Organization\",\"@id\":\"https:\/\/www.leili-motor.net\/fr\/#organization\",\"name\":\"Leili Motor\",\"url\":\"https:\/\/www.leili-motor.net\/fr\/\",\"logo\":{\"@type\":\"ImageObject\",\"inLanguage\":\"fr-FR\",\"@id\":\"https:\/\/www.leili-motor.net\/fr\/#\/schema\/logo\/image\/\",\"url\":\"https:\/\/www.leili-motor.net\/wp-content\/uploads\/2025\/03\/Leili-Motor.png\",\"contentUrl\":\"https:\/\/www.leili-motor.net\/wp-content\/uploads\/2025\/03\/Leili-Motor.png\",\"width\":600,\"height\":156,\"caption\":\"Leili Motor\"},\"image\":{\"@id\":\"https:\/\/www.leili-motor.net\/fr\/#\/schema\/logo\/image\/\"}}]}<\/script>\n<!-- \/ Yoast SEO plugin. -->","yoast_head_json":{"title":"Moteur D'excitation S\u00e9rie U11163 &#8211; Leili Motor","description":"Le moteur universel U11163 offre des options 120 V et 230 V, un fonctionnement \u00e0 grande vitesse et un couple \u00e9lev\u00e9, ce qui le rend id\u00e9al pour les applications de mixage alimentaire.","robots":{"index":"index","follow":"follow","max-snippet":"max-snippet:-1","max-image-preview":"max-image-preview:large","max-video-preview":"max-video-preview:-1"},"canonical":"https:\/\/www.leili-motor.net\/fr\/moteur-dexcitation-serie-u11163.html","schema":{"@context":"https:\/\/schema.org","@graph":[{"@type":"WebPage","@id":"https:\/\/www.leili-motor.net\/fr\/moteur-dexcitation-serie-u11163.html","url":"https:\/\/www.leili-motor.net\/fr\/moteur-dexcitation-serie-u11163.html","name":"Moteur D'excitation S\u00e9rie U11163 &#8211; Leili Motor","isPartOf":{"@id":"https:\/\/www.leili-motor.net\/fr\/#website"},"primaryImageOfPage":{"@id":"https:\/\/www.leili-motor.net\/fr\/moteur-dexcitation-serie-u11163.html#primaryimage"},"image":{"@id":"https:\/\/www.leili-motor.net\/fr\/moteur-dexcitation-serie-u11163.html#primaryimage"},"thumbnailUrl":"https:\/\/www.leili-motor.net\/wp-content\/uploads\/2025\/03\/U11163-Universal-Motor.webp","datePublished":"2025-03-07T06:42:52+00:00","description":"Le moteur universel U11163 offre des options 120 V et 230 V, un fonctionnement \u00e0 grande vitesse et un couple \u00e9lev\u00e9, ce qui le rend id\u00e9al pour les applications de mixage alimentaire.","breadcrumb":{"@id":"https:\/\/www.leili-motor.net\/fr\/moteur-dexcitation-serie-u11163.html#breadcrumb"},"inLanguage":"fr-FR","potentialAction":[{"@type":"ReadAction","target":["https:\/\/www.leili-motor.net\/fr\/moteur-dexcitation-serie-u11163.html"]}]},{"@type":"ImageObject","inLanguage":"fr-FR","@id":"https:\/\/www.leili-motor.net\/fr\/moteur-dexcitation-serie-u11163.html#primaryimage","url":"https:\/\/www.leili-motor.net\/wp-content\/uploads\/2025\/03\/U11163-Universal-Motor.webp","contentUrl":"https:\/\/www.leili-motor.net\/wp-content\/uploads\/2025\/03\/U11163-Universal-Motor.webp","width":454,"height":310,"caption":"Moteur universel U11163"},{"@type":"BreadcrumbList","@id":"https:\/\/www.leili-motor.net\/fr\/moteur-dexcitation-serie-u11163.html#breadcrumb","itemListElement":[{"@type":"ListItem","position":1,"name":"Home","item":"https:\/\/www.leili-motor.net\/fr\/"},{"@type":"ListItem","position":2,"name":"Produits","item":"https:\/\/www.leili-motor.net\/fr\/produits\/"},{"@type":"ListItem","position":3,"name":"Moteur D&#8217;excitation S\u00e9rie U11163"}]},{"@type":"WebSite","@id":"https:\/\/www.leili-motor.net\/fr\/#website","url":"https:\/\/www.leili-motor.net\/fr\/","name":"Leili Motor","description":"","publisher":{"@id":"https:\/\/www.leili-motor.net\/fr\/#organization"},"potentialAction":[{"@type":"SearchAction","target":{"@type":"EntryPoint","urlTemplate":"https:\/\/www.leili-motor.net\/fr\/?s={search_term_string}"},"query-input":{"@type":"PropertyValueSpecification","valueRequired":true,"valueName":"search_term_string"}}],"inLanguage":"fr-FR"},{"@type":"Organization","@id":"https:\/\/www.leili-motor.net\/fr\/#organization","name":"Leili Motor","url":"https:\/\/www.leili-motor.net\/fr\/","logo":{"@type":"ImageObject","inLanguage":"fr-FR","@id":"https:\/\/www.leili-motor.net\/fr\/#\/schema\/logo\/image\/","url":"https:\/\/www.leili-motor.net\/wp-content\/uploads\/2025\/03\/Leili-Motor.png","contentUrl":"https:\/\/www.leili-motor.net\/wp-content\/uploads\/2025\/03\/Leili-Motor.png","width":600,"height":156,"caption":"Leili Motor"},"image":{"@id":"https:\/\/www.leili-motor.net\/fr\/#\/schema\/logo\/image\/"}}]}},"_links":{"self":[{"href":"https:\/\/www.leili-motor.net\/fr\/wp-json\/wp\/v2\/product\/11238","targetHints":{"allow":["GET"]}}],"collection":[{"href":"https:\/\/www.leili-motor.net\/fr\/wp-json\/wp\/v2\/product"}],"about":[{"href":"https:\/\/www.leili-motor.net\/fr\/wp-json\/wp\/v2\/types\/product"}],"replies":[{"embeddable":true,"href":"https:\/\/www.leili-motor.net\/fr\/wp-json\/wp\/v2\/comments?post=11238"}],"wp:featuredmedia":[{"embeddable":true,"href":"https:\/\/www.leili-motor.net\/fr\/wp-json\/wp\/v2\/media\/11239"}],"wp:attachment":[{"href":"https:\/\/www.leili-motor.net\/fr\/wp-json\/wp\/v2\/media?parent=11238"}],"wp:term":[{"taxonomy":"product_brand","embeddable":true,"href":"https:\/\/www.leili-motor.net\/fr\/wp-json\/wp\/v2\/product_brand?post=11238"},{"taxonomy":"product_cat","embeddable":true,"href":"https:\/\/www.leili-motor.net\/fr\/wp-json\/wp\/v2\/product_cat?post=11238"},{"taxonomy":"product_tag","embeddable":true,"href":"https:\/\/www.leili-motor.net\/fr\/wp-json\/wp\/v2\/product_tag?post=11238"}],"curies":[{"name":"wp","href":"https:\/\/api.w.org\/{rel}","templated":true}]}}