{"id":11249,"date":"2025-03-07T13:59:16","date_gmt":"2025-03-07T05:59:16","guid":{"rendered":"https:\/\/www.leili-motor.net\/moteur-dexcitation-serie-67uj63-87uj63\/"},"modified":"2025-03-07T13:59:16","modified_gmt":"2025-03-07T05:59:16","slug":"moteur-dexcitation-serie-67uj63-87uj63","status":"publish","type":"product","link":"https:\/\/www.leili-motor.net\/fr\/moteur-dexcitation-serie-67uj63-87uj63.html","title":{"rendered":"Moteur D&rsquo;excitation S\u00e9rie 67UJ63 \/ 87UJ63"},"content":{"rendered":"<h2>Param\u00e8tres du produit<\/h2>\n<table>\n<tbody>\n<tr>\n<td width=\"7.9000%\">Mod\u00e8le<\/td>\n<td colspan=\"2\" width=\"17.4000%\">Tension<\/td>\n<td colspan=\"2\" width=\"13.5000%\">\u00c0 vide<\/td>\n<td colspan=\"5\" width=\"33.1000%\">\u00c0 efficacit\u00e9 maximale<\/td>\n<td colspan=\"3\" width=\"19.9000%\">Calage<\/td>\n<td width=\"8.1400%\">Classe<br \/>\n d&rsquo;isolation<\/td>\n<\/tr>\n<tr>\n<td rowspan=\"2\" width=\"7.9000%\"><\/td>\n<td width=\"9.3200%\">Fonctionnement<br \/>\nGamme<\/td>\n<td width=\"8.0800%\">Nominal<\/td>\n<td width=\"6.4000%\">Vitesse<\/td>\n<td width=\"7.0800%\">Actuel<\/td>\n<td width=\"6.4000%\">Vitesse<\/td>\n<td width=\"7.0800%\">Actuel<\/td>\n<td colspan=\"2\" width=\"12.7200%\">Couple<\/td>\n<td width=\"6.8600%\">Sortir<\/td>\n<td colspan=\"2\" width=\"12.8200%\">Couple<\/td>\n<td width=\"7.0800%\">Actuel<\/td>\n<td rowspan=\"2\" width=\"8.1400%\"><\/td>\n<\/tr>\n<tr>\n<td width=\"9.3200%\">V<\/td>\n<td width=\"8.0800%\">V<\/td>\n<td width=\"6.4000%\">r\/min<\/td>\n<td width=\"7.0800%\">A<\/td>\n<td width=\"6.4000%\">r\/min<\/td>\n<td width=\"7.0800%\">A<\/td>\n<td width=\"6.6800%\">mN\u2022m<\/td>\n<td width=\"6.0400%\">g\u2022cm<\/td>\n<td width=\"6.8600%\">W<\/td>\n<td width=\"6.6800%\">mN\u2022m<\/td>\n<td width=\"6.1400%\">g\u2022cm<\/td>\n<td width=\"7.0800%\">A<\/td>\n<\/tr>\n<tr>\n<td width=\"7.9000%\">67UJ63-1<\/td>\n<td width=\"9.3200%\">AC166-333V<\/td>\n<td width=\"8.0800%\">AC230.0V<\/td>\n<td width=\"6.4000%\">167<\/td>\n<td width=\"7.0800%\">0.35<\/td>\n<td width=\"6.4000%\">85<\/td>\n<td width=\"7.0800%\">0.85<\/td>\n<td width=\"6.6800%\">5<\/td>\n<td width=\"6.0400%\">51<\/td>\n<td width=\"6.8600%\">48<\/td>\n<td width=\"6.6800%\">22<\/td>\n<td width=\"6.1400%\">225<\/td>\n<td width=\"7.0800%\">1.1<\/td>\n<td rowspan=\"2\" width=\"8.1400%\">A<\/td>\n<\/tr>\n<tr>\n<td width=\"7.9000%\">67UJ63-2<\/td>\n<td width=\"9.3200%\">AC176-288V<\/td>\n<td width=\"8.0800%\">AC230.0V<\/td>\n<td width=\"6.4000%\">154<\/td>\n<td width=\"7.0800%\">0.35<\/td>\n<td width=\"6.4000%\">73<\/td>\n<td width=\"7.0800%\">0.65<\/td>\n<td width=\"6.6800%\">4.5<\/td>\n<td width=\"6.0400%\">45.9<\/td>\n<td width=\"6.8600%\">34<\/td>\n<td width=\"6.6800%\">17<\/td>\n<td width=\"6.1400%\">173.4<\/td>\n<td width=\"7.0800%\">1<\/td>\n<\/tr>\n<tr>\n<td width=\"7.9000%\">87UJ63-1<\/td>\n<td width=\"9.3200%\">AC176-288V<\/td>\n<td width=\"8.0800%\">AC230.0V<\/td>\n<td width=\"6.4000%\">115<\/td>\n<td width=\"7.0800%\">0.4<\/td>\n<td width=\"6.4000%\">60<\/td>\n<td width=\"7.0800%\">1<\/td>\n<td width=\"6.6800%\">10<\/td>\n<td width=\"6.0400%\">102<\/td>\n<td width=\"6.8600%\">60<\/td>\n<td width=\"6.6800%\">50<\/td>\n<td width=\"6.1400%\">510<\/td>\n<td width=\"7.0800%\">1.7<\/td>\n<td width=\"8.1400%\">A<\/td>\n<\/tr>\n<\/tbody>\n<\/table>\n<h2>Dimension m\u00e9canique : mm<\/h2>\n<p><img fetchpriority=\"high\" decoding=\"async\" class=\"size-full wp-image-1228 aligncenter\" src=\"https:\/\/www.leili-motor.net\/wp-content\/uploads\/2025\/03\/Mechanical-Dimension-for-67UJ63-DC-Brushed-Motor.webp\" alt=\"Dimensions m\u00e9caniques du moteur \u00e0 balais CC 67UJ63\" width=\"759\" height=\"600\" srcset=\"https:\/\/www.leili-motor.net\/wp-content\/uploads\/2025\/03\/Mechanical-Dimension-for-67UJ63-DC-Brushed-Motor.webp 759w, https:\/\/www.leili-motor.net\/wp-content\/uploads\/2025\/03\/Mechanical-Dimension-for-67UJ63-DC-Brushed-Motor-300x237.webp 300w, https:\/\/www.leili-motor.net\/wp-content\/uploads\/2025\/03\/Mechanical-Dimension-for-67UJ63-DC-Brushed-Motor-600x474.webp 600w\" sizes=\"(max-width: 759px) 100vw, 759px\" \/><\/p>\n","protected":false},"excerpt":{"rendered":"<h3>Pr\u00e9sentation du produit<\/h3>\n<ul>\n<li>Variantes de mod\u00e8les : comprend 67UJ63-1, 67UJ63-2 et 87UJ63-1, prenant en charge les plages de tension AC166-333 V et AC176-288 V.<\/li>\n<li>Performances : La vitesse \u00e0 vide varie de 115 \u00e0 167 tr\/min, garantissant un fonctionnement stable et efficace.<\/li>\n<li>Capacit\u00e9 de charge : fournit jusqu&rsquo;\u00e0 510 mN\u00b7m de couple de d\u00e9crochage, garantissant un rendement \u00e9lev\u00e9 et des performances fiables.<\/li>\n<\/ul>\n<h3>Application du produit<\/h3>\n<ul>\n<li>Moteur de l&rsquo;interrupteur d&rsquo;alimentation de secours de l&rsquo;onduleur<\/li>\n<\/ul>\n","protected":false},"featured_media":11251,"comment_status":"open","ping_status":"closed","template":"","meta":{"site-sidebar-layout":"default","site-content-layout":"","ast-site-content-layout":"default","site-content-style":"default","site-sidebar-style":"default","ast-global-header-display":"","ast-banner-title-visibility":"","ast-main-header-display":"","ast-hfb-above-header-display":"","ast-hfb-below-header-display":"","ast-hfb-mobile-header-display":"","site-post-title":"","ast-breadcrumbs-content":"","ast-featured-img":"","footer-sml-layout":"","theme-transparent-header-meta":"default","adv-header-id-meta":"","stick-header-meta":"","header-above-stick-meta":"","header-main-stick-meta":"","header-below-stick-meta":"","astra-migrate-meta-layouts":"default","ast-page-background-enabled":"default","ast-page-background-meta":{"desktop":{"background-color":"var(--ast-global-color-5)","background-image":"","background-repeat":"repeat","background-position":"center center","background-size":"auto","background-attachment":"scroll","background-type":"","background-media":"","overlay-type":"","overlay-color":"","overlay-opacity":"","overlay-gradient":""},"tablet":{"background-color":"","background-image":"","background-repeat":"repeat","background-position":"center center","background-size":"auto","background-attachment":"scroll","background-type":"","background-media":"","overlay-type":"","overlay-color":"","overlay-opacity":"","overlay-gradient":""},"mobile":{"background-color":"","background-image":"","background-repeat":"repeat","background-position":"center center","background-size":"auto","background-attachment":"scroll","background-type":"","background-media":"","overlay-type":"","overlay-color":"","overlay-opacity":"","overlay-gradient":""}},"ast-content-background-meta":{"desktop":{"background-color":"var(--ast-global-color-4)","background-image":"","background-repeat":"repeat","background-position":"center center","background-size":"auto","background-attachment":"scroll","background-type":"","background-media":"","overlay-type":"","overlay-color":"","overlay-opacity":"","overlay-gradient":""},"tablet":{"background-color":"var(--ast-global-color-4)","background-image":"","background-repeat":"repeat","background-position":"center center","background-size":"auto","background-attachment":"scroll","background-type":"","background-media":"","overlay-type":"","overlay-color":"","overlay-opacity":"","overlay-gradient":""},"mobile":{"background-color":"var(--ast-global-color-4)","background-image":"","background-repeat":"repeat","background-position":"center center","background-size":"auto","background-attachment":"scroll","background-type":"","background-media":"","overlay-type":"","overlay-color":"","overlay-opacity":"","overlay-gradient":""}}},"product_brand":[],"product_cat":[1168,1266],"product_tag":[],"class_list":{"0":"post-11249","1":"product","2":"type-product","3":"status-publish","4":"has-post-thumbnail","6":"product_cat-moteur-a-balais-a-courant-continu","7":"product_cat-moteur-serie","8":"desktop-align-left","9":"tablet-align-left","10":"mobile-align-left","12":"first","13":"instock","14":"shipping-taxable","15":"product-type-simple"},"yoast_head":"<!-- This site is optimized with the Yoast SEO plugin v27.2 - https:\/\/yoast.com\/product\/yoast-seo-wordpress\/ -->\n<title>Moteur D&#039;excitation S\u00e9rie 67UJ63 \/ 87UJ63 &#8211; Leili Motor<\/title>\n<meta name=\"description\" content=\"Le moteur \u00e0 balais CC 67UJ63 \/ 87UJ63 offre plusieurs options de tension, des performances stables et un couple \u00e9lev\u00e9, ce qui le rend id\u00e9al pour les applications de commutation d&#039;alimentation d&#039;urgence UPS.\" \/>\n<meta name=\"robots\" content=\"index, follow, max-snippet:-1, max-image-preview:large, max-video-preview:-1\" \/>\n<link rel=\"canonical\" href=\"https:\/\/www.leili-motor.net\/fr\/moteur-dexcitation-serie-67uj63-87uj63.html\" \/>\n<script type=\"application\/ld+json\" class=\"yoast-schema-graph\">{\"@context\":\"https:\/\/schema.org\",\"@graph\":[{\"@type\":\"WebPage\",\"@id\":\"https:\/\/www.leili-motor.net\/fr\/moteur-dexcitation-serie-67uj63-87uj63.html\",\"url\":\"https:\/\/www.leili-motor.net\/fr\/moteur-dexcitation-serie-67uj63-87uj63.html\",\"name\":\"Moteur D'excitation S\u00e9rie 67UJ63 \/ 87UJ63 &#8211; Leili Motor\",\"isPartOf\":{\"@id\":\"https:\/\/www.leili-motor.net\/fr\/#website\"},\"primaryImageOfPage\":{\"@id\":\"https:\/\/www.leili-motor.net\/fr\/moteur-dexcitation-serie-67uj63-87uj63.html#primaryimage\"},\"image\":{\"@id\":\"https:\/\/www.leili-motor.net\/fr\/moteur-dexcitation-serie-67uj63-87uj63.html#primaryimage\"},\"thumbnailUrl\":\"https:\/\/www.leili-motor.net\/wp-content\/uploads\/2025\/03\/67UJ63-DC-Brushed-Motor.webp\",\"datePublished\":\"2025-03-07T05:59:16+00:00\",\"description\":\"Le moteur \u00e0 balais CC 67UJ63 \/ 87UJ63 offre plusieurs options de tension, des performances stables et un couple \u00e9lev\u00e9, ce qui le rend id\u00e9al pour les applications de commutation d'alimentation d'urgence UPS.\",\"breadcrumb\":{\"@id\":\"https:\/\/www.leili-motor.net\/fr\/moteur-dexcitation-serie-67uj63-87uj63.html#breadcrumb\"},\"inLanguage\":\"fr-FR\",\"potentialAction\":[{\"@type\":\"ReadAction\",\"target\":[\"https:\/\/www.leili-motor.net\/fr\/moteur-dexcitation-serie-67uj63-87uj63.html\"]}]},{\"@type\":\"ImageObject\",\"inLanguage\":\"fr-FR\",\"@id\":\"https:\/\/www.leili-motor.net\/fr\/moteur-dexcitation-serie-67uj63-87uj63.html#primaryimage\",\"url\":\"https:\/\/www.leili-motor.net\/wp-content\/uploads\/2025\/03\/67UJ63-DC-Brushed-Motor.webp\",\"contentUrl\":\"https:\/\/www.leili-motor.net\/wp-content\/uploads\/2025\/03\/67UJ63-DC-Brushed-Motor.webp\",\"width\":454,\"height\":310,\"caption\":\"Moteur \u00e0 balais CC 67UJ63\"},{\"@type\":\"BreadcrumbList\",\"@id\":\"https:\/\/www.leili-motor.net\/fr\/moteur-dexcitation-serie-67uj63-87uj63.html#breadcrumb\",\"itemListElement\":[{\"@type\":\"ListItem\",\"position\":1,\"name\":\"Home\",\"item\":\"https:\/\/www.leili-motor.net\/fr\/\"},{\"@type\":\"ListItem\",\"position\":2,\"name\":\"Produits\",\"item\":\"https:\/\/www.leili-motor.net\/fr\/produits\/\"},{\"@type\":\"ListItem\",\"position\":3,\"name\":\"Moteur D&#8217;excitation S\u00e9rie 67UJ63 \/ 87UJ63\"}]},{\"@type\":\"WebSite\",\"@id\":\"https:\/\/www.leili-motor.net\/fr\/#website\",\"url\":\"https:\/\/www.leili-motor.net\/fr\/\",\"name\":\"Leili Motor\",\"description\":\"\",\"publisher\":{\"@id\":\"https:\/\/www.leili-motor.net\/fr\/#organization\"},\"potentialAction\":[{\"@type\":\"SearchAction\",\"target\":{\"@type\":\"EntryPoint\",\"urlTemplate\":\"https:\/\/www.leili-motor.net\/fr\/?s={search_term_string}\"},\"query-input\":{\"@type\":\"PropertyValueSpecification\",\"valueRequired\":true,\"valueName\":\"search_term_string\"}}],\"inLanguage\":\"fr-FR\"},{\"@type\":\"Organization\",\"@id\":\"https:\/\/www.leili-motor.net\/fr\/#organization\",\"name\":\"Leili Motor\",\"url\":\"https:\/\/www.leili-motor.net\/fr\/\",\"logo\":{\"@type\":\"ImageObject\",\"inLanguage\":\"fr-FR\",\"@id\":\"https:\/\/www.leili-motor.net\/fr\/#\/schema\/logo\/image\/\",\"url\":\"https:\/\/www.leili-motor.net\/wp-content\/uploads\/2025\/03\/Leili-Motor.png\",\"contentUrl\":\"https:\/\/www.leili-motor.net\/wp-content\/uploads\/2025\/03\/Leili-Motor.png\",\"width\":600,\"height\":156,\"caption\":\"Leili Motor\"},\"image\":{\"@id\":\"https:\/\/www.leili-motor.net\/fr\/#\/schema\/logo\/image\/\"}}]}<\/script>\n<!-- \/ Yoast SEO plugin. -->","yoast_head_json":{"title":"Moteur D'excitation S\u00e9rie 67UJ63 \/ 87UJ63 &#8211; Leili Motor","description":"Le moteur \u00e0 balais CC 67UJ63 \/ 87UJ63 offre plusieurs options de tension, des performances stables et un couple \u00e9lev\u00e9, ce qui le rend id\u00e9al pour les applications de commutation d'alimentation d'urgence UPS.","robots":{"index":"index","follow":"follow","max-snippet":"max-snippet:-1","max-image-preview":"max-image-preview:large","max-video-preview":"max-video-preview:-1"},"canonical":"https:\/\/www.leili-motor.net\/fr\/moteur-dexcitation-serie-67uj63-87uj63.html","schema":{"@context":"https:\/\/schema.org","@graph":[{"@type":"WebPage","@id":"https:\/\/www.leili-motor.net\/fr\/moteur-dexcitation-serie-67uj63-87uj63.html","url":"https:\/\/www.leili-motor.net\/fr\/moteur-dexcitation-serie-67uj63-87uj63.html","name":"Moteur D'excitation S\u00e9rie 67UJ63 \/ 87UJ63 &#8211; Leili Motor","isPartOf":{"@id":"https:\/\/www.leili-motor.net\/fr\/#website"},"primaryImageOfPage":{"@id":"https:\/\/www.leili-motor.net\/fr\/moteur-dexcitation-serie-67uj63-87uj63.html#primaryimage"},"image":{"@id":"https:\/\/www.leili-motor.net\/fr\/moteur-dexcitation-serie-67uj63-87uj63.html#primaryimage"},"thumbnailUrl":"https:\/\/www.leili-motor.net\/wp-content\/uploads\/2025\/03\/67UJ63-DC-Brushed-Motor.webp","datePublished":"2025-03-07T05:59:16+00:00","description":"Le moteur \u00e0 balais CC 67UJ63 \/ 87UJ63 offre plusieurs options de tension, des performances stables et un couple \u00e9lev\u00e9, ce qui le rend id\u00e9al pour les applications de commutation d'alimentation d'urgence UPS.","breadcrumb":{"@id":"https:\/\/www.leili-motor.net\/fr\/moteur-dexcitation-serie-67uj63-87uj63.html#breadcrumb"},"inLanguage":"fr-FR","potentialAction":[{"@type":"ReadAction","target":["https:\/\/www.leili-motor.net\/fr\/moteur-dexcitation-serie-67uj63-87uj63.html"]}]},{"@type":"ImageObject","inLanguage":"fr-FR","@id":"https:\/\/www.leili-motor.net\/fr\/moteur-dexcitation-serie-67uj63-87uj63.html#primaryimage","url":"https:\/\/www.leili-motor.net\/wp-content\/uploads\/2025\/03\/67UJ63-DC-Brushed-Motor.webp","contentUrl":"https:\/\/www.leili-motor.net\/wp-content\/uploads\/2025\/03\/67UJ63-DC-Brushed-Motor.webp","width":454,"height":310,"caption":"Moteur \u00e0 balais CC 67UJ63"},{"@type":"BreadcrumbList","@id":"https:\/\/www.leili-motor.net\/fr\/moteur-dexcitation-serie-67uj63-87uj63.html#breadcrumb","itemListElement":[{"@type":"ListItem","position":1,"name":"Home","item":"https:\/\/www.leili-motor.net\/fr\/"},{"@type":"ListItem","position":2,"name":"Produits","item":"https:\/\/www.leili-motor.net\/fr\/produits\/"},{"@type":"ListItem","position":3,"name":"Moteur D&#8217;excitation S\u00e9rie 67UJ63 \/ 87UJ63"}]},{"@type":"WebSite","@id":"https:\/\/www.leili-motor.net\/fr\/#website","url":"https:\/\/www.leili-motor.net\/fr\/","name":"Leili Motor","description":"","publisher":{"@id":"https:\/\/www.leili-motor.net\/fr\/#organization"},"potentialAction":[{"@type":"SearchAction","target":{"@type":"EntryPoint","urlTemplate":"https:\/\/www.leili-motor.net\/fr\/?s={search_term_string}"},"query-input":{"@type":"PropertyValueSpecification","valueRequired":true,"valueName":"search_term_string"}}],"inLanguage":"fr-FR"},{"@type":"Organization","@id":"https:\/\/www.leili-motor.net\/fr\/#organization","name":"Leili Motor","url":"https:\/\/www.leili-motor.net\/fr\/","logo":{"@type":"ImageObject","inLanguage":"fr-FR","@id":"https:\/\/www.leili-motor.net\/fr\/#\/schema\/logo\/image\/","url":"https:\/\/www.leili-motor.net\/wp-content\/uploads\/2025\/03\/Leili-Motor.png","contentUrl":"https:\/\/www.leili-motor.net\/wp-content\/uploads\/2025\/03\/Leili-Motor.png","width":600,"height":156,"caption":"Leili Motor"},"image":{"@id":"https:\/\/www.leili-motor.net\/fr\/#\/schema\/logo\/image\/"}}]}},"_links":{"self":[{"href":"https:\/\/www.leili-motor.net\/fr\/wp-json\/wp\/v2\/product\/11249","targetHints":{"allow":["GET"]}}],"collection":[{"href":"https:\/\/www.leili-motor.net\/fr\/wp-json\/wp\/v2\/product"}],"about":[{"href":"https:\/\/www.leili-motor.net\/fr\/wp-json\/wp\/v2\/types\/product"}],"replies":[{"embeddable":true,"href":"https:\/\/www.leili-motor.net\/fr\/wp-json\/wp\/v2\/comments?post=11249"}],"wp:featuredmedia":[{"embeddable":true,"href":"https:\/\/www.leili-motor.net\/fr\/wp-json\/wp\/v2\/media\/11251"}],"wp:attachment":[{"href":"https:\/\/www.leili-motor.net\/fr\/wp-json\/wp\/v2\/media?parent=11249"}],"wp:term":[{"taxonomy":"product_brand","embeddable":true,"href":"https:\/\/www.leili-motor.net\/fr\/wp-json\/wp\/v2\/product_brand?post=11249"},{"taxonomy":"product_cat","embeddable":true,"href":"https:\/\/www.leili-motor.net\/fr\/wp-json\/wp\/v2\/product_cat?post=11249"},{"taxonomy":"product_tag","embeddable":true,"href":"https:\/\/www.leili-motor.net\/fr\/wp-json\/wp\/v2\/product_tag?post=11249"}],"curies":[{"name":"wp","href":"https:\/\/api.w.org\/{rel}","templated":true}]}}