{"id":11263,"date":"2025-03-06T13:31:08","date_gmt":"2025-03-06T05:31:08","guid":{"rendered":"https:\/\/www.leili-motor.net\/moteur-pas-a-pas-hybride-serie-20\/"},"modified":"2025-03-06T13:31:08","modified_gmt":"2025-03-06T05:31:08","slug":"moteur-pas-a-pas-hybride-serie-20","status":"publish","type":"product","link":"https:\/\/www.leili-motor.net\/fr\/moteur-pas-a-pas-hybride-serie-20.html","title":{"rendered":"Moteur pas \u00e0 pas hybride s\u00e9rie 20"},"content":{"rendered":"<h2>Param\u00e8tres du produit<\/h2>\n<table>\n<tbody>\n<tr>\n<td>Mod\u00e8le<\/td>\n<td>Courant<br \/>\n(RmsA)<\/td>\n<td>R\u00e9sistance<br \/>\n(\u03a9)<\/td>\n<td>Inductance<br \/>\n(mH)<\/td>\n<td>Couple de maintien<br \/>\n(N\u00b7m)<\/td>\n<td>Inertie du rotor<br \/>\n(g\u00b7cm\u00b2)<\/td>\n<td>Longueur du moteur<br \/>\n(mm)<\/td>\n<td>Poids du moteur<br \/>\n(g)<\/td>\n<\/tr>\n<tr>\n<td>8H2028<\/td>\n<td>0.5<\/td>\n<td>5.1<\/td>\n<td>1.5<\/td>\n<td>0.012<\/td>\n<td>2.7<\/td>\n<td>27<\/td>\n<td>60<\/td>\n<\/tr>\n<tr>\n<td>8H2038<\/td>\n<td>0.5<\/td>\n<td>8.8<\/td>\n<td>2.7<\/td>\n<td>0.02<\/td>\n<td>3.3<\/td>\n<td>38.2<\/td>\n<td>80<\/td>\n<\/tr>\n<\/tbody>\n<\/table>\n<h2>Dimensions m\u00e9caniques : mm<\/h2>\n<p><img fetchpriority=\"high\" decoding=\"async\" class=\"size-full wp-image-893 aligncenter\" src=\"https:\/\/www.leili-motor.net\/wp-content\/uploads\/2025\/03\/Mechanical-Dimensions-of-20-Series-Hybrid-Stepping-Motor.webp\" alt=\"Dimensions m\u00e9caniques du moteur pas \u00e0 pas hybride s\u00e9rie 20\" width=\"759\" height=\"447\" srcset=\"https:\/\/www.leili-motor.net\/wp-content\/uploads\/2025\/03\/Mechanical-Dimensions-of-20-Series-Hybrid-Stepping-Motor.webp 759w, https:\/\/www.leili-motor.net\/wp-content\/uploads\/2025\/03\/Mechanical-Dimensions-of-20-Series-Hybrid-Stepping-Motor-300x177.webp 300w, https:\/\/www.leili-motor.net\/wp-content\/uploads\/2025\/03\/Mechanical-Dimensions-of-20-Series-Hybrid-Stepping-Motor-600x353.webp 600w\" sizes=\"(max-width: 759px) 100vw, 759px\" \/><\/p>\n<h2>Caract\u00e9ristiques fr\u00e9quence-couple<\/h2>\n<p><img decoding=\"async\" class=\"size-full wp-image-895 aligncenter\" src=\"https:\/\/www.leili-motor.net\/wp-content\/uploads\/2025\/03\/Frequency-torqu-characteristics-of-20-Series-Hybrid-Stepping-Motor.webp\" alt=\"Caract\u00e9ristiques de couple de fr\u00e9quence du moteur pas \u00e0 pas hybride s\u00e9rie 20\" width=\"759\" height=\"447\" srcset=\"https:\/\/www.leili-motor.net\/wp-content\/uploads\/2025\/03\/Frequency-torqu-characteristics-of-20-Series-Hybrid-Stepping-Motor.webp 759w, https:\/\/www.leili-motor.net\/wp-content\/uploads\/2025\/03\/Frequency-torqu-characteristics-of-20-Series-Hybrid-Stepping-Motor-300x177.webp 300w, https:\/\/www.leili-motor.net\/wp-content\/uploads\/2025\/03\/Frequency-torqu-characteristics-of-20-Series-Hybrid-Stepping-Motor-600x353.webp 600w\" sizes=\"(max-width: 759px) 100vw, 759px\" \/><\/p>\n","protected":false},"excerpt":{"rendered":"<h3>Pr\u00e9sentation du produit<\/h3>\n<ul>\n<li>Offre un couple de 0,012 \u00e0 0,02 N\u00b7m, alliant compacit\u00e9 et efficacit\u00e9 pour un mouvement pr\u00e9cis.<\/li>\n<li>Un faible courant, une inertie minimale et un faible encombrement garantissent une int\u00e9gration facile dans diverses applications.<\/li>\n<\/ul>\n<h3>Application du produit<\/h3>\n<ul>\n<li>Appareil m\u00e9dical<\/li>\n<li>Contr\u00f4le industriel<\/li>\n<\/ul>\n","protected":false},"featured_media":11264,"comment_status":"open","ping_status":"closed","template":"","meta":{"site-sidebar-layout":"default","site-content-layout":"","ast-site-content-layout":"default","site-content-style":"default","site-sidebar-style":"default","ast-global-header-display":"","ast-banner-title-visibility":"","ast-main-header-display":"","ast-hfb-above-header-display":"","ast-hfb-below-header-display":"","ast-hfb-mobile-header-display":"","site-post-title":"","ast-breadcrumbs-content":"","ast-featured-img":"","footer-sml-layout":"","theme-transparent-header-meta":"default","adv-header-id-meta":"","stick-header-meta":"","header-above-stick-meta":"","header-main-stick-meta":"","header-below-stick-meta":"","astra-migrate-meta-layouts":"default","ast-page-background-enabled":"default","ast-page-background-meta":{"desktop":{"background-color":"var(--ast-global-color-5)","background-image":"","background-repeat":"repeat","background-position":"center center","background-size":"auto","background-attachment":"scroll","background-type":"","background-media":"","overlay-type":"","overlay-color":"","overlay-opacity":"","overlay-gradient":""},"tablet":{"background-color":"","background-image":"","background-repeat":"repeat","background-position":"center center","background-size":"auto","background-attachment":"scroll","background-type":"","background-media":"","overlay-type":"","overlay-color":"","overlay-opacity":"","overlay-gradient":""},"mobile":{"background-color":"","background-image":"","background-repeat":"repeat","background-position":"center center","background-size":"auto","background-attachment":"scroll","background-type":"","background-media":"","overlay-type":"","overlay-color":"","overlay-opacity":"","overlay-gradient":""}},"ast-content-background-meta":{"desktop":{"background-color":"var(--ast-global-color-4)","background-image":"","background-repeat":"repeat","background-position":"center center","background-size":"auto","background-attachment":"scroll","background-type":"","background-media":"","overlay-type":"","overlay-color":"","overlay-opacity":"","overlay-gradient":""},"tablet":{"background-color":"var(--ast-global-color-4)","background-image":"","background-repeat":"repeat","background-position":"center center","background-size":"auto","background-attachment":"scroll","background-type":"","background-media":"","overlay-type":"","overlay-color":"","overlay-opacity":"","overlay-gradient":""},"mobile":{"background-color":"var(--ast-global-color-4)","background-image":"","background-repeat":"repeat","background-position":"center center","background-size":"auto","background-attachment":"scroll","background-type":"","background-media":"","overlay-type":"","overlay-color":"","overlay-opacity":"","overlay-gradient":""}}},"product_brand":[],"product_cat":[1210,1246],"product_tag":[],"class_list":{"0":"post-11263","1":"product","2":"type-product","3":"status-publish","4":"has-post-thumbnail","6":"product_cat-moteur-pas-a-pas","7":"product_cat-moteur-pas-a-pas-hybride","8":"desktop-align-left","9":"tablet-align-left","10":"mobile-align-left","12":"first","13":"instock","14":"shipping-taxable","15":"product-type-simple"},"yoast_head":"<!-- This site is optimized with the Yoast SEO plugin v27.2 - https:\/\/yoast.com\/product\/yoast-seo-wordpress\/ -->\n<title>Moteur pas \u00e0 pas hybride s\u00e9rie 20 &#8211; Leili Motor<\/title>\n<meta name=\"description\" content=\"Les moteurs pas \u00e0 pas hybrides de la s\u00e9rie 20 pr\u00e9sentent une conception compacte, un couple de 0,012 \u00e0 0,02 N\u00b7m et une faible inertie, garantissant un contr\u00f4le de mouvement pr\u00e9cis et efficace \u00e0 petite \u00e9chelle.\" \/>\n<meta name=\"robots\" content=\"index, follow, max-snippet:-1, max-image-preview:large, max-video-preview:-1\" \/>\n<link rel=\"canonical\" href=\"https:\/\/www.leili-motor.net\/fr\/moteur-pas-a-pas-hybride-serie-20.html\" \/>\n<script type=\"application\/ld+json\" class=\"yoast-schema-graph\">{\"@context\":\"https:\/\/schema.org\",\"@graph\":[{\"@type\":\"WebPage\",\"@id\":\"https:\/\/www.leili-motor.net\/fr\/moteur-pas-a-pas-hybride-serie-20.html\",\"url\":\"https:\/\/www.leili-motor.net\/fr\/moteur-pas-a-pas-hybride-serie-20.html\",\"name\":\"Moteur pas \u00e0 pas hybride s\u00e9rie 20 &#8211; Leili Motor\",\"isPartOf\":{\"@id\":\"https:\/\/www.leili-motor.net\/fr\/#website\"},\"primaryImageOfPage\":{\"@id\":\"https:\/\/www.leili-motor.net\/fr\/moteur-pas-a-pas-hybride-serie-20.html#primaryimage\"},\"image\":{\"@id\":\"https:\/\/www.leili-motor.net\/fr\/moteur-pas-a-pas-hybride-serie-20.html#primaryimage\"},\"thumbnailUrl\":\"https:\/\/www.leili-motor.net\/wp-content\/uploads\/2025\/03\/20-Series-Hybrid-Stepping-Motor.webp\",\"datePublished\":\"2025-03-06T05:31:08+00:00\",\"description\":\"Les moteurs pas \u00e0 pas hybrides de la s\u00e9rie 20 pr\u00e9sentent une conception compacte, un couple de 0,012 \u00e0 0,02 N\u00b7m et une faible inertie, garantissant un contr\u00f4le de mouvement pr\u00e9cis et efficace \u00e0 petite \u00e9chelle.\",\"breadcrumb\":{\"@id\":\"https:\/\/www.leili-motor.net\/fr\/moteur-pas-a-pas-hybride-serie-20.html#breadcrumb\"},\"inLanguage\":\"fr-FR\",\"potentialAction\":[{\"@type\":\"ReadAction\",\"target\":[\"https:\/\/www.leili-motor.net\/fr\/moteur-pas-a-pas-hybride-serie-20.html\"]}]},{\"@type\":\"ImageObject\",\"inLanguage\":\"fr-FR\",\"@id\":\"https:\/\/www.leili-motor.net\/fr\/moteur-pas-a-pas-hybride-serie-20.html#primaryimage\",\"url\":\"https:\/\/www.leili-motor.net\/wp-content\/uploads\/2025\/03\/20-Series-Hybrid-Stepping-Motor.webp\",\"contentUrl\":\"https:\/\/www.leili-motor.net\/wp-content\/uploads\/2025\/03\/20-Series-Hybrid-Stepping-Motor.webp\",\"width\":454,\"height\":310,\"caption\":\"Moteur pas \u00e0 pas hybride s\u00e9rie 20\"},{\"@type\":\"BreadcrumbList\",\"@id\":\"https:\/\/www.leili-motor.net\/fr\/moteur-pas-a-pas-hybride-serie-20.html#breadcrumb\",\"itemListElement\":[{\"@type\":\"ListItem\",\"position\":1,\"name\":\"Home\",\"item\":\"https:\/\/www.leili-motor.net\/fr\/\"},{\"@type\":\"ListItem\",\"position\":2,\"name\":\"Produits\",\"item\":\"https:\/\/www.leili-motor.net\/fr\/produits\/\"},{\"@type\":\"ListItem\",\"position\":3,\"name\":\"Moteur pas \u00e0 pas hybride s\u00e9rie 20\"}]},{\"@type\":\"WebSite\",\"@id\":\"https:\/\/www.leili-motor.net\/fr\/#website\",\"url\":\"https:\/\/www.leili-motor.net\/fr\/\",\"name\":\"Leili Motor\",\"description\":\"\",\"publisher\":{\"@id\":\"https:\/\/www.leili-motor.net\/fr\/#organization\"},\"potentialAction\":[{\"@type\":\"SearchAction\",\"target\":{\"@type\":\"EntryPoint\",\"urlTemplate\":\"https:\/\/www.leili-motor.net\/fr\/?s={search_term_string}\"},\"query-input\":{\"@type\":\"PropertyValueSpecification\",\"valueRequired\":true,\"valueName\":\"search_term_string\"}}],\"inLanguage\":\"fr-FR\"},{\"@type\":\"Organization\",\"@id\":\"https:\/\/www.leili-motor.net\/fr\/#organization\",\"name\":\"Leili Motor\",\"url\":\"https:\/\/www.leili-motor.net\/fr\/\",\"logo\":{\"@type\":\"ImageObject\",\"inLanguage\":\"fr-FR\",\"@id\":\"https:\/\/www.leili-motor.net\/fr\/#\/schema\/logo\/image\/\",\"url\":\"https:\/\/www.leili-motor.net\/wp-content\/uploads\/2025\/03\/Leili-Motor.png\",\"contentUrl\":\"https:\/\/www.leili-motor.net\/wp-content\/uploads\/2025\/03\/Leili-Motor.png\",\"width\":600,\"height\":156,\"caption\":\"Leili Motor\"},\"image\":{\"@id\":\"https:\/\/www.leili-motor.net\/fr\/#\/schema\/logo\/image\/\"}}]}<\/script>\n<!-- \/ Yoast SEO plugin. -->","yoast_head_json":{"title":"Moteur pas \u00e0 pas hybride s\u00e9rie 20 &#8211; Leili Motor","description":"Les moteurs pas \u00e0 pas hybrides de la s\u00e9rie 20 pr\u00e9sentent une conception compacte, un couple de 0,012 \u00e0 0,02 N\u00b7m et une faible inertie, garantissant un contr\u00f4le de mouvement pr\u00e9cis et efficace \u00e0 petite \u00e9chelle.","robots":{"index":"index","follow":"follow","max-snippet":"max-snippet:-1","max-image-preview":"max-image-preview:large","max-video-preview":"max-video-preview:-1"},"canonical":"https:\/\/www.leili-motor.net\/fr\/moteur-pas-a-pas-hybride-serie-20.html","schema":{"@context":"https:\/\/schema.org","@graph":[{"@type":"WebPage","@id":"https:\/\/www.leili-motor.net\/fr\/moteur-pas-a-pas-hybride-serie-20.html","url":"https:\/\/www.leili-motor.net\/fr\/moteur-pas-a-pas-hybride-serie-20.html","name":"Moteur pas \u00e0 pas hybride s\u00e9rie 20 &#8211; Leili Motor","isPartOf":{"@id":"https:\/\/www.leili-motor.net\/fr\/#website"},"primaryImageOfPage":{"@id":"https:\/\/www.leili-motor.net\/fr\/moteur-pas-a-pas-hybride-serie-20.html#primaryimage"},"image":{"@id":"https:\/\/www.leili-motor.net\/fr\/moteur-pas-a-pas-hybride-serie-20.html#primaryimage"},"thumbnailUrl":"https:\/\/www.leili-motor.net\/wp-content\/uploads\/2025\/03\/20-Series-Hybrid-Stepping-Motor.webp","datePublished":"2025-03-06T05:31:08+00:00","description":"Les moteurs pas \u00e0 pas hybrides de la s\u00e9rie 20 pr\u00e9sentent une conception compacte, un couple de 0,012 \u00e0 0,02 N\u00b7m et une faible inertie, garantissant un contr\u00f4le de mouvement pr\u00e9cis et efficace \u00e0 petite \u00e9chelle.","breadcrumb":{"@id":"https:\/\/www.leili-motor.net\/fr\/moteur-pas-a-pas-hybride-serie-20.html#breadcrumb"},"inLanguage":"fr-FR","potentialAction":[{"@type":"ReadAction","target":["https:\/\/www.leili-motor.net\/fr\/moteur-pas-a-pas-hybride-serie-20.html"]}]},{"@type":"ImageObject","inLanguage":"fr-FR","@id":"https:\/\/www.leili-motor.net\/fr\/moteur-pas-a-pas-hybride-serie-20.html#primaryimage","url":"https:\/\/www.leili-motor.net\/wp-content\/uploads\/2025\/03\/20-Series-Hybrid-Stepping-Motor.webp","contentUrl":"https:\/\/www.leili-motor.net\/wp-content\/uploads\/2025\/03\/20-Series-Hybrid-Stepping-Motor.webp","width":454,"height":310,"caption":"Moteur pas \u00e0 pas hybride s\u00e9rie 20"},{"@type":"BreadcrumbList","@id":"https:\/\/www.leili-motor.net\/fr\/moteur-pas-a-pas-hybride-serie-20.html#breadcrumb","itemListElement":[{"@type":"ListItem","position":1,"name":"Home","item":"https:\/\/www.leili-motor.net\/fr\/"},{"@type":"ListItem","position":2,"name":"Produits","item":"https:\/\/www.leili-motor.net\/fr\/produits\/"},{"@type":"ListItem","position":3,"name":"Moteur pas \u00e0 pas hybride s\u00e9rie 20"}]},{"@type":"WebSite","@id":"https:\/\/www.leili-motor.net\/fr\/#website","url":"https:\/\/www.leili-motor.net\/fr\/","name":"Leili Motor","description":"","publisher":{"@id":"https:\/\/www.leili-motor.net\/fr\/#organization"},"potentialAction":[{"@type":"SearchAction","target":{"@type":"EntryPoint","urlTemplate":"https:\/\/www.leili-motor.net\/fr\/?s={search_term_string}"},"query-input":{"@type":"PropertyValueSpecification","valueRequired":true,"valueName":"search_term_string"}}],"inLanguage":"fr-FR"},{"@type":"Organization","@id":"https:\/\/www.leili-motor.net\/fr\/#organization","name":"Leili Motor","url":"https:\/\/www.leili-motor.net\/fr\/","logo":{"@type":"ImageObject","inLanguage":"fr-FR","@id":"https:\/\/www.leili-motor.net\/fr\/#\/schema\/logo\/image\/","url":"https:\/\/www.leili-motor.net\/wp-content\/uploads\/2025\/03\/Leili-Motor.png","contentUrl":"https:\/\/www.leili-motor.net\/wp-content\/uploads\/2025\/03\/Leili-Motor.png","width":600,"height":156,"caption":"Leili Motor"},"image":{"@id":"https:\/\/www.leili-motor.net\/fr\/#\/schema\/logo\/image\/"}}]}},"_links":{"self":[{"href":"https:\/\/www.leili-motor.net\/fr\/wp-json\/wp\/v2\/product\/11263","targetHints":{"allow":["GET"]}}],"collection":[{"href":"https:\/\/www.leili-motor.net\/fr\/wp-json\/wp\/v2\/product"}],"about":[{"href":"https:\/\/www.leili-motor.net\/fr\/wp-json\/wp\/v2\/types\/product"}],"replies":[{"embeddable":true,"href":"https:\/\/www.leili-motor.net\/fr\/wp-json\/wp\/v2\/comments?post=11263"}],"wp:featuredmedia":[{"embeddable":true,"href":"https:\/\/www.leili-motor.net\/fr\/wp-json\/wp\/v2\/media\/11264"}],"wp:attachment":[{"href":"https:\/\/www.leili-motor.net\/fr\/wp-json\/wp\/v2\/media?parent=11263"}],"wp:term":[{"taxonomy":"product_brand","embeddable":true,"href":"https:\/\/www.leili-motor.net\/fr\/wp-json\/wp\/v2\/product_brand?post=11263"},{"taxonomy":"product_cat","embeddable":true,"href":"https:\/\/www.leili-motor.net\/fr\/wp-json\/wp\/v2\/product_cat?post=11263"},{"taxonomy":"product_tag","embeddable":true,"href":"https:\/\/www.leili-motor.net\/fr\/wp-json\/wp\/v2\/product_tag?post=11263"}],"curies":[{"name":"wp","href":"https:\/\/api.w.org\/{rel}","templated":true}]}}