{"id":11286,"date":"2025-03-06T11:12:52","date_gmt":"2025-03-06T03:12:52","guid":{"rendered":"https:\/\/www.leili-motor.net\/moteur-pas-a-pas-hybride-serie-35\/"},"modified":"2025-03-06T11:12:52","modified_gmt":"2025-03-06T03:12:52","slug":"moteur-pas-a-pas-hybride-serie-35","status":"publish","type":"product","link":"https:\/\/www.leili-motor.net\/fr\/moteur-pas-a-pas-hybride-serie-35.html","title":{"rendered":"Moteur pas \u00e0 pas hybride s\u00e9rie 35"},"content":{"rendered":"<h2>Param\u00e8tres du produit<\/h2>\n<table>\n<tbody>\n<tr>\n<td>Mod\u00e8le<\/td>\n<td>Courant<br \/>\n(RmsA)<\/td>\n<td>R\u00e9sistance<br \/>\n(\u03a9)<\/td>\n<td>Inductance<br \/>\n(mH)<\/td>\n<td>Couple de maintien<br \/>\n(N\u00b7m)<\/td>\n<td>Inertie du rotor<br \/>\n(g\u00b7cm\u00b2)<\/td>\n<td>Longueur du moteur<br \/>\n(mm)<\/td>\n<td>Poids du moteur<br \/>\n(g)<\/td>\n<\/tr>\n<tr>\n<td>14H2027<\/td>\n<td>0.5<\/td>\n<td>9.2<\/td>\n<td>7.4<\/td>\n<td>0.1<\/td>\n<td>12<\/td>\n<td>27<\/td>\n<td>150<\/td>\n<\/tr>\n<tr>\n<td>14H2037<\/td>\n<td>1.5<\/td>\n<td>1.65<\/td>\n<td>2.1<\/td>\n<td>0.2<\/td>\n<td>20<\/td>\n<td>37<\/td>\n<td>210<\/td>\n<\/tr>\n<tr>\n<td>14H2052<\/td>\n<td>1.5<\/td>\n<td>2.65<\/td>\n<td>4.1<\/td>\n<td>0.4<\/td>\n<td>35<\/td>\n<td>52<\/td>\n<td>250<\/td>\n<\/tr>\n<\/tbody>\n<\/table>\n<h2>Dimensions m\u00e9caniques : mm<\/h2>\n<p><img fetchpriority=\"high\" decoding=\"async\" class=\"size-full wp-image-799 aligncenter\" src=\"https:\/\/www.leili-motor.net\/wp-content\/uploads\/2025\/03\/Mechanical-Dimensions-of-35-Series-Hybrid-Stepping-Motor.webp\" alt=\"Dimensions m\u00e9caniques du moteur pas \u00e0 pas hybride s\u00e9rie 35\" width=\"759\" height=\"447\" srcset=\"https:\/\/www.leili-motor.net\/wp-content\/uploads\/2025\/03\/Mechanical-Dimensions-of-35-Series-Hybrid-Stepping-Motor.webp 759w, https:\/\/www.leili-motor.net\/wp-content\/uploads\/2025\/03\/Mechanical-Dimensions-of-35-Series-Hybrid-Stepping-Motor-300x177.webp 300w, https:\/\/www.leili-motor.net\/wp-content\/uploads\/2025\/03\/Mechanical-Dimensions-of-35-Series-Hybrid-Stepping-Motor-600x353.webp 600w\" sizes=\"(max-width: 759px) 100vw, 759px\" \/><\/p>\n","protected":false},"excerpt":{"rendered":"<h3>Pr\u00e9sentation du produit<\/h3>\n<ul>\n<li>Les moteurs de la s\u00e9rie 35 offrent un couple de 0,1 \u00e0 0,4 N\u00b7m, id\u00e9al pour les applications compactes.<\/li>\n<li>Une faible r\u00e9sistance et une faible inertie permettent un contr\u00f4le efficace et pr\u00e9cis du mouvement.<\/li>\n<\/ul>\n<h3>Application du produit<\/h3>\n<ul>\n<li>moniteur de vid\u00e9osurveillance<\/li>\n<li>Appareil m\u00e9dical<\/li>\n<li>\u00c9quipement financier OA<\/li>\n<li>\u00c9quipement industriel<\/li>\n<\/ul>\n","protected":false},"featured_media":11287,"comment_status":"open","ping_status":"closed","template":"","meta":{"site-sidebar-layout":"default","site-content-layout":"","ast-site-content-layout":"default","site-content-style":"default","site-sidebar-style":"default","ast-global-header-display":"","ast-banner-title-visibility":"","ast-main-header-display":"","ast-hfb-above-header-display":"","ast-hfb-below-header-display":"","ast-hfb-mobile-header-display":"","site-post-title":"","ast-breadcrumbs-content":"","ast-featured-img":"","footer-sml-layout":"","theme-transparent-header-meta":"default","adv-header-id-meta":"","stick-header-meta":"","header-above-stick-meta":"","header-main-stick-meta":"","header-below-stick-meta":"","astra-migrate-meta-layouts":"default","ast-page-background-enabled":"default","ast-page-background-meta":{"desktop":{"background-color":"var(--ast-global-color-5)","background-image":"","background-repeat":"repeat","background-position":"center center","background-size":"auto","background-attachment":"scroll","background-type":"","background-media":"","overlay-type":"","overlay-color":"","overlay-opacity":"","overlay-gradient":""},"tablet":{"background-color":"","background-image":"","background-repeat":"repeat","background-position":"center center","background-size":"auto","background-attachment":"scroll","background-type":"","background-media":"","overlay-type":"","overlay-color":"","overlay-opacity":"","overlay-gradient":""},"mobile":{"background-color":"","background-image":"","background-repeat":"repeat","background-position":"center center","background-size":"auto","background-attachment":"scroll","background-type":"","background-media":"","overlay-type":"","overlay-color":"","overlay-opacity":"","overlay-gradient":""}},"ast-content-background-meta":{"desktop":{"background-color":"var(--ast-global-color-4)","background-image":"","background-repeat":"repeat","background-position":"center center","background-size":"auto","background-attachment":"scroll","background-type":"","background-media":"","overlay-type":"","overlay-color":"","overlay-opacity":"","overlay-gradient":""},"tablet":{"background-color":"var(--ast-global-color-4)","background-image":"","background-repeat":"repeat","background-position":"center center","background-size":"auto","background-attachment":"scroll","background-type":"","background-media":"","overlay-type":"","overlay-color":"","overlay-opacity":"","overlay-gradient":""},"mobile":{"background-color":"var(--ast-global-color-4)","background-image":"","background-repeat":"repeat","background-position":"center center","background-size":"auto","background-attachment":"scroll","background-type":"","background-media":"","overlay-type":"","overlay-color":"","overlay-opacity":"","overlay-gradient":""}}},"product_brand":[],"product_cat":[1210,1246],"product_tag":[],"class_list":{"0":"post-11286","1":"product","2":"type-product","3":"status-publish","4":"has-post-thumbnail","6":"product_cat-moteur-pas-a-pas","7":"product_cat-moteur-pas-a-pas-hybride","8":"desktop-align-left","9":"tablet-align-left","10":"mobile-align-left","12":"first","13":"instock","14":"shipping-taxable","15":"product-type-simple"},"yoast_head":"<!-- This site is optimized with the Yoast SEO plugin v27.2 - https:\/\/yoast.com\/product\/yoast-seo-wordpress\/ -->\n<title>Moteur pas \u00e0 pas hybride s\u00e9rie 35 &#8211; Leili Motor<\/title>\n<meta name=\"description\" content=\"Les moteurs pas \u00e0 pas hybrides de la s\u00e9rie 35 offrent un couple de 0,1 \u00e0 0,4 N\u00b7m, une faible inductance et une conception compacte, garantissant un contr\u00f4le de mouvement efficace et pr\u00e9cis.\" \/>\n<meta name=\"robots\" content=\"index, follow, max-snippet:-1, max-image-preview:large, max-video-preview:-1\" \/>\n<link rel=\"canonical\" href=\"https:\/\/www.leili-motor.net\/fr\/moteur-pas-a-pas-hybride-serie-35.html\" \/>\n<script type=\"application\/ld+json\" class=\"yoast-schema-graph\">{\"@context\":\"https:\/\/schema.org\",\"@graph\":[{\"@type\":\"WebPage\",\"@id\":\"https:\/\/www.leili-motor.net\/fr\/moteur-pas-a-pas-hybride-serie-35.html\",\"url\":\"https:\/\/www.leili-motor.net\/fr\/moteur-pas-a-pas-hybride-serie-35.html\",\"name\":\"Moteur pas \u00e0 pas hybride s\u00e9rie 35 &#8211; Leili Motor\",\"isPartOf\":{\"@id\":\"https:\/\/www.leili-motor.net\/fr\/#website\"},\"primaryImageOfPage\":{\"@id\":\"https:\/\/www.leili-motor.net\/fr\/moteur-pas-a-pas-hybride-serie-35.html#primaryimage\"},\"image\":{\"@id\":\"https:\/\/www.leili-motor.net\/fr\/moteur-pas-a-pas-hybride-serie-35.html#primaryimage\"},\"thumbnailUrl\":\"https:\/\/www.leili-motor.net\/wp-content\/uploads\/2025\/03\/35-Series-Hybrid-Stepping-Motors.webp\",\"datePublished\":\"2025-03-06T03:12:52+00:00\",\"description\":\"Les moteurs pas \u00e0 pas hybrides de la s\u00e9rie 35 offrent un couple de 0,1 \u00e0 0,4 N\u00b7m, une faible inductance et une conception compacte, garantissant un contr\u00f4le de mouvement efficace et pr\u00e9cis.\",\"breadcrumb\":{\"@id\":\"https:\/\/www.leili-motor.net\/fr\/moteur-pas-a-pas-hybride-serie-35.html#breadcrumb\"},\"inLanguage\":\"fr-FR\",\"potentialAction\":[{\"@type\":\"ReadAction\",\"target\":[\"https:\/\/www.leili-motor.net\/fr\/moteur-pas-a-pas-hybride-serie-35.html\"]}]},{\"@type\":\"ImageObject\",\"inLanguage\":\"fr-FR\",\"@id\":\"https:\/\/www.leili-motor.net\/fr\/moteur-pas-a-pas-hybride-serie-35.html#primaryimage\",\"url\":\"https:\/\/www.leili-motor.net\/wp-content\/uploads\/2025\/03\/35-Series-Hybrid-Stepping-Motors.webp\",\"contentUrl\":\"https:\/\/www.leili-motor.net\/wp-content\/uploads\/2025\/03\/35-Series-Hybrid-Stepping-Motors.webp\",\"width\":454,\"height\":310,\"caption\":\"Moteurs pas \u00e0 pas hybrides s\u00e9rie 35\"},{\"@type\":\"BreadcrumbList\",\"@id\":\"https:\/\/www.leili-motor.net\/fr\/moteur-pas-a-pas-hybride-serie-35.html#breadcrumb\",\"itemListElement\":[{\"@type\":\"ListItem\",\"position\":1,\"name\":\"Home\",\"item\":\"https:\/\/www.leili-motor.net\/fr\/\"},{\"@type\":\"ListItem\",\"position\":2,\"name\":\"Produits\",\"item\":\"https:\/\/www.leili-motor.net\/fr\/produits\/\"},{\"@type\":\"ListItem\",\"position\":3,\"name\":\"Moteur pas \u00e0 pas hybride s\u00e9rie 35\"}]},{\"@type\":\"WebSite\",\"@id\":\"https:\/\/www.leili-motor.net\/fr\/#website\",\"url\":\"https:\/\/www.leili-motor.net\/fr\/\",\"name\":\"Leili Motor\",\"description\":\"\",\"publisher\":{\"@id\":\"https:\/\/www.leili-motor.net\/fr\/#organization\"},\"potentialAction\":[{\"@type\":\"SearchAction\",\"target\":{\"@type\":\"EntryPoint\",\"urlTemplate\":\"https:\/\/www.leili-motor.net\/fr\/?s={search_term_string}\"},\"query-input\":{\"@type\":\"PropertyValueSpecification\",\"valueRequired\":true,\"valueName\":\"search_term_string\"}}],\"inLanguage\":\"fr-FR\"},{\"@type\":\"Organization\",\"@id\":\"https:\/\/www.leili-motor.net\/fr\/#organization\",\"name\":\"Leili Motor\",\"url\":\"https:\/\/www.leili-motor.net\/fr\/\",\"logo\":{\"@type\":\"ImageObject\",\"inLanguage\":\"fr-FR\",\"@id\":\"https:\/\/www.leili-motor.net\/fr\/#\/schema\/logo\/image\/\",\"url\":\"https:\/\/www.leili-motor.net\/wp-content\/uploads\/2025\/03\/Leili-Motor.png\",\"contentUrl\":\"https:\/\/www.leili-motor.net\/wp-content\/uploads\/2025\/03\/Leili-Motor.png\",\"width\":600,\"height\":156,\"caption\":\"Leili Motor\"},\"image\":{\"@id\":\"https:\/\/www.leili-motor.net\/fr\/#\/schema\/logo\/image\/\"}}]}<\/script>\n<!-- \/ Yoast SEO plugin. -->","yoast_head_json":{"title":"Moteur pas \u00e0 pas hybride s\u00e9rie 35 &#8211; Leili Motor","description":"Les moteurs pas \u00e0 pas hybrides de la s\u00e9rie 35 offrent un couple de 0,1 \u00e0 0,4 N\u00b7m, une faible inductance et une conception compacte, garantissant un contr\u00f4le de mouvement efficace et pr\u00e9cis.","robots":{"index":"index","follow":"follow","max-snippet":"max-snippet:-1","max-image-preview":"max-image-preview:large","max-video-preview":"max-video-preview:-1"},"canonical":"https:\/\/www.leili-motor.net\/fr\/moteur-pas-a-pas-hybride-serie-35.html","schema":{"@context":"https:\/\/schema.org","@graph":[{"@type":"WebPage","@id":"https:\/\/www.leili-motor.net\/fr\/moteur-pas-a-pas-hybride-serie-35.html","url":"https:\/\/www.leili-motor.net\/fr\/moteur-pas-a-pas-hybride-serie-35.html","name":"Moteur pas \u00e0 pas hybride s\u00e9rie 35 &#8211; Leili Motor","isPartOf":{"@id":"https:\/\/www.leili-motor.net\/fr\/#website"},"primaryImageOfPage":{"@id":"https:\/\/www.leili-motor.net\/fr\/moteur-pas-a-pas-hybride-serie-35.html#primaryimage"},"image":{"@id":"https:\/\/www.leili-motor.net\/fr\/moteur-pas-a-pas-hybride-serie-35.html#primaryimage"},"thumbnailUrl":"https:\/\/www.leili-motor.net\/wp-content\/uploads\/2025\/03\/35-Series-Hybrid-Stepping-Motors.webp","datePublished":"2025-03-06T03:12:52+00:00","description":"Les moteurs pas \u00e0 pas hybrides de la s\u00e9rie 35 offrent un couple de 0,1 \u00e0 0,4 N\u00b7m, une faible inductance et une conception compacte, garantissant un contr\u00f4le de mouvement efficace et pr\u00e9cis.","breadcrumb":{"@id":"https:\/\/www.leili-motor.net\/fr\/moteur-pas-a-pas-hybride-serie-35.html#breadcrumb"},"inLanguage":"fr-FR","potentialAction":[{"@type":"ReadAction","target":["https:\/\/www.leili-motor.net\/fr\/moteur-pas-a-pas-hybride-serie-35.html"]}]},{"@type":"ImageObject","inLanguage":"fr-FR","@id":"https:\/\/www.leili-motor.net\/fr\/moteur-pas-a-pas-hybride-serie-35.html#primaryimage","url":"https:\/\/www.leili-motor.net\/wp-content\/uploads\/2025\/03\/35-Series-Hybrid-Stepping-Motors.webp","contentUrl":"https:\/\/www.leili-motor.net\/wp-content\/uploads\/2025\/03\/35-Series-Hybrid-Stepping-Motors.webp","width":454,"height":310,"caption":"Moteurs pas \u00e0 pas hybrides s\u00e9rie 35"},{"@type":"BreadcrumbList","@id":"https:\/\/www.leili-motor.net\/fr\/moteur-pas-a-pas-hybride-serie-35.html#breadcrumb","itemListElement":[{"@type":"ListItem","position":1,"name":"Home","item":"https:\/\/www.leili-motor.net\/fr\/"},{"@type":"ListItem","position":2,"name":"Produits","item":"https:\/\/www.leili-motor.net\/fr\/produits\/"},{"@type":"ListItem","position":3,"name":"Moteur pas \u00e0 pas hybride s\u00e9rie 35"}]},{"@type":"WebSite","@id":"https:\/\/www.leili-motor.net\/fr\/#website","url":"https:\/\/www.leili-motor.net\/fr\/","name":"Leili Motor","description":"","publisher":{"@id":"https:\/\/www.leili-motor.net\/fr\/#organization"},"potentialAction":[{"@type":"SearchAction","target":{"@type":"EntryPoint","urlTemplate":"https:\/\/www.leili-motor.net\/fr\/?s={search_term_string}"},"query-input":{"@type":"PropertyValueSpecification","valueRequired":true,"valueName":"search_term_string"}}],"inLanguage":"fr-FR"},{"@type":"Organization","@id":"https:\/\/www.leili-motor.net\/fr\/#organization","name":"Leili Motor","url":"https:\/\/www.leili-motor.net\/fr\/","logo":{"@type":"ImageObject","inLanguage":"fr-FR","@id":"https:\/\/www.leili-motor.net\/fr\/#\/schema\/logo\/image\/","url":"https:\/\/www.leili-motor.net\/wp-content\/uploads\/2025\/03\/Leili-Motor.png","contentUrl":"https:\/\/www.leili-motor.net\/wp-content\/uploads\/2025\/03\/Leili-Motor.png","width":600,"height":156,"caption":"Leili Motor"},"image":{"@id":"https:\/\/www.leili-motor.net\/fr\/#\/schema\/logo\/image\/"}}]}},"_links":{"self":[{"href":"https:\/\/www.leili-motor.net\/fr\/wp-json\/wp\/v2\/product\/11286","targetHints":{"allow":["GET"]}}],"collection":[{"href":"https:\/\/www.leili-motor.net\/fr\/wp-json\/wp\/v2\/product"}],"about":[{"href":"https:\/\/www.leili-motor.net\/fr\/wp-json\/wp\/v2\/types\/product"}],"replies":[{"embeddable":true,"href":"https:\/\/www.leili-motor.net\/fr\/wp-json\/wp\/v2\/comments?post=11286"}],"wp:featuredmedia":[{"embeddable":true,"href":"https:\/\/www.leili-motor.net\/fr\/wp-json\/wp\/v2\/media\/11287"}],"wp:attachment":[{"href":"https:\/\/www.leili-motor.net\/fr\/wp-json\/wp\/v2\/media?parent=11286"}],"wp:term":[{"taxonomy":"product_brand","embeddable":true,"href":"https:\/\/www.leili-motor.net\/fr\/wp-json\/wp\/v2\/product_brand?post=11286"},{"taxonomy":"product_cat","embeddable":true,"href":"https:\/\/www.leili-motor.net\/fr\/wp-json\/wp\/v2\/product_cat?post=11286"},{"taxonomy":"product_tag","embeddable":true,"href":"https:\/\/www.leili-motor.net\/fr\/wp-json\/wp\/v2\/product_tag?post=11286"}],"curies":[{"name":"wp","href":"https:\/\/api.w.org\/{rel}","templated":true}]}}