{"id":11289,"date":"2025-03-06T16:49:56","date_gmt":"2025-03-06T08:49:56","guid":{"rendered":"https:\/\/www.leili-motor.net\/distributeur-de-produit-de-lavage-double-distributeur-de-liquide\/"},"modified":"2025-03-06T16:49:56","modified_gmt":"2025-03-06T08:49:56","slug":"distributeur-de-produit-de-lavage-double-distributeur-de-liquide","status":"publish","type":"product","link":"https:\/\/www.leili-motor.net\/fr\/distributeur-de-produit-de-lavage-double-distributeur-de-liquide.html","title":{"rendered":"Distributeur de produit de lavage Double distributeur de liquide"},"content":{"rendered":"<h2>Param\u00e8tres du produit<\/h2>\n<table>\n<tbody>\n<tr>\n<td>Capacit\u00e9 nominale<br \/>\n(ml)<\/td>\n<td>Tension nominale<br \/>\n(V CC)<\/td>\n<td>Courant<br \/>\n(A)<\/td>\n<td>Niveau sonore dB<br \/>\n(A)<\/td>\n<td>D\u00e9bit nominal<br \/>\n(mL\/min)<\/td>\n<td>Degr\u00e9 d&rsquo;\u00e9tanch\u00e9it\u00e9<\/td>\n<td>Rappel de tol\u00e9rance<br \/>\n(ml)<\/td>\n<td>Cycle de vie<\/td>\n<td>Poids<br \/>\n(g)<\/td>\n<td>Dimensions m\u00e9caniques<br \/>\n(mm)<\/td>\n<\/tr>\n<tr>\n<td>300ml\/150<\/td>\n<td>12<\/td>\n<td>\u22640.35<\/td>\n<td>\u2264 45<\/td>\n<td>140\u00b110%<\/td>\n<td>IP68<\/td>\n<td>50\u58eb20%\/30\u00b120%<\/td>\n<td>\u2265 5000 cycles<\/td>\n<td>\u2265 5000 cycles<\/td>\n<td>165\u00d7118\u00d752<\/td>\n<\/tr>\n<\/tbody>\n<\/table>\n<h2>Dimensions m\u00e9caniques : mm<\/h2>\n<p><img fetchpriority=\"high\" decoding=\"async\" class=\"alignnone size-full wp-image-1099\" src=\"https:\/\/www.leili-motor.net\/wp-content\/uploads\/2025\/03\/Mechanical-Dimensions-for-Washing-Agent-Dispensing-Device-Double-Liquid-Dispenser.webp\" alt=\"Dimensions m\u00e9caniques du distributeur de produit de lavage \u00e0 double distributeur de liquide\" width=\"1226\" height=\"701\" srcset=\"https:\/\/www.leili-motor.net\/wp-content\/uploads\/2025\/03\/Mechanical-Dimensions-for-Washing-Agent-Dispensing-Device-Double-Liquid-Dispenser.webp 1226w, https:\/\/www.leili-motor.net\/wp-content\/uploads\/2025\/03\/Mechanical-Dimensions-for-Washing-Agent-Dispensing-Device-Double-Liquid-Dispenser-300x172.webp 300w, https:\/\/www.leili-motor.net\/wp-content\/uploads\/2025\/03\/Mechanical-Dimensions-for-Washing-Agent-Dispensing-Device-Double-Liquid-Dispenser-1024x586.webp 1024w, https:\/\/www.leili-motor.net\/wp-content\/uploads\/2025\/03\/Mechanical-Dimensions-for-Washing-Agent-Dispensing-Device-Double-Liquid-Dispenser-768x439.webp 768w, https:\/\/www.leili-motor.net\/wp-content\/uploads\/2025\/03\/Mechanical-Dimensions-for-Washing-Agent-Dispensing-Device-Double-Liquid-Dispenser-600x343.webp 600w\" sizes=\"(max-width: 1226px) 100vw, 1226px\" \/><\/p>\n<p>&nbsp;<\/p>\n","protected":false},"excerpt":{"rendered":"<h3>Pr\u00e9sentation du produit<\/h3>\n<ul>\n<li>Le liquide vaisselle et le d\u00e9tergent peuvent \u00eatre ajout\u00e9s en m\u00eame temps.<\/li>\n<li>Double capacit\u00e9 : offre des options de 300 ml et 150 ml, r\u00e9pondant \u00e0 diff\u00e9rentes exigences de nettoyage.<\/li>\n<li>Silencieux et efficace : un niveau de bruit \u2264 45 dB et un d\u00e9bit de 140 \u00b1 10 % mL\/min garantissent un fonctionnement fluide et discret.<\/li>\n<li>Conception durable : l&rsquo;\u00e9tanch\u00e9it\u00e9 IP68 et une dur\u00e9e de vie de 5 000 cycles offrent une fiabilit\u00e9 et des performances constantes.<\/li>\n<\/ul>\n<h3>Application du produit<\/h3>\n<p>Appareils \u00e9lectrom\u00e9nagers : lave-vaisselle<\/p>\n","protected":false},"featured_media":11290,"comment_status":"open","ping_status":"closed","template":"","meta":{"site-sidebar-layout":"default","site-content-layout":"","ast-site-content-layout":"default","site-content-style":"default","site-sidebar-style":"default","ast-global-header-display":"","ast-banner-title-visibility":"","ast-main-header-display":"","ast-hfb-above-header-display":"","ast-hfb-below-header-display":"","ast-hfb-mobile-header-display":"","site-post-title":"","ast-breadcrumbs-content":"","ast-featured-img":"","footer-sml-layout":"","theme-transparent-header-meta":"default","adv-header-id-meta":"","stick-header-meta":"","header-above-stick-meta":"","header-main-stick-meta":"","header-below-stick-meta":"","astra-migrate-meta-layouts":"default","ast-page-background-enabled":"default","ast-page-background-meta":{"desktop":{"background-color":"var(--ast-global-color-5)","background-image":"","background-repeat":"repeat","background-position":"center center","background-size":"auto","background-attachment":"scroll","background-type":"","background-media":"","overlay-type":"","overlay-color":"","overlay-opacity":"","overlay-gradient":""},"tablet":{"background-color":"","background-image":"","background-repeat":"repeat","background-position":"center center","background-size":"auto","background-attachment":"scroll","background-type":"","background-media":"","overlay-type":"","overlay-color":"","overlay-opacity":"","overlay-gradient":""},"mobile":{"background-color":"","background-image":"","background-repeat":"repeat","background-position":"center center","background-size":"auto","background-attachment":"scroll","background-type":"","background-media":"","overlay-type":"","overlay-color":"","overlay-opacity":"","overlay-gradient":""}},"ast-content-background-meta":{"desktop":{"background-color":"var(--ast-global-color-4)","background-image":"","background-repeat":"repeat","background-position":"center center","background-size":"auto","background-attachment":"scroll","background-type":"","background-media":"","overlay-type":"","overlay-color":"","overlay-opacity":"","overlay-gradient":""},"tablet":{"background-color":"var(--ast-global-color-4)","background-image":"","background-repeat":"repeat","background-position":"center center","background-size":"auto","background-attachment":"scroll","background-type":"","background-media":"","overlay-type":"","overlay-color":"","overlay-opacity":"","overlay-gradient":""},"mobile":{"background-color":"var(--ast-global-color-4)","background-image":"","background-repeat":"repeat","background-position":"center center","background-size":"auto","background-attachment":"scroll","background-type":"","background-media":"","overlay-type":"","overlay-color":"","overlay-opacity":"","overlay-gradient":""}}},"product_brand":[],"product_cat":[1150,1195],"product_tag":[1269],"class_list":{"0":"post-11289","1":"product","2":"type-product","3":"status-publish","4":"has-post-thumbnail","6":"product_cat-composants","7":"product_cat-composants-dappareils-electromenagers","8":"product_tag-lave-vaisselle-systeme-de-distribution-intelligent","9":"pa_application-appareil-electromenager","10":"desktop-align-left","11":"tablet-align-left","12":"mobile-align-left","14":"first","15":"instock","16":"shipping-taxable","17":"product-type-simple"},"yoast_head":"<!-- This site is optimized with the Yoast SEO plugin v27.2 - https:\/\/yoast.com\/product\/yoast-seo-wordpress\/ -->\n<title>Distributeur de produit de lavage Double distributeur de liquide &#8211; Leili Motor<\/title>\n<meta name=\"description\" content=\"Notre distributeur d&#039;agent de lavage double liquide pr\u00e9sente une double capacit\u00e9, un fonctionnement silencieux, un d\u00e9bit efficace, une construction durable et une fiabilit\u00e9 \u00e0 long terme.\" \/>\n<meta name=\"robots\" content=\"index, follow, max-snippet:-1, max-image-preview:large, max-video-preview:-1\" \/>\n<link rel=\"canonical\" href=\"https:\/\/www.leili-motor.net\/fr\/distributeur-de-produit-de-lavage-double-distributeur-de-liquide.html\" \/>\n<script type=\"application\/ld+json\" class=\"yoast-schema-graph\">{\"@context\":\"https:\/\/schema.org\",\"@graph\":[{\"@type\":\"WebPage\",\"@id\":\"https:\/\/www.leili-motor.net\/fr\/distributeur-de-produit-de-lavage-double-distributeur-de-liquide.html\",\"url\":\"https:\/\/www.leili-motor.net\/fr\/distributeur-de-produit-de-lavage-double-distributeur-de-liquide.html\",\"name\":\"Distributeur de produit de lavage Double distributeur de liquide &#8211; Leili Motor\",\"isPartOf\":{\"@id\":\"https:\/\/www.leili-motor.net\/fr\/#website\"},\"primaryImageOfPage\":{\"@id\":\"https:\/\/www.leili-motor.net\/fr\/distributeur-de-produit-de-lavage-double-distributeur-de-liquide.html#primaryimage\"},\"image\":{\"@id\":\"https:\/\/www.leili-motor.net\/fr\/distributeur-de-produit-de-lavage-double-distributeur-de-liquide.html#primaryimage\"},\"thumbnailUrl\":\"https:\/\/www.leili-motor.net\/wp-content\/uploads\/2025\/03\/Washing-agent-dispensing-device-Double-liquid-dispenser.webp\",\"datePublished\":\"2025-03-06T08:49:56+00:00\",\"description\":\"Notre distributeur d'agent de lavage double liquide pr\u00e9sente une double capacit\u00e9, un fonctionnement silencieux, un d\u00e9bit efficace, une construction durable et une fiabilit\u00e9 \u00e0 long terme.\",\"breadcrumb\":{\"@id\":\"https:\/\/www.leili-motor.net\/fr\/distributeur-de-produit-de-lavage-double-distributeur-de-liquide.html#breadcrumb\"},\"inLanguage\":\"fr-FR\",\"potentialAction\":[{\"@type\":\"ReadAction\",\"target\":[\"https:\/\/www.leili-motor.net\/fr\/distributeur-de-produit-de-lavage-double-distributeur-de-liquide.html\"]}]},{\"@type\":\"ImageObject\",\"inLanguage\":\"fr-FR\",\"@id\":\"https:\/\/www.leili-motor.net\/fr\/distributeur-de-produit-de-lavage-double-distributeur-de-liquide.html#primaryimage\",\"url\":\"https:\/\/www.leili-motor.net\/wp-content\/uploads\/2025\/03\/Washing-agent-dispensing-device-Double-liquid-dispenser.webp\",\"contentUrl\":\"https:\/\/www.leili-motor.net\/wp-content\/uploads\/2025\/03\/Washing-agent-dispensing-device-Double-liquid-dispenser.webp\",\"width\":454,\"height\":310,\"caption\":\"Dispositif de distribution de produit de lavage Double distributeur de liquide\"},{\"@type\":\"BreadcrumbList\",\"@id\":\"https:\/\/www.leili-motor.net\/fr\/distributeur-de-produit-de-lavage-double-distributeur-de-liquide.html#breadcrumb\",\"itemListElement\":[{\"@type\":\"ListItem\",\"position\":1,\"name\":\"Home\",\"item\":\"https:\/\/www.leili-motor.net\/fr\/\"},{\"@type\":\"ListItem\",\"position\":2,\"name\":\"Produits\",\"item\":\"https:\/\/www.leili-motor.net\/fr\/produits\/\"},{\"@type\":\"ListItem\",\"position\":3,\"name\":\"Distributeur de produit de lavage Double distributeur de liquide\"}]},{\"@type\":\"WebSite\",\"@id\":\"https:\/\/www.leili-motor.net\/fr\/#website\",\"url\":\"https:\/\/www.leili-motor.net\/fr\/\",\"name\":\"Leili Motor\",\"description\":\"\",\"publisher\":{\"@id\":\"https:\/\/www.leili-motor.net\/fr\/#organization\"},\"potentialAction\":[{\"@type\":\"SearchAction\",\"target\":{\"@type\":\"EntryPoint\",\"urlTemplate\":\"https:\/\/www.leili-motor.net\/fr\/?s={search_term_string}\"},\"query-input\":{\"@type\":\"PropertyValueSpecification\",\"valueRequired\":true,\"valueName\":\"search_term_string\"}}],\"inLanguage\":\"fr-FR\"},{\"@type\":\"Organization\",\"@id\":\"https:\/\/www.leili-motor.net\/fr\/#organization\",\"name\":\"Leili Motor\",\"url\":\"https:\/\/www.leili-motor.net\/fr\/\",\"logo\":{\"@type\":\"ImageObject\",\"inLanguage\":\"fr-FR\",\"@id\":\"https:\/\/www.leili-motor.net\/fr\/#\/schema\/logo\/image\/\",\"url\":\"https:\/\/www.leili-motor.net\/wp-content\/uploads\/2025\/03\/Leili-Motor.png\",\"contentUrl\":\"https:\/\/www.leili-motor.net\/wp-content\/uploads\/2025\/03\/Leili-Motor.png\",\"width\":600,\"height\":156,\"caption\":\"Leili Motor\"},\"image\":{\"@id\":\"https:\/\/www.leili-motor.net\/fr\/#\/schema\/logo\/image\/\"}}]}<\/script>\n<!-- \/ Yoast SEO plugin. -->","yoast_head_json":{"title":"Distributeur de produit de lavage Double distributeur de liquide &#8211; Leili Motor","description":"Notre distributeur d'agent de lavage double liquide pr\u00e9sente une double capacit\u00e9, un fonctionnement silencieux, un d\u00e9bit efficace, une construction durable et une fiabilit\u00e9 \u00e0 long terme.","robots":{"index":"index","follow":"follow","max-snippet":"max-snippet:-1","max-image-preview":"max-image-preview:large","max-video-preview":"max-video-preview:-1"},"canonical":"https:\/\/www.leili-motor.net\/fr\/distributeur-de-produit-de-lavage-double-distributeur-de-liquide.html","schema":{"@context":"https:\/\/schema.org","@graph":[{"@type":"WebPage","@id":"https:\/\/www.leili-motor.net\/fr\/distributeur-de-produit-de-lavage-double-distributeur-de-liquide.html","url":"https:\/\/www.leili-motor.net\/fr\/distributeur-de-produit-de-lavage-double-distributeur-de-liquide.html","name":"Distributeur de produit de lavage Double distributeur de liquide &#8211; Leili Motor","isPartOf":{"@id":"https:\/\/www.leili-motor.net\/fr\/#website"},"primaryImageOfPage":{"@id":"https:\/\/www.leili-motor.net\/fr\/distributeur-de-produit-de-lavage-double-distributeur-de-liquide.html#primaryimage"},"image":{"@id":"https:\/\/www.leili-motor.net\/fr\/distributeur-de-produit-de-lavage-double-distributeur-de-liquide.html#primaryimage"},"thumbnailUrl":"https:\/\/www.leili-motor.net\/wp-content\/uploads\/2025\/03\/Washing-agent-dispensing-device-Double-liquid-dispenser.webp","datePublished":"2025-03-06T08:49:56+00:00","description":"Notre distributeur d'agent de lavage double liquide pr\u00e9sente une double capacit\u00e9, un fonctionnement silencieux, un d\u00e9bit efficace, une construction durable et une fiabilit\u00e9 \u00e0 long terme.","breadcrumb":{"@id":"https:\/\/www.leili-motor.net\/fr\/distributeur-de-produit-de-lavage-double-distributeur-de-liquide.html#breadcrumb"},"inLanguage":"fr-FR","potentialAction":[{"@type":"ReadAction","target":["https:\/\/www.leili-motor.net\/fr\/distributeur-de-produit-de-lavage-double-distributeur-de-liquide.html"]}]},{"@type":"ImageObject","inLanguage":"fr-FR","@id":"https:\/\/www.leili-motor.net\/fr\/distributeur-de-produit-de-lavage-double-distributeur-de-liquide.html#primaryimage","url":"https:\/\/www.leili-motor.net\/wp-content\/uploads\/2025\/03\/Washing-agent-dispensing-device-Double-liquid-dispenser.webp","contentUrl":"https:\/\/www.leili-motor.net\/wp-content\/uploads\/2025\/03\/Washing-agent-dispensing-device-Double-liquid-dispenser.webp","width":454,"height":310,"caption":"Dispositif de distribution de produit de lavage Double distributeur de liquide"},{"@type":"BreadcrumbList","@id":"https:\/\/www.leili-motor.net\/fr\/distributeur-de-produit-de-lavage-double-distributeur-de-liquide.html#breadcrumb","itemListElement":[{"@type":"ListItem","position":1,"name":"Home","item":"https:\/\/www.leili-motor.net\/fr\/"},{"@type":"ListItem","position":2,"name":"Produits","item":"https:\/\/www.leili-motor.net\/fr\/produits\/"},{"@type":"ListItem","position":3,"name":"Distributeur de produit de lavage Double distributeur de liquide"}]},{"@type":"WebSite","@id":"https:\/\/www.leili-motor.net\/fr\/#website","url":"https:\/\/www.leili-motor.net\/fr\/","name":"Leili Motor","description":"","publisher":{"@id":"https:\/\/www.leili-motor.net\/fr\/#organization"},"potentialAction":[{"@type":"SearchAction","target":{"@type":"EntryPoint","urlTemplate":"https:\/\/www.leili-motor.net\/fr\/?s={search_term_string}"},"query-input":{"@type":"PropertyValueSpecification","valueRequired":true,"valueName":"search_term_string"}}],"inLanguage":"fr-FR"},{"@type":"Organization","@id":"https:\/\/www.leili-motor.net\/fr\/#organization","name":"Leili Motor","url":"https:\/\/www.leili-motor.net\/fr\/","logo":{"@type":"ImageObject","inLanguage":"fr-FR","@id":"https:\/\/www.leili-motor.net\/fr\/#\/schema\/logo\/image\/","url":"https:\/\/www.leili-motor.net\/wp-content\/uploads\/2025\/03\/Leili-Motor.png","contentUrl":"https:\/\/www.leili-motor.net\/wp-content\/uploads\/2025\/03\/Leili-Motor.png","width":600,"height":156,"caption":"Leili Motor"},"image":{"@id":"https:\/\/www.leili-motor.net\/fr\/#\/schema\/logo\/image\/"}}]}},"_links":{"self":[{"href":"https:\/\/www.leili-motor.net\/fr\/wp-json\/wp\/v2\/product\/11289","targetHints":{"allow":["GET"]}}],"collection":[{"href":"https:\/\/www.leili-motor.net\/fr\/wp-json\/wp\/v2\/product"}],"about":[{"href":"https:\/\/www.leili-motor.net\/fr\/wp-json\/wp\/v2\/types\/product"}],"replies":[{"embeddable":true,"href":"https:\/\/www.leili-motor.net\/fr\/wp-json\/wp\/v2\/comments?post=11289"}],"wp:featuredmedia":[{"embeddable":true,"href":"https:\/\/www.leili-motor.net\/fr\/wp-json\/wp\/v2\/media\/11290"}],"wp:attachment":[{"href":"https:\/\/www.leili-motor.net\/fr\/wp-json\/wp\/v2\/media?parent=11289"}],"wp:term":[{"taxonomy":"product_brand","embeddable":true,"href":"https:\/\/www.leili-motor.net\/fr\/wp-json\/wp\/v2\/product_brand?post=11289"},{"taxonomy":"product_cat","embeddable":true,"href":"https:\/\/www.leili-motor.net\/fr\/wp-json\/wp\/v2\/product_cat?post=11289"},{"taxonomy":"product_tag","embeddable":true,"href":"https:\/\/www.leili-motor.net\/fr\/wp-json\/wp\/v2\/product_tag?post=11289"}],"curies":[{"name":"wp","href":"https:\/\/api.w.org\/{rel}","templated":true}]}}