{"id":11298,"date":"2025-03-07T16:02:13","date_gmt":"2025-03-07T08:02:13","guid":{"rendered":"https:\/\/www.leili-motor.net\/mecanisme-a-clapet-42by412m\/"},"modified":"2025-03-07T16:02:13","modified_gmt":"2025-03-07T08:02:13","slug":"mecanisme-a-clapet-42by412m","status":"publish","type":"product","link":"https:\/\/www.leili-motor.net\/fr\/mecanisme-a-clapet-42by412m.html","title":{"rendered":"M\u00e9canisme \u00e0 clapet 42BY412M"},"content":{"rendered":"<h2>Param\u00e8tres du produit<\/h2>\n<table>\n<tbody>\n<tr>\n<td>Mod\u00e8le<\/td>\n<td>Angle de pas<\/td>\n<td>M\u00e9thode d&rsquo;entra\u00eenement<\/td>\n<td>Circuit d&rsquo;entra\u00eenement<\/td>\n<td>Tension d&rsquo;entra\u00eenement<\/td>\n<td>Actuel<\/td>\n<td>R\u00e9sistance de la bobine<\/td>\n<td>R\u00e9sistance d&rsquo;isolement<\/td>\n<td>R\u00e9sistance \u00e0 l&rsquo;isolation et \u00e0 la tension<\/td>\n<td>Niveau d&rsquo;ensoleillement<\/td>\n<\/tr>\n<tr>\n<td>42BY412M<\/td>\n<td>7,5\u00b0\/pas<\/td>\n<td>2-2PHASE<\/td>\n<td>BIPOLAIRE<\/td>\n<td>24[\u03a9]<\/td>\n<td><\/td>\n<td>6[\u03a9]<\/td>\n<td>100 M[\u03a9] MIN<\/td>\n<td>CA 500 [V] 1 [min]<\/td>\n<td>CLASSE E<\/td>\n<\/tr>\n<\/tbody>\n<\/table>\n<h2>Dimensions m\u00e9caniques : mm<\/h2>\n<p><img fetchpriority=\"high\" decoding=\"async\" class=\"size-full wp-image-1278 aligncenter\" src=\"https:\/\/www.leili-motor.net\/wp-content\/uploads\/2025\/03\/Mechanical-Dimensions-for-42BY412M-Clamshell-Mechanism.webp\" alt=\"Dimensions m\u00e9caniques du m\u00e9canisme \u00e0 clapet 42BY412M\" width=\"900\" height=\"525\" srcset=\"https:\/\/www.leili-motor.net\/wp-content\/uploads\/2025\/03\/Mechanical-Dimensions-for-42BY412M-Clamshell-Mechanism.webp 900w, https:\/\/www.leili-motor.net\/wp-content\/uploads\/2025\/03\/Mechanical-Dimensions-for-42BY412M-Clamshell-Mechanism-300x175.webp 300w, https:\/\/www.leili-motor.net\/wp-content\/uploads\/2025\/03\/Mechanical-Dimensions-for-42BY412M-Clamshell-Mechanism-768x448.webp 768w, https:\/\/www.leili-motor.net\/wp-content\/uploads\/2025\/03\/Mechanical-Dimensions-for-42BY412M-Clamshell-Mechanism-600x350.webp 600w\" sizes=\"(max-width: 900px) 100vw, 900px\" \/><\/p>\n<h2> Courbes de performance<\/h2>\n<p><img decoding=\"async\" class=\"size-full wp-image-1298 aligncenter\" src=\"https:\/\/www.leili-motor.net\/wp-content\/uploads\/2025\/03\/Performance-Curves-For-42BY412M-Clamshell-Mechanism.webp\" alt=\"Courbes de performance du m\u00e9canisme \u00e0 clapet 42BY412M\" width=\"900\" height=\"457\" srcset=\"https:\/\/www.leili-motor.net\/wp-content\/uploads\/2025\/03\/Performance-Curves-For-42BY412M-Clamshell-Mechanism.webp 900w, https:\/\/www.leili-motor.net\/wp-content\/uploads\/2025\/03\/Performance-Curves-For-42BY412M-Clamshell-Mechanism-300x152.webp 300w, https:\/\/www.leili-motor.net\/wp-content\/uploads\/2025\/03\/Performance-Curves-For-42BY412M-Clamshell-Mechanism-768x390.webp 768w, https:\/\/www.leili-motor.net\/wp-content\/uploads\/2025\/03\/Performance-Curves-For-42BY412M-Clamshell-Mechanism-600x305.webp 600w\" sizes=\"(max-width: 900px) 100vw, 900px\" \/><\/p>\n<p>&nbsp;<\/p>\n","protected":false},"excerpt":{"rendered":"<h3>Pr\u00e9sentation du produit<\/h3>\n<ul>\n<li>Le m\u00e9canisme \u00e0 clapet est principalement utilis\u00e9 pour les couvercles de toilettes intelligents \u00e0 clapet<\/li>\n<li>Angle de pas pr\u00e9cis : 7,5\u00b0 par pas, offrant un contr\u00f4le pr\u00e9cis des mouvements pour des performances am\u00e9lior\u00e9es.<\/li>\n<li>Syst\u00e8me d&rsquo;entra\u00eenement fiable : l&rsquo;entra\u00eenement bipolaire 2-2 phases assure un fonctionnement stable et coh\u00e9rent.<\/li>\n<li>Isolation \u00e9lev\u00e9e : le niveau d&rsquo;isolation de classe E avec une r\u00e9sistance AC 500 V garantit la s\u00e9curit\u00e9 et une durabilit\u00e9 \u00e0 long terme.<\/li>\n<\/ul>\n<h3>Application du produit<\/h3>\n<p>\u00c9lectrom\u00e9nager : Sanitaires intelligents<\/p>\n","protected":false},"featured_media":11299,"comment_status":"open","ping_status":"closed","template":"","meta":{"site-sidebar-layout":"default","site-content-layout":"","ast-site-content-layout":"default","site-content-style":"default","site-sidebar-style":"default","ast-global-header-display":"","ast-banner-title-visibility":"","ast-main-header-display":"","ast-hfb-above-header-display":"","ast-hfb-below-header-display":"","ast-hfb-mobile-header-display":"","site-post-title":"","ast-breadcrumbs-content":"","ast-featured-img":"","footer-sml-layout":"","theme-transparent-header-meta":"default","adv-header-id-meta":"","stick-header-meta":"","header-above-stick-meta":"","header-main-stick-meta":"","header-below-stick-meta":"","astra-migrate-meta-layouts":"default","ast-page-background-enabled":"default","ast-page-background-meta":{"desktop":{"background-color":"var(--ast-global-color-5)","background-image":"","background-repeat":"repeat","background-position":"center center","background-size":"auto","background-attachment":"scroll","background-type":"","background-media":"","overlay-type":"","overlay-color":"","overlay-opacity":"","overlay-gradient":""},"tablet":{"background-color":"","background-image":"","background-repeat":"repeat","background-position":"center center","background-size":"auto","background-attachment":"scroll","background-type":"","background-media":"","overlay-type":"","overlay-color":"","overlay-opacity":"","overlay-gradient":""},"mobile":{"background-color":"","background-image":"","background-repeat":"repeat","background-position":"center center","background-size":"auto","background-attachment":"scroll","background-type":"","background-media":"","overlay-type":"","overlay-color":"","overlay-opacity":"","overlay-gradient":""}},"ast-content-background-meta":{"desktop":{"background-color":"var(--ast-global-color-4)","background-image":"","background-repeat":"repeat","background-position":"center center","background-size":"auto","background-attachment":"scroll","background-type":"","background-media":"","overlay-type":"","overlay-color":"","overlay-opacity":"","overlay-gradient":""},"tablet":{"background-color":"var(--ast-global-color-4)","background-image":"","background-repeat":"repeat","background-position":"center center","background-size":"auto","background-attachment":"scroll","background-type":"","background-media":"","overlay-type":"","overlay-color":"","overlay-opacity":"","overlay-gradient":""},"mobile":{"background-color":"var(--ast-global-color-4)","background-image":"","background-repeat":"repeat","background-position":"center center","background-size":"auto","background-attachment":"scroll","background-type":"","background-media":"","overlay-type":"","overlay-color":"","overlay-opacity":"","overlay-gradient":""}}},"product_brand":[],"product_cat":[1150,1195],"product_tag":[1270],"class_list":{"0":"post-11298","1":"product","2":"type-product","3":"status-publish","4":"has-post-thumbnail","6":"product_cat-composants","7":"product_cat-composants-dappareils-electromenagers","8":"product_tag-sanitaires-intelligents-systeme-a-clapet","9":"pa_application-appareil-electromenager","10":"desktop-align-left","11":"tablet-align-left","12":"mobile-align-left","14":"first","15":"instock","16":"shipping-taxable","17":"product-type-simple"},"yoast_head":"<!-- This site is optimized with the Yoast SEO plugin v27.2 - https:\/\/yoast.com\/product\/yoast-seo-wordpress\/ -->\n<title>M\u00e9canisme \u00e0 clapet 42BY412M &#8211; Leili Motor<\/title>\n<meta name=\"description\" content=\"Notre m\u00e9canisme \u00e0 clapet 42BY412M, con\u00e7u pour les couvercles de toilettes intelligents, offre un mouvement pr\u00e9cis, un entra\u00eenement bipolaire fiable et une isolation durable de classe E.\" \/>\n<meta name=\"robots\" content=\"index, follow, max-snippet:-1, max-image-preview:large, max-video-preview:-1\" \/>\n<link rel=\"canonical\" href=\"https:\/\/www.leili-motor.net\/fr\/mecanisme-a-clapet-42by412m.html\" \/>\n<script type=\"application\/ld+json\" class=\"yoast-schema-graph\">{\"@context\":\"https:\/\/schema.org\",\"@graph\":[{\"@type\":\"WebPage\",\"@id\":\"https:\/\/www.leili-motor.net\/fr\/mecanisme-a-clapet-42by412m.html\",\"url\":\"https:\/\/www.leili-motor.net\/fr\/mecanisme-a-clapet-42by412m.html\",\"name\":\"M\u00e9canisme \u00e0 clapet 42BY412M &#8211; Leili Motor\",\"isPartOf\":{\"@id\":\"https:\/\/www.leili-motor.net\/fr\/#website\"},\"primaryImageOfPage\":{\"@id\":\"https:\/\/www.leili-motor.net\/fr\/mecanisme-a-clapet-42by412m.html#primaryimage\"},\"image\":{\"@id\":\"https:\/\/www.leili-motor.net\/fr\/mecanisme-a-clapet-42by412m.html#primaryimage\"},\"thumbnailUrl\":\"https:\/\/www.leili-motor.net\/wp-content\/uploads\/2025\/03\/42BY412M-Clamshell-Mechanism.webp\",\"datePublished\":\"2025-03-07T08:02:13+00:00\",\"description\":\"Notre m\u00e9canisme \u00e0 clapet 42BY412M, con\u00e7u pour les couvercles de toilettes intelligents, offre un mouvement pr\u00e9cis, un entra\u00eenement bipolaire fiable et une isolation durable de classe E.\",\"breadcrumb\":{\"@id\":\"https:\/\/www.leili-motor.net\/fr\/mecanisme-a-clapet-42by412m.html#breadcrumb\"},\"inLanguage\":\"fr-FR\",\"potentialAction\":[{\"@type\":\"ReadAction\",\"target\":[\"https:\/\/www.leili-motor.net\/fr\/mecanisme-a-clapet-42by412m.html\"]}]},{\"@type\":\"ImageObject\",\"inLanguage\":\"fr-FR\",\"@id\":\"https:\/\/www.leili-motor.net\/fr\/mecanisme-a-clapet-42by412m.html#primaryimage\",\"url\":\"https:\/\/www.leili-motor.net\/wp-content\/uploads\/2025\/03\/42BY412M-Clamshell-Mechanism.webp\",\"contentUrl\":\"https:\/\/www.leili-motor.net\/wp-content\/uploads\/2025\/03\/42BY412M-Clamshell-Mechanism.webp\",\"width\":454,\"height\":310,\"caption\":\"M\u00e9canisme \u00e0 clapet 42BY412M\"},{\"@type\":\"BreadcrumbList\",\"@id\":\"https:\/\/www.leili-motor.net\/fr\/mecanisme-a-clapet-42by412m.html#breadcrumb\",\"itemListElement\":[{\"@type\":\"ListItem\",\"position\":1,\"name\":\"Home\",\"item\":\"https:\/\/www.leili-motor.net\/fr\/\"},{\"@type\":\"ListItem\",\"position\":2,\"name\":\"Produits\",\"item\":\"https:\/\/www.leili-motor.net\/fr\/produits\/\"},{\"@type\":\"ListItem\",\"position\":3,\"name\":\"M\u00e9canisme \u00e0 clapet 42BY412M\"}]},{\"@type\":\"WebSite\",\"@id\":\"https:\/\/www.leili-motor.net\/fr\/#website\",\"url\":\"https:\/\/www.leili-motor.net\/fr\/\",\"name\":\"Leili Motor\",\"description\":\"\",\"publisher\":{\"@id\":\"https:\/\/www.leili-motor.net\/fr\/#organization\"},\"potentialAction\":[{\"@type\":\"SearchAction\",\"target\":{\"@type\":\"EntryPoint\",\"urlTemplate\":\"https:\/\/www.leili-motor.net\/fr\/?s={search_term_string}\"},\"query-input\":{\"@type\":\"PropertyValueSpecification\",\"valueRequired\":true,\"valueName\":\"search_term_string\"}}],\"inLanguage\":\"fr-FR\"},{\"@type\":\"Organization\",\"@id\":\"https:\/\/www.leili-motor.net\/fr\/#organization\",\"name\":\"Leili Motor\",\"url\":\"https:\/\/www.leili-motor.net\/fr\/\",\"logo\":{\"@type\":\"ImageObject\",\"inLanguage\":\"fr-FR\",\"@id\":\"https:\/\/www.leili-motor.net\/fr\/#\/schema\/logo\/image\/\",\"url\":\"https:\/\/www.leili-motor.net\/wp-content\/uploads\/2025\/03\/Leili-Motor.png\",\"contentUrl\":\"https:\/\/www.leili-motor.net\/wp-content\/uploads\/2025\/03\/Leili-Motor.png\",\"width\":600,\"height\":156,\"caption\":\"Leili Motor\"},\"image\":{\"@id\":\"https:\/\/www.leili-motor.net\/fr\/#\/schema\/logo\/image\/\"}}]}<\/script>\n<!-- \/ Yoast SEO plugin. -->","yoast_head_json":{"title":"M\u00e9canisme \u00e0 clapet 42BY412M &#8211; Leili Motor","description":"Notre m\u00e9canisme \u00e0 clapet 42BY412M, con\u00e7u pour les couvercles de toilettes intelligents, offre un mouvement pr\u00e9cis, un entra\u00eenement bipolaire fiable et une isolation durable de classe E.","robots":{"index":"index","follow":"follow","max-snippet":"max-snippet:-1","max-image-preview":"max-image-preview:large","max-video-preview":"max-video-preview:-1"},"canonical":"https:\/\/www.leili-motor.net\/fr\/mecanisme-a-clapet-42by412m.html","schema":{"@context":"https:\/\/schema.org","@graph":[{"@type":"WebPage","@id":"https:\/\/www.leili-motor.net\/fr\/mecanisme-a-clapet-42by412m.html","url":"https:\/\/www.leili-motor.net\/fr\/mecanisme-a-clapet-42by412m.html","name":"M\u00e9canisme \u00e0 clapet 42BY412M &#8211; Leili Motor","isPartOf":{"@id":"https:\/\/www.leili-motor.net\/fr\/#website"},"primaryImageOfPage":{"@id":"https:\/\/www.leili-motor.net\/fr\/mecanisme-a-clapet-42by412m.html#primaryimage"},"image":{"@id":"https:\/\/www.leili-motor.net\/fr\/mecanisme-a-clapet-42by412m.html#primaryimage"},"thumbnailUrl":"https:\/\/www.leili-motor.net\/wp-content\/uploads\/2025\/03\/42BY412M-Clamshell-Mechanism.webp","datePublished":"2025-03-07T08:02:13+00:00","description":"Notre m\u00e9canisme \u00e0 clapet 42BY412M, con\u00e7u pour les couvercles de toilettes intelligents, offre un mouvement pr\u00e9cis, un entra\u00eenement bipolaire fiable et une isolation durable de classe E.","breadcrumb":{"@id":"https:\/\/www.leili-motor.net\/fr\/mecanisme-a-clapet-42by412m.html#breadcrumb"},"inLanguage":"fr-FR","potentialAction":[{"@type":"ReadAction","target":["https:\/\/www.leili-motor.net\/fr\/mecanisme-a-clapet-42by412m.html"]}]},{"@type":"ImageObject","inLanguage":"fr-FR","@id":"https:\/\/www.leili-motor.net\/fr\/mecanisme-a-clapet-42by412m.html#primaryimage","url":"https:\/\/www.leili-motor.net\/wp-content\/uploads\/2025\/03\/42BY412M-Clamshell-Mechanism.webp","contentUrl":"https:\/\/www.leili-motor.net\/wp-content\/uploads\/2025\/03\/42BY412M-Clamshell-Mechanism.webp","width":454,"height":310,"caption":"M\u00e9canisme \u00e0 clapet 42BY412M"},{"@type":"BreadcrumbList","@id":"https:\/\/www.leili-motor.net\/fr\/mecanisme-a-clapet-42by412m.html#breadcrumb","itemListElement":[{"@type":"ListItem","position":1,"name":"Home","item":"https:\/\/www.leili-motor.net\/fr\/"},{"@type":"ListItem","position":2,"name":"Produits","item":"https:\/\/www.leili-motor.net\/fr\/produits\/"},{"@type":"ListItem","position":3,"name":"M\u00e9canisme \u00e0 clapet 42BY412M"}]},{"@type":"WebSite","@id":"https:\/\/www.leili-motor.net\/fr\/#website","url":"https:\/\/www.leili-motor.net\/fr\/","name":"Leili Motor","description":"","publisher":{"@id":"https:\/\/www.leili-motor.net\/fr\/#organization"},"potentialAction":[{"@type":"SearchAction","target":{"@type":"EntryPoint","urlTemplate":"https:\/\/www.leili-motor.net\/fr\/?s={search_term_string}"},"query-input":{"@type":"PropertyValueSpecification","valueRequired":true,"valueName":"search_term_string"}}],"inLanguage":"fr-FR"},{"@type":"Organization","@id":"https:\/\/www.leili-motor.net\/fr\/#organization","name":"Leili Motor","url":"https:\/\/www.leili-motor.net\/fr\/","logo":{"@type":"ImageObject","inLanguage":"fr-FR","@id":"https:\/\/www.leili-motor.net\/fr\/#\/schema\/logo\/image\/","url":"https:\/\/www.leili-motor.net\/wp-content\/uploads\/2025\/03\/Leili-Motor.png","contentUrl":"https:\/\/www.leili-motor.net\/wp-content\/uploads\/2025\/03\/Leili-Motor.png","width":600,"height":156,"caption":"Leili Motor"},"image":{"@id":"https:\/\/www.leili-motor.net\/fr\/#\/schema\/logo\/image\/"}}]}},"_links":{"self":[{"href":"https:\/\/www.leili-motor.net\/fr\/wp-json\/wp\/v2\/product\/11298","targetHints":{"allow":["GET"]}}],"collection":[{"href":"https:\/\/www.leili-motor.net\/fr\/wp-json\/wp\/v2\/product"}],"about":[{"href":"https:\/\/www.leili-motor.net\/fr\/wp-json\/wp\/v2\/types\/product"}],"replies":[{"embeddable":true,"href":"https:\/\/www.leili-motor.net\/fr\/wp-json\/wp\/v2\/comments?post=11298"}],"wp:featuredmedia":[{"embeddable":true,"href":"https:\/\/www.leili-motor.net\/fr\/wp-json\/wp\/v2\/media\/11299"}],"wp:attachment":[{"href":"https:\/\/www.leili-motor.net\/fr\/wp-json\/wp\/v2\/media?parent=11298"}],"wp:term":[{"taxonomy":"product_brand","embeddable":true,"href":"https:\/\/www.leili-motor.net\/fr\/wp-json\/wp\/v2\/product_brand?post=11298"},{"taxonomy":"product_cat","embeddable":true,"href":"https:\/\/www.leili-motor.net\/fr\/wp-json\/wp\/v2\/product_cat?post=11298"},{"taxonomy":"product_tag","embeddable":true,"href":"https:\/\/www.leili-motor.net\/fr\/wp-json\/wp\/v2\/product_tag?post=11298"}],"curies":[{"name":"wp","href":"https:\/\/api.w.org\/{rel}","templated":true}]}}