{"id":11305,"date":"2025-03-06T17:45:29","date_gmt":"2025-03-06T09:45:29","guid":{"rendered":"https:\/\/www.leili-motor.net\/distributeur-de-produit-de-lavage-distributeur-de-produit-de-rincage-et-de-bloc-lave-vaisselle\/"},"modified":"2025-03-06T17:45:29","modified_gmt":"2025-03-06T09:45:29","slug":"distributeur-de-produit-de-lavage-distributeur-de-produit-de-rincage-et-de-bloc-lave-vaisselle","status":"publish","type":"product","link":"https:\/\/www.leili-motor.net\/fr\/distributeur-de-produit-de-lavage-distributeur-de-produit-de-rincage-et-de-bloc-lave-vaisselle.html","title":{"rendered":"Distributeur de produit de lavage, distributeur de produit de rin\u00e7age et de bloc lave-vaisselle"},"content":{"rendered":"<h2>Param\u00e8tres du produit<\/h2>\n<table style=\"border-collapse: collapse; width: 591.77pt;\" border=\"0\" width=\"789\" cellspacing=\"0\" cellpadding=\"0\">\n<tbody>\n<tr style=\"height: 13.50pt;\">\n<td style=\"height: 13.50pt; width: 54.00pt;\" width=\"72\" height=\"18\">Capacit\u00e9 nominale<br \/>\n(pi\u00e8ces)<\/td>\n<td style=\"width: 54.00pt;\" width=\"72\">Tension nominale<br \/>\n\uff08V DC)<\/td>\n<td style=\"width: 54.00pt;\" width=\"72\">Courant<br \/>\n(A)<\/td>\n<td style=\"width: 54.00pt;\" width=\"72\">Courant de D\u00e9crochage<br \/>\n (A)<\/td>\n<td style=\"width: 54.00pt;\" width=\"72\">Niveau sonore<br \/>\ndB(A)<\/td>\n<td style=\"width: 54.00pt;\" width=\"72\">Rappel de tol\u00e9rance<br \/>\n(ml)<\/td>\n<td style=\"width: 54.00pt;\" width=\"72\">Degr\u00e9 d&rsquo;\u00e9tanch\u00e9it\u00e9<\/td>\n<td style=\"width: 97.50pt;\" width=\"130\">Cycle de vie<\/td>\n<td style=\"width: 62.25pt;\" width=\"83\">Poids(g)<\/td>\n<td style=\"width: 54.00pt;\" width=\"72\">Dimensions m\u00e9caniques(mm)<\/td>\n<\/tr>\n<tr style=\"height: 13.50pt;\">\n<td style=\"height: 13.50pt;\" height=\"18\">15 pi\u00e8ces\/150 ml<\/td>\n<td>12\/220<\/td>\n<td>\u22640.35\/\u22641.1<\/td>\n<td>\u22641.0<\/td>\n<td>\u2264 50<\/td>\n<td>Personnalisation<\/td>\n<td>IP68<\/td>\n<td>Moteur \u2265 500h<br \/>\n\u00c9lectrovanne \u2265 40 000 fois<\/td>\n<td>\u2248 960<\/td>\n<td>296\u00d7197\u00d767<\/td>\n<\/tr>\n<\/tbody>\n<\/table>\n<h2>Dimension m\u00e9canique : mm<\/h2>\n<p><img loading=\"lazy\" decoding=\"async\" loading=\"lazy\" class=\"alignnone size-full wp-image-1140\" src=\"https:\/\/www.leili-motor.net\/wp-content\/uploads\/2025\/03\/Mechanical-Dimension-for-Washing-Agent-Dispensing-Device-Dishwashing-Block-And-Rinse-Agent-Dispenser.webp\" alt=\"Dimensions m\u00e9caniques du distributeur de produit de lavage, du bloc lave-vaisselle et du distributeur de produit de rin\u00e7age\" width=\"1377\" height=\"607\" srcset=\"https:\/\/www.leili-motor.net\/wp-content\/uploads\/2025\/03\/Mechanical-Dimension-for-Washing-Agent-Dispensing-Device-Dishwashing-Block-And-Rinse-Agent-Dispenser.webp 1377w, https:\/\/www.leili-motor.net\/wp-content\/uploads\/2025\/03\/Mechanical-Dimension-for-Washing-Agent-Dispensing-Device-Dishwashing-Block-And-Rinse-Agent-Dispenser-300x132.webp 300w, https:\/\/www.leili-motor.net\/wp-content\/uploads\/2025\/03\/Mechanical-Dimension-for-Washing-Agent-Dispensing-Device-Dishwashing-Block-And-Rinse-Agent-Dispenser-1024x451.webp 1024w, https:\/\/www.leili-motor.net\/wp-content\/uploads\/2025\/03\/Mechanical-Dimension-for-Washing-Agent-Dispensing-Device-Dishwashing-Block-And-Rinse-Agent-Dispenser-768x339.webp 768w, https:\/\/www.leili-motor.net\/wp-content\/uploads\/2025\/03\/Mechanical-Dimension-for-Washing-Agent-Dispensing-Device-Dishwashing-Block-And-Rinse-Agent-Dispenser-600x264.webp 600w\" sizes=\"auto, (max-width: 1377px) 100vw, 1377px\" \/><\/p>\n","protected":false},"excerpt":{"rendered":"<h3>Pr\u00e9sentation du produit<\/h3>\n<ul>\n<li>Les blocs lave-vaisselle et le d\u00e9tergent peuvent \u00eatre ajout\u00e9s en m\u00eame temps<\/li>\n<li>Double capacit\u00e9 : peut contenir 15 pi\u00e8ces et 150 ml, assurant une distribution efficace des blocs lave-vaisselle et des agents de rin\u00e7age.<\/li>\n<li>Durabilit\u00e9 : \u00e9tanch\u00e9it\u00e9 IP68, dur\u00e9e de vie du moteur \u2265 500 heures, dur\u00e9e de vie de l&rsquo;\u00e9lectrovanne \u2265 40 000 cycles pour des performances fiables.<\/li>\n<li>Silencieux et compact : fonctionne \u00e0 \u2264 50 dB, avec une conception compacte de 296 \u00d7 197 \u00d7 67 mm pour une int\u00e9gration transparente.<\/li>\n<\/ul>\n<h3>Application du produit<\/h3>\n<ul>\n<li>Appareils \u00e9lectrom\u00e9nagers : lave-vaisselle<\/li>\n<\/ul>\n","protected":false},"featured_media":11306,"comment_status":"open","ping_status":"closed","template":"","meta":{"site-sidebar-layout":"default","site-content-layout":"","ast-site-content-layout":"default","site-content-style":"default","site-sidebar-style":"default","ast-global-header-display":"","ast-banner-title-visibility":"","ast-main-header-display":"","ast-hfb-above-header-display":"","ast-hfb-below-header-display":"","ast-hfb-mobile-header-display":"","site-post-title":"","ast-breadcrumbs-content":"","ast-featured-img":"","footer-sml-layout":"","theme-transparent-header-meta":"default","adv-header-id-meta":"","stick-header-meta":"","header-above-stick-meta":"","header-main-stick-meta":"","header-below-stick-meta":"","astra-migrate-meta-layouts":"default","ast-page-background-enabled":"default","ast-page-background-meta":{"desktop":{"background-color":"var(--ast-global-color-5)","background-image":"","background-repeat":"repeat","background-position":"center center","background-size":"auto","background-attachment":"scroll","background-type":"","background-media":"","overlay-type":"","overlay-color":"","overlay-opacity":"","overlay-gradient":""},"tablet":{"background-color":"","background-image":"","background-repeat":"repeat","background-position":"center center","background-size":"auto","background-attachment":"scroll","background-type":"","background-media":"","overlay-type":"","overlay-color":"","overlay-opacity":"","overlay-gradient":""},"mobile":{"background-color":"","background-image":"","background-repeat":"repeat","background-position":"center center","background-size":"auto","background-attachment":"scroll","background-type":"","background-media":"","overlay-type":"","overlay-color":"","overlay-opacity":"","overlay-gradient":""}},"ast-content-background-meta":{"desktop":{"background-color":"var(--ast-global-color-4)","background-image":"","background-repeat":"repeat","background-position":"center center","background-size":"auto","background-attachment":"scroll","background-type":"","background-media":"","overlay-type":"","overlay-color":"","overlay-opacity":"","overlay-gradient":""},"tablet":{"background-color":"var(--ast-global-color-4)","background-image":"","background-repeat":"repeat","background-position":"center center","background-size":"auto","background-attachment":"scroll","background-type":"","background-media":"","overlay-type":"","overlay-color":"","overlay-opacity":"","overlay-gradient":""},"mobile":{"background-color":"var(--ast-global-color-4)","background-image":"","background-repeat":"repeat","background-position":"center center","background-size":"auto","background-attachment":"scroll","background-type":"","background-media":"","overlay-type":"","overlay-color":"","overlay-opacity":"","overlay-gradient":""}}},"product_brand":[],"product_cat":[1150,1195],"product_tag":[1269],"class_list":{"0":"post-11305","1":"product","2":"type-product","3":"status-publish","4":"has-post-thumbnail","6":"product_cat-composants","7":"product_cat-composants-dappareils-electromenagers","8":"product_tag-lave-vaisselle-systeme-de-distribution-intelligent","9":"pa_application-appareil-electromenager","10":"desktop-align-left","11":"tablet-align-left","12":"mobile-align-left","14":"first","15":"instock","16":"shipping-taxable","17":"product-type-simple"},"yoast_head":"<!-- This site is optimized with the Yoast SEO plugin v27.2 - https:\/\/yoast.com\/product\/yoast-seo-wordpress\/ -->\n<title>Distributeur de produit de lavage, distributeur de produit de rin\u00e7age et de bloc lave-vaisselle &#8211; Leili Motor<\/title>\n<meta name=\"description\" content=\"Notre distributeur de bloc lave-vaisselle et de produit de rin\u00e7age pr\u00e9sente une double capacit\u00e9, des performances durables, un fonctionnement silencieux et une conception compacte.\" \/>\n<meta name=\"robots\" content=\"index, follow, max-snippet:-1, max-image-preview:large, max-video-preview:-1\" \/>\n<link rel=\"canonical\" href=\"https:\/\/www.leili-motor.net\/fr\/distributeur-de-produit-de-lavage-distributeur-de-produit-de-rincage-et-de-bloc-lave-vaisselle.html\" \/>\n<script type=\"application\/ld+json\" class=\"yoast-schema-graph\">{\"@context\":\"https:\/\/schema.org\",\"@graph\":[{\"@type\":\"WebPage\",\"@id\":\"https:\/\/www.leili-motor.net\/fr\/distributeur-de-produit-de-lavage-distributeur-de-produit-de-rincage-et-de-bloc-lave-vaisselle.html\",\"url\":\"https:\/\/www.leili-motor.net\/fr\/distributeur-de-produit-de-lavage-distributeur-de-produit-de-rincage-et-de-bloc-lave-vaisselle.html\",\"name\":\"Distributeur de produit de lavage, distributeur de produit de rin\u00e7age et de bloc lave-vaisselle &#8211; Leili Motor\",\"isPartOf\":{\"@id\":\"https:\/\/www.leili-motor.net\/fr\/#website\"},\"primaryImageOfPage\":{\"@id\":\"https:\/\/www.leili-motor.net\/fr\/distributeur-de-produit-de-lavage-distributeur-de-produit-de-rincage-et-de-bloc-lave-vaisselle.html#primaryimage\"},\"image\":{\"@id\":\"https:\/\/www.leili-motor.net\/fr\/distributeur-de-produit-de-lavage-distributeur-de-produit-de-rincage-et-de-bloc-lave-vaisselle.html#primaryimage\"},\"thumbnailUrl\":\"https:\/\/www.leili-motor.net\/wp-content\/uploads\/2025\/03\/Washing-Agent-Dispensing-Device-Dishwashing-Block-And-Rinse-Agent-Dispenser.webp\",\"datePublished\":\"2025-03-06T09:45:29+00:00\",\"description\":\"Notre distributeur de bloc lave-vaisselle et de produit de rin\u00e7age pr\u00e9sente une double capacit\u00e9, des performances durables, un fonctionnement silencieux et une conception compacte.\",\"breadcrumb\":{\"@id\":\"https:\/\/www.leili-motor.net\/fr\/distributeur-de-produit-de-lavage-distributeur-de-produit-de-rincage-et-de-bloc-lave-vaisselle.html#breadcrumb\"},\"inLanguage\":\"fr-FR\",\"potentialAction\":[{\"@type\":\"ReadAction\",\"target\":[\"https:\/\/www.leili-motor.net\/fr\/distributeur-de-produit-de-lavage-distributeur-de-produit-de-rincage-et-de-bloc-lave-vaisselle.html\"]}]},{\"@type\":\"ImageObject\",\"inLanguage\":\"fr-FR\",\"@id\":\"https:\/\/www.leili-motor.net\/fr\/distributeur-de-produit-de-lavage-distributeur-de-produit-de-rincage-et-de-bloc-lave-vaisselle.html#primaryimage\",\"url\":\"https:\/\/www.leili-motor.net\/wp-content\/uploads\/2025\/03\/Washing-Agent-Dispensing-Device-Dishwashing-Block-And-Rinse-Agent-Dispenser.webp\",\"contentUrl\":\"https:\/\/www.leili-motor.net\/wp-content\/uploads\/2025\/03\/Washing-Agent-Dispensing-Device-Dishwashing-Block-And-Rinse-Agent-Dispenser.webp\",\"width\":454,\"height\":310,\"caption\":\"Distributeur de produit de lavage, distributeur de produit de rin\u00e7age et de bloc lave-vaisselle\"},{\"@type\":\"BreadcrumbList\",\"@id\":\"https:\/\/www.leili-motor.net\/fr\/distributeur-de-produit-de-lavage-distributeur-de-produit-de-rincage-et-de-bloc-lave-vaisselle.html#breadcrumb\",\"itemListElement\":[{\"@type\":\"ListItem\",\"position\":1,\"name\":\"Home\",\"item\":\"https:\/\/www.leili-motor.net\/fr\/\"},{\"@type\":\"ListItem\",\"position\":2,\"name\":\"Produits\",\"item\":\"https:\/\/www.leili-motor.net\/fr\/produits\/\"},{\"@type\":\"ListItem\",\"position\":3,\"name\":\"Distributeur de produit de lavage, distributeur de produit de rin\u00e7age et de bloc lave-vaisselle\"}]},{\"@type\":\"WebSite\",\"@id\":\"https:\/\/www.leili-motor.net\/fr\/#website\",\"url\":\"https:\/\/www.leili-motor.net\/fr\/\",\"name\":\"Leili Motor\",\"description\":\"\",\"publisher\":{\"@id\":\"https:\/\/www.leili-motor.net\/fr\/#organization\"},\"potentialAction\":[{\"@type\":\"SearchAction\",\"target\":{\"@type\":\"EntryPoint\",\"urlTemplate\":\"https:\/\/www.leili-motor.net\/fr\/?s={search_term_string}\"},\"query-input\":{\"@type\":\"PropertyValueSpecification\",\"valueRequired\":true,\"valueName\":\"search_term_string\"}}],\"inLanguage\":\"fr-FR\"},{\"@type\":\"Organization\",\"@id\":\"https:\/\/www.leili-motor.net\/fr\/#organization\",\"name\":\"Leili Motor\",\"url\":\"https:\/\/www.leili-motor.net\/fr\/\",\"logo\":{\"@type\":\"ImageObject\",\"inLanguage\":\"fr-FR\",\"@id\":\"https:\/\/www.leili-motor.net\/fr\/#\/schema\/logo\/image\/\",\"url\":\"https:\/\/www.leili-motor.net\/wp-content\/uploads\/2025\/03\/Leili-Motor.png\",\"contentUrl\":\"https:\/\/www.leili-motor.net\/wp-content\/uploads\/2025\/03\/Leili-Motor.png\",\"width\":600,\"height\":156,\"caption\":\"Leili Motor\"},\"image\":{\"@id\":\"https:\/\/www.leili-motor.net\/fr\/#\/schema\/logo\/image\/\"}}]}<\/script>\n<!-- \/ Yoast SEO plugin. -->","yoast_head_json":{"title":"Distributeur de produit de lavage, distributeur de produit de rin\u00e7age et de bloc lave-vaisselle &#8211; Leili Motor","description":"Notre distributeur de bloc lave-vaisselle et de produit de rin\u00e7age pr\u00e9sente une double capacit\u00e9, des performances durables, un fonctionnement silencieux et une conception compacte.","robots":{"index":"index","follow":"follow","max-snippet":"max-snippet:-1","max-image-preview":"max-image-preview:large","max-video-preview":"max-video-preview:-1"},"canonical":"https:\/\/www.leili-motor.net\/fr\/distributeur-de-produit-de-lavage-distributeur-de-produit-de-rincage-et-de-bloc-lave-vaisselle.html","schema":{"@context":"https:\/\/schema.org","@graph":[{"@type":"WebPage","@id":"https:\/\/www.leili-motor.net\/fr\/distributeur-de-produit-de-lavage-distributeur-de-produit-de-rincage-et-de-bloc-lave-vaisselle.html","url":"https:\/\/www.leili-motor.net\/fr\/distributeur-de-produit-de-lavage-distributeur-de-produit-de-rincage-et-de-bloc-lave-vaisselle.html","name":"Distributeur de produit de lavage, distributeur de produit de rin\u00e7age et de bloc lave-vaisselle &#8211; Leili Motor","isPartOf":{"@id":"https:\/\/www.leili-motor.net\/fr\/#website"},"primaryImageOfPage":{"@id":"https:\/\/www.leili-motor.net\/fr\/distributeur-de-produit-de-lavage-distributeur-de-produit-de-rincage-et-de-bloc-lave-vaisselle.html#primaryimage"},"image":{"@id":"https:\/\/www.leili-motor.net\/fr\/distributeur-de-produit-de-lavage-distributeur-de-produit-de-rincage-et-de-bloc-lave-vaisselle.html#primaryimage"},"thumbnailUrl":"https:\/\/www.leili-motor.net\/wp-content\/uploads\/2025\/03\/Washing-Agent-Dispensing-Device-Dishwashing-Block-And-Rinse-Agent-Dispenser.webp","datePublished":"2025-03-06T09:45:29+00:00","description":"Notre distributeur de bloc lave-vaisselle et de produit de rin\u00e7age pr\u00e9sente une double capacit\u00e9, des performances durables, un fonctionnement silencieux et une conception compacte.","breadcrumb":{"@id":"https:\/\/www.leili-motor.net\/fr\/distributeur-de-produit-de-lavage-distributeur-de-produit-de-rincage-et-de-bloc-lave-vaisselle.html#breadcrumb"},"inLanguage":"fr-FR","potentialAction":[{"@type":"ReadAction","target":["https:\/\/www.leili-motor.net\/fr\/distributeur-de-produit-de-lavage-distributeur-de-produit-de-rincage-et-de-bloc-lave-vaisselle.html"]}]},{"@type":"ImageObject","inLanguage":"fr-FR","@id":"https:\/\/www.leili-motor.net\/fr\/distributeur-de-produit-de-lavage-distributeur-de-produit-de-rincage-et-de-bloc-lave-vaisselle.html#primaryimage","url":"https:\/\/www.leili-motor.net\/wp-content\/uploads\/2025\/03\/Washing-Agent-Dispensing-Device-Dishwashing-Block-And-Rinse-Agent-Dispenser.webp","contentUrl":"https:\/\/www.leili-motor.net\/wp-content\/uploads\/2025\/03\/Washing-Agent-Dispensing-Device-Dishwashing-Block-And-Rinse-Agent-Dispenser.webp","width":454,"height":310,"caption":"Distributeur de produit de lavage, distributeur de produit de rin\u00e7age et de bloc lave-vaisselle"},{"@type":"BreadcrumbList","@id":"https:\/\/www.leili-motor.net\/fr\/distributeur-de-produit-de-lavage-distributeur-de-produit-de-rincage-et-de-bloc-lave-vaisselle.html#breadcrumb","itemListElement":[{"@type":"ListItem","position":1,"name":"Home","item":"https:\/\/www.leili-motor.net\/fr\/"},{"@type":"ListItem","position":2,"name":"Produits","item":"https:\/\/www.leili-motor.net\/fr\/produits\/"},{"@type":"ListItem","position":3,"name":"Distributeur de produit de lavage, distributeur de produit de rin\u00e7age et de bloc lave-vaisselle"}]},{"@type":"WebSite","@id":"https:\/\/www.leili-motor.net\/fr\/#website","url":"https:\/\/www.leili-motor.net\/fr\/","name":"Leili Motor","description":"","publisher":{"@id":"https:\/\/www.leili-motor.net\/fr\/#organization"},"potentialAction":[{"@type":"SearchAction","target":{"@type":"EntryPoint","urlTemplate":"https:\/\/www.leili-motor.net\/fr\/?s={search_term_string}"},"query-input":{"@type":"PropertyValueSpecification","valueRequired":true,"valueName":"search_term_string"}}],"inLanguage":"fr-FR"},{"@type":"Organization","@id":"https:\/\/www.leili-motor.net\/fr\/#organization","name":"Leili Motor","url":"https:\/\/www.leili-motor.net\/fr\/","logo":{"@type":"ImageObject","inLanguage":"fr-FR","@id":"https:\/\/www.leili-motor.net\/fr\/#\/schema\/logo\/image\/","url":"https:\/\/www.leili-motor.net\/wp-content\/uploads\/2025\/03\/Leili-Motor.png","contentUrl":"https:\/\/www.leili-motor.net\/wp-content\/uploads\/2025\/03\/Leili-Motor.png","width":600,"height":156,"caption":"Leili Motor"},"image":{"@id":"https:\/\/www.leili-motor.net\/fr\/#\/schema\/logo\/image\/"}}]}},"_links":{"self":[{"href":"https:\/\/www.leili-motor.net\/fr\/wp-json\/wp\/v2\/product\/11305","targetHints":{"allow":["GET"]}}],"collection":[{"href":"https:\/\/www.leili-motor.net\/fr\/wp-json\/wp\/v2\/product"}],"about":[{"href":"https:\/\/www.leili-motor.net\/fr\/wp-json\/wp\/v2\/types\/product"}],"replies":[{"embeddable":true,"href":"https:\/\/www.leili-motor.net\/fr\/wp-json\/wp\/v2\/comments?post=11305"}],"wp:featuredmedia":[{"embeddable":true,"href":"https:\/\/www.leili-motor.net\/fr\/wp-json\/wp\/v2\/media\/11306"}],"wp:attachment":[{"href":"https:\/\/www.leili-motor.net\/fr\/wp-json\/wp\/v2\/media?parent=11305"}],"wp:term":[{"taxonomy":"product_brand","embeddable":true,"href":"https:\/\/www.leili-motor.net\/fr\/wp-json\/wp\/v2\/product_brand?post=11305"},{"taxonomy":"product_cat","embeddable":true,"href":"https:\/\/www.leili-motor.net\/fr\/wp-json\/wp\/v2\/product_cat?post=11305"},{"taxonomy":"product_tag","embeddable":true,"href":"https:\/\/www.leili-motor.net\/fr\/wp-json\/wp\/v2\/product_tag?post=11305"}],"curies":[{"name":"wp","href":"https:\/\/api.w.org\/{rel}","templated":true}]}}