{"id":11308,"date":"2025-03-10T14:48:57","date_gmt":"2025-03-10T06:48:57","guid":{"rendered":"https:\/\/www.leili-motor.net\/moteur-pas-a-pas-a-aimant-permanent-22by45\/"},"modified":"2025-03-10T14:48:57","modified_gmt":"2025-03-10T06:48:57","slug":"moteur-pas-a-pas-a-aimant-permanent-22by45","status":"publish","type":"product","link":"https:\/\/www.leili-motor.net\/fr\/moteur-pas-a-pas-a-aimant-permanent-22by45.html","title":{"rendered":"Moteur pas \u00e0 pas \u00e0 aimant permanent 22BY45"},"content":{"rendered":"<h2>Param\u00e8tres du produit<\/h2>\n<table>\n<tbody>\n<tr>\n<td>Angle de pas<\/td>\n<td>Mode de fonctionnement<\/td>\n<td>Mode d&rsquo;excitation<\/td>\n<td>Tension (VCC)<\/td>\n<td>R\u00e9sistance<br \/>\nBobine 7%\u03a9\/ Phase<br \/>\n(25\u2103)<\/td>\n<td>Inductance<br \/>\nmH\/phase<\/td>\n<td>Couple d&rsquo;auto-positionnement<br \/>\n(mN\u2022m)<\/td>\n<td>Couple de maintien<br \/>\n(mN\u2022m)<\/td>\n<td>Fr\u00e9quence d&rsquo;entra\u00eenement (Hz)<\/td>\n<td>Fr\u00e9quence de d\u00e9crochage<br \/>\n(Hz)<\/td>\n<td>Couple de d\u00e9crochage (mN\u2022m<br \/>\n400Hz)<\/td>\n<td>\u2605R\u00e9sistance<br \/>\ndi\u00e9lectrique d&rsquo;isolation<br \/>\n(CA 500V,<br \/>\n1mA, 1min)<\/td>\n<td>\u2605R\u00e9sistance d&rsquo;isolation CC500V<br \/>\n(M\u03a9)<\/td>\n<td>Niveau sonore dB(A)<br \/>\n460Hz<\/td>\n<\/tr>\n<tr>\n<td>18\u00b0<\/td>\n<td>bipolaire<\/td>\n<td>Phase 2-2<\/td>\n<td>12<\/td>\n<td>25<\/td>\n<td>18(R\u00c9F)<\/td>\n<td>0,59<br \/>\n(R\u00c9F)<\/td>\n<td>\u2265 11.76<\/td>\n<td>\u2265 550<\/td>\n<td>\u2265 700<\/td>\n<td>\u2265 7.84<\/td>\n<td>Aucune panne ni fus\u00e9e \u00e9clairante<\/td>\n<td>\u2265 100<\/td>\n<td>\u2264 35dB<br \/>\n(Son indistinct)<\/td>\n<\/tr>\n<\/tbody>\n<\/table>\n<h2>Dimensions m\u00e9caniques : mm<\/h2>\n<p><img fetchpriority=\"high\" decoding=\"async\" class=\"size-full wp-image-1538 aligncenter\" src=\"https:\/\/www.leili-motor.net\/wp-content\/uploads\/2025\/03\/22BY45-PM-Stepper-Motor-for-Car-Air-Conditioning-Damper-Electric-Outlet.webp\" alt=\"Moteur pas \u00e0 pas \u00e0 aimant permanent 22BY45 pour prise de courant de climatisation automobile\" width=\"759\" height=\"502\" srcset=\"https:\/\/www.leili-motor.net\/wp-content\/uploads\/2025\/03\/22BY45-PM-Stepper-Motor-for-Car-Air-Conditioning-Damper-Electric-Outlet.webp 759w, https:\/\/www.leili-motor.net\/wp-content\/uploads\/2025\/03\/22BY45-PM-Stepper-Motor-for-Car-Air-Conditioning-Damper-Electric-Outlet-300x198.webp 300w, https:\/\/www.leili-motor.net\/wp-content\/uploads\/2025\/03\/22BY45-PM-Stepper-Motor-for-Car-Air-Conditioning-Damper-Electric-Outlet-600x397.webp 600w\" sizes=\"(max-width: 759px) 100vw, 759px\" \/><\/p>\n","protected":false},"excerpt":{"rendered":"<h3>Pr\u00e9sentation du produit<\/h3>\n<ul>\n<li>Moteur pas \u00e0 pas de haute pr\u00e9cision avec un angle de pas de 18\u00b0, une tension de 12 V et une r\u00e9sistance de phase de 25 \u03a9 pour plus de stabilit\u00e9.<\/li>\n<li>Fonctionnement silencieux \u00e0 \u2264 35 dB, avec un couple de maintien \u00e9lev\u00e9 de 11,76 mN\u00b7m et une fr\u00e9quence de retrait de 700 Hz.<\/li>\n<\/ul>\n<h3>Application du produit<\/h3>\n<ul>\n<li>Volet de climatisation automobile\/prise \u00e9lectrique<\/li>\n<\/ul>\n","protected":false},"featured_media":11309,"comment_status":"open","ping_status":"closed","template":"","meta":{"site-sidebar-layout":"default","site-content-layout":"","ast-site-content-layout":"default","site-content-style":"default","site-sidebar-style":"default","ast-global-header-display":"","ast-banner-title-visibility":"","ast-main-header-display":"","ast-hfb-above-header-display":"","ast-hfb-below-header-display":"","ast-hfb-mobile-header-display":"","site-post-title":"","ast-breadcrumbs-content":"","ast-featured-img":"","footer-sml-layout":"","theme-transparent-header-meta":"default","adv-header-id-meta":"","stick-header-meta":"","header-above-stick-meta":"","header-main-stick-meta":"","header-below-stick-meta":"","astra-migrate-meta-layouts":"default","ast-page-background-enabled":"default","ast-page-background-meta":{"desktop":{"background-color":"var(--ast-global-color-5)","background-image":"","background-repeat":"repeat","background-position":"center center","background-size":"auto","background-attachment":"scroll","background-type":"","background-media":"","overlay-type":"","overlay-color":"","overlay-opacity":"","overlay-gradient":""},"tablet":{"background-color":"","background-image":"","background-repeat":"repeat","background-position":"center center","background-size":"auto","background-attachment":"scroll","background-type":"","background-media":"","overlay-type":"","overlay-color":"","overlay-opacity":"","overlay-gradient":""},"mobile":{"background-color":"","background-image":"","background-repeat":"repeat","background-position":"center center","background-size":"auto","background-attachment":"scroll","background-type":"","background-media":"","overlay-type":"","overlay-color":"","overlay-opacity":"","overlay-gradient":""}},"ast-content-background-meta":{"desktop":{"background-color":"var(--ast-global-color-4)","background-image":"","background-repeat":"repeat","background-position":"center center","background-size":"auto","background-attachment":"scroll","background-type":"","background-media":"","overlay-type":"","overlay-color":"","overlay-opacity":"","overlay-gradient":""},"tablet":{"background-color":"var(--ast-global-color-4)","background-image":"","background-repeat":"repeat","background-position":"center center","background-size":"auto","background-attachment":"scroll","background-type":"","background-media":"","overlay-type":"","overlay-color":"","overlay-opacity":"","overlay-gradient":""},"mobile":{"background-color":"var(--ast-global-color-4)","background-image":"","background-repeat":"repeat","background-position":"center center","background-size":"auto","background-attachment":"scroll","background-type":"","background-media":"","overlay-type":"","overlay-color":"","overlay-opacity":"","overlay-gradient":""}}},"product_brand":[],"product_cat":[1210,1278],"product_tag":[1185,1186],"class_list":{"0":"post-11308","1":"product","2":"type-product","3":"status-publish","4":"has-post-thumbnail","6":"product_cat-moteur-pas-a-pas","7":"product_cat-moteur-a-courant-continu-a-aimant-permanent","8":"product_tag-climatisation-volet-de-climatisation","9":"product_tag-climatisation-sortie-dair-electrique","10":"pa_application-pieces-detachees-automobiles","11":"desktop-align-left","12":"tablet-align-left","13":"mobile-align-left","15":"first","16":"instock","17":"shipping-taxable","18":"product-type-simple"},"yoast_head":"<!-- This site is optimized with the Yoast SEO plugin v27.2 - https:\/\/yoast.com\/product\/yoast-seo-wordpress\/ -->\n<title>Moteur pas \u00e0 pas \u00e0 aimant permanent 22BY45 pour volet de climatisation\/prise \u00e9lectrique &#8211; Leili Motor<\/title>\n<meta name=\"description\" content=\"Le moteur pas \u00e0 pas 22BY45 PM pr\u00e9sente un angle de pas de 18\u00b0, un entra\u00eenement bipolaire 12 V, un couple de maintien de 11,76 mN\u00b7m, une fr\u00e9quence de retrait \u2265 700 Hz et un fonctionnement silencieux \u2264 35 dB.\" \/>\n<meta name=\"robots\" content=\"index, follow, max-snippet:-1, max-image-preview:large, max-video-preview:-1\" \/>\n<link rel=\"canonical\" href=\"https:\/\/www.leili-motor.net\/fr\/moteur-pas-a-pas-a-aimant-permanent-22by45.html\" \/>\n<script type=\"application\/ld+json\" class=\"yoast-schema-graph\">{\"@context\":\"https:\/\/schema.org\",\"@graph\":[{\"@type\":\"WebPage\",\"@id\":\"https:\/\/www.leili-motor.net\/fr\/moteur-pas-a-pas-a-aimant-permanent-22by45.html\",\"url\":\"https:\/\/www.leili-motor.net\/fr\/moteur-pas-a-pas-a-aimant-permanent-22by45.html\",\"name\":\"Moteur pas \u00e0 pas \u00e0 aimant permanent 22BY45 pour volet de climatisation\/prise \u00e9lectrique &#8211; Leili Motor\",\"isPartOf\":{\"@id\":\"https:\/\/www.leili-motor.net\/fr\/#website\"},\"primaryImageOfPage\":{\"@id\":\"https:\/\/www.leili-motor.net\/fr\/moteur-pas-a-pas-a-aimant-permanent-22by45.html#primaryimage\"},\"image\":{\"@id\":\"https:\/\/www.leili-motor.net\/fr\/moteur-pas-a-pas-a-aimant-permanent-22by45.html#primaryimage\"},\"thumbnailUrl\":\"https:\/\/www.leili-motor.net\/wp-content\/uploads\/2025\/03\/22BY45-PM-Stepper-Motor.webp\",\"datePublished\":\"2025-03-10T06:48:57+00:00\",\"description\":\"Le moteur pas \u00e0 pas 22BY45 PM pr\u00e9sente un angle de pas de 18\u00b0, un entra\u00eenement bipolaire 12 V, un couple de maintien de 11,76 mN\u00b7m, une fr\u00e9quence de retrait \u2265 700 Hz et un fonctionnement silencieux \u2264 35 dB.\",\"breadcrumb\":{\"@id\":\"https:\/\/www.leili-motor.net\/fr\/moteur-pas-a-pas-a-aimant-permanent-22by45.html#breadcrumb\"},\"inLanguage\":\"fr-FR\",\"potentialAction\":[{\"@type\":\"ReadAction\",\"target\":[\"https:\/\/www.leili-motor.net\/fr\/moteur-pas-a-pas-a-aimant-permanent-22by45.html\"]}]},{\"@type\":\"ImageObject\",\"inLanguage\":\"fr-FR\",\"@id\":\"https:\/\/www.leili-motor.net\/fr\/moteur-pas-a-pas-a-aimant-permanent-22by45.html#primaryimage\",\"url\":\"https:\/\/www.leili-motor.net\/wp-content\/uploads\/2025\/03\/22BY45-PM-Stepper-Motor.webp\",\"contentUrl\":\"https:\/\/www.leili-motor.net\/wp-content\/uploads\/2025\/03\/22BY45-PM-Stepper-Motor.webp\",\"width\":454,\"height\":310,\"caption\":\"Moteur pas \u00e0 pas PM 22BY45\"},{\"@type\":\"BreadcrumbList\",\"@id\":\"https:\/\/www.leili-motor.net\/fr\/moteur-pas-a-pas-a-aimant-permanent-22by45.html#breadcrumb\",\"itemListElement\":[{\"@type\":\"ListItem\",\"position\":1,\"name\":\"Home\",\"item\":\"https:\/\/www.leili-motor.net\/fr\/\"},{\"@type\":\"ListItem\",\"position\":2,\"name\":\"Produits\",\"item\":\"https:\/\/www.leili-motor.net\/fr\/produits\/\"},{\"@type\":\"ListItem\",\"position\":3,\"name\":\"Moteur pas \u00e0 pas \u00e0 aimant permanent 22BY45\"}]},{\"@type\":\"WebSite\",\"@id\":\"https:\/\/www.leili-motor.net\/fr\/#website\",\"url\":\"https:\/\/www.leili-motor.net\/fr\/\",\"name\":\"Leili Motor\",\"description\":\"\",\"publisher\":{\"@id\":\"https:\/\/www.leili-motor.net\/fr\/#organization\"},\"potentialAction\":[{\"@type\":\"SearchAction\",\"target\":{\"@type\":\"EntryPoint\",\"urlTemplate\":\"https:\/\/www.leili-motor.net\/fr\/?s={search_term_string}\"},\"query-input\":{\"@type\":\"PropertyValueSpecification\",\"valueRequired\":true,\"valueName\":\"search_term_string\"}}],\"inLanguage\":\"fr-FR\"},{\"@type\":\"Organization\",\"@id\":\"https:\/\/www.leili-motor.net\/fr\/#organization\",\"name\":\"Leili Motor\",\"url\":\"https:\/\/www.leili-motor.net\/fr\/\",\"logo\":{\"@type\":\"ImageObject\",\"inLanguage\":\"fr-FR\",\"@id\":\"https:\/\/www.leili-motor.net\/fr\/#\/schema\/logo\/image\/\",\"url\":\"https:\/\/www.leili-motor.net\/wp-content\/uploads\/2025\/03\/Leili-Motor.png\",\"contentUrl\":\"https:\/\/www.leili-motor.net\/wp-content\/uploads\/2025\/03\/Leili-Motor.png\",\"width\":600,\"height\":156,\"caption\":\"Leili Motor\"},\"image\":{\"@id\":\"https:\/\/www.leili-motor.net\/fr\/#\/schema\/logo\/image\/\"}}]}<\/script>\n<!-- \/ Yoast SEO plugin. -->","yoast_head_json":{"title":"Moteur pas \u00e0 pas \u00e0 aimant permanent 22BY45 pour volet de climatisation\/prise \u00e9lectrique &#8211; Leili Motor","description":"Le moteur pas \u00e0 pas 22BY45 PM pr\u00e9sente un angle de pas de 18\u00b0, un entra\u00eenement bipolaire 12 V, un couple de maintien de 11,76 mN\u00b7m, une fr\u00e9quence de retrait \u2265 700 Hz et un fonctionnement silencieux \u2264 35 dB.","robots":{"index":"index","follow":"follow","max-snippet":"max-snippet:-1","max-image-preview":"max-image-preview:large","max-video-preview":"max-video-preview:-1"},"canonical":"https:\/\/www.leili-motor.net\/fr\/moteur-pas-a-pas-a-aimant-permanent-22by45.html","schema":{"@context":"https:\/\/schema.org","@graph":[{"@type":"WebPage","@id":"https:\/\/www.leili-motor.net\/fr\/moteur-pas-a-pas-a-aimant-permanent-22by45.html","url":"https:\/\/www.leili-motor.net\/fr\/moteur-pas-a-pas-a-aimant-permanent-22by45.html","name":"Moteur pas \u00e0 pas \u00e0 aimant permanent 22BY45 pour volet de climatisation\/prise \u00e9lectrique &#8211; Leili Motor","isPartOf":{"@id":"https:\/\/www.leili-motor.net\/fr\/#website"},"primaryImageOfPage":{"@id":"https:\/\/www.leili-motor.net\/fr\/moteur-pas-a-pas-a-aimant-permanent-22by45.html#primaryimage"},"image":{"@id":"https:\/\/www.leili-motor.net\/fr\/moteur-pas-a-pas-a-aimant-permanent-22by45.html#primaryimage"},"thumbnailUrl":"https:\/\/www.leili-motor.net\/wp-content\/uploads\/2025\/03\/22BY45-PM-Stepper-Motor.webp","datePublished":"2025-03-10T06:48:57+00:00","description":"Le moteur pas \u00e0 pas 22BY45 PM pr\u00e9sente un angle de pas de 18\u00b0, un entra\u00eenement bipolaire 12 V, un couple de maintien de 11,76 mN\u00b7m, une fr\u00e9quence de retrait \u2265 700 Hz et un fonctionnement silencieux \u2264 35 dB.","breadcrumb":{"@id":"https:\/\/www.leili-motor.net\/fr\/moteur-pas-a-pas-a-aimant-permanent-22by45.html#breadcrumb"},"inLanguage":"fr-FR","potentialAction":[{"@type":"ReadAction","target":["https:\/\/www.leili-motor.net\/fr\/moteur-pas-a-pas-a-aimant-permanent-22by45.html"]}]},{"@type":"ImageObject","inLanguage":"fr-FR","@id":"https:\/\/www.leili-motor.net\/fr\/moteur-pas-a-pas-a-aimant-permanent-22by45.html#primaryimage","url":"https:\/\/www.leili-motor.net\/wp-content\/uploads\/2025\/03\/22BY45-PM-Stepper-Motor.webp","contentUrl":"https:\/\/www.leili-motor.net\/wp-content\/uploads\/2025\/03\/22BY45-PM-Stepper-Motor.webp","width":454,"height":310,"caption":"Moteur pas \u00e0 pas PM 22BY45"},{"@type":"BreadcrumbList","@id":"https:\/\/www.leili-motor.net\/fr\/moteur-pas-a-pas-a-aimant-permanent-22by45.html#breadcrumb","itemListElement":[{"@type":"ListItem","position":1,"name":"Home","item":"https:\/\/www.leili-motor.net\/fr\/"},{"@type":"ListItem","position":2,"name":"Produits","item":"https:\/\/www.leili-motor.net\/fr\/produits\/"},{"@type":"ListItem","position":3,"name":"Moteur pas \u00e0 pas \u00e0 aimant permanent 22BY45"}]},{"@type":"WebSite","@id":"https:\/\/www.leili-motor.net\/fr\/#website","url":"https:\/\/www.leili-motor.net\/fr\/","name":"Leili Motor","description":"","publisher":{"@id":"https:\/\/www.leili-motor.net\/fr\/#organization"},"potentialAction":[{"@type":"SearchAction","target":{"@type":"EntryPoint","urlTemplate":"https:\/\/www.leili-motor.net\/fr\/?s={search_term_string}"},"query-input":{"@type":"PropertyValueSpecification","valueRequired":true,"valueName":"search_term_string"}}],"inLanguage":"fr-FR"},{"@type":"Organization","@id":"https:\/\/www.leili-motor.net\/fr\/#organization","name":"Leili Motor","url":"https:\/\/www.leili-motor.net\/fr\/","logo":{"@type":"ImageObject","inLanguage":"fr-FR","@id":"https:\/\/www.leili-motor.net\/fr\/#\/schema\/logo\/image\/","url":"https:\/\/www.leili-motor.net\/wp-content\/uploads\/2025\/03\/Leili-Motor.png","contentUrl":"https:\/\/www.leili-motor.net\/wp-content\/uploads\/2025\/03\/Leili-Motor.png","width":600,"height":156,"caption":"Leili Motor"},"image":{"@id":"https:\/\/www.leili-motor.net\/fr\/#\/schema\/logo\/image\/"}}]}},"_links":{"self":[{"href":"https:\/\/www.leili-motor.net\/fr\/wp-json\/wp\/v2\/product\/11308","targetHints":{"allow":["GET"]}}],"collection":[{"href":"https:\/\/www.leili-motor.net\/fr\/wp-json\/wp\/v2\/product"}],"about":[{"href":"https:\/\/www.leili-motor.net\/fr\/wp-json\/wp\/v2\/types\/product"}],"replies":[{"embeddable":true,"href":"https:\/\/www.leili-motor.net\/fr\/wp-json\/wp\/v2\/comments?post=11308"}],"wp:featuredmedia":[{"embeddable":true,"href":"https:\/\/www.leili-motor.net\/fr\/wp-json\/wp\/v2\/media\/11309"}],"wp:attachment":[{"href":"https:\/\/www.leili-motor.net\/fr\/wp-json\/wp\/v2\/media?parent=11308"}],"wp:term":[{"taxonomy":"product_brand","embeddable":true,"href":"https:\/\/www.leili-motor.net\/fr\/wp-json\/wp\/v2\/product_brand?post=11308"},{"taxonomy":"product_cat","embeddable":true,"href":"https:\/\/www.leili-motor.net\/fr\/wp-json\/wp\/v2\/product_cat?post=11308"},{"taxonomy":"product_tag","embeddable":true,"href":"https:\/\/www.leili-motor.net\/fr\/wp-json\/wp\/v2\/product_tag?post=11308"}],"curies":[{"name":"wp","href":"https:\/\/api.w.org\/{rel}","templated":true}]}}