{"id":11315,"date":"2025-03-07T14:53:04","date_gmt":"2025-03-07T06:53:04","guid":{"rendered":"https:\/\/www.leili-motor.net\/broyeur-a-glace-clx3-clx6\/"},"modified":"2025-03-07T14:53:04","modified_gmt":"2025-03-07T06:53:04","slug":"broyeur-a-glace-clx3-clx6","status":"publish","type":"product","link":"https:\/\/www.leili-motor.net\/fr\/broyeur-a-glace-clx3-clx6.html","title":{"rendered":"Broyeur \u00e0 glace CLX3\/CLX6"},"content":{"rendered":"<h2 style=\"text-align: left;\">Param\u00e8tres du produit<\/h2>\n<table>\n<tbody>\n<tr>\n<td>Mod\u00e8le<\/td>\n<td>Tension nominale<br \/>\n(V CA)<\/td>\n<td>Classe d&rsquo;isolation<\/td>\n<td>Vitesse\u00e0 vide<br \/>\n(tr\/min)<\/td>\n<td>Puissance\u00e0 vide<br \/>\n(W)<\/td>\n<td>Vitesse nominale 11,4 N\u00b7m<\/td>\n<td>Courantnominal(mA)<\/td>\n<td>DC500V<br \/>\n(M\u03a9)<\/td>\n<\/tr>\n<tr>\n<td>CLX3-1<\/td>\n<td>CA (220\u00b10,5)V<br \/>\n((rectifi\u00e9)<\/td>\n<td>H<\/td>\n<td>(29\u00b14,35)r\/min sens horaire (29\u00b14,35)r\/min sens antihoraire<\/td>\n<td>\u2264 20 W<\/td>\n<td>(14,2\u00b12,13)r\/min<\/td>\n<td>\u2264 0.4A<\/td>\n<td>\u2605\u2265100M\u03a9<\/td>\n<\/tr>\n<tr>\n<td>CLX6-1<\/td>\n<td>DC170V(AC120V\/60Hz)<br \/>\n((rectifi\u00e9)<\/td>\n<td>180<\/td>\n<td>(29\u00b14,35)r\/min sens horaire (29\u00b14,35)r\/min sens antihoraire<\/td>\n<td>\u2264 20 W<\/td>\n<td>(19,3\u00b12,90)r\/min<\/td>\n<td>\u2264 0.7A<\/td>\n<td>\u2605\u2265100M\u03a9<\/td>\n<\/tr>\n<\/tbody>\n<\/table>\n<h2>Dimensions m\u00e9caniques<\/h2>\n<p><img fetchpriority=\"high\" decoding=\"async\" class=\"size-full wp-image-1267 aligncenter\" src=\"https:\/\/www.leili-motor.net\/wp-content\/uploads\/2025\/03\/Mechanical-Dimensions-for-Ice-Crusher-CLX3CLX6.webp\" alt=\"Dimensions m\u00e9caniques du broyeur \u00e0 glace CLX3, CLX6\" width=\"986\" height=\"783\" srcset=\"https:\/\/www.leili-motor.net\/wp-content\/uploads\/2025\/03\/Mechanical-Dimensions-for-Ice-Crusher-CLX3CLX6.webp 986w, https:\/\/www.leili-motor.net\/wp-content\/uploads\/2025\/03\/Mechanical-Dimensions-for-Ice-Crusher-CLX3CLX6-300x238.webp 300w, https:\/\/www.leili-motor.net\/wp-content\/uploads\/2025\/03\/Mechanical-Dimensions-for-Ice-Crusher-CLX3CLX6-768x610.webp 768w, https:\/\/www.leili-motor.net\/wp-content\/uploads\/2025\/03\/Mechanical-Dimensions-for-Ice-Crusher-CLX3CLX6-600x476.webp 600w\" sizes=\"(max-width: 986px) 100vw, 986px\" \/><\/p>\n","protected":false},"excerpt":{"rendered":"<h3>Pr\u00e9sentation du produit<\/h3>\n<ul>\n<li>Convient au syst\u00e8me d&rsquo;eau glac\u00e9e du r\u00e9frig\u00e9rateur<\/li>\n<li>Performances efficaces : il fonctionne \u00e0 une puissance \u00e0 vide \u2264 20 W, maintenant une faible consommation d&rsquo;\u00e9nergie pour un broyage fiable.<\/li>\n<li>Conception robuste : elle garantit une stabilit\u00e9 et une durabilit\u00e9 \u00e0 long terme avec un niveau d&rsquo;isolation de H.<\/li>\n<li>Compact et polyvalent : il offre des vitesses r\u00e9glables et une entr\u00e9e redress\u00e9e pour un fonctionnement flexible dans divers environnements.<\/li>\n<\/ul>\n<h3>Application du produit<\/h3>\n<ul>\n<li>Appareils \u00e9lectrom\u00e9nagers : r\u00e9frig\u00e9rateur<\/li>\n<\/ul>\n","protected":false},"featured_media":11316,"comment_status":"open","ping_status":"closed","template":"","meta":{"site-sidebar-layout":"default","site-content-layout":"","ast-site-content-layout":"default","site-content-style":"default","site-sidebar-style":"default","ast-global-header-display":"","ast-banner-title-visibility":"","ast-main-header-display":"","ast-hfb-above-header-display":"","ast-hfb-below-header-display":"","ast-hfb-mobile-header-display":"","site-post-title":"","ast-breadcrumbs-content":"","ast-featured-img":"","footer-sml-layout":"","theme-transparent-header-meta":"default","adv-header-id-meta":"","stick-header-meta":"","header-above-stick-meta":"","header-main-stick-meta":"","header-below-stick-meta":"","astra-migrate-meta-layouts":"default","ast-page-background-enabled":"default","ast-page-background-meta":{"desktop":{"background-color":"var(--ast-global-color-5)","background-image":"","background-repeat":"repeat","background-position":"center center","background-size":"auto","background-attachment":"scroll","background-type":"","background-media":"","overlay-type":"","overlay-color":"","overlay-opacity":"","overlay-gradient":""},"tablet":{"background-color":"","background-image":"","background-repeat":"repeat","background-position":"center center","background-size":"auto","background-attachment":"scroll","background-type":"","background-media":"","overlay-type":"","overlay-color":"","overlay-opacity":"","overlay-gradient":""},"mobile":{"background-color":"","background-image":"","background-repeat":"repeat","background-position":"center center","background-size":"auto","background-attachment":"scroll","background-type":"","background-media":"","overlay-type":"","overlay-color":"","overlay-opacity":"","overlay-gradient":""}},"ast-content-background-meta":{"desktop":{"background-color":"var(--ast-global-color-4)","background-image":"","background-repeat":"repeat","background-position":"center center","background-size":"auto","background-attachment":"scroll","background-type":"","background-media":"","overlay-type":"","overlay-color":"","overlay-opacity":"","overlay-gradient":""},"tablet":{"background-color":"var(--ast-global-color-4)","background-image":"","background-repeat":"repeat","background-position":"center center","background-size":"auto","background-attachment":"scroll","background-type":"","background-media":"","overlay-type":"","overlay-color":"","overlay-opacity":"","overlay-gradient":""},"mobile":{"background-color":"var(--ast-global-color-4)","background-image":"","background-repeat":"repeat","background-position":"center center","background-size":"auto","background-attachment":"scroll","background-type":"","background-media":"","overlay-type":"","overlay-color":"","overlay-opacity":"","overlay-gradient":""}}},"product_brand":[],"product_cat":[1150,1195],"product_tag":[1196],"class_list":{"0":"post-11315","1":"product","2":"type-product","3":"status-publish","4":"has-post-thumbnail","6":"product_cat-composants","7":"product_cat-composants-dappareils-electromenagers","8":"product_tag-refrigerateur-systeme-de-lavage","9":"pa_application-appareil-electromenager","10":"desktop-align-left","11":"tablet-align-left","12":"mobile-align-left","14":"first","15":"instock","16":"shipping-taxable","17":"product-type-simple"},"yoast_head":"<!-- This site is optimized with the Yoast SEO plugin v27.2 - https:\/\/yoast.com\/product\/yoast-seo-wordpress\/ -->\n<title>Broyeur \u00e0 glace CLX3\/CLX6 &#8211; Leili Motor<\/title>\n<meta name=\"description\" content=\"Notre broyeur \u00e0 glace offre un fonctionnement efficace et \u00e0 faible consommation d&#039;\u00e9nergie, une construction durable et des performances flexibles pour les syst\u00e8mes d&#039;eau glac\u00e9e du r\u00e9frig\u00e9rateur.\" \/>\n<meta name=\"robots\" content=\"index, follow, max-snippet:-1, max-image-preview:large, max-video-preview:-1\" \/>\n<link rel=\"canonical\" href=\"https:\/\/www.leili-motor.net\/fr\/broyeur-a-glace-clx3-clx6.html\" \/>\n<script type=\"application\/ld+json\" class=\"yoast-schema-graph\">{\"@context\":\"https:\/\/schema.org\",\"@graph\":[{\"@type\":\"WebPage\",\"@id\":\"https:\/\/www.leili-motor.net\/fr\/broyeur-a-glace-clx3-clx6.html\",\"url\":\"https:\/\/www.leili-motor.net\/fr\/broyeur-a-glace-clx3-clx6.html\",\"name\":\"Broyeur \u00e0 glace CLX3\/CLX6 &#8211; Leili Motor\",\"isPartOf\":{\"@id\":\"https:\/\/www.leili-motor.net\/fr\/#website\"},\"primaryImageOfPage\":{\"@id\":\"https:\/\/www.leili-motor.net\/fr\/broyeur-a-glace-clx3-clx6.html#primaryimage\"},\"image\":{\"@id\":\"https:\/\/www.leili-motor.net\/fr\/broyeur-a-glace-clx3-clx6.html#primaryimage\"},\"thumbnailUrl\":\"https:\/\/www.leili-motor.net\/wp-content\/uploads\/2025\/03\/Ice-Crusher-CLX3CLX6.webp\",\"datePublished\":\"2025-03-07T06:53:04+00:00\",\"description\":\"Notre broyeur \u00e0 glace offre un fonctionnement efficace et \u00e0 faible consommation d'\u00e9nergie, une construction durable et des performances flexibles pour les syst\u00e8mes d'eau glac\u00e9e du r\u00e9frig\u00e9rateur.\",\"breadcrumb\":{\"@id\":\"https:\/\/www.leili-motor.net\/fr\/broyeur-a-glace-clx3-clx6.html#breadcrumb\"},\"inLanguage\":\"fr-FR\",\"potentialAction\":[{\"@type\":\"ReadAction\",\"target\":[\"https:\/\/www.leili-motor.net\/fr\/broyeur-a-glace-clx3-clx6.html\"]}]},{\"@type\":\"ImageObject\",\"inLanguage\":\"fr-FR\",\"@id\":\"https:\/\/www.leili-motor.net\/fr\/broyeur-a-glace-clx3-clx6.html#primaryimage\",\"url\":\"https:\/\/www.leili-motor.net\/wp-content\/uploads\/2025\/03\/Ice-Crusher-CLX3CLX6.webp\",\"contentUrl\":\"https:\/\/www.leili-motor.net\/wp-content\/uploads\/2025\/03\/Ice-Crusher-CLX3CLX6.webp\",\"width\":454,\"height\":310,\"caption\":\"Broyeur \u00e0 glace CLX3, CLX6\"},{\"@type\":\"BreadcrumbList\",\"@id\":\"https:\/\/www.leili-motor.net\/fr\/broyeur-a-glace-clx3-clx6.html#breadcrumb\",\"itemListElement\":[{\"@type\":\"ListItem\",\"position\":1,\"name\":\"Home\",\"item\":\"https:\/\/www.leili-motor.net\/fr\/\"},{\"@type\":\"ListItem\",\"position\":2,\"name\":\"Produits\",\"item\":\"https:\/\/www.leili-motor.net\/fr\/produits\/\"},{\"@type\":\"ListItem\",\"position\":3,\"name\":\"Broyeur \u00e0 glace CLX3\/CLX6\"}]},{\"@type\":\"WebSite\",\"@id\":\"https:\/\/www.leili-motor.net\/fr\/#website\",\"url\":\"https:\/\/www.leili-motor.net\/fr\/\",\"name\":\"Leili Motor\",\"description\":\"\",\"publisher\":{\"@id\":\"https:\/\/www.leili-motor.net\/fr\/#organization\"},\"potentialAction\":[{\"@type\":\"SearchAction\",\"target\":{\"@type\":\"EntryPoint\",\"urlTemplate\":\"https:\/\/www.leili-motor.net\/fr\/?s={search_term_string}\"},\"query-input\":{\"@type\":\"PropertyValueSpecification\",\"valueRequired\":true,\"valueName\":\"search_term_string\"}}],\"inLanguage\":\"fr-FR\"},{\"@type\":\"Organization\",\"@id\":\"https:\/\/www.leili-motor.net\/fr\/#organization\",\"name\":\"Leili Motor\",\"url\":\"https:\/\/www.leili-motor.net\/fr\/\",\"logo\":{\"@type\":\"ImageObject\",\"inLanguage\":\"fr-FR\",\"@id\":\"https:\/\/www.leili-motor.net\/fr\/#\/schema\/logo\/image\/\",\"url\":\"https:\/\/www.leili-motor.net\/wp-content\/uploads\/2025\/03\/Leili-Motor.png\",\"contentUrl\":\"https:\/\/www.leili-motor.net\/wp-content\/uploads\/2025\/03\/Leili-Motor.png\",\"width\":600,\"height\":156,\"caption\":\"Leili Motor\"},\"image\":{\"@id\":\"https:\/\/www.leili-motor.net\/fr\/#\/schema\/logo\/image\/\"}}]}<\/script>\n<!-- \/ Yoast SEO plugin. -->","yoast_head_json":{"title":"Broyeur \u00e0 glace CLX3\/CLX6 &#8211; Leili Motor","description":"Notre broyeur \u00e0 glace offre un fonctionnement efficace et \u00e0 faible consommation d'\u00e9nergie, une construction durable et des performances flexibles pour les syst\u00e8mes d'eau glac\u00e9e du r\u00e9frig\u00e9rateur.","robots":{"index":"index","follow":"follow","max-snippet":"max-snippet:-1","max-image-preview":"max-image-preview:large","max-video-preview":"max-video-preview:-1"},"canonical":"https:\/\/www.leili-motor.net\/fr\/broyeur-a-glace-clx3-clx6.html","schema":{"@context":"https:\/\/schema.org","@graph":[{"@type":"WebPage","@id":"https:\/\/www.leili-motor.net\/fr\/broyeur-a-glace-clx3-clx6.html","url":"https:\/\/www.leili-motor.net\/fr\/broyeur-a-glace-clx3-clx6.html","name":"Broyeur \u00e0 glace CLX3\/CLX6 &#8211; Leili Motor","isPartOf":{"@id":"https:\/\/www.leili-motor.net\/fr\/#website"},"primaryImageOfPage":{"@id":"https:\/\/www.leili-motor.net\/fr\/broyeur-a-glace-clx3-clx6.html#primaryimage"},"image":{"@id":"https:\/\/www.leili-motor.net\/fr\/broyeur-a-glace-clx3-clx6.html#primaryimage"},"thumbnailUrl":"https:\/\/www.leili-motor.net\/wp-content\/uploads\/2025\/03\/Ice-Crusher-CLX3CLX6.webp","datePublished":"2025-03-07T06:53:04+00:00","description":"Notre broyeur \u00e0 glace offre un fonctionnement efficace et \u00e0 faible consommation d'\u00e9nergie, une construction durable et des performances flexibles pour les syst\u00e8mes d'eau glac\u00e9e du r\u00e9frig\u00e9rateur.","breadcrumb":{"@id":"https:\/\/www.leili-motor.net\/fr\/broyeur-a-glace-clx3-clx6.html#breadcrumb"},"inLanguage":"fr-FR","potentialAction":[{"@type":"ReadAction","target":["https:\/\/www.leili-motor.net\/fr\/broyeur-a-glace-clx3-clx6.html"]}]},{"@type":"ImageObject","inLanguage":"fr-FR","@id":"https:\/\/www.leili-motor.net\/fr\/broyeur-a-glace-clx3-clx6.html#primaryimage","url":"https:\/\/www.leili-motor.net\/wp-content\/uploads\/2025\/03\/Ice-Crusher-CLX3CLX6.webp","contentUrl":"https:\/\/www.leili-motor.net\/wp-content\/uploads\/2025\/03\/Ice-Crusher-CLX3CLX6.webp","width":454,"height":310,"caption":"Broyeur \u00e0 glace CLX3, CLX6"},{"@type":"BreadcrumbList","@id":"https:\/\/www.leili-motor.net\/fr\/broyeur-a-glace-clx3-clx6.html#breadcrumb","itemListElement":[{"@type":"ListItem","position":1,"name":"Home","item":"https:\/\/www.leili-motor.net\/fr\/"},{"@type":"ListItem","position":2,"name":"Produits","item":"https:\/\/www.leili-motor.net\/fr\/produits\/"},{"@type":"ListItem","position":3,"name":"Broyeur \u00e0 glace CLX3\/CLX6"}]},{"@type":"WebSite","@id":"https:\/\/www.leili-motor.net\/fr\/#website","url":"https:\/\/www.leili-motor.net\/fr\/","name":"Leili Motor","description":"","publisher":{"@id":"https:\/\/www.leili-motor.net\/fr\/#organization"},"potentialAction":[{"@type":"SearchAction","target":{"@type":"EntryPoint","urlTemplate":"https:\/\/www.leili-motor.net\/fr\/?s={search_term_string}"},"query-input":{"@type":"PropertyValueSpecification","valueRequired":true,"valueName":"search_term_string"}}],"inLanguage":"fr-FR"},{"@type":"Organization","@id":"https:\/\/www.leili-motor.net\/fr\/#organization","name":"Leili Motor","url":"https:\/\/www.leili-motor.net\/fr\/","logo":{"@type":"ImageObject","inLanguage":"fr-FR","@id":"https:\/\/www.leili-motor.net\/fr\/#\/schema\/logo\/image\/","url":"https:\/\/www.leili-motor.net\/wp-content\/uploads\/2025\/03\/Leili-Motor.png","contentUrl":"https:\/\/www.leili-motor.net\/wp-content\/uploads\/2025\/03\/Leili-Motor.png","width":600,"height":156,"caption":"Leili Motor"},"image":{"@id":"https:\/\/www.leili-motor.net\/fr\/#\/schema\/logo\/image\/"}}]}},"_links":{"self":[{"href":"https:\/\/www.leili-motor.net\/fr\/wp-json\/wp\/v2\/product\/11315","targetHints":{"allow":["GET"]}}],"collection":[{"href":"https:\/\/www.leili-motor.net\/fr\/wp-json\/wp\/v2\/product"}],"about":[{"href":"https:\/\/www.leili-motor.net\/fr\/wp-json\/wp\/v2\/types\/product"}],"replies":[{"embeddable":true,"href":"https:\/\/www.leili-motor.net\/fr\/wp-json\/wp\/v2\/comments?post=11315"}],"wp:featuredmedia":[{"embeddable":true,"href":"https:\/\/www.leili-motor.net\/fr\/wp-json\/wp\/v2\/media\/11316"}],"wp:attachment":[{"href":"https:\/\/www.leili-motor.net\/fr\/wp-json\/wp\/v2\/media?parent=11315"}],"wp:term":[{"taxonomy":"product_brand","embeddable":true,"href":"https:\/\/www.leili-motor.net\/fr\/wp-json\/wp\/v2\/product_brand?post=11315"},{"taxonomy":"product_cat","embeddable":true,"href":"https:\/\/www.leili-motor.net\/fr\/wp-json\/wp\/v2\/product_cat?post=11315"},{"taxonomy":"product_tag","embeddable":true,"href":"https:\/\/www.leili-motor.net\/fr\/wp-json\/wp\/v2\/product_tag?post=11315"}],"curies":[{"name":"wp","href":"https:\/\/api.w.org\/{rel}","templated":true}]}}