{"id":11326,"date":"2025-06-03T10:06:11","date_gmt":"2025-06-03T02:06:11","guid":{"rendered":"https:\/\/www.leili-motor.net\/%cf%86400-ventilateur-centrifuge-a-commutation-electronique\/"},"modified":"2025-06-03T10:06:11","modified_gmt":"2025-06-03T02:06:11","slug":"%cf%86400-ventilateur-centrifuge-a-commutation-electronique","status":"publish","type":"product","link":"https:\/\/www.leili-motor.net\/fr\/%CF%86400-ventilateur-centrifuge-a-commutation-electronique.html","title":{"rendered":"\u03a6400 Ventilateur Centrifuge \u00e0 Commutation \u00e9lectronique"},"content":{"rendered":"<h2>Param\u00e8tres de performance<\/h2>\n<table>\n<tbody>\n<tr>\n<td>Type<\/td>\n<td>Tension<br \/>\nnominale<br \/>\n(VCA)<\/td>\n<td>Fr\u00e9quence<br \/>\n(Hz)<\/td>\n<td>Vitesse<br \/>\n(tr\/min)<\/td>\n<td>Puissance<br \/>\nd&rsquo;entr\u00e9e<br \/>\nmaximale (W)<\/td>\n<td>Niveau<br \/>\nde pression<br \/>\nacoustique<br \/>\ndu bruit (@1m) (dB(A))<\/td>\n<td>Temp\u00e9rature<br \/>\nambiante (\u2103)<\/td>\n<td>M\u00e9thode<br \/>\nde c\u00e2blage<\/td>\n<\/tr>\n<tr>\n<td>BF400A-WE102C-3A09-01<\/td>\n<td>230<\/td>\n<td>50\/60<\/td>\n<td>1530<\/td>\n<td>440<\/td>\n<td>75<\/td>\n<td>-25\uff5e+60<\/td>\n<td>W1<\/td>\n<\/tr>\n<\/tbody>\n<\/table>\n<h2>Dimensions m\u00e9caniques : mm<\/h2>\n<p style=\"font-style: normal;\"><img fetchpriority=\"high\" decoding=\"async\" class=\"size-full wp-image-10295 aligncenter\" src=\"https:\/\/www.leili-motor.net\/wp-content\/uploads\/2025\/06\/%CE%A6400-EC-Backward-curved-Centrifugal-Fan.png\" alt=\"Ventilateur centrifuge \u00e0 pales incurv\u00e9es vers l'arri\u00e8re EC \u03a6400\" width=\"724\" height=\"401\"><\/p>\n<h2>Courbe de performance du ventilateur<\/h2>\n<p><img decoding=\"async\" class=\"size-full wp-image-10298 aligncenter\" src=\"https:\/\/www.leili-motor.net\/wp-content\/uploads\/2025\/06\/%CE%A6400-EC-Backward-curved-Centrifugal-Fan-Curve.png\" alt=\"\u03a6400 Ventilateur centrifuge \u00e0 commutation \u00e9lectronique Curve\" width=\"857\" height=\"300\"><\/p>\n","protected":false},"excerpt":{"rendered":"<h3>Pr\u00e9sentation du produit<\/h3>\n<ul>\n<li data-start=\"2\" data-end=\"101\">Fonctionne \u00e0 1 530 tr\/min avec une entr\u00e9e de 440 W pour une efficacit\u00e9 de flux d&rsquo;air constante.<\/li>\n<li>Le niveau sonore de 75 dB(A) garantit un confort acoustique optimal \u00e0 1 m\u00e8tre de distance.<\/li>\n<li>Fonctionne de mani\u00e8re fiable de -25 \u00b0C \u00e0 +60 \u00b0C avec une alimentation 230 V CA et 50\/60 Hz.<\/li>\n<\/ul>\n","protected":false},"featured_media":11327,"comment_status":"closed","ping_status":"closed","template":"","meta":{"site-sidebar-layout":"default","site-content-layout":"","ast-site-content-layout":"default","site-content-style":"default","site-sidebar-style":"default","ast-global-header-display":"","ast-banner-title-visibility":"","ast-main-header-display":"","ast-hfb-above-header-display":"","ast-hfb-below-header-display":"","ast-hfb-mobile-header-display":"","site-post-title":"","ast-breadcrumbs-content":"","ast-featured-img":"","footer-sml-layout":"","theme-transparent-header-meta":"default","adv-header-id-meta":"","stick-header-meta":"","header-above-stick-meta":"","header-main-stick-meta":"","header-below-stick-meta":"","astra-migrate-meta-layouts":"default","ast-page-background-enabled":"default","ast-page-background-meta":{"desktop":{"background-color":"var(--ast-global-color-5)","background-image":"","background-repeat":"repeat","background-position":"center center","background-size":"auto","background-attachment":"scroll","background-type":"","background-media":"","overlay-type":"","overlay-color":"","overlay-opacity":"","overlay-gradient":""},"tablet":{"background-color":"","background-image":"","background-repeat":"repeat","background-position":"center center","background-size":"auto","background-attachment":"scroll","background-type":"","background-media":"","overlay-type":"","overlay-color":"","overlay-opacity":"","overlay-gradient":""},"mobile":{"background-color":"","background-image":"","background-repeat":"repeat","background-position":"center center","background-size":"auto","background-attachment":"scroll","background-type":"","background-media":"","overlay-type":"","overlay-color":"","overlay-opacity":"","overlay-gradient":""}},"ast-content-background-meta":{"desktop":{"background-color":"var(--ast-global-color-4)","background-image":"","background-repeat":"repeat","background-position":"center center","background-size":"auto","background-attachment":"scroll","background-type":"","background-media":"","overlay-type":"","overlay-color":"","overlay-opacity":"","overlay-gradient":""},"tablet":{"background-color":"var(--ast-global-color-4)","background-image":"","background-repeat":"repeat","background-position":"center center","background-size":"auto","background-attachment":"scroll","background-type":"","background-media":"","overlay-type":"","overlay-color":"","overlay-opacity":"","overlay-gradient":""},"mobile":{"background-color":"var(--ast-global-color-4)","background-image":"","background-repeat":"repeat","background-position":"center center","background-size":"auto","background-attachment":"scroll","background-type":"","background-media":"","overlay-type":"","overlay-color":"","overlay-opacity":"","overlay-gradient":""}}},"product_brand":[],"product_cat":[1271,1287],"product_tag":[],"class_list":{"0":"post-11326","1":"product","2":"type-product","3":"status-publish","4":"has-post-thumbnail","6":"product_cat-moteur-a-haut-rendement","7":"product_cat-ventilateur-centrifuge","8":"desktop-align-left","9":"tablet-align-left","10":"mobile-align-left","12":"first","13":"instock","14":"shipping-taxable","15":"product-type-simple"},"yoast_head":"<!-- This site is optimized with the Yoast SEO plugin v27.2 - https:\/\/yoast.com\/product\/yoast-seo-wordpress\/ -->\n<title>\u03a6400 \u03a6400 Ventilateur Centrifuge \u00e0 Commutation \u00e9lectronique &#8211; Leili Motor<\/title>\n<meta name=\"description\" content=\"Ventilateur centrifuge \u00e0 inertie invers\u00e9e EC Le ventilateur centrifuge \u00e0 commutation \u00e9lectronique \u03a6400 offre une vitesse de rotation de 1 780 tr\/min, une puissance de 500 W et un fonctionnement silencieux de 78 dB pour une ventilation efficace.\" \/>\n<meta name=\"robots\" content=\"index, follow, max-snippet:-1, max-image-preview:large, max-video-preview:-1\" \/>\n<link rel=\"canonical\" href=\"https:\/\/www.leili-motor.net\/fr\/%CF%86400-ventilateur-centrifuge-a-commutation-electronique.html\" \/>\n<script type=\"application\/ld+json\" class=\"yoast-schema-graph\">{\"@context\":\"https:\/\/schema.org\",\"@graph\":[{\"@type\":\"WebPage\",\"@id\":\"https:\/\/www.leili-motor.net\/fr\/%CF%86400-ventilateur-centrifuge-a-commutation-electronique.html\",\"url\":\"https:\/\/www.leili-motor.net\/fr\/%CF%86400-ventilateur-centrifuge-a-commutation-electronique.html\",\"name\":\"\u03a6400 \u03a6400 Ventilateur Centrifuge \u00e0 Commutation \u00e9lectronique &#8211; Leili Motor\",\"isPartOf\":{\"@id\":\"https:\/\/www.leili-motor.net\/fr\/#website\"},\"primaryImageOfPage\":{\"@id\":\"https:\/\/www.leili-motor.net\/fr\/%CF%86400-ventilateur-centrifuge-a-commutation-electronique.html#primaryimage\"},\"image\":{\"@id\":\"https:\/\/www.leili-motor.net\/fr\/%CF%86400-ventilateur-centrifuge-a-commutation-electronique.html#primaryimage\"},\"thumbnailUrl\":\"https:\/\/www.leili-motor.net\/wp-content\/uploads\/2025\/06\/\u03a6400-EC-Backward-curved-Centrifugal-Fan.jpg\",\"datePublished\":\"2025-06-03T02:06:11+00:00\",\"description\":\"Ventilateur centrifuge \u00e0 inertie invers\u00e9e EC Le ventilateur centrifuge \u00e0 commutation \u00e9lectronique \u03a6400 offre une vitesse de rotation de 1 780 tr\/min, une puissance de 500 W et un fonctionnement silencieux de 78 dB pour une ventilation efficace.\",\"breadcrumb\":{\"@id\":\"https:\/\/www.leili-motor.net\/fr\/%CF%86400-ventilateur-centrifuge-a-commutation-electronique.html#breadcrumb\"},\"inLanguage\":\"fr-FR\",\"potentialAction\":[{\"@type\":\"ReadAction\",\"target\":[\"https:\/\/www.leili-motor.net\/fr\/%CF%86400-ventilateur-centrifuge-a-commutation-electronique.html\"]}]},{\"@type\":\"ImageObject\",\"inLanguage\":\"fr-FR\",\"@id\":\"https:\/\/www.leili-motor.net\/fr\/%CF%86400-ventilateur-centrifuge-a-commutation-electronique.html#primaryimage\",\"url\":\"https:\/\/www.leili-motor.net\/wp-content\/uploads\/2025\/06\/\u03a6400-EC-Backward-curved-Centrifugal-Fan.jpg\",\"contentUrl\":\"https:\/\/www.leili-motor.net\/wp-content\/uploads\/2025\/06\/\u03a6400-EC-Backward-curved-Centrifugal-Fan.jpg\",\"width\":454,\"height\":310,\"caption\":\"Ventilateur centrifuge \u00e0 rotor \u00e0 inertie invers\u00e9e \u03a6400 EC\"},{\"@type\":\"BreadcrumbList\",\"@id\":\"https:\/\/www.leili-motor.net\/fr\/%CF%86400-ventilateur-centrifuge-a-commutation-electronique.html#breadcrumb\",\"itemListElement\":[{\"@type\":\"ListItem\",\"position\":1,\"name\":\"Home\",\"item\":\"https:\/\/www.leili-motor.net\/fr\/\"},{\"@type\":\"ListItem\",\"position\":2,\"name\":\"Produits\",\"item\":\"https:\/\/www.leili-motor.net\/fr\/produits\/\"},{\"@type\":\"ListItem\",\"position\":3,\"name\":\"\u03a6400 Ventilateur Centrifuge \u00e0 Commutation \u00e9lectronique\"}]},{\"@type\":\"WebSite\",\"@id\":\"https:\/\/www.leili-motor.net\/fr\/#website\",\"url\":\"https:\/\/www.leili-motor.net\/fr\/\",\"name\":\"Leili Motor\",\"description\":\"\",\"publisher\":{\"@id\":\"https:\/\/www.leili-motor.net\/fr\/#organization\"},\"potentialAction\":[{\"@type\":\"SearchAction\",\"target\":{\"@type\":\"EntryPoint\",\"urlTemplate\":\"https:\/\/www.leili-motor.net\/fr\/?s={search_term_string}\"},\"query-input\":{\"@type\":\"PropertyValueSpecification\",\"valueRequired\":true,\"valueName\":\"search_term_string\"}}],\"inLanguage\":\"fr-FR\"},{\"@type\":\"Organization\",\"@id\":\"https:\/\/www.leili-motor.net\/fr\/#organization\",\"name\":\"Leili Motor\",\"url\":\"https:\/\/www.leili-motor.net\/fr\/\",\"logo\":{\"@type\":\"ImageObject\",\"inLanguage\":\"fr-FR\",\"@id\":\"https:\/\/www.leili-motor.net\/fr\/#\/schema\/logo\/image\/\",\"url\":\"https:\/\/www.leili-motor.net\/wp-content\/uploads\/2025\/03\/Leili-Motor.png\",\"contentUrl\":\"https:\/\/www.leili-motor.net\/wp-content\/uploads\/2025\/03\/Leili-Motor.png\",\"width\":600,\"height\":156,\"caption\":\"Leili Motor\"},\"image\":{\"@id\":\"https:\/\/www.leili-motor.net\/fr\/#\/schema\/logo\/image\/\"}}]}<\/script>\n<!-- \/ Yoast SEO plugin. -->","yoast_head_json":{"title":"\u03a6400 \u03a6400 Ventilateur Centrifuge \u00e0 Commutation \u00e9lectronique &#8211; Leili Motor","description":"Ventilateur centrifuge \u00e0 inertie invers\u00e9e EC Le ventilateur centrifuge \u00e0 commutation \u00e9lectronique \u03a6400 offre une vitesse de rotation de 1 780 tr\/min, une puissance de 500 W et un fonctionnement silencieux de 78 dB pour une ventilation efficace.","robots":{"index":"index","follow":"follow","max-snippet":"max-snippet:-1","max-image-preview":"max-image-preview:large","max-video-preview":"max-video-preview:-1"},"canonical":"https:\/\/www.leili-motor.net\/fr\/%CF%86400-ventilateur-centrifuge-a-commutation-electronique.html","schema":{"@context":"https:\/\/schema.org","@graph":[{"@type":"WebPage","@id":"https:\/\/www.leili-motor.net\/fr\/%CF%86400-ventilateur-centrifuge-a-commutation-electronique.html","url":"https:\/\/www.leili-motor.net\/fr\/%CF%86400-ventilateur-centrifuge-a-commutation-electronique.html","name":"\u03a6400 \u03a6400 Ventilateur Centrifuge \u00e0 Commutation \u00e9lectronique &#8211; Leili Motor","isPartOf":{"@id":"https:\/\/www.leili-motor.net\/fr\/#website"},"primaryImageOfPage":{"@id":"https:\/\/www.leili-motor.net\/fr\/%CF%86400-ventilateur-centrifuge-a-commutation-electronique.html#primaryimage"},"image":{"@id":"https:\/\/www.leili-motor.net\/fr\/%CF%86400-ventilateur-centrifuge-a-commutation-electronique.html#primaryimage"},"thumbnailUrl":"https:\/\/www.leili-motor.net\/wp-content\/uploads\/2025\/06\/\u03a6400-EC-Backward-curved-Centrifugal-Fan.jpg","datePublished":"2025-06-03T02:06:11+00:00","description":"Ventilateur centrifuge \u00e0 inertie invers\u00e9e EC Le ventilateur centrifuge \u00e0 commutation \u00e9lectronique \u03a6400 offre une vitesse de rotation de 1 780 tr\/min, une puissance de 500 W et un fonctionnement silencieux de 78 dB pour une ventilation efficace.","breadcrumb":{"@id":"https:\/\/www.leili-motor.net\/fr\/%CF%86400-ventilateur-centrifuge-a-commutation-electronique.html#breadcrumb"},"inLanguage":"fr-FR","potentialAction":[{"@type":"ReadAction","target":["https:\/\/www.leili-motor.net\/fr\/%CF%86400-ventilateur-centrifuge-a-commutation-electronique.html"]}]},{"@type":"ImageObject","inLanguage":"fr-FR","@id":"https:\/\/www.leili-motor.net\/fr\/%CF%86400-ventilateur-centrifuge-a-commutation-electronique.html#primaryimage","url":"https:\/\/www.leili-motor.net\/wp-content\/uploads\/2025\/06\/\u03a6400-EC-Backward-curved-Centrifugal-Fan.jpg","contentUrl":"https:\/\/www.leili-motor.net\/wp-content\/uploads\/2025\/06\/\u03a6400-EC-Backward-curved-Centrifugal-Fan.jpg","width":454,"height":310,"caption":"Ventilateur centrifuge \u00e0 rotor \u00e0 inertie invers\u00e9e \u03a6400 EC"},{"@type":"BreadcrumbList","@id":"https:\/\/www.leili-motor.net\/fr\/%CF%86400-ventilateur-centrifuge-a-commutation-electronique.html#breadcrumb","itemListElement":[{"@type":"ListItem","position":1,"name":"Home","item":"https:\/\/www.leili-motor.net\/fr\/"},{"@type":"ListItem","position":2,"name":"Produits","item":"https:\/\/www.leili-motor.net\/fr\/produits\/"},{"@type":"ListItem","position":3,"name":"\u03a6400 Ventilateur Centrifuge \u00e0 Commutation \u00e9lectronique"}]},{"@type":"WebSite","@id":"https:\/\/www.leili-motor.net\/fr\/#website","url":"https:\/\/www.leili-motor.net\/fr\/","name":"Leili Motor","description":"","publisher":{"@id":"https:\/\/www.leili-motor.net\/fr\/#organization"},"potentialAction":[{"@type":"SearchAction","target":{"@type":"EntryPoint","urlTemplate":"https:\/\/www.leili-motor.net\/fr\/?s={search_term_string}"},"query-input":{"@type":"PropertyValueSpecification","valueRequired":true,"valueName":"search_term_string"}}],"inLanguage":"fr-FR"},{"@type":"Organization","@id":"https:\/\/www.leili-motor.net\/fr\/#organization","name":"Leili Motor","url":"https:\/\/www.leili-motor.net\/fr\/","logo":{"@type":"ImageObject","inLanguage":"fr-FR","@id":"https:\/\/www.leili-motor.net\/fr\/#\/schema\/logo\/image\/","url":"https:\/\/www.leili-motor.net\/wp-content\/uploads\/2025\/03\/Leili-Motor.png","contentUrl":"https:\/\/www.leili-motor.net\/wp-content\/uploads\/2025\/03\/Leili-Motor.png","width":600,"height":156,"caption":"Leili Motor"},"image":{"@id":"https:\/\/www.leili-motor.net\/fr\/#\/schema\/logo\/image\/"}}]}},"_links":{"self":[{"href":"https:\/\/www.leili-motor.net\/fr\/wp-json\/wp\/v2\/product\/11326","targetHints":{"allow":["GET"]}}],"collection":[{"href":"https:\/\/www.leili-motor.net\/fr\/wp-json\/wp\/v2\/product"}],"about":[{"href":"https:\/\/www.leili-motor.net\/fr\/wp-json\/wp\/v2\/types\/product"}],"replies":[{"embeddable":true,"href":"https:\/\/www.leili-motor.net\/fr\/wp-json\/wp\/v2\/comments?post=11326"}],"wp:featuredmedia":[{"embeddable":true,"href":"https:\/\/www.leili-motor.net\/fr\/wp-json\/wp\/v2\/media\/11327"}],"wp:attachment":[{"href":"https:\/\/www.leili-motor.net\/fr\/wp-json\/wp\/v2\/media?parent=11326"}],"wp:term":[{"taxonomy":"product_brand","embeddable":true,"href":"https:\/\/www.leili-motor.net\/fr\/wp-json\/wp\/v2\/product_brand?post=11326"},{"taxonomy":"product_cat","embeddable":true,"href":"https:\/\/www.leili-motor.net\/fr\/wp-json\/wp\/v2\/product_cat?post=11326"},{"taxonomy":"product_tag","embeddable":true,"href":"https:\/\/www.leili-motor.net\/fr\/wp-json\/wp\/v2\/product_tag?post=11326"}],"curies":[{"name":"wp","href":"https:\/\/api.w.org\/{rel}","templated":true}]}}