{"id":11373,"date":"2025-03-07T17:05:27","date_gmt":"2025-03-07T09:05:27","guid":{"rendered":"https:\/\/www.leili-motor.net\/moteur-pas-a-pas-a-aimant-permanent-35by412\/"},"modified":"2025-03-07T17:05:27","modified_gmt":"2025-03-07T09:05:27","slug":"moteur-pas-a-pas-a-aimant-permanent-35by412","status":"publish","type":"product","link":"https:\/\/www.leili-motor.net\/fr\/moteur-pas-a-pas-a-aimant-permanent-35by412.html","title":{"rendered":"Moteur pas \u00e0 pas \u00e0 aimant permanent 35BY412"},"content":{"rendered":"<h2>Param\u00e8tres du produit<\/h2>\n<table>\n<tbody>\n<tr>\n<td>Mod\u00e8le<\/td>\n<td>Angle<br \/>\n de pas<\/td>\n<td>M\u00e9thode<br \/>\nd&rsquo;entra\u00eenement<br \/>\n(mm)<\/td>\n<td>Circuit<br \/>\nd&rsquo;entra\u00eenement<\/td>\n<td>Tension<br \/>\nd&rsquo;entra\u00eenement<\/td>\n<td>R\u00e9sistance de bobine\/<br \/>\nPhase(V)<\/td>\n<td>R\u00e9sistance<br \/>\nd&rsquo;isolement<\/td>\n<td>Rigidit\u00e9<br \/>\ndi\u00e9lectrique<\/td>\n<td>Classe<br \/>\nd&rsquo;isolation<br \/>\n(Classe)<\/td>\n<td>\u00c9paisseur<br \/>\nstandard<br \/>\n(mm)<\/td>\n<\/tr>\n<tr>\n<td>35BY412-56<\/td>\n<td>7.5\u00b0<\/td>\n<td>2-2 PHASES<\/td>\n<td>UNIPOLAIRE<\/td>\n<td>24<\/td>\n<td>60<\/td>\n<td>100M[\u03a9] MIN<\/td>\n<td>500(V)<br \/>\nCA (1 min)<\/td>\n<td>E<\/td>\n<td>22.2\/15.5\/12.5<\/td>\n<\/tr>\n<\/tbody>\n<\/table>\n<h2>Dimensions m\u00e9caniques : mm<\/h2>\n<p><img fetchpriority=\"high\" decoding=\"async\" class=\"size-full wp-image-1318 aligncenter\" src=\"https:\/\/www.leili-motor.net\/wp-content\/uploads\/2025\/03\/Stepper-Motor-35BY412-Dimensions.webp\" alt=\"Dimensions du moteur pas \u00e0 pas 35BY412\" width=\"759\" height=\"654\" srcset=\"https:\/\/www.leili-motor.net\/wp-content\/uploads\/2025\/03\/Stepper-Motor-35BY412-Dimensions.webp 759w, https:\/\/www.leili-motor.net\/wp-content\/uploads\/2025\/03\/Stepper-Motor-35BY412-Dimensions-300x258.webp 300w, https:\/\/www.leili-motor.net\/wp-content\/uploads\/2025\/03\/Stepper-Motor-35BY412-Dimensions-600x517.webp 600w\" sizes=\"(max-width: 759px) 100vw, 759px\" \/><\/p>\n","protected":false},"excerpt":{"rendered":"<h3>Pr\u00e9sentation du produit<\/h3>\n<ul>\n<li data-start=\"0\" data-end=\"84\">Le moteur 35BY412-56 dispose d&rsquo;un angle de pas de 7,5\u00b0, de 24 V et d&rsquo;une r\u00e9sistance de bobine de 60 \u03a9.<\/li>\n<li data-start=\"85\" data-end=\"199\" data-is-last-node=\"\">Il offre une r\u00e9sistance d&rsquo;isolation de 100 M\u03a9, une rigidit\u00e9 di\u00e9lectrique de 500 V et une isolation de classe E avec une \u00e9paisseur de 22,2 mm.<\/li>\n<\/ul>\n<h3>Application du produit<\/h3>\n<ul>\n<li>Grille d&rsquo;admission active automobile AGS<\/li>\n<\/ul>\n","protected":false},"featured_media":11374,"comment_status":"open","ping_status":"closed","template":"","meta":{"site-sidebar-layout":"default","site-content-layout":"","ast-site-content-layout":"default","site-content-style":"default","site-sidebar-style":"default","ast-global-header-display":"","ast-banner-title-visibility":"","ast-main-header-display":"","ast-hfb-above-header-display":"","ast-hfb-below-header-display":"","ast-hfb-mobile-header-display":"","site-post-title":"","ast-breadcrumbs-content":"","ast-featured-img":"","footer-sml-layout":"","theme-transparent-header-meta":"default","adv-header-id-meta":"","stick-header-meta":"","header-above-stick-meta":"","header-main-stick-meta":"","header-below-stick-meta":"","astra-migrate-meta-layouts":"default","ast-page-background-enabled":"default","ast-page-background-meta":{"desktop":{"background-color":"var(--ast-global-color-5)","background-image":"","background-repeat":"repeat","background-position":"center center","background-size":"auto","background-attachment":"scroll","background-type":"","background-media":"","overlay-type":"","overlay-color":"","overlay-opacity":"","overlay-gradient":""},"tablet":{"background-color":"","background-image":"","background-repeat":"repeat","background-position":"center center","background-size":"auto","background-attachment":"scroll","background-type":"","background-media":"","overlay-type":"","overlay-color":"","overlay-opacity":"","overlay-gradient":""},"mobile":{"background-color":"","background-image":"","background-repeat":"repeat","background-position":"center center","background-size":"auto","background-attachment":"scroll","background-type":"","background-media":"","overlay-type":"","overlay-color":"","overlay-opacity":"","overlay-gradient":""}},"ast-content-background-meta":{"desktop":{"background-color":"var(--ast-global-color-4)","background-image":"","background-repeat":"repeat","background-position":"center center","background-size":"auto","background-attachment":"scroll","background-type":"","background-media":"","overlay-type":"","overlay-color":"","overlay-opacity":"","overlay-gradient":""},"tablet":{"background-color":"var(--ast-global-color-4)","background-image":"","background-repeat":"repeat","background-position":"center center","background-size":"auto","background-attachment":"scroll","background-type":"","background-media":"","overlay-type":"","overlay-color":"","overlay-opacity":"","overlay-gradient":""},"mobile":{"background-color":"var(--ast-global-color-4)","background-image":"","background-repeat":"repeat","background-position":"center center","background-size":"auto","background-attachment":"scroll","background-type":"","background-media":"","overlay-type":"","overlay-color":"","overlay-opacity":"","overlay-gradient":""}}},"product_brand":[],"product_cat":[1210,1278],"product_tag":[1153],"class_list":{"0":"post-11373","1":"product","2":"type-product","3":"status-publish","4":"has-post-thumbnail","6":"product_cat-moteur-pas-a-pas","7":"product_cat-moteur-a-courant-continu-a-aimant-permanent","8":"product_tag-admission-et-echappement-grille-dadmission-active","9":"pa_application-pieces-detachees-automobiles","10":"desktop-align-left","11":"tablet-align-left","12":"mobile-align-left","14":"first","15":"instock","16":"shipping-taxable","17":"product-type-simple"},"yoast_head":"<!-- This site is optimized with the Yoast SEO plugin v27.2 - https:\/\/yoast.com\/product\/yoast-seo-wordpress\/ -->\n<title>Moteur pas \u00e0 pas \u00e0 aimant permanent 35BY412 &#8211; Leili Motor<\/title>\n<meta name=\"description\" content=\"Le moteur pas \u00e0 pas \u00e0 aimant permanent 35BY412-56 pr\u00e9sente un angle de pas de 7,5\u00b0, une tension de 24 V, une r\u00e9sistance de bobine de 60 \u03a9, une r\u00e9sistance d&#039;isolation de 100 M\u03a9 et une isolation de classe E. \u00c9paisseur : 22,2 mm.\" \/>\n<meta name=\"robots\" content=\"index, follow, max-snippet:-1, max-image-preview:large, max-video-preview:-1\" \/>\n<link rel=\"canonical\" href=\"https:\/\/www.leili-motor.net\/fr\/moteur-pas-a-pas-a-aimant-permanent-35by412.html\" \/>\n<script type=\"application\/ld+json\" class=\"yoast-schema-graph\">{\"@context\":\"https:\/\/schema.org\",\"@graph\":[{\"@type\":\"WebPage\",\"@id\":\"https:\/\/www.leili-motor.net\/fr\/moteur-pas-a-pas-a-aimant-permanent-35by412.html\",\"url\":\"https:\/\/www.leili-motor.net\/fr\/moteur-pas-a-pas-a-aimant-permanent-35by412.html\",\"name\":\"Moteur pas \u00e0 pas \u00e0 aimant permanent 35BY412 &#8211; Leili Motor\",\"isPartOf\":{\"@id\":\"https:\/\/www.leili-motor.net\/fr\/#website\"},\"primaryImageOfPage\":{\"@id\":\"https:\/\/www.leili-motor.net\/fr\/moteur-pas-a-pas-a-aimant-permanent-35by412.html#primaryimage\"},\"image\":{\"@id\":\"https:\/\/www.leili-motor.net\/fr\/moteur-pas-a-pas-a-aimant-permanent-35by412.html#primaryimage\"},\"thumbnailUrl\":\"https:\/\/www.leili-motor.net\/wp-content\/uploads\/2025\/03\/PM-Stepper-Motor-35BY412-1.webp\",\"datePublished\":\"2025-03-07T09:05:27+00:00\",\"description\":\"Le moteur pas \u00e0 pas \u00e0 aimant permanent 35BY412-56 pr\u00e9sente un angle de pas de 7,5\u00b0, une tension de 24 V, une r\u00e9sistance de bobine de 60 \u03a9, une r\u00e9sistance d'isolation de 100 M\u03a9 et une isolation de classe E. \u00c9paisseur : 22,2 mm.\",\"breadcrumb\":{\"@id\":\"https:\/\/www.leili-motor.net\/fr\/moteur-pas-a-pas-a-aimant-permanent-35by412.html#breadcrumb\"},\"inLanguage\":\"fr-FR\",\"potentialAction\":[{\"@type\":\"ReadAction\",\"target\":[\"https:\/\/www.leili-motor.net\/fr\/moteur-pas-a-pas-a-aimant-permanent-35by412.html\"]}]},{\"@type\":\"ImageObject\",\"inLanguage\":\"fr-FR\",\"@id\":\"https:\/\/www.leili-motor.net\/fr\/moteur-pas-a-pas-a-aimant-permanent-35by412.html#primaryimage\",\"url\":\"https:\/\/www.leili-motor.net\/wp-content\/uploads\/2025\/03\/PM-Stepper-Motor-35BY412-1.webp\",\"contentUrl\":\"https:\/\/www.leili-motor.net\/wp-content\/uploads\/2025\/03\/PM-Stepper-Motor-35BY412-1.webp\",\"width\":454,\"height\":310,\"caption\":\"Moteur pas \u00e0 pas PM 35BY412\"},{\"@type\":\"BreadcrumbList\",\"@id\":\"https:\/\/www.leili-motor.net\/fr\/moteur-pas-a-pas-a-aimant-permanent-35by412.html#breadcrumb\",\"itemListElement\":[{\"@type\":\"ListItem\",\"position\":1,\"name\":\"Home\",\"item\":\"https:\/\/www.leili-motor.net\/fr\/\"},{\"@type\":\"ListItem\",\"position\":2,\"name\":\"Produits\",\"item\":\"https:\/\/www.leili-motor.net\/fr\/produits\/\"},{\"@type\":\"ListItem\",\"position\":3,\"name\":\"Moteur pas \u00e0 pas \u00e0 aimant permanent 35BY412\"}]},{\"@type\":\"WebSite\",\"@id\":\"https:\/\/www.leili-motor.net\/fr\/#website\",\"url\":\"https:\/\/www.leili-motor.net\/fr\/\",\"name\":\"Leili Motor\",\"description\":\"\",\"publisher\":{\"@id\":\"https:\/\/www.leili-motor.net\/fr\/#organization\"},\"potentialAction\":[{\"@type\":\"SearchAction\",\"target\":{\"@type\":\"EntryPoint\",\"urlTemplate\":\"https:\/\/www.leili-motor.net\/fr\/?s={search_term_string}\"},\"query-input\":{\"@type\":\"PropertyValueSpecification\",\"valueRequired\":true,\"valueName\":\"search_term_string\"}}],\"inLanguage\":\"fr-FR\"},{\"@type\":\"Organization\",\"@id\":\"https:\/\/www.leili-motor.net\/fr\/#organization\",\"name\":\"Leili Motor\",\"url\":\"https:\/\/www.leili-motor.net\/fr\/\",\"logo\":{\"@type\":\"ImageObject\",\"inLanguage\":\"fr-FR\",\"@id\":\"https:\/\/www.leili-motor.net\/fr\/#\/schema\/logo\/image\/\",\"url\":\"https:\/\/www.leili-motor.net\/wp-content\/uploads\/2025\/03\/Leili-Motor.png\",\"contentUrl\":\"https:\/\/www.leili-motor.net\/wp-content\/uploads\/2025\/03\/Leili-Motor.png\",\"width\":600,\"height\":156,\"caption\":\"Leili Motor\"},\"image\":{\"@id\":\"https:\/\/www.leili-motor.net\/fr\/#\/schema\/logo\/image\/\"}}]}<\/script>\n<!-- \/ Yoast SEO plugin. -->","yoast_head_json":{"title":"Moteur pas \u00e0 pas \u00e0 aimant permanent 35BY412 &#8211; Leili Motor","description":"Le moteur pas \u00e0 pas \u00e0 aimant permanent 35BY412-56 pr\u00e9sente un angle de pas de 7,5\u00b0, une tension de 24 V, une r\u00e9sistance de bobine de 60 \u03a9, une r\u00e9sistance d'isolation de 100 M\u03a9 et une isolation de classe E. \u00c9paisseur : 22,2 mm.","robots":{"index":"index","follow":"follow","max-snippet":"max-snippet:-1","max-image-preview":"max-image-preview:large","max-video-preview":"max-video-preview:-1"},"canonical":"https:\/\/www.leili-motor.net\/fr\/moteur-pas-a-pas-a-aimant-permanent-35by412.html","schema":{"@context":"https:\/\/schema.org","@graph":[{"@type":"WebPage","@id":"https:\/\/www.leili-motor.net\/fr\/moteur-pas-a-pas-a-aimant-permanent-35by412.html","url":"https:\/\/www.leili-motor.net\/fr\/moteur-pas-a-pas-a-aimant-permanent-35by412.html","name":"Moteur pas \u00e0 pas \u00e0 aimant permanent 35BY412 &#8211; Leili Motor","isPartOf":{"@id":"https:\/\/www.leili-motor.net\/fr\/#website"},"primaryImageOfPage":{"@id":"https:\/\/www.leili-motor.net\/fr\/moteur-pas-a-pas-a-aimant-permanent-35by412.html#primaryimage"},"image":{"@id":"https:\/\/www.leili-motor.net\/fr\/moteur-pas-a-pas-a-aimant-permanent-35by412.html#primaryimage"},"thumbnailUrl":"https:\/\/www.leili-motor.net\/wp-content\/uploads\/2025\/03\/PM-Stepper-Motor-35BY412-1.webp","datePublished":"2025-03-07T09:05:27+00:00","description":"Le moteur pas \u00e0 pas \u00e0 aimant permanent 35BY412-56 pr\u00e9sente un angle de pas de 7,5\u00b0, une tension de 24 V, une r\u00e9sistance de bobine de 60 \u03a9, une r\u00e9sistance d'isolation de 100 M\u03a9 et une isolation de classe E. \u00c9paisseur : 22,2 mm.","breadcrumb":{"@id":"https:\/\/www.leili-motor.net\/fr\/moteur-pas-a-pas-a-aimant-permanent-35by412.html#breadcrumb"},"inLanguage":"fr-FR","potentialAction":[{"@type":"ReadAction","target":["https:\/\/www.leili-motor.net\/fr\/moteur-pas-a-pas-a-aimant-permanent-35by412.html"]}]},{"@type":"ImageObject","inLanguage":"fr-FR","@id":"https:\/\/www.leili-motor.net\/fr\/moteur-pas-a-pas-a-aimant-permanent-35by412.html#primaryimage","url":"https:\/\/www.leili-motor.net\/wp-content\/uploads\/2025\/03\/PM-Stepper-Motor-35BY412-1.webp","contentUrl":"https:\/\/www.leili-motor.net\/wp-content\/uploads\/2025\/03\/PM-Stepper-Motor-35BY412-1.webp","width":454,"height":310,"caption":"Moteur pas \u00e0 pas PM 35BY412"},{"@type":"BreadcrumbList","@id":"https:\/\/www.leili-motor.net\/fr\/moteur-pas-a-pas-a-aimant-permanent-35by412.html#breadcrumb","itemListElement":[{"@type":"ListItem","position":1,"name":"Home","item":"https:\/\/www.leili-motor.net\/fr\/"},{"@type":"ListItem","position":2,"name":"Produits","item":"https:\/\/www.leili-motor.net\/fr\/produits\/"},{"@type":"ListItem","position":3,"name":"Moteur pas \u00e0 pas \u00e0 aimant permanent 35BY412"}]},{"@type":"WebSite","@id":"https:\/\/www.leili-motor.net\/fr\/#website","url":"https:\/\/www.leili-motor.net\/fr\/","name":"Leili Motor","description":"","publisher":{"@id":"https:\/\/www.leili-motor.net\/fr\/#organization"},"potentialAction":[{"@type":"SearchAction","target":{"@type":"EntryPoint","urlTemplate":"https:\/\/www.leili-motor.net\/fr\/?s={search_term_string}"},"query-input":{"@type":"PropertyValueSpecification","valueRequired":true,"valueName":"search_term_string"}}],"inLanguage":"fr-FR"},{"@type":"Organization","@id":"https:\/\/www.leili-motor.net\/fr\/#organization","name":"Leili Motor","url":"https:\/\/www.leili-motor.net\/fr\/","logo":{"@type":"ImageObject","inLanguage":"fr-FR","@id":"https:\/\/www.leili-motor.net\/fr\/#\/schema\/logo\/image\/","url":"https:\/\/www.leili-motor.net\/wp-content\/uploads\/2025\/03\/Leili-Motor.png","contentUrl":"https:\/\/www.leili-motor.net\/wp-content\/uploads\/2025\/03\/Leili-Motor.png","width":600,"height":156,"caption":"Leili Motor"},"image":{"@id":"https:\/\/www.leili-motor.net\/fr\/#\/schema\/logo\/image\/"}}]}},"_links":{"self":[{"href":"https:\/\/www.leili-motor.net\/fr\/wp-json\/wp\/v2\/product\/11373","targetHints":{"allow":["GET"]}}],"collection":[{"href":"https:\/\/www.leili-motor.net\/fr\/wp-json\/wp\/v2\/product"}],"about":[{"href":"https:\/\/www.leili-motor.net\/fr\/wp-json\/wp\/v2\/types\/product"}],"replies":[{"embeddable":true,"href":"https:\/\/www.leili-motor.net\/fr\/wp-json\/wp\/v2\/comments?post=11373"}],"wp:featuredmedia":[{"embeddable":true,"href":"https:\/\/www.leili-motor.net\/fr\/wp-json\/wp\/v2\/media\/11374"}],"wp:attachment":[{"href":"https:\/\/www.leili-motor.net\/fr\/wp-json\/wp\/v2\/media?parent=11373"}],"wp:term":[{"taxonomy":"product_brand","embeddable":true,"href":"https:\/\/www.leili-motor.net\/fr\/wp-json\/wp\/v2\/product_brand?post=11373"},{"taxonomy":"product_cat","embeddable":true,"href":"https:\/\/www.leili-motor.net\/fr\/wp-json\/wp\/v2\/product_cat?post=11373"},{"taxonomy":"product_tag","embeddable":true,"href":"https:\/\/www.leili-motor.net\/fr\/wp-json\/wp\/v2\/product_tag?post=11373"}],"curies":[{"name":"wp","href":"https:\/\/api.w.org\/{rel}","templated":true}]}}